{"id":9079,"date":"2021-02-14T20:02:06","date_gmt":"2021-02-14T13:02:06","guid":{"rendered":"https:\/\/www.ifi-id.com\/?page_id=9079"},"modified":"2021-02-14T20:02:06","modified_gmt":"2021-02-14T13:02:06","slug":"lycee-francais-de-jakarta","status":"publish","type":"page","link":"https:\/\/www.ifi-id.com\/fr\/lycee-francais-de-jakarta\/","title":{"rendered":"Lyc\u00e9e fran\u00e7ais de Jakarta"},"content":{"rendered":"\t\t<div data-elementor-type=\"wp-page\" data-elementor-id=\"9079\" class=\"elementor elementor-9079 elementor-9064\" data-elementor-post-type=\"page\">\n\t\t\t\t\t\t<section class=\"elementor-section elementor-top-section elementor-element elementor-element-1c8ce25b elementor-section-boxed elementor-section-height-default elementor-section-height-default\" data-id=\"1c8ce25b\" data-element_type=\"section\">\n\t\t\t\t\t\t<div class=\"elementor-container elementor-column-gap-default\">\n\t\t\t\t\t<div class=\"elementor-column elementor-col-100 elementor-top-column elementor-element elementor-element-35791b5a\" data-id=\"35791b5a\" data-element_type=\"column\">\n\t\t\t<div class=\"elementor-widget-wrap elementor-element-populated\">\n\t\t\t\t\t\t<div class=\"elementor-element elementor-element-7823b5eb elementor-widget elementor-widget-heading\" data-id=\"7823b5eb\" data-element_type=\"widget\" data-widget_type=\"heading.default\">\n\t\t\t\t<div class=\"elementor-widget-container\">\n\t\t\t<h2 class=\"elementor-heading-title elementor-size-default\">Lyc\u00e9e fran\u00e7ais de Jakarta<\/h2>\t\t<\/div>\n\t\t\t\t<\/div>\n\t\t\t\t\t<\/div>\n\t\t<\/div>\n\t\t\t\t\t<\/div>\n\t\t<\/section>\n\t\t\t\t<section class=\"elementor-section elementor-top-section elementor-element elementor-element-49ba35e elementor-section-boxed elementor-section-height-default elementor-section-height-default\" data-id=\"49ba35e\" data-element_type=\"section\">\n\t\t\t\t\t\t<div class=\"elementor-container elementor-column-gap-default\">\n\t\t\t\t\t<div class=\"elementor-column elementor-col-100 elementor-top-column elementor-element elementor-element-0fb3cde\" data-id=\"0fb3cde\" data-element_type=\"column\">\n\t\t\t<div class=\"elementor-widget-wrap elementor-element-populated\">\n\t\t\t\t\t\t<div class=\"elementor-element elementor-element-eb05502 elementor-arrows-position-inside elementor-pagination-position-outside elementor-widget elementor-widget-image-carousel\" data-id=\"eb05502\" data-element_type=\"widget\" data-settings=\"{&quot;slides_to_show&quot;:&quot;1&quot;,&quot;navigation&quot;:&quot;both&quot;,&quot;autoplay&quot;:&quot;yes&quot;,&quot;pause_on_hover&quot;:&quot;yes&quot;,&quot;pause_on_interaction&quot;:&quot;yes&quot;,&quot;autoplay_speed&quot;:5000,&quot;infinite&quot;:&quot;yes&quot;,&quot;effect&quot;:&quot;slide&quot;,&quot;speed&quot;:500}\" data-widget_type=\"image-carousel.default\">\n\t\t\t\t<div class=\"elementor-widget-container\">\n\t\t\t\t\t<div class=\"elementor-image-carousel-wrapper swiper\" dir=\"ltr\">\n\t\t\t<div class=\"elementor-image-carousel swiper-wrapper\" aria-live=\"off\">\n\t\t\t\t\t\t\t\t<div class=\"swiper-slide\" role=\"group\" aria-roledescription=\"slide\" aria-label=\"1 sur 3\"><figure class=\"swiper-slide-inner\"><img decoding=\"async\" class=\"swiper-slide-image\" src=\"https:\/\/www.ifi-id.com\/wp-content\/uploads\/2021\/02\/LFJ-Maternelle.jpg\" alt=\"LFJ-Maternelle\" \/><\/figure><\/div><div class=\"swiper-slide\" role=\"group\" aria-roledescription=\"slide\" aria-label=\"2 sur 3\"><figure class=\"swiper-slide-inner\"><img decoding=\"async\" class=\"swiper-slide-image\" src=\"https:\/\/www.ifi-id.com\/wp-content\/uploads\/2021\/02\/LFJ-Eleves.jpg\" alt=\"a\" \/><\/figure><\/div><div class=\"swiper-slide\" role=\"group\" aria-roledescription=\"slide\" aria-label=\"3 sur 3\"><figure class=\"swiper-slide-inner\"><img decoding=\"async\" class=\"swiper-slide-image\" src=\"https:\/\/www.ifi-id.com\/wp-content\/uploads\/2021\/02\/LFJ-Natation.jpg\" alt=\"LFJ-Natation\" \/><\/figure><\/div>\t\t\t<\/div>\n\t\t\t\t\t\t\t\t\t\t\t\t<div class=\"elementor-swiper-button elementor-swiper-button-prev\" role=\"button\" tabindex=\"0\">\n\t\t\t\t\t\t<i aria-hidden=\"true\" class=\"eicon-chevron-left\"><\/i>\t\t\t\t\t<\/div>\n\t\t\t\t\t<div class=\"elementor-swiper-button elementor-swiper-button-next\" role=\"button\" tabindex=\"0\">\n\t\t\t\t\t\t<i aria-hidden=\"true\" class=\"eicon-chevron-right\"><\/i>\t\t\t\t\t<\/div>\n\t\t\t\t\n\t\t\t\t\t\t\t\t\t<div class=\"swiper-pagination\"><\/div>\n\t\t\t\t\t\t\t\t\t<\/div>\n\t\t\t\t<\/div>\n\t\t\t\t<\/div>\n\t\t\t\t\t<\/div>\n\t\t<\/div>\n\t\t\t\t\t<\/div>\n\t\t<\/section>\n\t\t\t\t<section class=\"elementor-section elementor-top-section elementor-element elementor-element-0c24676 elementor-section-boxed elementor-section-height-default elementor-section-height-default\" data-id=\"0c24676\" data-element_type=\"section\">\n\t\t\t\t\t\t<div class=\"elementor-container elementor-column-gap-default\">\n\t\t\t\t\t<div class=\"elementor-column elementor-col-100 elementor-top-column elementor-element elementor-element-ddc2f14\" data-id=\"ddc2f14\" data-element_type=\"column\">\n\t\t\t<div class=\"elementor-widget-wrap elementor-element-populated\">\n\t\t\t\t\t\t<div class=\"elementor-element elementor-element-1976d86 elementor-widget elementor-widget-text-editor\" data-id=\"1976d86\" data-element_type=\"widget\" data-widget_type=\"text-editor.default\">\n\t\t\t\t<div class=\"elementor-widget-container\">\n\t\t\t\t\t\t\t<p>Le Lyc\u00e9e Fran\u00e7ais Louis-Charles Damais de Jakarta propose une \u00e9ducation multilingue et multiculturelle dans un environnement international. Nous accueillons des enfants de 3 \u00e0 18 ans de toutes nationalit\u00e9s dans un cadre moderne et chaleureux.<\/p>\n<h3>Un Lyc\u00e9e International<\/h3>\n<p>Le LFJ est une \u00e9cole internationale de haut niveau accessible aux enfants de toutes nationalit\u00e9s, y compris celles dont la langue maternelle n&rsquo;est pas le fran\u00e7ais. Nous accueillons des familles de tous horizons. Plus de 32 nationalit\u00e9s diff\u00e9rentes sont repr\u00e9sent\u00e9es parmi nos \u00e9l\u00e8ves.<\/p>\n<h3>Un r\u00e9seau d&rsquo;enseignement unique<\/h3>\n<p>Le Lyc\u00e9e Fran\u00e7ais de Jakarta fait partie du plus grand r\u00e9seau scolaire au monde compos\u00e9 de 522 \u00e9coles implant\u00e9es dans 139 pays. Ainsi les \u00e9l\u00e8ves peuvent fr\u00e9quenter les \u00e9coles du monde entier, de la maternelle au Baccalaur\u00e9at, sans interruption. Au sein de ce r\u00e9seau international, attractif et ouvert, le syst\u00e8me \u00e9ducatif fran\u00e7ais offre une formation enrichissante et transf\u00e9rable d\u2019une \u00e9cole du r\u00e9seau \u00e0 l\u2019autre aux \u00e9l\u00e8ves de la r\u00e9gion et du monde.<\/p>\n<h3>Acc\u00e8s aux meilleures universit\u00e9s du monde<\/h3>\n<p>Reconnu dans le monde entier, le Baccalaur\u00e9at Fran\u00e7ais est tr\u00e8s appr\u00e9ci\u00e9 des Universit\u00e9s anglophones car il est souvent consid\u00e9r\u00e9 comme difficile \u00e0 obtenir. Il est reconnu comme un programme complet et rigoureux garantissant une connaissance approfondie.<\/p>\n<h3>Une \u00e9ducation \u00e0 la fran\u00e7aise<\/h3>\n<p>Le syst\u00e8me \u00e9ducatif fran\u00e7ais se distingue parmi les meilleurs syst\u00e8mes d&rsquo;\u00e9ducation au monde. Avec une approche de l&rsquo;apprentissage structur\u00e9e et transf\u00e9rable, de plus en plus de familles internationales choisissent le syst\u00e8me national fran\u00e7ais pour une \u00e9ducation internationale.<\/p>\n<p>Activit\u00e9s extra scolaires<\/p>\n<p>Le lyc\u00e9e propose des programmes complets d\u2019activit\u00e9s extra-scolaires, arts, culture et sports \u00e0 l&rsquo;ensemble de ses \u00e9l\u00e8ves encadr\u00e9es par des intervenants sp\u00e9cialis\u00e9s dans leur discipline.<\/p>\n<h3>Frais d&rsquo;inscriptions<\/h3>\n<p>En plus de proposer des frais de scolarit\u00e9 parmi les moins chers \u00e0 Jakarta, nous proposons aux parents des facilit\u00e9s de paiement mensuels, semestriels ou annuels.<\/p>\n\t\t\t\t\t\t<\/div>\n\t\t\t\t<\/div>\n\t\t\t\t\t<\/div>\n\t\t<\/div>\n\t\t\t\t\t<\/div>\n\t\t<\/section>\n\t\t\t\t<\/div>\n\t\t","protected":false},"excerpt":{"rendered":"<p>Lyc\u00e9e fran\u00e7ais de Jakarta Previous Next Le Lyc\u00e9e Fran\u00e7ais Louis-Charles Damais de Jakarta propose une \u00e9ducation multilingue et multiculturelle dans un environnement international. Nous accueillons des enfants de 3 \u00e0 18 ans de toutes nationalit\u00e9s dans un cadre moderne et chaleureux. Un Lyc\u00e9e International Le LFJ est une \u00e9cole internationale de haut niveau accessible aux &hellip; <\/p>\n<p class=\"link-more\"><a href=\"https:\/\/www.ifi-id.com\/fr\/lycee-francais-de-jakarta\/\" class=\"more-link\">Continuer la lecture<span class=\"screen-reader-text\"> de &laquo;&nbsp;Lyc\u00e9e fran\u00e7ais de Jakarta&nbsp;&raquo;<\/span><\/a><\/p>\n","protected":false},"author":8,"featured_media":0,"parent":0,"menu_order":0,"comment_status":"closed","ping_status":"closed","template":"elementor_header_footer","meta":{"footnotes":""},"class_list":["post-9079","page","type-page","status-publish","hentry"],"yoast_head":"<!-- This site is optimized with the Yoast SEO plugin v23.5 - https:\/\/yoast.com\/wordpress\/plugins\/seo\/ -->\n<title>Lyc\u00e9e fran\u00e7ais de Jakarta - Institut fran\u00e7ais Indon\u00e9sie<\/title>\n<meta name=\"robots\" content=\"index, follow, max-snippet:-1, max-image-preview:large, max-video-preview:-1\" \/>\n<link rel=\"canonical\" href=\"https:\/\/www.ifi-id.com\/fr\/lycee-francais-de-jakarta\/\" \/>\n<meta property=\"og:locale\" content=\"fr_FR\" \/>\n<meta property=\"og:type\" content=\"article\" \/>\n<meta property=\"og:title\" content=\"Lyc\u00e9e fran\u00e7ais de Jakarta - Institut fran\u00e7ais Indon\u00e9sie\" \/>\n<meta property=\"og:description\" content=\"Lyc\u00e9e fran\u00e7ais de Jakarta Previous Next Le Lyc\u00e9e Fran\u00e7ais Louis-Charles Damais de Jakarta propose une \u00e9ducation multilingue et multiculturelle dans un environnement international. Nous accueillons des enfants de 3 \u00e0 18 ans de toutes nationalit\u00e9s dans un cadre moderne et chaleureux. Un Lyc\u00e9e International Le LFJ est une \u00e9cole internationale de haut niveau accessible aux &hellip; Continuer la lecture de &laquo;&nbsp;Lyc\u00e9e fran\u00e7ais de Jakarta&nbsp;&raquo;\" \/>\n<meta property=\"og:url\" content=\"https:\/\/www.ifi-id.com\/fr\/lycee-francais-de-jakarta\/\" \/>\n<meta property=\"og:site_name\" content=\"Institut fran\u00e7ais Indon\u00e9sie\" \/>\n<meta property=\"og:image\" content=\"https:\/\/www.ifi-id.com\/wp-content\/uploads\/2021\/02\/LFJ-Maternelle.jpg\" \/>\n<meta name=\"twitter:card\" content=\"summary_large_image\" \/>\n<meta name=\"twitter:label1\" content=\"Dur\u00e9e de lecture estim\u00e9e\" \/>\n\t<meta name=\"twitter:data1\" content=\"2 minutes\" \/>\n<script type=\"application\/ld+json\" class=\"yoast-schema-graph\">{\"@context\":\"https:\/\/schema.org\",\"@graph\":[{\"@type\":\"WebPage\",\"@id\":\"https:\/\/www.ifi-id.com\/fr\/lycee-francais-de-jakarta\/\",\"url\":\"https:\/\/www.ifi-id.com\/fr\/lycee-francais-de-jakarta\/\",\"name\":\"Lyc\u00e9e fran\u00e7ais de Jakarta - Institut fran\u00e7ais Indon\u00e9sie\",\"isPartOf\":{\"@id\":\"https:\/\/www.ifi-id.com\/#website\"},\"primaryImageOfPage\":{\"@id\":\"https:\/\/www.ifi-id.com\/fr\/lycee-francais-de-jakarta\/#primaryimage\"},\"image\":{\"@id\":\"https:\/\/www.ifi-id.com\/fr\/lycee-francais-de-jakarta\/#primaryimage\"},\"thumbnailUrl\":\"https:\/\/www.ifi-id.com\/wp-content\/uploads\/2021\/02\/LFJ-Maternelle.jpg\",\"datePublished\":\"2021-02-14T13:02:06+00:00\",\"dateModified\":\"2021-02-14T13:02:06+00:00\",\"breadcrumb\":{\"@id\":\"https:\/\/www.ifi-id.com\/fr\/lycee-francais-de-jakarta\/#breadcrumb\"},\"inLanguage\":\"fr-FR\",\"potentialAction\":[{\"@type\":\"ReadAction\",\"target\":[\"https:\/\/www.ifi-id.com\/fr\/lycee-francais-de-jakarta\/\"]}]},{\"@type\":\"ImageObject\",\"inLanguage\":\"fr-FR\",\"@id\":\"https:\/\/www.ifi-id.com\/fr\/lycee-francais-de-jakarta\/#primaryimage\",\"url\":\"https:\/\/www.ifi-id.com\/wp-content\/uploads\/2021\/02\/LFJ-Maternelle.jpg\",\"contentUrl\":\"https:\/\/www.ifi-id.com\/wp-content\/uploads\/2021\/02\/LFJ-Maternelle.jpg\"},{\"@type\":\"BreadcrumbList\",\"@id\":\"https:\/\/www.ifi-id.com\/fr\/lycee-francais-de-jakarta\/#breadcrumb\",\"itemListElement\":[{\"@type\":\"ListItem\",\"position\":1,\"name\":\"Home\",\"item\":\"https:\/\/www.ifi-id.com\/\"},{\"@type\":\"ListItem\",\"position\":2,\"name\":\"Lyc\u00e9e fran\u00e7ais de Jakarta\"}]},{\"@type\":\"WebSite\",\"@id\":\"https:\/\/www.ifi-id.com\/#website\",\"url\":\"https:\/\/www.ifi-id.com\/\",\"name\":\"Institut fran\u00e7ais Indon\u00e9sie\",\"description\":\"\",\"publisher\":{\"@id\":\"https:\/\/www.ifi-id.com\/#organization\"},\"potentialAction\":[{\"@type\":\"SearchAction\",\"target\":{\"@type\":\"EntryPoint\",\"urlTemplate\":\"https:\/\/www.ifi-id.com\/?s={search_term_string}\"},\"query-input\":{\"@type\":\"PropertyValueSpecification\",\"valueRequired\":true,\"valueName\":\"search_term_string\"}}],\"inLanguage\":\"fr-FR\"},{\"@type\":\"Organization\",\"@id\":\"https:\/\/www.ifi-id.com\/#organization\",\"name\":\"Institut fran\u00e7ais Indon\u00e9sie\",\"url\":\"https:\/\/www.ifi-id.com\/\",\"logo\":{\"@type\":\"ImageObject\",\"inLanguage\":\"fr-FR\",\"@id\":\"https:\/\/www.ifi-id.com\/#\/schema\/logo\/image\/\",\"url\":\"https:\/\/www.ifi-id.com\/wp-content\/uploads\/2022\/12\/IFI_New_Logo.jpg\",\"contentUrl\":\"https:\/\/www.ifi-id.com\/wp-content\/uploads\/2022\/12\/IFI_New_Logo.jpg\",\"width\":666,\"height\":444,\"caption\":\"Institut fran\u00e7ais Indon\u00e9sie\"},\"image\":{\"@id\":\"https:\/\/www.ifi-id.com\/#\/schema\/logo\/image\/\"}}]}<\/script>\n<!-- \/ Yoast SEO plugin. -->","yoast_head_json":{"title":"Lyc\u00e9e fran\u00e7ais de Jakarta - Institut fran\u00e7ais Indon\u00e9sie","robots":{"index":"index","follow":"follow","max-snippet":"max-snippet:-1","max-image-preview":"max-image-preview:large","max-video-preview":"max-video-preview:-1"},"canonical":"https:\/\/www.ifi-id.com\/fr\/lycee-francais-de-jakarta\/","og_locale":"fr_FR","og_type":"article","og_title":"Lyc\u00e9e fran\u00e7ais de Jakarta - Institut fran\u00e7ais Indon\u00e9sie","og_description":"Lyc\u00e9e fran\u00e7ais de Jakarta Previous Next Le Lyc\u00e9e Fran\u00e7ais Louis-Charles Damais de Jakarta propose une \u00e9ducation multilingue et multiculturelle dans un environnement international. Nous accueillons des enfants de 3 \u00e0 18 ans de toutes nationalit\u00e9s dans un cadre moderne et chaleureux. Un Lyc\u00e9e International Le LFJ est une \u00e9cole internationale de haut niveau accessible aux &hellip; Continuer la lecture de &laquo;&nbsp;Lyc\u00e9e fran\u00e7ais de Jakarta&nbsp;&raquo;","og_url":"https:\/\/www.ifi-id.com\/fr\/lycee-francais-de-jakarta\/","og_site_name":"Institut fran\u00e7ais Indon\u00e9sie","og_image":[{"url":"https:\/\/www.ifi-id.com\/wp-content\/uploads\/2021\/02\/LFJ-Maternelle.jpg"}],"twitter_card":"summary_large_image","twitter_misc":{"Dur\u00e9e de lecture estim\u00e9e":"2 minutes"},"schema":{"@context":"https:\/\/schema.org","@graph":[{"@type":"WebPage","@id":"https:\/\/www.ifi-id.com\/fr\/lycee-francais-de-jakarta\/","url":"https:\/\/www.ifi-id.com\/fr\/lycee-francais-de-jakarta\/","name":"Lyc\u00e9e fran\u00e7ais de Jakarta - Institut fran\u00e7ais Indon\u00e9sie","isPartOf":{"@id":"https:\/\/www.ifi-id.com\/#website"},"primaryImageOfPage":{"@id":"https:\/\/www.ifi-id.com\/fr\/lycee-francais-de-jakarta\/#primaryimage"},"image":{"@id":"https:\/\/www.ifi-id.com\/fr\/lycee-francais-de-jakarta\/#primaryimage"},"thumbnailUrl":"https:\/\/www.ifi-id.com\/wp-content\/uploads\/2021\/02\/LFJ-Maternelle.jpg","datePublished":"2021-02-14T13:02:06+00:00","dateModified":"2021-02-14T13:02:06+00:00","breadcrumb":{"@id":"https:\/\/www.ifi-id.com\/fr\/lycee-francais-de-jakarta\/#breadcrumb"},"inLanguage":"fr-FR","potentialAction":[{"@type":"ReadAction","target":["https:\/\/www.ifi-id.com\/fr\/lycee-francais-de-jakarta\/"]}]},{"@type":"ImageObject","inLanguage":"fr-FR","@id":"https:\/\/www.ifi-id.com\/fr\/lycee-francais-de-jakarta\/#primaryimage","url":"https:\/\/www.ifi-id.com\/wp-content\/uploads\/2021\/02\/LFJ-Maternelle.jpg","contentUrl":"https:\/\/www.ifi-id.com\/wp-content\/uploads\/2021\/02\/LFJ-Maternelle.jpg"},{"@type":"BreadcrumbList","@id":"https:\/\/www.ifi-id.com\/fr\/lycee-francais-de-jakarta\/#breadcrumb","itemListElement":[{"@type":"ListItem","position":1,"name":"Home","item":"https:\/\/www.ifi-id.com\/"},{"@type":"ListItem","position":2,"name":"Lyc\u00e9e fran\u00e7ais de Jakarta"}]},{"@type":"WebSite","@id":"https:\/\/www.ifi-id.com\/#website","url":"https:\/\/www.ifi-id.com\/","name":"Institut fran\u00e7ais Indon\u00e9sie","description":"","publisher":{"@id":"https:\/\/www.ifi-id.com\/#organization"},"potentialAction":[{"@type":"SearchAction","target":{"@type":"EntryPoint","urlTemplate":"https:\/\/www.ifi-id.com\/?s={search_term_string}"},"query-input":{"@type":"PropertyValueSpecification","valueRequired":true,"valueName":"search_term_string"}}],"inLanguage":"fr-FR"},{"@type":"Organization","@id":"https:\/\/www.ifi-id.com\/#organization","name":"Institut fran\u00e7ais Indon\u00e9sie","url":"https:\/\/www.ifi-id.com\/","logo":{"@type":"ImageObject","inLanguage":"fr-FR","@id":"https:\/\/www.ifi-id.com\/#\/schema\/logo\/image\/","url":"https:\/\/www.ifi-id.com\/wp-content\/uploads\/2022\/12\/IFI_New_Logo.jpg","contentUrl":"https:\/\/www.ifi-id.com\/wp-content\/uploads\/2022\/12\/IFI_New_Logo.jpg","width":666,"height":444,"caption":"Institut fran\u00e7ais Indon\u00e9sie"},"image":{"@id":"https:\/\/www.ifi-id.com\/#\/schema\/logo\/image\/"}}]}},"post_mailing_queue_ids":[],"_links":{"self":[{"href":"https:\/\/www.ifi-id.com\/fr\/wp-json\/wp\/v2\/pages\/9079"}],"collection":[{"href":"https:\/\/www.ifi-id.com\/fr\/wp-json\/wp\/v2\/pages"}],"about":[{"href":"https:\/\/www.ifi-id.com\/fr\/wp-json\/wp\/v2\/types\/page"}],"author":[{"embeddable":true,"href":"https:\/\/www.ifi-id.com\/fr\/wp-json\/wp\/v2\/users\/8"}],"replies":[{"embeddable":true,"href":"https:\/\/www.ifi-id.com\/fr\/wp-json\/wp\/v2\/comments?post=9079"}],"version-history":[{"count":1,"href":"https:\/\/www.ifi-id.com\/fr\/wp-json\/wp\/v2\/pages\/9079\/revisions"}],"predecessor-version":[{"id":9080,"href":"https:\/\/www.ifi-id.com\/fr\/wp-json\/wp\/v2\/pages\/9079\/revisions\/9080"}],"wp:attachment":[{"href":"https:\/\/www.ifi-id.com\/fr\/wp-json\/wp\/v2\/media?parent=9079"}],"curies":[{"name":"wp","href":"https:\/\/api.w.org\/{rel}","templated":true}]}}