{"id":8886,"date":"2021-02-10T15:31:42","date_gmt":"2021-02-10T08:31:42","guid":{"rendered":"https:\/\/www.ifi-id.com\/?page_id=8886"},"modified":"2021-02-11T11:23:16","modified_gmt":"2021-02-11T04:23:16","slug":"rubicon","status":"publish","type":"page","link":"https:\/\/www.ifi-id.com\/fr\/rubicon\/","title":{"rendered":"RUBICON"},"content":{"rendered":"\t\t<div data-elementor-type=\"wp-page\" data-elementor-id=\"8886\" class=\"elementor elementor-8886 elementor-8872\" data-elementor-post-type=\"page\">\n\t\t\t\t\t\t<section class=\"elementor-section elementor-top-section elementor-element elementor-element-47c0b184 elementor-section-boxed elementor-section-height-default elementor-section-height-default\" data-id=\"47c0b184\" data-element_type=\"section\">\n\t\t\t\t\t\t<div class=\"elementor-container elementor-column-gap-default\">\n\t\t\t\t\t<div class=\"elementor-column elementor-col-100 elementor-top-column elementor-element elementor-element-7c21e241\" data-id=\"7c21e241\" data-element_type=\"column\">\n\t\t\t<div class=\"elementor-widget-wrap elementor-element-populated\">\n\t\t\t\t\t\t<div class=\"elementor-element elementor-element-62913e7d elementor-widget elementor-widget-heading\" data-id=\"62913e7d\" data-element_type=\"widget\" data-widget_type=\"heading.default\">\n\t\t\t\t<div class=\"elementor-widget-container\">\n\t\t\t<h2 class=\"elementor-heading-title elementor-size-default\">RUBICON<\/h2>\t\t<\/div>\n\t\t\t\t<\/div>\n\t\t\t\t\t<\/div>\n\t\t<\/div>\n\t\t\t\t\t<\/div>\n\t\t<\/section>\n\t\t\t\t<section class=\"elementor-section elementor-top-section elementor-element elementor-element-1e565d3 elementor-section-boxed elementor-section-height-default elementor-section-height-default\" data-id=\"1e565d3\" data-element_type=\"section\">\n\t\t\t\t\t\t<div class=\"elementor-container elementor-column-gap-default\">\n\t\t\t\t\t<div class=\"elementor-column elementor-col-100 elementor-top-column elementor-element elementor-element-9e205a0\" data-id=\"9e205a0\" data-element_type=\"column\">\n\t\t\t<div class=\"elementor-widget-wrap elementor-element-populated\">\n\t\t\t\t\t\t<div class=\"elementor-element elementor-element-7fbe19c elementor-widget elementor-widget-image\" data-id=\"7fbe19c\" data-element_type=\"widget\" data-widget_type=\"image.default\">\n\t\t\t\t<div class=\"elementor-widget-container\">\n\t\t\t\t\t\t\t\t\t\t\t\t\t<img fetchpriority=\"high\" decoding=\"async\" width=\"1920\" height=\"1080\" src=\"https:\/\/www.ifi-id.com\/wp-content\/uploads\/2021\/02\/Untitled-1.jpg\" class=\"attachment-full size-full wp-image-8962\" alt=\"\" srcset=\"https:\/\/www.ifi-id.com\/wp-content\/uploads\/2021\/02\/Untitled-1.jpg 1920w, https:\/\/www.ifi-id.com\/wp-content\/uploads\/2021\/02\/Untitled-1-300x169.jpg 300w, https:\/\/www.ifi-id.com\/wp-content\/uploads\/2021\/02\/Untitled-1-1024x576.jpg 1024w, https:\/\/www.ifi-id.com\/wp-content\/uploads\/2021\/02\/Untitled-1-768x432.jpg 768w, https:\/\/www.ifi-id.com\/wp-content\/uploads\/2021\/02\/Untitled-1-1536x864.jpg 1536w\" sizes=\"100vw\" \/>\t\t\t\t\t\t\t\t\t\t\t\t\t<\/div>\n\t\t\t\t<\/div>\n\t\t\t\t\t<\/div>\n\t\t<\/div>\n\t\t\t\t\t<\/div>\n\t\t<\/section>\n\t\t\t\t<section class=\"elementor-section elementor-top-section elementor-element elementor-element-773daa4 elementor-section-boxed elementor-section-height-default elementor-section-height-default\" data-id=\"773daa4\" data-element_type=\"section\">\n\t\t\t\t\t\t<div class=\"elementor-container elementor-column-gap-default\">\n\t\t\t\t\t<div class=\"elementor-column elementor-col-100 elementor-top-column elementor-element elementor-element-c53d598\" data-id=\"c53d598\" data-element_type=\"column\">\n\t\t\t<div class=\"elementor-widget-wrap elementor-element-populated\">\n\t\t\t\t\t\t<div class=\"elementor-element elementor-element-f5abba8 elementor-widget elementor-widget-text-editor\" data-id=\"f5abba8\" data-element_type=\"widget\" data-widget_type=\"text-editor.default\">\n\t\t\t\t<div class=\"elementor-widget-container\">\n\t\t\t\t\t\t\t<h1>Une plateforme pour les artistes, les acteurs culturels et les activistes de bandung<\/h1>\n<p>Rubicon propose une plateforme pour trouver des formes interdisciplinaires de solidarit\u00e9 durable et de pratiques collaboratives.<\/p>\n<p><em>\u00ab\u00a0Crossing the Rubicon\u00a0\u00bb<\/em> d\u00e9crit un moment o\u00f9 quelqu&rsquo;un traverse un point de d\u00e9sespoir, de non retour. Yori Papilaya, membre de Rakarsa, a d\u00e9crit la situation actuelle en plein milieu de la pand\u00e9mie comme un moment RUBICON: \u00abNous avons atteint le point de non-retour, o\u00f9 nous devons nous rassembler pour fa\u00e7onner notre\u00ab nouvelle \u00bbr\u00e9alit\u00e9 afin de survivre. \u00ab Comment pouvons-nous travailler ensemble pour cr\u00e9er un nouveau mod\u00e8le de collaboration ? Quelles solutions aux probl\u00e8mes actuels de notre paysage urbain pouvons-nous trouver collectivement &#8211; dans l&rsquo;art, le travail cr\u00e9atif et l&rsquo;activisme ? Comment pratiquer la solidarit\u00e9 \u00e0 long terme dans notre ville ? Ces questions sont au c\u0153ur de RUBICON et se d\u00e9clinent en trois sous-th\u00e8mes :<\/p>\n<p><strong>Red\u00e9finir &#8211; Identit\u00e9 collective et diversit\u00e9 culturelle<br \/>\n<\/strong><strong>R\u00e9former &#8211; Environnement et durabilit\u00e9<br \/>\n<\/strong><strong>Reconnecter &#8211; Justice et autonomisation sociale<\/strong><\/p>\n<p>Le projet de partenariat entre la Fondation Rakarsa, le Goethe-Institut Bandung et l&rsquo;Institut Fran\u00e7ais d&rsquo;Indon\u00e9sie Bandung et soutenu par le Fonds Culturel Franco-Allemand, offre une plateforme pour les artistes, les praticiens de la culture, les cr\u00e9ateurs, les \u00e9tudiants, les militants et les acteurs de la soci\u00e9t\u00e9 civile. Il encourage les initiatives soci\u00e9tales pour explorer les formes &#8211; nouvelles formes de solidarit\u00e9 permanente entre les disciplines et trouver de nouvelles pratiques collaboratives.<\/p>\n<p>Le projet inclut des <strong>Ngopi<\/strong>, une s\u00e9rie de conf\u00e9rences de f\u00e9vrier \u00e0 juin, <strong>un hackathon<\/strong> et des ateliers encadr\u00e9s par des praticiens de la culture d\u2019Indon\u00e9sie, d&rsquo;Allemagne et de France \u00e0 l&rsquo;automne 2021, une phase de prototypage des projets laur\u00e9ats du hackathon et <strong>une exposition<\/strong> finale en d\u00e9cembre 2021. L\u2019exposition documentera le processus, mettra en r\u00e9seau et pr\u00e9sentera des solutions post-COVID interdisciplinaires aux d\u00e9fis urbains \u00e0 Bandung.<\/p>\n<h2>LES PARTENAIRES<\/h2>\n<p>Le Goethe-Institut est un institut culturel de la R\u00e9publique f\u00e9d\u00e9rale d&rsquo;Allemagne avec des activit\u00e9s dans de nombreux pays. Il aide \u00e0 d\u00e9velopper la connaissance de la langue allemande en dehors de l&rsquo;Allemagne et maintenir la coop\u00e9ration internationale dans le domaine culturel.<\/p>\n<p>Depuis 45 ans, <a href=\"https:\/\/www.ifi-id.com\/fr\/home-ifi-bandung-fr\/\">l\u2019IFI Bandung<\/a> fait partie d\u2019un r\u00e9seau indon\u00e9sien constitu\u00e9 de 4 antennes de l\u2019IFI et 2 alliances fran\u00e7aises. Les missions de l\u2019IFI Bandung sont la promotion de la langue fran\u00e7aise, des \u00e9tudes en France et de la culture fran\u00e7aise.<\/p>\n<p><a href=\"https:\/\/www.instagram.com\/ra.kar.sa\/\">La Fondation Rakarsa<\/a> a \u00e9t\u00e9 fond\u00e9e en 2018 en tant que base collective pour promouvoir les arts visuels aupr\u00e8s de la communaut\u00e9. La Fondation Rakarsa met en relation des artistes et des cr\u00e9ateurs avec des institutions et des entreprises telles que LPPM ITB, Bekraf, Danone et Gojek; fournit des services de conseil artistique, gestion artistique, coaching et formation. En 2020, la Fondation Rakarsa a \u00e9volu\u00e9 pour mettre en \u00e9vidence les aspects interdisciplinaires des arts collectifs et des pratiques culturelles \u00e0 Bandung.<\/p>\n\t\t\t\t\t\t<\/div>\n\t\t\t\t<\/div>\n\t\t\t\t\t<\/div>\n\t\t<\/div>\n\t\t\t\t\t<\/div>\n\t\t<\/section>\n\t\t\t\t<section class=\"elementor-section elementor-top-section elementor-element elementor-element-82fb1d2 elementor-section-boxed elementor-section-height-default elementor-section-height-default\" data-id=\"82fb1d2\" data-element_type=\"section\">\n\t\t\t\t\t\t<div class=\"elementor-container elementor-column-gap-default\">\n\t\t\t\t\t<div class=\"elementor-column elementor-col-100 elementor-top-column elementor-element elementor-element-09676f7\" data-id=\"09676f7\" data-element_type=\"column\">\n\t\t\t<div class=\"elementor-widget-wrap elementor-element-populated\">\n\t\t\t\t\t\t<div class=\"elementor-element elementor-element-f580137 elementor-widget elementor-widget-heading\" data-id=\"f580137\" data-element_type=\"widget\" data-widget_type=\"heading.default\">\n\t\t\t\t<div class=\"elementor-widget-container\">\n\t\t\t<h1 class=\"elementor-heading-title elementor-size-default\">\u00c9v\u00e9nements<\/h1>\t\t<\/div>\n\t\t\t\t<\/div>\n\t\t\t\t\t<\/div>\n\t\t<\/div>\n\t\t\t\t\t<\/div>\n\t\t<\/section>\n\t\t\t\t<section class=\"elementor-section elementor-top-section elementor-element elementor-element-8953c5d elementor-section-boxed elementor-section-height-default elementor-section-height-default\" data-id=\"8953c5d\" data-element_type=\"section\">\n\t\t\t\t\t\t<div class=\"elementor-container elementor-column-gap-default\">\n\t\t\t\t\t<div class=\"elementor-column elementor-col-100 elementor-top-column elementor-element elementor-element-2cbf2aa\" data-id=\"2cbf2aa\" data-element_type=\"column\">\n\t\t\t<div class=\"elementor-widget-wrap elementor-element-populated\">\n\t\t\t\t\t\t<div class=\"elementor-element elementor-element-1b0648c elementor-skin-carousel elementor-widget elementor-widget-media-carousel\" data-id=\"1b0648c\" data-element_type=\"widget\" data-settings=\"{&quot;slides_per_view&quot;:&quot;2&quot;,&quot;slides_per_view_tablet&quot;:&quot;2&quot;,&quot;slides_per_view_mobile&quot;:&quot;1&quot;,&quot;slides_to_scroll_mobile&quot;:&quot;1&quot;,&quot;skin&quot;:&quot;carousel&quot;,&quot;effect&quot;:&quot;slide&quot;,&quot;speed&quot;:500,&quot;autoplay&quot;:&quot;yes&quot;,&quot;autoplay_speed&quot;:5000,&quot;loop&quot;:&quot;yes&quot;,&quot;pause_on_hover&quot;:&quot;yes&quot;,&quot;pause_on_interaction&quot;:&quot;yes&quot;,&quot;space_between&quot;:{&quot;unit&quot;:&quot;px&quot;,&quot;size&quot;:10,&quot;sizes&quot;:[]},&quot;space_between_tablet&quot;:{&quot;unit&quot;:&quot;px&quot;,&quot;size&quot;:10,&quot;sizes&quot;:[]},&quot;space_between_mobile&quot;:{&quot;unit&quot;:&quot;px&quot;,&quot;size&quot;:10,&quot;sizes&quot;:[]}}\" data-widget_type=\"media-carousel.default\">\n\t\t\t\t<div class=\"elementor-widget-container\">\n\t\t\t\t\t<div class=\"elementor-swiper\">\n\t\t\t<div class=\"elementor-main-swiper swiper\">\n\t\t\t\t<div class=\"swiper-wrapper\">\n\t\t\t\t\t\t\t\t\t\t\t<div class=\"swiper-slide\">\n\t\t\t\t\t\t\t<a href=\"https:\/\/www.ifi-id.com\/fr\/events\/ngopi-1-collectivite-strategie-ou-objectif\/\">\t\t<div class=\"elementor-carousel-image\" role=\"img\" aria-label=\"Ngopi.1: &quot;Collectivit\u00e9 - Strat\u00e9gie ou objectif?&quot;\" style=\"background-image: url(&#039;https:\/\/www.ifi-id.com\/wp-content\/uploads\/2021\/02\/Untitled-3-01-scaled.jpg&#039;)\">\n\n\t\t\t\n\t\t\t\t\t<\/div>\n\t\t<\/a>\t\t\t\t\t\t<\/div>\n\t\t\t\t\t\t\t\t\t\t\t<div class=\"swiper-slide\">\n\t\t\t\t\t\t\t<a href=\"https:\/\/www.ifi-id.com\/fr\/events\/ngopi-2-gerer-les-attentes-du-collectif\/\">\t\t<div class=\"elementor-carousel-image\" role=\"img\" aria-label=\"Ngopi.2\" style=\"background-image: url(&#039;https:\/\/www.ifi-id.com\/wp-content\/uploads\/2021\/02\/Ngopi-2-Web-Banner-1280.jpg&#039;)\">\n\n\t\t\t\n\t\t\t\t\t<\/div>\n\t\t<\/a>\t\t\t\t\t\t<\/div>\n\t\t\t\t\t\t\t\t\t<\/div>\n\t\t\t\t\t\t\t\t\t\t\t\t\t\t\t\t\t\t\t\t\t<\/div>\n\t\t<\/div>\n\t\t\t\t<\/div>\n\t\t\t\t<\/div>\n\t\t\t\t\t<\/div>\n\t\t<\/div>\n\t\t\t\t\t<\/div>\n\t\t<\/section>\n\t\t\t\t<\/div>\n\t\t","protected":false},"excerpt":{"rendered":"<p>RUBICON Une plateforme pour les artistes, les acteurs culturels et les activistes de bandung Rubicon propose une plateforme pour trouver des formes interdisciplinaires de solidarit\u00e9 durable et de pratiques collaboratives. \u00ab\u00a0Crossing the Rubicon\u00a0\u00bb d\u00e9crit un moment o\u00f9 quelqu&rsquo;un traverse un point de d\u00e9sespoir, de non retour. Yori Papilaya, membre de Rakarsa, a d\u00e9crit la situation &hellip; <\/p>\n<p class=\"link-more\"><a href=\"https:\/\/www.ifi-id.com\/fr\/rubicon\/\" class=\"more-link\">Continuer la lecture<span class=\"screen-reader-text\"> de &laquo;&nbsp;RUBICON&nbsp;&raquo;<\/span><\/a><\/p>\n","protected":false},"author":8,"featured_media":0,"parent":0,"menu_order":0,"comment_status":"closed","ping_status":"closed","template":"elementor_header_footer","meta":{"footnotes":""},"class_list":["post-8886","page","type-page","status-publish","hentry"],"yoast_head":"<!-- This site is optimized with the Yoast SEO plugin v23.5 - https:\/\/yoast.com\/wordpress\/plugins\/seo\/ -->\n<title>RUBICON - Institut fran\u00e7ais Indon\u00e9sie<\/title>\n<meta name=\"robots\" content=\"index, follow, max-snippet:-1, max-image-preview:large, max-video-preview:-1\" \/>\n<link rel=\"canonical\" href=\"https:\/\/www.ifi-id.com\/fr\/rubicon\/\" \/>\n<meta property=\"og:locale\" content=\"fr_FR\" \/>\n<meta property=\"og:type\" content=\"article\" \/>\n<meta property=\"og:title\" content=\"RUBICON - Institut fran\u00e7ais Indon\u00e9sie\" \/>\n<meta property=\"og:description\" content=\"RUBICON Une plateforme pour les artistes, les acteurs culturels et les activistes de bandung Rubicon propose une plateforme pour trouver des formes interdisciplinaires de solidarit\u00e9 durable et de pratiques collaboratives. \u00ab\u00a0Crossing the Rubicon\u00a0\u00bb d\u00e9crit un moment o\u00f9 quelqu&rsquo;un traverse un point de d\u00e9sespoir, de non retour. Yori Papilaya, membre de Rakarsa, a d\u00e9crit la situation &hellip; Continuer la lecture de &laquo;&nbsp;RUBICON&nbsp;&raquo;\" \/>\n<meta property=\"og:url\" content=\"https:\/\/www.ifi-id.com\/fr\/rubicon\/\" \/>\n<meta property=\"og:site_name\" content=\"Institut fran\u00e7ais Indon\u00e9sie\" \/>\n<meta property=\"article:modified_time\" content=\"2021-02-11T04:23:16+00:00\" \/>\n<meta property=\"og:image\" content=\"https:\/\/www.ifi-id.com\/wp-content\/uploads\/2021\/02\/Untitled-1.jpg\" \/>\n<meta name=\"twitter:card\" content=\"summary_large_image\" \/>\n<meta name=\"twitter:label1\" content=\"Dur\u00e9e de lecture estim\u00e9e\" \/>\n\t<meta name=\"twitter:data1\" content=\"3 minutes\" \/>\n<script type=\"application\/ld+json\" class=\"yoast-schema-graph\">{\"@context\":\"https:\/\/schema.org\",\"@graph\":[{\"@type\":\"WebPage\",\"@id\":\"https:\/\/www.ifi-id.com\/fr\/rubicon\/\",\"url\":\"https:\/\/www.ifi-id.com\/fr\/rubicon\/\",\"name\":\"RUBICON - Institut fran\u00e7ais Indon\u00e9sie\",\"isPartOf\":{\"@id\":\"https:\/\/www.ifi-id.com\/#website\"},\"primaryImageOfPage\":{\"@id\":\"https:\/\/www.ifi-id.com\/fr\/rubicon\/#primaryimage\"},\"image\":{\"@id\":\"https:\/\/www.ifi-id.com\/fr\/rubicon\/#primaryimage\"},\"thumbnailUrl\":\"https:\/\/www.ifi-id.com\/wp-content\/uploads\/2021\/02\/Untitled-1.jpg\",\"datePublished\":\"2021-02-10T08:31:42+00:00\",\"dateModified\":\"2021-02-11T04:23:16+00:00\",\"breadcrumb\":{\"@id\":\"https:\/\/www.ifi-id.com\/fr\/rubicon\/#breadcrumb\"},\"inLanguage\":\"fr-FR\",\"potentialAction\":[{\"@type\":\"ReadAction\",\"target\":[\"https:\/\/www.ifi-id.com\/fr\/rubicon\/\"]}]},{\"@type\":\"ImageObject\",\"inLanguage\":\"fr-FR\",\"@id\":\"https:\/\/www.ifi-id.com\/fr\/rubicon\/#primaryimage\",\"url\":\"https:\/\/www.ifi-id.com\/wp-content\/uploads\/2021\/02\/Untitled-1.jpg\",\"contentUrl\":\"https:\/\/www.ifi-id.com\/wp-content\/uploads\/2021\/02\/Untitled-1.jpg\"},{\"@type\":\"BreadcrumbList\",\"@id\":\"https:\/\/www.ifi-id.com\/fr\/rubicon\/#breadcrumb\",\"itemListElement\":[{\"@type\":\"ListItem\",\"position\":1,\"name\":\"Home\",\"item\":\"https:\/\/www.ifi-id.com\/\"},{\"@type\":\"ListItem\",\"position\":2,\"name\":\"RUBICON\"}]},{\"@type\":\"WebSite\",\"@id\":\"https:\/\/www.ifi-id.com\/#website\",\"url\":\"https:\/\/www.ifi-id.com\/\",\"name\":\"Institut fran\u00e7ais Indon\u00e9sie\",\"description\":\"\",\"publisher\":{\"@id\":\"https:\/\/www.ifi-id.com\/#organization\"},\"potentialAction\":[{\"@type\":\"SearchAction\",\"target\":{\"@type\":\"EntryPoint\",\"urlTemplate\":\"https:\/\/www.ifi-id.com\/?s={search_term_string}\"},\"query-input\":{\"@type\":\"PropertyValueSpecification\",\"valueRequired\":true,\"valueName\":\"search_term_string\"}}],\"inLanguage\":\"fr-FR\"},{\"@type\":\"Organization\",\"@id\":\"https:\/\/www.ifi-id.com\/#organization\",\"name\":\"Institut fran\u00e7ais Indon\u00e9sie\",\"url\":\"https:\/\/www.ifi-id.com\/\",\"logo\":{\"@type\":\"ImageObject\",\"inLanguage\":\"fr-FR\",\"@id\":\"https:\/\/www.ifi-id.com\/#\/schema\/logo\/image\/\",\"url\":\"https:\/\/www.ifi-id.com\/wp-content\/uploads\/2022\/12\/IFI_New_Logo.jpg\",\"contentUrl\":\"https:\/\/www.ifi-id.com\/wp-content\/uploads\/2022\/12\/IFI_New_Logo.jpg\",\"width\":666,\"height\":444,\"caption\":\"Institut fran\u00e7ais Indon\u00e9sie\"},\"image\":{\"@id\":\"https:\/\/www.ifi-id.com\/#\/schema\/logo\/image\/\"}}]}<\/script>\n<!-- \/ Yoast SEO plugin. -->","yoast_head_json":{"title":"RUBICON - Institut fran\u00e7ais Indon\u00e9sie","robots":{"index":"index","follow":"follow","max-snippet":"max-snippet:-1","max-image-preview":"max-image-preview:large","max-video-preview":"max-video-preview:-1"},"canonical":"https:\/\/www.ifi-id.com\/fr\/rubicon\/","og_locale":"fr_FR","og_type":"article","og_title":"RUBICON - Institut fran\u00e7ais Indon\u00e9sie","og_description":"RUBICON Une plateforme pour les artistes, les acteurs culturels et les activistes de bandung Rubicon propose une plateforme pour trouver des formes interdisciplinaires de solidarit\u00e9 durable et de pratiques collaboratives. \u00ab\u00a0Crossing the Rubicon\u00a0\u00bb d\u00e9crit un moment o\u00f9 quelqu&rsquo;un traverse un point de d\u00e9sespoir, de non retour. Yori Papilaya, membre de Rakarsa, a d\u00e9crit la situation &hellip; Continuer la lecture de &laquo;&nbsp;RUBICON&nbsp;&raquo;","og_url":"https:\/\/www.ifi-id.com\/fr\/rubicon\/","og_site_name":"Institut fran\u00e7ais Indon\u00e9sie","article_modified_time":"2021-02-11T04:23:16+00:00","og_image":[{"url":"https:\/\/www.ifi-id.com\/wp-content\/uploads\/2021\/02\/Untitled-1.jpg"}],"twitter_card":"summary_large_image","twitter_misc":{"Dur\u00e9e de lecture estim\u00e9e":"3 minutes"},"schema":{"@context":"https:\/\/schema.org","@graph":[{"@type":"WebPage","@id":"https:\/\/www.ifi-id.com\/fr\/rubicon\/","url":"https:\/\/www.ifi-id.com\/fr\/rubicon\/","name":"RUBICON - Institut fran\u00e7ais Indon\u00e9sie","isPartOf":{"@id":"https:\/\/www.ifi-id.com\/#website"},"primaryImageOfPage":{"@id":"https:\/\/www.ifi-id.com\/fr\/rubicon\/#primaryimage"},"image":{"@id":"https:\/\/www.ifi-id.com\/fr\/rubicon\/#primaryimage"},"thumbnailUrl":"https:\/\/www.ifi-id.com\/wp-content\/uploads\/2021\/02\/Untitled-1.jpg","datePublished":"2021-02-10T08:31:42+00:00","dateModified":"2021-02-11T04:23:16+00:00","breadcrumb":{"@id":"https:\/\/www.ifi-id.com\/fr\/rubicon\/#breadcrumb"},"inLanguage":"fr-FR","potentialAction":[{"@type":"ReadAction","target":["https:\/\/www.ifi-id.com\/fr\/rubicon\/"]}]},{"@type":"ImageObject","inLanguage":"fr-FR","@id":"https:\/\/www.ifi-id.com\/fr\/rubicon\/#primaryimage","url":"https:\/\/www.ifi-id.com\/wp-content\/uploads\/2021\/02\/Untitled-1.jpg","contentUrl":"https:\/\/www.ifi-id.com\/wp-content\/uploads\/2021\/02\/Untitled-1.jpg"},{"@type":"BreadcrumbList","@id":"https:\/\/www.ifi-id.com\/fr\/rubicon\/#breadcrumb","itemListElement":[{"@type":"ListItem","position":1,"name":"Home","item":"https:\/\/www.ifi-id.com\/"},{"@type":"ListItem","position":2,"name":"RUBICON"}]},{"@type":"WebSite","@id":"https:\/\/www.ifi-id.com\/#website","url":"https:\/\/www.ifi-id.com\/","name":"Institut fran\u00e7ais Indon\u00e9sie","description":"","publisher":{"@id":"https:\/\/www.ifi-id.com\/#organization"},"potentialAction":[{"@type":"SearchAction","target":{"@type":"EntryPoint","urlTemplate":"https:\/\/www.ifi-id.com\/?s={search_term_string}"},"query-input":{"@type":"PropertyValueSpecification","valueRequired":true,"valueName":"search_term_string"}}],"inLanguage":"fr-FR"},{"@type":"Organization","@id":"https:\/\/www.ifi-id.com\/#organization","name":"Institut fran\u00e7ais Indon\u00e9sie","url":"https:\/\/www.ifi-id.com\/","logo":{"@type":"ImageObject","inLanguage":"fr-FR","@id":"https:\/\/www.ifi-id.com\/#\/schema\/logo\/image\/","url":"https:\/\/www.ifi-id.com\/wp-content\/uploads\/2022\/12\/IFI_New_Logo.jpg","contentUrl":"https:\/\/www.ifi-id.com\/wp-content\/uploads\/2022\/12\/IFI_New_Logo.jpg","width":666,"height":444,"caption":"Institut fran\u00e7ais Indon\u00e9sie"},"image":{"@id":"https:\/\/www.ifi-id.com\/#\/schema\/logo\/image\/"}}]}},"post_mailing_queue_ids":[],"_links":{"self":[{"href":"https:\/\/www.ifi-id.com\/fr\/wp-json\/wp\/v2\/pages\/8886"}],"collection":[{"href":"https:\/\/www.ifi-id.com\/fr\/wp-json\/wp\/v2\/pages"}],"about":[{"href":"https:\/\/www.ifi-id.com\/fr\/wp-json\/wp\/v2\/types\/page"}],"author":[{"embeddable":true,"href":"https:\/\/www.ifi-id.com\/fr\/wp-json\/wp\/v2\/users\/8"}],"replies":[{"embeddable":true,"href":"https:\/\/www.ifi-id.com\/fr\/wp-json\/wp\/v2\/comments?post=8886"}],"version-history":[{"count":14,"href":"https:\/\/www.ifi-id.com\/fr\/wp-json\/wp\/v2\/pages\/8886\/revisions"}],"predecessor-version":[{"id":8992,"href":"https:\/\/www.ifi-id.com\/fr\/wp-json\/wp\/v2\/pages\/8886\/revisions\/8992"}],"wp:attachment":[{"href":"https:\/\/www.ifi-id.com\/fr\/wp-json\/wp\/v2\/media?parent=8886"}],"curies":[{"name":"wp","href":"https:\/\/api.w.org\/{rel}","templated":true}]}}