{"id":8032,"date":"2021-03-15T11:07:25","date_gmt":"2021-03-15T04:07:25","guid":{"rendered":"https:\/\/www.ifi-id.com\/?page_id=8032"},"modified":"2023-08-31T17:18:10","modified_gmt":"2023-08-31T10:18:10","slug":"if-indonesie","status":"publish","type":"page","link":"https:\/\/www.ifi-id.com\/fr\/if-indonesie\/","title":{"rendered":"IF Indon\u00e9sie"},"content":{"rendered":"\t\t<div data-elementor-type=\"wp-page\" data-elementor-id=\"8032\" class=\"elementor elementor-8032 elementor-8024\" data-elementor-post-type=\"page\">\n\t\t\t\t\t\t<section class=\"elementor-section elementor-top-section elementor-element elementor-element-b2ba8a elementor-section-boxed elementor-section-height-default elementor-section-height-default\" data-id=\"b2ba8a\" data-element_type=\"section\">\n\t\t\t\t\t\t<div class=\"elementor-container elementor-column-gap-default\">\n\t\t\t\t\t<div class=\"elementor-column elementor-col-100 elementor-top-column elementor-element elementor-element-4cc2c70c\" data-id=\"4cc2c70c\" data-element_type=\"column\">\n\t\t\t<div class=\"elementor-widget-wrap elementor-element-populated\">\n\t\t\t\t\t\t<div class=\"elementor-element elementor-element-5a961039 elementor-widget elementor-widget-heading\" data-id=\"5a961039\" data-element_type=\"widget\" data-widget_type=\"heading.default\">\n\t\t\t\t<div class=\"elementor-widget-container\">\n\t\t\t<h2 class=\"elementor-heading-title elementor-size-default\">Institut Fran\u00e7ais d'Indon\u00e9sie<\/h2>\t\t<\/div>\n\t\t\t\t<\/div>\n\t\t\t\t\t<\/div>\n\t\t<\/div>\n\t\t\t\t\t<\/div>\n\t\t<\/section>\n\t\t\t\t<section class=\"elementor-section elementor-top-section elementor-element elementor-element-e8e59e1 elementor-section-boxed elementor-section-height-default elementor-section-height-default\" data-id=\"e8e59e1\" data-element_type=\"section\">\n\t\t\t\t\t\t<div class=\"elementor-container elementor-column-gap-default\">\n\t\t\t\t\t<div class=\"elementor-column elementor-col-100 elementor-top-column elementor-element elementor-element-4ed116c\" data-id=\"4ed116c\" data-element_type=\"column\">\n\t\t\t<div class=\"elementor-widget-wrap elementor-element-populated\">\n\t\t\t\t\t\t<div class=\"elementor-element elementor-element-de65b6f elementor-widget elementor-widget-text-editor\" data-id=\"de65b6f\" data-element_type=\"widget\" data-widget_type=\"text-editor.default\">\n\t\t\t\t<div class=\"elementor-widget-container\">\n\t\t\t\t\t\t\t<p style=\"text-align: justify;\">L\u2019Institut Fran\u00e7ais d\u2019Indon\u00e9sie (IFI) est en charge de l\u2019ensemble de la coop\u00e9ration et de l\u2019action culturelle entre la France et l\u2019Indon\u00e9sie. Il est n\u00e9 de la fusion des services culturels des Ambassades (SCAC) et des centres culturels (CCF). L\u2019enjeu de la r\u00e9forme du r\u00e9seau culturel fran\u00e7ais \u00e0 l\u2019\u00e9tranger consistait, aux c\u00f4t\u00e9s du r\u00e9seau associatif centenaire des Alliances fran\u00e7aises, en la mise en place de dispositifs uniques, plus visibles, regroup\u00e9s sous une marque unique (Institut fran\u00e7ais), dot\u00e9s d\u2019une autonomie financi\u00e8re permettant de b\u00e9n\u00e9ficier d\u2019une plus large flexibilit\u00e9 de gestion sur l\u2019ensemble de ses comp\u00e9tences en mati\u00e8re culturelle, linguistique et universitaire.<\/p>\n<p style=\"text-align: justify;\">L\u2019Institut fran\u00e7ais revendique la libert\u00e9 d\u2019expression et la diversit\u00e9 dans un contexte de mondialisation, tout en affirmant sa comp\u00e9tence et son expertise en mati\u00e8re de promotion de la culture fran\u00e7aise dans le monde. Il est un outil d\u2019influence et de coop\u00e9ration, et un p\u00f4le d\u2019expertise et de conseil. L\u2019Institut Fran\u00e7ais d\u2019Indon\u00e9sie s\u2019inscrit dans cette politique et s\u2019articule autour de 3 p\u00f4les :<\/p>\n<ul style=\"text-align: justify;\">\n<li><strong>Le p\u00f4le culturel (CCA) <\/strong>: \u00e9v\u00e8nements culturels et collaboration sur les projets artistiques<\/li>\n<li><strong>Le pole linguistique (CLEF) <\/strong>: cours de fran\u00e7ais, certifications, formation des professeurs de fran\u00e7ais et formation professionnelle<\/li>\n<li><strong>Le p\u00f4le universitaire et scientifique <\/strong>: Promotion des \u00e9tudes sup\u00e9rieures en France, programmes de bourses, partenariats universitaires, projets conjoints de recherche scientifiques, s\u00e9minaires \u00e0 th\u00e8me<\/li>\n<\/ul>\n<p style=\"text-align: justify;\">L\u2019institut Fran\u00e7ais d\u2019Indon\u00e9sie est pr\u00e9sent dans 4 villes indon\u00e9siennes : IFI Bandung, IFI Jakarta, IFI Surabaya, IFI Yogyakarta ; ces antennes disposent de locaux pour accueillir des cours de langues, des \u00e9v\u00e9nements culturels et Campus France.<\/p>\n<p style=\"text-align: justify;\">Pour accroitre le rayonnement de l\u2019IFI et permettre aux \u00e9tudiants de se familiariser avec la France, sa culture et les possibilit\u00e9s d\u2019\u00e9tudier en France, IFI met en place des espaces, appel\u00e9s Warung Francis dans de nombreuses universit\u00e9s.<\/p>\n\t\t\t\t\t\t<\/div>\n\t\t\t\t<\/div>\n\t\t\t\t\t<\/div>\n\t\t<\/div>\n\t\t\t\t\t<\/div>\n\t\t<\/section>\n\t\t\t\t<section class=\"elementor-section elementor-top-section elementor-element elementor-element-9c9fa1c elementor-section-boxed elementor-section-height-default elementor-section-height-default\" data-id=\"9c9fa1c\" data-element_type=\"section\">\n\t\t\t\t\t\t<div class=\"elementor-container elementor-column-gap-default\">\n\t\t\t\t\t<div class=\"elementor-column elementor-col-100 elementor-top-column elementor-element elementor-element-8e44435\" data-id=\"8e44435\" data-element_type=\"column\">\n\t\t\t<div class=\"elementor-widget-wrap elementor-element-populated\">\n\t\t\t\t\t\t<div class=\"elementor-element elementor-element-2d6c984 elementor-widget elementor-widget-heading\" data-id=\"2d6c984\" data-element_type=\"widget\" data-widget_type=\"heading.default\">\n\t\t\t\t<div class=\"elementor-widget-container\">\n\t\t\t<h2 class=\"elementor-heading-title elementor-size-default\">L\u2019IFI : Son Identit\u00e9, Sa Vision et Ses Missions<\/h2>\t\t<\/div>\n\t\t\t\t<\/div>\n\t\t\t\t\t<\/div>\n\t\t<\/div>\n\t\t\t\t\t<\/div>\n\t\t<\/section>\n\t\t\t\t<section class=\"elementor-section elementor-top-section elementor-element elementor-element-ddbd92f elementor-section-boxed elementor-section-height-default elementor-section-height-default\" data-id=\"ddbd92f\" data-element_type=\"section\">\n\t\t\t\t\t\t<div class=\"elementor-container elementor-column-gap-default\">\n\t\t\t\t\t<div class=\"elementor-column elementor-col-100 elementor-top-column elementor-element elementor-element-e314262\" data-id=\"e314262\" data-element_type=\"column\">\n\t\t\t<div class=\"elementor-widget-wrap elementor-element-populated\">\n\t\t\t\t\t\t<div class=\"elementor-element elementor-element-0c8f0e6 elementor-widget elementor-widget-text-editor\" data-id=\"0c8f0e6\" data-element_type=\"widget\" data-widget_type=\"text-editor.default\">\n\t\t\t\t<div class=\"elementor-widget-container\">\n\t\t\t\t\t\t\t<p>L\u2019Institut Fran\u00e7ais d\u2019Indon\u00e9sie, plus connu sous le nom d\u2019IFI, est un service de l\u2019Ambassade de France en Indon\u00e9sie. Il dispose d\u2019antennes \u00e0 Jakarta, Bandung, Yogyakarta et Surabaya.<\/p>\n<p>L\u2019IFI a pour vocation de renforcer la relation entre l\u2019Indon\u00e9sie et la France dans le champ scientifique, universitaire, linguistique et culturel. L\u2019IFI propose \u00e9galement des cours de langue fran\u00e7aises pour tous les niveaux.<\/p>\n<ul>\n<li>L\u2019IFI assiste les \u00e9tudiants indon\u00e9siens qui souhaitent poursuivre leurs \u00e9tudes en France. Associ\u00e9 \u00e0 l\u2019Agence nationale fran\u00e7aise Campus France, il propose plus d\u2019une cinquantaine de bourses et aide tous les \u00e9tudiants, boursiers ou non, \u00e0 choisir le projet acad\u00e9mique qui leur correspond. R\u00e9ussir ses \u00e9tudes en France commence souvent par pousser la porte de l\u2019IFI !<\/li>\n<li>L\u2019IFI soutient les relations scientifiques entre les institutions indon\u00e9siennes et fran\u00e7aises. Il finance plusieurs dizaines de projets par an \u00e0 travers ses programmes PHC-Nusantara et Science et Impact. L\u2019IFI travaille \u00e0 la promotion de la culture scientifique et organise des d\u00e9bats d\u2019id\u00e9es autour des grands th\u00e8mes de la science. Tous les deux ans l\u2019IFI coorganise avec les minist\u00e8res de la Recherche et les grandes agences nationales, des Assises de la coop\u00e9ration pour la Science, la Technologie, l\u2019Enseignement sup\u00e9rieur et l\u2019Innovation.<\/li>\n<li>L\u2019IFI soutient les relations universitaires entre les institutions indon\u00e9siennes et fran\u00e7aises. Il aide les universit\u00e9s \u00e0 construire des programmes communs et des doubles dipl\u00f4mes, et travaille avec le minist\u00e8re de l\u2019\u00e9ducation en ce but.<\/li>\n<li>L\u2019IFI travaille en \u00e9troite collaboration avec l\u2019Association des Professeurs de Fran\u00e7ais Indon\u00e9sien et avec le Minist\u00e8re indon\u00e9sien de l\u2019Education afin de soutenir l\u2019enseignement de la langue fran\u00e7aise en Indon\u00e9sie. L\u2019IFI soutient \u00e9galement tous les projets de classes bilingues. Il organise chaque ann\u00e9e des Olympiades de la langue fran\u00e7aise.<\/li>\n<li>L\u2019IFI soutient les artistes fran\u00e7ais et indon\u00e9siens dans leurs projets de cr\u00e9ations et de partage. Gr\u00e2ce \u00e0 ses auditoriums, \u00e0 ses halls, \u00e0 ses galeries et \u00e0 ses m\u00e9diath\u00e8ques, il accueille des musiciens, des plasticiens, des danseurs, des r\u00e9alisateurs, des acteurs, des auteurs\u2026 L\u2019IFI soutient des festivals dans toute l\u2019Indon\u00e9sie. L\u2019IFI promeut les cultures indon\u00e9sienne et fran\u00e7aise dans toute leur diversit\u00e9<\/li>\n<li>L\u2019IFI a \u00e9galement pour mission d\u2019aider les Industries Culturelles et Cr\u00e9atives (comme le cin\u00e9ma, la mode, le jeu-vid\u00e9o et le design) des deux pays \u00e0 se d\u00e9velopper en mettant en place des programmes de soutien \u00e0 l\u2019exportation ou des rencontres professionnelles.<\/li>\n<li>L\u2019IFI s\u2019engage aux c\u00f4t\u00e9s de toutes les organisations indon\u00e9siennes qui travaillent aux progr\u00e8s conjoint des soci\u00e9t\u00e9s fran\u00e7aises et indon\u00e9siennes. L\u2019\u00e9galit\u00e9 des genres fait partie des causes qui lui tiennent \u00e0 c\u0153ur tout comme la pr\u00e9servation de la plan\u00e8te. L\u2019IFI organise chaque ann\u00e9e de nombreux \u00e9v\u00e8nements sur ces questions.<\/li>\n<\/ul>\n\t\t\t\t\t\t<\/div>\n\t\t\t\t<\/div>\n\t\t\t\t\t<\/div>\n\t\t<\/div>\n\t\t\t\t\t<\/div>\n\t\t<\/section>\n\t\t\t\t<section class=\"elementor-section elementor-top-section elementor-element elementor-element-03b18fa elementor-section-boxed elementor-section-height-default elementor-section-height-default\" data-id=\"03b18fa\" data-element_type=\"section\">\n\t\t\t\t\t\t<div class=\"elementor-container elementor-column-gap-default\">\n\t\t\t\t\t<div class=\"elementor-column elementor-col-100 elementor-top-column elementor-element elementor-element-1f74f5d\" data-id=\"1f74f5d\" data-element_type=\"column\">\n\t\t\t<div class=\"elementor-widget-wrap elementor-element-populated\">\n\t\t\t\t\t\t<div class=\"elementor-element elementor-element-9d782d0 elementor-widget elementor-widget-heading\" data-id=\"9d782d0\" data-element_type=\"widget\" data-widget_type=\"heading.default\">\n\t\t\t\t<div class=\"elementor-widget-container\">\n\t\t\t<h2 class=\"elementor-heading-title elementor-size-default\">L\u2019IFI : Son histoire<\/h2>\t\t<\/div>\n\t\t\t\t<\/div>\n\t\t\t\t\t<\/div>\n\t\t<\/div>\n\t\t\t\t\t<\/div>\n\t\t<\/section>\n\t\t\t\t<section class=\"elementor-section elementor-top-section elementor-element elementor-element-588895b elementor-section-boxed elementor-section-height-default elementor-section-height-default\" data-id=\"588895b\" data-element_type=\"section\">\n\t\t\t\t\t\t<div class=\"elementor-container elementor-column-gap-default\">\n\t\t\t\t\t<div class=\"elementor-column elementor-col-100 elementor-top-column elementor-element elementor-element-1866cbb\" data-id=\"1866cbb\" data-element_type=\"column\">\n\t\t\t<div class=\"elementor-widget-wrap elementor-element-populated\">\n\t\t\t\t\t\t<div class=\"elementor-element elementor-element-f796e56 elementor-widget elementor-widget-text-editor\" data-id=\"f796e56\" data-element_type=\"widget\" data-widget_type=\"text-editor.default\">\n\t\t\t\t<div class=\"elementor-widget-container\">\n\t\t\t\t\t\t\t<p>En 2020, l\u2019Indon\u00e9sie et la France ont f\u00eat\u00e9 les soixante-dix ans de l\u2019\u00e9tablissement de leurs relations diplomatiques. La coop\u00e9ration culturelle, scientifique et technique a d\u00e8s l\u2019origine contribu\u00e9 \u00e0 l\u2019amiti\u00e9 entre nos deux pays et s\u2019est vue renforcer en 1969 par un accord de coop\u00e9ration culturel et technique. Le service de Coop\u00e9ration de l\u2019ambassade de France en Indon\u00e9sie et les Centres Culturels Fran\u00e7ais ont \u00e9galement \u00e9t\u00e9 \u00e9tablis pour \u0153uvrer dans ce sens. En 2011, ces institutions ont fusionn\u00e9 pour devenir l\u2019Institut Fran\u00e7ais d\u2019Indon\u00e9sie.<\/p>\n\t\t\t\t\t\t<\/div>\n\t\t\t\t<\/div>\n\t\t\t\t\t<\/div>\n\t\t<\/div>\n\t\t\t\t\t<\/div>\n\t\t<\/section>\n\t\t\t\t<\/div>\n\t\t","protected":false},"excerpt":{"rendered":"<p>Institut Fran\u00e7ais d&rsquo;Indon\u00e9sie L\u2019Institut Fran\u00e7ais d\u2019Indon\u00e9sie (IFI) est en charge de l\u2019ensemble de la coop\u00e9ration et de l\u2019action culturelle entre la France et l\u2019Indon\u00e9sie. Il est n\u00e9 de la fusion des services culturels des Ambassades (SCAC) et des centres culturels (CCF). L\u2019enjeu de la r\u00e9forme du r\u00e9seau culturel fran\u00e7ais \u00e0 l\u2019\u00e9tranger consistait, aux c\u00f4t\u00e9s du &hellip; <\/p>\n<p class=\"link-more\"><a href=\"https:\/\/www.ifi-id.com\/fr\/if-indonesie\/\" class=\"more-link\">Continuer la lecture<span class=\"screen-reader-text\"> de &laquo;&nbsp;IF Indon\u00e9sie&nbsp;&raquo;<\/span><\/a><\/p>\n","protected":false},"author":8,"featured_media":0,"parent":0,"menu_order":0,"comment_status":"closed","ping_status":"closed","template":"elementor_header_footer","meta":{"footnotes":""},"class_list":["post-8032","page","type-page","status-publish","hentry"],"yoast_head":"<!-- This site is optimized with the Yoast SEO plugin v23.5 - https:\/\/yoast.com\/wordpress\/plugins\/seo\/ -->\n<title>IF Indon\u00e9sie - Institut fran\u00e7ais Indon\u00e9sie<\/title>\n<meta name=\"robots\" content=\"index, follow, max-snippet:-1, max-image-preview:large, max-video-preview:-1\" \/>\n<link rel=\"canonical\" href=\"https:\/\/www.ifi-id.com\/if-indonesia\/\" \/>\n<meta property=\"og:locale\" content=\"fr_FR\" \/>\n<meta property=\"og:type\" content=\"article\" \/>\n<meta property=\"og:title\" content=\"IF Indon\u00e9sie - Institut fran\u00e7ais Indon\u00e9sie\" \/>\n<meta property=\"og:description\" content=\"Institut Fran\u00e7ais d&rsquo;Indon\u00e9sie L\u2019Institut Fran\u00e7ais d\u2019Indon\u00e9sie (IFI) est en charge de l\u2019ensemble de la coop\u00e9ration et de l\u2019action culturelle entre la France et l\u2019Indon\u00e9sie. Il est n\u00e9 de la fusion des services culturels des Ambassades (SCAC) et des centres culturels (CCF). L\u2019enjeu de la r\u00e9forme du r\u00e9seau culturel fran\u00e7ais \u00e0 l\u2019\u00e9tranger consistait, aux c\u00f4t\u00e9s du &hellip; Continuer la lecture de &laquo;&nbsp;IF Indon\u00e9sie&nbsp;&raquo;\" \/>\n<meta property=\"og:url\" content=\"https:\/\/www.ifi-id.com\/if-indonesia\/\" \/>\n<meta property=\"og:site_name\" content=\"Institut fran\u00e7ais Indon\u00e9sie\" \/>\n<meta property=\"article:modified_time\" content=\"2023-08-31T10:18:10+00:00\" \/>\n<meta name=\"twitter:card\" content=\"summary_large_image\" \/>\n<meta name=\"twitter:label1\" content=\"Dur\u00e9e de lecture estim\u00e9e\" \/>\n\t<meta name=\"twitter:data1\" content=\"5 minutes\" \/>\n<script type=\"application\/ld+json\" class=\"yoast-schema-graph\">{\"@context\":\"https:\/\/schema.org\",\"@graph\":[{\"@type\":\"WebPage\",\"@id\":\"https:\/\/www.ifi-id.com\/if-indonesia\/\",\"url\":\"https:\/\/www.ifi-id.com\/if-indonesia\/\",\"name\":\"IF Indon\u00e9sie - Institut fran\u00e7ais Indon\u00e9sie\",\"isPartOf\":{\"@id\":\"https:\/\/www.ifi-id.com\/#website\"},\"datePublished\":\"2021-03-15T04:07:25+00:00\",\"dateModified\":\"2023-08-31T10:18:10+00:00\",\"breadcrumb\":{\"@id\":\"https:\/\/www.ifi-id.com\/if-indonesia\/#breadcrumb\"},\"inLanguage\":\"fr-FR\",\"potentialAction\":[{\"@type\":\"ReadAction\",\"target\":[\"https:\/\/www.ifi-id.com\/if-indonesia\/\"]}]},{\"@type\":\"BreadcrumbList\",\"@id\":\"https:\/\/www.ifi-id.com\/if-indonesia\/#breadcrumb\",\"itemListElement\":[{\"@type\":\"ListItem\",\"position\":1,\"name\":\"Home\",\"item\":\"https:\/\/www.ifi-id.com\/\"},{\"@type\":\"ListItem\",\"position\":2,\"name\":\"IF Indon\u00e9sie\"}]},{\"@type\":\"WebSite\",\"@id\":\"https:\/\/www.ifi-id.com\/#website\",\"url\":\"https:\/\/www.ifi-id.com\/\",\"name\":\"Institut fran\u00e7ais Indon\u00e9sie\",\"description\":\"\",\"publisher\":{\"@id\":\"https:\/\/www.ifi-id.com\/#organization\"},\"potentialAction\":[{\"@type\":\"SearchAction\",\"target\":{\"@type\":\"EntryPoint\",\"urlTemplate\":\"https:\/\/www.ifi-id.com\/?s={search_term_string}\"},\"query-input\":{\"@type\":\"PropertyValueSpecification\",\"valueRequired\":true,\"valueName\":\"search_term_string\"}}],\"inLanguage\":\"fr-FR\"},{\"@type\":\"Organization\",\"@id\":\"https:\/\/www.ifi-id.com\/#organization\",\"name\":\"Institut fran\u00e7ais Indon\u00e9sie\",\"url\":\"https:\/\/www.ifi-id.com\/\",\"logo\":{\"@type\":\"ImageObject\",\"inLanguage\":\"fr-FR\",\"@id\":\"https:\/\/www.ifi-id.com\/#\/schema\/logo\/image\/\",\"url\":\"https:\/\/www.ifi-id.com\/wp-content\/uploads\/2022\/12\/IFI_New_Logo.jpg\",\"contentUrl\":\"https:\/\/www.ifi-id.com\/wp-content\/uploads\/2022\/12\/IFI_New_Logo.jpg\",\"width\":666,\"height\":444,\"caption\":\"Institut fran\u00e7ais Indon\u00e9sie\"},\"image\":{\"@id\":\"https:\/\/www.ifi-id.com\/#\/schema\/logo\/image\/\"}}]}<\/script>\n<!-- \/ Yoast SEO plugin. -->","yoast_head_json":{"title":"IF Indon\u00e9sie - Institut fran\u00e7ais Indon\u00e9sie","robots":{"index":"index","follow":"follow","max-snippet":"max-snippet:-1","max-image-preview":"max-image-preview:large","max-video-preview":"max-video-preview:-1"},"canonical":"https:\/\/www.ifi-id.com\/if-indonesia\/","og_locale":"fr_FR","og_type":"article","og_title":"IF Indon\u00e9sie - Institut fran\u00e7ais Indon\u00e9sie","og_description":"Institut Fran\u00e7ais d&rsquo;Indon\u00e9sie L\u2019Institut Fran\u00e7ais d\u2019Indon\u00e9sie (IFI) est en charge de l\u2019ensemble de la coop\u00e9ration et de l\u2019action culturelle entre la France et l\u2019Indon\u00e9sie. Il est n\u00e9 de la fusion des services culturels des Ambassades (SCAC) et des centres culturels (CCF). L\u2019enjeu de la r\u00e9forme du r\u00e9seau culturel fran\u00e7ais \u00e0 l\u2019\u00e9tranger consistait, aux c\u00f4t\u00e9s du &hellip; Continuer la lecture de &laquo;&nbsp;IF Indon\u00e9sie&nbsp;&raquo;","og_url":"https:\/\/www.ifi-id.com\/if-indonesia\/","og_site_name":"Institut fran\u00e7ais Indon\u00e9sie","article_modified_time":"2023-08-31T10:18:10+00:00","twitter_card":"summary_large_image","twitter_misc":{"Dur\u00e9e de lecture estim\u00e9e":"5 minutes"},"schema":{"@context":"https:\/\/schema.org","@graph":[{"@type":"WebPage","@id":"https:\/\/www.ifi-id.com\/if-indonesia\/","url":"https:\/\/www.ifi-id.com\/if-indonesia\/","name":"IF Indon\u00e9sie - Institut fran\u00e7ais Indon\u00e9sie","isPartOf":{"@id":"https:\/\/www.ifi-id.com\/#website"},"datePublished":"2021-03-15T04:07:25+00:00","dateModified":"2023-08-31T10:18:10+00:00","breadcrumb":{"@id":"https:\/\/www.ifi-id.com\/if-indonesia\/#breadcrumb"},"inLanguage":"fr-FR","potentialAction":[{"@type":"ReadAction","target":["https:\/\/www.ifi-id.com\/if-indonesia\/"]}]},{"@type":"BreadcrumbList","@id":"https:\/\/www.ifi-id.com\/if-indonesia\/#breadcrumb","itemListElement":[{"@type":"ListItem","position":1,"name":"Home","item":"https:\/\/www.ifi-id.com\/"},{"@type":"ListItem","position":2,"name":"IF Indon\u00e9sie"}]},{"@type":"WebSite","@id":"https:\/\/www.ifi-id.com\/#website","url":"https:\/\/www.ifi-id.com\/","name":"Institut fran\u00e7ais Indon\u00e9sie","description":"","publisher":{"@id":"https:\/\/www.ifi-id.com\/#organization"},"potentialAction":[{"@type":"SearchAction","target":{"@type":"EntryPoint","urlTemplate":"https:\/\/www.ifi-id.com\/?s={search_term_string}"},"query-input":{"@type":"PropertyValueSpecification","valueRequired":true,"valueName":"search_term_string"}}],"inLanguage":"fr-FR"},{"@type":"Organization","@id":"https:\/\/www.ifi-id.com\/#organization","name":"Institut fran\u00e7ais Indon\u00e9sie","url":"https:\/\/www.ifi-id.com\/","logo":{"@type":"ImageObject","inLanguage":"fr-FR","@id":"https:\/\/www.ifi-id.com\/#\/schema\/logo\/image\/","url":"https:\/\/www.ifi-id.com\/wp-content\/uploads\/2022\/12\/IFI_New_Logo.jpg","contentUrl":"https:\/\/www.ifi-id.com\/wp-content\/uploads\/2022\/12\/IFI_New_Logo.jpg","width":666,"height":444,"caption":"Institut fran\u00e7ais Indon\u00e9sie"},"image":{"@id":"https:\/\/www.ifi-id.com\/#\/schema\/logo\/image\/"}}]}},"post_mailing_queue_ids":[],"_links":{"self":[{"href":"https:\/\/www.ifi-id.com\/fr\/wp-json\/wp\/v2\/pages\/8032"}],"collection":[{"href":"https:\/\/www.ifi-id.com\/fr\/wp-json\/wp\/v2\/pages"}],"about":[{"href":"https:\/\/www.ifi-id.com\/fr\/wp-json\/wp\/v2\/types\/page"}],"author":[{"embeddable":true,"href":"https:\/\/www.ifi-id.com\/fr\/wp-json\/wp\/v2\/users\/8"}],"replies":[{"embeddable":true,"href":"https:\/\/www.ifi-id.com\/fr\/wp-json\/wp\/v2\/comments?post=8032"}],"version-history":[{"count":6,"href":"https:\/\/www.ifi-id.com\/fr\/wp-json\/wp\/v2\/pages\/8032\/revisions"}],"predecessor-version":[{"id":37716,"href":"https:\/\/www.ifi-id.com\/fr\/wp-json\/wp\/v2\/pages\/8032\/revisions\/37716"}],"wp:attachment":[{"href":"https:\/\/www.ifi-id.com\/fr\/wp-json\/wp\/v2\/media?parent=8032"}],"curies":[{"name":"wp","href":"https:\/\/api.w.org\/{rel}","templated":true}]}}