{"id":61690,"date":"2026-04-17T15:47:52","date_gmt":"2026-04-17T08:47:52","guid":{"rendered":"https:\/\/www.ifi-id.com\/carte-membre-ifi\/sompo\/"},"modified":"2026-04-17T15:47:58","modified_gmt":"2026-04-17T08:47:58","slug":"sompo","status":"publish","type":"page","link":"https:\/\/www.ifi-id.com\/fr\/carte-membre-ifi\/sompo\/","title":{"rendered":"Sompo"},"content":{"rendered":"\t\t<div data-elementor-type=\"wp-page\" data-elementor-id=\"61690\" class=\"elementor elementor-61690 elementor-61678\" data-elementor-post-type=\"page\">\n\t\t\t\t\t\t<section class=\"elementor-section elementor-top-section elementor-element elementor-element-7c012db7 elementor-section-boxed elementor-section-height-default elementor-section-height-default\" data-id=\"7c012db7\" data-element_type=\"section\">\n\t\t\t\t\t\t<div class=\"elementor-container elementor-column-gap-default\">\n\t\t\t\t\t<div class=\"elementor-column elementor-col-100 elementor-top-column elementor-element elementor-element-37adb8d7\" data-id=\"37adb8d7\" data-element_type=\"column\">\n\t\t\t<div class=\"elementor-widget-wrap elementor-element-populated\">\n\t\t\t\t\t\t<div class=\"elementor-element elementor-element-149b2f40 elementor-hidden-mobile elementor-widget elementor-widget-heading\" data-id=\"149b2f40\" data-element_type=\"widget\" data-widget_type=\"heading.default\">\n\t\t\t\t<div class=\"elementor-widget-container\">\n\t\t\t<h2 class=\"elementor-heading-title elementor-size-default\">Sompo Insurance <\/h2>\t\t<\/div>\n\t\t\t\t<\/div>\n\t\t\t\t\t<\/div>\n\t\t<\/div>\n\t\t\t\t\t<\/div>\n\t\t<\/section>\n\t\t\t\t<section class=\"elementor-section elementor-top-section elementor-element elementor-element-55e5c4d elementor-section-boxed elementor-section-height-default elementor-section-height-default\" data-id=\"55e5c4d\" data-element_type=\"section\">\n\t\t\t\t\t\t<div class=\"elementor-container elementor-column-gap-default\">\n\t\t\t\t\t<div class=\"elementor-column elementor-col-100 elementor-top-column elementor-element elementor-element-7a6204ce\" data-id=\"7a6204ce\" data-element_type=\"column\">\n\t\t\t<div class=\"elementor-widget-wrap elementor-element-populated\">\n\t\t\t\t\t\t<div class=\"elementor-element elementor-element-184ae72a elementor-hidden-desktop elementor-hidden-tablet elementor-widget elementor-widget-heading\" data-id=\"184ae72a\" data-element_type=\"widget\" data-widget_type=\"heading.default\">\n\t\t\t\t<div class=\"elementor-widget-container\">\n\t\t\t<h1 class=\"elementor-heading-title elementor-size-default\">Sompo Insurance <\/h1>\t\t<\/div>\n\t\t\t\t<\/div>\n\t\t\t\t\t<\/div>\n\t\t<\/div>\n\t\t\t\t\t<\/div>\n\t\t<\/section>\n\t\t\t\t<section class=\"elementor-section elementor-top-section elementor-element elementor-element-16832051 elementor-section-boxed elementor-section-height-default elementor-section-height-default\" data-id=\"16832051\" data-element_type=\"section\">\n\t\t\t\t\t\t<div class=\"elementor-container elementor-column-gap-default\">\n\t\t\t\t\t<div class=\"elementor-column elementor-col-100 elementor-top-column elementor-element elementor-element-cf3ba5c\" data-id=\"cf3ba5c\" data-element_type=\"column\">\n\t\t\t<div class=\"elementor-widget-wrap elementor-element-populated\">\n\t\t\t\t\t\t<div class=\"elementor-element elementor-element-37a5aa53 elementor-arrows-position-inside elementor-pagination-position-outside elementor-widget elementor-widget-image-carousel\" data-id=\"37a5aa53\" data-element_type=\"widget\" data-settings=\"{&quot;slides_to_show&quot;:&quot;1&quot;,&quot;navigation&quot;:&quot;both&quot;,&quot;autoplay&quot;:&quot;yes&quot;,&quot;pause_on_hover&quot;:&quot;yes&quot;,&quot;pause_on_interaction&quot;:&quot;yes&quot;,&quot;autoplay_speed&quot;:5000,&quot;infinite&quot;:&quot;yes&quot;,&quot;effect&quot;:&quot;slide&quot;,&quot;speed&quot;:500}\" data-widget_type=\"image-carousel.default\">\n\t\t\t\t<div class=\"elementor-widget-container\">\n\t\t\t\t\t<div class=\"elementor-image-carousel-wrapper swiper\" dir=\"ltr\">\n\t\t\t<div class=\"elementor-image-carousel swiper-wrapper\" aria-live=\"off\">\n\t\t\t\t\t\t\t\t<div class=\"swiper-slide\" role=\"group\" aria-roledescription=\"slide\" aria-label=\"1 sur 2\"><figure class=\"swiper-slide-inner\"><img decoding=\"async\" class=\"swiper-slide-image\" src=\"https:\/\/www.ifi-id.com\/wp-content\/uploads\/2026\/04\/Website-Banner-Sompo-x-IFI.jpg\" alt=\"Website Banner Sompo x IFI\" \/><\/figure><\/div><div class=\"swiper-slide\" role=\"group\" aria-roledescription=\"slide\" aria-label=\"2 sur 2\"><figure class=\"swiper-slide-inner\"><img decoding=\"async\" class=\"swiper-slide-image\" src=\"https:\/\/www.ifi-id.com\/wp-content\/uploads\/2026\/04\/Website-Banner-Sompo-x-IFI.jpg\" alt=\"Website Banner Sompo x IFI\" \/><\/figure><\/div>\t\t\t<\/div>\n\t\t\t\t\t\t\t\t\t\t\t\t<div class=\"elementor-swiper-button elementor-swiper-button-prev\" role=\"button\" tabindex=\"0\">\n\t\t\t\t\t\t<i aria-hidden=\"true\" class=\"eicon-chevron-left\"><\/i>\t\t\t\t\t<\/div>\n\t\t\t\t\t<div class=\"elementor-swiper-button elementor-swiper-button-next\" role=\"button\" tabindex=\"0\">\n\t\t\t\t\t\t<i aria-hidden=\"true\" class=\"eicon-chevron-right\"><\/i>\t\t\t\t\t<\/div>\n\t\t\t\t\n\t\t\t\t\t\t\t\t\t<div class=\"swiper-pagination\"><\/div>\n\t\t\t\t\t\t\t\t\t<\/div>\n\t\t\t\t<\/div>\n\t\t\t\t<\/div>\n\t\t\t\t\t<\/div>\n\t\t<\/div>\n\t\t\t\t\t<\/div>\n\t\t<\/section>\n\t\t\t\t<section class=\"elementor-section elementor-top-section elementor-element elementor-element-6e3e85ac elementor-section-boxed elementor-section-height-default elementor-section-height-default\" data-id=\"6e3e85ac\" data-element_type=\"section\">\n\t\t\t\t\t\t<div class=\"elementor-container elementor-column-gap-default\">\n\t\t\t\t\t<div class=\"elementor-column elementor-col-100 elementor-top-column elementor-element elementor-element-54ed5c5\" data-id=\"54ed5c5\" data-element_type=\"column\">\n\t\t\t<div class=\"elementor-widget-wrap elementor-element-populated\">\n\t\t\t\t\t\t<div class=\"elementor-element elementor-element-e730dc7 elementor-widget elementor-widget-text-editor\" data-id=\"e730dc7\" data-element_type=\"widget\" data-widget_type=\"text-editor.default\">\n\t\t\t\t<div class=\"elementor-widget-container\">\n\t\t\t\t\t\t\t<p><strong>Sompo Insurance et l&rsquo;IFI : un partenariat pour une couverture voyage compl\u00e8te\u00a0 <\/strong><\/p>\n<p>Depuis 2021, Sompo Insurance a conclu un partenariat strat\u00e9gique avec l&rsquo;Institut fran\u00e7ais d&rsquo;Indon\u00e9sie (IFI) afin d&rsquo;offrir une couverture d&rsquo;assurance voyage aux \u00e9tudiants indon\u00e9siens qui envisagent d&rsquo;\u00e9tudier en France, ainsi qu\u2019aux France Alumni et aux parents d&rsquo;\u00e9tudiants.<\/p>\n<p>Gr\u00e2ce \u00e0 ce programme, Sompo et l&rsquo;IFI offrent une protection compl\u00e8te \u00e0 la communaut\u00e9 de l&rsquo;IFI, tant avant le d\u00e9part qu&rsquo;apr\u00e8s l&rsquo;installation \u00e0 l&rsquo;\u00e9tranger. Ce programme d&rsquo;assurance voyage comprend notamment une offre d&rsquo;assurance voyage sp\u00e9cialement destin\u00e9e aux \u00e9tudiants qui partent \u00e9tudier en France, ainsi que des offres pour divers autres produits d&rsquo;assurance tels que l&rsquo;assurance automobile et l&rsquo;assurance habitation.<\/p>\n<p><strong>Couverture sp\u00e9ciale pour les \u00e9tudiants en France <\/strong><\/p>\n<p>Sompo propose \u00e9galement une couverture pendant la p\u00e9riode de transition avant que l&rsquo;\u00e9tudiant ne b\u00e9n\u00e9ficie de l&rsquo;assurance fournie par le gouvernement fran\u00e7ais. Il s&rsquo;agit d&rsquo;une assurance voyage aller simple d&rsquo;une dur\u00e9e minimale de 3 mois, sp\u00e9cialement con\u00e7ue pour les \u00e9tudiants qui pr\u00e9voient de s\u00e9journer longtemps en France.<\/p>\n<p><strong>R\u00e9ductions exclusives pour les membres IFI et France Alumni<\/strong><\/p>\n<p>En signe de reconnaissance envers la communaut\u00e9 de l&rsquo;IFI, Sompo propose des r\u00e9ductions sp\u00e9ciales aux membres IFI et France Alumni comme suit :<\/p>\n<ul>\n<li>Assurance voyage : 35 % de r\u00e9duction<\/li>\n<li>Assurance automobile : 25 % de r\u00e9duction<\/li>\n<li>Assurance habitation : 15 % de r\u00e9duction<\/li>\n<\/ul>\n<p>Ce partenariat t\u00e9moigne de l&rsquo;engagement de Sompo Insurance \u00e0 soutenir le parcours \u00e9ducatif et la vie de la communaut\u00e9 IFI, afin que ses membres puissent poursuivre leurs \u00e9tudes en toute s\u00e9curit\u00e9 et s\u00e9r\u00e9nit\u00e9.<\/p>\n<p>Pour plus d&rsquo;informations sur les programmes et les produits de Sompo Insurance, vous pouvez contacter <strong>Anindya Putri<\/strong> au <strong>081908701990<\/strong> ou par e-mail \u00e0 l&rsquo;adresse <a href=\"mailto:anindya.putri@sompo.co.id\">anindya.putri@sompo.co.id<\/a>. Vous pouvez \u00e9galement contacter le centre d&rsquo;appel de Sompo au <strong>14051<\/strong>.<\/p>\n\t\t\t\t\t\t<\/div>\n\t\t\t\t<\/div>\n\t\t\t\t\t<\/div>\n\t\t<\/div>\n\t\t\t\t\t<\/div>\n\t\t<\/section>\n\t\t\t\t<\/div>\n\t\t","protected":false},"excerpt":{"rendered":"<p>Sompo Insurance Sompo Insurance Sompo Insurance et l&rsquo;IFI : un partenariat pour une couverture voyage compl\u00e8te\u00a0 Depuis 2021, Sompo Insurance a conclu un partenariat strat\u00e9gique avec l&rsquo;Institut fran\u00e7ais d&rsquo;Indon\u00e9sie (IFI) afin d&rsquo;offrir une couverture d&rsquo;assurance voyage aux \u00e9tudiants indon\u00e9siens qui envisagent d&rsquo;\u00e9tudier en France, ainsi qu\u2019aux France Alumni et aux parents d&rsquo;\u00e9tudiants. Gr\u00e2ce \u00e0 ce &hellip; <\/p>\n<p class=\"link-more\"><a href=\"https:\/\/www.ifi-id.com\/fr\/carte-membre-ifi\/sompo\/\" class=\"more-link\">Continuer la lecture<span class=\"screen-reader-text\"> de &laquo;&nbsp;Sompo&nbsp;&raquo;<\/span><\/a><\/p>\n","protected":false},"author":8,"featured_media":61680,"parent":52305,"menu_order":0,"comment_status":"closed","ping_status":"closed","template":"elementor_header_footer","meta":{"footnotes":""},"class_list":["post-61690","page","type-page","status-publish","has-post-thumbnail","hentry"],"yoast_head":"<!-- This site is optimized with the Yoast SEO plugin v23.5 - https:\/\/yoast.com\/wordpress\/plugins\/seo\/ -->\n<title>Sompo - Institut fran\u00e7ais Indon\u00e9sie<\/title>\n<meta name=\"robots\" content=\"index, follow, max-snippet:-1, max-image-preview:large, max-video-preview:-1\" \/>\n<link rel=\"canonical\" href=\"https:\/\/www.ifi-id.com\/kartu-keanggotaan-ifi\/sompo\/\" \/>\n<meta property=\"og:locale\" content=\"fr_FR\" \/>\n<meta property=\"og:type\" content=\"article\" \/>\n<meta property=\"og:title\" content=\"Sompo - Institut fran\u00e7ais Indon\u00e9sie\" \/>\n<meta property=\"og:description\" content=\"Sompo Insurance Sompo Insurance Sompo Insurance et l&rsquo;IFI : un partenariat pour une couverture voyage compl\u00e8te\u00a0 Depuis 2021, Sompo Insurance a conclu un partenariat strat\u00e9gique avec l&rsquo;Institut fran\u00e7ais d&rsquo;Indon\u00e9sie (IFI) afin d&rsquo;offrir une couverture d&rsquo;assurance voyage aux \u00e9tudiants indon\u00e9siens qui envisagent d&rsquo;\u00e9tudier en France, ainsi qu\u2019aux France Alumni et aux parents d&rsquo;\u00e9tudiants. Gr\u00e2ce \u00e0 ce &hellip; Continuer la lecture de &laquo;&nbsp;Sompo&nbsp;&raquo;\" \/>\n<meta property=\"og:url\" content=\"https:\/\/www.ifi-id.com\/kartu-keanggotaan-ifi\/sompo\/\" \/>\n<meta property=\"og:site_name\" content=\"Institut fran\u00e7ais Indon\u00e9sie\" \/>\n<meta property=\"article:modified_time\" content=\"2026-04-17T08:47:58+00:00\" \/>\n<meta property=\"og:image\" content=\"https:\/\/www.ifi-id.com\/wp-content\/uploads\/2026\/04\/Sompo-scaled.jpg\" \/>\n\t<meta property=\"og:image:width\" content=\"2560\" \/>\n\t<meta property=\"og:image:height\" content=\"1440\" \/>\n\t<meta property=\"og:image:type\" content=\"image\/jpeg\" \/>\n<meta name=\"twitter:card\" content=\"summary_large_image\" \/>\n<meta name=\"twitter:label1\" content=\"Dur\u00e9e de lecture estim\u00e9e\" \/>\n\t<meta name=\"twitter:data1\" content=\"2 minutes\" \/>\n<script type=\"application\/ld+json\" class=\"yoast-schema-graph\">{\"@context\":\"https:\/\/schema.org\",\"@graph\":[{\"@type\":\"WebPage\",\"@id\":\"https:\/\/www.ifi-id.com\/kartu-keanggotaan-ifi\/sompo\/\",\"url\":\"https:\/\/www.ifi-id.com\/kartu-keanggotaan-ifi\/sompo\/\",\"name\":\"Sompo - Institut fran\u00e7ais Indon\u00e9sie\",\"isPartOf\":{\"@id\":\"https:\/\/www.ifi-id.com\/#website\"},\"primaryImageOfPage\":{\"@id\":\"https:\/\/www.ifi-id.com\/kartu-keanggotaan-ifi\/sompo\/#primaryimage\"},\"image\":{\"@id\":\"https:\/\/www.ifi-id.com\/kartu-keanggotaan-ifi\/sompo\/#primaryimage\"},\"thumbnailUrl\":\"https:\/\/www.ifi-id.com\/wp-content\/uploads\/2026\/04\/Sompo-scaled.jpg\",\"datePublished\":\"2026-04-17T08:47:52+00:00\",\"dateModified\":\"2026-04-17T08:47:58+00:00\",\"breadcrumb\":{\"@id\":\"https:\/\/www.ifi-id.com\/kartu-keanggotaan-ifi\/sompo\/#breadcrumb\"},\"inLanguage\":\"fr-FR\",\"potentialAction\":[{\"@type\":\"ReadAction\",\"target\":[\"https:\/\/www.ifi-id.com\/kartu-keanggotaan-ifi\/sompo\/\"]}]},{\"@type\":\"ImageObject\",\"inLanguage\":\"fr-FR\",\"@id\":\"https:\/\/www.ifi-id.com\/kartu-keanggotaan-ifi\/sompo\/#primaryimage\",\"url\":\"https:\/\/www.ifi-id.com\/wp-content\/uploads\/2026\/04\/Sompo-scaled.jpg\",\"contentUrl\":\"https:\/\/www.ifi-id.com\/wp-content\/uploads\/2026\/04\/Sompo-scaled.jpg\",\"width\":2560,\"height\":1440},{\"@type\":\"BreadcrumbList\",\"@id\":\"https:\/\/www.ifi-id.com\/kartu-keanggotaan-ifi\/sompo\/#breadcrumb\",\"itemListElement\":[{\"@type\":\"ListItem\",\"position\":1,\"name\":\"Home\",\"item\":\"https:\/\/www.ifi-id.com\/\"},{\"@type\":\"ListItem\",\"position\":2,\"name\":\"Carte membre IFI\",\"item\":\"https:\/\/www.ifi-id.com\/kartu-keanggotaan-ifi\/\"},{\"@type\":\"ListItem\",\"position\":3,\"name\":\"Sompo\"}]},{\"@type\":\"WebSite\",\"@id\":\"https:\/\/www.ifi-id.com\/#website\",\"url\":\"https:\/\/www.ifi-id.com\/\",\"name\":\"Institut fran\u00e7ais Indon\u00e9sie\",\"description\":\"\",\"publisher\":{\"@id\":\"https:\/\/www.ifi-id.com\/#organization\"},\"potentialAction\":[{\"@type\":\"SearchAction\",\"target\":{\"@type\":\"EntryPoint\",\"urlTemplate\":\"https:\/\/www.ifi-id.com\/?s={search_term_string}\"},\"query-input\":{\"@type\":\"PropertyValueSpecification\",\"valueRequired\":true,\"valueName\":\"search_term_string\"}}],\"inLanguage\":\"fr-FR\"},{\"@type\":\"Organization\",\"@id\":\"https:\/\/www.ifi-id.com\/#organization\",\"name\":\"Institut fran\u00e7ais Indon\u00e9sie\",\"url\":\"https:\/\/www.ifi-id.com\/\",\"logo\":{\"@type\":\"ImageObject\",\"inLanguage\":\"fr-FR\",\"@id\":\"https:\/\/www.ifi-id.com\/#\/schema\/logo\/image\/\",\"url\":\"https:\/\/www.ifi-id.com\/wp-content\/uploads\/2022\/12\/IFI_New_Logo.jpg\",\"contentUrl\":\"https:\/\/www.ifi-id.com\/wp-content\/uploads\/2022\/12\/IFI_New_Logo.jpg\",\"width\":666,\"height\":444,\"caption\":\"Institut fran\u00e7ais Indon\u00e9sie\"},\"image\":{\"@id\":\"https:\/\/www.ifi-id.com\/#\/schema\/logo\/image\/\"}}]}<\/script>\n<!-- \/ Yoast SEO plugin. -->","yoast_head_json":{"title":"Sompo - Institut fran\u00e7ais Indon\u00e9sie","robots":{"index":"index","follow":"follow","max-snippet":"max-snippet:-1","max-image-preview":"max-image-preview:large","max-video-preview":"max-video-preview:-1"},"canonical":"https:\/\/www.ifi-id.com\/kartu-keanggotaan-ifi\/sompo\/","og_locale":"fr_FR","og_type":"article","og_title":"Sompo - Institut fran\u00e7ais Indon\u00e9sie","og_description":"Sompo Insurance Sompo Insurance Sompo Insurance et l&rsquo;IFI : un partenariat pour une couverture voyage compl\u00e8te\u00a0 Depuis 2021, Sompo Insurance a conclu un partenariat strat\u00e9gique avec l&rsquo;Institut fran\u00e7ais d&rsquo;Indon\u00e9sie (IFI) afin d&rsquo;offrir une couverture d&rsquo;assurance voyage aux \u00e9tudiants indon\u00e9siens qui envisagent d&rsquo;\u00e9tudier en France, ainsi qu\u2019aux France Alumni et aux parents d&rsquo;\u00e9tudiants. Gr\u00e2ce \u00e0 ce &hellip; Continuer la lecture de &laquo;&nbsp;Sompo&nbsp;&raquo;","og_url":"https:\/\/www.ifi-id.com\/kartu-keanggotaan-ifi\/sompo\/","og_site_name":"Institut fran\u00e7ais Indon\u00e9sie","article_modified_time":"2026-04-17T08:47:58+00:00","og_image":[{"width":2560,"height":1440,"url":"https:\/\/www.ifi-id.com\/wp-content\/uploads\/2026\/04\/Sompo-scaled.jpg","type":"image\/jpeg"}],"twitter_card":"summary_large_image","twitter_misc":{"Dur\u00e9e de lecture estim\u00e9e":"2 minutes"},"schema":{"@context":"https:\/\/schema.org","@graph":[{"@type":"WebPage","@id":"https:\/\/www.ifi-id.com\/kartu-keanggotaan-ifi\/sompo\/","url":"https:\/\/www.ifi-id.com\/kartu-keanggotaan-ifi\/sompo\/","name":"Sompo - Institut fran\u00e7ais Indon\u00e9sie","isPartOf":{"@id":"https:\/\/www.ifi-id.com\/#website"},"primaryImageOfPage":{"@id":"https:\/\/www.ifi-id.com\/kartu-keanggotaan-ifi\/sompo\/#primaryimage"},"image":{"@id":"https:\/\/www.ifi-id.com\/kartu-keanggotaan-ifi\/sompo\/#primaryimage"},"thumbnailUrl":"https:\/\/www.ifi-id.com\/wp-content\/uploads\/2026\/04\/Sompo-scaled.jpg","datePublished":"2026-04-17T08:47:52+00:00","dateModified":"2026-04-17T08:47:58+00:00","breadcrumb":{"@id":"https:\/\/www.ifi-id.com\/kartu-keanggotaan-ifi\/sompo\/#breadcrumb"},"inLanguage":"fr-FR","potentialAction":[{"@type":"ReadAction","target":["https:\/\/www.ifi-id.com\/kartu-keanggotaan-ifi\/sompo\/"]}]},{"@type":"ImageObject","inLanguage":"fr-FR","@id":"https:\/\/www.ifi-id.com\/kartu-keanggotaan-ifi\/sompo\/#primaryimage","url":"https:\/\/www.ifi-id.com\/wp-content\/uploads\/2026\/04\/Sompo-scaled.jpg","contentUrl":"https:\/\/www.ifi-id.com\/wp-content\/uploads\/2026\/04\/Sompo-scaled.jpg","width":2560,"height":1440},{"@type":"BreadcrumbList","@id":"https:\/\/www.ifi-id.com\/kartu-keanggotaan-ifi\/sompo\/#breadcrumb","itemListElement":[{"@type":"ListItem","position":1,"name":"Home","item":"https:\/\/www.ifi-id.com\/"},{"@type":"ListItem","position":2,"name":"Carte membre IFI","item":"https:\/\/www.ifi-id.com\/kartu-keanggotaan-ifi\/"},{"@type":"ListItem","position":3,"name":"Sompo"}]},{"@type":"WebSite","@id":"https:\/\/www.ifi-id.com\/#website","url":"https:\/\/www.ifi-id.com\/","name":"Institut fran\u00e7ais Indon\u00e9sie","description":"","publisher":{"@id":"https:\/\/www.ifi-id.com\/#organization"},"potentialAction":[{"@type":"SearchAction","target":{"@type":"EntryPoint","urlTemplate":"https:\/\/www.ifi-id.com\/?s={search_term_string}"},"query-input":{"@type":"PropertyValueSpecification","valueRequired":true,"valueName":"search_term_string"}}],"inLanguage":"fr-FR"},{"@type":"Organization","@id":"https:\/\/www.ifi-id.com\/#organization","name":"Institut fran\u00e7ais Indon\u00e9sie","url":"https:\/\/www.ifi-id.com\/","logo":{"@type":"ImageObject","inLanguage":"fr-FR","@id":"https:\/\/www.ifi-id.com\/#\/schema\/logo\/image\/","url":"https:\/\/www.ifi-id.com\/wp-content\/uploads\/2022\/12\/IFI_New_Logo.jpg","contentUrl":"https:\/\/www.ifi-id.com\/wp-content\/uploads\/2022\/12\/IFI_New_Logo.jpg","width":666,"height":444,"caption":"Institut fran\u00e7ais Indon\u00e9sie"},"image":{"@id":"https:\/\/www.ifi-id.com\/#\/schema\/logo\/image\/"}}]}},"post_mailing_queue_ids":[],"_links":{"self":[{"href":"https:\/\/www.ifi-id.com\/fr\/wp-json\/wp\/v2\/pages\/61690"}],"collection":[{"href":"https:\/\/www.ifi-id.com\/fr\/wp-json\/wp\/v2\/pages"}],"about":[{"href":"https:\/\/www.ifi-id.com\/fr\/wp-json\/wp\/v2\/types\/page"}],"author":[{"embeddable":true,"href":"https:\/\/www.ifi-id.com\/fr\/wp-json\/wp\/v2\/users\/8"}],"replies":[{"embeddable":true,"href":"https:\/\/www.ifi-id.com\/fr\/wp-json\/wp\/v2\/comments?post=61690"}],"version-history":[{"count":1,"href":"https:\/\/www.ifi-id.com\/fr\/wp-json\/wp\/v2\/pages\/61690\/revisions"}],"predecessor-version":[{"id":61691,"href":"https:\/\/www.ifi-id.com\/fr\/wp-json\/wp\/v2\/pages\/61690\/revisions\/61691"}],"up":[{"embeddable":true,"href":"https:\/\/www.ifi-id.com\/fr\/wp-json\/wp\/v2\/pages\/52305"}],"wp:featuredmedia":[{"embeddable":true,"href":"https:\/\/www.ifi-id.com\/fr\/wp-json\/wp\/v2\/media\/61680"}],"wp:attachment":[{"href":"https:\/\/www.ifi-id.com\/fr\/wp-json\/wp\/v2\/media?parent=61690"}],"curies":[{"name":"wp","href":"https:\/\/api.w.org\/{rel}","templated":true}]}}