{"id":6140,"date":"2021-01-15T04:47:16","date_gmt":"2021-01-15T04:47:16","guid":{"rendered":"https:\/\/ifi.lab.virus.co.id\/?page_id=6140"},"modified":"2021-01-19T03:37:42","modified_gmt":"2021-01-19T03:37:42","slug":"ifi-yogyakarta-apprenez-a-votre-rythme","status":"publish","type":"page","link":"https:\/\/www.ifi-id.com\/fr\/ifi-yogyakarta-apprenez-a-votre-rythme\/","title":{"rendered":"IFI Yogyakarta &#8211; APPRENEZ A VOTRE RYTHME!"},"content":{"rendered":"\t\t<div data-elementor-type=\"wp-page\" data-elementor-id=\"6140\" class=\"elementor elementor-6140 elementor-3941\" data-elementor-post-type=\"page\">\n\t\t\t\t\t\t<section class=\"elementor-section elementor-top-section elementor-element elementor-element-47d3947 elementor-section-boxed elementor-section-height-default elementor-section-height-default\" data-id=\"47d3947\" data-element_type=\"section\">\n\t\t\t\t\t\t<div class=\"elementor-container elementor-column-gap-default\">\n\t\t\t\t\t<div class=\"elementor-column elementor-col-100 elementor-top-column elementor-element elementor-element-94db494\" data-id=\"94db494\" data-element_type=\"column\">\n\t\t\t<div class=\"elementor-widget-wrap elementor-element-populated\">\n\t\t\t\t\t\t<div class=\"elementor-element elementor-element-6090276 elementor-widget elementor-widget-heading\" data-id=\"6090276\" data-element_type=\"widget\" data-widget_type=\"heading.default\">\n\t\t\t\t<div class=\"elementor-widget-container\">\n\t\t\t<h2 class=\"elementor-heading-title elementor-size-default\">APPRENEZ A VOTRE RYTHME!<\/h2>\t\t<\/div>\n\t\t\t\t<\/div>\n\t\t\t\t\t<\/div>\n\t\t<\/div>\n\t\t\t\t\t<\/div>\n\t\t<\/section>\n\t\t\t\t<section class=\"elementor-section elementor-top-section elementor-element elementor-element-518b7394 elementor-section-boxed elementor-section-height-default elementor-section-height-default\" data-id=\"518b7394\" data-element_type=\"section\">\n\t\t\t\t\t\t<div class=\"elementor-container elementor-column-gap-default\">\n\t\t\t\t\t<div class=\"elementor-column elementor-col-100 elementor-top-column elementor-element elementor-element-26808d95\" data-id=\"26808d95\" data-element_type=\"column\">\n\t\t\t<div class=\"elementor-widget-wrap elementor-element-populated\">\n\t\t\t\t\t\t<div class=\"elementor-element elementor-element-430d21a9 elementor-widget elementor-widget-text-editor\" data-id=\"430d21a9\" data-element_type=\"widget\" data-widget_type=\"text-editor.default\">\n\t\t\t\t<div class=\"elementor-widget-container\">\n\t\t\t\t\t\t\t\n<!-- wp:heading {\"level\":5} -->\n<h5>FRANCHISSEZ DES NIVEAUX<\/h5>\n<!-- \/wp:heading -->\n\n<!-- wp:heading {\"level\":5} -->\n<h5>Apprenez de fa\u00e7on progressive, en franchissant des niveaux, pour mesurez vos progr\u00e8s, ma\u00eetriser votre rythme d\u2019apprentissage (ou r\u00e9orienter votre parcours, en cas de besoin.<\/h5>\n<!-- \/wp:heading -->\n\n<!-- wp:heading {\"level\":5} -->\n<h5>PROGRESSEZ PAR ETAPES<\/h5>\n<!-- \/wp:heading -->\n\n<!-- wp:heading {\"level\":5} -->\n<h5>Chaque niveau peut \u00eatre suivi int\u00e9gralement ou en partie. Exemple : le niveau A1 peut \u00eatre r\u00e9alis\u00e9 en deux \u00e9tapes en s\u2019inscrivant cons\u00e9cutivement aux \u00e9tapes A1.1 et A1.2.Pour les plus press\u00e9s, il est m\u00eame possible de s\u2019inscrire pour plusieurs niveaux. Exemple : dans le cours Super Intensif, les \u00e9tudiants commencent au niveau d\u00e9butant et franchissent 4 niveaux (A1, A2, B1, B2) dans une p\u00e9riode de 7 mois, \u00e0 raison de 30h par semaine.Informez-vous sur les \u00e9tapes disponibles par niveau et progressez \u00e0 votre rythme !<\/h5>\n<!-- \/wp:heading -->\n\n<!-- wp:heading {\"level\":5} -->\n<h5>COMPLETEZ VOTRE PARCOURS<\/h5>\n<!-- \/wp:heading -->\n\n<!-- wp:heading {\"level\":5} -->\n<h5>Des cours th\u00e9matiques sont propos\u00e9s pour renforcer vos comp\u00e9tences.Vous pouvez \u00e9galement suivre des cours de conversation pour vous sentir plus \u00e0 l\u2019aise dans les \u00e9changes et la communication en fran\u00e7ais.Si vous souhaitez vous sp\u00e9cialiser dans le fran\u00e7ais professionnel, consulter notre offre Formation pour les entreprises.Un cours de pr\u00e9paration aux examens DELF-DALF peut convenir \u00e0 ceux qui veulent mettre toutes les chances de leur c\u00f4t\u00e9 apr\u00e8s avoir suivi un cours de fran\u00e7ais g\u00e9n\u00e9ral.<\/h5>\n<!-- \/wp:heading -->\n\n<!-- wp:heading {\"level\":5} -->\n<h5>CERTIFIEZ VOTRE NIVEAU<\/h5>\n<!-- \/wp:heading -->\n\n<!-- wp:heading {\"level\":5} -->\n<h5>Chaque niveau peut \u00eatre valid\u00e9 par une certification officielle DELF ou DALF.Il n\u2019y a bien s\u00fbr aucune obligation de certification pour franchir un niveau sup\u00e9rieur et s\u2019inscrire dans un nouveau cours. Mais pourquoi se priver d\u2019une certification lorsque l\u2019on vient tout juste d\u2019acqu\u00e9rir les comp\u00e9tences pour r\u00e9ussir un simple examen ?Cliquez\u00a0<a href=\"https:\/\/www.ifi-id.com\/yogyakarta\/certifications\">ici\u00a0<\/a>pour plus d\u2019informations sur les certifications.<\/h5>\n<!-- \/wp:heading -->\t\t\t\t\t\t<\/div>\n\t\t\t\t<\/div>\n\t\t\t\t\t<\/div>\n\t\t<\/div>\n\t\t\t\t\t<\/div>\n\t\t<\/section>\n\t\t\t\t<\/div>\n\t\t","protected":false},"excerpt":{"rendered":"<p>APPRENEZ A VOTRE RYTHME! FRANCHISSEZ DES NIVEAUX Apprenez de fa\u00e7on progressive, en franchissant des niveaux, pour mesurez vos progr\u00e8s, ma\u00eetriser votre rythme d\u2019apprentissage (ou r\u00e9orienter votre parcours, en cas de besoin. PROGRESSEZ PAR ETAPES Chaque niveau peut \u00eatre suivi int\u00e9gralement ou en partie. Exemple : le niveau A1 peut \u00eatre r\u00e9alis\u00e9 en deux \u00e9tapes en &hellip; <\/p>\n<p class=\"link-more\"><a href=\"https:\/\/www.ifi-id.com\/fr\/ifi-yogyakarta-apprenez-a-votre-rythme\/\" class=\"more-link\">Continuer la lecture<span class=\"screen-reader-text\"> de &laquo;&nbsp;IFI Yogyakarta &#8211; APPRENEZ A VOTRE RYTHME!&nbsp;&raquo;<\/span><\/a><\/p>\n","protected":false},"author":1,"featured_media":0,"parent":0,"menu_order":0,"comment_status":"closed","ping_status":"closed","template":"elementor_header_footer","meta":{"footnotes":""},"class_list":["post-6140","page","type-page","status-publish","hentry"],"yoast_head":"<!-- This site is optimized with the Yoast SEO plugin v23.5 - https:\/\/yoast.com\/wordpress\/plugins\/seo\/ -->\n<title>IFI Yogyakarta - APPRENEZ A VOTRE RYTHME! - Institut fran\u00e7ais Indon\u00e9sie<\/title>\n<meta name=\"robots\" content=\"index, follow, max-snippet:-1, max-image-preview:large, max-video-preview:-1\" \/>\n<link rel=\"canonical\" href=\"https:\/\/www.ifi-id.com\/fr\/ifi-yogyakarta-apprenez-a-votre-rythme\/\" \/>\n<meta property=\"og:locale\" content=\"fr_FR\" \/>\n<meta property=\"og:type\" content=\"article\" \/>\n<meta property=\"og:title\" content=\"IFI Yogyakarta - APPRENEZ A VOTRE RYTHME! - Institut fran\u00e7ais Indon\u00e9sie\" \/>\n<meta property=\"og:description\" content=\"APPRENEZ A VOTRE RYTHME! FRANCHISSEZ DES NIVEAUX Apprenez de fa\u00e7on progressive, en franchissant des niveaux, pour mesurez vos progr\u00e8s, ma\u00eetriser votre rythme d\u2019apprentissage (ou r\u00e9orienter votre parcours, en cas de besoin. PROGRESSEZ PAR ETAPES Chaque niveau peut \u00eatre suivi int\u00e9gralement ou en partie. Exemple : le niveau A1 peut \u00eatre r\u00e9alis\u00e9 en deux \u00e9tapes en &hellip; Continuer la lecture de &laquo;&nbsp;IFI Yogyakarta &#8211; APPRENEZ A VOTRE RYTHME!&nbsp;&raquo;\" \/>\n<meta property=\"og:url\" content=\"https:\/\/www.ifi-id.com\/fr\/ifi-yogyakarta-apprenez-a-votre-rythme\/\" \/>\n<meta property=\"og:site_name\" content=\"Institut fran\u00e7ais Indon\u00e9sie\" \/>\n<meta property=\"article:modified_time\" content=\"2021-01-19T03:37:42+00:00\" \/>\n<meta name=\"twitter:card\" content=\"summary_large_image\" \/>\n<meta name=\"twitter:label1\" content=\"Dur\u00e9e de lecture estim\u00e9e\" \/>\n\t<meta name=\"twitter:data1\" content=\"1 minute\" \/>\n<script type=\"application\/ld+json\" class=\"yoast-schema-graph\">{\"@context\":\"https:\/\/schema.org\",\"@graph\":[{\"@type\":\"WebPage\",\"@id\":\"https:\/\/www.ifi-id.com\/fr\/ifi-yogyakarta-apprenez-a-votre-rythme\/\",\"url\":\"https:\/\/www.ifi-id.com\/fr\/ifi-yogyakarta-apprenez-a-votre-rythme\/\",\"name\":\"IFI Yogyakarta - APPRENEZ A VOTRE RYTHME! - Institut fran\u00e7ais Indon\u00e9sie\",\"isPartOf\":{\"@id\":\"https:\/\/www.ifi-id.com\/#website\"},\"datePublished\":\"2021-01-15T04:47:16+00:00\",\"dateModified\":\"2021-01-19T03:37:42+00:00\",\"breadcrumb\":{\"@id\":\"https:\/\/www.ifi-id.com\/fr\/ifi-yogyakarta-apprenez-a-votre-rythme\/#breadcrumb\"},\"inLanguage\":\"fr-FR\",\"potentialAction\":[{\"@type\":\"ReadAction\",\"target\":[\"https:\/\/www.ifi-id.com\/fr\/ifi-yogyakarta-apprenez-a-votre-rythme\/\"]}]},{\"@type\":\"BreadcrumbList\",\"@id\":\"https:\/\/www.ifi-id.com\/fr\/ifi-yogyakarta-apprenez-a-votre-rythme\/#breadcrumb\",\"itemListElement\":[{\"@type\":\"ListItem\",\"position\":1,\"name\":\"Home\",\"item\":\"https:\/\/www.ifi-id.com\/\"},{\"@type\":\"ListItem\",\"position\":2,\"name\":\"IFI Yogyakarta &#8211; APPRENEZ A VOTRE RYTHME!\"}]},{\"@type\":\"WebSite\",\"@id\":\"https:\/\/www.ifi-id.com\/#website\",\"url\":\"https:\/\/www.ifi-id.com\/\",\"name\":\"Institut fran\u00e7ais Indon\u00e9sie\",\"description\":\"\",\"publisher\":{\"@id\":\"https:\/\/www.ifi-id.com\/#organization\"},\"potentialAction\":[{\"@type\":\"SearchAction\",\"target\":{\"@type\":\"EntryPoint\",\"urlTemplate\":\"https:\/\/www.ifi-id.com\/?s={search_term_string}\"},\"query-input\":{\"@type\":\"PropertyValueSpecification\",\"valueRequired\":true,\"valueName\":\"search_term_string\"}}],\"inLanguage\":\"fr-FR\"},{\"@type\":\"Organization\",\"@id\":\"https:\/\/www.ifi-id.com\/#organization\",\"name\":\"Institut fran\u00e7ais Indon\u00e9sie\",\"url\":\"https:\/\/www.ifi-id.com\/\",\"logo\":{\"@type\":\"ImageObject\",\"inLanguage\":\"fr-FR\",\"@id\":\"https:\/\/www.ifi-id.com\/#\/schema\/logo\/image\/\",\"url\":\"https:\/\/www.ifi-id.com\/wp-content\/uploads\/2022\/12\/IFI_New_Logo.jpg\",\"contentUrl\":\"https:\/\/www.ifi-id.com\/wp-content\/uploads\/2022\/12\/IFI_New_Logo.jpg\",\"width\":666,\"height\":444,\"caption\":\"Institut fran\u00e7ais Indon\u00e9sie\"},\"image\":{\"@id\":\"https:\/\/www.ifi-id.com\/#\/schema\/logo\/image\/\"}}]}<\/script>\n<!-- \/ Yoast SEO plugin. -->","yoast_head_json":{"title":"IFI Yogyakarta - APPRENEZ A VOTRE RYTHME! - Institut fran\u00e7ais Indon\u00e9sie","robots":{"index":"index","follow":"follow","max-snippet":"max-snippet:-1","max-image-preview":"max-image-preview:large","max-video-preview":"max-video-preview:-1"},"canonical":"https:\/\/www.ifi-id.com\/fr\/ifi-yogyakarta-apprenez-a-votre-rythme\/","og_locale":"fr_FR","og_type":"article","og_title":"IFI Yogyakarta - APPRENEZ A VOTRE RYTHME! - Institut fran\u00e7ais Indon\u00e9sie","og_description":"APPRENEZ A VOTRE RYTHME! FRANCHISSEZ DES NIVEAUX Apprenez de fa\u00e7on progressive, en franchissant des niveaux, pour mesurez vos progr\u00e8s, ma\u00eetriser votre rythme d\u2019apprentissage (ou r\u00e9orienter votre parcours, en cas de besoin. PROGRESSEZ PAR ETAPES Chaque niveau peut \u00eatre suivi int\u00e9gralement ou en partie. Exemple : le niveau A1 peut \u00eatre r\u00e9alis\u00e9 en deux \u00e9tapes en &hellip; Continuer la lecture de &laquo;&nbsp;IFI Yogyakarta &#8211; APPRENEZ A VOTRE RYTHME!&nbsp;&raquo;","og_url":"https:\/\/www.ifi-id.com\/fr\/ifi-yogyakarta-apprenez-a-votre-rythme\/","og_site_name":"Institut fran\u00e7ais Indon\u00e9sie","article_modified_time":"2021-01-19T03:37:42+00:00","twitter_card":"summary_large_image","twitter_misc":{"Dur\u00e9e de lecture estim\u00e9e":"1 minute"},"schema":{"@context":"https:\/\/schema.org","@graph":[{"@type":"WebPage","@id":"https:\/\/www.ifi-id.com\/fr\/ifi-yogyakarta-apprenez-a-votre-rythme\/","url":"https:\/\/www.ifi-id.com\/fr\/ifi-yogyakarta-apprenez-a-votre-rythme\/","name":"IFI Yogyakarta - APPRENEZ A VOTRE RYTHME! - Institut fran\u00e7ais Indon\u00e9sie","isPartOf":{"@id":"https:\/\/www.ifi-id.com\/#website"},"datePublished":"2021-01-15T04:47:16+00:00","dateModified":"2021-01-19T03:37:42+00:00","breadcrumb":{"@id":"https:\/\/www.ifi-id.com\/fr\/ifi-yogyakarta-apprenez-a-votre-rythme\/#breadcrumb"},"inLanguage":"fr-FR","potentialAction":[{"@type":"ReadAction","target":["https:\/\/www.ifi-id.com\/fr\/ifi-yogyakarta-apprenez-a-votre-rythme\/"]}]},{"@type":"BreadcrumbList","@id":"https:\/\/www.ifi-id.com\/fr\/ifi-yogyakarta-apprenez-a-votre-rythme\/#breadcrumb","itemListElement":[{"@type":"ListItem","position":1,"name":"Home","item":"https:\/\/www.ifi-id.com\/"},{"@type":"ListItem","position":2,"name":"IFI Yogyakarta &#8211; APPRENEZ A VOTRE RYTHME!"}]},{"@type":"WebSite","@id":"https:\/\/www.ifi-id.com\/#website","url":"https:\/\/www.ifi-id.com\/","name":"Institut fran\u00e7ais Indon\u00e9sie","description":"","publisher":{"@id":"https:\/\/www.ifi-id.com\/#organization"},"potentialAction":[{"@type":"SearchAction","target":{"@type":"EntryPoint","urlTemplate":"https:\/\/www.ifi-id.com\/?s={search_term_string}"},"query-input":{"@type":"PropertyValueSpecification","valueRequired":true,"valueName":"search_term_string"}}],"inLanguage":"fr-FR"},{"@type":"Organization","@id":"https:\/\/www.ifi-id.com\/#organization","name":"Institut fran\u00e7ais Indon\u00e9sie","url":"https:\/\/www.ifi-id.com\/","logo":{"@type":"ImageObject","inLanguage":"fr-FR","@id":"https:\/\/www.ifi-id.com\/#\/schema\/logo\/image\/","url":"https:\/\/www.ifi-id.com\/wp-content\/uploads\/2022\/12\/IFI_New_Logo.jpg","contentUrl":"https:\/\/www.ifi-id.com\/wp-content\/uploads\/2022\/12\/IFI_New_Logo.jpg","width":666,"height":444,"caption":"Institut fran\u00e7ais Indon\u00e9sie"},"image":{"@id":"https:\/\/www.ifi-id.com\/#\/schema\/logo\/image\/"}}]}},"post_mailing_queue_ids":[],"_links":{"self":[{"href":"https:\/\/www.ifi-id.com\/fr\/wp-json\/wp\/v2\/pages\/6140"}],"collection":[{"href":"https:\/\/www.ifi-id.com\/fr\/wp-json\/wp\/v2\/pages"}],"about":[{"href":"https:\/\/www.ifi-id.com\/fr\/wp-json\/wp\/v2\/types\/page"}],"author":[{"embeddable":true,"href":"https:\/\/www.ifi-id.com\/fr\/wp-json\/wp\/v2\/users\/1"}],"replies":[{"embeddable":true,"href":"https:\/\/www.ifi-id.com\/fr\/wp-json\/wp\/v2\/comments?post=6140"}],"version-history":[{"count":7,"href":"https:\/\/www.ifi-id.com\/fr\/wp-json\/wp\/v2\/pages\/6140\/revisions"}],"predecessor-version":[{"id":6920,"href":"https:\/\/www.ifi-id.com\/fr\/wp-json\/wp\/v2\/pages\/6140\/revisions\/6920"}],"wp:attachment":[{"href":"https:\/\/www.ifi-id.com\/fr\/wp-json\/wp\/v2\/media?parent=6140"}],"curies":[{"name":"wp","href":"https:\/\/api.w.org\/{rel}","templated":true}]}}