{"id":61287,"date":"2026-04-08T18:44:34","date_gmt":"2026-04-08T11:44:34","guid":{"rendered":"https:\/\/www.ifi-id.com\/carte-membre-ifi\/paris-bistro\/"},"modified":"2026-04-08T18:44:38","modified_gmt":"2026-04-08T11:44:38","slug":"paris-bistro","status":"publish","type":"page","link":"https:\/\/www.ifi-id.com\/fr\/carte-membre-ifi\/paris-bistro\/","title":{"rendered":"Paris Bistro"},"content":{"rendered":"\t\t<div data-elementor-type=\"wp-page\" data-elementor-id=\"61287\" class=\"elementor elementor-61287 elementor-61277\" data-elementor-post-type=\"page\">\n\t\t\t\t\t\t<section class=\"elementor-section elementor-top-section elementor-element elementor-element-2a7df864 elementor-section-boxed elementor-section-height-default elementor-section-height-default\" data-id=\"2a7df864\" data-element_type=\"section\">\n\t\t\t\t\t\t<div class=\"elementor-container elementor-column-gap-default\">\n\t\t\t\t\t<div class=\"elementor-column elementor-col-100 elementor-top-column elementor-element elementor-element-395600cc\" data-id=\"395600cc\" data-element_type=\"column\">\n\t\t\t<div class=\"elementor-widget-wrap elementor-element-populated\">\n\t\t\t\t\t\t<div class=\"elementor-element elementor-element-4615955c elementor-hidden-mobile elementor-widget elementor-widget-heading\" data-id=\"4615955c\" data-element_type=\"widget\" data-widget_type=\"heading.default\">\n\t\t\t\t<div class=\"elementor-widget-container\">\n\t\t\t<h2 class=\"elementor-heading-title elementor-size-default\">Paris Bistro<\/h2>\t\t<\/div>\n\t\t\t\t<\/div>\n\t\t\t\t\t<\/div>\n\t\t<\/div>\n\t\t\t\t\t<\/div>\n\t\t<\/section>\n\t\t\t\t<section class=\"elementor-section elementor-top-section elementor-element elementor-element-4dd3499e elementor-section-boxed elementor-section-height-default elementor-section-height-default\" data-id=\"4dd3499e\" data-element_type=\"section\">\n\t\t\t\t\t\t<div class=\"elementor-container elementor-column-gap-default\">\n\t\t\t\t\t<div class=\"elementor-column elementor-col-100 elementor-top-column elementor-element elementor-element-4b9c581c\" data-id=\"4b9c581c\" data-element_type=\"column\">\n\t\t\t<div class=\"elementor-widget-wrap elementor-element-populated\">\n\t\t\t\t\t\t<div class=\"elementor-element elementor-element-a7c43e5 elementor-hidden-desktop elementor-hidden-tablet elementor-widget elementor-widget-heading\" data-id=\"a7c43e5\" data-element_type=\"widget\" data-widget_type=\"heading.default\">\n\t\t\t\t<div class=\"elementor-widget-container\">\n\t\t\t<h1 class=\"elementor-heading-title elementor-size-default\">Paris Bistro <\/h1>\t\t<\/div>\n\t\t\t\t<\/div>\n\t\t\t\t\t<\/div>\n\t\t<\/div>\n\t\t\t\t\t<\/div>\n\t\t<\/section>\n\t\t\t\t<section class=\"elementor-section elementor-top-section elementor-element elementor-element-3d14fc44 elementor-section-boxed elementor-section-height-default elementor-section-height-default\" data-id=\"3d14fc44\" data-element_type=\"section\">\n\t\t\t\t\t\t<div class=\"elementor-container elementor-column-gap-default\">\n\t\t\t\t\t<div class=\"elementor-column elementor-col-100 elementor-top-column elementor-element elementor-element-764c9720\" data-id=\"764c9720\" data-element_type=\"column\">\n\t\t\t<div class=\"elementor-widget-wrap elementor-element-populated\">\n\t\t\t\t\t\t<div class=\"elementor-element elementor-element-23e8b939 elementor-widget elementor-widget-image\" data-id=\"23e8b939\" data-element_type=\"widget\" data-widget_type=\"image.default\">\n\t\t\t\t<div class=\"elementor-widget-container\">\n\t\t\t\t\t\t\t\t\t\t\t\t\t<img fetchpriority=\"high\" decoding=\"async\" width=\"2560\" height=\"1440\" src=\"https:\/\/www.ifi-id.com\/wp-content\/uploads\/2026\/04\/Paris-Bistro_0000_XH2S5293-scaled.jpg\" class=\"attachment-full size-full wp-image-61281\" alt=\"\" srcset=\"https:\/\/www.ifi-id.com\/wp-content\/uploads\/2026\/04\/Paris-Bistro_0000_XH2S5293-scaled.jpg 2560w, https:\/\/www.ifi-id.com\/wp-content\/uploads\/2026\/04\/Paris-Bistro_0000_XH2S5293-300x169.jpg 300w, https:\/\/www.ifi-id.com\/wp-content\/uploads\/2026\/04\/Paris-Bistro_0000_XH2S5293-1024x576.jpg 1024w, https:\/\/www.ifi-id.com\/wp-content\/uploads\/2026\/04\/Paris-Bistro_0000_XH2S5293-768x432.jpg 768w, https:\/\/www.ifi-id.com\/wp-content\/uploads\/2026\/04\/Paris-Bistro_0000_XH2S5293-1536x864.jpg 1536w, https:\/\/www.ifi-id.com\/wp-content\/uploads\/2026\/04\/Paris-Bistro_0000_XH2S5293-2048x1152.jpg 2048w\" sizes=\"100vw\" \/>\t\t\t\t\t\t\t\t\t\t\t\t\t<\/div>\n\t\t\t\t<\/div>\n\t\t\t\t\t<\/div>\n\t\t<\/div>\n\t\t\t\t\t<\/div>\n\t\t<\/section>\n\t\t\t\t<section class=\"elementor-section elementor-top-section elementor-element elementor-element-2718b118 elementor-section-boxed elementor-section-height-default elementor-section-height-default\" data-id=\"2718b118\" data-element_type=\"section\">\n\t\t\t\t\t\t<div class=\"elementor-container elementor-column-gap-default\">\n\t\t\t\t\t<div class=\"elementor-column elementor-col-100 elementor-top-column elementor-element elementor-element-1de14358\" data-id=\"1de14358\" data-element_type=\"column\">\n\t\t\t<div class=\"elementor-widget-wrap elementor-element-populated\">\n\t\t\t\t\t\t<div class=\"elementor-element elementor-element-29fd38a4 elementor-widget elementor-widget-text-editor\" data-id=\"29fd38a4\" data-element_type=\"widget\" data-widget_type=\"text-editor.default\">\n\t\t\t\t<div class=\"elementor-widget-container\">\n\t\t\t\t\t\t\t<p>Paris Bistro offre le charme classique d&rsquo;un restaurant typiquement parisien au c\u0153ur de Jakarta. Situ\u00e9 au 13e \u00e9tage de la Jakarta Mori Tower, \u00e0 Sudirman, il invite ses clients \u00e0 d\u00e9guster des plats traditionnels fran\u00e7ais dans une atmosph\u00e8re \u00e9l\u00e9gante au charme d&rsquo;antan, contrastant avec le panorama m\u00e9tropolitain et l&rsquo;agitation du centre-ville moderne.<\/p>\n<p>Ce restaurant fait partie du groupe La Rochelle, propri\u00e9t\u00e9 de deux amis fran\u00e7ais, Jonas Bourhis et Sacha Lefebvre, \u00e9galement connus pour leur enseigne Paris Sorbet \u00e0 Jakarta. Poursuivant leur vision d&rsquo;apporter les d\u00e9lices et le style de vie fran\u00e7ais \u00e0 la ville, Paris Bistro recr\u00e9e de mani\u00e8re authentique l&rsquo;atmosph\u00e8re d&rsquo;un bistrot classique plein de caract\u00e8re, avec une d\u00e9coration vintage, des tables en marbre, des chaises en rotin et un \u00e9clairage chaleureux et intime.<\/p>\n<p>Paris Bistro dispose \u00e9galement d&rsquo;une grande terrasse ext\u00e9rieure, inspir\u00e9e de la culture iconique des caf\u00e9s parisiens, ainsi que d&rsquo;un espace int\u00e9rieur confortable et raffin\u00e9, ce qui en fait une destination id\u00e9ale pour les amateurs de cuisine haut de gamme \u00e0 Jakarta.<\/p>\n<p>En guise de remerciement, <strong>les membres de l&rsquo;IFI ont droit \u00e0 une r\u00e9duction de 10 % sur la nourriture et les boissons<\/strong> au Paris Bistro.<\/p>\n\t\t\t\t\t\t<\/div>\n\t\t\t\t<\/div>\n\t\t\t\t\t<\/div>\n\t\t<\/div>\n\t\t\t\t\t<\/div>\n\t\t<\/section>\n\t\t\t\t<section class=\"elementor-section elementor-top-section elementor-element elementor-element-2ead8112 elementor-section-boxed elementor-section-height-default elementor-section-height-default\" data-id=\"2ead8112\" data-element_type=\"section\">\n\t\t\t\t\t\t<div class=\"elementor-container elementor-column-gap-default\">\n\t\t\t\t\t<div class=\"elementor-column elementor-col-100 elementor-top-column elementor-element elementor-element-32ac8758\" data-id=\"32ac8758\" data-element_type=\"column\">\n\t\t\t<div class=\"elementor-widget-wrap elementor-element-populated\">\n\t\t\t\t\t\t<div class=\"elementor-element elementor-element-1810891d elementor-widget elementor-widget-heading\" data-id=\"1810891d\" data-element_type=\"widget\" data-widget_type=\"heading.default\">\n\t\t\t\t<div class=\"elementor-widget-container\">\n\t\t\t<h2 class=\"elementor-heading-title elementor-size-default\">Adresse<\/h2>\t\t<\/div>\n\t\t\t\t<\/div>\n\t\t\t\t\t<\/div>\n\t\t<\/div>\n\t\t\t\t\t<\/div>\n\t\t<\/section>\n\t\t\t\t<section class=\"elementor-section elementor-top-section elementor-element elementor-element-42f4e296 elementor-section-boxed elementor-section-height-default elementor-section-height-default\" data-id=\"42f4e296\" data-element_type=\"section\">\n\t\t\t\t\t\t<div class=\"elementor-container elementor-column-gap-default\">\n\t\t\t\t\t<div class=\"elementor-column elementor-col-100 elementor-top-column elementor-element elementor-element-75e42d47\" data-id=\"75e42d47\" data-element_type=\"column\">\n\t\t\t<div class=\"elementor-widget-wrap elementor-element-populated\">\n\t\t\t\t\t\t<div class=\"elementor-element elementor-element-4153443f elementor-widget elementor-widget-html\" data-id=\"4153443f\" data-element_type=\"widget\" data-widget_type=\"html.default\">\n\t\t\t\t<div class=\"elementor-widget-container\">\n\t\t\t<iframe src=\"https:\/\/www.google.com\/maps\/embed?pb=!1m18!1m12!1m3!1d3966.3570000551313!2d106.8150239!3d-6.216562999999999!2m3!1f0!2f0!3f0!3m2!1i1024!2i768!4f13.1!3m3!1m2!1s0x2e69f755d9daaf3d%3A0x3596d8b84976a385!2sParis%20Bistro!5e0!3m2!1sen!2sid!4v1775647704758!5m2!1sen!2sid\" width=\"400\" height=\"300\" style=\"border:0;\" allowfullscreen=\"\" loading=\"lazy\" referrerpolicy=\"no-referrer-when-downgrade\"><\/iframe>\t\t<\/div>\n\t\t\t\t<\/div>\n\t\t\t\t\t<\/div>\n\t\t<\/div>\n\t\t\t\t\t<\/div>\n\t\t<\/section>\n\t\t\t\t<\/div>\n\t\t","protected":false},"excerpt":{"rendered":"<p>Paris Bistro Paris Bistro Paris Bistro offre le charme classique d&rsquo;un restaurant typiquement parisien au c\u0153ur de Jakarta. Situ\u00e9 au 13e \u00e9tage de la Jakarta Mori Tower, \u00e0 Sudirman, il invite ses clients \u00e0 d\u00e9guster des plats traditionnels fran\u00e7ais dans une atmosph\u00e8re \u00e9l\u00e9gante au charme d&rsquo;antan, contrastant avec le panorama m\u00e9tropolitain et l&rsquo;agitation du centre-ville &hellip; <\/p>\n<p class=\"link-more\"><a href=\"https:\/\/www.ifi-id.com\/fr\/carte-membre-ifi\/paris-bistro\/\" class=\"more-link\">Continuer la lecture<span class=\"screen-reader-text\"> de &laquo;&nbsp;Paris Bistro&nbsp;&raquo;<\/span><\/a><\/p>\n","protected":false},"author":8,"featured_media":61279,"parent":52305,"menu_order":0,"comment_status":"closed","ping_status":"closed","template":"elementor_header_footer","meta":{"footnotes":""},"class_list":["post-61287","page","type-page","status-publish","has-post-thumbnail","hentry"],"yoast_head":"<!-- This site is optimized with the Yoast SEO plugin v23.5 - https:\/\/yoast.com\/wordpress\/plugins\/seo\/ -->\n<title>Paris Bistro - Institut fran\u00e7ais Indon\u00e9sie<\/title>\n<meta name=\"robots\" content=\"index, follow, max-snippet:-1, max-image-preview:large, max-video-preview:-1\" \/>\n<link rel=\"canonical\" href=\"https:\/\/www.ifi-id.com\/kartu-keanggotaan-ifi\/paris-bistro\/\" \/>\n<meta property=\"og:locale\" content=\"fr_FR\" \/>\n<meta property=\"og:type\" content=\"article\" \/>\n<meta property=\"og:title\" content=\"Paris Bistro - Institut fran\u00e7ais Indon\u00e9sie\" \/>\n<meta property=\"og:description\" content=\"Paris Bistro Paris Bistro Paris Bistro offre le charme classique d&rsquo;un restaurant typiquement parisien au c\u0153ur de Jakarta. Situ\u00e9 au 13e \u00e9tage de la Jakarta Mori Tower, \u00e0 Sudirman, il invite ses clients \u00e0 d\u00e9guster des plats traditionnels fran\u00e7ais dans une atmosph\u00e8re \u00e9l\u00e9gante au charme d&rsquo;antan, contrastant avec le panorama m\u00e9tropolitain et l&rsquo;agitation du centre-ville &hellip; Continuer la lecture de &laquo;&nbsp;Paris Bistro&nbsp;&raquo;\" \/>\n<meta property=\"og:url\" content=\"https:\/\/www.ifi-id.com\/kartu-keanggotaan-ifi\/paris-bistro\/\" \/>\n<meta property=\"og:site_name\" content=\"Institut fran\u00e7ais Indon\u00e9sie\" \/>\n<meta property=\"article:modified_time\" content=\"2026-04-08T11:44:38+00:00\" \/>\n<meta property=\"og:image\" content=\"https:\/\/www.ifi-id.com\/wp-content\/uploads\/2026\/04\/Paris-Bistro_0001_PB_Vertical_LogoEmblemDescrip_1-scaled.jpg\" \/>\n\t<meta property=\"og:image:width\" content=\"2560\" \/>\n\t<meta property=\"og:image:height\" content=\"1440\" \/>\n\t<meta property=\"og:image:type\" content=\"image\/jpeg\" \/>\n<meta name=\"twitter:card\" content=\"summary_large_image\" \/>\n<meta name=\"twitter:label1\" content=\"Dur\u00e9e de lecture estim\u00e9e\" \/>\n\t<meta name=\"twitter:data1\" content=\"1 minute\" \/>\n<script type=\"application\/ld+json\" class=\"yoast-schema-graph\">{\"@context\":\"https:\/\/schema.org\",\"@graph\":[{\"@type\":\"WebPage\",\"@id\":\"https:\/\/www.ifi-id.com\/kartu-keanggotaan-ifi\/paris-bistro\/\",\"url\":\"https:\/\/www.ifi-id.com\/kartu-keanggotaan-ifi\/paris-bistro\/\",\"name\":\"Paris Bistro - Institut fran\u00e7ais Indon\u00e9sie\",\"isPartOf\":{\"@id\":\"https:\/\/www.ifi-id.com\/#website\"},\"primaryImageOfPage\":{\"@id\":\"https:\/\/www.ifi-id.com\/kartu-keanggotaan-ifi\/paris-bistro\/#primaryimage\"},\"image\":{\"@id\":\"https:\/\/www.ifi-id.com\/kartu-keanggotaan-ifi\/paris-bistro\/#primaryimage\"},\"thumbnailUrl\":\"https:\/\/www.ifi-id.com\/wp-content\/uploads\/2026\/04\/Paris-Bistro_0001_PB_Vertical_LogoEmblemDescrip_1-scaled.jpg\",\"datePublished\":\"2026-04-08T11:44:34+00:00\",\"dateModified\":\"2026-04-08T11:44:38+00:00\",\"breadcrumb\":{\"@id\":\"https:\/\/www.ifi-id.com\/kartu-keanggotaan-ifi\/paris-bistro\/#breadcrumb\"},\"inLanguage\":\"fr-FR\",\"potentialAction\":[{\"@type\":\"ReadAction\",\"target\":[\"https:\/\/www.ifi-id.com\/kartu-keanggotaan-ifi\/paris-bistro\/\"]}]},{\"@type\":\"ImageObject\",\"inLanguage\":\"fr-FR\",\"@id\":\"https:\/\/www.ifi-id.com\/kartu-keanggotaan-ifi\/paris-bistro\/#primaryimage\",\"url\":\"https:\/\/www.ifi-id.com\/wp-content\/uploads\/2026\/04\/Paris-Bistro_0001_PB_Vertical_LogoEmblemDescrip_1-scaled.jpg\",\"contentUrl\":\"https:\/\/www.ifi-id.com\/wp-content\/uploads\/2026\/04\/Paris-Bistro_0001_PB_Vertical_LogoEmblemDescrip_1-scaled.jpg\",\"width\":2560,\"height\":1440},{\"@type\":\"BreadcrumbList\",\"@id\":\"https:\/\/www.ifi-id.com\/kartu-keanggotaan-ifi\/paris-bistro\/#breadcrumb\",\"itemListElement\":[{\"@type\":\"ListItem\",\"position\":1,\"name\":\"Home\",\"item\":\"https:\/\/www.ifi-id.com\/\"},{\"@type\":\"ListItem\",\"position\":2,\"name\":\"Carte membre IFI\",\"item\":\"https:\/\/www.ifi-id.com\/kartu-keanggotaan-ifi\/\"},{\"@type\":\"ListItem\",\"position\":3,\"name\":\"Paris Bistro\"}]},{\"@type\":\"WebSite\",\"@id\":\"https:\/\/www.ifi-id.com\/#website\",\"url\":\"https:\/\/www.ifi-id.com\/\",\"name\":\"Institut fran\u00e7ais Indon\u00e9sie\",\"description\":\"\",\"publisher\":{\"@id\":\"https:\/\/www.ifi-id.com\/#organization\"},\"potentialAction\":[{\"@type\":\"SearchAction\",\"target\":{\"@type\":\"EntryPoint\",\"urlTemplate\":\"https:\/\/www.ifi-id.com\/?s={search_term_string}\"},\"query-input\":{\"@type\":\"PropertyValueSpecification\",\"valueRequired\":true,\"valueName\":\"search_term_string\"}}],\"inLanguage\":\"fr-FR\"},{\"@type\":\"Organization\",\"@id\":\"https:\/\/www.ifi-id.com\/#organization\",\"name\":\"Institut fran\u00e7ais Indon\u00e9sie\",\"url\":\"https:\/\/www.ifi-id.com\/\",\"logo\":{\"@type\":\"ImageObject\",\"inLanguage\":\"fr-FR\",\"@id\":\"https:\/\/www.ifi-id.com\/#\/schema\/logo\/image\/\",\"url\":\"https:\/\/www.ifi-id.com\/wp-content\/uploads\/2022\/12\/IFI_New_Logo.jpg\",\"contentUrl\":\"https:\/\/www.ifi-id.com\/wp-content\/uploads\/2022\/12\/IFI_New_Logo.jpg\",\"width\":666,\"height\":444,\"caption\":\"Institut fran\u00e7ais Indon\u00e9sie\"},\"image\":{\"@id\":\"https:\/\/www.ifi-id.com\/#\/schema\/logo\/image\/\"}}]}<\/script>\n<!-- \/ Yoast SEO plugin. -->","yoast_head_json":{"title":"Paris Bistro - Institut fran\u00e7ais Indon\u00e9sie","robots":{"index":"index","follow":"follow","max-snippet":"max-snippet:-1","max-image-preview":"max-image-preview:large","max-video-preview":"max-video-preview:-1"},"canonical":"https:\/\/www.ifi-id.com\/kartu-keanggotaan-ifi\/paris-bistro\/","og_locale":"fr_FR","og_type":"article","og_title":"Paris Bistro - Institut fran\u00e7ais Indon\u00e9sie","og_description":"Paris Bistro Paris Bistro Paris Bistro offre le charme classique d&rsquo;un restaurant typiquement parisien au c\u0153ur de Jakarta. Situ\u00e9 au 13e \u00e9tage de la Jakarta Mori Tower, \u00e0 Sudirman, il invite ses clients \u00e0 d\u00e9guster des plats traditionnels fran\u00e7ais dans une atmosph\u00e8re \u00e9l\u00e9gante au charme d&rsquo;antan, contrastant avec le panorama m\u00e9tropolitain et l&rsquo;agitation du centre-ville &hellip; Continuer la lecture de &laquo;&nbsp;Paris Bistro&nbsp;&raquo;","og_url":"https:\/\/www.ifi-id.com\/kartu-keanggotaan-ifi\/paris-bistro\/","og_site_name":"Institut fran\u00e7ais Indon\u00e9sie","article_modified_time":"2026-04-08T11:44:38+00:00","og_image":[{"width":2560,"height":1440,"url":"https:\/\/www.ifi-id.com\/wp-content\/uploads\/2026\/04\/Paris-Bistro_0001_PB_Vertical_LogoEmblemDescrip_1-scaled.jpg","type":"image\/jpeg"}],"twitter_card":"summary_large_image","twitter_misc":{"Dur\u00e9e de lecture estim\u00e9e":"1 minute"},"schema":{"@context":"https:\/\/schema.org","@graph":[{"@type":"WebPage","@id":"https:\/\/www.ifi-id.com\/kartu-keanggotaan-ifi\/paris-bistro\/","url":"https:\/\/www.ifi-id.com\/kartu-keanggotaan-ifi\/paris-bistro\/","name":"Paris Bistro - Institut fran\u00e7ais Indon\u00e9sie","isPartOf":{"@id":"https:\/\/www.ifi-id.com\/#website"},"primaryImageOfPage":{"@id":"https:\/\/www.ifi-id.com\/kartu-keanggotaan-ifi\/paris-bistro\/#primaryimage"},"image":{"@id":"https:\/\/www.ifi-id.com\/kartu-keanggotaan-ifi\/paris-bistro\/#primaryimage"},"thumbnailUrl":"https:\/\/www.ifi-id.com\/wp-content\/uploads\/2026\/04\/Paris-Bistro_0001_PB_Vertical_LogoEmblemDescrip_1-scaled.jpg","datePublished":"2026-04-08T11:44:34+00:00","dateModified":"2026-04-08T11:44:38+00:00","breadcrumb":{"@id":"https:\/\/www.ifi-id.com\/kartu-keanggotaan-ifi\/paris-bistro\/#breadcrumb"},"inLanguage":"fr-FR","potentialAction":[{"@type":"ReadAction","target":["https:\/\/www.ifi-id.com\/kartu-keanggotaan-ifi\/paris-bistro\/"]}]},{"@type":"ImageObject","inLanguage":"fr-FR","@id":"https:\/\/www.ifi-id.com\/kartu-keanggotaan-ifi\/paris-bistro\/#primaryimage","url":"https:\/\/www.ifi-id.com\/wp-content\/uploads\/2026\/04\/Paris-Bistro_0001_PB_Vertical_LogoEmblemDescrip_1-scaled.jpg","contentUrl":"https:\/\/www.ifi-id.com\/wp-content\/uploads\/2026\/04\/Paris-Bistro_0001_PB_Vertical_LogoEmblemDescrip_1-scaled.jpg","width":2560,"height":1440},{"@type":"BreadcrumbList","@id":"https:\/\/www.ifi-id.com\/kartu-keanggotaan-ifi\/paris-bistro\/#breadcrumb","itemListElement":[{"@type":"ListItem","position":1,"name":"Home","item":"https:\/\/www.ifi-id.com\/"},{"@type":"ListItem","position":2,"name":"Carte membre IFI","item":"https:\/\/www.ifi-id.com\/kartu-keanggotaan-ifi\/"},{"@type":"ListItem","position":3,"name":"Paris Bistro"}]},{"@type":"WebSite","@id":"https:\/\/www.ifi-id.com\/#website","url":"https:\/\/www.ifi-id.com\/","name":"Institut fran\u00e7ais Indon\u00e9sie","description":"","publisher":{"@id":"https:\/\/www.ifi-id.com\/#organization"},"potentialAction":[{"@type":"SearchAction","target":{"@type":"EntryPoint","urlTemplate":"https:\/\/www.ifi-id.com\/?s={search_term_string}"},"query-input":{"@type":"PropertyValueSpecification","valueRequired":true,"valueName":"search_term_string"}}],"inLanguage":"fr-FR"},{"@type":"Organization","@id":"https:\/\/www.ifi-id.com\/#organization","name":"Institut fran\u00e7ais Indon\u00e9sie","url":"https:\/\/www.ifi-id.com\/","logo":{"@type":"ImageObject","inLanguage":"fr-FR","@id":"https:\/\/www.ifi-id.com\/#\/schema\/logo\/image\/","url":"https:\/\/www.ifi-id.com\/wp-content\/uploads\/2022\/12\/IFI_New_Logo.jpg","contentUrl":"https:\/\/www.ifi-id.com\/wp-content\/uploads\/2022\/12\/IFI_New_Logo.jpg","width":666,"height":444,"caption":"Institut fran\u00e7ais Indon\u00e9sie"},"image":{"@id":"https:\/\/www.ifi-id.com\/#\/schema\/logo\/image\/"}}]}},"post_mailing_queue_ids":[],"_links":{"self":[{"href":"https:\/\/www.ifi-id.com\/fr\/wp-json\/wp\/v2\/pages\/61287"}],"collection":[{"href":"https:\/\/www.ifi-id.com\/fr\/wp-json\/wp\/v2\/pages"}],"about":[{"href":"https:\/\/www.ifi-id.com\/fr\/wp-json\/wp\/v2\/types\/page"}],"author":[{"embeddable":true,"href":"https:\/\/www.ifi-id.com\/fr\/wp-json\/wp\/v2\/users\/8"}],"replies":[{"embeddable":true,"href":"https:\/\/www.ifi-id.com\/fr\/wp-json\/wp\/v2\/comments?post=61287"}],"version-history":[{"count":1,"href":"https:\/\/www.ifi-id.com\/fr\/wp-json\/wp\/v2\/pages\/61287\/revisions"}],"predecessor-version":[{"id":61288,"href":"https:\/\/www.ifi-id.com\/fr\/wp-json\/wp\/v2\/pages\/61287\/revisions\/61288"}],"up":[{"embeddable":true,"href":"https:\/\/www.ifi-id.com\/fr\/wp-json\/wp\/v2\/pages\/52305"}],"wp:featuredmedia":[{"embeddable":true,"href":"https:\/\/www.ifi-id.com\/fr\/wp-json\/wp\/v2\/media\/61279"}],"wp:attachment":[{"href":"https:\/\/www.ifi-id.com\/fr\/wp-json\/wp\/v2\/media?parent=61287"}],"curies":[{"name":"wp","href":"https:\/\/api.w.org\/{rel}","templated":true}]}}