{"id":6120,"date":"2021-01-15T04:21:49","date_gmt":"2021-01-15T04:21:49","guid":{"rendered":"https:\/\/ifi.lab.virus.co.id\/?page_id=6120"},"modified":"2021-08-02T18:26:49","modified_gmt":"2021-08-02T11:26:49","slug":"ifi-surabaya-se-former-a-lifi","status":"publish","type":"page","link":"https:\/\/www.ifi-id.com\/fr\/ifi-surabaya-se-former-a-lifi\/","title":{"rendered":"IFI Surabaya &#8211; SE FORMER A L&rsquo;IFI"},"content":{"rendered":"\t\t<div data-elementor-type=\"wp-page\" data-elementor-id=\"6120\" class=\"elementor elementor-6120 elementor-3962\" data-elementor-post-type=\"page\">\n\t\t\t\t\t\t<section class=\"elementor-section elementor-top-section elementor-element elementor-element-7c8c9e7 elementor-section-boxed elementor-section-height-default elementor-section-height-default\" data-id=\"7c8c9e7\" data-element_type=\"section\">\n\t\t\t\t\t\t<div class=\"elementor-container elementor-column-gap-default\">\n\t\t\t\t\t<div class=\"elementor-column elementor-col-100 elementor-top-column elementor-element elementor-element-7b01ea1\" data-id=\"7b01ea1\" data-element_type=\"column\">\n\t\t\t<div class=\"elementor-widget-wrap elementor-element-populated\">\n\t\t\t\t\t\t<div class=\"elementor-element elementor-element-c371ad8 elementor-widget elementor-widget-heading\" data-id=\"c371ad8\" data-element_type=\"widget\" data-widget_type=\"heading.default\">\n\t\t\t\t<div class=\"elementor-widget-container\">\n\t\t\t<h2 class=\"elementor-heading-title elementor-size-default\">\u00c9tudier \u00e0 l\u2019IFI<\/h2>\t\t<\/div>\n\t\t\t\t<\/div>\n\t\t\t\t\t<\/div>\n\t\t<\/div>\n\t\t\t\t\t<\/div>\n\t\t<\/section>\n\t\t\t\t<section class=\"elementor-section elementor-top-section elementor-element elementor-element-7fb10b7 elementor-section-boxed elementor-section-height-default elementor-section-height-default\" data-id=\"7fb10b7\" data-element_type=\"section\">\n\t\t\t\t\t\t<div class=\"elementor-container elementor-column-gap-default\">\n\t\t\t\t\t<div class=\"elementor-column elementor-col-100 elementor-top-column elementor-element elementor-element-1c8b312\" data-id=\"1c8b312\" data-element_type=\"column\">\n\t\t\t<div class=\"elementor-widget-wrap elementor-element-populated\">\n\t\t\t\t\t\t<div class=\"elementor-element elementor-element-71d4102 elementor-widget elementor-widget-heading\" data-id=\"71d4102\" data-element_type=\"widget\" data-widget_type=\"heading.default\">\n\t\t\t\t<div class=\"elementor-widget-container\">\n\t\t\t<h2 class=\"elementor-heading-title elementor-size-default\">R\u00e9pondre \u00e0 tous vos besoins de formation<\/h2>\t\t<\/div>\n\t\t\t\t<\/div>\n\t\t\t\t\t<\/div>\n\t\t<\/div>\n\t\t\t\t\t<\/div>\n\t\t<\/section>\n\t\t\t\t<section class=\"elementor-section elementor-top-section elementor-element elementor-element-43d41cf4 elementor-section-boxed elementor-section-height-default elementor-section-height-default\" data-id=\"43d41cf4\" data-element_type=\"section\">\n\t\t\t\t\t\t<div class=\"elementor-container elementor-column-gap-default\">\n\t\t\t\t\t<div class=\"elementor-column elementor-col-100 elementor-top-column elementor-element elementor-element-63281826\" data-id=\"63281826\" data-element_type=\"column\">\n\t\t\t<div class=\"elementor-widget-wrap elementor-element-populated\">\n\t\t\t\t\t\t<div class=\"elementor-element elementor-element-1f123c69 elementor-widget elementor-widget-text-editor\" data-id=\"1f123c69\" data-element_type=\"widget\" data-widget_type=\"text-editor.default\">\n\t\t\t\t<div class=\"elementor-widget-container\">\n\t\t\t\t\t\t\t<p>L\u2019Institut Fran\u00e7ais est un centre officiel de langue du gouvernement fran\u00e7ais.<\/p>\n<p>En plus du cours de fran\u00e7ais g\u00e9n\u00e9ral, vous pouvez \u00e9galement d\u00e9couvrir la culture fran\u00e7aise et suivre un cours particulier pour raison professionnelle. Nous organisons des formations de fran\u00e7ais de diff\u00e9rents niveaux, pour les particuliers et aussi pour les groupes, avec les cr\u00e9neaux tr\u00e8s vari\u00e9s.<\/p>\n\t\t\t\t\t\t<\/div>\n\t\t\t\t<\/div>\n\t\t\t\t\t<\/div>\n\t\t<\/div>\n\t\t\t\t\t<\/div>\n\t\t<\/section>\n\t\t\t\t<section class=\"elementor-section elementor-top-section elementor-element elementor-element-b780f7b elementor-section-boxed elementor-section-height-default elementor-section-height-default\" data-id=\"b780f7b\" data-element_type=\"section\">\n\t\t\t\t\t\t<div class=\"elementor-container elementor-column-gap-default\">\n\t\t\t\t\t<div class=\"elementor-column elementor-col-100 elementor-top-column elementor-element elementor-element-fa69847\" data-id=\"fa69847\" data-element_type=\"column\">\n\t\t\t<div class=\"elementor-widget-wrap elementor-element-populated\">\n\t\t\t\t\t\t<div class=\"elementor-element elementor-element-0757849 elementor-widget elementor-widget-heading\" data-id=\"0757849\" data-element_type=\"widget\" data-widget_type=\"heading.default\">\n\t\t\t\t<div class=\"elementor-widget-container\">\n\t\t\t<h2 class=\"elementor-heading-title elementor-size-default\">Formation de qualit\u00e9 de langue<\/h2>\t\t<\/div>\n\t\t\t\t<\/div>\n\t\t\t\t\t<\/div>\n\t\t<\/div>\n\t\t\t\t\t<\/div>\n\t\t<\/section>\n\t\t\t\t<section class=\"elementor-section elementor-top-section elementor-element elementor-element-4ea9c36 elementor-section-boxed elementor-section-height-default elementor-section-height-default\" data-id=\"4ea9c36\" data-element_type=\"section\">\n\t\t\t\t\t\t<div class=\"elementor-container elementor-column-gap-default\">\n\t\t\t\t\t<div class=\"elementor-column elementor-col-100 elementor-top-column elementor-element elementor-element-6ae9b04\" data-id=\"6ae9b04\" data-element_type=\"column\">\n\t\t\t<div class=\"elementor-widget-wrap elementor-element-populated\">\n\t\t\t\t\t\t<div class=\"elementor-element elementor-element-fab27fb elementor-widget elementor-widget-text-editor\" data-id=\"fab27fb\" data-element_type=\"widget\" data-widget_type=\"text-editor.default\">\n\t\t\t\t<div class=\"elementor-widget-container\">\n\t\t\t\t\t\t\t<p>En suivant le cours de fran\u00e7ais \u00e0 l\u2019IFI, vous obtiendrez une formation de langue au standard international.<\/p>\n<p>Les objectifs et les sujets des cours s\u2019appuient sur le <em>Cadre Europ\u00e9en Commun de R\u00e9f\u00e9rence pour les Langues<\/em> (CECRL) qui d\u00e9finit les comp\u00e9tences langagi\u00e8res pour l\u2019apprentissage des langues \u00e9trang\u00e8res ; compr\u00e9hension orale, production orale, compr\u00e9hension \u00e9crite et production \u00e9crite. Tous ces comp\u00e9tences s\u2019apprennent en 6 niveaux (D\u00e9butant : A1 &amp; A2 ; Interm\u00e9diaire : B1 &amp; B2 ; Avanc\u00e9 : C1 &amp; C2).<\/p>\n\t\t\t\t\t\t<\/div>\n\t\t\t\t<\/div>\n\t\t\t\t\t<\/div>\n\t\t<\/div>\n\t\t\t\t\t<\/div>\n\t\t<\/section>\n\t\t\t\t<section class=\"elementor-section elementor-top-section elementor-element elementor-element-740dffc elementor-section-boxed elementor-section-height-default elementor-section-height-default\" data-id=\"740dffc\" data-element_type=\"section\">\n\t\t\t\t\t\t<div class=\"elementor-container elementor-column-gap-default\">\n\t\t\t\t\t<div class=\"elementor-column elementor-col-100 elementor-top-column elementor-element elementor-element-5fd713a\" data-id=\"5fd713a\" data-element_type=\"column\">\n\t\t\t<div class=\"elementor-widget-wrap elementor-element-populated\">\n\t\t\t\t\t\t<div class=\"elementor-element elementor-element-9dbf936 elementor-widget elementor-widget-heading\" data-id=\"9dbf936\" data-element_type=\"widget\" data-widget_type=\"heading.default\">\n\t\t\t\t<div class=\"elementor-widget-container\">\n\t\t\t<h2 class=\"elementor-heading-title elementor-size-default\">S'adjoindre la comp\u00e9tence d'experts<\/h2>\t\t<\/div>\n\t\t\t\t<\/div>\n\t\t\t\t\t<\/div>\n\t\t<\/div>\n\t\t\t\t\t<\/div>\n\t\t<\/section>\n\t\t\t\t<section class=\"elementor-section elementor-top-section elementor-element elementor-element-8e0b1a9 elementor-section-boxed elementor-section-height-default elementor-section-height-default\" data-id=\"8e0b1a9\" data-element_type=\"section\">\n\t\t\t\t\t\t<div class=\"elementor-container elementor-column-gap-default\">\n\t\t\t\t\t<div class=\"elementor-column elementor-col-100 elementor-top-column elementor-element elementor-element-d9ddf19\" data-id=\"d9ddf19\" data-element_type=\"column\">\n\t\t\t<div class=\"elementor-widget-wrap elementor-element-populated\">\n\t\t\t\t\t\t<div class=\"elementor-element elementor-element-6835807 elementor-widget elementor-widget-text-editor\" data-id=\"6835807\" data-element_type=\"widget\" data-widget_type=\"text-editor.default\">\n\t\t\t\t<div class=\"elementor-widget-container\">\n\t\t\t\t\t\t\t<p>Les professeurs de l\u2019IFI sont des professionnels exp\u00e9riment\u00e9s ayant suivi des formations certifi\u00e9es en France et en Indon\u00e9sie. Ils suivent des formations continues et leur performance est \u00e9valu\u00e9e annuellement par le programme \u00ab <em>Professeur de fran\u00e7ais d\u2019excellence <\/em>\u00bb.<\/p>\n<p>Le cours pr\u00e9paratoire au <em>Dipl\u00f4me d\u2019Etudes en Langue Fran\u00e7aise<\/em> est assur\u00e9\u00a0par les professeurs ayant suivi la formation et l\u2019habilitation d\u2019examinateur \/ correcteur DELF\/DALF<\/p>\n\t\t\t\t\t\t<\/div>\n\t\t\t\t<\/div>\n\t\t\t\t\t<\/div>\n\t\t<\/div>\n\t\t\t\t\t<\/div>\n\t\t<\/section>\n\t\t\t\t<section class=\"elementor-section elementor-top-section elementor-element elementor-element-84a2f1a elementor-section-boxed elementor-section-height-default elementor-section-height-default\" data-id=\"84a2f1a\" data-element_type=\"section\">\n\t\t\t\t\t\t<div class=\"elementor-container elementor-column-gap-default\">\n\t\t\t\t\t<div class=\"elementor-column elementor-col-100 elementor-top-column elementor-element elementor-element-e1f95e7\" data-id=\"e1f95e7\" data-element_type=\"column\">\n\t\t\t<div class=\"elementor-widget-wrap elementor-element-populated\">\n\t\t\t\t\t\t<div class=\"elementor-element elementor-element-58a0967 elementor-widget elementor-widget-heading\" data-id=\"58a0967\" data-element_type=\"widget\" data-widget_type=\"heading.default\">\n\t\t\t\t<div class=\"elementor-widget-container\">\n\t\t\t<h2 class=\"elementor-heading-title elementor-size-default\">Approche actionnelle et de communication<\/h2>\t\t<\/div>\n\t\t\t\t<\/div>\n\t\t\t\t\t<\/div>\n\t\t<\/div>\n\t\t\t\t\t<\/div>\n\t\t<\/section>\n\t\t\t\t<section class=\"elementor-section elementor-top-section elementor-element elementor-element-86a16a7 elementor-section-boxed elementor-section-height-default elementor-section-height-default\" data-id=\"86a16a7\" data-element_type=\"section\">\n\t\t\t\t\t\t<div class=\"elementor-container elementor-column-gap-default\">\n\t\t\t\t\t<div class=\"elementor-column elementor-col-100 elementor-top-column elementor-element elementor-element-bb17c2c\" data-id=\"bb17c2c\" data-element_type=\"column\">\n\t\t\t<div class=\"elementor-widget-wrap elementor-element-populated\">\n\t\t\t\t\t\t<div class=\"elementor-element elementor-element-aa6b312 elementor-widget elementor-widget-text-editor\" data-id=\"aa6b312\" data-element_type=\"widget\" data-widget_type=\"text-editor.default\">\n\t\t\t\t<div class=\"elementor-widget-container\">\n\t\t\t\t\t\t\t<p>Les cours de fran\u00e7ais \u00e0 l\u2019IFI sont pr\u00e9par\u00e9s de fa\u00e7on efficace dans une ambiance conviviale, encourageant les \u00e9l\u00e8ves \u00e0 s\u2019exprimer et \u00e0 multiplier les contacts en situations r\u00e9elles. Gr\u00e2ce aux m\u00e9thodes de <em>Fran\u00e7ais Langue \u00c9trang\u00e8re<\/em> (FLE) publi\u00e9es par les \u00e9diteurs fran\u00e7ais, les professeurs mettent en pratique une diversit\u00e9 d\u2019approches et de sujets de cours. Ils adoptent dans leurs cours ces m\u00e9thodes de FLE con\u00e7ues par les p\u00e9dagogues de l\u2019apprentissage des langues.<\/p>\n\t\t\t\t\t\t<\/div>\n\t\t\t\t<\/div>\n\t\t\t\t\t<\/div>\n\t\t<\/div>\n\t\t\t\t\t<\/div>\n\t\t<\/section>\n\t\t\t\t<section class=\"elementor-section elementor-top-section elementor-element elementor-element-d57d178 elementor-section-boxed elementor-section-height-default elementor-section-height-default\" data-id=\"d57d178\" data-element_type=\"section\">\n\t\t\t\t\t\t<div class=\"elementor-container elementor-column-gap-default\">\n\t\t\t\t\t<div class=\"elementor-column elementor-col-100 elementor-top-column elementor-element elementor-element-7d45960\" data-id=\"7d45960\" data-element_type=\"column\">\n\t\t\t<div class=\"elementor-widget-wrap elementor-element-populated\">\n\t\t\t\t\t\t<div class=\"elementor-element elementor-element-0e4e274 elementor-widget elementor-widget-heading\" data-id=\"0e4e274\" data-element_type=\"widget\" data-widget_type=\"heading.default\">\n\t\t\t\t<div class=\"elementor-widget-container\">\n\t\t\t<h2 class=\"elementor-heading-title elementor-size-default\">Acc\u00e8s \u00e0 la culture enrichissante<\/h2>\t\t<\/div>\n\t\t\t\t<\/div>\n\t\t\t\t\t<\/div>\n\t\t<\/div>\n\t\t\t\t\t<\/div>\n\t\t<\/section>\n\t\t\t\t<section class=\"elementor-section elementor-top-section elementor-element elementor-element-4c76027 elementor-section-boxed elementor-section-height-default elementor-section-height-default\" data-id=\"4c76027\" data-element_type=\"section\">\n\t\t\t\t\t\t<div class=\"elementor-container elementor-column-gap-default\">\n\t\t\t\t\t<div class=\"elementor-column elementor-col-100 elementor-top-column elementor-element elementor-element-e3b4b34\" data-id=\"e3b4b34\" data-element_type=\"column\">\n\t\t\t<div class=\"elementor-widget-wrap elementor-element-populated\">\n\t\t\t\t\t\t<div class=\"elementor-element elementor-element-8132f45 elementor-widget elementor-widget-text-editor\" data-id=\"8132f45\" data-element_type=\"widget\" data-widget_type=\"text-editor.default\">\n\t\t\t\t<div class=\"elementor-widget-container\">\n\t\t\t\t\t\t\t<p>Avant et apr\u00e8s la classe de fran\u00e7ais, ou \u00e0 n\u2019importe quel moment, vous pouvez compl\u00e9ter votre apprentissage en acc\u00e9dant aux ressources de la <a href=\"http:\/\/www.ifi-id.com\/surabaya\/mediatek\"><em>M\u00e9diath\u00e8que<\/em><\/a>\u00a0 pour emprunter ou consulter sur place les diff\u00e9rents livres, CDs, DVDs).\u00a0Vous pouvez \u00e9galement assister aux diff\u00e9rentes manifestations culturelles organis\u00e9es par l\u2019IFI.<\/p>\n<p>L\u2019IFI\u00a0: c\u2019est la France en miniature en Indon\u00e9sie !<\/p>\n\t\t\t\t\t\t<\/div>\n\t\t\t\t<\/div>\n\t\t\t\t\t<\/div>\n\t\t<\/div>\n\t\t\t\t\t<\/div>\n\t\t<\/section>\n\t\t\t\t<\/div>\n\t\t","protected":false},"excerpt":{"rendered":"<p>\u00c9tudier \u00e0 l\u2019IFI R\u00e9pondre \u00e0 tous vos besoins de formation L\u2019Institut Fran\u00e7ais est un centre officiel de langue du gouvernement fran\u00e7ais. En plus du cours de fran\u00e7ais g\u00e9n\u00e9ral, vous pouvez \u00e9galement d\u00e9couvrir la culture fran\u00e7aise et suivre un cours particulier pour raison professionnelle. Nous organisons des formations de fran\u00e7ais de diff\u00e9rents niveaux, pour les particuliers &hellip; <\/p>\n<p class=\"link-more\"><a href=\"https:\/\/www.ifi-id.com\/fr\/ifi-surabaya-se-former-a-lifi\/\" class=\"more-link\">Continuer la lecture<span class=\"screen-reader-text\"> de &laquo;&nbsp;IFI Surabaya &#8211; SE FORMER A L&rsquo;IFI&nbsp;&raquo;<\/span><\/a><\/p>\n","protected":false},"author":5,"featured_media":0,"parent":0,"menu_order":0,"comment_status":"closed","ping_status":"closed","template":"elementor_header_footer","meta":{"footnotes":""},"class_list":["post-6120","page","type-page","status-publish","hentry"],"yoast_head":"<!-- This site is optimized with the Yoast SEO plugin v23.5 - https:\/\/yoast.com\/wordpress\/plugins\/seo\/ -->\n<title>IFI Surabaya - SE FORMER A L&#039;IFI - Institut fran\u00e7ais Indon\u00e9sie<\/title>\n<meta name=\"robots\" content=\"index, follow, max-snippet:-1, max-image-preview:large, max-video-preview:-1\" \/>\n<link rel=\"canonical\" href=\"https:\/\/www.ifi-id.com\/fr\/ifi-surabaya-se-former-a-lifi\/\" \/>\n<meta property=\"og:locale\" content=\"fr_FR\" \/>\n<meta property=\"og:type\" content=\"article\" \/>\n<meta property=\"og:title\" content=\"IFI Surabaya - SE FORMER A L&#039;IFI - Institut fran\u00e7ais Indon\u00e9sie\" \/>\n<meta property=\"og:description\" content=\"\u00c9tudier \u00e0 l\u2019IFI R\u00e9pondre \u00e0 tous vos besoins de formation L\u2019Institut Fran\u00e7ais est un centre officiel de langue du gouvernement fran\u00e7ais. En plus du cours de fran\u00e7ais g\u00e9n\u00e9ral, vous pouvez \u00e9galement d\u00e9couvrir la culture fran\u00e7aise et suivre un cours particulier pour raison professionnelle. Nous organisons des formations de fran\u00e7ais de diff\u00e9rents niveaux, pour les particuliers &hellip; Continuer la lecture de &laquo;&nbsp;IFI Surabaya &#8211; SE FORMER A L&rsquo;IFI&nbsp;&raquo;\" \/>\n<meta property=\"og:url\" content=\"https:\/\/www.ifi-id.com\/fr\/ifi-surabaya-se-former-a-lifi\/\" \/>\n<meta property=\"og:site_name\" content=\"Institut fran\u00e7ais Indon\u00e9sie\" \/>\n<meta property=\"article:modified_time\" content=\"2021-08-02T11:26:49+00:00\" \/>\n<meta name=\"twitter:card\" content=\"summary_large_image\" \/>\n<meta name=\"twitter:label1\" content=\"Dur\u00e9e de lecture estim\u00e9e\" \/>\n\t<meta name=\"twitter:data1\" content=\"2 minutes\" \/>\n<script type=\"application\/ld+json\" class=\"yoast-schema-graph\">{\"@context\":\"https:\/\/schema.org\",\"@graph\":[{\"@type\":\"WebPage\",\"@id\":\"https:\/\/www.ifi-id.com\/fr\/ifi-surabaya-se-former-a-lifi\/\",\"url\":\"https:\/\/www.ifi-id.com\/fr\/ifi-surabaya-se-former-a-lifi\/\",\"name\":\"IFI Surabaya - SE FORMER A L'IFI - Institut fran\u00e7ais Indon\u00e9sie\",\"isPartOf\":{\"@id\":\"https:\/\/www.ifi-id.com\/#website\"},\"datePublished\":\"2021-01-15T04:21:49+00:00\",\"dateModified\":\"2021-08-02T11:26:49+00:00\",\"breadcrumb\":{\"@id\":\"https:\/\/www.ifi-id.com\/fr\/ifi-surabaya-se-former-a-lifi\/#breadcrumb\"},\"inLanguage\":\"fr-FR\",\"potentialAction\":[{\"@type\":\"ReadAction\",\"target\":[\"https:\/\/www.ifi-id.com\/fr\/ifi-surabaya-se-former-a-lifi\/\"]}]},{\"@type\":\"BreadcrumbList\",\"@id\":\"https:\/\/www.ifi-id.com\/fr\/ifi-surabaya-se-former-a-lifi\/#breadcrumb\",\"itemListElement\":[{\"@type\":\"ListItem\",\"position\":1,\"name\":\"Home\",\"item\":\"https:\/\/www.ifi-id.com\/\"},{\"@type\":\"ListItem\",\"position\":2,\"name\":\"IFI Surabaya &#8211; SE FORMER A L&rsquo;IFI\"}]},{\"@type\":\"WebSite\",\"@id\":\"https:\/\/www.ifi-id.com\/#website\",\"url\":\"https:\/\/www.ifi-id.com\/\",\"name\":\"Institut fran\u00e7ais Indon\u00e9sie\",\"description\":\"\",\"publisher\":{\"@id\":\"https:\/\/www.ifi-id.com\/#organization\"},\"potentialAction\":[{\"@type\":\"SearchAction\",\"target\":{\"@type\":\"EntryPoint\",\"urlTemplate\":\"https:\/\/www.ifi-id.com\/?s={search_term_string}\"},\"query-input\":{\"@type\":\"PropertyValueSpecification\",\"valueRequired\":true,\"valueName\":\"search_term_string\"}}],\"inLanguage\":\"fr-FR\"},{\"@type\":\"Organization\",\"@id\":\"https:\/\/www.ifi-id.com\/#organization\",\"name\":\"Institut fran\u00e7ais Indon\u00e9sie\",\"url\":\"https:\/\/www.ifi-id.com\/\",\"logo\":{\"@type\":\"ImageObject\",\"inLanguage\":\"fr-FR\",\"@id\":\"https:\/\/www.ifi-id.com\/#\/schema\/logo\/image\/\",\"url\":\"https:\/\/www.ifi-id.com\/wp-content\/uploads\/2022\/12\/IFI_New_Logo.jpg\",\"contentUrl\":\"https:\/\/www.ifi-id.com\/wp-content\/uploads\/2022\/12\/IFI_New_Logo.jpg\",\"width\":666,\"height\":444,\"caption\":\"Institut fran\u00e7ais Indon\u00e9sie\"},\"image\":{\"@id\":\"https:\/\/www.ifi-id.com\/#\/schema\/logo\/image\/\"}}]}<\/script>\n<!-- \/ Yoast SEO plugin. -->","yoast_head_json":{"title":"IFI Surabaya - SE FORMER A L'IFI - Institut fran\u00e7ais Indon\u00e9sie","robots":{"index":"index","follow":"follow","max-snippet":"max-snippet:-1","max-image-preview":"max-image-preview:large","max-video-preview":"max-video-preview:-1"},"canonical":"https:\/\/www.ifi-id.com\/fr\/ifi-surabaya-se-former-a-lifi\/","og_locale":"fr_FR","og_type":"article","og_title":"IFI Surabaya - SE FORMER A L'IFI - Institut fran\u00e7ais Indon\u00e9sie","og_description":"\u00c9tudier \u00e0 l\u2019IFI R\u00e9pondre \u00e0 tous vos besoins de formation L\u2019Institut Fran\u00e7ais est un centre officiel de langue du gouvernement fran\u00e7ais. En plus du cours de fran\u00e7ais g\u00e9n\u00e9ral, vous pouvez \u00e9galement d\u00e9couvrir la culture fran\u00e7aise et suivre un cours particulier pour raison professionnelle. Nous organisons des formations de fran\u00e7ais de diff\u00e9rents niveaux, pour les particuliers &hellip; Continuer la lecture de &laquo;&nbsp;IFI Surabaya &#8211; SE FORMER A L&rsquo;IFI&nbsp;&raquo;","og_url":"https:\/\/www.ifi-id.com\/fr\/ifi-surabaya-se-former-a-lifi\/","og_site_name":"Institut fran\u00e7ais Indon\u00e9sie","article_modified_time":"2021-08-02T11:26:49+00:00","twitter_card":"summary_large_image","twitter_misc":{"Dur\u00e9e de lecture estim\u00e9e":"2 minutes"},"schema":{"@context":"https:\/\/schema.org","@graph":[{"@type":"WebPage","@id":"https:\/\/www.ifi-id.com\/fr\/ifi-surabaya-se-former-a-lifi\/","url":"https:\/\/www.ifi-id.com\/fr\/ifi-surabaya-se-former-a-lifi\/","name":"IFI Surabaya - SE FORMER A L'IFI - Institut fran\u00e7ais Indon\u00e9sie","isPartOf":{"@id":"https:\/\/www.ifi-id.com\/#website"},"datePublished":"2021-01-15T04:21:49+00:00","dateModified":"2021-08-02T11:26:49+00:00","breadcrumb":{"@id":"https:\/\/www.ifi-id.com\/fr\/ifi-surabaya-se-former-a-lifi\/#breadcrumb"},"inLanguage":"fr-FR","potentialAction":[{"@type":"ReadAction","target":["https:\/\/www.ifi-id.com\/fr\/ifi-surabaya-se-former-a-lifi\/"]}]},{"@type":"BreadcrumbList","@id":"https:\/\/www.ifi-id.com\/fr\/ifi-surabaya-se-former-a-lifi\/#breadcrumb","itemListElement":[{"@type":"ListItem","position":1,"name":"Home","item":"https:\/\/www.ifi-id.com\/"},{"@type":"ListItem","position":2,"name":"IFI Surabaya &#8211; SE FORMER A L&rsquo;IFI"}]},{"@type":"WebSite","@id":"https:\/\/www.ifi-id.com\/#website","url":"https:\/\/www.ifi-id.com\/","name":"Institut fran\u00e7ais Indon\u00e9sie","description":"","publisher":{"@id":"https:\/\/www.ifi-id.com\/#organization"},"potentialAction":[{"@type":"SearchAction","target":{"@type":"EntryPoint","urlTemplate":"https:\/\/www.ifi-id.com\/?s={search_term_string}"},"query-input":{"@type":"PropertyValueSpecification","valueRequired":true,"valueName":"search_term_string"}}],"inLanguage":"fr-FR"},{"@type":"Organization","@id":"https:\/\/www.ifi-id.com\/#organization","name":"Institut fran\u00e7ais Indon\u00e9sie","url":"https:\/\/www.ifi-id.com\/","logo":{"@type":"ImageObject","inLanguage":"fr-FR","@id":"https:\/\/www.ifi-id.com\/#\/schema\/logo\/image\/","url":"https:\/\/www.ifi-id.com\/wp-content\/uploads\/2022\/12\/IFI_New_Logo.jpg","contentUrl":"https:\/\/www.ifi-id.com\/wp-content\/uploads\/2022\/12\/IFI_New_Logo.jpg","width":666,"height":444,"caption":"Institut fran\u00e7ais Indon\u00e9sie"},"image":{"@id":"https:\/\/www.ifi-id.com\/#\/schema\/logo\/image\/"}}]}},"post_mailing_queue_ids":[],"_links":{"self":[{"href":"https:\/\/www.ifi-id.com\/fr\/wp-json\/wp\/v2\/pages\/6120"}],"collection":[{"href":"https:\/\/www.ifi-id.com\/fr\/wp-json\/wp\/v2\/pages"}],"about":[{"href":"https:\/\/www.ifi-id.com\/fr\/wp-json\/wp\/v2\/types\/page"}],"author":[{"embeddable":true,"href":"https:\/\/www.ifi-id.com\/fr\/wp-json\/wp\/v2\/users\/5"}],"replies":[{"embeddable":true,"href":"https:\/\/www.ifi-id.com\/fr\/wp-json\/wp\/v2\/comments?post=6120"}],"version-history":[{"count":8,"href":"https:\/\/www.ifi-id.com\/fr\/wp-json\/wp\/v2\/pages\/6120\/revisions"}],"predecessor-version":[{"id":14434,"href":"https:\/\/www.ifi-id.com\/fr\/wp-json\/wp\/v2\/pages\/6120\/revisions\/14434"}],"wp:attachment":[{"href":"https:\/\/www.ifi-id.com\/fr\/wp-json\/wp\/v2\/media?parent=6120"}],"curies":[{"name":"wp","href":"https:\/\/api.w.org\/{rel}","templated":true}]}}