{"id":6118,"date":"2021-01-15T04:20:28","date_gmt":"2021-01-15T04:20:28","guid":{"rendered":"https:\/\/ifi.lab.virus.co.id\/?page_id=6118"},"modified":"2021-08-03T10:31:36","modified_gmt":"2021-08-03T03:31:36","slug":"ifi-surabaya-apprenez-a-votre-rythme","status":"publish","type":"page","link":"https:\/\/www.ifi-id.com\/fr\/ifi-surabaya-apprenez-a-votre-rythme\/","title":{"rendered":"IFI Surabaya &#8211; APPRENEZ A VOTRE RYTHME!"},"content":{"rendered":"\t\t<div data-elementor-type=\"wp-page\" data-elementor-id=\"6118\" class=\"elementor elementor-6118 elementor-3960\" data-elementor-post-type=\"page\">\n\t\t\t\t\t\t<section class=\"elementor-section elementor-top-section elementor-element elementor-element-1d9a7f3 elementor-section-boxed elementor-section-height-default elementor-section-height-default\" data-id=\"1d9a7f3\" data-element_type=\"section\">\n\t\t\t\t\t\t<div class=\"elementor-container elementor-column-gap-default\">\n\t\t\t\t\t<div class=\"elementor-column elementor-col-100 elementor-top-column elementor-element elementor-element-662e513\" data-id=\"662e513\" data-element_type=\"column\">\n\t\t\t<div class=\"elementor-widget-wrap elementor-element-populated\">\n\t\t\t\t\t\t<div class=\"elementor-element elementor-element-6d44f82 elementor-widget elementor-widget-heading\" data-id=\"6d44f82\" data-element_type=\"widget\" data-widget_type=\"heading.default\">\n\t\t\t\t<div class=\"elementor-widget-container\">\n\t\t\t<h2 class=\"elementor-heading-title elementor-size-default\">Apprendre selon votre rythme<\/h2>\t\t<\/div>\n\t\t\t\t<\/div>\n\t\t\t\t\t<\/div>\n\t\t<\/div>\n\t\t\t\t\t<\/div>\n\t\t<\/section>\n\t\t\t\t<section class=\"elementor-section elementor-top-section elementor-element elementor-element-566affc elementor-section-boxed elementor-section-height-default elementor-section-height-default\" data-id=\"566affc\" data-element_type=\"section\">\n\t\t\t\t\t\t<div class=\"elementor-container elementor-column-gap-default\">\n\t\t\t\t\t<div class=\"elementor-column elementor-col-100 elementor-top-column elementor-element elementor-element-451bc6c\" data-id=\"451bc6c\" data-element_type=\"column\">\n\t\t\t<div class=\"elementor-widget-wrap elementor-element-populated\">\n\t\t\t\t\t\t<div class=\"elementor-element elementor-element-2689a66 elementor-widget elementor-widget-heading\" data-id=\"2689a66\" data-element_type=\"widget\" data-widget_type=\"heading.default\">\n\t\t\t\t<div class=\"elementor-widget-container\">\n\t\t\t<h2 class=\"elementor-heading-title elementor-size-default\">Ma\u00eetriser tous les niveaux<\/h2>\t\t<\/div>\n\t\t\t\t<\/div>\n\t\t\t\t\t<\/div>\n\t\t<\/div>\n\t\t\t\t\t<\/div>\n\t\t<\/section>\n\t\t\t\t<section class=\"elementor-section elementor-top-section elementor-element elementor-element-1a150744 elementor-section-boxed elementor-section-height-default elementor-section-height-default\" data-id=\"1a150744\" data-element_type=\"section\">\n\t\t\t\t\t\t<div class=\"elementor-container elementor-column-gap-default\">\n\t\t\t\t\t<div class=\"elementor-column elementor-col-100 elementor-top-column elementor-element elementor-element-287f5e94\" data-id=\"287f5e94\" data-element_type=\"column\">\n\t\t\t<div class=\"elementor-widget-wrap elementor-element-populated\">\n\t\t\t\t\t\t<div class=\"elementor-element elementor-element-2e33828f elementor-widget elementor-widget-text-editor\" data-id=\"2e33828f\" data-element_type=\"widget\" data-widget_type=\"text-editor.default\">\n\t\t\t\t<div class=\"elementor-widget-container\">\n\t\t\t\t\t\t\t<p>Apprenez d\u2019une fa\u00e7on progressive. Ma\u00eetrisez chaque niveau pour que votre progression soit \u00e9valuable, adaptez votre rythme de travail et changez votre orientation si n\u00e9cessaire.<\/p>\n\t\t\t\t\t\t<\/div>\n\t\t\t\t<\/div>\n\t\t\t\t\t<\/div>\n\t\t<\/div>\n\t\t\t\t\t<\/div>\n\t\t<\/section>\n\t\t\t\t<section class=\"elementor-section elementor-top-section elementor-element elementor-element-6e26a21 elementor-section-boxed elementor-section-height-default elementor-section-height-default\" data-id=\"6e26a21\" data-element_type=\"section\">\n\t\t\t\t\t\t<div class=\"elementor-container elementor-column-gap-default\">\n\t\t\t\t\t<div class=\"elementor-column elementor-col-100 elementor-top-column elementor-element elementor-element-3a329ee\" data-id=\"3a329ee\" data-element_type=\"column\">\n\t\t\t<div class=\"elementor-widget-wrap elementor-element-populated\">\n\t\t\t\t\t\t<div class=\"elementor-element elementor-element-4e08f63 elementor-widget elementor-widget-heading\" data-id=\"4e08f63\" data-element_type=\"widget\" data-widget_type=\"heading.default\">\n\t\t\t\t<div class=\"elementor-widget-container\">\n\t\t\t<h2 class=\"elementor-heading-title elementor-size-default\">Progressez-vous \u00e9tape par \u00e9tape<\/h2>\t\t<\/div>\n\t\t\t\t<\/div>\n\t\t\t\t\t<\/div>\n\t\t<\/div>\n\t\t\t\t\t<\/div>\n\t\t<\/section>\n\t\t\t\t<section class=\"elementor-section elementor-top-section elementor-element elementor-element-863ba5e elementor-section-boxed elementor-section-height-default elementor-section-height-default\" data-id=\"863ba5e\" data-element_type=\"section\">\n\t\t\t\t\t\t<div class=\"elementor-container elementor-column-gap-default\">\n\t\t\t\t\t<div class=\"elementor-column elementor-col-100 elementor-top-column elementor-element elementor-element-9d21aea\" data-id=\"9d21aea\" data-element_type=\"column\">\n\t\t\t<div class=\"elementor-widget-wrap elementor-element-populated\">\n\t\t\t\t\t\t<div class=\"elementor-element elementor-element-32e6245 elementor-widget elementor-widget-text-editor\" data-id=\"32e6245\" data-element_type=\"widget\" data-widget_type=\"text-editor.default\">\n\t\t\t\t<div class=\"elementor-widget-container\">\n\t\t\t\t\t\t\t<p>Vous pouvez suivre chaque niveau enti\u00e8rement sans rupture ou en deux sessions. Vous pouvez ainsi suivre le niveau A1 en 2 sessions en vous inscrivant au niveau A1.1 et ensuite au niveau A1.2.<\/p>\n<p>Si vous \u00eates press\u00e9 par le temps, vous pourrez m\u00eame vous inscrire \u00e0 plusieurs niveaux cons\u00e9cutivement. Par exemple, pour les <a href=\"https:\/\/www.ifi-id.com\/fr\/ifi-surabaya-preparation-detudes-en-france\" target=\"_blank\" rel=\"noopener\"><strong>cours Super Intensif<\/strong><\/a>, les \u00e9l\u00e8ves \u00e9tudient les 4 niveaux d\u2019affil\u00e9s : du niveau A1 au niveau B2 en 7 mois \u00e0 raison de 25 heures par semaine.<\/p>\n<p>Renseignez-vous sur les \u00e9tapes de chaque niveau disponible et travaillez selon votre rythme !<\/p>\n\t\t\t\t\t\t<\/div>\n\t\t\t\t<\/div>\n\t\t\t\t\t<\/div>\n\t\t<\/div>\n\t\t\t\t\t<\/div>\n\t\t<\/section>\n\t\t\t\t<section class=\"elementor-section elementor-top-section elementor-element elementor-element-4a3c27c elementor-section-boxed elementor-section-height-default elementor-section-height-default\" data-id=\"4a3c27c\" data-element_type=\"section\">\n\t\t\t\t\t\t<div class=\"elementor-container elementor-column-gap-default\">\n\t\t\t\t\t<div class=\"elementor-column elementor-col-100 elementor-top-column elementor-element elementor-element-31379a9\" data-id=\"31379a9\" data-element_type=\"column\">\n\t\t\t<div class=\"elementor-widget-wrap elementor-element-populated\">\n\t\t\t\t\t\t<div class=\"elementor-element elementor-element-5a5c584 elementor-widget elementor-widget-heading\" data-id=\"5a5c584\" data-element_type=\"widget\" data-widget_type=\"heading.default\">\n\t\t\t\t<div class=\"elementor-widget-container\">\n\t\t\t<h2 class=\"elementor-heading-title elementor-size-default\">Compl\u00e9tez votre apprentissage<\/h2>\t\t<\/div>\n\t\t\t\t<\/div>\n\t\t\t\t\t<\/div>\n\t\t<\/div>\n\t\t\t\t\t<\/div>\n\t\t<\/section>\n\t\t\t\t<section class=\"elementor-section elementor-top-section elementor-element elementor-element-e6e2dd1 elementor-section-boxed elementor-section-height-default elementor-section-height-default\" data-id=\"e6e2dd1\" data-element_type=\"section\">\n\t\t\t\t\t\t<div class=\"elementor-container elementor-column-gap-default\">\n\t\t\t\t\t<div class=\"elementor-column elementor-col-100 elementor-top-column elementor-element elementor-element-62a07db\" data-id=\"62a07db\" data-element_type=\"column\">\n\t\t\t<div class=\"elementor-widget-wrap elementor-element-populated\">\n\t\t\t\t\t\t<div class=\"elementor-element elementor-element-bb1cc67 elementor-widget elementor-widget-text-editor\" data-id=\"bb1cc67\" data-element_type=\"widget\" data-widget_type=\"text-editor.default\">\n\t\t\t\t<div class=\"elementor-widget-container\">\n\t\t\t\t\t\t\t<p>Des cours th\u00e9matiques sont disponibles pour perfectionner vos comp\u00e9tences. Vous pouvez suivre un <a href=\"https:\/\/www.ifi-id.com\/fr\/ifi-surabaya-jeunes-et-adultes\" target=\"_blank\" rel=\"noopener\"><strong>cours de conversation<\/strong><\/a> afin d\u2019\u00eatre \u00e0 l\u2019aise quand vous discutez et participez aux conversations en fran\u00e7ais. Si vous voulez ma\u00eetriser le fran\u00e7ais dans le domaine professionnel, essayez le <a href=\"https:\/\/www.ifi-id.com\/fr\/ifi-surabaya-enterprises\" target=\"_blank\" rel=\"noopener\"><strong>cours \u00ab\u00a0Le fran\u00e7ais en entreprise\u00a0\u00bb<\/strong><\/a>. Le <a href=\"https:\/\/www.ifi-id.com\/fr\/ifi-surabaya-jeunes-et-adultes\" target=\"_blank\" rel=\"noopener\"><strong>cours pr\u00e9paratoire aux \u00e9preuves du DELF-DALF<\/strong><\/a>\u00a0est \u00e9galement disponible pour aider ceux qui d\u00e9sirent \u00e9valuer leurs comp\u00e9tences de fran\u00e7ais apr\u00e8s avoir suivi les cours de fran\u00e7ais g\u00e9n\u00e9ral.<\/p>\n\t\t\t\t\t\t<\/div>\n\t\t\t\t<\/div>\n\t\t\t\t\t<\/div>\n\t\t<\/div>\n\t\t\t\t\t<\/div>\n\t\t<\/section>\n\t\t\t\t<section class=\"elementor-section elementor-top-section elementor-element elementor-element-537b811 elementor-section-boxed elementor-section-height-default elementor-section-height-default\" data-id=\"537b811\" data-element_type=\"section\">\n\t\t\t\t\t\t<div class=\"elementor-container elementor-column-gap-default\">\n\t\t\t\t\t<div class=\"elementor-column elementor-col-100 elementor-top-column elementor-element elementor-element-b245e2b\" data-id=\"b245e2b\" data-element_type=\"column\">\n\t\t\t<div class=\"elementor-widget-wrap elementor-element-populated\">\n\t\t\t\t\t\t<div class=\"elementor-element elementor-element-e6e5ec0 elementor-widget elementor-widget-heading\" data-id=\"e6e5ec0\" data-element_type=\"widget\" data-widget_type=\"heading.default\">\n\t\t\t\t<div class=\"elementor-widget-container\">\n\t\t\t<h2 class=\"elementor-heading-title elementor-size-default\">Certifiez vos comp\u00e9tences de fran\u00e7ais<\/h2>\t\t<\/div>\n\t\t\t\t<\/div>\n\t\t\t\t\t<\/div>\n\t\t<\/div>\n\t\t\t\t\t<\/div>\n\t\t<\/section>\n\t\t\t\t<section class=\"elementor-section elementor-top-section elementor-element elementor-element-c4b4032 elementor-section-boxed elementor-section-height-default elementor-section-height-default\" data-id=\"c4b4032\" data-element_type=\"section\">\n\t\t\t\t\t\t<div class=\"elementor-container elementor-column-gap-default\">\n\t\t\t\t\t<div class=\"elementor-column elementor-col-100 elementor-top-column elementor-element elementor-element-b50a6b2\" data-id=\"b50a6b2\" data-element_type=\"column\">\n\t\t\t<div class=\"elementor-widget-wrap elementor-element-populated\">\n\t\t\t\t\t\t<div class=\"elementor-element elementor-element-56da104 elementor-widget elementor-widget-text-editor\" data-id=\"56da104\" data-element_type=\"widget\" data-widget_type=\"text-editor.default\">\n\t\t\t\t<div class=\"elementor-widget-container\">\n\t\t\t\t\t\t\t<p>Apr\u00e8s finir chaque niveau, vous pouvez certifier vos connaissances du fran\u00e7ais en obtenant le DELF-DALF, le dipl\u00f4me officiel. Vous n\u2019\u00eates pas oblig\u00e9(e\/s\/es) de vous pr\u00e9senter aux \u00e9preuves du DELF-DALF pour continuer au niveau plus avanc\u00e9, mais pourquoi ne pas tenter de passer cette certification apr\u00e8s avoir suivi les cours ?<\/p>\n<p><a href=\"https:\/\/www.ifi-id.com\/fr\/certification\" target=\"_blank\" rel=\"noopener\"><strong>Cliquez ici<\/strong>\u00a0<\/a>pour avoir des renseignements plus d\u00e9taill\u00e9s sur les \u00e9preuves du DELF-DALF<\/p>\n\t\t\t\t\t\t<\/div>\n\t\t\t\t<\/div>\n\t\t\t\t\t<\/div>\n\t\t<\/div>\n\t\t\t\t\t<\/div>\n\t\t<\/section>\n\t\t\t\t<\/div>\n\t\t","protected":false},"excerpt":{"rendered":"<p>Apprendre selon votre rythme Ma\u00eetriser tous les niveaux Apprenez d\u2019une fa\u00e7on progressive. Ma\u00eetrisez chaque niveau pour que votre progression soit \u00e9valuable, adaptez votre rythme de travail et changez votre orientation si n\u00e9cessaire. Progressez-vous \u00e9tape par \u00e9tape Vous pouvez suivre chaque niveau enti\u00e8rement sans rupture ou en deux sessions. Vous pouvez ainsi suivre le niveau A1 &hellip; <\/p>\n<p class=\"link-more\"><a href=\"https:\/\/www.ifi-id.com\/fr\/ifi-surabaya-apprenez-a-votre-rythme\/\" class=\"more-link\">Continuer la lecture<span class=\"screen-reader-text\"> de &laquo;&nbsp;IFI Surabaya &#8211; APPRENEZ A VOTRE RYTHME!&nbsp;&raquo;<\/span><\/a><\/p>\n","protected":false},"author":5,"featured_media":0,"parent":0,"menu_order":0,"comment_status":"closed","ping_status":"closed","template":"elementor_header_footer","meta":{"footnotes":""},"class_list":["post-6118","page","type-page","status-publish","hentry"],"yoast_head":"<!-- This site is optimized with the Yoast SEO plugin v23.5 - https:\/\/yoast.com\/wordpress\/plugins\/seo\/ -->\n<title>IFI Surabaya - APPRENEZ A VOTRE RYTHME! - Institut fran\u00e7ais Indon\u00e9sie<\/title>\n<meta name=\"robots\" content=\"index, follow, max-snippet:-1, max-image-preview:large, max-video-preview:-1\" \/>\n<link rel=\"canonical\" href=\"https:\/\/www.ifi-id.com\/fr\/ifi-surabaya-apprenez-a-votre-rythme\/\" \/>\n<meta property=\"og:locale\" content=\"fr_FR\" \/>\n<meta property=\"og:type\" content=\"article\" \/>\n<meta property=\"og:title\" content=\"IFI Surabaya - APPRENEZ A VOTRE RYTHME! - Institut fran\u00e7ais Indon\u00e9sie\" \/>\n<meta property=\"og:description\" content=\"Apprendre selon votre rythme Ma\u00eetriser tous les niveaux Apprenez d\u2019une fa\u00e7on progressive. Ma\u00eetrisez chaque niveau pour que votre progression soit \u00e9valuable, adaptez votre rythme de travail et changez votre orientation si n\u00e9cessaire. Progressez-vous \u00e9tape par \u00e9tape Vous pouvez suivre chaque niveau enti\u00e8rement sans rupture ou en deux sessions. Vous pouvez ainsi suivre le niveau A1 &hellip; Continuer la lecture de &laquo;&nbsp;IFI Surabaya &#8211; APPRENEZ A VOTRE RYTHME!&nbsp;&raquo;\" \/>\n<meta property=\"og:url\" content=\"https:\/\/www.ifi-id.com\/fr\/ifi-surabaya-apprenez-a-votre-rythme\/\" \/>\n<meta property=\"og:site_name\" content=\"Institut fran\u00e7ais Indon\u00e9sie\" \/>\n<meta property=\"article:modified_time\" content=\"2021-08-03T03:31:36+00:00\" \/>\n<meta name=\"twitter:card\" content=\"summary_large_image\" \/>\n<meta name=\"twitter:label1\" content=\"Dur\u00e9e de lecture estim\u00e9e\" \/>\n\t<meta name=\"twitter:data1\" content=\"2 minutes\" \/>\n<script type=\"application\/ld+json\" class=\"yoast-schema-graph\">{\"@context\":\"https:\/\/schema.org\",\"@graph\":[{\"@type\":\"WebPage\",\"@id\":\"https:\/\/www.ifi-id.com\/fr\/ifi-surabaya-apprenez-a-votre-rythme\/\",\"url\":\"https:\/\/www.ifi-id.com\/fr\/ifi-surabaya-apprenez-a-votre-rythme\/\",\"name\":\"IFI Surabaya - APPRENEZ A VOTRE RYTHME! - Institut fran\u00e7ais Indon\u00e9sie\",\"isPartOf\":{\"@id\":\"https:\/\/www.ifi-id.com\/#website\"},\"datePublished\":\"2021-01-15T04:20:28+00:00\",\"dateModified\":\"2021-08-03T03:31:36+00:00\",\"breadcrumb\":{\"@id\":\"https:\/\/www.ifi-id.com\/fr\/ifi-surabaya-apprenez-a-votre-rythme\/#breadcrumb\"},\"inLanguage\":\"fr-FR\",\"potentialAction\":[{\"@type\":\"ReadAction\",\"target\":[\"https:\/\/www.ifi-id.com\/fr\/ifi-surabaya-apprenez-a-votre-rythme\/\"]}]},{\"@type\":\"BreadcrumbList\",\"@id\":\"https:\/\/www.ifi-id.com\/fr\/ifi-surabaya-apprenez-a-votre-rythme\/#breadcrumb\",\"itemListElement\":[{\"@type\":\"ListItem\",\"position\":1,\"name\":\"Home\",\"item\":\"https:\/\/www.ifi-id.com\/\"},{\"@type\":\"ListItem\",\"position\":2,\"name\":\"IFI Surabaya &#8211; APPRENEZ A VOTRE RYTHME!\"}]},{\"@type\":\"WebSite\",\"@id\":\"https:\/\/www.ifi-id.com\/#website\",\"url\":\"https:\/\/www.ifi-id.com\/\",\"name\":\"Institut fran\u00e7ais Indon\u00e9sie\",\"description\":\"\",\"publisher\":{\"@id\":\"https:\/\/www.ifi-id.com\/#organization\"},\"potentialAction\":[{\"@type\":\"SearchAction\",\"target\":{\"@type\":\"EntryPoint\",\"urlTemplate\":\"https:\/\/www.ifi-id.com\/?s={search_term_string}\"},\"query-input\":{\"@type\":\"PropertyValueSpecification\",\"valueRequired\":true,\"valueName\":\"search_term_string\"}}],\"inLanguage\":\"fr-FR\"},{\"@type\":\"Organization\",\"@id\":\"https:\/\/www.ifi-id.com\/#organization\",\"name\":\"Institut fran\u00e7ais Indon\u00e9sie\",\"url\":\"https:\/\/www.ifi-id.com\/\",\"logo\":{\"@type\":\"ImageObject\",\"inLanguage\":\"fr-FR\",\"@id\":\"https:\/\/www.ifi-id.com\/#\/schema\/logo\/image\/\",\"url\":\"https:\/\/www.ifi-id.com\/wp-content\/uploads\/2022\/12\/IFI_New_Logo.jpg\",\"contentUrl\":\"https:\/\/www.ifi-id.com\/wp-content\/uploads\/2022\/12\/IFI_New_Logo.jpg\",\"width\":666,\"height\":444,\"caption\":\"Institut fran\u00e7ais Indon\u00e9sie\"},\"image\":{\"@id\":\"https:\/\/www.ifi-id.com\/#\/schema\/logo\/image\/\"}}]}<\/script>\n<!-- \/ Yoast SEO plugin. -->","yoast_head_json":{"title":"IFI Surabaya - APPRENEZ A VOTRE RYTHME! - Institut fran\u00e7ais Indon\u00e9sie","robots":{"index":"index","follow":"follow","max-snippet":"max-snippet:-1","max-image-preview":"max-image-preview:large","max-video-preview":"max-video-preview:-1"},"canonical":"https:\/\/www.ifi-id.com\/fr\/ifi-surabaya-apprenez-a-votre-rythme\/","og_locale":"fr_FR","og_type":"article","og_title":"IFI Surabaya - APPRENEZ A VOTRE RYTHME! - Institut fran\u00e7ais Indon\u00e9sie","og_description":"Apprendre selon votre rythme Ma\u00eetriser tous les niveaux Apprenez d\u2019une fa\u00e7on progressive. Ma\u00eetrisez chaque niveau pour que votre progression soit \u00e9valuable, adaptez votre rythme de travail et changez votre orientation si n\u00e9cessaire. Progressez-vous \u00e9tape par \u00e9tape Vous pouvez suivre chaque niveau enti\u00e8rement sans rupture ou en deux sessions. Vous pouvez ainsi suivre le niveau A1 &hellip; Continuer la lecture de &laquo;&nbsp;IFI Surabaya &#8211; APPRENEZ A VOTRE RYTHME!&nbsp;&raquo;","og_url":"https:\/\/www.ifi-id.com\/fr\/ifi-surabaya-apprenez-a-votre-rythme\/","og_site_name":"Institut fran\u00e7ais Indon\u00e9sie","article_modified_time":"2021-08-03T03:31:36+00:00","twitter_card":"summary_large_image","twitter_misc":{"Dur\u00e9e de lecture estim\u00e9e":"2 minutes"},"schema":{"@context":"https:\/\/schema.org","@graph":[{"@type":"WebPage","@id":"https:\/\/www.ifi-id.com\/fr\/ifi-surabaya-apprenez-a-votre-rythme\/","url":"https:\/\/www.ifi-id.com\/fr\/ifi-surabaya-apprenez-a-votre-rythme\/","name":"IFI Surabaya - APPRENEZ A VOTRE RYTHME! - Institut fran\u00e7ais Indon\u00e9sie","isPartOf":{"@id":"https:\/\/www.ifi-id.com\/#website"},"datePublished":"2021-01-15T04:20:28+00:00","dateModified":"2021-08-03T03:31:36+00:00","breadcrumb":{"@id":"https:\/\/www.ifi-id.com\/fr\/ifi-surabaya-apprenez-a-votre-rythme\/#breadcrumb"},"inLanguage":"fr-FR","potentialAction":[{"@type":"ReadAction","target":["https:\/\/www.ifi-id.com\/fr\/ifi-surabaya-apprenez-a-votre-rythme\/"]}]},{"@type":"BreadcrumbList","@id":"https:\/\/www.ifi-id.com\/fr\/ifi-surabaya-apprenez-a-votre-rythme\/#breadcrumb","itemListElement":[{"@type":"ListItem","position":1,"name":"Home","item":"https:\/\/www.ifi-id.com\/"},{"@type":"ListItem","position":2,"name":"IFI Surabaya &#8211; APPRENEZ A VOTRE RYTHME!"}]},{"@type":"WebSite","@id":"https:\/\/www.ifi-id.com\/#website","url":"https:\/\/www.ifi-id.com\/","name":"Institut fran\u00e7ais Indon\u00e9sie","description":"","publisher":{"@id":"https:\/\/www.ifi-id.com\/#organization"},"potentialAction":[{"@type":"SearchAction","target":{"@type":"EntryPoint","urlTemplate":"https:\/\/www.ifi-id.com\/?s={search_term_string}"},"query-input":{"@type":"PropertyValueSpecification","valueRequired":true,"valueName":"search_term_string"}}],"inLanguage":"fr-FR"},{"@type":"Organization","@id":"https:\/\/www.ifi-id.com\/#organization","name":"Institut fran\u00e7ais Indon\u00e9sie","url":"https:\/\/www.ifi-id.com\/","logo":{"@type":"ImageObject","inLanguage":"fr-FR","@id":"https:\/\/www.ifi-id.com\/#\/schema\/logo\/image\/","url":"https:\/\/www.ifi-id.com\/wp-content\/uploads\/2022\/12\/IFI_New_Logo.jpg","contentUrl":"https:\/\/www.ifi-id.com\/wp-content\/uploads\/2022\/12\/IFI_New_Logo.jpg","width":666,"height":444,"caption":"Institut fran\u00e7ais Indon\u00e9sie"},"image":{"@id":"https:\/\/www.ifi-id.com\/#\/schema\/logo\/image\/"}}]}},"post_mailing_queue_ids":[],"_links":{"self":[{"href":"https:\/\/www.ifi-id.com\/fr\/wp-json\/wp\/v2\/pages\/6118"}],"collection":[{"href":"https:\/\/www.ifi-id.com\/fr\/wp-json\/wp\/v2\/pages"}],"about":[{"href":"https:\/\/www.ifi-id.com\/fr\/wp-json\/wp\/v2\/types\/page"}],"author":[{"embeddable":true,"href":"https:\/\/www.ifi-id.com\/fr\/wp-json\/wp\/v2\/users\/5"}],"replies":[{"embeddable":true,"href":"https:\/\/www.ifi-id.com\/fr\/wp-json\/wp\/v2\/comments?post=6118"}],"version-history":[{"count":12,"href":"https:\/\/www.ifi-id.com\/fr\/wp-json\/wp\/v2\/pages\/6118\/revisions"}],"predecessor-version":[{"id":14471,"href":"https:\/\/www.ifi-id.com\/fr\/wp-json\/wp\/v2\/pages\/6118\/revisions\/14471"}],"wp:attachment":[{"href":"https:\/\/www.ifi-id.com\/fr\/wp-json\/wp\/v2\/media?parent=6118"}],"curies":[{"name":"wp","href":"https:\/\/api.w.org\/{rel}","templated":true}]}}