{"id":6116,"date":"2021-01-15T04:15:54","date_gmt":"2021-01-15T04:15:54","guid":{"rendered":"https:\/\/ifi.lab.virus.co.id\/?page_id=6116"},"modified":"2021-08-02T17:50:00","modified_gmt":"2021-08-02T10:50:00","slug":"ifi-surabaya-preparation-detudes-en-france","status":"publish","type":"page","link":"https:\/\/www.ifi-id.com\/fr\/ifi-surabaya-preparation-detudes-en-france\/","title":{"rendered":"IFI Surabaya &#8211; Pr\u00e9paration d&rsquo;\u00e9tudes en France"},"content":{"rendered":"\t\t<div data-elementor-type=\"wp-page\" data-elementor-id=\"6116\" class=\"elementor elementor-6116 elementor-3958\" data-elementor-post-type=\"page\">\n\t\t\t\t\t\t<section class=\"elementor-section elementor-top-section elementor-element elementor-element-dcb0148 elementor-section-boxed elementor-section-height-default elementor-section-height-default\" data-id=\"dcb0148\" data-element_type=\"section\">\n\t\t\t\t\t\t<div class=\"elementor-container elementor-column-gap-default\">\n\t\t\t\t\t<div class=\"elementor-column elementor-col-100 elementor-top-column elementor-element elementor-element-a6569a4\" data-id=\"a6569a4\" data-element_type=\"column\">\n\t\t\t<div class=\"elementor-widget-wrap elementor-element-populated\">\n\t\t\t\t\t\t<div class=\"elementor-element elementor-element-86afd3f elementor-widget elementor-widget-heading\" data-id=\"86afd3f\" data-element_type=\"widget\" data-widget_type=\"heading.default\">\n\t\t\t\t<div class=\"elementor-widget-container\">\n\t\t\t<h2 class=\"elementor-heading-title elementor-size-default\">Super Intensif<\/h2>\t\t<\/div>\n\t\t\t\t<\/div>\n\t\t\t\t\t<\/div>\n\t\t<\/div>\n\t\t\t\t\t<\/div>\n\t\t<\/section>\n\t\t\t\t<section class=\"elementor-section elementor-top-section elementor-element elementor-element-3dc36b86 elementor-section-boxed elementor-section-height-default elementor-section-height-default\" data-id=\"3dc36b86\" data-element_type=\"section\">\n\t\t\t\t\t\t<div class=\"elementor-container elementor-column-gap-default\">\n\t\t\t\t\t<div class=\"elementor-column elementor-col-100 elementor-top-column elementor-element elementor-element-295f317\" data-id=\"295f317\" data-element_type=\"column\">\n\t\t\t<div class=\"elementor-widget-wrap elementor-element-populated\">\n\t\t\t\t\t\t<div class=\"elementor-element elementor-element-3a6a8f7e elementor-widget elementor-widget-text-editor\" data-id=\"3a6a8f7e\" data-element_type=\"widget\" data-widget_type=\"text-editor.default\">\n\t\t\t\t<div class=\"elementor-widget-container\">\n\t\t\t\t\t\t\t<p>Vous d\u00e9sirez poursuivre vos \u00e9tudes en France ou dans un pays francophone, \u00e0 l\u2019universit\u00e9 ou dans une grande \u00e9cole vous permettant d\u2019obtenir le dipl\u00f4me dont vous r\u00eavez ? Pour faciliter votre apprentissage, il est indispensable que vous maitrisiez le fran\u00e7ais. Il est \u00e9galement n\u00e9cessaire d\u2019obtenir\u00a0<strong>le Dipl\u00f4me d\u2019\u00c9tudes en Langue Fran\u00e7aise niveau B2 <\/strong>pour pouvoir s\u2019inscrire en France soit dans une universit\u00e9 soit dans une grande \u00e9cole.<\/p>\n\t\t\t\t\t\t<\/div>\n\t\t\t\t<\/div>\n\t\t\t\t\t<\/div>\n\t\t<\/div>\n\t\t\t\t\t<\/div>\n\t\t<\/section>\n\t\t\t\t<section class=\"elementor-section elementor-top-section elementor-element elementor-element-7807e50 elementor-section-boxed elementor-section-height-default elementor-section-height-default\" data-id=\"7807e50\" data-element_type=\"section\">\n\t\t\t\t\t\t<div class=\"elementor-container elementor-column-gap-default\">\n\t\t\t\t\t<div class=\"elementor-column elementor-col-100 elementor-top-column elementor-element elementor-element-7f9d0c5\" data-id=\"7f9d0c5\" data-element_type=\"column\">\n\t\t\t<div class=\"elementor-widget-wrap elementor-element-populated\">\n\t\t\t\t\t\t<div class=\"elementor-element elementor-element-2387d84 elementor-widget elementor-widget-heading\" data-id=\"2387d84\" data-element_type=\"widget\" data-widget_type=\"heading.default\">\n\t\t\t\t<div class=\"elementor-widget-container\">\n\t\t\t<h2 class=\"elementor-heading-title elementor-size-default\">Programme des cours <\/h2>\t\t<\/div>\n\t\t\t\t<\/div>\n\t\t\t\t\t<\/div>\n\t\t<\/div>\n\t\t\t\t\t<\/div>\n\t\t<\/section>\n\t\t\t\t<section class=\"elementor-section elementor-top-section elementor-element elementor-element-77a3c44 elementor-section-boxed elementor-section-height-default elementor-section-height-default\" data-id=\"77a3c44\" data-element_type=\"section\">\n\t\t\t\t\t\t<div class=\"elementor-container elementor-column-gap-default\">\n\t\t\t\t\t<div class=\"elementor-column elementor-col-100 elementor-top-column elementor-element elementor-element-b5ba0cb\" data-id=\"b5ba0cb\" data-element_type=\"column\">\n\t\t\t<div class=\"elementor-widget-wrap elementor-element-populated\">\n\t\t\t\t\t\t<div class=\"elementor-element elementor-element-6e16255 elementor-widget elementor-widget-text-editor\" data-id=\"6e16255\" data-element_type=\"widget\" data-widget_type=\"text-editor.default\">\n\t\t\t\t<div class=\"elementor-widget-container\">\n\t\t\t\t\t\t\t<ul>\n<li>&#8211; Destin\u00e9 aux vrais et aussi faux d\u00e9butants en fran\u00e7ais.<\/li>\n<li>&#8211;\u00a0 700 heures de cours par session\u00a0 (25 heures par semaine repartie en 5 jours par semaine pendant 28 semaines).<\/li>\n<li>&#8211; 10 \u2013 15 personnes.<\/li>\n<li>&#8211; Cours de fran\u00e7ais du niveau d\u00e9butant (A1) au niveau interm\u00e9diaire (B2).<\/li>\n<li>&#8211; Vous aurez toutes les comp\u00e9tences langagi\u00e8res (production orale, compr\u00e9hension orale, production \u00e9crite et compr\u00e9hension \u00e9crite) et le savoir-faire d\u2019adaptation culturelle afin de pouvoir vous adapter plus vite \u00e0 la vie sociale fran\u00e7aise.<\/li>\n<li>&#8211; Pr\u00e9paration aux \u00e9preuves du <em>Dipl\u00f4me d\u2019\u00c9tudes en Langue Fran\u00e7aise<\/em> (DELF) pour les r\u00e9ussir avec des comp\u00e9tences optimales.<\/li>\n<li>&#8211; Consultation individuelle avec <a href=\"http:\/\/www.indonesie.campusfrance.org\/id\">Campus France<\/a>\u00a0 qui vous permet d\u2019obtenir les renseignements n\u00e9cessaires concernant vos \u00e9tudes en France (fili\u00e8re, budget et logement.<\/li>\n<\/ul>\n<p><strong><em>Pr\u00e9parez-vous et poursuivez vos \u00e9tudes en France !<\/em><\/strong><\/p>\n<p><strong>CONTACTEZ-NOUS<\/strong><\/p>\n<p>Telp : 031 503 503 5<br \/>\nWA: 0812 3085 8121 \/ 0812 3130 6739<br \/>\nkursus.surabaya@ifi-id.com \/ info.surabaya@ifi-id.com<\/p>\n\t\t\t\t\t\t<\/div>\n\t\t\t\t<\/div>\n\t\t\t\t\t<\/div>\n\t\t<\/div>\n\t\t\t\t\t<\/div>\n\t\t<\/section>\n\t\t\t\t<\/div>\n\t\t","protected":false},"excerpt":{"rendered":"<p>Super Intensif Vous d\u00e9sirez poursuivre vos \u00e9tudes en France ou dans un pays francophone, \u00e0 l\u2019universit\u00e9 ou dans une grande \u00e9cole vous permettant d\u2019obtenir le dipl\u00f4me dont vous r\u00eavez ? Pour faciliter votre apprentissage, il est indispensable que vous maitrisiez le fran\u00e7ais. Il est \u00e9galement n\u00e9cessaire d\u2019obtenir\u00a0le Dipl\u00f4me d\u2019\u00c9tudes en Langue Fran\u00e7aise niveau B2 pour &hellip; <\/p>\n<p class=\"link-more\"><a href=\"https:\/\/www.ifi-id.com\/fr\/ifi-surabaya-preparation-detudes-en-france\/\" class=\"more-link\">Continuer la lecture<span class=\"screen-reader-text\"> de &laquo;&nbsp;IFI Surabaya &#8211; Pr\u00e9paration d&rsquo;\u00e9tudes en France&nbsp;&raquo;<\/span><\/a><\/p>\n","protected":false},"author":5,"featured_media":0,"parent":0,"menu_order":0,"comment_status":"closed","ping_status":"closed","template":"elementor_header_footer","meta":{"footnotes":""},"class_list":["post-6116","page","type-page","status-publish","hentry"],"yoast_head":"<!-- This site is optimized with the Yoast SEO plugin v23.5 - https:\/\/yoast.com\/wordpress\/plugins\/seo\/ -->\n<title>IFI Surabaya - Pr\u00e9paration d&#039;\u00e9tudes en France - Institut fran\u00e7ais Indon\u00e9sie<\/title>\n<meta name=\"robots\" content=\"index, follow, max-snippet:-1, max-image-preview:large, max-video-preview:-1\" \/>\n<link rel=\"canonical\" href=\"https:\/\/www.ifi-id.com\/fr\/ifi-surabaya-preparation-detudes-en-france\/\" \/>\n<meta property=\"og:locale\" content=\"fr_FR\" \/>\n<meta property=\"og:type\" content=\"article\" \/>\n<meta property=\"og:title\" content=\"IFI Surabaya - Pr\u00e9paration d&#039;\u00e9tudes en France - Institut fran\u00e7ais Indon\u00e9sie\" \/>\n<meta property=\"og:description\" content=\"Super Intensif Vous d\u00e9sirez poursuivre vos \u00e9tudes en France ou dans un pays francophone, \u00e0 l\u2019universit\u00e9 ou dans une grande \u00e9cole vous permettant d\u2019obtenir le dipl\u00f4me dont vous r\u00eavez ? Pour faciliter votre apprentissage, il est indispensable que vous maitrisiez le fran\u00e7ais. Il est \u00e9galement n\u00e9cessaire d\u2019obtenir\u00a0le Dipl\u00f4me d\u2019\u00c9tudes en Langue Fran\u00e7aise niveau B2 pour &hellip; Continuer la lecture de &laquo;&nbsp;IFI Surabaya &#8211; Pr\u00e9paration d&rsquo;\u00e9tudes en France&nbsp;&raquo;\" \/>\n<meta property=\"og:url\" content=\"https:\/\/www.ifi-id.com\/fr\/ifi-surabaya-preparation-detudes-en-france\/\" \/>\n<meta property=\"og:site_name\" content=\"Institut fran\u00e7ais Indon\u00e9sie\" \/>\n<meta property=\"article:modified_time\" content=\"2021-08-02T10:50:00+00:00\" \/>\n<meta name=\"twitter:card\" content=\"summary_large_image\" \/>\n<meta name=\"twitter:label1\" content=\"Dur\u00e9e de lecture estim\u00e9e\" \/>\n\t<meta name=\"twitter:data1\" content=\"1 minute\" \/>\n<script type=\"application\/ld+json\" class=\"yoast-schema-graph\">{\"@context\":\"https:\/\/schema.org\",\"@graph\":[{\"@type\":\"WebPage\",\"@id\":\"https:\/\/www.ifi-id.com\/fr\/ifi-surabaya-preparation-detudes-en-france\/\",\"url\":\"https:\/\/www.ifi-id.com\/fr\/ifi-surabaya-preparation-detudes-en-france\/\",\"name\":\"IFI Surabaya - Pr\u00e9paration d'\u00e9tudes en France - Institut fran\u00e7ais Indon\u00e9sie\",\"isPartOf\":{\"@id\":\"https:\/\/www.ifi-id.com\/#website\"},\"datePublished\":\"2021-01-15T04:15:54+00:00\",\"dateModified\":\"2021-08-02T10:50:00+00:00\",\"breadcrumb\":{\"@id\":\"https:\/\/www.ifi-id.com\/fr\/ifi-surabaya-preparation-detudes-en-france\/#breadcrumb\"},\"inLanguage\":\"fr-FR\",\"potentialAction\":[{\"@type\":\"ReadAction\",\"target\":[\"https:\/\/www.ifi-id.com\/fr\/ifi-surabaya-preparation-detudes-en-france\/\"]}]},{\"@type\":\"BreadcrumbList\",\"@id\":\"https:\/\/www.ifi-id.com\/fr\/ifi-surabaya-preparation-detudes-en-france\/#breadcrumb\",\"itemListElement\":[{\"@type\":\"ListItem\",\"position\":1,\"name\":\"Home\",\"item\":\"https:\/\/www.ifi-id.com\/\"},{\"@type\":\"ListItem\",\"position\":2,\"name\":\"IFI Surabaya &#8211; Pr\u00e9paration d&rsquo;\u00e9tudes en France\"}]},{\"@type\":\"WebSite\",\"@id\":\"https:\/\/www.ifi-id.com\/#website\",\"url\":\"https:\/\/www.ifi-id.com\/\",\"name\":\"Institut fran\u00e7ais Indon\u00e9sie\",\"description\":\"\",\"publisher\":{\"@id\":\"https:\/\/www.ifi-id.com\/#organization\"},\"potentialAction\":[{\"@type\":\"SearchAction\",\"target\":{\"@type\":\"EntryPoint\",\"urlTemplate\":\"https:\/\/www.ifi-id.com\/?s={search_term_string}\"},\"query-input\":{\"@type\":\"PropertyValueSpecification\",\"valueRequired\":true,\"valueName\":\"search_term_string\"}}],\"inLanguage\":\"fr-FR\"},{\"@type\":\"Organization\",\"@id\":\"https:\/\/www.ifi-id.com\/#organization\",\"name\":\"Institut fran\u00e7ais Indon\u00e9sie\",\"url\":\"https:\/\/www.ifi-id.com\/\",\"logo\":{\"@type\":\"ImageObject\",\"inLanguage\":\"fr-FR\",\"@id\":\"https:\/\/www.ifi-id.com\/#\/schema\/logo\/image\/\",\"url\":\"https:\/\/www.ifi-id.com\/wp-content\/uploads\/2022\/12\/IFI_New_Logo.jpg\",\"contentUrl\":\"https:\/\/www.ifi-id.com\/wp-content\/uploads\/2022\/12\/IFI_New_Logo.jpg\",\"width\":666,\"height\":444,\"caption\":\"Institut fran\u00e7ais Indon\u00e9sie\"},\"image\":{\"@id\":\"https:\/\/www.ifi-id.com\/#\/schema\/logo\/image\/\"}}]}<\/script>\n<!-- \/ Yoast SEO plugin. -->","yoast_head_json":{"title":"IFI Surabaya - Pr\u00e9paration d'\u00e9tudes en France - Institut fran\u00e7ais Indon\u00e9sie","robots":{"index":"index","follow":"follow","max-snippet":"max-snippet:-1","max-image-preview":"max-image-preview:large","max-video-preview":"max-video-preview:-1"},"canonical":"https:\/\/www.ifi-id.com\/fr\/ifi-surabaya-preparation-detudes-en-france\/","og_locale":"fr_FR","og_type":"article","og_title":"IFI Surabaya - Pr\u00e9paration d'\u00e9tudes en France - Institut fran\u00e7ais Indon\u00e9sie","og_description":"Super Intensif Vous d\u00e9sirez poursuivre vos \u00e9tudes en France ou dans un pays francophone, \u00e0 l\u2019universit\u00e9 ou dans une grande \u00e9cole vous permettant d\u2019obtenir le dipl\u00f4me dont vous r\u00eavez ? Pour faciliter votre apprentissage, il est indispensable que vous maitrisiez le fran\u00e7ais. Il est \u00e9galement n\u00e9cessaire d\u2019obtenir\u00a0le Dipl\u00f4me d\u2019\u00c9tudes en Langue Fran\u00e7aise niveau B2 pour &hellip; Continuer la lecture de &laquo;&nbsp;IFI Surabaya &#8211; Pr\u00e9paration d&rsquo;\u00e9tudes en France&nbsp;&raquo;","og_url":"https:\/\/www.ifi-id.com\/fr\/ifi-surabaya-preparation-detudes-en-france\/","og_site_name":"Institut fran\u00e7ais Indon\u00e9sie","article_modified_time":"2021-08-02T10:50:00+00:00","twitter_card":"summary_large_image","twitter_misc":{"Dur\u00e9e de lecture estim\u00e9e":"1 minute"},"schema":{"@context":"https:\/\/schema.org","@graph":[{"@type":"WebPage","@id":"https:\/\/www.ifi-id.com\/fr\/ifi-surabaya-preparation-detudes-en-france\/","url":"https:\/\/www.ifi-id.com\/fr\/ifi-surabaya-preparation-detudes-en-france\/","name":"IFI Surabaya - Pr\u00e9paration d'\u00e9tudes en France - Institut fran\u00e7ais Indon\u00e9sie","isPartOf":{"@id":"https:\/\/www.ifi-id.com\/#website"},"datePublished":"2021-01-15T04:15:54+00:00","dateModified":"2021-08-02T10:50:00+00:00","breadcrumb":{"@id":"https:\/\/www.ifi-id.com\/fr\/ifi-surabaya-preparation-detudes-en-france\/#breadcrumb"},"inLanguage":"fr-FR","potentialAction":[{"@type":"ReadAction","target":["https:\/\/www.ifi-id.com\/fr\/ifi-surabaya-preparation-detudes-en-france\/"]}]},{"@type":"BreadcrumbList","@id":"https:\/\/www.ifi-id.com\/fr\/ifi-surabaya-preparation-detudes-en-france\/#breadcrumb","itemListElement":[{"@type":"ListItem","position":1,"name":"Home","item":"https:\/\/www.ifi-id.com\/"},{"@type":"ListItem","position":2,"name":"IFI Surabaya &#8211; Pr\u00e9paration d&rsquo;\u00e9tudes en France"}]},{"@type":"WebSite","@id":"https:\/\/www.ifi-id.com\/#website","url":"https:\/\/www.ifi-id.com\/","name":"Institut fran\u00e7ais Indon\u00e9sie","description":"","publisher":{"@id":"https:\/\/www.ifi-id.com\/#organization"},"potentialAction":[{"@type":"SearchAction","target":{"@type":"EntryPoint","urlTemplate":"https:\/\/www.ifi-id.com\/?s={search_term_string}"},"query-input":{"@type":"PropertyValueSpecification","valueRequired":true,"valueName":"search_term_string"}}],"inLanguage":"fr-FR"},{"@type":"Organization","@id":"https:\/\/www.ifi-id.com\/#organization","name":"Institut fran\u00e7ais Indon\u00e9sie","url":"https:\/\/www.ifi-id.com\/","logo":{"@type":"ImageObject","inLanguage":"fr-FR","@id":"https:\/\/www.ifi-id.com\/#\/schema\/logo\/image\/","url":"https:\/\/www.ifi-id.com\/wp-content\/uploads\/2022\/12\/IFI_New_Logo.jpg","contentUrl":"https:\/\/www.ifi-id.com\/wp-content\/uploads\/2022\/12\/IFI_New_Logo.jpg","width":666,"height":444,"caption":"Institut fran\u00e7ais Indon\u00e9sie"},"image":{"@id":"https:\/\/www.ifi-id.com\/#\/schema\/logo\/image\/"}}]}},"post_mailing_queue_ids":[],"_links":{"self":[{"href":"https:\/\/www.ifi-id.com\/fr\/wp-json\/wp\/v2\/pages\/6116"}],"collection":[{"href":"https:\/\/www.ifi-id.com\/fr\/wp-json\/wp\/v2\/pages"}],"about":[{"href":"https:\/\/www.ifi-id.com\/fr\/wp-json\/wp\/v2\/types\/page"}],"author":[{"embeddable":true,"href":"https:\/\/www.ifi-id.com\/fr\/wp-json\/wp\/v2\/users\/5"}],"replies":[{"embeddable":true,"href":"https:\/\/www.ifi-id.com\/fr\/wp-json\/wp\/v2\/comments?post=6116"}],"version-history":[{"count":6,"href":"https:\/\/www.ifi-id.com\/fr\/wp-json\/wp\/v2\/pages\/6116\/revisions"}],"predecessor-version":[{"id":14416,"href":"https:\/\/www.ifi-id.com\/fr\/wp-json\/wp\/v2\/pages\/6116\/revisions\/14416"}],"wp:attachment":[{"href":"https:\/\/www.ifi-id.com\/fr\/wp-json\/wp\/v2\/media?parent=6116"}],"curies":[{"name":"wp","href":"https:\/\/api.w.org\/{rel}","templated":true}]}}