{"id":6112,"date":"2021-01-15T04:07:54","date_gmt":"2021-01-15T04:07:54","guid":{"rendered":"https:\/\/ifi.lab.virus.co.id\/?page_id=6112"},"modified":"2021-08-02T16:20:36","modified_gmt":"2021-08-02T09:20:36","slug":"ifi-surabaya-pour-mes-enfants","status":"publish","type":"page","link":"https:\/\/www.ifi-id.com\/fr\/ifi-surabaya-pour-mes-enfants\/","title":{"rendered":"IFI Surabaya &#8211; Pour mes enfants"},"content":{"rendered":"\t\t<div data-elementor-type=\"wp-page\" data-elementor-id=\"6112\" class=\"elementor elementor-6112 elementor-3954\" data-elementor-post-type=\"page\">\n\t\t\t\t\t\t<section class=\"elementor-section elementor-top-section elementor-element elementor-element-1ef99a6 elementor-section-boxed elementor-section-height-default elementor-section-height-default\" data-id=\"1ef99a6\" data-element_type=\"section\">\n\t\t\t\t\t\t<div class=\"elementor-container elementor-column-gap-default\">\n\t\t\t\t\t<div class=\"elementor-column elementor-col-100 elementor-top-column elementor-element elementor-element-413a1f5\" data-id=\"413a1f5\" data-element_type=\"column\">\n\t\t\t<div class=\"elementor-widget-wrap elementor-element-populated\">\n\t\t\t\t\t\t<div class=\"elementor-element elementor-element-da0f450 elementor-widget elementor-widget-heading\" data-id=\"da0f450\" data-element_type=\"widget\" data-widget_type=\"heading.default\">\n\t\t\t\t<div class=\"elementor-widget-container\">\n\t\t\t<h2 class=\"elementor-heading-title elementor-size-default\">Cours pour enfants<\/h2>\t\t<\/div>\n\t\t\t\t<\/div>\n\t\t\t\t\t<\/div>\n\t\t<\/div>\n\t\t\t\t\t<\/div>\n\t\t<\/section>\n\t\t\t\t<section class=\"elementor-section elementor-top-section elementor-element elementor-element-26f30cc elementor-section-boxed elementor-section-height-default elementor-section-height-default\" data-id=\"26f30cc\" data-element_type=\"section\">\n\t\t\t\t\t\t<div class=\"elementor-container elementor-column-gap-default\">\n\t\t\t\t\t<div class=\"elementor-column elementor-col-100 elementor-top-column elementor-element elementor-element-d7d4787\" data-id=\"d7d4787\" data-element_type=\"column\">\n\t\t\t<div class=\"elementor-widget-wrap elementor-element-populated\">\n\t\t\t\t\t\t<div class=\"elementor-element elementor-element-fb5231c elementor-widget elementor-widget-heading\" data-id=\"fb5231c\" data-element_type=\"widget\" data-widget_type=\"heading.default\">\n\t\t\t\t<div class=\"elementor-widget-container\">\n\t\t\t<h2 class=\"elementor-heading-title elementor-size-default\">Apprendre \u00e0 conna\u00eetre les langues \u00e9trang\u00e8res et leur contexte culturel d\u00e8s le plus jeune \u00e2ge<\/h2>\t\t<\/div>\n\t\t\t\t<\/div>\n\t\t\t\t\t<\/div>\n\t\t<\/div>\n\t\t\t\t\t<\/div>\n\t\t<\/section>\n\t\t\t\t<section class=\"elementor-section elementor-top-section elementor-element elementor-element-5342d7fc elementor-section-boxed elementor-section-height-default elementor-section-height-default\" data-id=\"5342d7fc\" data-element_type=\"section\">\n\t\t\t\t\t\t<div class=\"elementor-container elementor-column-gap-default\">\n\t\t\t\t\t<div class=\"elementor-column elementor-col-100 elementor-top-column elementor-element elementor-element-613d924d\" data-id=\"613d924d\" data-element_type=\"column\">\n\t\t\t<div class=\"elementor-widget-wrap elementor-element-populated\">\n\t\t\t\t\t\t<div class=\"elementor-element elementor-element-4f7e2236 elementor-widget elementor-widget-text-editor\" data-id=\"4f7e2236\" data-element_type=\"widget\" data-widget_type=\"text-editor.default\">\n\t\t\t\t<div class=\"elementor-widget-container\">\n\t\t\t\t\t\t\t<p>Avec des m\u00e9thodes innovantes, apprendre le fran\u00e7ais peut \u00eatre une activit\u00e9 amusante !<\/p>\n<p>Des activit\u00e9s adapt\u00e9es aux int\u00e9r\u00eats des enfants (histoires, ateliers, chansons et jeux), l\u2019apprentissage de la langue et de la culture fran\u00e7aise se fait enti\u00e8rement en fran\u00e7ais.<\/p>\n<p>\u00c0 la fin du cours, les enfants pourront se pr\u00e9senter et pr\u00e9senter les autres en parlant de leur environnement, de leurs espoirs, de leurs besoins et de leurs r\u00eaves en fran\u00e7ais.<\/p>\n<ul>\n<li style=\"list-style-type: none;\">\n<ul>\n<li style=\"list-style-type: none;\">\n<ul>\n<li>Pour les d\u00e9butants ou ceux qui parlent d\u00e9j\u00e0 un peu fran\u00e7ais (pour les enfants de 6 \u00e0 11 ans)<\/li>\n<li>30 heures de cours par session | 15 semaines<\/li>\n<li>7 \u00e0 12 enfants<\/li>\n<li>1,590,000 IDR \/30 heures*<\/li>\n<li>1 x 2 heures par semaine | du lundi au vendredi<\/li>\n<\/ul>\n<\/li>\n<\/ul>\n<\/li>\n<\/ul>\n<p><strong>Il est conseill\u00e9 d\u2019inscrire votre enfant 1 semaine avant le d\u00e9but des cours afin de garantir la disponibilit\u00e9 de sa place.<\/strong><\/p>\n<p><span style=\"color: #ff0000;\">* Les tarifs des cours ci-dessus s\u2019appliquent \u00e0 partir d\u2019un nombre minimum d\u2019\u00e9tudiants et sont valides <strong>jusqu\u2019au 31\u00a0d\u00e9cembre\u00a02021<\/strong>. Dans le cas o\u00f9 le nombre d\u2019inscrits serait insuffisant, l\u2019IFI est susceptible d\u2019annuler le cours et de rembourser les frais d\u2019inscription \u00e0 chaque \u00e9tudiant inscrit ou lui offrir un tarif de cours particulier.<\/span><\/p>\n\t\t\t\t\t\t<\/div>\n\t\t\t\t<\/div>\n\t\t\t\t\t<\/div>\n\t\t<\/div>\n\t\t\t\t\t<\/div>\n\t\t<\/section>\n\t\t\t\t<\/div>\n\t\t","protected":false},"excerpt":{"rendered":"<p>Cours pour enfants Apprendre \u00e0 conna\u00eetre les langues \u00e9trang\u00e8res et leur contexte culturel d\u00e8s le plus jeune \u00e2ge Avec des m\u00e9thodes innovantes, apprendre le fran\u00e7ais peut \u00eatre une activit\u00e9 amusante ! Des activit\u00e9s adapt\u00e9es aux int\u00e9r\u00eats des enfants (histoires, ateliers, chansons et jeux), l\u2019apprentissage de la langue et de la culture fran\u00e7aise se fait enti\u00e8rement &hellip; <\/p>\n<p class=\"link-more\"><a href=\"https:\/\/www.ifi-id.com\/fr\/ifi-surabaya-pour-mes-enfants\/\" class=\"more-link\">Continuer la lecture<span class=\"screen-reader-text\"> de &laquo;&nbsp;IFI Surabaya &#8211; Pour mes enfants&nbsp;&raquo;<\/span><\/a><\/p>\n","protected":false},"author":5,"featured_media":0,"parent":0,"menu_order":0,"comment_status":"closed","ping_status":"closed","template":"elementor_header_footer","meta":{"footnotes":""},"class_list":["post-6112","page","type-page","status-publish","hentry"],"yoast_head":"<!-- This site is optimized with the Yoast SEO plugin v23.5 - https:\/\/yoast.com\/wordpress\/plugins\/seo\/ -->\n<title>IFI Surabaya - Pour mes enfants - Institut fran\u00e7ais Indon\u00e9sie<\/title>\n<meta name=\"robots\" content=\"index, follow, max-snippet:-1, max-image-preview:large, max-video-preview:-1\" \/>\n<link rel=\"canonical\" href=\"https:\/\/www.ifi-id.com\/fr\/ifi-surabaya-pour-mes-enfants\/\" \/>\n<meta property=\"og:locale\" content=\"fr_FR\" \/>\n<meta property=\"og:type\" content=\"article\" \/>\n<meta property=\"og:title\" content=\"IFI Surabaya - Pour mes enfants - Institut fran\u00e7ais Indon\u00e9sie\" \/>\n<meta property=\"og:description\" content=\"Cours pour enfants Apprendre \u00e0 conna\u00eetre les langues \u00e9trang\u00e8res et leur contexte culturel d\u00e8s le plus jeune \u00e2ge Avec des m\u00e9thodes innovantes, apprendre le fran\u00e7ais peut \u00eatre une activit\u00e9 amusante ! Des activit\u00e9s adapt\u00e9es aux int\u00e9r\u00eats des enfants (histoires, ateliers, chansons et jeux), l\u2019apprentissage de la langue et de la culture fran\u00e7aise se fait enti\u00e8rement &hellip; Continuer la lecture de &laquo;&nbsp;IFI Surabaya &#8211; Pour mes enfants&nbsp;&raquo;\" \/>\n<meta property=\"og:url\" content=\"https:\/\/www.ifi-id.com\/fr\/ifi-surabaya-pour-mes-enfants\/\" \/>\n<meta property=\"og:site_name\" content=\"Institut fran\u00e7ais Indon\u00e9sie\" \/>\n<meta property=\"article:modified_time\" content=\"2021-08-02T09:20:36+00:00\" \/>\n<meta name=\"twitter:card\" content=\"summary_large_image\" \/>\n<meta name=\"twitter:label1\" content=\"Dur\u00e9e de lecture estim\u00e9e\" \/>\n\t<meta name=\"twitter:data1\" content=\"1 minute\" \/>\n<script type=\"application\/ld+json\" class=\"yoast-schema-graph\">{\"@context\":\"https:\/\/schema.org\",\"@graph\":[{\"@type\":\"WebPage\",\"@id\":\"https:\/\/www.ifi-id.com\/fr\/ifi-surabaya-pour-mes-enfants\/\",\"url\":\"https:\/\/www.ifi-id.com\/fr\/ifi-surabaya-pour-mes-enfants\/\",\"name\":\"IFI Surabaya - Pour mes enfants - Institut fran\u00e7ais Indon\u00e9sie\",\"isPartOf\":{\"@id\":\"https:\/\/www.ifi-id.com\/#website\"},\"datePublished\":\"2021-01-15T04:07:54+00:00\",\"dateModified\":\"2021-08-02T09:20:36+00:00\",\"breadcrumb\":{\"@id\":\"https:\/\/www.ifi-id.com\/fr\/ifi-surabaya-pour-mes-enfants\/#breadcrumb\"},\"inLanguage\":\"fr-FR\",\"potentialAction\":[{\"@type\":\"ReadAction\",\"target\":[\"https:\/\/www.ifi-id.com\/fr\/ifi-surabaya-pour-mes-enfants\/\"]}]},{\"@type\":\"BreadcrumbList\",\"@id\":\"https:\/\/www.ifi-id.com\/fr\/ifi-surabaya-pour-mes-enfants\/#breadcrumb\",\"itemListElement\":[{\"@type\":\"ListItem\",\"position\":1,\"name\":\"Home\",\"item\":\"https:\/\/www.ifi-id.com\/\"},{\"@type\":\"ListItem\",\"position\":2,\"name\":\"IFI Surabaya &#8211; Pour mes enfants\"}]},{\"@type\":\"WebSite\",\"@id\":\"https:\/\/www.ifi-id.com\/#website\",\"url\":\"https:\/\/www.ifi-id.com\/\",\"name\":\"Institut fran\u00e7ais Indon\u00e9sie\",\"description\":\"\",\"publisher\":{\"@id\":\"https:\/\/www.ifi-id.com\/#organization\"},\"potentialAction\":[{\"@type\":\"SearchAction\",\"target\":{\"@type\":\"EntryPoint\",\"urlTemplate\":\"https:\/\/www.ifi-id.com\/?s={search_term_string}\"},\"query-input\":{\"@type\":\"PropertyValueSpecification\",\"valueRequired\":true,\"valueName\":\"search_term_string\"}}],\"inLanguage\":\"fr-FR\"},{\"@type\":\"Organization\",\"@id\":\"https:\/\/www.ifi-id.com\/#organization\",\"name\":\"Institut fran\u00e7ais Indon\u00e9sie\",\"url\":\"https:\/\/www.ifi-id.com\/\",\"logo\":{\"@type\":\"ImageObject\",\"inLanguage\":\"fr-FR\",\"@id\":\"https:\/\/www.ifi-id.com\/#\/schema\/logo\/image\/\",\"url\":\"https:\/\/www.ifi-id.com\/wp-content\/uploads\/2022\/12\/IFI_New_Logo.jpg\",\"contentUrl\":\"https:\/\/www.ifi-id.com\/wp-content\/uploads\/2022\/12\/IFI_New_Logo.jpg\",\"width\":666,\"height\":444,\"caption\":\"Institut fran\u00e7ais Indon\u00e9sie\"},\"image\":{\"@id\":\"https:\/\/www.ifi-id.com\/#\/schema\/logo\/image\/\"}}]}<\/script>\n<!-- \/ Yoast SEO plugin. -->","yoast_head_json":{"title":"IFI Surabaya - Pour mes enfants - Institut fran\u00e7ais Indon\u00e9sie","robots":{"index":"index","follow":"follow","max-snippet":"max-snippet:-1","max-image-preview":"max-image-preview:large","max-video-preview":"max-video-preview:-1"},"canonical":"https:\/\/www.ifi-id.com\/fr\/ifi-surabaya-pour-mes-enfants\/","og_locale":"fr_FR","og_type":"article","og_title":"IFI Surabaya - Pour mes enfants - Institut fran\u00e7ais Indon\u00e9sie","og_description":"Cours pour enfants Apprendre \u00e0 conna\u00eetre les langues \u00e9trang\u00e8res et leur contexte culturel d\u00e8s le plus jeune \u00e2ge Avec des m\u00e9thodes innovantes, apprendre le fran\u00e7ais peut \u00eatre une activit\u00e9 amusante ! Des activit\u00e9s adapt\u00e9es aux int\u00e9r\u00eats des enfants (histoires, ateliers, chansons et jeux), l\u2019apprentissage de la langue et de la culture fran\u00e7aise se fait enti\u00e8rement &hellip; Continuer la lecture de &laquo;&nbsp;IFI Surabaya &#8211; Pour mes enfants&nbsp;&raquo;","og_url":"https:\/\/www.ifi-id.com\/fr\/ifi-surabaya-pour-mes-enfants\/","og_site_name":"Institut fran\u00e7ais Indon\u00e9sie","article_modified_time":"2021-08-02T09:20:36+00:00","twitter_card":"summary_large_image","twitter_misc":{"Dur\u00e9e de lecture estim\u00e9e":"1 minute"},"schema":{"@context":"https:\/\/schema.org","@graph":[{"@type":"WebPage","@id":"https:\/\/www.ifi-id.com\/fr\/ifi-surabaya-pour-mes-enfants\/","url":"https:\/\/www.ifi-id.com\/fr\/ifi-surabaya-pour-mes-enfants\/","name":"IFI Surabaya - Pour mes enfants - Institut fran\u00e7ais Indon\u00e9sie","isPartOf":{"@id":"https:\/\/www.ifi-id.com\/#website"},"datePublished":"2021-01-15T04:07:54+00:00","dateModified":"2021-08-02T09:20:36+00:00","breadcrumb":{"@id":"https:\/\/www.ifi-id.com\/fr\/ifi-surabaya-pour-mes-enfants\/#breadcrumb"},"inLanguage":"fr-FR","potentialAction":[{"@type":"ReadAction","target":["https:\/\/www.ifi-id.com\/fr\/ifi-surabaya-pour-mes-enfants\/"]}]},{"@type":"BreadcrumbList","@id":"https:\/\/www.ifi-id.com\/fr\/ifi-surabaya-pour-mes-enfants\/#breadcrumb","itemListElement":[{"@type":"ListItem","position":1,"name":"Home","item":"https:\/\/www.ifi-id.com\/"},{"@type":"ListItem","position":2,"name":"IFI Surabaya &#8211; Pour mes enfants"}]},{"@type":"WebSite","@id":"https:\/\/www.ifi-id.com\/#website","url":"https:\/\/www.ifi-id.com\/","name":"Institut fran\u00e7ais Indon\u00e9sie","description":"","publisher":{"@id":"https:\/\/www.ifi-id.com\/#organization"},"potentialAction":[{"@type":"SearchAction","target":{"@type":"EntryPoint","urlTemplate":"https:\/\/www.ifi-id.com\/?s={search_term_string}"},"query-input":{"@type":"PropertyValueSpecification","valueRequired":true,"valueName":"search_term_string"}}],"inLanguage":"fr-FR"},{"@type":"Organization","@id":"https:\/\/www.ifi-id.com\/#organization","name":"Institut fran\u00e7ais Indon\u00e9sie","url":"https:\/\/www.ifi-id.com\/","logo":{"@type":"ImageObject","inLanguage":"fr-FR","@id":"https:\/\/www.ifi-id.com\/#\/schema\/logo\/image\/","url":"https:\/\/www.ifi-id.com\/wp-content\/uploads\/2022\/12\/IFI_New_Logo.jpg","contentUrl":"https:\/\/www.ifi-id.com\/wp-content\/uploads\/2022\/12\/IFI_New_Logo.jpg","width":666,"height":444,"caption":"Institut fran\u00e7ais Indon\u00e9sie"},"image":{"@id":"https:\/\/www.ifi-id.com\/#\/schema\/logo\/image\/"}}]}},"post_mailing_queue_ids":[],"_links":{"self":[{"href":"https:\/\/www.ifi-id.com\/fr\/wp-json\/wp\/v2\/pages\/6112"}],"collection":[{"href":"https:\/\/www.ifi-id.com\/fr\/wp-json\/wp\/v2\/pages"}],"about":[{"href":"https:\/\/www.ifi-id.com\/fr\/wp-json\/wp\/v2\/types\/page"}],"author":[{"embeddable":true,"href":"https:\/\/www.ifi-id.com\/fr\/wp-json\/wp\/v2\/users\/5"}],"replies":[{"embeddable":true,"href":"https:\/\/www.ifi-id.com\/fr\/wp-json\/wp\/v2\/comments?post=6112"}],"version-history":[{"count":9,"href":"https:\/\/www.ifi-id.com\/fr\/wp-json\/wp\/v2\/pages\/6112\/revisions"}],"predecessor-version":[{"id":14399,"href":"https:\/\/www.ifi-id.com\/fr\/wp-json\/wp\/v2\/pages\/6112\/revisions\/14399"}],"wp:attachment":[{"href":"https:\/\/www.ifi-id.com\/fr\/wp-json\/wp\/v2\/media?parent=6112"}],"curies":[{"name":"wp","href":"https:\/\/api.w.org\/{rel}","templated":true}]}}