{"id":6105,"date":"2021-01-15T04:03:59","date_gmt":"2021-01-15T04:03:59","guid":{"rendered":"https:\/\/ifi.lab.virus.co.id\/?page_id=6105"},"modified":"2021-08-02T18:47:44","modified_gmt":"2021-08-02T11:47:44","slug":"ifi-surabaya-jeunes-et-adultes","status":"publish","type":"page","link":"https:\/\/www.ifi-id.com\/fr\/ifi-surabaya-jeunes-et-adultes\/","title":{"rendered":"IFI Surabaya &#8211; JEUNES ET ADULTES"},"content":{"rendered":"\t\t<div data-elementor-type=\"wp-page\" data-elementor-id=\"6105\" class=\"elementor elementor-6105 elementor-3950\" data-elementor-post-type=\"page\">\n\t\t\t\t\t\t<section class=\"elementor-section elementor-top-section elementor-element elementor-element-0290c0b elementor-section-boxed elementor-section-height-default elementor-section-height-default\" data-id=\"0290c0b\" data-element_type=\"section\">\n\t\t\t\t\t\t<div class=\"elementor-container elementor-column-gap-default\">\n\t\t\t\t\t<div class=\"elementor-column elementor-col-100 elementor-top-column elementor-element elementor-element-86766e8\" data-id=\"86766e8\" data-element_type=\"column\">\n\t\t\t<div class=\"elementor-widget-wrap elementor-element-populated\">\n\t\t\t\t\t\t<div class=\"elementor-element elementor-element-d7ba92a elementor-widget elementor-widget-heading\" data-id=\"d7ba92a\" data-element_type=\"widget\" data-widget_type=\"heading.default\">\n\t\t\t\t<div class=\"elementor-widget-container\">\n\t\t\t<h2 class=\"elementor-heading-title elementor-size-default\">Les jeunes \u00e9tudiants et adultes<\/h2>\t\t<\/div>\n\t\t\t\t<\/div>\n\t\t\t\t\t<\/div>\n\t\t<\/div>\n\t\t\t\t\t<\/div>\n\t\t<\/section>\n\t\t\t\t<section class=\"elementor-section elementor-top-section elementor-element elementor-element-6d03eb26 elementor-section-boxed elementor-section-height-default elementor-section-height-default\" data-id=\"6d03eb26\" data-element_type=\"section\">\n\t\t\t\t\t\t<div class=\"elementor-container elementor-column-gap-default\">\n\t\t\t\t\t<div class=\"elementor-column elementor-col-100 elementor-top-column elementor-element elementor-element-2a2598d1\" data-id=\"2a2598d1\" data-element_type=\"column\">\n\t\t\t<div class=\"elementor-widget-wrap elementor-element-populated\">\n\t\t\t\t\t\t<div class=\"elementor-element elementor-element-b5adb1a elementor-widget elementor-widget-text-editor\" data-id=\"b5adb1a\" data-element_type=\"widget\" data-widget_type=\"text-editor.default\">\n\t\t\t\t<div class=\"elementor-widget-container\">\n\t\t\t\t\t\t\t<p>L\u2019IFI Surabaya offre des cours ouverts chaque mois. Inscrivez-vous vite ! Inscrivez-vous une semaine avant le d\u00e9but du cours pour garantir la disponibilit\u00e9 votre place.<\/p>\n<p>L\u2019objectif et le mat\u00e9riel du cours se r\u00e9f\u00e8rent au Cadre europ\u00e9en commun de r\u00e9f\u00e9rence pour les langues (CECR) compos\u00e9 de 6 niveaux\u00a0:<\/p>\n<ul>\n<li style=\"list-style-type: none;\">\n<ul>\n<li style=\"list-style-type: none;\">\n<ul>\n<li>D\u00e9butant A1<\/li>\n<li>D\u00e9butant A2<\/li>\n<li>Interm\u00e9diaire B1<\/li>\n<li>Interm\u00e9diaire B2<\/li>\n<li>Exp\u00e9riment\u00e9 C1<\/li>\n<li>Exp\u00e9riment\u00e9 C2<\/li>\n<\/ul>\n<\/li>\n<\/ul>\n<\/li>\n<\/ul>\n<p>Chaque niveau peut \u00eatre atteint en plusieurs \u00e9tapes (par exemple, A1.1 puis A1.2) avec un choix de fr\u00e9quences de s\u00e9ance : une, deux et cinq fois par semaine. Vous trouverez plus d\u2019informations sur le niveau fran\u00e7ais \u00e0 l\u2019IFI <a href=\"https:\/\/www.ifi-id.com\/fr\/ifi-surabaya-apprenez-a-votre-rythme\" target=\"_blank\" rel=\"noopener\">ici.<\/a><\/p>\n<p>Choisissez le rythme, la journ\u00e9e et l\u2019horaire qui conviennent le mieux \u00e0 vos besoins.<\/p>\n\t\t\t\t\t\t<\/div>\n\t\t\t\t<\/div>\n\t\t\t\t\t<\/div>\n\t\t<\/div>\n\t\t\t\t\t<\/div>\n\t\t<\/section>\n\t\t\t\t<section class=\"elementor-section elementor-top-section elementor-element elementor-element-0d25fad elementor-section-boxed elementor-section-height-default elementor-section-height-default\" data-id=\"0d25fad\" data-element_type=\"section\">\n\t\t\t\t\t\t<div class=\"elementor-container elementor-column-gap-default\">\n\t\t\t\t\t<div class=\"elementor-column elementor-col-100 elementor-top-column elementor-element elementor-element-40ee110\" data-id=\"40ee110\" data-element_type=\"column\">\n\t\t\t<div class=\"elementor-widget-wrap elementor-element-populated\">\n\t\t\t\t\t\t<div class=\"elementor-element elementor-element-e0a30d5 elementor-widget elementor-widget-text-editor\" data-id=\"e0a30d5\" data-element_type=\"widget\" data-widget_type=\"text-editor.default\">\n\t\t\t\t<div class=\"elementor-widget-container\">\n\t\t\t\t\t\t\t<p><strong>FRAN\u00c7AIS G\u00c9N\u00c9RAL<\/strong><\/p>\n\t\t\t\t\t\t<\/div>\n\t\t\t\t<\/div>\n\t\t\t\t\t<\/div>\n\t\t<\/div>\n\t\t\t\t\t<\/div>\n\t\t<\/section>\n\t\t\t\t<section class=\"elementor-section elementor-top-section elementor-element elementor-element-606c2f8 elementor-section-boxed elementor-section-height-default elementor-section-height-default\" data-id=\"606c2f8\" data-element_type=\"section\">\n\t\t\t\t\t\t<div class=\"elementor-container elementor-column-gap-default\">\n\t\t\t\t\t<div class=\"elementor-column elementor-col-100 elementor-top-column elementor-element elementor-element-5444ada\" data-id=\"5444ada\" data-element_type=\"column\">\n\t\t\t<div class=\"elementor-widget-wrap elementor-element-populated\">\n\t\t\t\t\t\t<div class=\"elementor-element elementor-element-988c6b5 elementor-widget elementor-widget-text-editor\" data-id=\"988c6b5\" data-element_type=\"widget\" data-widget_type=\"text-editor.default\">\n\t\t\t\t<div class=\"elementor-widget-container\">\n\t\t\t\t\t\t\t<p>De A1 \u00e0 C2, apprenez le fran\u00e7ais dans un cadre studieux et d\u00e9tendu. Apprenez tous les aspects de l\u2019oral \u00e0 l\u2019\u00e9crit et devenez un francophone !<\/p>\n<ul>\n<li style=\"list-style-type: none;\">\n<ul>\n<li><strong>Extensif<\/strong><br \/>\nVotre emploi du temps est serr\u00e9, vous ne pouvez consacrer que 1 ou 2 fois par semaine pour l&rsquo;apprentissage d&rsquo;une langue et ne voulez pas \u00e9tudier dans la pr\u00e9cipitation.<\/p>\n<ul>\n<li style=\"list-style-type: none;\">\n<ul>\n<li style=\"list-style-type: none;\">\n<ul>\n<li>Pour les d\u00e9butants ou ceux qui parlent d\u00e9j\u00e0 un peu fran\u00e7ais<\/li>\n<li>60 heures de cours par session \/ 15 semaines<\/li>\n<li>10 \u00e0 15 personnes<\/li>\n<li>2\u00a0400\u00a0000 IDR \/60 heures* (livres et frais d\u2019adh\u00e9sion \u00e0 la biblioth\u00e8que non compris)<\/li>\n<li>2 x 2 heures ou 1 x 4 heures par semaine | du lundi au vendredi ou le samedi<\/li>\n<\/ul>\n<\/li>\n<\/ul>\n<\/li>\n<\/ul>\n<\/li>\n<\/ul>\n<\/li>\n<\/ul>\n<ul>\n<li style=\"list-style-type: none;\">\n<ul>\n<li><span style=\"font-size: 1rem;\"><strong>Intensif<\/strong><br \/>\n<\/span>Vous voulez progresser dans un temps relativement rapide et consacrer 3 heures par jour,\u00a05 fois par semaine.<\/p>\n<ul>\n<li style=\"list-style-type: none;\">\n<ul>\n<li style=\"list-style-type: none;\">\n<ul>\n<li>Pour les d\u00e9butants ou ceux qui parlent d\u00e9j\u00e0 un peu fran\u00e7ais<\/li>\n<li>120 heures ou 180 heures de cours par session | 8 ou 12 semaines<\/li>\n<li>10 \u00e0 15 personnes<\/li>\n<li>4 800 000 IDR \/120 heures*; 6 480 000 IDR \/180 heures* <span style=\"font-size: 1rem;\">(livres et frais d\u2019adh\u00e9sion \u00e0 la biblioth\u00e8que non compris)<\/span><\/li>\n<li>3 x 5 heures par semaine | du lundi au vendredi<\/li>\n<\/ul>\n<\/li>\n<\/ul>\n<\/li>\n<\/ul>\n<\/li>\n<\/ul>\n<\/li>\n<\/ul>\n<ul>\n<li style=\"list-style-type: none;\">\n<ul>\n<li><strong>Super Intensif<br \/>\n<\/strong>Vous voulez apprendre tr\u00e8s rapidement et vous pouvez y consacrer de 5 \u00e0 6 heures par jour, cinq fois par semaine.<\/p>\n<ul>\n<li style=\"list-style-type: none;\">\n<ul>\n<li style=\"list-style-type: none;\">\n<ul>\n<li>Pour les d\u00e9butants ou ceux qui parlent d\u00e9j\u00e0 un peu fran\u00e7ais<\/li>\n<li>450 \u00e0 700 heures de cours par session \/ de 18 \u00e0 28 semaines<\/li>\n<li>10 \u00e0 15 personnes<\/li>\n<li>16.200.000 IDR \/ niveau A1-B1 (450 heures) *;\u00a0 25.200.000 IDR \/niveau A1-B2 (700 heures) * (livres et frais d\u2019adh\u00e9sion \u00e0 la biblioth\u00e8que non compris)<\/li>\n<li>5 x 5 heures par semaine | du lundi au vendredi<\/li>\n<\/ul>\n<\/li>\n<\/ul>\n<\/li>\n<\/ul>\n<\/li>\n<\/ul>\n<\/li>\n<\/ul>\n\t\t\t\t\t\t<\/div>\n\t\t\t\t<\/div>\n\t\t\t\t\t<\/div>\n\t\t<\/div>\n\t\t\t\t\t<\/div>\n\t\t<\/section>\n\t\t\t\t<section class=\"elementor-section elementor-top-section elementor-element elementor-element-3c210da elementor-section-boxed elementor-section-height-default elementor-section-height-default\" data-id=\"3c210da\" data-element_type=\"section\">\n\t\t\t\t\t\t<div class=\"elementor-container elementor-column-gap-default\">\n\t\t\t\t\t<div class=\"elementor-column elementor-col-100 elementor-top-column elementor-element elementor-element-6c1bd00\" data-id=\"6c1bd00\" data-element_type=\"column\">\n\t\t\t<div class=\"elementor-widget-wrap elementor-element-populated\">\n\t\t\t\t\t\t<div class=\"elementor-element elementor-element-898c17b elementor-widget elementor-widget-text-editor\" data-id=\"898c17b\" data-element_type=\"widget\" data-widget_type=\"text-editor.default\">\n\t\t\t\t<div class=\"elementor-widget-container\">\n\t\t\t\t\t\t\t<p><strong>CLASSE DE CONVERSATION<\/strong><\/p>\n\t\t\t\t\t\t<\/div>\n\t\t\t\t<\/div>\n\t\t\t\t\t<\/div>\n\t\t<\/div>\n\t\t\t\t\t<\/div>\n\t\t<\/section>\n\t\t\t\t<section class=\"elementor-section elementor-top-section elementor-element elementor-element-f412aaa elementor-section-boxed elementor-section-height-default elementor-section-height-default\" data-id=\"f412aaa\" data-element_type=\"section\">\n\t\t\t\t\t\t<div class=\"elementor-container elementor-column-gap-default\">\n\t\t\t\t\t<div class=\"elementor-column elementor-col-100 elementor-top-column elementor-element elementor-element-87f5dcf\" data-id=\"87f5dcf\" data-element_type=\"column\">\n\t\t\t<div class=\"elementor-widget-wrap elementor-element-populated\">\n\t\t\t\t\t\t<div class=\"elementor-element elementor-element-6641a62 elementor-widget elementor-widget-text-editor\" data-id=\"6641a62\" data-element_type=\"widget\" data-widget_type=\"text-editor.default\">\n\t\t\t\t<div class=\"elementor-widget-container\">\n\t\t\t\t\t\t\t<p>Am\u00e9liorez vos comp\u00e9tences orales en vous confrontant \u00e0 une vari\u00e9t\u00e9 de sujets r\u00e9els et de situations quotidiennes (achat et vente, \u00e9cole, travail, etc.) avec des enseignants qui pr\u00eatent attention \u00e0 vos progr\u00e8s et des amis qui veulent \u00e9galement \u00e9changer des id\u00e9es et am\u00e9liorer leurs capacit\u00e9s orales.<\/p>\n<ul>\n<li style=\"list-style-type: none;\">\n<ul>\n<li style=\"list-style-type: none;\">\n<ul>\n<li style=\"list-style-type: none;\">\n<ul>\n<li style=\"list-style-type: none;\">\n<ul>\n<li>Pour les \u00e9tudiants qui commencent \u00e0 apprendre le niveau B1<\/li>\n<li>30 heures de cours par session | 7.5 semaines<\/li>\n<li>10 \u00e0 15 personnes<\/li>\n<li>1\u00a0650\u00a0000 IDR \/ 30 heures* (livres et frais d\u2019adh\u00e9sion \u00e0 la biblioth\u00e8que non compris)<\/li>\n<li>2 x 2 heures par semaine | du lundi au vendredi<\/li>\n<\/ul>\n<\/li>\n<\/ul>\n<\/li>\n<\/ul>\n<\/li>\n<\/ul>\n<\/li>\n<\/ul>\n\t\t\t\t\t\t<\/div>\n\t\t\t\t<\/div>\n\t\t\t\t\t<\/div>\n\t\t<\/div>\n\t\t\t\t\t<\/div>\n\t\t<\/section>\n\t\t\t\t<section class=\"elementor-section elementor-top-section elementor-element elementor-element-e31ad73 elementor-section-boxed elementor-section-height-default elementor-section-height-default\" data-id=\"e31ad73\" data-element_type=\"section\">\n\t\t\t\t\t\t<div class=\"elementor-container elementor-column-gap-default\">\n\t\t\t\t\t<div class=\"elementor-column elementor-col-100 elementor-top-column elementor-element elementor-element-c95264b\" data-id=\"c95264b\" data-element_type=\"column\">\n\t\t\t<div class=\"elementor-widget-wrap elementor-element-populated\">\n\t\t\t\t\t\t<div class=\"elementor-element elementor-element-e091fb9 elementor-widget elementor-widget-text-editor\" data-id=\"e091fb9\" data-element_type=\"widget\" data-widget_type=\"text-editor.default\">\n\t\t\t\t<div class=\"elementor-widget-container\">\n\t\t\t\t\t\t\t<p><strong>COURS DE PREPARATION AUX EXAMENS DELF-DALF<\/strong><\/p>\n\t\t\t\t\t\t<\/div>\n\t\t\t\t<\/div>\n\t\t\t\t\t<\/div>\n\t\t<\/div>\n\t\t\t\t\t<\/div>\n\t\t<\/section>\n\t\t\t\t<section class=\"elementor-section elementor-top-section elementor-element elementor-element-e1d5539 elementor-section-boxed elementor-section-height-default elementor-section-height-default\" data-id=\"e1d5539\" data-element_type=\"section\">\n\t\t\t\t\t\t<div class=\"elementor-container elementor-column-gap-default\">\n\t\t\t\t\t<div class=\"elementor-column elementor-col-100 elementor-top-column elementor-element elementor-element-3551606\" data-id=\"3551606\" data-element_type=\"column\">\n\t\t\t<div class=\"elementor-widget-wrap elementor-element-populated\">\n\t\t\t\t\t\t<div class=\"elementor-element elementor-element-afbd88f elementor-widget elementor-widget-text-editor\" data-id=\"afbd88f\" data-element_type=\"widget\" data-widget_type=\"text-editor.default\">\n\t\t\t\t<div class=\"elementor-widget-container\">\n\t\t\t\t\t\t\t<p>Vous voulez am\u00e9liorer vos comp\u00e9tences en fran\u00e7ais et obtenir un dipl\u00f4me officiel de fran\u00e7ais reconnu dans le monde entier ? Vous voulez \u00e9galement mettre toutes vos comp\u00e9tences dans la r\u00e9ussite de l\u2019examen DELF ou DALF ?<\/p>\n<p>Ce cours pr\u00e9paratoire est un cours qui compl\u00e8te le cours de fran\u00e7ais g\u00e9n\u00e9ral. Dans ce cours, vous pouvez vous pr\u00e9parer \u00e0 passer chaque \u00e9tape de l\u2019examen (DELF A1, A2, B1 et B2, DALF C1 et C2), ainsi que renforcer 4 comp\u00e9tences linguistiques (parler, \u00e9crire, comprendre l\u2019audition et la compr\u00e9hension de lecture) en passant des examens de simulation.<\/p>\n<p>DELF, un dipl\u00f4me \u00e0 vie !<\/p>\n<ul>\n<li style=\"list-style-type: none;\">\n<ul>\n<li style=\"list-style-type: none;\">\n<ul>\n<li style=\"list-style-type: none;\">\n<ul>\n<li>Pour les apprenantes qui ont termin\u00e9 chaque niveau<\/li>\n<li>20 \u00e0 50 heures de cours par session | 5 \u00e0 12,5 semaines<\/li>\n<li>10 \u00e0 15 personnes<\/li>\n<li>1.000.000 IDR \/niveau A1 ou A2*; 2.000.000 IDR \/niveau B1 ou B2*; 2.500.000 IDR \/niveau C1 ou C2<\/li>\n<li>1 x 4 heures ou 2 x 2 heures par semaine | du lundi au vendredi ou le samedi<\/li>\n<\/ul>\n<\/li>\n<\/ul>\n<\/li>\n<\/ul>\n<\/li>\n<\/ul>\n<p><strong>Attention !<\/strong> Pour les \u00e9tudiants qui souhaitent poursuivre leurs \u00e9tudes en France, <strong>un dipl\u00f4me DELF B2 est obligatoire pour s\u2019inscrire dans une universit\u00e9 fran\u00e7aise.<\/strong><\/p>\n\t\t\t\t\t\t<\/div>\n\t\t\t\t<\/div>\n\t\t\t\t\t<\/div>\n\t\t<\/div>\n\t\t\t\t\t<\/div>\n\t\t<\/section>\n\t\t\t\t<section class=\"elementor-section elementor-top-section elementor-element elementor-element-53833d9 elementor-section-boxed elementor-section-height-default elementor-section-height-default\" data-id=\"53833d9\" data-element_type=\"section\">\n\t\t\t\t\t\t<div class=\"elementor-container elementor-column-gap-default\">\n\t\t\t\t\t<div class=\"elementor-column elementor-col-100 elementor-top-column elementor-element elementor-element-ffa17e0\" data-id=\"ffa17e0\" data-element_type=\"column\">\n\t\t\t<div class=\"elementor-widget-wrap elementor-element-populated\">\n\t\t\t\t\t\t<div class=\"elementor-element elementor-element-6d1db98 elementor-widget elementor-widget-text-editor\" data-id=\"6d1db98\" data-element_type=\"widget\" data-widget_type=\"text-editor.default\">\n\t\t\t\t<div class=\"elementor-widget-container\">\n\t\t\t\t\t\t\t<p>Pour plus d\u2019informations sur les \u00e9tudes en France, visitez le site Internet <strong><a href=\"http:\/\/www.indonesie.campusfrance.org\/id\" target=\"_blank\" rel=\"noopener\">Campus France<\/a><\/strong>.<\/p>\n<p><span style=\"color: #ff0000;\">* Les tarifs des cours ci-dessus s\u2019appliquent \u00e0 partir d\u2019un nombre minimum d\u2019\u00e9tudiants et sont valides <strong>jusqu\u2019au<\/strong> <strong>31 d\u00e9cembre 2021<\/strong>. Dans le cas o\u00f9 le nombre d\u2019inscrits serait insuffisant, l\u2019IFI est susceptible d\u2019annuler le cours et de rembourser les frais d\u2019inscription \u00e0 chaque \u00e9tudiant inscrit ou lui offrir un tarif de cours particulier.<\/span><\/p>\n\t\t\t\t\t\t<\/div>\n\t\t\t\t<\/div>\n\t\t\t\t\t<\/div>\n\t\t<\/div>\n\t\t\t\t\t<\/div>\n\t\t<\/section>\n\t\t\t\t<\/div>\n\t\t","protected":false},"excerpt":{"rendered":"<p>Les jeunes \u00e9tudiants et adultes L\u2019IFI Surabaya offre des cours ouverts chaque mois. Inscrivez-vous vite ! Inscrivez-vous une semaine avant le d\u00e9but du cours pour garantir la disponibilit\u00e9 votre place. L\u2019objectif et le mat\u00e9riel du cours se r\u00e9f\u00e8rent au Cadre europ\u00e9en commun de r\u00e9f\u00e9rence pour les langues (CECR) compos\u00e9 de 6 niveaux\u00a0: D\u00e9butant A1 D\u00e9butant &hellip; <\/p>\n<p class=\"link-more\"><a href=\"https:\/\/www.ifi-id.com\/fr\/ifi-surabaya-jeunes-et-adultes\/\" class=\"more-link\">Continuer la lecture<span class=\"screen-reader-text\"> de &laquo;&nbsp;IFI Surabaya &#8211; JEUNES ET ADULTES&nbsp;&raquo;<\/span><\/a><\/p>\n","protected":false},"author":5,"featured_media":0,"parent":0,"menu_order":0,"comment_status":"closed","ping_status":"closed","template":"elementor_header_footer","meta":{"footnotes":""},"class_list":["post-6105","page","type-page","status-publish","hentry"],"yoast_head":"<!-- This site is optimized with the Yoast SEO plugin v23.5 - https:\/\/yoast.com\/wordpress\/plugins\/seo\/ -->\n<title>IFI Surabaya - JEUNES ET ADULTES - Institut fran\u00e7ais Indon\u00e9sie<\/title>\n<meta name=\"robots\" content=\"index, follow, max-snippet:-1, max-image-preview:large, max-video-preview:-1\" \/>\n<link rel=\"canonical\" href=\"https:\/\/www.ifi-id.com\/fr\/ifi-surabaya-jeunes-et-adultes\/\" \/>\n<meta property=\"og:locale\" content=\"fr_FR\" \/>\n<meta property=\"og:type\" content=\"article\" \/>\n<meta property=\"og:title\" content=\"IFI Surabaya - JEUNES ET ADULTES - Institut fran\u00e7ais Indon\u00e9sie\" \/>\n<meta property=\"og:description\" content=\"Les jeunes \u00e9tudiants et adultes L\u2019IFI Surabaya offre des cours ouverts chaque mois. Inscrivez-vous vite ! Inscrivez-vous une semaine avant le d\u00e9but du cours pour garantir la disponibilit\u00e9 votre place. L\u2019objectif et le mat\u00e9riel du cours se r\u00e9f\u00e8rent au Cadre europ\u00e9en commun de r\u00e9f\u00e9rence pour les langues (CECR) compos\u00e9 de 6 niveaux\u00a0: D\u00e9butant A1 D\u00e9butant &hellip; Continuer la lecture de &laquo;&nbsp;IFI Surabaya &#8211; JEUNES ET ADULTES&nbsp;&raquo;\" \/>\n<meta property=\"og:url\" content=\"https:\/\/www.ifi-id.com\/fr\/ifi-surabaya-jeunes-et-adultes\/\" \/>\n<meta property=\"og:site_name\" content=\"Institut fran\u00e7ais Indon\u00e9sie\" \/>\n<meta property=\"article:modified_time\" content=\"2021-08-02T11:47:44+00:00\" \/>\n<meta name=\"twitter:card\" content=\"summary_large_image\" \/>\n<meta name=\"twitter:label1\" content=\"Dur\u00e9e de lecture estim\u00e9e\" \/>\n\t<meta name=\"twitter:data1\" content=\"4 minutes\" \/>\n<script type=\"application\/ld+json\" class=\"yoast-schema-graph\">{\"@context\":\"https:\/\/schema.org\",\"@graph\":[{\"@type\":\"WebPage\",\"@id\":\"https:\/\/www.ifi-id.com\/fr\/ifi-surabaya-jeunes-et-adultes\/\",\"url\":\"https:\/\/www.ifi-id.com\/fr\/ifi-surabaya-jeunes-et-adultes\/\",\"name\":\"IFI Surabaya - JEUNES ET ADULTES - Institut fran\u00e7ais Indon\u00e9sie\",\"isPartOf\":{\"@id\":\"https:\/\/www.ifi-id.com\/#website\"},\"datePublished\":\"2021-01-15T04:03:59+00:00\",\"dateModified\":\"2021-08-02T11:47:44+00:00\",\"breadcrumb\":{\"@id\":\"https:\/\/www.ifi-id.com\/fr\/ifi-surabaya-jeunes-et-adultes\/#breadcrumb\"},\"inLanguage\":\"fr-FR\",\"potentialAction\":[{\"@type\":\"ReadAction\",\"target\":[\"https:\/\/www.ifi-id.com\/fr\/ifi-surabaya-jeunes-et-adultes\/\"]}]},{\"@type\":\"BreadcrumbList\",\"@id\":\"https:\/\/www.ifi-id.com\/fr\/ifi-surabaya-jeunes-et-adultes\/#breadcrumb\",\"itemListElement\":[{\"@type\":\"ListItem\",\"position\":1,\"name\":\"Home\",\"item\":\"https:\/\/www.ifi-id.com\/\"},{\"@type\":\"ListItem\",\"position\":2,\"name\":\"IFI Surabaya &#8211; JEUNES ET ADULTES\"}]},{\"@type\":\"WebSite\",\"@id\":\"https:\/\/www.ifi-id.com\/#website\",\"url\":\"https:\/\/www.ifi-id.com\/\",\"name\":\"Institut fran\u00e7ais Indon\u00e9sie\",\"description\":\"\",\"publisher\":{\"@id\":\"https:\/\/www.ifi-id.com\/#organization\"},\"potentialAction\":[{\"@type\":\"SearchAction\",\"target\":{\"@type\":\"EntryPoint\",\"urlTemplate\":\"https:\/\/www.ifi-id.com\/?s={search_term_string}\"},\"query-input\":{\"@type\":\"PropertyValueSpecification\",\"valueRequired\":true,\"valueName\":\"search_term_string\"}}],\"inLanguage\":\"fr-FR\"},{\"@type\":\"Organization\",\"@id\":\"https:\/\/www.ifi-id.com\/#organization\",\"name\":\"Institut fran\u00e7ais Indon\u00e9sie\",\"url\":\"https:\/\/www.ifi-id.com\/\",\"logo\":{\"@type\":\"ImageObject\",\"inLanguage\":\"fr-FR\",\"@id\":\"https:\/\/www.ifi-id.com\/#\/schema\/logo\/image\/\",\"url\":\"https:\/\/www.ifi-id.com\/wp-content\/uploads\/2022\/12\/IFI_New_Logo.jpg\",\"contentUrl\":\"https:\/\/www.ifi-id.com\/wp-content\/uploads\/2022\/12\/IFI_New_Logo.jpg\",\"width\":666,\"height\":444,\"caption\":\"Institut fran\u00e7ais Indon\u00e9sie\"},\"image\":{\"@id\":\"https:\/\/www.ifi-id.com\/#\/schema\/logo\/image\/\"}}]}<\/script>\n<!-- \/ Yoast SEO plugin. -->","yoast_head_json":{"title":"IFI Surabaya - JEUNES ET ADULTES - Institut fran\u00e7ais Indon\u00e9sie","robots":{"index":"index","follow":"follow","max-snippet":"max-snippet:-1","max-image-preview":"max-image-preview:large","max-video-preview":"max-video-preview:-1"},"canonical":"https:\/\/www.ifi-id.com\/fr\/ifi-surabaya-jeunes-et-adultes\/","og_locale":"fr_FR","og_type":"article","og_title":"IFI Surabaya - JEUNES ET ADULTES - Institut fran\u00e7ais Indon\u00e9sie","og_description":"Les jeunes \u00e9tudiants et adultes L\u2019IFI Surabaya offre des cours ouverts chaque mois. Inscrivez-vous vite ! Inscrivez-vous une semaine avant le d\u00e9but du cours pour garantir la disponibilit\u00e9 votre place. L\u2019objectif et le mat\u00e9riel du cours se r\u00e9f\u00e8rent au Cadre europ\u00e9en commun de r\u00e9f\u00e9rence pour les langues (CECR) compos\u00e9 de 6 niveaux\u00a0: D\u00e9butant A1 D\u00e9butant &hellip; Continuer la lecture de &laquo;&nbsp;IFI Surabaya &#8211; JEUNES ET ADULTES&nbsp;&raquo;","og_url":"https:\/\/www.ifi-id.com\/fr\/ifi-surabaya-jeunes-et-adultes\/","og_site_name":"Institut fran\u00e7ais Indon\u00e9sie","article_modified_time":"2021-08-02T11:47:44+00:00","twitter_card":"summary_large_image","twitter_misc":{"Dur\u00e9e de lecture estim\u00e9e":"4 minutes"},"schema":{"@context":"https:\/\/schema.org","@graph":[{"@type":"WebPage","@id":"https:\/\/www.ifi-id.com\/fr\/ifi-surabaya-jeunes-et-adultes\/","url":"https:\/\/www.ifi-id.com\/fr\/ifi-surabaya-jeunes-et-adultes\/","name":"IFI Surabaya - JEUNES ET ADULTES - Institut fran\u00e7ais Indon\u00e9sie","isPartOf":{"@id":"https:\/\/www.ifi-id.com\/#website"},"datePublished":"2021-01-15T04:03:59+00:00","dateModified":"2021-08-02T11:47:44+00:00","breadcrumb":{"@id":"https:\/\/www.ifi-id.com\/fr\/ifi-surabaya-jeunes-et-adultes\/#breadcrumb"},"inLanguage":"fr-FR","potentialAction":[{"@type":"ReadAction","target":["https:\/\/www.ifi-id.com\/fr\/ifi-surabaya-jeunes-et-adultes\/"]}]},{"@type":"BreadcrumbList","@id":"https:\/\/www.ifi-id.com\/fr\/ifi-surabaya-jeunes-et-adultes\/#breadcrumb","itemListElement":[{"@type":"ListItem","position":1,"name":"Home","item":"https:\/\/www.ifi-id.com\/"},{"@type":"ListItem","position":2,"name":"IFI Surabaya &#8211; JEUNES ET ADULTES"}]},{"@type":"WebSite","@id":"https:\/\/www.ifi-id.com\/#website","url":"https:\/\/www.ifi-id.com\/","name":"Institut fran\u00e7ais Indon\u00e9sie","description":"","publisher":{"@id":"https:\/\/www.ifi-id.com\/#organization"},"potentialAction":[{"@type":"SearchAction","target":{"@type":"EntryPoint","urlTemplate":"https:\/\/www.ifi-id.com\/?s={search_term_string}"},"query-input":{"@type":"PropertyValueSpecification","valueRequired":true,"valueName":"search_term_string"}}],"inLanguage":"fr-FR"},{"@type":"Organization","@id":"https:\/\/www.ifi-id.com\/#organization","name":"Institut fran\u00e7ais Indon\u00e9sie","url":"https:\/\/www.ifi-id.com\/","logo":{"@type":"ImageObject","inLanguage":"fr-FR","@id":"https:\/\/www.ifi-id.com\/#\/schema\/logo\/image\/","url":"https:\/\/www.ifi-id.com\/wp-content\/uploads\/2022\/12\/IFI_New_Logo.jpg","contentUrl":"https:\/\/www.ifi-id.com\/wp-content\/uploads\/2022\/12\/IFI_New_Logo.jpg","width":666,"height":444,"caption":"Institut fran\u00e7ais Indon\u00e9sie"},"image":{"@id":"https:\/\/www.ifi-id.com\/#\/schema\/logo\/image\/"}}]}},"post_mailing_queue_ids":[],"_links":{"self":[{"href":"https:\/\/www.ifi-id.com\/fr\/wp-json\/wp\/v2\/pages\/6105"}],"collection":[{"href":"https:\/\/www.ifi-id.com\/fr\/wp-json\/wp\/v2\/pages"}],"about":[{"href":"https:\/\/www.ifi-id.com\/fr\/wp-json\/wp\/v2\/types\/page"}],"author":[{"embeddable":true,"href":"https:\/\/www.ifi-id.com\/fr\/wp-json\/wp\/v2\/users\/5"}],"replies":[{"embeddable":true,"href":"https:\/\/www.ifi-id.com\/fr\/wp-json\/wp\/v2\/comments?post=6105"}],"version-history":[{"count":20,"href":"https:\/\/www.ifi-id.com\/fr\/wp-json\/wp\/v2\/pages\/6105\/revisions"}],"predecessor-version":[{"id":14443,"href":"https:\/\/www.ifi-id.com\/fr\/wp-json\/wp\/v2\/pages\/6105\/revisions\/14443"}],"wp:attachment":[{"href":"https:\/\/www.ifi-id.com\/fr\/wp-json\/wp\/v2\/media?parent=6105"}],"curies":[{"name":"wp","href":"https:\/\/api.w.org\/{rel}","templated":true}]}}