{"id":6084,"date":"2021-01-15T03:48:36","date_gmt":"2021-01-15T03:48:36","guid":{"rendered":"https:\/\/ifi.lab.virus.co.id\/?page_id=6084"},"modified":"2021-01-19T03:20:10","modified_gmt":"2021-01-19T03:20:10","slug":"ifi-bandung-certifications","status":"publish","type":"page","link":"https:\/\/www.ifi-id.com\/fr\/ifi-bandung-certifications\/","title":{"rendered":"IFI Bandung &#8211; CERTIFICATIONS"},"content":{"rendered":"<h2>CERTIFICATIONS<\/h2>\t\t\n\t\t\n<figure><img decoding=\"async\" src=\"http:\/\/www.ifi-id.com\/uploads\/page\/5_1(16).jpg\" alt=\"\"\/><\/figure>\n\n\n<p><strong>EXAMEN DELF &amp; DALF<\/strong><br>Apr\u00e8s l&rsquo;apprentissage du fran\u00e7ais pour une centaine d\u2019heures, vous pouvez d\u00e9j\u00e0 obtenir un dipl\u00f4me DELF A1 !<br>DELF (A1 -A2 -B1- B2) et DALF (C1 &#8211; C2) sont les dipl\u00f4mes d\u00e9livr\u00e9s par le minist\u00e8re de l&rsquo;\u00e9ducation de la R\u00e9publique Fran\u00e7aise et est reconnu partout dans le monde. Ces dipl\u00f4mes certifient votre aptitude en fran\u00e7ais et vont rendre facilement \u00e0 poursuivre vos \u00e9tudes dans des universit\u00e9s fran\u00e7aises.<br>Chaque certificat s\u2019est compos\u00e9 de quatre comp\u00e9tences langagi\u00e8res \u00e9valu\u00e9es : la compr\u00e9hension et la comp\u00e9tence de parler, la compr\u00e9hension et la comp\u00e9tence d\u2019\u00e9crire.<br>DELF &#8211; Dipl\u00f4me d&rsquo;\u00c9tudes en Langue Fran\u00e7aise se compose de 4 dipl\u00f4me : A1 -A2 -B1- B2<br>DALF &#8211; Dipl\u00f4me Approfondi de Langue Fran\u00e7aise se compose de 2 dipl\u00f4mes C1 et C2, dont chacun est ind\u00e9pendant.<br><br><strong>Niveaux de DELF DALF :<\/strong><br>A1<br>Niveaux d&rsquo;introduction \/ de base, 60-100 heures de cours :<br>&#8211; Niveau de base d&rsquo;utilisation de la langue pour des situations tr\u00e8s courantes dans la vie quotidienne<br><br>A2<br>Niveau \u201csurvivre\u201d, 150-200 heures de cours :<br>&#8211; Peut communiquer dans les rapports sociaux sous-jacents.<br>&#8211; Peut se d\u00e9brouiller dans des situations qui sont simples et pr\u00e9visibles dans la vie quotidienne (achats, commandes, demander des informations, \u00e9crire des lettres, prospectus)<br><br>B1<br>Niveau \u201cseuil\u201d, 350-400 heures de cours :<br>&#8211; Aptitude \u00e0 interagir.<br>&#8211; Peut se d\u00e9brouiller dans toutes les situations, y compris l&rsquo;inattendu dans la vie quotidienne.<br>&#8211; Capable de comprendre l&rsquo;information (bulletins, lettre officielle)<br><br>B2<br>Niveau ind\u00e9pendant, 550-650 heures de cours :<br>&#8211; Peut \u00eatre soutenu efficacement<br>&#8211; Peut parler facilement et efficacement<br>&#8211; Compr\u00e9hension du langage, la logique et la coh\u00e9rence du discours<br>&#8211; Comprendre le monde (discours, conf\u00e9rences)<br><br>C1<br>Niveau autonome \/ exp\u00e9riment\u00e9, 800-950 heures de cours :<br>&#8211; Capable de comprendre les diff\u00e9rentes formes de discours<br>&#8211; \u00catre capable de communiquer facilement et spontan\u00e9ment<br>&#8211; Capacit\u00e9 d&rsquo;analyser (prendre des notes, r\u00e9sum\u00e9es)<br><br>C2<br>Niveau avanc\u00e9, plus de 1000 heures de cours :<br>&#8211; Capable de maitriser la langue sous toutes ses formes.<br>&#8211; Capable de travailler sur des missions acad\u00e9miques.<br><br>IFI &#8211; Bandung organise l\u2019examen du DELF-DALF en trois fois par an (mars, juin et novembre)<br><\/p>\n","protected":false},"excerpt":{"rendered":"<p>CERTIFICATIONS EXAMEN DELF &amp; DALFApr\u00e8s l&rsquo;apprentissage du fran\u00e7ais pour une centaine d\u2019heures, vous pouvez d\u00e9j\u00e0 obtenir un dipl\u00f4me DELF A1 !DELF (A1 -A2 -B1- B2) et DALF (C1 &#8211; C2) sont les dipl\u00f4mes d\u00e9livr\u00e9s par le minist\u00e8re de l&rsquo;\u00e9ducation de la R\u00e9publique Fran\u00e7aise et est reconnu partout dans le monde. Ces dipl\u00f4mes certifient votre aptitude &hellip; <\/p>\n<p class=\"link-more\"><a href=\"https:\/\/www.ifi-id.com\/fr\/ifi-bandung-certifications\/\" class=\"more-link\">Continuer la lecture<span class=\"screen-reader-text\"> de &laquo;&nbsp;IFI Bandung &#8211; CERTIFICATIONS&nbsp;&raquo;<\/span><\/a><\/p>\n","protected":false},"author":1,"featured_media":0,"parent":0,"menu_order":0,"comment_status":"closed","ping_status":"closed","template":"","meta":{"footnotes":""},"class_list":["post-6084","page","type-page","status-publish","hentry"],"yoast_head":"<!-- This site is optimized with the Yoast SEO plugin v23.5 - https:\/\/yoast.com\/wordpress\/plugins\/seo\/ -->\n<title>IFI Bandung - CERTIFICATIONS - Institut fran\u00e7ais Indon\u00e9sie<\/title>\n<meta name=\"robots\" content=\"index, follow, max-snippet:-1, max-image-preview:large, max-video-preview:-1\" \/>\n<link rel=\"canonical\" href=\"https:\/\/www.ifi-id.com\/fr\/ifi-bandung-certifications\/\" \/>\n<meta property=\"og:locale\" content=\"fr_FR\" \/>\n<meta property=\"og:type\" content=\"article\" \/>\n<meta property=\"og:title\" content=\"IFI Bandung - CERTIFICATIONS - Institut fran\u00e7ais Indon\u00e9sie\" \/>\n<meta property=\"og:description\" content=\"CERTIFICATIONS EXAMEN DELF &amp; DALFApr\u00e8s l&rsquo;apprentissage du fran\u00e7ais pour une centaine d\u2019heures, vous pouvez d\u00e9j\u00e0 obtenir un dipl\u00f4me DELF A1 !DELF (A1 -A2 -B1- B2) et DALF (C1 &#8211; C2) sont les dipl\u00f4mes d\u00e9livr\u00e9s par le minist\u00e8re de l&rsquo;\u00e9ducation de la R\u00e9publique Fran\u00e7aise et est reconnu partout dans le monde. Ces dipl\u00f4mes certifient votre aptitude &hellip; Continuer la lecture de &laquo;&nbsp;IFI Bandung &#8211; CERTIFICATIONS&nbsp;&raquo;\" \/>\n<meta property=\"og:url\" content=\"https:\/\/www.ifi-id.com\/fr\/ifi-bandung-certifications\/\" \/>\n<meta property=\"og:site_name\" content=\"Institut fran\u00e7ais Indon\u00e9sie\" \/>\n<meta property=\"article:modified_time\" content=\"2021-01-19T03:20:10+00:00\" \/>\n<meta property=\"og:image\" content=\"http:\/\/www.ifi-id.com\/uploads\/page\/5_1(16).jpg\" \/>\n<meta name=\"twitter:card\" content=\"summary_large_image\" \/>\n<meta name=\"twitter:label1\" content=\"Dur\u00e9e de lecture estim\u00e9e\" \/>\n\t<meta name=\"twitter:data1\" content=\"2 minutes\" \/>\n<script type=\"application\/ld+json\" class=\"yoast-schema-graph\">{\"@context\":\"https:\/\/schema.org\",\"@graph\":[{\"@type\":\"WebPage\",\"@id\":\"https:\/\/www.ifi-id.com\/fr\/ifi-bandung-certifications\/\",\"url\":\"https:\/\/www.ifi-id.com\/fr\/ifi-bandung-certifications\/\",\"name\":\"IFI Bandung - CERTIFICATIONS - Institut fran\u00e7ais Indon\u00e9sie\",\"isPartOf\":{\"@id\":\"https:\/\/www.ifi-id.com\/#website\"},\"primaryImageOfPage\":{\"@id\":\"https:\/\/www.ifi-id.com\/fr\/ifi-bandung-certifications\/#primaryimage\"},\"image\":{\"@id\":\"https:\/\/www.ifi-id.com\/fr\/ifi-bandung-certifications\/#primaryimage\"},\"thumbnailUrl\":\"http:\/\/www.ifi-id.com\/uploads\/page\/5_1(16).jpg\",\"datePublished\":\"2021-01-15T03:48:36+00:00\",\"dateModified\":\"2021-01-19T03:20:10+00:00\",\"breadcrumb\":{\"@id\":\"https:\/\/www.ifi-id.com\/fr\/ifi-bandung-certifications\/#breadcrumb\"},\"inLanguage\":\"fr-FR\",\"potentialAction\":[{\"@type\":\"ReadAction\",\"target\":[\"https:\/\/www.ifi-id.com\/fr\/ifi-bandung-certifications\/\"]}]},{\"@type\":\"ImageObject\",\"inLanguage\":\"fr-FR\",\"@id\":\"https:\/\/www.ifi-id.com\/fr\/ifi-bandung-certifications\/#primaryimage\",\"url\":\"http:\/\/www.ifi-id.com\/uploads\/page\/5_1(16).jpg\",\"contentUrl\":\"http:\/\/www.ifi-id.com\/uploads\/page\/5_1(16).jpg\"},{\"@type\":\"BreadcrumbList\",\"@id\":\"https:\/\/www.ifi-id.com\/fr\/ifi-bandung-certifications\/#breadcrumb\",\"itemListElement\":[{\"@type\":\"ListItem\",\"position\":1,\"name\":\"Home\",\"item\":\"https:\/\/www.ifi-id.com\/\"},{\"@type\":\"ListItem\",\"position\":2,\"name\":\"IFI Bandung &#8211; CERTIFICATIONS\"}]},{\"@type\":\"WebSite\",\"@id\":\"https:\/\/www.ifi-id.com\/#website\",\"url\":\"https:\/\/www.ifi-id.com\/\",\"name\":\"Institut fran\u00e7ais Indon\u00e9sie\",\"description\":\"\",\"publisher\":{\"@id\":\"https:\/\/www.ifi-id.com\/#organization\"},\"potentialAction\":[{\"@type\":\"SearchAction\",\"target\":{\"@type\":\"EntryPoint\",\"urlTemplate\":\"https:\/\/www.ifi-id.com\/?s={search_term_string}\"},\"query-input\":{\"@type\":\"PropertyValueSpecification\",\"valueRequired\":true,\"valueName\":\"search_term_string\"}}],\"inLanguage\":\"fr-FR\"},{\"@type\":\"Organization\",\"@id\":\"https:\/\/www.ifi-id.com\/#organization\",\"name\":\"Institut fran\u00e7ais Indon\u00e9sie\",\"url\":\"https:\/\/www.ifi-id.com\/\",\"logo\":{\"@type\":\"ImageObject\",\"inLanguage\":\"fr-FR\",\"@id\":\"https:\/\/www.ifi-id.com\/#\/schema\/logo\/image\/\",\"url\":\"https:\/\/www.ifi-id.com\/wp-content\/uploads\/2022\/12\/IFI_New_Logo.jpg\",\"contentUrl\":\"https:\/\/www.ifi-id.com\/wp-content\/uploads\/2022\/12\/IFI_New_Logo.jpg\",\"width\":666,\"height\":444,\"caption\":\"Institut fran\u00e7ais Indon\u00e9sie\"},\"image\":{\"@id\":\"https:\/\/www.ifi-id.com\/#\/schema\/logo\/image\/\"}}]}<\/script>\n<!-- \/ Yoast SEO plugin. -->","yoast_head_json":{"title":"IFI Bandung - CERTIFICATIONS - Institut fran\u00e7ais Indon\u00e9sie","robots":{"index":"index","follow":"follow","max-snippet":"max-snippet:-1","max-image-preview":"max-image-preview:large","max-video-preview":"max-video-preview:-1"},"canonical":"https:\/\/www.ifi-id.com\/fr\/ifi-bandung-certifications\/","og_locale":"fr_FR","og_type":"article","og_title":"IFI Bandung - CERTIFICATIONS - Institut fran\u00e7ais Indon\u00e9sie","og_description":"CERTIFICATIONS EXAMEN DELF &amp; DALFApr\u00e8s l&rsquo;apprentissage du fran\u00e7ais pour une centaine d\u2019heures, vous pouvez d\u00e9j\u00e0 obtenir un dipl\u00f4me DELF A1 !DELF (A1 -A2 -B1- B2) et DALF (C1 &#8211; C2) sont les dipl\u00f4mes d\u00e9livr\u00e9s par le minist\u00e8re de l&rsquo;\u00e9ducation de la R\u00e9publique Fran\u00e7aise et est reconnu partout dans le monde. Ces dipl\u00f4mes certifient votre aptitude &hellip; Continuer la lecture de &laquo;&nbsp;IFI Bandung &#8211; CERTIFICATIONS&nbsp;&raquo;","og_url":"https:\/\/www.ifi-id.com\/fr\/ifi-bandung-certifications\/","og_site_name":"Institut fran\u00e7ais Indon\u00e9sie","article_modified_time":"2021-01-19T03:20:10+00:00","og_image":[{"url":"http:\/\/www.ifi-id.com\/uploads\/page\/5_1(16).jpg"}],"twitter_card":"summary_large_image","twitter_misc":{"Dur\u00e9e de lecture estim\u00e9e":"2 minutes"},"schema":{"@context":"https:\/\/schema.org","@graph":[{"@type":"WebPage","@id":"https:\/\/www.ifi-id.com\/fr\/ifi-bandung-certifications\/","url":"https:\/\/www.ifi-id.com\/fr\/ifi-bandung-certifications\/","name":"IFI Bandung - CERTIFICATIONS - Institut fran\u00e7ais Indon\u00e9sie","isPartOf":{"@id":"https:\/\/www.ifi-id.com\/#website"},"primaryImageOfPage":{"@id":"https:\/\/www.ifi-id.com\/fr\/ifi-bandung-certifications\/#primaryimage"},"image":{"@id":"https:\/\/www.ifi-id.com\/fr\/ifi-bandung-certifications\/#primaryimage"},"thumbnailUrl":"http:\/\/www.ifi-id.com\/uploads\/page\/5_1(16).jpg","datePublished":"2021-01-15T03:48:36+00:00","dateModified":"2021-01-19T03:20:10+00:00","breadcrumb":{"@id":"https:\/\/www.ifi-id.com\/fr\/ifi-bandung-certifications\/#breadcrumb"},"inLanguage":"fr-FR","potentialAction":[{"@type":"ReadAction","target":["https:\/\/www.ifi-id.com\/fr\/ifi-bandung-certifications\/"]}]},{"@type":"ImageObject","inLanguage":"fr-FR","@id":"https:\/\/www.ifi-id.com\/fr\/ifi-bandung-certifications\/#primaryimage","url":"http:\/\/www.ifi-id.com\/uploads\/page\/5_1(16).jpg","contentUrl":"http:\/\/www.ifi-id.com\/uploads\/page\/5_1(16).jpg"},{"@type":"BreadcrumbList","@id":"https:\/\/www.ifi-id.com\/fr\/ifi-bandung-certifications\/#breadcrumb","itemListElement":[{"@type":"ListItem","position":1,"name":"Home","item":"https:\/\/www.ifi-id.com\/"},{"@type":"ListItem","position":2,"name":"IFI Bandung &#8211; CERTIFICATIONS"}]},{"@type":"WebSite","@id":"https:\/\/www.ifi-id.com\/#website","url":"https:\/\/www.ifi-id.com\/","name":"Institut fran\u00e7ais Indon\u00e9sie","description":"","publisher":{"@id":"https:\/\/www.ifi-id.com\/#organization"},"potentialAction":[{"@type":"SearchAction","target":{"@type":"EntryPoint","urlTemplate":"https:\/\/www.ifi-id.com\/?s={search_term_string}"},"query-input":{"@type":"PropertyValueSpecification","valueRequired":true,"valueName":"search_term_string"}}],"inLanguage":"fr-FR"},{"@type":"Organization","@id":"https:\/\/www.ifi-id.com\/#organization","name":"Institut fran\u00e7ais Indon\u00e9sie","url":"https:\/\/www.ifi-id.com\/","logo":{"@type":"ImageObject","inLanguage":"fr-FR","@id":"https:\/\/www.ifi-id.com\/#\/schema\/logo\/image\/","url":"https:\/\/www.ifi-id.com\/wp-content\/uploads\/2022\/12\/IFI_New_Logo.jpg","contentUrl":"https:\/\/www.ifi-id.com\/wp-content\/uploads\/2022\/12\/IFI_New_Logo.jpg","width":666,"height":444,"caption":"Institut fran\u00e7ais Indon\u00e9sie"},"image":{"@id":"https:\/\/www.ifi-id.com\/#\/schema\/logo\/image\/"}}]}},"post_mailing_queue_ids":[],"_links":{"self":[{"href":"https:\/\/www.ifi-id.com\/fr\/wp-json\/wp\/v2\/pages\/6084"}],"collection":[{"href":"https:\/\/www.ifi-id.com\/fr\/wp-json\/wp\/v2\/pages"}],"about":[{"href":"https:\/\/www.ifi-id.com\/fr\/wp-json\/wp\/v2\/types\/page"}],"author":[{"embeddable":true,"href":"https:\/\/www.ifi-id.com\/fr\/wp-json\/wp\/v2\/users\/1"}],"replies":[{"embeddable":true,"href":"https:\/\/www.ifi-id.com\/fr\/wp-json\/wp\/v2\/comments?post=6084"}],"version-history":[{"count":4,"href":"https:\/\/www.ifi-id.com\/fr\/wp-json\/wp\/v2\/pages\/6084\/revisions"}],"predecessor-version":[{"id":6882,"href":"https:\/\/www.ifi-id.com\/fr\/wp-json\/wp\/v2\/pages\/6084\/revisions\/6882"}],"wp:attachment":[{"href":"https:\/\/www.ifi-id.com\/fr\/wp-json\/wp\/v2\/media?parent=6084"}],"curies":[{"name":"wp","href":"https:\/\/api.w.org\/{rel}","templated":true}]}}