{"id":6076,"date":"2021-01-15T03:40:56","date_gmt":"2021-01-15T03:40:56","guid":{"rendered":"https:\/\/ifi.lab.virus.co.id\/?page_id=6076"},"modified":"2021-02-09T11:16:21","modified_gmt":"2021-02-09T04:16:21","slug":"ifi-bandung-cours-prives","status":"publish","type":"page","link":"https:\/\/www.ifi-id.com\/fr\/ifi-bandung-cours-prives\/","title":{"rendered":"IFI Bandung &#8211;  COURS PRIV\u00c9S"},"content":{"rendered":"\t\t<div data-elementor-type=\"wp-page\" data-elementor-id=\"6076\" class=\"elementor elementor-6076 elementor-3919\" data-elementor-post-type=\"page\">\n\t\t\t\t\t\t<section class=\"elementor-section elementor-top-section elementor-element elementor-element-f74f06b elementor-section-boxed elementor-section-height-default elementor-section-height-default\" data-id=\"f74f06b\" data-element_type=\"section\">\n\t\t\t\t\t\t<div class=\"elementor-container elementor-column-gap-default\">\n\t\t\t\t\t<div class=\"elementor-column elementor-col-100 elementor-top-column elementor-element elementor-element-b7f00d3\" data-id=\"b7f00d3\" data-element_type=\"column\">\n\t\t\t<div class=\"elementor-widget-wrap elementor-element-populated\">\n\t\t\t\t\t\t<div class=\"elementor-element elementor-element-311424e elementor-widget elementor-widget-heading\" data-id=\"311424e\" data-element_type=\"widget\" data-widget_type=\"heading.default\">\n\t\t\t\t<div class=\"elementor-widget-container\">\n\t\t\t<h2 class=\"elementor-heading-title elementor-size-default\">COURS PRIV\u00c9S<\/h2>\t\t<\/div>\n\t\t\t\t<\/div>\n\t\t\t\t\t<\/div>\n\t\t<\/div>\n\t\t\t\t\t<\/div>\n\t\t<\/section>\n\t\t\t\t<section class=\"elementor-section elementor-top-section elementor-element elementor-element-56694446 elementor-section-boxed elementor-section-height-default elementor-section-height-default\" data-id=\"56694446\" data-element_type=\"section\">\n\t\t\t\t\t\t<div class=\"elementor-container elementor-column-gap-default\">\n\t\t\t\t\t<div class=\"elementor-column elementor-col-100 elementor-top-column elementor-element elementor-element-2caa1684\" data-id=\"2caa1684\" data-element_type=\"column\">\n\t\t\t<div class=\"elementor-widget-wrap elementor-element-populated\">\n\t\t\t\t\t\t<div class=\"elementor-element elementor-element-1d1b2879 elementor-widget elementor-widget-text-editor\" data-id=\"1d1b2879\" data-element_type=\"widget\" data-widget_type=\"text-editor.default\">\n\t\t\t\t<div class=\"elementor-widget-container\">\n\t\t\t\t\t\t\t\n<figure class=\"wp-block-image\"><img decoding=\"async\" src=\"http:\/\/www.ifi-id.com\/uploads\/page\/3(9).jpg\" alt=\"\"\/><\/figure>\n\n\n\n<p><em>Les cours priv\u00e9s peuvent \u00eatre suivis seul ou en petits groupes.<\/em><\/p>\n\n\n\n<p><strong>UNE FORMATION PERSONNALISEE<\/strong><\/p>\n\n\n\n<p>Con\u00e7u pour \u00eatre efficace, stimulant et concret, le contenu de chaque cours est personnalis\u00e9 apr\u00e8s une analyse de vos motivations (plaisir, \u00e9tude, travail), de vos besoins sp\u00e9cifiques et apr\u00e8s une \u00e9valuation de votre niveau linguistique.<\/p>\n\n\n\n<p><strong>UNE CONCENTRATION OPTIMALE<\/strong><\/p>\n\n\n\n<p>Loin des pr\u00e9occupations du bureau et de la vie quotidienne, l\u2019enseignant se concentrera uniquement sur vos besoins et suivra vos progr\u00e8s pas \u00e0 pas. Vous serez immerg\u00e9 dans la langue, vous irez plus vite et d\u00e9velopperez mieux vos comp\u00e9tences en communication.&nbsp;<\/p>\n\n\n\n<p>Contactez-nous pour de plus amples renseignements&nbsp;:&nbsp;<a href=\"mailto:kursus@ifi-id.com\">kursus.bandung@ifi-id.com<\/a><\/p>\n\n\n\n<p>Si votre entreprise sponsorise votre cours de fran\u00e7ais, contactez votre conseill\u00e8re entreprise&nbsp;:<\/p>\n\n\n\n<p><a href=\"mailto:perusahaan.jkt@ifi-id.com\">kursus.bandung@ifi-id.com<\/a><\/p>\n\n\n\n<p>(022) 421 2417<\/p>\n\t\t\t\t\t\t<\/div>\n\t\t\t\t<\/div>\n\t\t\t\t\t<\/div>\n\t\t<\/div>\n\t\t\t\t\t<\/div>\n\t\t<\/section>\n\t\t\t\t<section class=\"elementor-section elementor-top-section elementor-element elementor-element-06545fa elementor-section-boxed elementor-section-height-default elementor-section-height-default\" data-id=\"06545fa\" data-element_type=\"section\">\n\t\t\t\t\t\t<div class=\"elementor-container elementor-column-gap-default\">\n\t\t\t\t\t<div class=\"elementor-column elementor-col-100 elementor-top-column elementor-element elementor-element-e6375a9\" data-id=\"e6375a9\" data-element_type=\"column\">\n\t\t\t<div class=\"elementor-widget-wrap elementor-element-populated\">\n\t\t\t\t\t\t<div class=\"elementor-element elementor-element-07e13fb e-grid-align-right wa-button elementor-shape-rounded elementor-grid-0 elementor-widget elementor-widget-social-icons\" data-id=\"07e13fb\" data-element_type=\"widget\" data-widget_type=\"social-icons.default\">\n\t\t\t\t<div class=\"elementor-widget-container\">\n\t\t\t\t\t<div class=\"elementor-social-icons-wrapper elementor-grid\">\n\t\t\t\t\t\t\t<span class=\"elementor-grid-item\">\n\t\t\t\t\t<a class=\"elementor-icon elementor-social-icon elementor-social-icon-whatsapp elementor-repeater-item-e4e369f\" href=\"https:\/\/api.whatsapp.com\/send\/?phone=6281220086131&#038;text&#038;app_absent=0\" target=\"_blank\">\n\t\t\t\t\t\t<span class=\"elementor-screen-only\">Whatsapp<\/span>\n\t\t\t\t\t\t<i class=\"fab fa-whatsapp\"><\/i>\t\t\t\t\t<\/a>\n\t\t\t\t<\/span>\n\t\t\t\t\t<\/div>\n\t\t\t\t<\/div>\n\t\t\t\t<\/div>\n\t\t\t\t\t<\/div>\n\t\t<\/div>\n\t\t\t\t\t<\/div>\n\t\t<\/section>\n\t\t\t\t<\/div>\n\t\t","protected":false},"excerpt":{"rendered":"<p>COURS PRIV\u00c9S Les cours priv\u00e9s peuvent \u00eatre suivis seul ou en petits groupes. UNE FORMATION PERSONNALISEE Con\u00e7u pour \u00eatre efficace, stimulant et concret, le contenu de chaque cours est personnalis\u00e9 apr\u00e8s une analyse de vos motivations (plaisir, \u00e9tude, travail), de vos besoins sp\u00e9cifiques et apr\u00e8s une \u00e9valuation de votre niveau linguistique. UNE CONCENTRATION OPTIMALE Loin &hellip; <\/p>\n<p class=\"link-more\"><a href=\"https:\/\/www.ifi-id.com\/fr\/ifi-bandung-cours-prives\/\" class=\"more-link\">Continuer la lecture<span class=\"screen-reader-text\"> de &laquo;&nbsp;IFI Bandung &#8211;  COURS PRIV\u00c9S&nbsp;&raquo;<\/span><\/a><\/p>\n","protected":false},"author":1,"featured_media":0,"parent":0,"menu_order":0,"comment_status":"closed","ping_status":"closed","template":"elementor_header_footer","meta":{"footnotes":""},"class_list":["post-6076","page","type-page","status-publish","hentry"],"yoast_head":"<!-- This site is optimized with the Yoast SEO plugin v23.5 - https:\/\/yoast.com\/wordpress\/plugins\/seo\/ -->\n<title>IFI Bandung - COURS PRIV\u00c9S - Institut fran\u00e7ais Indon\u00e9sie<\/title>\n<meta name=\"robots\" content=\"index, follow, max-snippet:-1, max-image-preview:large, max-video-preview:-1\" \/>\n<link rel=\"canonical\" href=\"https:\/\/www.ifi-id.com\/fr\/ifi-bandung-cours-prives\/\" \/>\n<meta property=\"og:locale\" content=\"fr_FR\" \/>\n<meta property=\"og:type\" content=\"article\" \/>\n<meta property=\"og:title\" content=\"IFI Bandung - COURS PRIV\u00c9S - Institut fran\u00e7ais Indon\u00e9sie\" \/>\n<meta property=\"og:description\" content=\"COURS PRIV\u00c9S Les cours priv\u00e9s peuvent \u00eatre suivis seul ou en petits groupes. UNE FORMATION PERSONNALISEE Con\u00e7u pour \u00eatre efficace, stimulant et concret, le contenu de chaque cours est personnalis\u00e9 apr\u00e8s une analyse de vos motivations (plaisir, \u00e9tude, travail), de vos besoins sp\u00e9cifiques et apr\u00e8s une \u00e9valuation de votre niveau linguistique. UNE CONCENTRATION OPTIMALE Loin &hellip; Continuer la lecture de &laquo;&nbsp;IFI Bandung &#8211; COURS PRIV\u00c9S&nbsp;&raquo;\" \/>\n<meta property=\"og:url\" content=\"https:\/\/www.ifi-id.com\/fr\/ifi-bandung-cours-prives\/\" \/>\n<meta property=\"og:site_name\" content=\"Institut fran\u00e7ais Indon\u00e9sie\" \/>\n<meta property=\"article:modified_time\" content=\"2021-02-09T04:16:21+00:00\" \/>\n<meta property=\"og:image\" content=\"http:\/\/www.ifi-id.com\/uploads\/page\/3(9).jpg\" \/>\n<meta name=\"twitter:card\" content=\"summary_large_image\" \/>\n<meta name=\"twitter:label1\" content=\"Dur\u00e9e de lecture estim\u00e9e\" \/>\n\t<meta name=\"twitter:data1\" content=\"1 minute\" \/>\n<script type=\"application\/ld+json\" class=\"yoast-schema-graph\">{\"@context\":\"https:\/\/schema.org\",\"@graph\":[{\"@type\":\"WebPage\",\"@id\":\"https:\/\/www.ifi-id.com\/fr\/ifi-bandung-cours-prives\/\",\"url\":\"https:\/\/www.ifi-id.com\/fr\/ifi-bandung-cours-prives\/\",\"name\":\"IFI Bandung - COURS PRIV\u00c9S - Institut fran\u00e7ais Indon\u00e9sie\",\"isPartOf\":{\"@id\":\"https:\/\/www.ifi-id.com\/#website\"},\"primaryImageOfPage\":{\"@id\":\"https:\/\/www.ifi-id.com\/fr\/ifi-bandung-cours-prives\/#primaryimage\"},\"image\":{\"@id\":\"https:\/\/www.ifi-id.com\/fr\/ifi-bandung-cours-prives\/#primaryimage\"},\"thumbnailUrl\":\"http:\/\/www.ifi-id.com\/uploads\/page\/3(9).jpg\",\"datePublished\":\"2021-01-15T03:40:56+00:00\",\"dateModified\":\"2021-02-09T04:16:21+00:00\",\"breadcrumb\":{\"@id\":\"https:\/\/www.ifi-id.com\/fr\/ifi-bandung-cours-prives\/#breadcrumb\"},\"inLanguage\":\"fr-FR\",\"potentialAction\":[{\"@type\":\"ReadAction\",\"target\":[\"https:\/\/www.ifi-id.com\/fr\/ifi-bandung-cours-prives\/\"]}]},{\"@type\":\"ImageObject\",\"inLanguage\":\"fr-FR\",\"@id\":\"https:\/\/www.ifi-id.com\/fr\/ifi-bandung-cours-prives\/#primaryimage\",\"url\":\"http:\/\/www.ifi-id.com\/uploads\/page\/3(9).jpg\",\"contentUrl\":\"http:\/\/www.ifi-id.com\/uploads\/page\/3(9).jpg\"},{\"@type\":\"BreadcrumbList\",\"@id\":\"https:\/\/www.ifi-id.com\/fr\/ifi-bandung-cours-prives\/#breadcrumb\",\"itemListElement\":[{\"@type\":\"ListItem\",\"position\":1,\"name\":\"Home\",\"item\":\"https:\/\/www.ifi-id.com\/\"},{\"@type\":\"ListItem\",\"position\":2,\"name\":\"IFI Bandung &#8211; COURS PRIV\u00c9S\"}]},{\"@type\":\"WebSite\",\"@id\":\"https:\/\/www.ifi-id.com\/#website\",\"url\":\"https:\/\/www.ifi-id.com\/\",\"name\":\"Institut fran\u00e7ais Indon\u00e9sie\",\"description\":\"\",\"publisher\":{\"@id\":\"https:\/\/www.ifi-id.com\/#organization\"},\"potentialAction\":[{\"@type\":\"SearchAction\",\"target\":{\"@type\":\"EntryPoint\",\"urlTemplate\":\"https:\/\/www.ifi-id.com\/?s={search_term_string}\"},\"query-input\":{\"@type\":\"PropertyValueSpecification\",\"valueRequired\":true,\"valueName\":\"search_term_string\"}}],\"inLanguage\":\"fr-FR\"},{\"@type\":\"Organization\",\"@id\":\"https:\/\/www.ifi-id.com\/#organization\",\"name\":\"Institut fran\u00e7ais Indon\u00e9sie\",\"url\":\"https:\/\/www.ifi-id.com\/\",\"logo\":{\"@type\":\"ImageObject\",\"inLanguage\":\"fr-FR\",\"@id\":\"https:\/\/www.ifi-id.com\/#\/schema\/logo\/image\/\",\"url\":\"https:\/\/www.ifi-id.com\/wp-content\/uploads\/2022\/12\/IFI_New_Logo.jpg\",\"contentUrl\":\"https:\/\/www.ifi-id.com\/wp-content\/uploads\/2022\/12\/IFI_New_Logo.jpg\",\"width\":666,\"height\":444,\"caption\":\"Institut fran\u00e7ais Indon\u00e9sie\"},\"image\":{\"@id\":\"https:\/\/www.ifi-id.com\/#\/schema\/logo\/image\/\"}}]}<\/script>\n<!-- \/ Yoast SEO plugin. -->","yoast_head_json":{"title":"IFI Bandung - COURS PRIV\u00c9S - Institut fran\u00e7ais Indon\u00e9sie","robots":{"index":"index","follow":"follow","max-snippet":"max-snippet:-1","max-image-preview":"max-image-preview:large","max-video-preview":"max-video-preview:-1"},"canonical":"https:\/\/www.ifi-id.com\/fr\/ifi-bandung-cours-prives\/","og_locale":"fr_FR","og_type":"article","og_title":"IFI Bandung - COURS PRIV\u00c9S - Institut fran\u00e7ais Indon\u00e9sie","og_description":"COURS PRIV\u00c9S Les cours priv\u00e9s peuvent \u00eatre suivis seul ou en petits groupes. UNE FORMATION PERSONNALISEE Con\u00e7u pour \u00eatre efficace, stimulant et concret, le contenu de chaque cours est personnalis\u00e9 apr\u00e8s une analyse de vos motivations (plaisir, \u00e9tude, travail), de vos besoins sp\u00e9cifiques et apr\u00e8s une \u00e9valuation de votre niveau linguistique. UNE CONCENTRATION OPTIMALE Loin &hellip; Continuer la lecture de &laquo;&nbsp;IFI Bandung &#8211; COURS PRIV\u00c9S&nbsp;&raquo;","og_url":"https:\/\/www.ifi-id.com\/fr\/ifi-bandung-cours-prives\/","og_site_name":"Institut fran\u00e7ais Indon\u00e9sie","article_modified_time":"2021-02-09T04:16:21+00:00","og_image":[{"url":"http:\/\/www.ifi-id.com\/uploads\/page\/3(9).jpg"}],"twitter_card":"summary_large_image","twitter_misc":{"Dur\u00e9e de lecture estim\u00e9e":"1 minute"},"schema":{"@context":"https:\/\/schema.org","@graph":[{"@type":"WebPage","@id":"https:\/\/www.ifi-id.com\/fr\/ifi-bandung-cours-prives\/","url":"https:\/\/www.ifi-id.com\/fr\/ifi-bandung-cours-prives\/","name":"IFI Bandung - COURS PRIV\u00c9S - Institut fran\u00e7ais Indon\u00e9sie","isPartOf":{"@id":"https:\/\/www.ifi-id.com\/#website"},"primaryImageOfPage":{"@id":"https:\/\/www.ifi-id.com\/fr\/ifi-bandung-cours-prives\/#primaryimage"},"image":{"@id":"https:\/\/www.ifi-id.com\/fr\/ifi-bandung-cours-prives\/#primaryimage"},"thumbnailUrl":"http:\/\/www.ifi-id.com\/uploads\/page\/3(9).jpg","datePublished":"2021-01-15T03:40:56+00:00","dateModified":"2021-02-09T04:16:21+00:00","breadcrumb":{"@id":"https:\/\/www.ifi-id.com\/fr\/ifi-bandung-cours-prives\/#breadcrumb"},"inLanguage":"fr-FR","potentialAction":[{"@type":"ReadAction","target":["https:\/\/www.ifi-id.com\/fr\/ifi-bandung-cours-prives\/"]}]},{"@type":"ImageObject","inLanguage":"fr-FR","@id":"https:\/\/www.ifi-id.com\/fr\/ifi-bandung-cours-prives\/#primaryimage","url":"http:\/\/www.ifi-id.com\/uploads\/page\/3(9).jpg","contentUrl":"http:\/\/www.ifi-id.com\/uploads\/page\/3(9).jpg"},{"@type":"BreadcrumbList","@id":"https:\/\/www.ifi-id.com\/fr\/ifi-bandung-cours-prives\/#breadcrumb","itemListElement":[{"@type":"ListItem","position":1,"name":"Home","item":"https:\/\/www.ifi-id.com\/"},{"@type":"ListItem","position":2,"name":"IFI Bandung &#8211; COURS PRIV\u00c9S"}]},{"@type":"WebSite","@id":"https:\/\/www.ifi-id.com\/#website","url":"https:\/\/www.ifi-id.com\/","name":"Institut fran\u00e7ais Indon\u00e9sie","description":"","publisher":{"@id":"https:\/\/www.ifi-id.com\/#organization"},"potentialAction":[{"@type":"SearchAction","target":{"@type":"EntryPoint","urlTemplate":"https:\/\/www.ifi-id.com\/?s={search_term_string}"},"query-input":{"@type":"PropertyValueSpecification","valueRequired":true,"valueName":"search_term_string"}}],"inLanguage":"fr-FR"},{"@type":"Organization","@id":"https:\/\/www.ifi-id.com\/#organization","name":"Institut fran\u00e7ais Indon\u00e9sie","url":"https:\/\/www.ifi-id.com\/","logo":{"@type":"ImageObject","inLanguage":"fr-FR","@id":"https:\/\/www.ifi-id.com\/#\/schema\/logo\/image\/","url":"https:\/\/www.ifi-id.com\/wp-content\/uploads\/2022\/12\/IFI_New_Logo.jpg","contentUrl":"https:\/\/www.ifi-id.com\/wp-content\/uploads\/2022\/12\/IFI_New_Logo.jpg","width":666,"height":444,"caption":"Institut fran\u00e7ais Indon\u00e9sie"},"image":{"@id":"https:\/\/www.ifi-id.com\/#\/schema\/logo\/image\/"}}]}},"post_mailing_queue_ids":[],"_links":{"self":[{"href":"https:\/\/www.ifi-id.com\/fr\/wp-json\/wp\/v2\/pages\/6076"}],"collection":[{"href":"https:\/\/www.ifi-id.com\/fr\/wp-json\/wp\/v2\/pages"}],"about":[{"href":"https:\/\/www.ifi-id.com\/fr\/wp-json\/wp\/v2\/types\/page"}],"author":[{"embeddable":true,"href":"https:\/\/www.ifi-id.com\/fr\/wp-json\/wp\/v2\/users\/1"}],"replies":[{"embeddable":true,"href":"https:\/\/www.ifi-id.com\/fr\/wp-json\/wp\/v2\/comments?post=6076"}],"version-history":[{"count":7,"href":"https:\/\/www.ifi-id.com\/fr\/wp-json\/wp\/v2\/pages\/6076\/revisions"}],"predecessor-version":[{"id":8807,"href":"https:\/\/www.ifi-id.com\/fr\/wp-json\/wp\/v2\/pages\/6076\/revisions\/8807"}],"wp:attachment":[{"href":"https:\/\/www.ifi-id.com\/fr\/wp-json\/wp\/v2\/media?parent=6076"}],"curies":[{"name":"wp","href":"https:\/\/api.w.org\/{rel}","templated":true}]}}