{"id":5998,"date":"2021-01-15T02:56:10","date_gmt":"2021-01-14T19:56:10","guid":{"rendered":"https:\/\/ifi.lab.virus.co.id\/?page_id=5998"},"modified":"2026-03-26T19:06:39","modified_gmt":"2026-03-26T12:06:39","slug":"jakarta-auditorium-fr","status":"publish","type":"page","link":"https:\/\/www.ifi-id.com\/fr\/jakarta-auditorium-fr\/","title":{"rendered":"IFI Jakarta &#8211; Auditorium"},"content":{"rendered":"\t\t<div data-elementor-type=\"wp-page\" data-elementor-id=\"5998\" class=\"elementor elementor-5998 elementor-3946\" data-elementor-post-type=\"page\">\n\t\t\t\t\t\t<section class=\"elementor-section elementor-top-section elementor-element elementor-element-1a63eaf elementor-section-boxed elementor-section-height-default elementor-section-height-default\" data-id=\"1a63eaf\" data-element_type=\"section\">\n\t\t\t\t\t\t<div class=\"elementor-container elementor-column-gap-default\">\n\t\t\t\t\t<div class=\"elementor-column elementor-col-100 elementor-top-column elementor-element elementor-element-51f0c09\" data-id=\"51f0c09\" data-element_type=\"column\">\n\t\t\t<div class=\"elementor-widget-wrap elementor-element-populated\">\n\t\t\t\t\t\t<div class=\"elementor-element elementor-element-97c8cdb elementor-widget elementor-widget-heading\" data-id=\"97c8cdb\" data-element_type=\"widget\" data-widget_type=\"heading.default\">\n\t\t\t\t<div class=\"elementor-widget-container\">\n\t\t\t<h2 class=\"elementor-heading-title elementor-size-default\">Auditorium<\/h2>\t\t<\/div>\n\t\t\t\t<\/div>\n\t\t\t\t\t<\/div>\n\t\t<\/div>\n\t\t\t\t\t<\/div>\n\t\t<\/section>\n\t\t\t\t<section class=\"elementor-section elementor-top-section elementor-element elementor-element-a5db2c4 elementor-section-boxed elementor-section-height-default elementor-section-height-default\" data-id=\"a5db2c4\" data-element_type=\"section\">\n\t\t\t\t\t\t<div class=\"elementor-container elementor-column-gap-default\">\n\t\t\t\t\t<div class=\"elementor-column elementor-col-100 elementor-top-column elementor-element elementor-element-dde9c2c\" data-id=\"dde9c2c\" data-element_type=\"column\">\n\t\t\t<div class=\"elementor-widget-wrap elementor-element-populated\">\n\t\t\t\t\t\t<div class=\"elementor-element elementor-element-f48ed91 elementor-arrows-position-inside elementor-pagination-position-outside elementor-widget elementor-widget-image-carousel\" data-id=\"f48ed91\" data-element_type=\"widget\" data-settings=\"{&quot;slides_to_show&quot;:&quot;1&quot;,&quot;navigation&quot;:&quot;both&quot;,&quot;autoplay&quot;:&quot;yes&quot;,&quot;pause_on_hover&quot;:&quot;yes&quot;,&quot;pause_on_interaction&quot;:&quot;yes&quot;,&quot;autoplay_speed&quot;:5000,&quot;infinite&quot;:&quot;yes&quot;,&quot;effect&quot;:&quot;slide&quot;,&quot;speed&quot;:500}\" data-widget_type=\"image-carousel.default\">\n\t\t\t\t<div class=\"elementor-widget-container\">\n\t\t\t\t\t<div class=\"elementor-image-carousel-wrapper swiper\" dir=\"ltr\">\n\t\t\t<div class=\"elementor-image-carousel swiper-wrapper swiper-image-stretch\" aria-live=\"off\">\n\t\t\t\t\t\t\t\t<div class=\"swiper-slide\" role=\"group\" aria-roledescription=\"slide\" aria-label=\"1 sur 12\"><figure class=\"swiper-slide-inner\"><img decoding=\"async\" class=\"swiper-slide-image\" src=\"https:\/\/www.ifi-id.com\/wp-content\/uploads\/2021\/02\/NDR_9281-scaled.jpg\" alt=\"NDR_9281\" \/><\/figure><\/div><div class=\"swiper-slide\" role=\"group\" aria-roledescription=\"slide\" aria-label=\"2 sur 12\"><figure class=\"swiper-slide-inner\"><img decoding=\"async\" class=\"swiper-slide-image\" src=\"https:\/\/www.ifi-id.com\/wp-content\/uploads\/2021\/02\/02-scaled.jpg\" alt=\"02\" \/><\/figure><\/div><div class=\"swiper-slide\" role=\"group\" aria-roledescription=\"slide\" aria-label=\"3 sur 12\"><figure class=\"swiper-slide-inner\"><img decoding=\"async\" class=\"swiper-slide-image\" src=\"https:\/\/www.ifi-id.com\/wp-content\/uploads\/2021\/02\/03-scaled.jpg\" alt=\"03\" \/><\/figure><\/div><div class=\"swiper-slide\" role=\"group\" aria-roledescription=\"slide\" aria-label=\"4 sur 12\"><figure class=\"swiper-slide-inner\"><img decoding=\"async\" class=\"swiper-slide-image\" src=\"https:\/\/www.ifi-id.com\/wp-content\/uploads\/2021\/02\/6-scaled.jpg\" alt=\"6\" \/><\/figure><\/div><div class=\"swiper-slide\" role=\"group\" aria-roledescription=\"slide\" aria-label=\"5 sur 12\"><figure class=\"swiper-slide-inner\"><img decoding=\"async\" class=\"swiper-slide-image\" src=\"https:\/\/www.ifi-id.com\/wp-content\/uploads\/2021\/02\/IMG_6845-scaled.jpg\" alt=\"IMG_6845\" \/><\/figure><\/div><div class=\"swiper-slide\" role=\"group\" aria-roledescription=\"slide\" aria-label=\"6 sur 12\"><figure class=\"swiper-slide-inner\"><img decoding=\"async\" class=\"swiper-slide-image\" src=\"https:\/\/www.ifi-id.com\/wp-content\/uploads\/2021\/02\/NDR_0440-scaled.jpg\" alt=\"NDR_0440\" \/><\/figure><\/div><div class=\"swiper-slide\" role=\"group\" aria-roledescription=\"slide\" aria-label=\"7 sur 12\"><figure class=\"swiper-slide-inner\"><img decoding=\"async\" class=\"swiper-slide-image\" src=\"https:\/\/www.ifi-id.com\/wp-content\/uploads\/2021\/02\/NDR_0548.jpg\" alt=\"NDR_0548\" \/><\/figure><\/div><div class=\"swiper-slide\" role=\"group\" aria-roledescription=\"slide\" aria-label=\"8 sur 12\"><figure class=\"swiper-slide-inner\"><img decoding=\"async\" class=\"swiper-slide-image\" src=\"https:\/\/www.ifi-id.com\/wp-content\/uploads\/2021\/02\/NDR_0663edited-scaled.jpg\" alt=\"NDR_0663edited\" \/><\/figure><\/div><div class=\"swiper-slide\" role=\"group\" aria-roledescription=\"slide\" aria-label=\"9 sur 12\"><figure class=\"swiper-slide-inner\"><img decoding=\"async\" class=\"swiper-slide-image\" src=\"https:\/\/www.ifi-id.com\/wp-content\/uploads\/2021\/02\/NDR_4840-scaled.jpg\" alt=\"NDR_4840\" \/><\/figure><\/div><div class=\"swiper-slide\" role=\"group\" aria-roledescription=\"slide\" aria-label=\"10 sur 12\"><figure class=\"swiper-slide-inner\"><img decoding=\"async\" class=\"swiper-slide-image\" src=\"https:\/\/www.ifi-id.com\/wp-content\/uploads\/2021\/02\/NDR_6407-scaled.jpg\" alt=\"NDR_6407\" \/><\/figure><\/div><div class=\"swiper-slide\" role=\"group\" aria-roledescription=\"slide\" aria-label=\"11 sur 12\"><figure class=\"swiper-slide-inner\"><img decoding=\"async\" class=\"swiper-slide-image\" src=\"https:\/\/www.ifi-id.com\/wp-content\/uploads\/2021\/02\/NDR_6900-scaled.jpg\" alt=\"NDR_6900\" \/><\/figure><\/div><div class=\"swiper-slide\" role=\"group\" aria-roledescription=\"slide\" aria-label=\"12 sur 12\"><figure class=\"swiper-slide-inner\"><img decoding=\"async\" class=\"swiper-slide-image\" src=\"https:\/\/www.ifi-id.com\/wp-content\/uploads\/2021\/02\/NDR_9281-scaled.jpg\" alt=\"NDR_9281\" \/><\/figure><\/div>\t\t\t<\/div>\n\t\t\t\t\t\t\t\t\t\t\t\t<div class=\"elementor-swiper-button elementor-swiper-button-prev\" role=\"button\" tabindex=\"0\">\n\t\t\t\t\t\t<i aria-hidden=\"true\" class=\"eicon-chevron-left\"><\/i>\t\t\t\t\t<\/div>\n\t\t\t\t\t<div class=\"elementor-swiper-button elementor-swiper-button-next\" role=\"button\" tabindex=\"0\">\n\t\t\t\t\t\t<i aria-hidden=\"true\" class=\"eicon-chevron-right\"><\/i>\t\t\t\t\t<\/div>\n\t\t\t\t\n\t\t\t\t\t\t\t\t\t<div class=\"swiper-pagination\"><\/div>\n\t\t\t\t\t\t\t\t\t<\/div>\n\t\t\t\t<\/div>\n\t\t\t\t<\/div>\n\t\t\t\t\t<\/div>\n\t\t<\/div>\n\t\t\t\t\t<\/div>\n\t\t<\/section>\n\t\t\t\t<section class=\"elementor-section elementor-top-section elementor-element elementor-element-147ce9f elementor-section-boxed elementor-section-height-default elementor-section-height-default\" data-id=\"147ce9f\" data-element_type=\"section\">\n\t\t\t\t\t\t<div class=\"elementor-container elementor-column-gap-default\">\n\t\t\t\t\t<div class=\"elementor-column elementor-col-100 elementor-top-column elementor-element elementor-element-df249c4\" data-id=\"df249c4\" data-element_type=\"column\">\n\t\t\t<div class=\"elementor-widget-wrap elementor-element-populated\">\n\t\t\t\t\t\t<div class=\"elementor-element elementor-element-24863ee elementor-align-center elementor-widget elementor-widget-button\" data-id=\"24863ee\" data-element_type=\"widget\" data-widget_type=\"button.default\">\n\t\t\t\t<div class=\"elementor-widget-container\">\n\t\t\t\t\t<div class=\"elementor-button-wrapper\">\n\t\t\t<a class=\"elementor-button elementor-button-link elementor-size-sm\" href=\"https:\/\/drive.google.com\/drive\/folders\/1sw9OIFQYsA0_aO1eL1_Vls_QNxGmumAU?usp=sharing\" target=\"_blank\">\n\t\t\t\t\t\t<span class=\"elementor-button-content-wrapper\">\n\t\t\t\t\t\t\t\t\t<span class=\"elementor-button-text\">T\u00e9l\u00e9charger le kit de pr\u00e9sentation<\/span>\n\t\t\t\t\t<\/span>\n\t\t\t\t\t<\/a>\n\t\t<\/div>\n\t\t\t\t<\/div>\n\t\t\t\t<\/div>\n\t\t\t\t\t<\/div>\n\t\t<\/div>\n\t\t\t\t\t<\/div>\n\t\t<\/section>\n\t\t\t\t<section class=\"elementor-section elementor-top-section elementor-element elementor-element-22b82319 elementor-section-boxed elementor-section-height-default elementor-section-height-default\" data-id=\"22b82319\" data-element_type=\"section\">\n\t\t\t\t\t\t<div class=\"elementor-container elementor-column-gap-default\">\n\t\t\t\t\t<div class=\"elementor-column elementor-col-100 elementor-top-column elementor-element elementor-element-6bcfba00\" data-id=\"6bcfba00\" data-element_type=\"column\">\n\t\t\t<div class=\"elementor-widget-wrap elementor-element-populated\">\n\t\t\t\t\t\t<div class=\"elementor-element elementor-element-132d5dde elementor-widget elementor-widget-text-editor\" data-id=\"132d5dde\" data-element_type=\"widget\" data-widget_type=\"text-editor.default\">\n\t\t\t\t<div class=\"elementor-widget-container\">\n\t\t\t\t\t\t\t<p>En mars 2015, l\u2019IFI a inaugur\u00e9 son auditorium d\u2019une capacit\u00e9 de 180 places, situ\u00e9 dans son b\u00e2timent au c\u0153ur de Jakarta. En plus de servir de salle de projection pour les films fran\u00e7ais \u05d1\u05de\u05e1\u05d2\u05e8\u05ea du programme Cin\u00e9-Macet et d\u2019accueillir les concerts mensuels Supersonik, l\u2019Auditorium de l\u2019IFI peut \u00e9galement \u00eatre utilis\u00e9 pour des r\u00e9citals de piano, des concerts de mini-orchestres, des concerts intimistes, des conf\u00e9rences, des s\u00e9minaires, des \u00e9v\u00e9nements d\u2019entreprise ainsi que des lancements de produits.<\/p>\n<p>\u00c9quip\u00e9 d\u2019un lecteur DCP, d\u2019un projecteur Full HD et d\u2019un syst\u00e8me audio 7.1, l\u2019Auditorium de l\u2019IFI fonctionne comme une v\u00e9ritable salle de cin\u00e9ma professionnelle. Pour r\u00e9pondre aux besoins des spectacles, il dispose \u00e9galement d\u2019\u00e9quipements audio de pointe distincts du syst\u00e8me sonore cin\u00e9matographique, notamment une console de mixage num\u00e9rique avec un syst\u00e8me sonore calibr\u00e9 pour tous types de performances musicales : solo, groupe, musique classique, mini-orchestre, etc. La qualit\u00e9 de l\u2019Auditorium de l\u2019IFI est renforc\u00e9e par une excellente isolation acoustique et une acoustique de salle conforme aux normes internationales.<\/p>\n<p>Son syst\u00e8me d\u2019\u00e9clairage permet d\u2019accueillir des spectacles professionnels n\u00e9cessitant une mise en lumi\u00e8re th\u00e9\u00e2trale. L\u2019Auditorium de l\u2019IFI est ainsi capable de donner vie aux imaginaires des organisateurs d\u2019\u00e9v\u00e9nements comme des artistes. Il a \u00e9t\u00e9 le t\u00e9moin de nombreux \u00e9changes et collaborations artistiques et culturelles entre l\u2019Indon\u00e9sie et la France.<\/p>\n\t\t\t\t\t\t<\/div>\n\t\t\t\t<\/div>\n\t\t\t\t\t<\/div>\n\t\t<\/div>\n\t\t\t\t\t<\/div>\n\t\t<\/section>\n\t\t\t\t<\/div>\n\t\t","protected":false},"excerpt":{"rendered":"<p>Auditorium T\u00e9l\u00e9charger le kit de pr\u00e9sentation En mars 2015, l\u2019IFI a inaugur\u00e9 son auditorium d\u2019une capacit\u00e9 de 180 places, situ\u00e9 dans son b\u00e2timent au c\u0153ur de Jakarta. En plus de servir de salle de projection pour les films fran\u00e7ais \u05d1\u05de\u05e1\u05d2\u05e8\u05ea du programme Cin\u00e9-Macet et d\u2019accueillir les concerts mensuels Supersonik, l\u2019Auditorium de l\u2019IFI peut \u00e9galement \u00eatre &hellip; <\/p>\n<p class=\"link-more\"><a href=\"https:\/\/www.ifi-id.com\/fr\/jakarta-auditorium-fr\/\" class=\"more-link\">Continuer la lecture<span class=\"screen-reader-text\"> de &laquo;&nbsp;IFI Jakarta &#8211; Auditorium&nbsp;&raquo;<\/span><\/a><\/p>\n","protected":false},"author":6,"featured_media":0,"parent":0,"menu_order":0,"comment_status":"closed","ping_status":"closed","template":"elementor_header_footer","meta":{"footnotes":""},"class_list":["post-5998","page","type-page","status-publish","hentry"],"yoast_head":"<!-- This site is optimized with the Yoast SEO plugin v23.5 - https:\/\/yoast.com\/wordpress\/plugins\/seo\/ -->\n<title>IFI Jakarta - Auditorium - Institut fran\u00e7ais Indon\u00e9sie<\/title>\n<meta name=\"robots\" content=\"index, follow, max-snippet:-1, max-image-preview:large, max-video-preview:-1\" \/>\n<link rel=\"canonical\" href=\"https:\/\/www.ifi-id.com\/jakarta-auditorium\/\" \/>\n<meta property=\"og:locale\" content=\"fr_FR\" \/>\n<meta property=\"og:type\" content=\"article\" \/>\n<meta property=\"og:title\" content=\"IFI Jakarta - Auditorium - Institut fran\u00e7ais Indon\u00e9sie\" \/>\n<meta property=\"og:description\" content=\"Auditorium T\u00e9l\u00e9charger le kit de pr\u00e9sentation En mars 2015, l\u2019IFI a inaugur\u00e9 son auditorium d\u2019une capacit\u00e9 de 180 places, situ\u00e9 dans son b\u00e2timent au c\u0153ur de Jakarta. En plus de servir de salle de projection pour les films fran\u00e7ais \u05d1\u05de\u05e1\u05d2\u05e8\u05ea du programme Cin\u00e9-Macet et d\u2019accueillir les concerts mensuels Supersonik, l\u2019Auditorium de l\u2019IFI peut \u00e9galement \u00eatre &hellip; Continuer la lecture de &laquo;&nbsp;IFI Jakarta &#8211; Auditorium&nbsp;&raquo;\" \/>\n<meta property=\"og:url\" content=\"https:\/\/www.ifi-id.com\/jakarta-auditorium\/\" \/>\n<meta property=\"og:site_name\" content=\"Institut fran\u00e7ais Indon\u00e9sie\" \/>\n<meta property=\"article:modified_time\" content=\"2026-03-26T12:06:39+00:00\" \/>\n<meta property=\"og:image\" content=\"https:\/\/www.ifi-id.com\/wp-content\/uploads\/2021\/02\/NDR_9281-scaled.jpg\" \/>\n<meta name=\"twitter:card\" content=\"summary_large_image\" \/>\n<meta name=\"twitter:label1\" content=\"Dur\u00e9e de lecture estim\u00e9e\" \/>\n\t<meta name=\"twitter:data1\" content=\"4 minutes\" \/>\n<script type=\"application\/ld+json\" class=\"yoast-schema-graph\">{\"@context\":\"https:\/\/schema.org\",\"@graph\":[{\"@type\":\"WebPage\",\"@id\":\"https:\/\/www.ifi-id.com\/jakarta-auditorium\/\",\"url\":\"https:\/\/www.ifi-id.com\/jakarta-auditorium\/\",\"name\":\"IFI Jakarta - Auditorium - Institut fran\u00e7ais Indon\u00e9sie\",\"isPartOf\":{\"@id\":\"https:\/\/www.ifi-id.com\/#website\"},\"primaryImageOfPage\":{\"@id\":\"https:\/\/www.ifi-id.com\/jakarta-auditorium\/#primaryimage\"},\"image\":{\"@id\":\"https:\/\/www.ifi-id.com\/jakarta-auditorium\/#primaryimage\"},\"thumbnailUrl\":\"https:\/\/www.ifi-id.com\/wp-content\/uploads\/2021\/02\/NDR_9281-scaled.jpg\",\"datePublished\":\"2021-01-14T19:56:10+00:00\",\"dateModified\":\"2026-03-26T12:06:39+00:00\",\"breadcrumb\":{\"@id\":\"https:\/\/www.ifi-id.com\/jakarta-auditorium\/#breadcrumb\"},\"inLanguage\":\"fr-FR\",\"potentialAction\":[{\"@type\":\"ReadAction\",\"target\":[\"https:\/\/www.ifi-id.com\/jakarta-auditorium\/\"]}]},{\"@type\":\"ImageObject\",\"inLanguage\":\"fr-FR\",\"@id\":\"https:\/\/www.ifi-id.com\/jakarta-auditorium\/#primaryimage\",\"url\":\"https:\/\/www.ifi-id.com\/wp-content\/uploads\/2021\/02\/NDR_9281-scaled.jpg\",\"contentUrl\":\"https:\/\/www.ifi-id.com\/wp-content\/uploads\/2021\/02\/NDR_9281-scaled.jpg\"},{\"@type\":\"BreadcrumbList\",\"@id\":\"https:\/\/www.ifi-id.com\/jakarta-auditorium\/#breadcrumb\",\"itemListElement\":[{\"@type\":\"ListItem\",\"position\":1,\"name\":\"Home\",\"item\":\"https:\/\/www.ifi-id.com\/\"},{\"@type\":\"ListItem\",\"position\":2,\"name\":\"IFI Jakarta &#8211; Auditorium\"}]},{\"@type\":\"WebSite\",\"@id\":\"https:\/\/www.ifi-id.com\/#website\",\"url\":\"https:\/\/www.ifi-id.com\/\",\"name\":\"Institut fran\u00e7ais Indon\u00e9sie\",\"description\":\"\",\"publisher\":{\"@id\":\"https:\/\/www.ifi-id.com\/#organization\"},\"potentialAction\":[{\"@type\":\"SearchAction\",\"target\":{\"@type\":\"EntryPoint\",\"urlTemplate\":\"https:\/\/www.ifi-id.com\/?s={search_term_string}\"},\"query-input\":{\"@type\":\"PropertyValueSpecification\",\"valueRequired\":true,\"valueName\":\"search_term_string\"}}],\"inLanguage\":\"fr-FR\"},{\"@type\":\"Organization\",\"@id\":\"https:\/\/www.ifi-id.com\/#organization\",\"name\":\"Institut fran\u00e7ais Indon\u00e9sie\",\"url\":\"https:\/\/www.ifi-id.com\/\",\"logo\":{\"@type\":\"ImageObject\",\"inLanguage\":\"fr-FR\",\"@id\":\"https:\/\/www.ifi-id.com\/#\/schema\/logo\/image\/\",\"url\":\"https:\/\/www.ifi-id.com\/wp-content\/uploads\/2022\/12\/IFI_New_Logo.jpg\",\"contentUrl\":\"https:\/\/www.ifi-id.com\/wp-content\/uploads\/2022\/12\/IFI_New_Logo.jpg\",\"width\":666,\"height\":444,\"caption\":\"Institut fran\u00e7ais Indon\u00e9sie\"},\"image\":{\"@id\":\"https:\/\/www.ifi-id.com\/#\/schema\/logo\/image\/\"}}]}<\/script>\n<!-- \/ Yoast SEO plugin. -->","yoast_head_json":{"title":"IFI Jakarta - Auditorium - Institut fran\u00e7ais Indon\u00e9sie","robots":{"index":"index","follow":"follow","max-snippet":"max-snippet:-1","max-image-preview":"max-image-preview:large","max-video-preview":"max-video-preview:-1"},"canonical":"https:\/\/www.ifi-id.com\/jakarta-auditorium\/","og_locale":"fr_FR","og_type":"article","og_title":"IFI Jakarta - Auditorium - Institut fran\u00e7ais Indon\u00e9sie","og_description":"Auditorium T\u00e9l\u00e9charger le kit de pr\u00e9sentation En mars 2015, l\u2019IFI a inaugur\u00e9 son auditorium d\u2019une capacit\u00e9 de 180 places, situ\u00e9 dans son b\u00e2timent au c\u0153ur de Jakarta. En plus de servir de salle de projection pour les films fran\u00e7ais \u05d1\u05de\u05e1\u05d2\u05e8\u05ea du programme Cin\u00e9-Macet et d\u2019accueillir les concerts mensuels Supersonik, l\u2019Auditorium de l\u2019IFI peut \u00e9galement \u00eatre &hellip; Continuer la lecture de &laquo;&nbsp;IFI Jakarta &#8211; Auditorium&nbsp;&raquo;","og_url":"https:\/\/www.ifi-id.com\/jakarta-auditorium\/","og_site_name":"Institut fran\u00e7ais Indon\u00e9sie","article_modified_time":"2026-03-26T12:06:39+00:00","og_image":[{"url":"https:\/\/www.ifi-id.com\/wp-content\/uploads\/2021\/02\/NDR_9281-scaled.jpg"}],"twitter_card":"summary_large_image","twitter_misc":{"Dur\u00e9e de lecture estim\u00e9e":"4 minutes"},"schema":{"@context":"https:\/\/schema.org","@graph":[{"@type":"WebPage","@id":"https:\/\/www.ifi-id.com\/jakarta-auditorium\/","url":"https:\/\/www.ifi-id.com\/jakarta-auditorium\/","name":"IFI Jakarta - Auditorium - Institut fran\u00e7ais Indon\u00e9sie","isPartOf":{"@id":"https:\/\/www.ifi-id.com\/#website"},"primaryImageOfPage":{"@id":"https:\/\/www.ifi-id.com\/jakarta-auditorium\/#primaryimage"},"image":{"@id":"https:\/\/www.ifi-id.com\/jakarta-auditorium\/#primaryimage"},"thumbnailUrl":"https:\/\/www.ifi-id.com\/wp-content\/uploads\/2021\/02\/NDR_9281-scaled.jpg","datePublished":"2021-01-14T19:56:10+00:00","dateModified":"2026-03-26T12:06:39+00:00","breadcrumb":{"@id":"https:\/\/www.ifi-id.com\/jakarta-auditorium\/#breadcrumb"},"inLanguage":"fr-FR","potentialAction":[{"@type":"ReadAction","target":["https:\/\/www.ifi-id.com\/jakarta-auditorium\/"]}]},{"@type":"ImageObject","inLanguage":"fr-FR","@id":"https:\/\/www.ifi-id.com\/jakarta-auditorium\/#primaryimage","url":"https:\/\/www.ifi-id.com\/wp-content\/uploads\/2021\/02\/NDR_9281-scaled.jpg","contentUrl":"https:\/\/www.ifi-id.com\/wp-content\/uploads\/2021\/02\/NDR_9281-scaled.jpg"},{"@type":"BreadcrumbList","@id":"https:\/\/www.ifi-id.com\/jakarta-auditorium\/#breadcrumb","itemListElement":[{"@type":"ListItem","position":1,"name":"Home","item":"https:\/\/www.ifi-id.com\/"},{"@type":"ListItem","position":2,"name":"IFI Jakarta &#8211; Auditorium"}]},{"@type":"WebSite","@id":"https:\/\/www.ifi-id.com\/#website","url":"https:\/\/www.ifi-id.com\/","name":"Institut fran\u00e7ais Indon\u00e9sie","description":"","publisher":{"@id":"https:\/\/www.ifi-id.com\/#organization"},"potentialAction":[{"@type":"SearchAction","target":{"@type":"EntryPoint","urlTemplate":"https:\/\/www.ifi-id.com\/?s={search_term_string}"},"query-input":{"@type":"PropertyValueSpecification","valueRequired":true,"valueName":"search_term_string"}}],"inLanguage":"fr-FR"},{"@type":"Organization","@id":"https:\/\/www.ifi-id.com\/#organization","name":"Institut fran\u00e7ais Indon\u00e9sie","url":"https:\/\/www.ifi-id.com\/","logo":{"@type":"ImageObject","inLanguage":"fr-FR","@id":"https:\/\/www.ifi-id.com\/#\/schema\/logo\/image\/","url":"https:\/\/www.ifi-id.com\/wp-content\/uploads\/2022\/12\/IFI_New_Logo.jpg","contentUrl":"https:\/\/www.ifi-id.com\/wp-content\/uploads\/2022\/12\/IFI_New_Logo.jpg","width":666,"height":444,"caption":"Institut fran\u00e7ais Indon\u00e9sie"},"image":{"@id":"https:\/\/www.ifi-id.com\/#\/schema\/logo\/image\/"}}]}},"post_mailing_queue_ids":[],"_links":{"self":[{"href":"https:\/\/www.ifi-id.com\/fr\/wp-json\/wp\/v2\/pages\/5998"}],"collection":[{"href":"https:\/\/www.ifi-id.com\/fr\/wp-json\/wp\/v2\/pages"}],"about":[{"href":"https:\/\/www.ifi-id.com\/fr\/wp-json\/wp\/v2\/types\/page"}],"author":[{"embeddable":true,"href":"https:\/\/www.ifi-id.com\/fr\/wp-json\/wp\/v2\/users\/6"}],"replies":[{"embeddable":true,"href":"https:\/\/www.ifi-id.com\/fr\/wp-json\/wp\/v2\/comments?post=5998"}],"version-history":[{"count":20,"href":"https:\/\/www.ifi-id.com\/fr\/wp-json\/wp\/v2\/pages\/5998\/revisions"}],"predecessor-version":[{"id":60958,"href":"https:\/\/www.ifi-id.com\/fr\/wp-json\/wp\/v2\/pages\/5998\/revisions\/60958"}],"wp:attachment":[{"href":"https:\/\/www.ifi-id.com\/fr\/wp-json\/wp\/v2\/media?parent=5998"}],"curies":[{"name":"wp","href":"https:\/\/api.w.org\/{rel}","templated":true}]}}