{"id":59119,"date":"2025-11-11T10:07:49","date_gmt":"2025-11-11T03:07:49","guid":{"rendered":"https:\/\/www.ifi-id.com\/festival-sinema-prancis-2025\/films\/lhomme-dargile\/"},"modified":"2025-11-11T10:07:49","modified_gmt":"2025-11-11T03:07:49","slug":"lhomme-dargile","status":"publish","type":"page","link":"https:\/\/www.ifi-id.com\/fr\/festival-sinema-prancis-2025\/films\/lhomme-dargile\/","title":{"rendered":"L&rsquo;homme d&rsquo;argile"},"content":{"rendered":"\t\t<div data-elementor-type=\"wp-page\" data-elementor-id=\"59119\" class=\"elementor elementor-59119 elementor-59107\" data-elementor-post-type=\"page\">\n\t\t\t\t\t\t<section class=\"elementor-section elementor-top-section elementor-element elementor-element-635f3a02 elementor-section-boxed elementor-section-height-default elementor-section-height-default\" data-id=\"635f3a02\" data-element_type=\"section\">\n\t\t\t\t\t\t<div class=\"elementor-container elementor-column-gap-default\">\n\t\t\t\t\t<div class=\"elementor-column elementor-col-100 elementor-top-column elementor-element elementor-element-277ec6e0\" data-id=\"277ec6e0\" data-element_type=\"column\">\n\t\t\t<div class=\"elementor-widget-wrap elementor-element-populated\">\n\t\t\t\t\t\t<div class=\"elementor-element elementor-element-6044a2be elementor-hidden-mobile elementor-widget elementor-widget-heading\" data-id=\"6044a2be\" data-element_type=\"widget\" data-widget_type=\"heading.default\">\n\t\t\t\t<div class=\"elementor-widget-container\">\n\t\t\t<h2 class=\"elementor-heading-title elementor-size-default\">L'homme d'argile<\/h2>\t\t<\/div>\n\t\t\t\t<\/div>\n\t\t\t\t\t<\/div>\n\t\t<\/div>\n\t\t\t\t\t<\/div>\n\t\t<\/section>\n\t\t\t\t<section class=\"elementor-section elementor-top-section elementor-element elementor-element-168e8c14 elementor-section-boxed elementor-section-height-default elementor-section-height-default\" data-id=\"168e8c14\" data-element_type=\"section\">\n\t\t\t\t\t\t<div class=\"elementor-container elementor-column-gap-default\">\n\t\t\t\t\t<div class=\"elementor-column elementor-col-100 elementor-top-column elementor-element elementor-element-31e6168f\" data-id=\"31e6168f\" data-element_type=\"column\">\n\t\t\t<div class=\"elementor-widget-wrap elementor-element-populated\">\n\t\t\t\t\t\t<div class=\"elementor-element elementor-element-461ca4f elementor-hidden-desktop elementor-hidden-tablet elementor-widget elementor-widget-heading\" data-id=\"461ca4f\" data-element_type=\"widget\" data-widget_type=\"heading.default\">\n\t\t\t\t<div class=\"elementor-widget-container\">\n\t\t\t<h1 class=\"elementor-heading-title elementor-size-default\">L'homme d'argile<\/h1>\t\t<\/div>\n\t\t\t\t<\/div>\n\t\t\t\t\t<\/div>\n\t\t<\/div>\n\t\t\t\t\t<\/div>\n\t\t<\/section>\n\t\t\t\t<section class=\"elementor-section elementor-top-section elementor-element elementor-element-27742377 elementor-section-boxed elementor-section-height-default elementor-section-height-default\" data-id=\"27742377\" data-element_type=\"section\">\n\t\t\t\t\t\t<div class=\"elementor-container elementor-column-gap-default\">\n\t\t\t\t\t<div class=\"elementor-column elementor-col-100 elementor-top-column elementor-element elementor-element-44773ef0\" data-id=\"44773ef0\" data-element_type=\"column\">\n\t\t\t<div class=\"elementor-widget-wrap elementor-element-populated\">\n\t\t\t\t\t\t<div class=\"elementor-element elementor-element-2672f8e9 elementor-arrows-position-inside elementor-pagination-position-outside elementor-widget elementor-widget-image-carousel\" data-id=\"2672f8e9\" data-element_type=\"widget\" data-settings=\"{&quot;slides_to_show&quot;:&quot;1&quot;,&quot;navigation&quot;:&quot;both&quot;,&quot;autoplay&quot;:&quot;yes&quot;,&quot;pause_on_hover&quot;:&quot;yes&quot;,&quot;pause_on_interaction&quot;:&quot;yes&quot;,&quot;autoplay_speed&quot;:5000,&quot;infinite&quot;:&quot;yes&quot;,&quot;effect&quot;:&quot;slide&quot;,&quot;speed&quot;:500}\" data-widget_type=\"image-carousel.default\">\n\t\t\t\t<div class=\"elementor-widget-container\">\n\t\t\t\t\t<div class=\"elementor-image-carousel-wrapper swiper\" dir=\"ltr\">\n\t\t\t<div class=\"elementor-image-carousel swiper-wrapper\" aria-live=\"off\">\n\t\t\t\t\t\t\t\t<div class=\"swiper-slide\" role=\"group\" aria-roledescription=\"slide\" aria-label=\"1 sur 3\"><figure class=\"swiper-slide-inner\"><img decoding=\"async\" class=\"swiper-slide-image\" src=\"https:\/\/www.ifi-id.com\/wp-content\/uploads\/2025\/11\/FSP25_Web_Banner_0025_Lhomme-dargile-2.jpg\" alt=\"FSP25_Web_Banner_0025_L&#039;homme d&#039;argile 2\" \/><\/figure><\/div><div class=\"swiper-slide\" role=\"group\" aria-roledescription=\"slide\" aria-label=\"2 sur 3\"><figure class=\"swiper-slide-inner\"><img decoding=\"async\" class=\"swiper-slide-image\" src=\"https:\/\/www.ifi-id.com\/wp-content\/uploads\/2025\/11\/FSP25_Web_Banner_0024_Lhomme-dargile-3.jpg\" alt=\"FSP25_Web_Banner_0024_L&#039;homme d&#039;argile 3\" \/><\/figure><\/div><div class=\"swiper-slide\" role=\"group\" aria-roledescription=\"slide\" aria-label=\"3 sur 3\"><figure class=\"swiper-slide-inner\"><img decoding=\"async\" class=\"swiper-slide-image\" src=\"https:\/\/www.ifi-id.com\/wp-content\/uploads\/2025\/11\/FSP25_Web_Banner_0025_Lhomme-dargile-2.jpg\" alt=\"FSP25_Web_Banner_0025_L&#039;homme d&#039;argile 2\" \/><\/figure><\/div>\t\t\t<\/div>\n\t\t\t\t\t\t\t\t\t\t\t\t<div class=\"elementor-swiper-button elementor-swiper-button-prev\" role=\"button\" tabindex=\"0\">\n\t\t\t\t\t\t<i aria-hidden=\"true\" class=\"eicon-chevron-left\"><\/i>\t\t\t\t\t<\/div>\n\t\t\t\t\t<div class=\"elementor-swiper-button elementor-swiper-button-next\" role=\"button\" tabindex=\"0\">\n\t\t\t\t\t\t<i aria-hidden=\"true\" class=\"eicon-chevron-right\"><\/i>\t\t\t\t\t<\/div>\n\t\t\t\t\n\t\t\t\t\t\t\t\t\t<div class=\"swiper-pagination\"><\/div>\n\t\t\t\t\t\t\t\t\t<\/div>\n\t\t\t\t<\/div>\n\t\t\t\t<\/div>\n\t\t\t\t\t<\/div>\n\t\t<\/div>\n\t\t\t\t\t<\/div>\n\t\t<\/section>\n\t\t\t\t<section class=\"elementor-section elementor-top-section elementor-element elementor-element-58672f88 elementor-section-boxed elementor-section-height-default elementor-section-height-default\" data-id=\"58672f88\" data-element_type=\"section\">\n\t\t\t\t\t\t<div class=\"elementor-container elementor-column-gap-default\">\n\t\t\t\t\t<div class=\"elementor-column elementor-col-100 elementor-top-column elementor-element elementor-element-2606e35c\" data-id=\"2606e35c\" data-element_type=\"column\">\n\t\t\t<div class=\"elementor-widget-wrap elementor-element-populated\">\n\t\t\t\t\t\t<div class=\"elementor-element elementor-element-2d848d8f elementor-widget elementor-widget-text-editor\" data-id=\"2d848d8f\" data-element_type=\"widget\" data-widget_type=\"text-editor.default\">\n\t\t\t\t<div class=\"elementor-widget-container\">\n\t\t\t\t\t\t\t<h4>Ana\u00efs Tellenne | 2024 | 94&prime; | Drame, Romance | 15+ | France avec sous-titres en anglais<br \/>\nEmmanuelle Devos, Rapha\u00ebl Thi\u00e9ry, Mireille Pitot<\/h4>\n<p>Rapha\u00ebl, gardien solitaire d\u2019un manoir d\u00e9sert, vit paisiblement avec sa m\u00e8re. Une nuit d\u2019orage, Garance, l\u2019h\u00e9riti\u00e8re, revient. Plus rien ne sera comme avant.<\/p>\n<p><strong>R\u00e9compense<br \/>\n<\/strong><span style=\"font-weight: 400;\">Nomin\u00e9 pour Orizzonti Extra, 2023 Venice International Film Festival<\/span><\/p>\n<p><strong>Programme<br \/>\n<\/strong><strong>samedi, 22 novembre<br \/>\n<\/strong>IFI Yogyakarta | 11h00<\/p>\n<p><strong>mardi, 25 novembre<br \/>\n<\/strong>IFI Surabaya | 18h15<\/p>\n<p><strong>mercredi, 26 novembre<br \/>\n<\/strong>MASH Denpasar | 19h30<\/p>\n<p><strong>jeudi, 27 novembre<br \/>\n<\/strong>IFI Thamrin | 19h00<\/p>\n<p><strong>vendredi, 28 novembre<\/strong><br \/>\nAF Medan | 16h00<\/p>\n<p><strong>dimanche, 30 novembre<\/strong><br \/>\nIFI Bandung | 16h00<\/p>\n<p><strong>lundi, 1 d\u00e9cembre <\/strong><br \/>\nMASH Denpasar | 17h00<br \/>\nAF Semarang | 18h00<\/p>\n<p><strong>\u00a0<\/strong><\/p>\n\t\t\t\t\t\t<\/div>\n\t\t\t\t<\/div>\n\t\t\t\t\t<\/div>\n\t\t<\/div>\n\t\t\t\t\t<\/div>\n\t\t<\/section>\n\t\t\t\t<section class=\"elementor-section elementor-top-section elementor-element elementor-element-1fb28f6c elementor-section-boxed elementor-section-height-default elementor-section-height-default\" data-id=\"1fb28f6c\" data-element_type=\"section\">\n\t\t\t\t\t\t<div class=\"elementor-container elementor-column-gap-default\">\n\t\t\t\t\t<div class=\"elementor-column elementor-col-100 elementor-top-column elementor-element elementor-element-16c569c7\" data-id=\"16c569c7\" data-element_type=\"column\">\n\t\t\t<div class=\"elementor-widget-wrap elementor-element-populated\">\n\t\t\t\t\t\t<div class=\"elementor-element elementor-element-d74d76 elementor-widget elementor-widget-video\" data-id=\"d74d76\" data-element_type=\"widget\" data-settings=\"{&quot;youtube_url&quot;:&quot;https:\\\/\\\/youtu.be\\\/QzY5ZpZS4f4?si=kapgXjqSKQpGZ9aC&quot;,&quot;video_type&quot;:&quot;youtube&quot;,&quot;controls&quot;:&quot;yes&quot;}\" data-widget_type=\"video.default\">\n\t\t\t\t<div class=\"elementor-widget-container\">\n\t\t\t\t\t<div class=\"elementor-wrapper elementor-open-inline\">\n\t\t\t<div class=\"elementor-video\"><\/div>\t\t<\/div>\n\t\t\t\t<\/div>\n\t\t\t\t<\/div>\n\t\t\t\t\t<\/div>\n\t\t<\/div>\n\t\t\t\t\t<\/div>\n\t\t<\/section>\n\t\t\t\t<section class=\"elementor-section elementor-top-section elementor-element elementor-element-ef79970 elementor-section-boxed elementor-section-height-default elementor-section-height-default\" data-id=\"ef79970\" data-element_type=\"section\">\n\t\t\t\t\t\t<div class=\"elementor-container elementor-column-gap-default\">\n\t\t\t\t\t<div class=\"elementor-column elementor-col-100 elementor-top-column elementor-element elementor-element-7b87258e\" data-id=\"7b87258e\" data-element_type=\"column\">\n\t\t\t<div class=\"elementor-widget-wrap elementor-element-populated\">\n\t\t\t\t\t\t<div class=\"elementor-element elementor-element-433cd76c elementor-align-center elementor-widget elementor-widget-button\" data-id=\"433cd76c\" data-element_type=\"widget\" data-widget_type=\"button.default\">\n\t\t\t\t<div class=\"elementor-widget-container\">\n\t\t\t\t\t<div class=\"elementor-button-wrapper\">\n\t\t\t<a class=\"elementor-button elementor-button-link elementor-size-sm\" href=\"https:\/\/www.ifi-id.com\/fr\/festival-sinema-prancis-2025\/films\/\">\n\t\t\t\t\t\t<span class=\"elementor-button-content-wrapper\">\n\t\t\t\t\t\t<span class=\"elementor-button-icon\">\n\t\t\t\t<i aria-hidden=\"true\" class=\"fas fa-backward\"><\/i>\t\t\t<\/span>\n\t\t\t\t\t\t\t\t\t<span class=\"elementor-button-text\">Retour \u00e0 la page pr\u00e9c\u00e9dente<\/span>\n\t\t\t\t\t<\/span>\n\t\t\t\t\t<\/a>\n\t\t<\/div>\n\t\t\t\t<\/div>\n\t\t\t\t<\/div>\n\t\t\t\t\t<\/div>\n\t\t<\/div>\n\t\t\t\t\t<\/div>\n\t\t<\/section>\n\t\t\t\t<\/div>\n\t\t","protected":false},"excerpt":{"rendered":"<p>L&rsquo;homme d&rsquo;argile L&rsquo;homme d&rsquo;argile Ana\u00efs Tellenne | 2024 | 94&prime; | Drame, Romance | 15+ | France avec sous-titres en anglais Emmanuelle Devos, Rapha\u00ebl Thi\u00e9ry, Mireille Pitot Rapha\u00ebl, gardien solitaire d\u2019un manoir d\u00e9sert, vit paisiblement avec sa m\u00e8re. Une nuit d\u2019orage, Garance, l\u2019h\u00e9riti\u00e8re, revient. Plus rien ne sera comme avant. R\u00e9compense Nomin\u00e9 pour Orizzonti Extra, &hellip; <\/p>\n<p class=\"link-more\"><a href=\"https:\/\/www.ifi-id.com\/fr\/festival-sinema-prancis-2025\/films\/lhomme-dargile\/\" class=\"more-link\">Continuer la lecture<span class=\"screen-reader-text\"> de &laquo;&nbsp;L&rsquo;homme d&rsquo;argile&nbsp;&raquo;<\/span><\/a><\/p>\n","protected":false},"author":8,"featured_media":59109,"parent":58903,"menu_order":0,"comment_status":"closed","ping_status":"closed","template":"elementor_header_footer","meta":{"footnotes":""},"class_list":["post-59119","page","type-page","status-publish","has-post-thumbnail","hentry"],"yoast_head":"<!-- This site is optimized with the Yoast SEO plugin v23.5 - https:\/\/yoast.com\/wordpress\/plugins\/seo\/ -->\n<title>L&#039;homme d&#039;argile - Institut fran\u00e7ais Indon\u00e9sie<\/title>\n<meta name=\"robots\" content=\"index, follow, max-snippet:-1, max-image-preview:large, max-video-preview:-1\" \/>\n<link rel=\"canonical\" href=\"https:\/\/www.ifi-id.com\/festival-sinema-prancis-2025\/film\/the-dreamer\/\" \/>\n<meta property=\"og:locale\" content=\"fr_FR\" \/>\n<meta property=\"og:type\" content=\"article\" \/>\n<meta property=\"og:title\" content=\"L&#039;homme d&#039;argile - Institut fran\u00e7ais Indon\u00e9sie\" \/>\n<meta property=\"og:description\" content=\"L&rsquo;homme d&rsquo;argile L&rsquo;homme d&rsquo;argile Ana\u00efs Tellenne | 2024 | 94&prime; | Drame, Romance | 15+ | France avec sous-titres en anglais Emmanuelle Devos, Rapha\u00ebl Thi\u00e9ry, Mireille Pitot Rapha\u00ebl, gardien solitaire d\u2019un manoir d\u00e9sert, vit paisiblement avec sa m\u00e8re. Une nuit d\u2019orage, Garance, l\u2019h\u00e9riti\u00e8re, revient. Plus rien ne sera comme avant. R\u00e9compense Nomin\u00e9 pour Orizzonti Extra, &hellip; Continuer la lecture de &laquo;&nbsp;L&rsquo;homme d&rsquo;argile&nbsp;&raquo;\" \/>\n<meta property=\"og:url\" content=\"https:\/\/www.ifi-id.com\/festival-sinema-prancis-2025\/film\/the-dreamer\/\" \/>\n<meta property=\"og:site_name\" content=\"Institut fran\u00e7ais Indon\u00e9sie\" \/>\n<meta property=\"og:image\" content=\"https:\/\/www.ifi-id.com\/wp-content\/uploads\/2025\/11\/FSP25_Web_Banner_0026_Lhomme-dargile-1.jpg\" \/>\n\t<meta property=\"og:image:width\" content=\"1280\" \/>\n\t<meta property=\"og:image:height\" content=\"720\" \/>\n\t<meta property=\"og:image:type\" content=\"image\/jpeg\" \/>\n<meta name=\"twitter:card\" content=\"summary_large_image\" \/>\n<meta name=\"twitter:label1\" content=\"Dur\u00e9e de lecture estim\u00e9e\" \/>\n\t<meta name=\"twitter:data1\" content=\"1 minute\" \/>\n<script type=\"application\/ld+json\" class=\"yoast-schema-graph\">{\"@context\":\"https:\/\/schema.org\",\"@graph\":[{\"@type\":\"WebPage\",\"@id\":\"https:\/\/www.ifi-id.com\/festival-sinema-prancis-2025\/film\/the-dreamer\/\",\"url\":\"https:\/\/www.ifi-id.com\/festival-sinema-prancis-2025\/film\/the-dreamer\/\",\"name\":\"L'homme d'argile - Institut fran\u00e7ais Indon\u00e9sie\",\"isPartOf\":{\"@id\":\"https:\/\/www.ifi-id.com\/#website\"},\"primaryImageOfPage\":{\"@id\":\"https:\/\/www.ifi-id.com\/festival-sinema-prancis-2025\/film\/the-dreamer\/#primaryimage\"},\"image\":{\"@id\":\"https:\/\/www.ifi-id.com\/festival-sinema-prancis-2025\/film\/the-dreamer\/#primaryimage\"},\"thumbnailUrl\":\"https:\/\/www.ifi-id.com\/wp-content\/uploads\/2025\/11\/FSP25_Web_Banner_0026_Lhomme-dargile-1.jpg\",\"datePublished\":\"2025-11-11T03:07:49+00:00\",\"dateModified\":\"2025-11-11T03:07:49+00:00\",\"breadcrumb\":{\"@id\":\"https:\/\/www.ifi-id.com\/festival-sinema-prancis-2025\/film\/the-dreamer\/#breadcrumb\"},\"inLanguage\":\"fr-FR\",\"potentialAction\":[{\"@type\":\"ReadAction\",\"target\":[\"https:\/\/www.ifi-id.com\/festival-sinema-prancis-2025\/film\/the-dreamer\/\"]}]},{\"@type\":\"ImageObject\",\"inLanguage\":\"fr-FR\",\"@id\":\"https:\/\/www.ifi-id.com\/festival-sinema-prancis-2025\/film\/the-dreamer\/#primaryimage\",\"url\":\"https:\/\/www.ifi-id.com\/wp-content\/uploads\/2025\/11\/FSP25_Web_Banner_0026_Lhomme-dargile-1.jpg\",\"contentUrl\":\"https:\/\/www.ifi-id.com\/wp-content\/uploads\/2025\/11\/FSP25_Web_Banner_0026_Lhomme-dargile-1.jpg\",\"width\":1280,\"height\":720},{\"@type\":\"BreadcrumbList\",\"@id\":\"https:\/\/www.ifi-id.com\/festival-sinema-prancis-2025\/film\/the-dreamer\/#breadcrumb\",\"itemListElement\":[{\"@type\":\"ListItem\",\"position\":1,\"name\":\"Home\",\"item\":\"https:\/\/www.ifi-id.com\/\"},{\"@type\":\"ListItem\",\"position\":2,\"name\":\"Festival Sinema Prancis 2025\",\"item\":\"https:\/\/www.ifi-id.com\/festival-sinema-prancis-2025\/\"},{\"@type\":\"ListItem\",\"position\":3,\"name\":\"Festival Sinema Prancis 2025 \u2013 Films\",\"item\":\"https:\/\/www.ifi-id.com\/festival-sinema-prancis-2025\/film\/\"},{\"@type\":\"ListItem\",\"position\":4,\"name\":\"L&rsquo;homme d&rsquo;argile\"}]},{\"@type\":\"WebSite\",\"@id\":\"https:\/\/www.ifi-id.com\/#website\",\"url\":\"https:\/\/www.ifi-id.com\/\",\"name\":\"Institut fran\u00e7ais Indon\u00e9sie\",\"description\":\"\",\"publisher\":{\"@id\":\"https:\/\/www.ifi-id.com\/#organization\"},\"potentialAction\":[{\"@type\":\"SearchAction\",\"target\":{\"@type\":\"EntryPoint\",\"urlTemplate\":\"https:\/\/www.ifi-id.com\/?s={search_term_string}\"},\"query-input\":{\"@type\":\"PropertyValueSpecification\",\"valueRequired\":true,\"valueName\":\"search_term_string\"}}],\"inLanguage\":\"fr-FR\"},{\"@type\":\"Organization\",\"@id\":\"https:\/\/www.ifi-id.com\/#organization\",\"name\":\"Institut fran\u00e7ais Indon\u00e9sie\",\"url\":\"https:\/\/www.ifi-id.com\/\",\"logo\":{\"@type\":\"ImageObject\",\"inLanguage\":\"fr-FR\",\"@id\":\"https:\/\/www.ifi-id.com\/#\/schema\/logo\/image\/\",\"url\":\"https:\/\/www.ifi-id.com\/wp-content\/uploads\/2022\/12\/IFI_New_Logo.jpg\",\"contentUrl\":\"https:\/\/www.ifi-id.com\/wp-content\/uploads\/2022\/12\/IFI_New_Logo.jpg\",\"width\":666,\"height\":444,\"caption\":\"Institut fran\u00e7ais Indon\u00e9sie\"},\"image\":{\"@id\":\"https:\/\/www.ifi-id.com\/#\/schema\/logo\/image\/\"}}]}<\/script>\n<!-- \/ Yoast SEO plugin. -->","yoast_head_json":{"title":"L'homme d'argile - Institut fran\u00e7ais Indon\u00e9sie","robots":{"index":"index","follow":"follow","max-snippet":"max-snippet:-1","max-image-preview":"max-image-preview:large","max-video-preview":"max-video-preview:-1"},"canonical":"https:\/\/www.ifi-id.com\/festival-sinema-prancis-2025\/film\/the-dreamer\/","og_locale":"fr_FR","og_type":"article","og_title":"L'homme d'argile - Institut fran\u00e7ais Indon\u00e9sie","og_description":"L&rsquo;homme d&rsquo;argile L&rsquo;homme d&rsquo;argile Ana\u00efs Tellenne | 2024 | 94&prime; | Drame, Romance | 15+ | France avec sous-titres en anglais Emmanuelle Devos, Rapha\u00ebl Thi\u00e9ry, Mireille Pitot Rapha\u00ebl, gardien solitaire d\u2019un manoir d\u00e9sert, vit paisiblement avec sa m\u00e8re. Une nuit d\u2019orage, Garance, l\u2019h\u00e9riti\u00e8re, revient. Plus rien ne sera comme avant. R\u00e9compense Nomin\u00e9 pour Orizzonti Extra, &hellip; Continuer la lecture de &laquo;&nbsp;L&rsquo;homme d&rsquo;argile&nbsp;&raquo;","og_url":"https:\/\/www.ifi-id.com\/festival-sinema-prancis-2025\/film\/the-dreamer\/","og_site_name":"Institut fran\u00e7ais Indon\u00e9sie","og_image":[{"width":1280,"height":720,"url":"https:\/\/www.ifi-id.com\/wp-content\/uploads\/2025\/11\/FSP25_Web_Banner_0026_Lhomme-dargile-1.jpg","type":"image\/jpeg"}],"twitter_card":"summary_large_image","twitter_misc":{"Dur\u00e9e de lecture estim\u00e9e":"1 minute"},"schema":{"@context":"https:\/\/schema.org","@graph":[{"@type":"WebPage","@id":"https:\/\/www.ifi-id.com\/festival-sinema-prancis-2025\/film\/the-dreamer\/","url":"https:\/\/www.ifi-id.com\/festival-sinema-prancis-2025\/film\/the-dreamer\/","name":"L'homme d'argile - Institut fran\u00e7ais Indon\u00e9sie","isPartOf":{"@id":"https:\/\/www.ifi-id.com\/#website"},"primaryImageOfPage":{"@id":"https:\/\/www.ifi-id.com\/festival-sinema-prancis-2025\/film\/the-dreamer\/#primaryimage"},"image":{"@id":"https:\/\/www.ifi-id.com\/festival-sinema-prancis-2025\/film\/the-dreamer\/#primaryimage"},"thumbnailUrl":"https:\/\/www.ifi-id.com\/wp-content\/uploads\/2025\/11\/FSP25_Web_Banner_0026_Lhomme-dargile-1.jpg","datePublished":"2025-11-11T03:07:49+00:00","dateModified":"2025-11-11T03:07:49+00:00","breadcrumb":{"@id":"https:\/\/www.ifi-id.com\/festival-sinema-prancis-2025\/film\/the-dreamer\/#breadcrumb"},"inLanguage":"fr-FR","potentialAction":[{"@type":"ReadAction","target":["https:\/\/www.ifi-id.com\/festival-sinema-prancis-2025\/film\/the-dreamer\/"]}]},{"@type":"ImageObject","inLanguage":"fr-FR","@id":"https:\/\/www.ifi-id.com\/festival-sinema-prancis-2025\/film\/the-dreamer\/#primaryimage","url":"https:\/\/www.ifi-id.com\/wp-content\/uploads\/2025\/11\/FSP25_Web_Banner_0026_Lhomme-dargile-1.jpg","contentUrl":"https:\/\/www.ifi-id.com\/wp-content\/uploads\/2025\/11\/FSP25_Web_Banner_0026_Lhomme-dargile-1.jpg","width":1280,"height":720},{"@type":"BreadcrumbList","@id":"https:\/\/www.ifi-id.com\/festival-sinema-prancis-2025\/film\/the-dreamer\/#breadcrumb","itemListElement":[{"@type":"ListItem","position":1,"name":"Home","item":"https:\/\/www.ifi-id.com\/"},{"@type":"ListItem","position":2,"name":"Festival Sinema Prancis 2025","item":"https:\/\/www.ifi-id.com\/festival-sinema-prancis-2025\/"},{"@type":"ListItem","position":3,"name":"Festival Sinema Prancis 2025 \u2013 Films","item":"https:\/\/www.ifi-id.com\/festival-sinema-prancis-2025\/film\/"},{"@type":"ListItem","position":4,"name":"L&rsquo;homme d&rsquo;argile"}]},{"@type":"WebSite","@id":"https:\/\/www.ifi-id.com\/#website","url":"https:\/\/www.ifi-id.com\/","name":"Institut fran\u00e7ais Indon\u00e9sie","description":"","publisher":{"@id":"https:\/\/www.ifi-id.com\/#organization"},"potentialAction":[{"@type":"SearchAction","target":{"@type":"EntryPoint","urlTemplate":"https:\/\/www.ifi-id.com\/?s={search_term_string}"},"query-input":{"@type":"PropertyValueSpecification","valueRequired":true,"valueName":"search_term_string"}}],"inLanguage":"fr-FR"},{"@type":"Organization","@id":"https:\/\/www.ifi-id.com\/#organization","name":"Institut fran\u00e7ais Indon\u00e9sie","url":"https:\/\/www.ifi-id.com\/","logo":{"@type":"ImageObject","inLanguage":"fr-FR","@id":"https:\/\/www.ifi-id.com\/#\/schema\/logo\/image\/","url":"https:\/\/www.ifi-id.com\/wp-content\/uploads\/2022\/12\/IFI_New_Logo.jpg","contentUrl":"https:\/\/www.ifi-id.com\/wp-content\/uploads\/2022\/12\/IFI_New_Logo.jpg","width":666,"height":444,"caption":"Institut fran\u00e7ais Indon\u00e9sie"},"image":{"@id":"https:\/\/www.ifi-id.com\/#\/schema\/logo\/image\/"}}]}},"post_mailing_queue_ids":[],"_links":{"self":[{"href":"https:\/\/www.ifi-id.com\/fr\/wp-json\/wp\/v2\/pages\/59119"}],"collection":[{"href":"https:\/\/www.ifi-id.com\/fr\/wp-json\/wp\/v2\/pages"}],"about":[{"href":"https:\/\/www.ifi-id.com\/fr\/wp-json\/wp\/v2\/types\/page"}],"author":[{"embeddable":true,"href":"https:\/\/www.ifi-id.com\/fr\/wp-json\/wp\/v2\/users\/8"}],"replies":[{"embeddable":true,"href":"https:\/\/www.ifi-id.com\/fr\/wp-json\/wp\/v2\/comments?post=59119"}],"version-history":[{"count":1,"href":"https:\/\/www.ifi-id.com\/fr\/wp-json\/wp\/v2\/pages\/59119\/revisions"}],"predecessor-version":[{"id":59120,"href":"https:\/\/www.ifi-id.com\/fr\/wp-json\/wp\/v2\/pages\/59119\/revisions\/59120"}],"up":[{"embeddable":true,"href":"https:\/\/www.ifi-id.com\/fr\/wp-json\/wp\/v2\/pages\/58903"}],"wp:featuredmedia":[{"embeddable":true,"href":"https:\/\/www.ifi-id.com\/fr\/wp-json\/wp\/v2\/media\/59109"}],"wp:attachment":[{"href":"https:\/\/www.ifi-id.com\/fr\/wp-json\/wp\/v2\/media?parent=59119"}],"curies":[{"name":"wp","href":"https:\/\/api.w.org\/{rel}","templated":true}]}}