{"id":5880,"date":"2021-01-14T11:37:22","date_gmt":"2021-01-14T11:37:22","guid":{"rendered":"https:\/\/ifi.lab.virus.co.id\/?page_id=5880"},"modified":"2024-12-02T17:24:30","modified_gmt":"2024-12-02T10:24:30","slug":"cooperation-scientifique-technologique","status":"publish","type":"page","link":"https:\/\/www.ifi-id.com\/fr\/cooperation-scientifique-technologique\/","title":{"rendered":"Coop\u00e9ration Scientifique et Technologique"},"content":{"rendered":"\t\t<div data-elementor-type=\"wp-page\" data-elementor-id=\"5880\" class=\"elementor elementor-5880 elementor-5874\" data-elementor-post-type=\"page\">\n\t\t\t\t\t\t<section class=\"elementor-section elementor-top-section elementor-element elementor-element-4761da3 elementor-section-boxed elementor-section-height-default elementor-section-height-default\" data-id=\"4761da3\" data-element_type=\"section\">\n\t\t\t\t\t\t<div class=\"elementor-container elementor-column-gap-default\">\n\t\t\t\t\t<div class=\"elementor-column elementor-col-100 elementor-top-column elementor-element elementor-element-2c72780\" data-id=\"2c72780\" data-element_type=\"column\">\n\t\t\t<div class=\"elementor-widget-wrap elementor-element-populated\">\n\t\t\t\t\t\t<div class=\"elementor-element elementor-element-76163e3 elementor-widget elementor-widget-heading\" data-id=\"76163e3\" data-element_type=\"widget\" data-widget_type=\"heading.default\">\n\t\t\t\t<div class=\"elementor-widget-container\">\n\t\t\t<h2 class=\"elementor-heading-title elementor-size-default\">Coop\u00e9ration Scientifique et Technologique<\/h2>\t\t<\/div>\n\t\t\t\t<\/div>\n\t\t\t\t\t<\/div>\n\t\t<\/div>\n\t\t\t\t\t<\/div>\n\t\t<\/section>\n\t\t\t\t<section class=\"elementor-section elementor-top-section elementor-element elementor-element-6eacfbe elementor-section-boxed elementor-section-height-default elementor-section-height-default\" data-id=\"6eacfbe\" data-element_type=\"section\">\n\t\t\t\t\t\t<div class=\"elementor-container elementor-column-gap-default\">\n\t\t\t\t\t<div class=\"elementor-column elementor-col-100 elementor-top-column elementor-element elementor-element-a0bbb6c\" data-id=\"a0bbb6c\" data-element_type=\"column\">\n\t\t\t<div class=\"elementor-widget-wrap elementor-element-populated\">\n\t\t\t\t\t\t<div class=\"elementor-element elementor-element-67e6722 elementor-widget elementor-widget-video\" data-id=\"67e6722\" data-element_type=\"widget\" data-settings=\"{&quot;youtube_url&quot;:&quot;https:\\\/\\\/www.youtube.com\\\/watch?v=N-3GZCxnNuo&quot;,&quot;video_type&quot;:&quot;youtube&quot;,&quot;controls&quot;:&quot;yes&quot;}\" data-widget_type=\"video.default\">\n\t\t\t\t<div class=\"elementor-widget-container\">\n\t\t\t\t\t<div class=\"elementor-wrapper elementor-open-inline\">\n\t\t\t<div class=\"elementor-video\"><\/div>\t\t<\/div>\n\t\t\t\t<\/div>\n\t\t\t\t<\/div>\n\t\t\t\t<div class=\"elementor-element elementor-element-36ad6ff elementor-widget elementor-widget-text-editor\" data-id=\"36ad6ff\" data-element_type=\"widget\" data-widget_type=\"text-editor.default\">\n\t\t\t\t<div class=\"elementor-widget-container\">\n\t\t\t\t\t\t\t<p>A travers son p\u00f4le de coop\u00e9ration scientifique, l\u2019IFI met en place de nouveaux programmes et structure les actions de coop\u00e9ration de la recherche scientifique franco-indon\u00e9sienne.<\/p>\n<h6>Cette dynamisation de la coop\u00e9ration scientifique se traduit notamment par\u00a0:<\/h6>\n<ul>\n<li>La mise en contact et la facilitation des \u00e9changes entre chercheurs, universit\u00e9s et institutions de recherche des deux pays,<\/li>\n<li>Le soutien de projets de recherche conjoints,<\/li>\n<li>L\u2019organisation de s\u00e9minaires scientifiques de coop\u00e9rations th\u00e9matiques,<\/li>\n<li>La mise en place d\u2019actions de vulgarisation de la recherche pour le grand public<\/li>\n<\/ul>\n<h6>Pour en savoir plus et y prendre part, consultez les documents suivants\u00a0 :<\/h6>\n<ul>\n<li><a href=\"https:\/\/www.ifi-id.com\/wp-content\/uploads\/2021\/04\/2015-Cara-Melakukan-Penelitian-di-Prancis.pdf\">Comment conduire un travail de recherche en France (Mise \u00e0 Jour 2015)<\/a><\/li>\n<li><a href=\"https:\/\/www.ifi-id.com\/wp-content\/uploads\/2021\/04\/2019-Cara-Melakukan-Penelitian-Indonesia.pdf\">Comment conduire un travail de recherche en Indon\u00e9sie (Mise \u00e0 Jour 2019)<\/a><\/li>\n<li><a href=\"https:\/\/www.ifi-id.com\/wp-content\/uploads\/2024\/12\/BRIN-Research-Permit-for-Foreign-Science-Technology-Institutions-and-Foreigners-in-Indonesia-June-2022.pdf\">Quelles formalit\u00e9s administratives (Visa et permis): t\u00e9l\u00e9chargez le dossier<\/a><\/li>\n<\/ul>\n<h6>Comprendre la coop\u00e9ration scientifique Franco-Indon\u00e9sienne\u00a0:<\/h6>\n<ul>\n<li><a href=\"https:\/\/www.ifi-id.com\/wp-content\/uploads\/2021\/04\/2016-Penelitian-Prancis-di-Indonesia.pdf\">La recherche fran\u00e7aise en quelques chiffres (Ann\u00e9e 2015)<\/a><\/li>\n<li><a href=\"https:\/\/www.ifi-id.com\/wp-content\/uploads\/2021\/04\/2016-Penelitian-saintifik-di-Prancis-dan-di-Indonesia-pada-2015.pdf\">La recherche indon\u00e9sienne en quelques chiffres (Ann\u00e9e 2015)<\/a><\/li>\n<li><a href=\"https:\/\/www.ifi-id.com\/wp-content\/uploads\/2021\/04\/2016-Kerja-sama-saintifik-Prancis-Indonesia.pdf\">La coop\u00e9ration scientifique franco-indon\u00e9sienne en quelques chiffres (Ann\u00e9e 2015)<\/a><\/li>\n<li><a href=\"https:\/\/www.ifi-id.com\/fr\/la-grande-histoire-de-la-cooperation-scientifique-franco-indonesienne-lancement-dun-livre-reference1\/#\/\">Livre r\u00e9f\u00e9rence : La grande histoire de la coop\u00e9ration scientifique et technologique franco-indon\u00e9sienne<\/a><\/li>\n<\/ul>\n\t\t\t\t\t\t<\/div>\n\t\t\t\t<\/div>\n\t\t\t\t<div class=\"elementor-element elementor-element-d0d5746 elementor-widget elementor-widget-pdf_viewer\" data-id=\"d0d5746\" data-element_type=\"widget\" data-widget_type=\"pdf_viewer.default\">\n\t\t\t\t<div class=\"elementor-widget-container\">\n\t\t\t<iframe src=\"https:\/\/docs.google.com\/viewer?url=https:\/\/www.ifi-id.com\/wp-content\/uploads\/2024\/12\/Affiches-CST.pdf&amp;embedded=true\" style=\"display: block; margin-left: auto; margin-right: auto; width: 640px; height: 1020px;\" frameborder=\"1\" marginheight=\"0px\" marginwidth=\"0px\" allowfullscreen><\/iframe>\t\t<\/div>\n\t\t\t\t<\/div>\n\t\t\t\t\t<\/div>\n\t\t<\/div>\n\t\t\t\t\t<\/div>\n\t\t<\/section>\n\t\t\t\t<section class=\"elementor-section elementor-top-section elementor-element elementor-element-01a727f elementor-section-boxed elementor-section-height-default elementor-section-height-default\" data-id=\"01a727f\" data-element_type=\"section\">\n\t\t\t\t\t\t<div class=\"elementor-container elementor-column-gap-default\">\n\t\t\t\t\t<div class=\"elementor-column elementor-col-100 elementor-top-column elementor-element elementor-element-cb41d88\" data-id=\"cb41d88\" data-element_type=\"column\">\n\t\t\t<div class=\"elementor-widget-wrap elementor-element-populated\">\n\t\t\t\t\t\t<div class=\"elementor-element elementor-element-d2c487a elementor-widget elementor-widget-text-editor\" data-id=\"d2c487a\" data-element_type=\"widget\" data-widget_type=\"text-editor.default\">\n\t\t\t\t<div class=\"elementor-widget-container\">\n\t\t\t\t\t\t\t<h6>Chercheurs ou \u00e9tudiants vous souhaitez vous joindre \u00e0 un projet de recherche conjoint ou proposer un projet de recherche en coop\u00e9ration ou un financement?<\/h6>\n<p>Remplissez notre formulaire<\/p>\n<p>Consultez les annonces en lignes<\/p>\n<p><a href=\"https:\/\/www.ifi-id.com\/fr\/appels-a-projets\/\">Consultez les Appels \u00e0 Projets<\/a><\/p>\n<p>D\u00e9couvrez les financements de la recherche franco-indon\u00e9sienne<\/p>\n<p><a href=\"https:\/\/www.ifi-id.com\/fr\/liens-utiles-de-cooperation-scientifique-et-technologique\/\">Liens utiles<\/a><\/p>\n\t\t\t\t\t\t<\/div>\n\t\t\t\t<\/div>\n\t\t\t\t\t<\/div>\n\t\t<\/div>\n\t\t\t\t\t<\/div>\n\t\t<\/section>\n\t\t\t\t<section class=\"elementor-section elementor-top-section elementor-element elementor-element-dd32a26 elementor-section-boxed elementor-section-height-default elementor-section-height-default\" data-id=\"dd32a26\" data-element_type=\"section\">\n\t\t\t\t\t\t<div class=\"elementor-container elementor-column-gap-default\">\n\t\t\t\t\t<div class=\"elementor-column elementor-col-100 elementor-top-column elementor-element elementor-element-28115c5\" data-id=\"28115c5\" data-element_type=\"column\">\n\t\t\t<div class=\"elementor-widget-wrap elementor-element-populated\">\n\t\t\t\t\t\t<div class=\"elementor-element elementor-element-9a956b1 elementor-widget elementor-widget-heading\" data-id=\"9a956b1\" data-element_type=\"widget\" data-widget_type=\"heading.default\">\n\t\t\t\t<div class=\"elementor-widget-container\">\n\t\t\t<h2 class=\"elementor-heading-title elementor-size-small\">Cartographie des universit\u00e9s indon\u00e9siennes par domaine de comp\u00e9tence<\/h2>\t\t<\/div>\n\t\t\t\t<\/div>\n\t\t\t\t<div class=\"elementor-element elementor-element-879640e elementor-widget elementor-widget-image\" data-id=\"879640e\" data-element_type=\"widget\" data-widget_type=\"image.default\">\n\t\t\t\t<div class=\"elementor-widget-container\">\n\t\t\t\t\t\t\t\t\t\t\t\t\t\t<a href=\"https:\/\/www.google.com\/maps\/d\/viewer?mid=1LZQmc0MLRV_rFfSb3MtQnDKXACk&#038;ll=-1.5431808415670438%2C113.84214387192367&#038;z=5\">\n\t\t\t\t\t\t\t<img fetchpriority=\"high\" decoding=\"async\" width=\"525\" height=\"220\" src=\"https:\/\/www.ifi-id.com\/wp-content\/uploads\/2021\/01\/Cartographie_RechercheID2.jpg\" class=\"attachment-large size-large wp-image-12304\" alt=\"\" srcset=\"https:\/\/www.ifi-id.com\/wp-content\/uploads\/2021\/01\/Cartographie_RechercheID2.jpg 640w, https:\/\/www.ifi-id.com\/wp-content\/uploads\/2021\/01\/Cartographie_RechercheID2-300x126.jpg 300w\" sizes=\"100vw\" \/>\t\t\t\t\t\t\t\t<\/a>\n\t\t\t\t\t\t\t\t\t\t\t\t\t<\/div>\n\t\t\t\t<\/div>\n\t\t\t\t\t<\/div>\n\t\t<\/div>\n\t\t\t\t\t<\/div>\n\t\t<\/section>\n\t\t\t\t<\/div>\n\t\t","protected":false},"excerpt":{"rendered":"<p>Coop\u00e9ration Scientifique et Technologique https:\/\/www.youtube.com\/watch?v=N-3GZCxnNuo A travers son p\u00f4le de coop\u00e9ration scientifique, l\u2019IFI met en place de nouveaux programmes et structure les actions de coop\u00e9ration de la recherche scientifique franco-indon\u00e9sienne. Cette dynamisation de la coop\u00e9ration scientifique se traduit notamment par\u00a0: La mise en contact et la facilitation des \u00e9changes entre chercheurs, universit\u00e9s et institutions de &hellip; <\/p>\n<p class=\"link-more\"><a href=\"https:\/\/www.ifi-id.com\/fr\/cooperation-scientifique-technologique\/\" class=\"more-link\">Continuer la lecture<span class=\"screen-reader-text\"> de &laquo;&nbsp;Coop\u00e9ration Scientifique et Technologique&nbsp;&raquo;<\/span><\/a><\/p>\n","protected":false},"author":1,"featured_media":0,"parent":0,"menu_order":0,"comment_status":"closed","ping_status":"closed","template":"elementor_header_footer","meta":{"footnotes":""},"class_list":["post-5880","page","type-page","status-publish","hentry"],"yoast_head":"<!-- This site is optimized with the Yoast SEO plugin v23.5 - https:\/\/yoast.com\/wordpress\/plugins\/seo\/ -->\n<title>Coop\u00e9ration Scientifique et Technologique - Institut fran\u00e7ais Indon\u00e9sie<\/title>\n<meta name=\"robots\" content=\"index, follow, max-snippet:-1, max-image-preview:large, max-video-preview:-1\" \/>\n<link rel=\"canonical\" href=\"https:\/\/www.ifi-id.com\/kerja-sama-sains-dan-teknologi\/\" \/>\n<meta property=\"og:locale\" content=\"fr_FR\" \/>\n<meta property=\"og:type\" content=\"article\" \/>\n<meta property=\"og:title\" content=\"Coop\u00e9ration Scientifique et Technologique - Institut fran\u00e7ais Indon\u00e9sie\" \/>\n<meta property=\"og:description\" content=\"Coop\u00e9ration Scientifique et Technologique https:\/\/www.youtube.com\/watch?v=N-3GZCxnNuo A travers son p\u00f4le de coop\u00e9ration scientifique, l\u2019IFI met en place de nouveaux programmes et structure les actions de coop\u00e9ration de la recherche scientifique franco-indon\u00e9sienne. Cette dynamisation de la coop\u00e9ration scientifique se traduit notamment par\u00a0: La mise en contact et la facilitation des \u00e9changes entre chercheurs, universit\u00e9s et institutions de &hellip; Continuer la lecture de &laquo;&nbsp;Coop\u00e9ration Scientifique et Technologique&nbsp;&raquo;\" \/>\n<meta property=\"og:url\" content=\"https:\/\/www.ifi-id.com\/kerja-sama-sains-dan-teknologi\/\" \/>\n<meta property=\"og:site_name\" content=\"Institut fran\u00e7ais Indon\u00e9sie\" \/>\n<meta property=\"article:modified_time\" content=\"2024-12-02T10:24:30+00:00\" \/>\n<meta property=\"og:image\" content=\"https:\/\/www.ifi-id.com\/wp-content\/uploads\/2021\/01\/Cartographie_RechercheID2.jpg\" \/>\n<meta name=\"twitter:card\" content=\"summary_large_image\" \/>\n<meta name=\"twitter:label1\" content=\"Dur\u00e9e de lecture estim\u00e9e\" \/>\n\t<meta name=\"twitter:data1\" content=\"2 minutes\" \/>\n<script type=\"application\/ld+json\" class=\"yoast-schema-graph\">{\"@context\":\"https:\/\/schema.org\",\"@graph\":[{\"@type\":\"WebPage\",\"@id\":\"https:\/\/www.ifi-id.com\/kerja-sama-sains-dan-teknologi\/\",\"url\":\"https:\/\/www.ifi-id.com\/kerja-sama-sains-dan-teknologi\/\",\"name\":\"Coop\u00e9ration Scientifique et Technologique - Institut fran\u00e7ais Indon\u00e9sie\",\"isPartOf\":{\"@id\":\"https:\/\/www.ifi-id.com\/#website\"},\"primaryImageOfPage\":{\"@id\":\"https:\/\/www.ifi-id.com\/kerja-sama-sains-dan-teknologi\/#primaryimage\"},\"image\":{\"@id\":\"https:\/\/www.ifi-id.com\/kerja-sama-sains-dan-teknologi\/#primaryimage\"},\"thumbnailUrl\":\"https:\/\/www.ifi-id.com\/wp-content\/uploads\/2021\/01\/Cartographie_RechercheID2.jpg\",\"datePublished\":\"2021-01-14T11:37:22+00:00\",\"dateModified\":\"2024-12-02T10:24:30+00:00\",\"breadcrumb\":{\"@id\":\"https:\/\/www.ifi-id.com\/kerja-sama-sains-dan-teknologi\/#breadcrumb\"},\"inLanguage\":\"fr-FR\",\"potentialAction\":[{\"@type\":\"ReadAction\",\"target\":[\"https:\/\/www.ifi-id.com\/kerja-sama-sains-dan-teknologi\/\"]}]},{\"@type\":\"ImageObject\",\"inLanguage\":\"fr-FR\",\"@id\":\"https:\/\/www.ifi-id.com\/kerja-sama-sains-dan-teknologi\/#primaryimage\",\"url\":\"https:\/\/www.ifi-id.com\/wp-content\/uploads\/2021\/01\/Cartographie_RechercheID2.jpg\",\"contentUrl\":\"https:\/\/www.ifi-id.com\/wp-content\/uploads\/2021\/01\/Cartographie_RechercheID2.jpg\"},{\"@type\":\"BreadcrumbList\",\"@id\":\"https:\/\/www.ifi-id.com\/kerja-sama-sains-dan-teknologi\/#breadcrumb\",\"itemListElement\":[{\"@type\":\"ListItem\",\"position\":1,\"name\":\"Home\",\"item\":\"https:\/\/www.ifi-id.com\/\"},{\"@type\":\"ListItem\",\"position\":2,\"name\":\"Coop\u00e9ration Scientifique et Technologique\"}]},{\"@type\":\"WebSite\",\"@id\":\"https:\/\/www.ifi-id.com\/#website\",\"url\":\"https:\/\/www.ifi-id.com\/\",\"name\":\"Institut fran\u00e7ais Indon\u00e9sie\",\"description\":\"\",\"publisher\":{\"@id\":\"https:\/\/www.ifi-id.com\/#organization\"},\"potentialAction\":[{\"@type\":\"SearchAction\",\"target\":{\"@type\":\"EntryPoint\",\"urlTemplate\":\"https:\/\/www.ifi-id.com\/?s={search_term_string}\"},\"query-input\":{\"@type\":\"PropertyValueSpecification\",\"valueRequired\":true,\"valueName\":\"search_term_string\"}}],\"inLanguage\":\"fr-FR\"},{\"@type\":\"Organization\",\"@id\":\"https:\/\/www.ifi-id.com\/#organization\",\"name\":\"Institut fran\u00e7ais Indon\u00e9sie\",\"url\":\"https:\/\/www.ifi-id.com\/\",\"logo\":{\"@type\":\"ImageObject\",\"inLanguage\":\"fr-FR\",\"@id\":\"https:\/\/www.ifi-id.com\/#\/schema\/logo\/image\/\",\"url\":\"https:\/\/www.ifi-id.com\/wp-content\/uploads\/2022\/12\/IFI_New_Logo.jpg\",\"contentUrl\":\"https:\/\/www.ifi-id.com\/wp-content\/uploads\/2022\/12\/IFI_New_Logo.jpg\",\"width\":666,\"height\":444,\"caption\":\"Institut fran\u00e7ais Indon\u00e9sie\"},\"image\":{\"@id\":\"https:\/\/www.ifi-id.com\/#\/schema\/logo\/image\/\"}}]}<\/script>\n<!-- \/ Yoast SEO plugin. -->","yoast_head_json":{"title":"Coop\u00e9ration Scientifique et Technologique - Institut fran\u00e7ais Indon\u00e9sie","robots":{"index":"index","follow":"follow","max-snippet":"max-snippet:-1","max-image-preview":"max-image-preview:large","max-video-preview":"max-video-preview:-1"},"canonical":"https:\/\/www.ifi-id.com\/kerja-sama-sains-dan-teknologi\/","og_locale":"fr_FR","og_type":"article","og_title":"Coop\u00e9ration Scientifique et Technologique - Institut fran\u00e7ais Indon\u00e9sie","og_description":"Coop\u00e9ration Scientifique et Technologique https:\/\/www.youtube.com\/watch?v=N-3GZCxnNuo A travers son p\u00f4le de coop\u00e9ration scientifique, l\u2019IFI met en place de nouveaux programmes et structure les actions de coop\u00e9ration de la recherche scientifique franco-indon\u00e9sienne. Cette dynamisation de la coop\u00e9ration scientifique se traduit notamment par\u00a0: La mise en contact et la facilitation des \u00e9changes entre chercheurs, universit\u00e9s et institutions de &hellip; Continuer la lecture de &laquo;&nbsp;Coop\u00e9ration Scientifique et Technologique&nbsp;&raquo;","og_url":"https:\/\/www.ifi-id.com\/kerja-sama-sains-dan-teknologi\/","og_site_name":"Institut fran\u00e7ais Indon\u00e9sie","article_modified_time":"2024-12-02T10:24:30+00:00","og_image":[{"url":"https:\/\/www.ifi-id.com\/wp-content\/uploads\/2021\/01\/Cartographie_RechercheID2.jpg"}],"twitter_card":"summary_large_image","twitter_misc":{"Dur\u00e9e de lecture estim\u00e9e":"2 minutes"},"schema":{"@context":"https:\/\/schema.org","@graph":[{"@type":"WebPage","@id":"https:\/\/www.ifi-id.com\/kerja-sama-sains-dan-teknologi\/","url":"https:\/\/www.ifi-id.com\/kerja-sama-sains-dan-teknologi\/","name":"Coop\u00e9ration Scientifique et Technologique - Institut fran\u00e7ais Indon\u00e9sie","isPartOf":{"@id":"https:\/\/www.ifi-id.com\/#website"},"primaryImageOfPage":{"@id":"https:\/\/www.ifi-id.com\/kerja-sama-sains-dan-teknologi\/#primaryimage"},"image":{"@id":"https:\/\/www.ifi-id.com\/kerja-sama-sains-dan-teknologi\/#primaryimage"},"thumbnailUrl":"https:\/\/www.ifi-id.com\/wp-content\/uploads\/2021\/01\/Cartographie_RechercheID2.jpg","datePublished":"2021-01-14T11:37:22+00:00","dateModified":"2024-12-02T10:24:30+00:00","breadcrumb":{"@id":"https:\/\/www.ifi-id.com\/kerja-sama-sains-dan-teknologi\/#breadcrumb"},"inLanguage":"fr-FR","potentialAction":[{"@type":"ReadAction","target":["https:\/\/www.ifi-id.com\/kerja-sama-sains-dan-teknologi\/"]}]},{"@type":"ImageObject","inLanguage":"fr-FR","@id":"https:\/\/www.ifi-id.com\/kerja-sama-sains-dan-teknologi\/#primaryimage","url":"https:\/\/www.ifi-id.com\/wp-content\/uploads\/2021\/01\/Cartographie_RechercheID2.jpg","contentUrl":"https:\/\/www.ifi-id.com\/wp-content\/uploads\/2021\/01\/Cartographie_RechercheID2.jpg"},{"@type":"BreadcrumbList","@id":"https:\/\/www.ifi-id.com\/kerja-sama-sains-dan-teknologi\/#breadcrumb","itemListElement":[{"@type":"ListItem","position":1,"name":"Home","item":"https:\/\/www.ifi-id.com\/"},{"@type":"ListItem","position":2,"name":"Coop\u00e9ration Scientifique et Technologique"}]},{"@type":"WebSite","@id":"https:\/\/www.ifi-id.com\/#website","url":"https:\/\/www.ifi-id.com\/","name":"Institut fran\u00e7ais Indon\u00e9sie","description":"","publisher":{"@id":"https:\/\/www.ifi-id.com\/#organization"},"potentialAction":[{"@type":"SearchAction","target":{"@type":"EntryPoint","urlTemplate":"https:\/\/www.ifi-id.com\/?s={search_term_string}"},"query-input":{"@type":"PropertyValueSpecification","valueRequired":true,"valueName":"search_term_string"}}],"inLanguage":"fr-FR"},{"@type":"Organization","@id":"https:\/\/www.ifi-id.com\/#organization","name":"Institut fran\u00e7ais Indon\u00e9sie","url":"https:\/\/www.ifi-id.com\/","logo":{"@type":"ImageObject","inLanguage":"fr-FR","@id":"https:\/\/www.ifi-id.com\/#\/schema\/logo\/image\/","url":"https:\/\/www.ifi-id.com\/wp-content\/uploads\/2022\/12\/IFI_New_Logo.jpg","contentUrl":"https:\/\/www.ifi-id.com\/wp-content\/uploads\/2022\/12\/IFI_New_Logo.jpg","width":666,"height":444,"caption":"Institut fran\u00e7ais Indon\u00e9sie"},"image":{"@id":"https:\/\/www.ifi-id.com\/#\/schema\/logo\/image\/"}}]}},"post_mailing_queue_ids":[],"_links":{"self":[{"href":"https:\/\/www.ifi-id.com\/fr\/wp-json\/wp\/v2\/pages\/5880"}],"collection":[{"href":"https:\/\/www.ifi-id.com\/fr\/wp-json\/wp\/v2\/pages"}],"about":[{"href":"https:\/\/www.ifi-id.com\/fr\/wp-json\/wp\/v2\/types\/page"}],"author":[{"embeddable":true,"href":"https:\/\/www.ifi-id.com\/fr\/wp-json\/wp\/v2\/users\/1"}],"replies":[{"embeddable":true,"href":"https:\/\/www.ifi-id.com\/fr\/wp-json\/wp\/v2\/comments?post=5880"}],"version-history":[{"count":47,"href":"https:\/\/www.ifi-id.com\/fr\/wp-json\/wp\/v2\/pages\/5880\/revisions"}],"predecessor-version":[{"id":50710,"href":"https:\/\/www.ifi-id.com\/fr\/wp-json\/wp\/v2\/pages\/5880\/revisions\/50710"}],"wp:attachment":[{"href":"https:\/\/www.ifi-id.com\/fr\/wp-json\/wp\/v2\/media?parent=5880"}],"curies":[{"name":"wp","href":"https:\/\/api.w.org\/{rel}","templated":true}]}}