{"id":58630,"date":"2025-10-21T18:28:36","date_gmt":"2025-10-21T11:28:36","guid":{"rendered":"https:\/\/www.ifi-id.com\/carte-membre-ifi\/le-meridien-jakarta\/"},"modified":"2025-10-21T18:28:37","modified_gmt":"2025-10-21T11:28:37","slug":"le-meridien-jakarta","status":"publish","type":"page","link":"https:\/\/www.ifi-id.com\/fr\/carte-membre-ifi\/le-meridien-jakarta\/","title":{"rendered":"Le M\u00e9ridien Jakarta"},"content":{"rendered":"\t\t<div data-elementor-type=\"wp-page\" data-elementor-id=\"58630\" class=\"elementor elementor-58630 elementor-58602\" data-elementor-post-type=\"page\">\n\t\t\t\t\t\t<section class=\"elementor-section elementor-top-section elementor-element elementor-element-5d58e9ce elementor-section-boxed elementor-section-height-default elementor-section-height-default\" data-id=\"5d58e9ce\" data-element_type=\"section\">\n\t\t\t\t\t\t<div class=\"elementor-container elementor-column-gap-default\">\n\t\t\t\t\t<div class=\"elementor-column elementor-col-100 elementor-top-column elementor-element elementor-element-3b7303e8\" data-id=\"3b7303e8\" data-element_type=\"column\">\n\t\t\t<div class=\"elementor-widget-wrap elementor-element-populated\">\n\t\t\t\t\t\t<div class=\"elementor-element elementor-element-2496a6fd elementor-hidden-mobile elementor-widget elementor-widget-heading\" data-id=\"2496a6fd\" data-element_type=\"widget\" data-widget_type=\"heading.default\">\n\t\t\t\t<div class=\"elementor-widget-container\">\n\t\t\t<h2 class=\"elementor-heading-title elementor-size-default\">Le M\u00e9ridien Jakarta<\/h2>\t\t<\/div>\n\t\t\t\t<\/div>\n\t\t\t\t\t<\/div>\n\t\t<\/div>\n\t\t\t\t\t<\/div>\n\t\t<\/section>\n\t\t\t\t<section class=\"elementor-section elementor-top-section elementor-element elementor-element-65de68dd elementor-section-boxed elementor-section-height-default elementor-section-height-default\" data-id=\"65de68dd\" data-element_type=\"section\">\n\t\t\t\t\t\t<div class=\"elementor-container elementor-column-gap-default\">\n\t\t\t\t\t<div class=\"elementor-column elementor-col-100 elementor-top-column elementor-element elementor-element-4f032741\" data-id=\"4f032741\" data-element_type=\"column\">\n\t\t\t<div class=\"elementor-widget-wrap elementor-element-populated\">\n\t\t\t\t\t\t<div class=\"elementor-element elementor-element-4ab4e6b9 elementor-hidden-desktop elementor-hidden-tablet elementor-widget elementor-widget-heading\" data-id=\"4ab4e6b9\" data-element_type=\"widget\" data-widget_type=\"heading.default\">\n\t\t\t\t<div class=\"elementor-widget-container\">\n\t\t\t<h1 class=\"elementor-heading-title elementor-size-default\">Le M\u00e9ridien Jakarta<\/h1>\t\t<\/div>\n\t\t\t\t<\/div>\n\t\t\t\t\t<\/div>\n\t\t<\/div>\n\t\t\t\t\t<\/div>\n\t\t<\/section>\n\t\t\t\t<section class=\"elementor-section elementor-top-section elementor-element elementor-element-23cce7c0 elementor-section-boxed elementor-section-height-default elementor-section-height-default\" data-id=\"23cce7c0\" data-element_type=\"section\">\n\t\t\t\t\t\t<div class=\"elementor-container elementor-column-gap-default\">\n\t\t\t\t\t<div class=\"elementor-column elementor-col-100 elementor-top-column elementor-element elementor-element-576920a1\" data-id=\"576920a1\" data-element_type=\"column\">\n\t\t\t<div class=\"elementor-widget-wrap elementor-element-populated\">\n\t\t\t\t\t\t<div class=\"elementor-element elementor-element-4461471c elementor-arrows-position-inside elementor-pagination-position-outside elementor-widget elementor-widget-image-carousel\" data-id=\"4461471c\" data-element_type=\"widget\" data-settings=\"{&quot;slides_to_show&quot;:&quot;2&quot;,&quot;slides_to_scroll&quot;:&quot;2&quot;,&quot;navigation&quot;:&quot;both&quot;,&quot;autoplay&quot;:&quot;yes&quot;,&quot;pause_on_hover&quot;:&quot;yes&quot;,&quot;pause_on_interaction&quot;:&quot;yes&quot;,&quot;autoplay_speed&quot;:5000,&quot;infinite&quot;:&quot;yes&quot;,&quot;speed&quot;:500}\" data-widget_type=\"image-carousel.default\">\n\t\t\t\t<div class=\"elementor-widget-container\">\n\t\t\t\t\t<div class=\"elementor-image-carousel-wrapper swiper\" dir=\"ltr\">\n\t\t\t<div class=\"elementor-image-carousel swiper-wrapper\" aria-live=\"off\">\n\t\t\t\t\t\t\t\t<div class=\"swiper-slide\" role=\"group\" aria-roledescription=\"slide\" aria-label=\"1 sur 10\"><figure class=\"swiper-slide-inner\"><img decoding=\"async\" class=\"swiper-slide-image\" src=\"https:\/\/www.ifi-id.com\/wp-content\/uploads\/2025\/10\/Le-Meridien_0010_Nonama.jpg\" alt=\"Le Meridien_0010_Nonama\" \/><\/figure><\/div><div class=\"swiper-slide\" role=\"group\" aria-roledescription=\"slide\" aria-label=\"2 sur 10\"><figure class=\"swiper-slide-inner\"><img decoding=\"async\" class=\"swiper-slide-image\" src=\"https:\/\/www.ifi-id.com\/wp-content\/uploads\/2025\/10\/Le-Meridien_0008_Al-Nafoura.jpg\" alt=\"Le Meridien_0008_Al Nafoura\" \/><\/figure><\/div><div class=\"swiper-slide\" role=\"group\" aria-roledescription=\"slide\" aria-label=\"3 sur 10\"><figure class=\"swiper-slide-inner\"><img decoding=\"async\" class=\"swiper-slide-image\" src=\"https:\/\/www.ifi-id.com\/wp-content\/uploads\/2025\/10\/Le-Meridien_0007_Handi-logo-in-the-website.jpg\" alt=\"Le Meridien_0007_Handi (logo in the website)\" \/><\/figure><\/div><div class=\"swiper-slide\" role=\"group\" aria-roledescription=\"slide\" aria-label=\"4 sur 10\"><figure class=\"swiper-slide-inner\"><img decoding=\"async\" class=\"swiper-slide-image\" src=\"https:\/\/www.ifi-id.com\/wp-content\/uploads\/2025\/10\/Le-Meridien_0006_Handi.jpg\" alt=\"Le Meridien_0006_Handi\" \/><\/figure><\/div><div class=\"swiper-slide\" role=\"group\" aria-roledescription=\"slide\" aria-label=\"5 sur 10\"><figure class=\"swiper-slide-inner\"><img decoding=\"async\" class=\"swiper-slide-image\" src=\"https:\/\/www.ifi-id.com\/wp-content\/uploads\/2025\/10\/Le-Meridien_0005_La-Boutique-Gourmande-logo-in-the-website.jpg\" alt=\"Le Meridien_0005_La Boutique Gourmande (logo in the website)\" \/><\/figure><\/div><div class=\"swiper-slide\" role=\"group\" aria-roledescription=\"slide\" aria-label=\"6 sur 10\"><figure class=\"swiper-slide-inner\"><img decoding=\"async\" class=\"swiper-slide-image\" src=\"https:\/\/www.ifi-id.com\/wp-content\/uploads\/2025\/10\/Le-Meridien_0004_La-Boutique-Gourmande.jpg\" alt=\"Le Meridien_0004_La Boutique Gourmande\" \/><\/figure><\/div><div class=\"swiper-slide\" role=\"group\" aria-roledescription=\"slide\" aria-label=\"7 sur 10\"><figure class=\"swiper-slide-inner\"><img decoding=\"async\" class=\"swiper-slide-image\" src=\"https:\/\/www.ifi-id.com\/wp-content\/uploads\/2025\/10\/Le-Meridien_0003_La-Brasserie-logo-in-the-website.jpg\" alt=\"Le Meridien_0003_La Brasserie (logo in the website)\" \/><\/figure><\/div><div class=\"swiper-slide\" role=\"group\" aria-roledescription=\"slide\" aria-label=\"8 sur 10\"><figure class=\"swiper-slide-inner\"><img decoding=\"async\" class=\"swiper-slide-image\" src=\"https:\/\/www.ifi-id.com\/wp-content\/uploads\/2025\/10\/Le-Meridien_0002_La-Brasserie.jpg\" alt=\"Le Meridien_0002_La Brasserie\" \/><\/figure><\/div><div class=\"swiper-slide\" role=\"group\" aria-roledescription=\"slide\" aria-label=\"9 sur 10\"><figure class=\"swiper-slide-inner\"><img decoding=\"async\" class=\"swiper-slide-image\" src=\"https:\/\/www.ifi-id.com\/wp-content\/uploads\/2025\/10\/Le-Meridien_0000_No-Na-Ma-logo-in-the-website.jpg\" alt=\"Le Meridien_0000_No Na Ma (logo in the website)\" \/><\/figure><\/div><div class=\"swiper-slide\" role=\"group\" aria-roledescription=\"slide\" aria-label=\"10 sur 10\"><figure class=\"swiper-slide-inner\"><img decoding=\"async\" class=\"swiper-slide-image\" src=\"https:\/\/www.ifi-id.com\/wp-content\/uploads\/2025\/10\/Le-Meridien_0010_Nonama.jpg\" alt=\"Le Meridien_0010_Nonama\" \/><\/figure><\/div>\t\t\t<\/div>\n\t\t\t\t\t\t\t\t\t\t\t\t<div class=\"elementor-swiper-button elementor-swiper-button-prev\" role=\"button\" tabindex=\"0\">\n\t\t\t\t\t\t<i aria-hidden=\"true\" class=\"eicon-chevron-left\"><\/i>\t\t\t\t\t<\/div>\n\t\t\t\t\t<div class=\"elementor-swiper-button elementor-swiper-button-next\" role=\"button\" tabindex=\"0\">\n\t\t\t\t\t\t<i aria-hidden=\"true\" class=\"eicon-chevron-right\"><\/i>\t\t\t\t\t<\/div>\n\t\t\t\t\n\t\t\t\t\t\t\t\t\t<div class=\"swiper-pagination\"><\/div>\n\t\t\t\t\t\t\t\t\t<\/div>\n\t\t\t\t<\/div>\n\t\t\t\t<\/div>\n\t\t\t\t\t<\/div>\n\t\t<\/div>\n\t\t\t\t\t<\/div>\n\t\t<\/section>\n\t\t\t\t<section class=\"elementor-section elementor-top-section elementor-element elementor-element-53d305b5 elementor-section-boxed elementor-section-height-default elementor-section-height-default\" data-id=\"53d305b5\" data-element_type=\"section\">\n\t\t\t\t\t\t<div class=\"elementor-container elementor-column-gap-default\">\n\t\t\t\t\t<div class=\"elementor-column elementor-col-100 elementor-top-column elementor-element elementor-element-1847f3da\" data-id=\"1847f3da\" data-element_type=\"column\">\n\t\t\t<div class=\"elementor-widget-wrap elementor-element-populated\">\n\t\t\t\t\t\t<div class=\"elementor-element elementor-element-30915af5 elementor-widget elementor-widget-text-editor\" data-id=\"30915af5\" data-element_type=\"widget\" data-widget_type=\"text-editor.default\">\n\t\t\t\t<div class=\"elementor-widget-container\">\n\t\t\t\t\t\t\t<p>Le M\u00e9ridien Jakarta, situ\u00e9 au c\u0153ur de la capitale, Jakarta, propose une exp\u00e9rience culinaire vari\u00e9e \u00e0 travers cinq restaurants distincts. Chaque restaurant offre un voyage gastronomique unique, allant de <strong>La Brasserie (restaurant ouvert toute la journ\u00e9e), Al Nafoura (libanais), No Na Ma (japonais), Handi (indien),<\/strong> jusqu&rsquo;\u00e0 <strong>La Boutique Gourmande<\/strong>.<\/p>\n<p><strong>Les avantages pour les membres de l\u2019IFI :<\/strong><\/p>\n<ol>\n<li>Remise sp\u00e9ciale de 15 % sur le menu \u00e0 la carte (alcool compris) dans les restaurants suivants : Handi, No Na Ma, La Boutique Gourmande et Al Nafoura, sur pr\u00e9sentation de la carte de membre IFI.<\/li>\n<li>Prix sp\u00e9cial de 300 000 IDR net\/personne pour le buffet La Brasserie, sur pr\u00e9sentation de la carte de membre IFI, sous r\u00e9serve des conditions suivantes :\n<ul>\n<li>Valable pour le d\u00e9jeuner et le d\u00eener tous les samedis et dimanches, non valable \u00e0 certaines dates telles que : la veille et le jour du Nouvel An chinois, le d\u00eener de la Saint-Valentin, le brunch de P\u00e2ques, le brunch de la f\u00eate des m\u00e8res, l&rsquo;A\u00efd al-Fitr (premier et deuxi\u00e8me jours), la veille de No\u00ebl, le jour de No\u00ebl, la veille du Nouvel An et le jour du Nouvel An.<\/li>\n<li>Une carte est valable pour deux personnes, et cette promotion s&rsquo;applique aux deux personnes pour une seule transaction.<\/li>\n<li>Les titulaires de la carte peuvent r\u00e9server \u00e0 l&rsquo;avance ou se pr\u00e9senter directement.<\/li>\n<li>Les r\u00e9servations peuvent \u00eatre effectu\u00e9es par t\u00e9l\u00e9phone au +62 2513131 ou par Whatsapp au +62215711577.<\/li>\n<li>Cette promotion ne peut \u00eatre cumul\u00e9e avec d&rsquo;autres offres ou promotions.<\/li>\n<li>Valable uniquement pour les repas sur place (dine-in).<\/li>\n<\/ul>\n<\/li>\n<li>Remise de 15 % sur les produits de boulangerie, les g\u00e2teaux entiers, les parts de g\u00e2teaux et les boissons \u00e0 La Boutique Gourmande.<\/li>\n<li>Offre sp\u00e9ciale \u00ab 1 achet\u00e9, 1 gratuit \u00bb sur les produits autres que les g\u00e2teaux et le pain, disponible tous les jours de 19 h \u00e0 21 h.<\/li>\n<\/ol>\n\t\t\t\t\t\t<\/div>\n\t\t\t\t<\/div>\n\t\t\t\t\t<\/div>\n\t\t<\/div>\n\t\t\t\t\t<\/div>\n\t\t<\/section>\n\t\t\t\t<section class=\"elementor-section elementor-top-section elementor-element elementor-element-3a8cb102 elementor-section-boxed elementor-section-height-default elementor-section-height-default\" data-id=\"3a8cb102\" data-element_type=\"section\">\n\t\t\t\t\t\t<div class=\"elementor-container elementor-column-gap-default\">\n\t\t\t\t\t<div class=\"elementor-column elementor-col-100 elementor-top-column elementor-element elementor-element-62fc2c5\" data-id=\"62fc2c5\" data-element_type=\"column\">\n\t\t\t<div class=\"elementor-widget-wrap elementor-element-populated\">\n\t\t\t\t\t\t<div class=\"elementor-element elementor-element-606b3088 elementor-widget elementor-widget-heading\" data-id=\"606b3088\" data-element_type=\"widget\" data-widget_type=\"heading.default\">\n\t\t\t\t<div class=\"elementor-widget-container\">\n\t\t\t<h2 class=\"elementor-heading-title elementor-size-default\">Adresse<\/h2>\t\t<\/div>\n\t\t\t\t<\/div>\n\t\t\t\t\t<\/div>\n\t\t<\/div>\n\t\t\t\t\t<\/div>\n\t\t<\/section>\n\t\t\t\t<section class=\"elementor-section elementor-top-section elementor-element elementor-element-4d06864f elementor-section-boxed elementor-section-height-default elementor-section-height-default\" data-id=\"4d06864f\" data-element_type=\"section\">\n\t\t\t\t\t\t<div class=\"elementor-container elementor-column-gap-default\">\n\t\t\t\t\t<div class=\"elementor-column elementor-col-100 elementor-top-column elementor-element elementor-element-7bb43d1b\" data-id=\"7bb43d1b\" data-element_type=\"column\">\n\t\t\t<div class=\"elementor-widget-wrap elementor-element-populated\">\n\t\t\t\t\t\t<div class=\"elementor-element elementor-element-5e7c3325 elementor-widget elementor-widget-html\" data-id=\"5e7c3325\" data-element_type=\"widget\" data-widget_type=\"html.default\">\n\t\t\t\t<div class=\"elementor-widget-container\">\n\t\t\t<iframe src=\"https:\/\/www.google.com\/maps\/embed?pb=!1m18!1m12!1m3!1d3966.381121061749!2d106.81611821131567!3d-6.213363360835049!2m3!1f0!2f0!3f0!3m2!1i1024!2i768!4f13.1!3m3!1m2!1s0x2e69f401eeca60a1%3A0x55eb45582dbe31ac!2sLe%20Meridien%20Jakarta!5e0!3m2!1sen!2sid!4v1761046059095!5m2!1sen!2sid\" width=\"400\" height=\"300\" style=\"border:0;\" allowfullscreen=\"\" loading=\"lazy\" referrerpolicy=\"no-referrer-when-downgrade\"><\/iframe>\t\t<\/div>\n\t\t\t\t<\/div>\n\t\t\t\t\t<\/div>\n\t\t<\/div>\n\t\t\t\t\t<\/div>\n\t\t<\/section>\n\t\t\t\t<\/div>\n\t\t","protected":false},"excerpt":{"rendered":"<p>Le M\u00e9ridien Jakarta Le M\u00e9ridien Jakarta Le M\u00e9ridien Jakarta, situ\u00e9 au c\u0153ur de la capitale, Jakarta, propose une exp\u00e9rience culinaire vari\u00e9e \u00e0 travers cinq restaurants distincts. Chaque restaurant offre un voyage gastronomique unique, allant de La Brasserie (restaurant ouvert toute la journ\u00e9e), Al Nafoura (libanais), No Na Ma (japonais), Handi (indien), jusqu&rsquo;\u00e0 La Boutique Gourmande. &hellip; <\/p>\n<p class=\"link-more\"><a href=\"https:\/\/www.ifi-id.com\/fr\/carte-membre-ifi\/le-meridien-jakarta\/\" class=\"more-link\">Continuer la lecture<span class=\"screen-reader-text\"> de &laquo;&nbsp;Le M\u00e9ridien Jakarta&nbsp;&raquo;<\/span><\/a><\/p>\n","protected":false},"author":8,"featured_media":58604,"parent":52305,"menu_order":0,"comment_status":"closed","ping_status":"closed","template":"elementor_header_footer","meta":{"footnotes":""},"class_list":["post-58630","page","type-page","status-publish","has-post-thumbnail","hentry"],"yoast_head":"<!-- This site is optimized with the Yoast SEO plugin v23.5 - https:\/\/yoast.com\/wordpress\/plugins\/seo\/ -->\n<title>Le M\u00e9ridien Jakarta - Institut fran\u00e7ais Indon\u00e9sie<\/title>\n<meta name=\"robots\" content=\"index, follow, max-snippet:-1, max-image-preview:large, max-video-preview:-1\" \/>\n<link rel=\"canonical\" href=\"https:\/\/www.ifi-id.com\/kartu-keanggotaan-ifi\/le-meridien-jakarta\/\" \/>\n<meta property=\"og:locale\" content=\"fr_FR\" \/>\n<meta property=\"og:type\" content=\"article\" \/>\n<meta property=\"og:title\" content=\"Le M\u00e9ridien Jakarta - Institut fran\u00e7ais Indon\u00e9sie\" \/>\n<meta property=\"og:description\" content=\"Le M\u00e9ridien Jakarta Le M\u00e9ridien Jakarta Le M\u00e9ridien Jakarta, situ\u00e9 au c\u0153ur de la capitale, Jakarta, propose une exp\u00e9rience culinaire vari\u00e9e \u00e0 travers cinq restaurants distincts. Chaque restaurant offre un voyage gastronomique unique, allant de La Brasserie (restaurant ouvert toute la journ\u00e9e), Al Nafoura (libanais), No Na Ma (japonais), Handi (indien), jusqu&rsquo;\u00e0 La Boutique Gourmande. &hellip; Continuer la lecture de &laquo;&nbsp;Le M\u00e9ridien Jakarta&nbsp;&raquo;\" \/>\n<meta property=\"og:url\" content=\"https:\/\/www.ifi-id.com\/kartu-keanggotaan-ifi\/le-meridien-jakarta\/\" \/>\n<meta property=\"og:site_name\" content=\"Institut fran\u00e7ais Indon\u00e9sie\" \/>\n<meta property=\"article:modified_time\" content=\"2025-10-21T11:28:37+00:00\" \/>\n<meta property=\"og:image\" content=\"https:\/\/www.ifi-id.com\/wp-content\/uploads\/2025\/10\/Le-Meridien_0001_LE-MERIDIEN-JAKARTA-LOGO-BLACK-01.jpg\" \/>\n\t<meta property=\"og:image:width\" content=\"1280\" \/>\n\t<meta property=\"og:image:height\" content=\"720\" \/>\n\t<meta property=\"og:image:type\" content=\"image\/jpeg\" \/>\n<meta name=\"twitter:card\" content=\"summary_large_image\" \/>\n<meta name=\"twitter:label1\" content=\"Dur\u00e9e de lecture estim\u00e9e\" \/>\n\t<meta name=\"twitter:data1\" content=\"2 minutes\" \/>\n<script type=\"application\/ld+json\" class=\"yoast-schema-graph\">{\"@context\":\"https:\/\/schema.org\",\"@graph\":[{\"@type\":\"WebPage\",\"@id\":\"https:\/\/www.ifi-id.com\/kartu-keanggotaan-ifi\/le-meridien-jakarta\/\",\"url\":\"https:\/\/www.ifi-id.com\/kartu-keanggotaan-ifi\/le-meridien-jakarta\/\",\"name\":\"Le M\u00e9ridien Jakarta - Institut fran\u00e7ais Indon\u00e9sie\",\"isPartOf\":{\"@id\":\"https:\/\/www.ifi-id.com\/#website\"},\"primaryImageOfPage\":{\"@id\":\"https:\/\/www.ifi-id.com\/kartu-keanggotaan-ifi\/le-meridien-jakarta\/#primaryimage\"},\"image\":{\"@id\":\"https:\/\/www.ifi-id.com\/kartu-keanggotaan-ifi\/le-meridien-jakarta\/#primaryimage\"},\"thumbnailUrl\":\"https:\/\/www.ifi-id.com\/wp-content\/uploads\/2025\/10\/Le-Meridien_0001_LE-MERIDIEN-JAKARTA-LOGO-BLACK-01.jpg\",\"datePublished\":\"2025-10-21T11:28:36+00:00\",\"dateModified\":\"2025-10-21T11:28:37+00:00\",\"breadcrumb\":{\"@id\":\"https:\/\/www.ifi-id.com\/kartu-keanggotaan-ifi\/le-meridien-jakarta\/#breadcrumb\"},\"inLanguage\":\"fr-FR\",\"potentialAction\":[{\"@type\":\"ReadAction\",\"target\":[\"https:\/\/www.ifi-id.com\/kartu-keanggotaan-ifi\/le-meridien-jakarta\/\"]}]},{\"@type\":\"ImageObject\",\"inLanguage\":\"fr-FR\",\"@id\":\"https:\/\/www.ifi-id.com\/kartu-keanggotaan-ifi\/le-meridien-jakarta\/#primaryimage\",\"url\":\"https:\/\/www.ifi-id.com\/wp-content\/uploads\/2025\/10\/Le-Meridien_0001_LE-MERIDIEN-JAKARTA-LOGO-BLACK-01.jpg\",\"contentUrl\":\"https:\/\/www.ifi-id.com\/wp-content\/uploads\/2025\/10\/Le-Meridien_0001_LE-MERIDIEN-JAKARTA-LOGO-BLACK-01.jpg\",\"width\":1280,\"height\":720},{\"@type\":\"BreadcrumbList\",\"@id\":\"https:\/\/www.ifi-id.com\/kartu-keanggotaan-ifi\/le-meridien-jakarta\/#breadcrumb\",\"itemListElement\":[{\"@type\":\"ListItem\",\"position\":1,\"name\":\"Home\",\"item\":\"https:\/\/www.ifi-id.com\/\"},{\"@type\":\"ListItem\",\"position\":2,\"name\":\"Carte membre IFI\",\"item\":\"https:\/\/www.ifi-id.com\/kartu-keanggotaan-ifi\/\"},{\"@type\":\"ListItem\",\"position\":3,\"name\":\"Le M\u00e9ridien Jakarta\"}]},{\"@type\":\"WebSite\",\"@id\":\"https:\/\/www.ifi-id.com\/#website\",\"url\":\"https:\/\/www.ifi-id.com\/\",\"name\":\"Institut fran\u00e7ais Indon\u00e9sie\",\"description\":\"\",\"publisher\":{\"@id\":\"https:\/\/www.ifi-id.com\/#organization\"},\"potentialAction\":[{\"@type\":\"SearchAction\",\"target\":{\"@type\":\"EntryPoint\",\"urlTemplate\":\"https:\/\/www.ifi-id.com\/?s={search_term_string}\"},\"query-input\":{\"@type\":\"PropertyValueSpecification\",\"valueRequired\":true,\"valueName\":\"search_term_string\"}}],\"inLanguage\":\"fr-FR\"},{\"@type\":\"Organization\",\"@id\":\"https:\/\/www.ifi-id.com\/#organization\",\"name\":\"Institut fran\u00e7ais Indon\u00e9sie\",\"url\":\"https:\/\/www.ifi-id.com\/\",\"logo\":{\"@type\":\"ImageObject\",\"inLanguage\":\"fr-FR\",\"@id\":\"https:\/\/www.ifi-id.com\/#\/schema\/logo\/image\/\",\"url\":\"https:\/\/www.ifi-id.com\/wp-content\/uploads\/2022\/12\/IFI_New_Logo.jpg\",\"contentUrl\":\"https:\/\/www.ifi-id.com\/wp-content\/uploads\/2022\/12\/IFI_New_Logo.jpg\",\"width\":666,\"height\":444,\"caption\":\"Institut fran\u00e7ais Indon\u00e9sie\"},\"image\":{\"@id\":\"https:\/\/www.ifi-id.com\/#\/schema\/logo\/image\/\"}}]}<\/script>\n<!-- \/ Yoast SEO plugin. -->","yoast_head_json":{"title":"Le M\u00e9ridien Jakarta - Institut fran\u00e7ais Indon\u00e9sie","robots":{"index":"index","follow":"follow","max-snippet":"max-snippet:-1","max-image-preview":"max-image-preview:large","max-video-preview":"max-video-preview:-1"},"canonical":"https:\/\/www.ifi-id.com\/kartu-keanggotaan-ifi\/le-meridien-jakarta\/","og_locale":"fr_FR","og_type":"article","og_title":"Le M\u00e9ridien Jakarta - Institut fran\u00e7ais Indon\u00e9sie","og_description":"Le M\u00e9ridien Jakarta Le M\u00e9ridien Jakarta Le M\u00e9ridien Jakarta, situ\u00e9 au c\u0153ur de la capitale, Jakarta, propose une exp\u00e9rience culinaire vari\u00e9e \u00e0 travers cinq restaurants distincts. Chaque restaurant offre un voyage gastronomique unique, allant de La Brasserie (restaurant ouvert toute la journ\u00e9e), Al Nafoura (libanais), No Na Ma (japonais), Handi (indien), jusqu&rsquo;\u00e0 La Boutique Gourmande. &hellip; Continuer la lecture de &laquo;&nbsp;Le M\u00e9ridien Jakarta&nbsp;&raquo;","og_url":"https:\/\/www.ifi-id.com\/kartu-keanggotaan-ifi\/le-meridien-jakarta\/","og_site_name":"Institut fran\u00e7ais Indon\u00e9sie","article_modified_time":"2025-10-21T11:28:37+00:00","og_image":[{"width":1280,"height":720,"url":"https:\/\/www.ifi-id.com\/wp-content\/uploads\/2025\/10\/Le-Meridien_0001_LE-MERIDIEN-JAKARTA-LOGO-BLACK-01.jpg","type":"image\/jpeg"}],"twitter_card":"summary_large_image","twitter_misc":{"Dur\u00e9e de lecture estim\u00e9e":"2 minutes"},"schema":{"@context":"https:\/\/schema.org","@graph":[{"@type":"WebPage","@id":"https:\/\/www.ifi-id.com\/kartu-keanggotaan-ifi\/le-meridien-jakarta\/","url":"https:\/\/www.ifi-id.com\/kartu-keanggotaan-ifi\/le-meridien-jakarta\/","name":"Le M\u00e9ridien Jakarta - Institut fran\u00e7ais Indon\u00e9sie","isPartOf":{"@id":"https:\/\/www.ifi-id.com\/#website"},"primaryImageOfPage":{"@id":"https:\/\/www.ifi-id.com\/kartu-keanggotaan-ifi\/le-meridien-jakarta\/#primaryimage"},"image":{"@id":"https:\/\/www.ifi-id.com\/kartu-keanggotaan-ifi\/le-meridien-jakarta\/#primaryimage"},"thumbnailUrl":"https:\/\/www.ifi-id.com\/wp-content\/uploads\/2025\/10\/Le-Meridien_0001_LE-MERIDIEN-JAKARTA-LOGO-BLACK-01.jpg","datePublished":"2025-10-21T11:28:36+00:00","dateModified":"2025-10-21T11:28:37+00:00","breadcrumb":{"@id":"https:\/\/www.ifi-id.com\/kartu-keanggotaan-ifi\/le-meridien-jakarta\/#breadcrumb"},"inLanguage":"fr-FR","potentialAction":[{"@type":"ReadAction","target":["https:\/\/www.ifi-id.com\/kartu-keanggotaan-ifi\/le-meridien-jakarta\/"]}]},{"@type":"ImageObject","inLanguage":"fr-FR","@id":"https:\/\/www.ifi-id.com\/kartu-keanggotaan-ifi\/le-meridien-jakarta\/#primaryimage","url":"https:\/\/www.ifi-id.com\/wp-content\/uploads\/2025\/10\/Le-Meridien_0001_LE-MERIDIEN-JAKARTA-LOGO-BLACK-01.jpg","contentUrl":"https:\/\/www.ifi-id.com\/wp-content\/uploads\/2025\/10\/Le-Meridien_0001_LE-MERIDIEN-JAKARTA-LOGO-BLACK-01.jpg","width":1280,"height":720},{"@type":"BreadcrumbList","@id":"https:\/\/www.ifi-id.com\/kartu-keanggotaan-ifi\/le-meridien-jakarta\/#breadcrumb","itemListElement":[{"@type":"ListItem","position":1,"name":"Home","item":"https:\/\/www.ifi-id.com\/"},{"@type":"ListItem","position":2,"name":"Carte membre IFI","item":"https:\/\/www.ifi-id.com\/kartu-keanggotaan-ifi\/"},{"@type":"ListItem","position":3,"name":"Le M\u00e9ridien Jakarta"}]},{"@type":"WebSite","@id":"https:\/\/www.ifi-id.com\/#website","url":"https:\/\/www.ifi-id.com\/","name":"Institut fran\u00e7ais Indon\u00e9sie","description":"","publisher":{"@id":"https:\/\/www.ifi-id.com\/#organization"},"potentialAction":[{"@type":"SearchAction","target":{"@type":"EntryPoint","urlTemplate":"https:\/\/www.ifi-id.com\/?s={search_term_string}"},"query-input":{"@type":"PropertyValueSpecification","valueRequired":true,"valueName":"search_term_string"}}],"inLanguage":"fr-FR"},{"@type":"Organization","@id":"https:\/\/www.ifi-id.com\/#organization","name":"Institut fran\u00e7ais Indon\u00e9sie","url":"https:\/\/www.ifi-id.com\/","logo":{"@type":"ImageObject","inLanguage":"fr-FR","@id":"https:\/\/www.ifi-id.com\/#\/schema\/logo\/image\/","url":"https:\/\/www.ifi-id.com\/wp-content\/uploads\/2022\/12\/IFI_New_Logo.jpg","contentUrl":"https:\/\/www.ifi-id.com\/wp-content\/uploads\/2022\/12\/IFI_New_Logo.jpg","width":666,"height":444,"caption":"Institut fran\u00e7ais Indon\u00e9sie"},"image":{"@id":"https:\/\/www.ifi-id.com\/#\/schema\/logo\/image\/"}}]}},"post_mailing_queue_ids":[],"_links":{"self":[{"href":"https:\/\/www.ifi-id.com\/fr\/wp-json\/wp\/v2\/pages\/58630"}],"collection":[{"href":"https:\/\/www.ifi-id.com\/fr\/wp-json\/wp\/v2\/pages"}],"about":[{"href":"https:\/\/www.ifi-id.com\/fr\/wp-json\/wp\/v2\/types\/page"}],"author":[{"embeddable":true,"href":"https:\/\/www.ifi-id.com\/fr\/wp-json\/wp\/v2\/users\/8"}],"replies":[{"embeddable":true,"href":"https:\/\/www.ifi-id.com\/fr\/wp-json\/wp\/v2\/comments?post=58630"}],"version-history":[{"count":1,"href":"https:\/\/www.ifi-id.com\/fr\/wp-json\/wp\/v2\/pages\/58630\/revisions"}],"predecessor-version":[{"id":58631,"href":"https:\/\/www.ifi-id.com\/fr\/wp-json\/wp\/v2\/pages\/58630\/revisions\/58631"}],"up":[{"embeddable":true,"href":"https:\/\/www.ifi-id.com\/fr\/wp-json\/wp\/v2\/pages\/52305"}],"wp:featuredmedia":[{"embeddable":true,"href":"https:\/\/www.ifi-id.com\/fr\/wp-json\/wp\/v2\/media\/58604"}],"wp:attachment":[{"href":"https:\/\/www.ifi-id.com\/fr\/wp-json\/wp\/v2\/media?parent=58630"}],"curies":[{"name":"wp","href":"https:\/\/api.w.org\/{rel}","templated":true}]}}