{"id":5863,"date":"2021-01-14T11:21:13","date_gmt":"2021-01-14T11:21:13","guid":{"rendered":"https:\/\/ifi.lab.virus.co.id\/?page_id=5863"},"modified":"2021-01-14T11:22:18","modified_gmt":"2021-01-14T11:22:18","slug":"portraits","status":"publish","type":"page","link":"https:\/\/www.ifi-id.com\/fr\/portraits\/","title":{"rendered":"Portraits"},"content":{"rendered":"\t\t<div data-elementor-type=\"wp-page\" data-elementor-id=\"5863\" class=\"elementor elementor-5863 elementor-4987\" data-elementor-post-type=\"page\">\n\t\t\t\t\t\t<section class=\"elementor-section elementor-top-section elementor-element elementor-element-9ab504d elementor-section-boxed elementor-section-height-default elementor-section-height-default\" data-id=\"9ab504d\" data-element_type=\"section\">\n\t\t\t\t\t\t<div class=\"elementor-container elementor-column-gap-default\">\n\t\t\t\t\t<div class=\"elementor-column elementor-col-100 elementor-top-column elementor-element elementor-element-4ebb0400\" data-id=\"4ebb0400\" data-element_type=\"column\">\n\t\t\t<div class=\"elementor-widget-wrap elementor-element-populated\">\n\t\t\t\t\t\t<div class=\"elementor-element elementor-element-6e5e4935 elementor-widget elementor-widget-heading\" data-id=\"6e5e4935\" data-element_type=\"widget\" data-widget_type=\"heading.default\">\n\t\t\t\t<div class=\"elementor-widget-container\">\n\t\t\t<h2 class=\"elementor-heading-title elementor-size-default\">Portraits<\/h2>\t\t<\/div>\n\t\t\t\t<\/div>\n\t\t\t\t\t<\/div>\n\t\t<\/div>\n\t\t\t\t\t<\/div>\n\t\t<\/section>\n\t\t\t\t<section class=\"elementor-section elementor-top-section elementor-element elementor-element-4b25bc51 elementor-section-boxed elementor-section-height-default elementor-section-height-default\" data-id=\"4b25bc51\" data-element_type=\"section\">\n\t\t\t\t\t\t<div class=\"elementor-container elementor-column-gap-default\">\n\t\t\t\t\t<div class=\"elementor-column elementor-col-100 elementor-top-column elementor-element elementor-element-5647d343\" data-id=\"5647d343\" data-element_type=\"column\">\n\t\t\t<div class=\"elementor-widget-wrap elementor-element-populated\">\n\t\t\t\t\t\t<div class=\"elementor-element elementor-element-4b53db69 elementor-grid-3 elementor-grid-tablet-2 elementor-grid-mobile-1 elementor-posts--thumbnail-top elementor-card-shadow-yes elementor-posts__hover-gradient elementor-widget elementor-widget-posts\" data-id=\"4b53db69\" data-element_type=\"widget\" data-settings=\"{&quot;pagination_type&quot;:&quot;numbers_and_prev_next&quot;,&quot;cards_columns&quot;:&quot;3&quot;,&quot;cards_columns_tablet&quot;:&quot;2&quot;,&quot;cards_columns_mobile&quot;:&quot;1&quot;,&quot;cards_row_gap&quot;:{&quot;unit&quot;:&quot;px&quot;,&quot;size&quot;:35,&quot;sizes&quot;:[]},&quot;cards_row_gap_tablet&quot;:{&quot;unit&quot;:&quot;px&quot;,&quot;size&quot;:&quot;&quot;,&quot;sizes&quot;:[]},&quot;cards_row_gap_mobile&quot;:{&quot;unit&quot;:&quot;px&quot;,&quot;size&quot;:&quot;&quot;,&quot;sizes&quot;:[]}}\" data-widget_type=\"posts.cards\">\n\t\t\t\t<div class=\"elementor-widget-container\">\n\t\t\t\t\t<div class=\"elementor-posts-container elementor-posts elementor-posts--skin-cards elementor-grid\">\n\t\t\t\t<article class=\"elementor-post elementor-grid-item post-56122 post type-post status-publish format-standard has-post-thumbnail hentry category-uncategorized tag-portraits\">\n\t\t\t<div class=\"elementor-post__card\">\n\t\t\t\t<a class=\"elementor-post__thumbnail__link\" href=\"https:\/\/www.ifi-id.com\/fr\/arrum-hamid-harahap\/\" tabindex=\"-1\" ><div class=\"elementor-post__thumbnail\"><img fetchpriority=\"high\" decoding=\"async\" width=\"300\" height=\"169\" src=\"https:\/\/www.ifi-id.com\/wp-content\/uploads\/2025\/08\/SSHN-2024-7-300x169.png\" class=\"attachment-medium size-medium wp-image-57309\" alt=\"\" srcset=\"https:\/\/www.ifi-id.com\/wp-content\/uploads\/2025\/08\/SSHN-2024-7-300x169.png 300w, https:\/\/www.ifi-id.com\/wp-content\/uploads\/2025\/08\/SSHN-2024-7-1024x576.png 1024w, https:\/\/www.ifi-id.com\/wp-content\/uploads\/2025\/08\/SSHN-2024-7-768x432.png 768w, https:\/\/www.ifi-id.com\/wp-content\/uploads\/2025\/08\/SSHN-2024-7-1536x864.png 1536w, https:\/\/www.ifi-id.com\/wp-content\/uploads\/2025\/08\/SSHN-2024-7-2048x1152.png 2048w\" sizes=\"100vw\" \/><\/div><\/a>\n\t\t\t\t<div class=\"elementor-post__badge\">Portraits<\/div>\n\t\t\t\t<div class=\"elementor-post__text\">\n\t\t\t\t<h3 class=\"elementor-post__title\">\n\t\t\t<a href=\"https:\/\/www.ifi-id.com\/fr\/arrum-hamid-harahap\/\" >\n\t\t\t\tArrum Hamid Harahap\t\t\t<\/a>\n\t\t<\/h3>\n\t\t\t\t<div class=\"elementor-post__excerpt\">\n\t\t\t<p>Arrum Hamid Harahap est doctorant \u00e0 l\u2019Universit\u00e9 d\u2019Andalas et l\u2019un des chercheurs associ\u00e9s au projet KONEKI, financ\u00e9 par le gouvernement australien. Dans le cadre de<\/p>\n\t\t<\/div>\n\t\t\t\t<\/div>\n\t\t\t\t<div class=\"elementor-post__meta-data\">\n\t\t\t\t\t<span class=\"elementor-post-date\">\n\t\t\tao\u00fbt 5, 2025\t\t<\/span>\n\t\t\t\t<\/div>\n\t\t\t\t\t<\/div>\n\t\t<\/article>\n\t\t\t\t<article class=\"elementor-post elementor-grid-item post-56000 post type-post status-publish format-standard has-post-thumbnail hentry category-portraits category-science-technologie tag-portraits\">\n\t\t\t<div class=\"elementor-post__card\">\n\t\t\t\t<a class=\"elementor-post__thumbnail__link\" href=\"https:\/\/www.ifi-id.com\/fr\/bayu-suseno\/\" tabindex=\"-1\" ><div class=\"elementor-post__thumbnail\"><img decoding=\"async\" width=\"300\" height=\"169\" src=\"https:\/\/www.ifi-id.com\/wp-content\/uploads\/2025\/06\/SSHN-2024-1-300x169.png\" class=\"attachment-medium size-medium wp-image-56003\" alt=\"\" srcset=\"https:\/\/www.ifi-id.com\/wp-content\/uploads\/2025\/06\/SSHN-2024-1-300x169.png 300w, https:\/\/www.ifi-id.com\/wp-content\/uploads\/2025\/06\/SSHN-2024-1-1024x576.png 1024w, https:\/\/www.ifi-id.com\/wp-content\/uploads\/2025\/06\/SSHN-2024-1-768x432.png 768w, https:\/\/www.ifi-id.com\/wp-content\/uploads\/2025\/06\/SSHN-2024-1-1536x864.png 1536w, https:\/\/www.ifi-id.com\/wp-content\/uploads\/2025\/06\/SSHN-2024-1-2048x1152.png 2048w\" sizes=\"100vw\" \/><\/div><\/a>\n\t\t\t\t<div class=\"elementor-post__badge\">Portraits<\/div>\n\t\t\t\t<div class=\"elementor-post__text\">\n\t\t\t\t<h3 class=\"elementor-post__title\">\n\t\t\t<a href=\"https:\/\/www.ifi-id.com\/fr\/bayu-suseno\/\" >\n\t\t\t\tBayu Suseno\t\t\t<\/a>\n\t\t<\/h3>\n\t\t\t\t<div class=\"elementor-post__excerpt\">\n\t\t\t<p>Bayu Suseno est doctorant en Statistique et Science des donn\u00e9es \u00e0 l\u2019Institut Agronomique de Bogor (IPB), en Indon\u00e9sie. Il est b\u00e9n\u00e9ficiaire de la bourse de<\/p>\n\t\t<\/div>\n\t\t\t\t<\/div>\n\t\t\t\t<div class=\"elementor-post__meta-data\">\n\t\t\t\t\t<span class=\"elementor-post-date\">\n\t\t\tjuillet 29, 2025\t\t<\/span>\n\t\t\t\t<\/div>\n\t\t\t\t\t<\/div>\n\t\t<\/article>\n\t\t\t\t<article class=\"elementor-post elementor-grid-item post-56021 post type-post status-publish format-standard has-post-thumbnail hentry category-uncategorized tag-portraits\">\n\t\t\t<div class=\"elementor-post__card\">\n\t\t\t\t<a class=\"elementor-post__thumbnail__link\" href=\"https:\/\/www.ifi-id.com\/fr\/miratul-khusna-mufida\/\" tabindex=\"-1\" ><div class=\"elementor-post__thumbnail\"><img decoding=\"async\" width=\"300\" height=\"169\" src=\"https:\/\/www.ifi-id.com\/wp-content\/uploads\/2025\/06\/SSHN-2024-1-1-300x169.png\" class=\"attachment-medium size-medium wp-image-56011\" alt=\"\" srcset=\"https:\/\/www.ifi-id.com\/wp-content\/uploads\/2025\/06\/SSHN-2024-1-1-300x169.png 300w, https:\/\/www.ifi-id.com\/wp-content\/uploads\/2025\/06\/SSHN-2024-1-1-1024x576.png 1024w, https:\/\/www.ifi-id.com\/wp-content\/uploads\/2025\/06\/SSHN-2024-1-1-768x432.png 768w, https:\/\/www.ifi-id.com\/wp-content\/uploads\/2025\/06\/SSHN-2024-1-1-1536x864.png 1536w, https:\/\/www.ifi-id.com\/wp-content\/uploads\/2025\/06\/SSHN-2024-1-1-2048x1152.png 2048w\" sizes=\"100vw\" \/><\/div><\/a>\n\t\t\t\t<div class=\"elementor-post__badge\">Portraits<\/div>\n\t\t\t\t<div class=\"elementor-post__text\">\n\t\t\t\t<h3 class=\"elementor-post__title\">\n\t\t\t<a href=\"https:\/\/www.ifi-id.com\/fr\/miratul-khusna-mufida\/\" >\n\t\t\t\tMiratul Khusna Mufida\t\t\t<\/a>\n\t\t<\/h3>\n\t\t\t\t<div class=\"elementor-post__excerpt\">\n\t\t\t<p>Miratul Khusna Mufida est enseignante \u00e0 Politeknik Negeri Batam et doctorante \u00e0 l\u2019Universit\u00e9 Polytechnique Hauts-de-France. Elle se consacre \u00e0 l\u2019apprentissage approfondi d&rsquo;intelligence artificielle (IA) pour<\/p>\n\t\t<\/div>\n\t\t\t\t<\/div>\n\t\t\t\t<div class=\"elementor-post__meta-data\">\n\t\t\t\t\t<span class=\"elementor-post-date\">\n\t\t\tjuillet 25, 2025\t\t<\/span>\n\t\t\t\t<\/div>\n\t\t\t\t\t<\/div>\n\t\t<\/article>\n\t\t\t\t<article class=\"elementor-post elementor-grid-item post-1424 post type-post status-publish format-standard has-post-thumbnail hentry category-struktur-fr tag-portraits\">\n\t\t\t<div class=\"elementor-post__card\">\n\t\t\t\t<a class=\"elementor-post__thumbnail__link\" href=\"https:\/\/www.ifi-id.com\/fr\/sigit-ismawanto-2\/\" tabindex=\"-1\" ><div class=\"elementor-post__thumbnail\"><img loading=\"lazy\" decoding=\"async\" width=\"300\" height=\"160\" src=\"https:\/\/www.ifi-id.com\/wp-content\/uploads\/2019\/03\/nZvY9m8sdgzULxji7poyjSCps0boyBLx3pr0f8k7-1-300x160.jpeg\" class=\"attachment-medium size-medium wp-image-5987\" alt=\"\" srcset=\"https:\/\/www.ifi-id.com\/wp-content\/uploads\/2019\/03\/nZvY9m8sdgzULxji7poyjSCps0boyBLx3pr0f8k7-1-300x160.jpeg 300w, https:\/\/www.ifi-id.com\/wp-content\/uploads\/2019\/03\/nZvY9m8sdgzULxji7poyjSCps0boyBLx3pr0f8k7-1-1024x546.jpeg 1024w, https:\/\/www.ifi-id.com\/wp-content\/uploads\/2019\/03\/nZvY9m8sdgzULxji7poyjSCps0boyBLx3pr0f8k7-1-768x409.jpeg 768w, https:\/\/www.ifi-id.com\/wp-content\/uploads\/2019\/03\/nZvY9m8sdgzULxji7poyjSCps0boyBLx3pr0f8k7-1-1536x819.jpeg 1536w, https:\/\/www.ifi-id.com\/wp-content\/uploads\/2019\/03\/nZvY9m8sdgzULxji7poyjSCps0boyBLx3pr0f8k7-1-scaled.jpeg 2048w\" sizes=\"100vw\" \/><\/div><\/a>\n\t\t\t\t<div class=\"elementor-post__badge\">Portraits<\/div>\n\t\t\t\t<div class=\"elementor-post__text\">\n\t\t\t\t<h3 class=\"elementor-post__title\">\n\t\t\t<a href=\"https:\/\/www.ifi-id.com\/fr\/sigit-ismawanto-2\/\" >\n\t\t\t\tSIGIT ISMAWANTO\t\t\t<\/a>\n\t\t<\/h3>\n\t\t\t\t<div class=\"elementor-post__excerpt\">\n\t\t\t<p>Sigit Ismawanto (dit Sigit), originaire de Yogyakarta (Java) travaille depuis 13 ans pour l\u2019Indonesian Rubber Research Institute (IRRI), au centre de recherche de Sembawa (Palembang).<\/p>\n\t\t<\/div>\n\t\t\t\t<\/div>\n\t\t\t\t<div class=\"elementor-post__meta-data\">\n\t\t\t\t\t<span class=\"elementor-post-date\">\n\t\t\tmars 19, 2019\t\t<\/span>\n\t\t\t\t<\/div>\n\t\t\t\t\t<\/div>\n\t\t<\/article>\n\t\t\t\t<\/div>\n\t\t\n\t\t\t\t<\/div>\n\t\t\t\t<\/div>\n\t\t\t\t\t<\/div>\n\t\t<\/div>\n\t\t\t\t\t<\/div>\n\t\t<\/section>\n\t\t\t\t<\/div>\n\t\t","protected":false},"excerpt":{"rendered":"<p>Portraits<\/p>\n","protected":false},"author":1,"featured_media":0,"parent":0,"menu_order":0,"comment_status":"closed","ping_status":"closed","template":"elementor_header_footer","meta":{"footnotes":""},"class_list":["post-5863","page","type-page","status-publish","hentry"],"yoast_head":"<!-- This site is optimized with the Yoast SEO plugin v23.5 - https:\/\/yoast.com\/wordpress\/plugins\/seo\/ -->\n<title>Portraits - Institut fran\u00e7ais Indon\u00e9sie<\/title>\n<meta name=\"robots\" content=\"index, follow, max-snippet:-1, max-image-preview:large, max-video-preview:-1\" \/>\n<link rel=\"canonical\" href=\"https:\/\/www.ifi-id.com\/fr\/portraits\/\" \/>\n<meta property=\"og:locale\" content=\"fr_FR\" \/>\n<meta property=\"og:type\" content=\"article\" \/>\n<meta property=\"og:title\" content=\"Portraits - Institut fran\u00e7ais Indon\u00e9sie\" \/>\n<meta property=\"og:description\" content=\"Portraits\" \/>\n<meta property=\"og:url\" content=\"https:\/\/www.ifi-id.com\/fr\/portraits\/\" \/>\n<meta property=\"og:site_name\" content=\"Institut fran\u00e7ais Indon\u00e9sie\" \/>\n<meta property=\"article:modified_time\" content=\"2021-01-14T11:22:18+00:00\" \/>\n<meta name=\"twitter:card\" content=\"summary_large_image\" \/>\n<script type=\"application\/ld+json\" class=\"yoast-schema-graph\">{\"@context\":\"https:\/\/schema.org\",\"@graph\":[{\"@type\":\"WebPage\",\"@id\":\"https:\/\/www.ifi-id.com\/fr\/portraits\/\",\"url\":\"https:\/\/www.ifi-id.com\/fr\/portraits\/\",\"name\":\"Portraits - Institut fran\u00e7ais Indon\u00e9sie\",\"isPartOf\":{\"@id\":\"https:\/\/www.ifi-id.com\/#website\"},\"datePublished\":\"2021-01-14T11:21:13+00:00\",\"dateModified\":\"2021-01-14T11:22:18+00:00\",\"breadcrumb\":{\"@id\":\"https:\/\/www.ifi-id.com\/fr\/portraits\/#breadcrumb\"},\"inLanguage\":\"fr-FR\",\"potentialAction\":[{\"@type\":\"ReadAction\",\"target\":[\"https:\/\/www.ifi-id.com\/fr\/portraits\/\"]}]},{\"@type\":\"BreadcrumbList\",\"@id\":\"https:\/\/www.ifi-id.com\/fr\/portraits\/#breadcrumb\",\"itemListElement\":[{\"@type\":\"ListItem\",\"position\":1,\"name\":\"Home\",\"item\":\"https:\/\/www.ifi-id.com\/\"},{\"@type\":\"ListItem\",\"position\":2,\"name\":\"Portraits\"}]},{\"@type\":\"WebSite\",\"@id\":\"https:\/\/www.ifi-id.com\/#website\",\"url\":\"https:\/\/www.ifi-id.com\/\",\"name\":\"Institut fran\u00e7ais Indon\u00e9sie\",\"description\":\"\",\"publisher\":{\"@id\":\"https:\/\/www.ifi-id.com\/#organization\"},\"potentialAction\":[{\"@type\":\"SearchAction\",\"target\":{\"@type\":\"EntryPoint\",\"urlTemplate\":\"https:\/\/www.ifi-id.com\/?s={search_term_string}\"},\"query-input\":{\"@type\":\"PropertyValueSpecification\",\"valueRequired\":true,\"valueName\":\"search_term_string\"}}],\"inLanguage\":\"fr-FR\"},{\"@type\":\"Organization\",\"@id\":\"https:\/\/www.ifi-id.com\/#organization\",\"name\":\"Institut fran\u00e7ais Indon\u00e9sie\",\"url\":\"https:\/\/www.ifi-id.com\/\",\"logo\":{\"@type\":\"ImageObject\",\"inLanguage\":\"fr-FR\",\"@id\":\"https:\/\/www.ifi-id.com\/#\/schema\/logo\/image\/\",\"url\":\"https:\/\/www.ifi-id.com\/wp-content\/uploads\/2022\/12\/IFI_New_Logo.jpg\",\"contentUrl\":\"https:\/\/www.ifi-id.com\/wp-content\/uploads\/2022\/12\/IFI_New_Logo.jpg\",\"width\":666,\"height\":444,\"caption\":\"Institut fran\u00e7ais Indon\u00e9sie\"},\"image\":{\"@id\":\"https:\/\/www.ifi-id.com\/#\/schema\/logo\/image\/\"}}]}<\/script>\n<!-- \/ Yoast SEO plugin. -->","yoast_head_json":{"title":"Portraits - Institut fran\u00e7ais Indon\u00e9sie","robots":{"index":"index","follow":"follow","max-snippet":"max-snippet:-1","max-image-preview":"max-image-preview:large","max-video-preview":"max-video-preview:-1"},"canonical":"https:\/\/www.ifi-id.com\/fr\/portraits\/","og_locale":"fr_FR","og_type":"article","og_title":"Portraits - Institut fran\u00e7ais Indon\u00e9sie","og_description":"Portraits","og_url":"https:\/\/www.ifi-id.com\/fr\/portraits\/","og_site_name":"Institut fran\u00e7ais Indon\u00e9sie","article_modified_time":"2021-01-14T11:22:18+00:00","twitter_card":"summary_large_image","schema":{"@context":"https:\/\/schema.org","@graph":[{"@type":"WebPage","@id":"https:\/\/www.ifi-id.com\/fr\/portraits\/","url":"https:\/\/www.ifi-id.com\/fr\/portraits\/","name":"Portraits - Institut fran\u00e7ais Indon\u00e9sie","isPartOf":{"@id":"https:\/\/www.ifi-id.com\/#website"},"datePublished":"2021-01-14T11:21:13+00:00","dateModified":"2021-01-14T11:22:18+00:00","breadcrumb":{"@id":"https:\/\/www.ifi-id.com\/fr\/portraits\/#breadcrumb"},"inLanguage":"fr-FR","potentialAction":[{"@type":"ReadAction","target":["https:\/\/www.ifi-id.com\/fr\/portraits\/"]}]},{"@type":"BreadcrumbList","@id":"https:\/\/www.ifi-id.com\/fr\/portraits\/#breadcrumb","itemListElement":[{"@type":"ListItem","position":1,"name":"Home","item":"https:\/\/www.ifi-id.com\/"},{"@type":"ListItem","position":2,"name":"Portraits"}]},{"@type":"WebSite","@id":"https:\/\/www.ifi-id.com\/#website","url":"https:\/\/www.ifi-id.com\/","name":"Institut fran\u00e7ais Indon\u00e9sie","description":"","publisher":{"@id":"https:\/\/www.ifi-id.com\/#organization"},"potentialAction":[{"@type":"SearchAction","target":{"@type":"EntryPoint","urlTemplate":"https:\/\/www.ifi-id.com\/?s={search_term_string}"},"query-input":{"@type":"PropertyValueSpecification","valueRequired":true,"valueName":"search_term_string"}}],"inLanguage":"fr-FR"},{"@type":"Organization","@id":"https:\/\/www.ifi-id.com\/#organization","name":"Institut fran\u00e7ais Indon\u00e9sie","url":"https:\/\/www.ifi-id.com\/","logo":{"@type":"ImageObject","inLanguage":"fr-FR","@id":"https:\/\/www.ifi-id.com\/#\/schema\/logo\/image\/","url":"https:\/\/www.ifi-id.com\/wp-content\/uploads\/2022\/12\/IFI_New_Logo.jpg","contentUrl":"https:\/\/www.ifi-id.com\/wp-content\/uploads\/2022\/12\/IFI_New_Logo.jpg","width":666,"height":444,"caption":"Institut fran\u00e7ais Indon\u00e9sie"},"image":{"@id":"https:\/\/www.ifi-id.com\/#\/schema\/logo\/image\/"}}]}},"post_mailing_queue_ids":[],"_links":{"self":[{"href":"https:\/\/www.ifi-id.com\/fr\/wp-json\/wp\/v2\/pages\/5863"}],"collection":[{"href":"https:\/\/www.ifi-id.com\/fr\/wp-json\/wp\/v2\/pages"}],"about":[{"href":"https:\/\/www.ifi-id.com\/fr\/wp-json\/wp\/v2\/types\/page"}],"author":[{"embeddable":true,"href":"https:\/\/www.ifi-id.com\/fr\/wp-json\/wp\/v2\/users\/1"}],"replies":[{"embeddable":true,"href":"https:\/\/www.ifi-id.com\/fr\/wp-json\/wp\/v2\/comments?post=5863"}],"version-history":[{"count":4,"href":"https:\/\/www.ifi-id.com\/fr\/wp-json\/wp\/v2\/pages\/5863\/revisions"}],"predecessor-version":[{"id":5867,"href":"https:\/\/www.ifi-id.com\/fr\/wp-json\/wp\/v2\/pages\/5863\/revisions\/5867"}],"wp:attachment":[{"href":"https:\/\/www.ifi-id.com\/fr\/wp-json\/wp\/v2\/media?parent=5863"}],"curies":[{"name":"wp","href":"https:\/\/api.w.org\/{rel}","templated":true}]}}