{"id":5849,"date":"2021-01-14T10:46:32","date_gmt":"2021-01-14T10:46:32","guid":{"rendered":"https:\/\/ifi.lab.virus.co.id\/?page_id=5849"},"modified":"2021-01-17T11:17:48","modified_gmt":"2021-01-17T11:17:48","slug":"warung-prancis-fr","status":"publish","type":"page","link":"https:\/\/www.ifi-id.com\/fr\/warung-prancis-fr\/","title":{"rendered":"WARUNG PRANCIS"},"content":{"rendered":"\t\t<div data-elementor-type=\"wp-page\" data-elementor-id=\"5849\" class=\"elementor elementor-5849 elementor-3892\" data-elementor-post-type=\"page\">\n\t\t\t\t\t\t<section class=\"elementor-section elementor-top-section elementor-element elementor-element-e3cc48d elementor-section-boxed elementor-section-height-default elementor-section-height-default\" data-id=\"e3cc48d\" data-element_type=\"section\">\n\t\t\t\t\t\t<div class=\"elementor-container elementor-column-gap-default\">\n\t\t\t\t\t<div class=\"elementor-column elementor-col-100 elementor-top-column elementor-element elementor-element-6ba5f9a\" data-id=\"6ba5f9a\" data-element_type=\"column\">\n\t\t\t<div class=\"elementor-widget-wrap elementor-element-populated\">\n\t\t\t\t\t\t<div class=\"elementor-element elementor-element-627385d elementor-widget elementor-widget-heading\" data-id=\"627385d\" data-element_type=\"widget\" data-widget_type=\"heading.default\">\n\t\t\t\t<div class=\"elementor-widget-container\">\n\t\t\t<h2 class=\"elementor-heading-title elementor-size-default\">WARUNG PRANCIS<\/h2>\t\t<\/div>\n\t\t\t\t<\/div>\n\t\t\t\t\t<\/div>\n\t\t<\/div>\n\t\t\t\t\t<\/div>\n\t\t<\/section>\n\t\t\t\t<section class=\"elementor-section elementor-top-section elementor-element elementor-element-4b589a7d elementor-section-boxed elementor-section-height-default elementor-section-height-default\" data-id=\"4b589a7d\" data-element_type=\"section\">\n\t\t\t\t\t\t<div class=\"elementor-container elementor-column-gap-default\">\n\t\t\t\t\t<div class=\"elementor-column elementor-col-100 elementor-top-column elementor-element elementor-element-58fba562\" data-id=\"58fba562\" data-element_type=\"column\">\n\t\t\t<div class=\"elementor-widget-wrap elementor-element-populated\">\n\t\t\t\t\t\t<div class=\"elementor-element elementor-element-2b4f6a22 elementor-widget elementor-widget-text-editor\" data-id=\"2b4f6a22\" data-element_type=\"widget\" data-widget_type=\"text-editor.default\">\n\t\t\t\t<div class=\"elementor-widget-container\">\n\t\t\t\t\t\t\t<!-- wp:paragraph -->\n<p>Institut Prancis di Indonesia (IFI) meluncurkan pembukaan \u201cWarung Prancis\u201d yang merupakan tempat informasi mengenai Prancis bertempat di Perguruan Tinggi di Indonesia. Warung Prancis tidak hanya memberikan informasi mengenai kebudayaan Prancis, tetapi juga mengenai studi di Prancis serta beasiswa yang ditawarkan oleh Pemerintah Prancis.<\/p>\n<!-- \/wp:paragraph -->\n\n<!-- wp:paragraph -->\n<p>Warung Prancis menyediakan buku-buku, CD, DVD, majalah Perancis dan brosur tentang kegiatan IFI, studi di Prancis dan beasiswa. Warung Prancis berkembang di Universitas dan Politeknik di seluruh wilayah Indonesia.<\/p>\n<!-- \/wp:paragraph -->\n\n<!-- wp:paragraph -->\n<p>Sejak tahun 2012, 29 Warung Prancis dibuka di Perguruan Tinggi yang tersebar di Indonesia:<\/p>\n<!-- \/wp:paragraph -->\n\n<!-- wp:list {\"ordered\":true} -->\n<ol><li>Universitas Islam Negeri Ar-Raniry, Banda Aceh<\/li><li>Universitas Sumatera Sumatera Utara, Medan<\/li><li>Universitas Andalas, Padang<\/li><li>Politeknik Caltex Riau, Pekanbaru<\/li><li>Politeknik Negeri Batam, Batam<\/li><li>Institut Informatika &amp; Bisnis Darmajaya, Bandar Lampung<\/li><li>Universitas Katolik Atma Jaya, Jakarta<\/li><li>PPPPTK Bahasa, Depok<\/li><li>Universitas Tanjungpura, Pontianak<\/li><li>Sekolah Tinggi Pariwisata Sahid, Jakarta<\/li><li>Universitas Bina Nusantara, Jakarta<\/li><li>Politeknik Manufaktur Bandung<\/li><li>Universitas Padjadjaran, Jatinangor<\/li><li>Universitas Jenderal Soedirman, Purwokerto<\/li><li>Universitas Islam Indonesia, Yogyakarta<\/li><li>Universitas Muhammadiyah Yogyakarta, Yogyakarta<\/li><li>Universitas Diponegoro, Semarang<\/li><li>Universitas Kristen Satya Wacana, Salatiga<\/li><li>Universitas Muria Kudus, Kudus<\/li><li>Universitas Pesantren Tinggi Darul \u2018Ulum, Jombang<\/li><li>Universitas Narotama, Surabaya<\/li><li>Politeknik Negeri Malang, Malang<\/li><li>Universitas Udayana, Denpasar<\/li><li>Universitas Tadulako, Palu<\/li><li>Universitas Hasanuddin, Makassar<\/li><li>Universitas Negeri Makassar, Makassar<\/li><li>Universitas Halu Oleo, Kendari<\/li><li>Universitas Khairun, Ternate<\/li><li>Universitas Pattimura Ambon<\/li><\/ol>\n<!-- \/wp:list -->\n\n<!-- wp:paragraph -->\n<p><strong>KONTAK<\/strong><\/p>\n<!-- \/wp:paragraph -->\n\n<!-- wp:paragraph -->\n<p>Ryan Rinaldy<br>Koordinator Warung Prancis<br>ryan.rinaldy(at)ifi-id.com<\/p>\n<!-- \/wp:paragraph -->\t\t\t\t\t\t<\/div>\n\t\t\t\t<\/div>\n\t\t\t\t\t<\/div>\n\t\t<\/div>\n\t\t\t\t\t<\/div>\n\t\t<\/section>\n\t\t\t\t<\/div>\n\t\t","protected":false},"excerpt":{"rendered":"<p>WARUNG PRANCIS Institut Prancis di Indonesia (IFI) meluncurkan pembukaan \u201cWarung Prancis\u201d yang merupakan tempat informasi mengenai Prancis bertempat di Perguruan Tinggi di Indonesia. Warung Prancis tidak hanya memberikan informasi mengenai kebudayaan Prancis, tetapi juga mengenai studi di Prancis serta beasiswa yang ditawarkan oleh Pemerintah Prancis. Warung Prancis menyediakan buku-buku, CD, DVD, majalah Perancis dan brosur &hellip; <\/p>\n<p class=\"link-more\"><a href=\"https:\/\/www.ifi-id.com\/fr\/warung-prancis-fr\/\" class=\"more-link\">Continuer la lecture<span class=\"screen-reader-text\"> de &laquo;&nbsp;WARUNG PRANCIS&nbsp;&raquo;<\/span><\/a><\/p>\n","protected":false},"author":1,"featured_media":0,"parent":0,"menu_order":0,"comment_status":"closed","ping_status":"closed","template":"elementor_header_footer","meta":{"footnotes":""},"class_list":["post-5849","page","type-page","status-publish","hentry"],"yoast_head":"<!-- This site is optimized with the Yoast SEO plugin v23.5 - https:\/\/yoast.com\/wordpress\/plugins\/seo\/ -->\n<title>WARUNG PRANCIS - Institut fran\u00e7ais Indon\u00e9sie<\/title>\n<meta name=\"robots\" content=\"index, follow, max-snippet:-1, max-image-preview:large, max-video-preview:-1\" \/>\n<link rel=\"canonical\" href=\"https:\/\/www.ifi-id.com\/fr\/warung-prancis-fr\/\" \/>\n<meta property=\"og:locale\" content=\"fr_FR\" \/>\n<meta property=\"og:type\" content=\"article\" \/>\n<meta property=\"og:title\" content=\"WARUNG PRANCIS - Institut fran\u00e7ais Indon\u00e9sie\" \/>\n<meta property=\"og:description\" content=\"WARUNG PRANCIS Institut Prancis di Indonesia (IFI) meluncurkan pembukaan \u201cWarung Prancis\u201d yang merupakan tempat informasi mengenai Prancis bertempat di Perguruan Tinggi di Indonesia. Warung Prancis tidak hanya memberikan informasi mengenai kebudayaan Prancis, tetapi juga mengenai studi di Prancis serta beasiswa yang ditawarkan oleh Pemerintah Prancis. Warung Prancis menyediakan buku-buku, CD, DVD, majalah Perancis dan brosur &hellip; Continuer la lecture de &laquo;&nbsp;WARUNG PRANCIS&nbsp;&raquo;\" \/>\n<meta property=\"og:url\" content=\"https:\/\/www.ifi-id.com\/fr\/warung-prancis-fr\/\" \/>\n<meta property=\"og:site_name\" content=\"Institut fran\u00e7ais Indon\u00e9sie\" \/>\n<meta property=\"article:modified_time\" content=\"2021-01-17T11:17:48+00:00\" \/>\n<meta name=\"twitter:card\" content=\"summary_large_image\" \/>\n<meta name=\"twitter:label1\" content=\"Dur\u00e9e de lecture estim\u00e9e\" \/>\n\t<meta name=\"twitter:data1\" content=\"1 minute\" \/>\n<script type=\"application\/ld+json\" class=\"yoast-schema-graph\">{\"@context\":\"https:\/\/schema.org\",\"@graph\":[{\"@type\":\"WebPage\",\"@id\":\"https:\/\/www.ifi-id.com\/fr\/warung-prancis-fr\/\",\"url\":\"https:\/\/www.ifi-id.com\/fr\/warung-prancis-fr\/\",\"name\":\"WARUNG PRANCIS - Institut fran\u00e7ais Indon\u00e9sie\",\"isPartOf\":{\"@id\":\"https:\/\/www.ifi-id.com\/#website\"},\"datePublished\":\"2021-01-14T10:46:32+00:00\",\"dateModified\":\"2021-01-17T11:17:48+00:00\",\"breadcrumb\":{\"@id\":\"https:\/\/www.ifi-id.com\/fr\/warung-prancis-fr\/#breadcrumb\"},\"inLanguage\":\"fr-FR\",\"potentialAction\":[{\"@type\":\"ReadAction\",\"target\":[\"https:\/\/www.ifi-id.com\/fr\/warung-prancis-fr\/\"]}]},{\"@type\":\"BreadcrumbList\",\"@id\":\"https:\/\/www.ifi-id.com\/fr\/warung-prancis-fr\/#breadcrumb\",\"itemListElement\":[{\"@type\":\"ListItem\",\"position\":1,\"name\":\"Home\",\"item\":\"https:\/\/www.ifi-id.com\/\"},{\"@type\":\"ListItem\",\"position\":2,\"name\":\"WARUNG PRANCIS\"}]},{\"@type\":\"WebSite\",\"@id\":\"https:\/\/www.ifi-id.com\/#website\",\"url\":\"https:\/\/www.ifi-id.com\/\",\"name\":\"Institut fran\u00e7ais Indon\u00e9sie\",\"description\":\"\",\"publisher\":{\"@id\":\"https:\/\/www.ifi-id.com\/#organization\"},\"potentialAction\":[{\"@type\":\"SearchAction\",\"target\":{\"@type\":\"EntryPoint\",\"urlTemplate\":\"https:\/\/www.ifi-id.com\/?s={search_term_string}\"},\"query-input\":{\"@type\":\"PropertyValueSpecification\",\"valueRequired\":true,\"valueName\":\"search_term_string\"}}],\"inLanguage\":\"fr-FR\"},{\"@type\":\"Organization\",\"@id\":\"https:\/\/www.ifi-id.com\/#organization\",\"name\":\"Institut fran\u00e7ais Indon\u00e9sie\",\"url\":\"https:\/\/www.ifi-id.com\/\",\"logo\":{\"@type\":\"ImageObject\",\"inLanguage\":\"fr-FR\",\"@id\":\"https:\/\/www.ifi-id.com\/#\/schema\/logo\/image\/\",\"url\":\"https:\/\/www.ifi-id.com\/wp-content\/uploads\/2022\/12\/IFI_New_Logo.jpg\",\"contentUrl\":\"https:\/\/www.ifi-id.com\/wp-content\/uploads\/2022\/12\/IFI_New_Logo.jpg\",\"width\":666,\"height\":444,\"caption\":\"Institut fran\u00e7ais Indon\u00e9sie\"},\"image\":{\"@id\":\"https:\/\/www.ifi-id.com\/#\/schema\/logo\/image\/\"}}]}<\/script>\n<!-- \/ Yoast SEO plugin. -->","yoast_head_json":{"title":"WARUNG PRANCIS - Institut fran\u00e7ais Indon\u00e9sie","robots":{"index":"index","follow":"follow","max-snippet":"max-snippet:-1","max-image-preview":"max-image-preview:large","max-video-preview":"max-video-preview:-1"},"canonical":"https:\/\/www.ifi-id.com\/fr\/warung-prancis-fr\/","og_locale":"fr_FR","og_type":"article","og_title":"WARUNG PRANCIS - Institut fran\u00e7ais Indon\u00e9sie","og_description":"WARUNG PRANCIS Institut Prancis di Indonesia (IFI) meluncurkan pembukaan \u201cWarung Prancis\u201d yang merupakan tempat informasi mengenai Prancis bertempat di Perguruan Tinggi di Indonesia. Warung Prancis tidak hanya memberikan informasi mengenai kebudayaan Prancis, tetapi juga mengenai studi di Prancis serta beasiswa yang ditawarkan oleh Pemerintah Prancis. Warung Prancis menyediakan buku-buku, CD, DVD, majalah Perancis dan brosur &hellip; Continuer la lecture de &laquo;&nbsp;WARUNG PRANCIS&nbsp;&raquo;","og_url":"https:\/\/www.ifi-id.com\/fr\/warung-prancis-fr\/","og_site_name":"Institut fran\u00e7ais Indon\u00e9sie","article_modified_time":"2021-01-17T11:17:48+00:00","twitter_card":"summary_large_image","twitter_misc":{"Dur\u00e9e de lecture estim\u00e9e":"1 minute"},"schema":{"@context":"https:\/\/schema.org","@graph":[{"@type":"WebPage","@id":"https:\/\/www.ifi-id.com\/fr\/warung-prancis-fr\/","url":"https:\/\/www.ifi-id.com\/fr\/warung-prancis-fr\/","name":"WARUNG PRANCIS - Institut fran\u00e7ais Indon\u00e9sie","isPartOf":{"@id":"https:\/\/www.ifi-id.com\/#website"},"datePublished":"2021-01-14T10:46:32+00:00","dateModified":"2021-01-17T11:17:48+00:00","breadcrumb":{"@id":"https:\/\/www.ifi-id.com\/fr\/warung-prancis-fr\/#breadcrumb"},"inLanguage":"fr-FR","potentialAction":[{"@type":"ReadAction","target":["https:\/\/www.ifi-id.com\/fr\/warung-prancis-fr\/"]}]},{"@type":"BreadcrumbList","@id":"https:\/\/www.ifi-id.com\/fr\/warung-prancis-fr\/#breadcrumb","itemListElement":[{"@type":"ListItem","position":1,"name":"Home","item":"https:\/\/www.ifi-id.com\/"},{"@type":"ListItem","position":2,"name":"WARUNG PRANCIS"}]},{"@type":"WebSite","@id":"https:\/\/www.ifi-id.com\/#website","url":"https:\/\/www.ifi-id.com\/","name":"Institut fran\u00e7ais Indon\u00e9sie","description":"","publisher":{"@id":"https:\/\/www.ifi-id.com\/#organization"},"potentialAction":[{"@type":"SearchAction","target":{"@type":"EntryPoint","urlTemplate":"https:\/\/www.ifi-id.com\/?s={search_term_string}"},"query-input":{"@type":"PropertyValueSpecification","valueRequired":true,"valueName":"search_term_string"}}],"inLanguage":"fr-FR"},{"@type":"Organization","@id":"https:\/\/www.ifi-id.com\/#organization","name":"Institut fran\u00e7ais Indon\u00e9sie","url":"https:\/\/www.ifi-id.com\/","logo":{"@type":"ImageObject","inLanguage":"fr-FR","@id":"https:\/\/www.ifi-id.com\/#\/schema\/logo\/image\/","url":"https:\/\/www.ifi-id.com\/wp-content\/uploads\/2022\/12\/IFI_New_Logo.jpg","contentUrl":"https:\/\/www.ifi-id.com\/wp-content\/uploads\/2022\/12\/IFI_New_Logo.jpg","width":666,"height":444,"caption":"Institut fran\u00e7ais Indon\u00e9sie"},"image":{"@id":"https:\/\/www.ifi-id.com\/#\/schema\/logo\/image\/"}}]}},"post_mailing_queue_ids":[],"_links":{"self":[{"href":"https:\/\/www.ifi-id.com\/fr\/wp-json\/wp\/v2\/pages\/5849"}],"collection":[{"href":"https:\/\/www.ifi-id.com\/fr\/wp-json\/wp\/v2\/pages"}],"about":[{"href":"https:\/\/www.ifi-id.com\/fr\/wp-json\/wp\/v2\/types\/page"}],"author":[{"embeddable":true,"href":"https:\/\/www.ifi-id.com\/fr\/wp-json\/wp\/v2\/users\/1"}],"replies":[{"embeddable":true,"href":"https:\/\/www.ifi-id.com\/fr\/wp-json\/wp\/v2\/comments?post=5849"}],"version-history":[{"count":4,"href":"https:\/\/www.ifi-id.com\/fr\/wp-json\/wp\/v2\/pages\/5849\/revisions"}],"predecessor-version":[{"id":6637,"href":"https:\/\/www.ifi-id.com\/fr\/wp-json\/wp\/v2\/pages\/5849\/revisions\/6637"}],"wp:attachment":[{"href":"https:\/\/www.ifi-id.com\/fr\/wp-json\/wp\/v2\/media?parent=5849"}],"curies":[{"name":"wp","href":"https:\/\/api.w.org\/{rel}","templated":true}]}}