{"id":5842,"date":"2021-01-14T10:33:24","date_gmt":"2021-01-14T10:33:24","guid":{"rendered":"https:\/\/ifi.lab.virus.co.id\/?page_id=5842"},"modified":"2023-03-01T18:33:21","modified_gmt":"2023-03-01T11:33:21","slug":"cooperation-universitaire","status":"publish","type":"page","link":"https:\/\/www.ifi-id.com\/fr\/cooperation-universitaire\/","title":{"rendered":"Coop\u00e9ration Universitaire"},"content":{"rendered":"\t\t<div data-elementor-type=\"wp-page\" data-elementor-id=\"5842\" class=\"elementor elementor-5842 elementor-3873\" data-elementor-post-type=\"page\">\n\t\t\t\t\t\t<section class=\"elementor-section elementor-top-section elementor-element elementor-element-ae5eaaa elementor-section-boxed elementor-section-height-default elementor-section-height-default\" data-id=\"ae5eaaa\" data-element_type=\"section\">\n\t\t\t\t\t\t<div class=\"elementor-container elementor-column-gap-default\">\n\t\t\t\t\t<div class=\"elementor-column elementor-col-100 elementor-top-column elementor-element elementor-element-6de3f44\" data-id=\"6de3f44\" data-element_type=\"column\">\n\t\t\t<div class=\"elementor-widget-wrap elementor-element-populated\">\n\t\t\t\t\t\t<div class=\"elementor-element elementor-element-e66aa84 elementor-widget elementor-widget-heading\" data-id=\"e66aa84\" data-element_type=\"widget\" data-widget_type=\"heading.default\">\n\t\t\t\t<div class=\"elementor-widget-container\">\n\t\t\t<h2 class=\"elementor-heading-title elementor-size-default\">Coop\u00e9ration Universitaire<\/h2>\t\t<\/div>\n\t\t\t\t<\/div>\n\t\t\t\t\t<\/div>\n\t\t<\/div>\n\t\t\t\t\t<\/div>\n\t\t<\/section>\n\t\t\t\t<section class=\"elementor-section elementor-top-section elementor-element elementor-element-37c52d55 elementor-section-boxed elementor-section-height-default elementor-section-height-default\" data-id=\"37c52d55\" data-element_type=\"section\">\n\t\t\t\t\t\t<div class=\"elementor-container elementor-column-gap-default\">\n\t\t\t\t\t<div class=\"elementor-column elementor-col-100 elementor-top-column elementor-element elementor-element-1dd76400\" data-id=\"1dd76400\" data-element_type=\"column\">\n\t\t\t<div class=\"elementor-widget-wrap elementor-element-populated\">\n\t\t\t\t\t\t<div class=\"elementor-element elementor-element-76c2029 elementor-widget elementor-widget-image\" data-id=\"76c2029\" data-element_type=\"widget\" data-widget_type=\"image.default\">\n\t\t\t\t<div class=\"elementor-widget-container\">\n\t\t\t\t\t\t\t\t\t\t\t\t\t<img fetchpriority=\"high\" decoding=\"async\" width=\"1280\" height=\"720\" src=\"https:\/\/www.ifi-id.com\/wp-content\/uploads\/2021\/01\/Cooperation-Universitaire.jpg\" class=\"attachment-full size-full wp-image-8180\" alt=\"\" srcset=\"https:\/\/www.ifi-id.com\/wp-content\/uploads\/2021\/01\/Cooperation-Universitaire.jpg 1280w, https:\/\/www.ifi-id.com\/wp-content\/uploads\/2021\/01\/Cooperation-Universitaire-300x169.jpg 300w, https:\/\/www.ifi-id.com\/wp-content\/uploads\/2021\/01\/Cooperation-Universitaire-1024x576.jpg 1024w, https:\/\/www.ifi-id.com\/wp-content\/uploads\/2021\/01\/Cooperation-Universitaire-768x432.jpg 768w\" sizes=\"100vw\" \/>\t\t\t\t\t\t\t\t\t\t\t\t\t<\/div>\n\t\t\t\t<\/div>\n\t\t\t\t<div class=\"elementor-element elementor-element-e0ab261 elementor-widget elementor-widget-text-editor\" data-id=\"e0ab261\" data-element_type=\"widget\" data-widget_type=\"text-editor.default\">\n\t\t\t\t<div class=\"elementor-widget-container\">\n\t\t\t\t\t\t\t<p>Au sein de l\u2019Institut fran\u00e7ais d\u2019Indon\u00e9sie et de l\u2019Ambassade de France, notre service de coop\u00e9ration universitaire est en charge des missions suivantes\u00a0:<\/p>\n<p><strong>Vous appuyer dans le d\u00e9veloppement de vos partenariats entre \u00e9tablissements d\u2019enseignement sup\u00e9rieur fran\u00e7ais et indon\u00e9siens<\/strong> (programmes d\u2019\u00e9changes, doubles dipl\u00f4mes, etc.) gr\u00e2ce \u00e0 un travail de veille et d\u2019identification d\u2019\u00e9tablissements \u00e0 fort potentiel dans les deux pays.<\/p>\n<p>Nous pouvons vous accompagner dans vos prises de contact et vos visites d\u2019\u00e9tablissements pour initier des partenariats universitaires.\u00a0Notamment \u00e0 l\u2019occasion du grand salon europ\u00e9en pour l\u2019enseignement sup\u00e9rieur en Indon\u00e9sie (EHEF) chaque ann\u00e9e, nos \u00e9quipes sont disponibles et vous assistent dans l\u2019organisation de visites d\u2019\u00e9tablissements, sessions de pr\u00e9sentations au sein de lyc\u00e9es locaux etc.<\/p>\n<p>De plus, une fois tous les deux ans, en coordination avec notre service de coop\u00e9ration scientifique, nos \u00e9quipes organisent les Assisses de la coop\u00e9ration universitaire et scientifique. Une occasion unique de rencontrer, en France ou en Indon\u00e9sie, des \u00e9tablissements d\u2019enseignement sup\u00e9rieur d\u00e9sireux de d\u00e9velopper et approfondir les \u00e9changes et les partenariats entre ces deux pays.<\/p>\n<p><strong>Autre mission centrale de notre service\u00a0: favoriser la mobilit\u00e9 \u00e9tudiante entrante et sortante gr\u00e2ce au r\u00e9seau Campus France Indon\u00e9sie<\/strong>. Nous disposons de quatre espaces dans le pays\u00a0: Jakarta, Bandung, Surabaya et Medan. Si vous \u00eates \u00e9tudiant ou lyc\u00e9en et que vous envisagez de poursuivre vos \u00e9tudes en France, contactez d\u00e8s \u00e0 pr\u00e9sent l\u2019un de nos quatre espaces Campus France\u00a0! Nous vous accompagnerons dans la d\u00e9finition de votre projet d\u2019orientation, et votre proc\u00e9dure de candidature aupr\u00e8s d\u2019un \u00e9tablissement d\u2019enseignement sup\u00e9rieur fran\u00e7ais. Par ailleurs, si vous \u00eates un repr\u00e9sentant d\u2019un lyc\u00e9e ou d\u2019un \u00e9tablissement indon\u00e9sien d\u2019enseignement sup\u00e9rieur, et que vous souhaitez pr\u00e9senter de nouvelles opportunit\u00e9s \u00e0 vos \u00e9l\u00e8ves, nous sommes \u00e0 votre disposition pour r\u00e9aliser tout au long de l\u2019ann\u00e9e des pr\u00e9sentations sur les \u00e9tudes en France, et les diff\u00e9rentes opportunit\u00e9s associ\u00e9es. Par exemple, nos services s\u2019occupent \u00e9galement de la <strong>gestion des programmes de bourses du gouvernement fran\u00e7ais et d\u2019autres programmes cofinanc\u00e9s<\/strong>. Visitez notre plateforme <a href=\"https:\/\/campusbourses.campusfrance.org\">https:\/\/campusbourses.campusfrance.org<\/a>, elle recense les bourses auxquelles les \u00e9tudiants indon\u00e9siens peuvent pr\u00e9tendre, en particulier les bourses d\u2019excellence.<\/p>\n<p><strong>Si vous avez d\u00e9j\u00e0 termin\u00e9 vos \u00e9tudes en France, vous pouvez rejoindre le r\u00e9seau France Alumni que notre service d\u00e9veloppe et anime r\u00e9guli\u00e8rement. <\/strong>Vous serez notamment convi\u00e9s \u00e0 de nombreux \u00e9v\u00e9nements et pourrez partager des moments exclusifs avec d\u2019autres membres de la communaut\u00e9 alumni. En outre, vous aurez acc\u00e8s \u00e0 des nombreuses offres d\u2019emplois et pourrez d\u00e9velopper votre r\u00e9seau professionnel. Nous organisons \u00e9galement des \u00e9v\u00e9nements avec l\u2019association indon\u00e9sienne des alumni fran\u00e7ais (IAPI) et l\u2019association des \u00e9tudiants indon\u00e9siens en France (PPI Prancis).<\/p>\n<p><strong>Enfin, nos \u00e9quipes animent \u00e9galement le r\u00e9seau Warung Prancis dans l\u2019ensemble du pays.<\/strong> Au sein des universit\u00e9s indon\u00e9siennes, ces \u00ab French corners \u00bb servent de relais \u00e0 toutes nos actions et proposent r\u00e9guli\u00e8rement des activit\u00e9s de d\u00e9couverte de la langue et la culture fran\u00e7aises, ainsi que des \u00e9tudes en France par le biais de cin\u00e9-clubs, de cours d\u2019initiation, de clubs de discussions et d\u2019animation sur nos r\u00e9seaux sociaux.<\/p>\n<p><strong>Vous \u00eates un repr\u00e9sentant d\u2019un \u00e9tablissement d\u2019enseignement sup\u00e9rieur fran\u00e7ais ou indon\u00e9sien, un professeur, un \u00e9tudiant ou un alumni ?\u00a0 Notre service de coop\u00e9ration est \u00e0 votre disposition pour vous aider, vous guider et vous accompagner dans le montage de vos projets. N\u2019h\u00e9sitez pas \u00e0 nous contacter.<\/strong><\/p>\n<p><strong>Contacts<\/strong><\/p>\n<p><strong>Attach\u00e9 de Coop\u00e9ration Universitaire<br \/>\n<\/strong>Antoine Bricout<br \/>\nT\u00e9l\u00e9phone : (021) 23 55 79 19<br \/>\nCourriel : antoine.bricout(at)ifi-id.com<\/p>\n<p><strong>Adjoint de l\u2019Attach\u00e9e de Coop\u00e9ration Universitaire<br \/>\n<\/strong>Gema Pratama<br \/>\nT\u00e9l\u00e9phone : (021) 23 55 79 28<br \/>\nCourriel : gema.pratama(at)ifi-id.com<\/p>\n\t\t\t\t\t\t<\/div>\n\t\t\t\t<\/div>\n\t\t\t\t\t<\/div>\n\t\t<\/div>\n\t\t\t\t\t<\/div>\n\t\t<\/section>\n\t\t\t\t<\/div>\n\t\t","protected":false},"excerpt":{"rendered":"<p>Coop\u00e9ration Universitaire Au sein de l\u2019Institut fran\u00e7ais d\u2019Indon\u00e9sie et de l\u2019Ambassade de France, notre service de coop\u00e9ration universitaire est en charge des missions suivantes\u00a0: Vous appuyer dans le d\u00e9veloppement de vos partenariats entre \u00e9tablissements d\u2019enseignement sup\u00e9rieur fran\u00e7ais et indon\u00e9siens (programmes d\u2019\u00e9changes, doubles dipl\u00f4mes, etc.) gr\u00e2ce \u00e0 un travail de veille et d\u2019identification d\u2019\u00e9tablissements \u00e0 fort &hellip; <\/p>\n<p class=\"link-more\"><a href=\"https:\/\/www.ifi-id.com\/fr\/cooperation-universitaire\/\" class=\"more-link\">Continuer la lecture<span class=\"screen-reader-text\"> de &laquo;&nbsp;Coop\u00e9ration Universitaire&nbsp;&raquo;<\/span><\/a><\/p>\n","protected":false},"author":1,"featured_media":8180,"parent":0,"menu_order":0,"comment_status":"closed","ping_status":"closed","template":"elementor_header_footer","meta":{"footnotes":""},"class_list":["post-5842","page","type-page","status-publish","has-post-thumbnail","hentry"],"yoast_head":"<!-- This site is optimized with the Yoast SEO plugin v23.5 - https:\/\/yoast.com\/wordpress\/plugins\/seo\/ -->\n<title>Coop\u00e9ration Universitaire - Institut fran\u00e7ais Indon\u00e9sie<\/title>\n<meta name=\"robots\" content=\"index, follow, max-snippet:-1, max-image-preview:large, max-video-preview:-1\" \/>\n<link rel=\"canonical\" href=\"https:\/\/www.ifi-id.com\/kerja-sama-universitas\/\" \/>\n<meta property=\"og:locale\" content=\"fr_FR\" \/>\n<meta property=\"og:type\" content=\"article\" \/>\n<meta property=\"og:title\" content=\"Coop\u00e9ration Universitaire - Institut fran\u00e7ais Indon\u00e9sie\" \/>\n<meta property=\"og:description\" content=\"Coop\u00e9ration Universitaire Au sein de l\u2019Institut fran\u00e7ais d\u2019Indon\u00e9sie et de l\u2019Ambassade de France, notre service de coop\u00e9ration universitaire est en charge des missions suivantes\u00a0: Vous appuyer dans le d\u00e9veloppement de vos partenariats entre \u00e9tablissements d\u2019enseignement sup\u00e9rieur fran\u00e7ais et indon\u00e9siens (programmes d\u2019\u00e9changes, doubles dipl\u00f4mes, etc.) gr\u00e2ce \u00e0 un travail de veille et d\u2019identification d\u2019\u00e9tablissements \u00e0 fort &hellip; Continuer la lecture de &laquo;&nbsp;Coop\u00e9ration Universitaire&nbsp;&raquo;\" \/>\n<meta property=\"og:url\" content=\"https:\/\/www.ifi-id.com\/kerja-sama-universitas\/\" \/>\n<meta property=\"og:site_name\" content=\"Institut fran\u00e7ais Indon\u00e9sie\" \/>\n<meta property=\"article:modified_time\" content=\"2023-03-01T11:33:21+00:00\" \/>\n<meta property=\"og:image\" content=\"https:\/\/www.ifi-id.com\/wp-content\/uploads\/2021\/01\/Cooperation-Universitaire.jpg\" \/>\n\t<meta property=\"og:image:width\" content=\"1280\" \/>\n\t<meta property=\"og:image:height\" content=\"720\" \/>\n\t<meta property=\"og:image:type\" content=\"image\/jpeg\" \/>\n<meta name=\"twitter:card\" content=\"summary_large_image\" \/>\n<meta name=\"twitter:label1\" content=\"Dur\u00e9e de lecture estim\u00e9e\" \/>\n\t<meta name=\"twitter:data1\" content=\"3 minutes\" \/>\n<script type=\"application\/ld+json\" class=\"yoast-schema-graph\">{\"@context\":\"https:\/\/schema.org\",\"@graph\":[{\"@type\":\"WebPage\",\"@id\":\"https:\/\/www.ifi-id.com\/kerja-sama-universitas\/\",\"url\":\"https:\/\/www.ifi-id.com\/kerja-sama-universitas\/\",\"name\":\"Coop\u00e9ration Universitaire - Institut fran\u00e7ais Indon\u00e9sie\",\"isPartOf\":{\"@id\":\"https:\/\/www.ifi-id.com\/#website\"},\"primaryImageOfPage\":{\"@id\":\"https:\/\/www.ifi-id.com\/kerja-sama-universitas\/#primaryimage\"},\"image\":{\"@id\":\"https:\/\/www.ifi-id.com\/kerja-sama-universitas\/#primaryimage\"},\"thumbnailUrl\":\"https:\/\/www.ifi-id.com\/wp-content\/uploads\/2021\/01\/Cooperation-Universitaire.jpg\",\"datePublished\":\"2021-01-14T10:33:24+00:00\",\"dateModified\":\"2023-03-01T11:33:21+00:00\",\"breadcrumb\":{\"@id\":\"https:\/\/www.ifi-id.com\/kerja-sama-universitas\/#breadcrumb\"},\"inLanguage\":\"fr-FR\",\"potentialAction\":[{\"@type\":\"ReadAction\",\"target\":[\"https:\/\/www.ifi-id.com\/kerja-sama-universitas\/\"]}]},{\"@type\":\"ImageObject\",\"inLanguage\":\"fr-FR\",\"@id\":\"https:\/\/www.ifi-id.com\/kerja-sama-universitas\/#primaryimage\",\"url\":\"https:\/\/www.ifi-id.com\/wp-content\/uploads\/2021\/01\/Cooperation-Universitaire.jpg\",\"contentUrl\":\"https:\/\/www.ifi-id.com\/wp-content\/uploads\/2021\/01\/Cooperation-Universitaire.jpg\",\"width\":1280,\"height\":720},{\"@type\":\"BreadcrumbList\",\"@id\":\"https:\/\/www.ifi-id.com\/kerja-sama-universitas\/#breadcrumb\",\"itemListElement\":[{\"@type\":\"ListItem\",\"position\":1,\"name\":\"Home\",\"item\":\"https:\/\/www.ifi-id.com\/\"},{\"@type\":\"ListItem\",\"position\":2,\"name\":\"Coop\u00e9ration Universitaire\"}]},{\"@type\":\"WebSite\",\"@id\":\"https:\/\/www.ifi-id.com\/#website\",\"url\":\"https:\/\/www.ifi-id.com\/\",\"name\":\"Institut fran\u00e7ais Indon\u00e9sie\",\"description\":\"\",\"publisher\":{\"@id\":\"https:\/\/www.ifi-id.com\/#organization\"},\"potentialAction\":[{\"@type\":\"SearchAction\",\"target\":{\"@type\":\"EntryPoint\",\"urlTemplate\":\"https:\/\/www.ifi-id.com\/?s={search_term_string}\"},\"query-input\":{\"@type\":\"PropertyValueSpecification\",\"valueRequired\":true,\"valueName\":\"search_term_string\"}}],\"inLanguage\":\"fr-FR\"},{\"@type\":\"Organization\",\"@id\":\"https:\/\/www.ifi-id.com\/#organization\",\"name\":\"Institut fran\u00e7ais Indon\u00e9sie\",\"url\":\"https:\/\/www.ifi-id.com\/\",\"logo\":{\"@type\":\"ImageObject\",\"inLanguage\":\"fr-FR\",\"@id\":\"https:\/\/www.ifi-id.com\/#\/schema\/logo\/image\/\",\"url\":\"https:\/\/www.ifi-id.com\/wp-content\/uploads\/2022\/12\/IFI_New_Logo.jpg\",\"contentUrl\":\"https:\/\/www.ifi-id.com\/wp-content\/uploads\/2022\/12\/IFI_New_Logo.jpg\",\"width\":666,\"height\":444,\"caption\":\"Institut fran\u00e7ais Indon\u00e9sie\"},\"image\":{\"@id\":\"https:\/\/www.ifi-id.com\/#\/schema\/logo\/image\/\"}}]}<\/script>\n<!-- \/ Yoast SEO plugin. -->","yoast_head_json":{"title":"Coop\u00e9ration Universitaire - Institut fran\u00e7ais Indon\u00e9sie","robots":{"index":"index","follow":"follow","max-snippet":"max-snippet:-1","max-image-preview":"max-image-preview:large","max-video-preview":"max-video-preview:-1"},"canonical":"https:\/\/www.ifi-id.com\/kerja-sama-universitas\/","og_locale":"fr_FR","og_type":"article","og_title":"Coop\u00e9ration Universitaire - Institut fran\u00e7ais Indon\u00e9sie","og_description":"Coop\u00e9ration Universitaire Au sein de l\u2019Institut fran\u00e7ais d\u2019Indon\u00e9sie et de l\u2019Ambassade de France, notre service de coop\u00e9ration universitaire est en charge des missions suivantes\u00a0: Vous appuyer dans le d\u00e9veloppement de vos partenariats entre \u00e9tablissements d\u2019enseignement sup\u00e9rieur fran\u00e7ais et indon\u00e9siens (programmes d\u2019\u00e9changes, doubles dipl\u00f4mes, etc.) gr\u00e2ce \u00e0 un travail de veille et d\u2019identification d\u2019\u00e9tablissements \u00e0 fort &hellip; Continuer la lecture de &laquo;&nbsp;Coop\u00e9ration Universitaire&nbsp;&raquo;","og_url":"https:\/\/www.ifi-id.com\/kerja-sama-universitas\/","og_site_name":"Institut fran\u00e7ais Indon\u00e9sie","article_modified_time":"2023-03-01T11:33:21+00:00","og_image":[{"width":1280,"height":720,"url":"https:\/\/www.ifi-id.com\/wp-content\/uploads\/2021\/01\/Cooperation-Universitaire.jpg","type":"image\/jpeg"}],"twitter_card":"summary_large_image","twitter_misc":{"Dur\u00e9e de lecture estim\u00e9e":"3 minutes"},"schema":{"@context":"https:\/\/schema.org","@graph":[{"@type":"WebPage","@id":"https:\/\/www.ifi-id.com\/kerja-sama-universitas\/","url":"https:\/\/www.ifi-id.com\/kerja-sama-universitas\/","name":"Coop\u00e9ration Universitaire - Institut fran\u00e7ais Indon\u00e9sie","isPartOf":{"@id":"https:\/\/www.ifi-id.com\/#website"},"primaryImageOfPage":{"@id":"https:\/\/www.ifi-id.com\/kerja-sama-universitas\/#primaryimage"},"image":{"@id":"https:\/\/www.ifi-id.com\/kerja-sama-universitas\/#primaryimage"},"thumbnailUrl":"https:\/\/www.ifi-id.com\/wp-content\/uploads\/2021\/01\/Cooperation-Universitaire.jpg","datePublished":"2021-01-14T10:33:24+00:00","dateModified":"2023-03-01T11:33:21+00:00","breadcrumb":{"@id":"https:\/\/www.ifi-id.com\/kerja-sama-universitas\/#breadcrumb"},"inLanguage":"fr-FR","potentialAction":[{"@type":"ReadAction","target":["https:\/\/www.ifi-id.com\/kerja-sama-universitas\/"]}]},{"@type":"ImageObject","inLanguage":"fr-FR","@id":"https:\/\/www.ifi-id.com\/kerja-sama-universitas\/#primaryimage","url":"https:\/\/www.ifi-id.com\/wp-content\/uploads\/2021\/01\/Cooperation-Universitaire.jpg","contentUrl":"https:\/\/www.ifi-id.com\/wp-content\/uploads\/2021\/01\/Cooperation-Universitaire.jpg","width":1280,"height":720},{"@type":"BreadcrumbList","@id":"https:\/\/www.ifi-id.com\/kerja-sama-universitas\/#breadcrumb","itemListElement":[{"@type":"ListItem","position":1,"name":"Home","item":"https:\/\/www.ifi-id.com\/"},{"@type":"ListItem","position":2,"name":"Coop\u00e9ration Universitaire"}]},{"@type":"WebSite","@id":"https:\/\/www.ifi-id.com\/#website","url":"https:\/\/www.ifi-id.com\/","name":"Institut fran\u00e7ais Indon\u00e9sie","description":"","publisher":{"@id":"https:\/\/www.ifi-id.com\/#organization"},"potentialAction":[{"@type":"SearchAction","target":{"@type":"EntryPoint","urlTemplate":"https:\/\/www.ifi-id.com\/?s={search_term_string}"},"query-input":{"@type":"PropertyValueSpecification","valueRequired":true,"valueName":"search_term_string"}}],"inLanguage":"fr-FR"},{"@type":"Organization","@id":"https:\/\/www.ifi-id.com\/#organization","name":"Institut fran\u00e7ais Indon\u00e9sie","url":"https:\/\/www.ifi-id.com\/","logo":{"@type":"ImageObject","inLanguage":"fr-FR","@id":"https:\/\/www.ifi-id.com\/#\/schema\/logo\/image\/","url":"https:\/\/www.ifi-id.com\/wp-content\/uploads\/2022\/12\/IFI_New_Logo.jpg","contentUrl":"https:\/\/www.ifi-id.com\/wp-content\/uploads\/2022\/12\/IFI_New_Logo.jpg","width":666,"height":444,"caption":"Institut fran\u00e7ais Indon\u00e9sie"},"image":{"@id":"https:\/\/www.ifi-id.com\/#\/schema\/logo\/image\/"}}]}},"post_mailing_queue_ids":[],"_links":{"self":[{"href":"https:\/\/www.ifi-id.com\/fr\/wp-json\/wp\/v2\/pages\/5842"}],"collection":[{"href":"https:\/\/www.ifi-id.com\/fr\/wp-json\/wp\/v2\/pages"}],"about":[{"href":"https:\/\/www.ifi-id.com\/fr\/wp-json\/wp\/v2\/types\/page"}],"author":[{"embeddable":true,"href":"https:\/\/www.ifi-id.com\/fr\/wp-json\/wp\/v2\/users\/1"}],"replies":[{"embeddable":true,"href":"https:\/\/www.ifi-id.com\/fr\/wp-json\/wp\/v2\/comments?post=5842"}],"version-history":[{"count":8,"href":"https:\/\/www.ifi-id.com\/fr\/wp-json\/wp\/v2\/pages\/5842\/revisions"}],"predecessor-version":[{"id":33755,"href":"https:\/\/www.ifi-id.com\/fr\/wp-json\/wp\/v2\/pages\/5842\/revisions\/33755"}],"wp:featuredmedia":[{"embeddable":true,"href":"https:\/\/www.ifi-id.com\/fr\/wp-json\/wp\/v2\/media\/8180"}],"wp:attachment":[{"href":"https:\/\/www.ifi-id.com\/fr\/wp-json\/wp\/v2\/media?parent=5842"}],"curies":[{"name":"wp","href":"https:\/\/api.w.org\/{rel}","templated":true}]}}