{"id":5809,"date":"2021-01-14T09:03:52","date_gmt":"2021-01-14T09:03:52","guid":{"rendered":"https:\/\/ifi.lab.virus.co.id\/?page_id=5809"},"modified":"2023-01-04T15:55:27","modified_gmt":"2023-01-04T08:55:27","slug":"activites-culturelles","status":"publish","type":"page","link":"https:\/\/www.ifi-id.com\/fr\/activites-culturelles\/","title":{"rendered":"Activit\u00e9s culturelles"},"content":{"rendered":"\t\t<div data-elementor-type=\"wp-page\" data-elementor-id=\"5809\" class=\"elementor elementor-5809 elementor-4197\" data-elementor-post-type=\"page\">\n\t\t\t\t\t\t<section class=\"elementor-section elementor-top-section elementor-element elementor-element-1273294 elementor-section-boxed elementor-section-height-default elementor-section-height-default\" data-id=\"1273294\" data-element_type=\"section\">\n\t\t\t\t\t\t<div class=\"elementor-container elementor-column-gap-default\">\n\t\t\t\t\t<div class=\"elementor-column elementor-col-100 elementor-top-column elementor-element elementor-element-0212dd9\" data-id=\"0212dd9\" data-element_type=\"column\">\n\t\t\t<div class=\"elementor-widget-wrap elementor-element-populated\">\n\t\t\t\t\t\t<div class=\"elementor-element elementor-element-f0c25fc elementor-widget elementor-widget-heading\" data-id=\"f0c25fc\" data-element_type=\"widget\" data-widget_type=\"heading.default\">\n\t\t\t\t<div class=\"elementor-widget-container\">\n\t\t\t<h2 class=\"elementor-heading-title elementor-size-default\">Activit\u00e9s culturelles<\/h2>\t\t<\/div>\n\t\t\t\t<\/div>\n\t\t\t\t\t<\/div>\n\t\t<\/div>\n\t\t\t\t\t<\/div>\n\t\t<\/section>\n\t\t\t\t<section class=\"elementor-section elementor-top-section elementor-element elementor-element-850e3fe elementor-section-boxed elementor-section-height-default elementor-section-height-default\" data-id=\"850e3fe\" data-element_type=\"section\">\n\t\t\t\t\t\t<div class=\"elementor-container elementor-column-gap-default\">\n\t\t\t\t\t<div class=\"elementor-column elementor-col-100 elementor-top-column elementor-element elementor-element-5ef479d\" data-id=\"5ef479d\" data-element_type=\"column\">\n\t\t\t<div class=\"elementor-widget-wrap elementor-element-populated\">\n\t\t\t\t\t\t<div class=\"elementor-element elementor-element-41ea977 elementor-arrows-position-inside elementor-pagination-position-outside elementor-widget elementor-widget-image-carousel\" data-id=\"41ea977\" data-element_type=\"widget\" data-settings=\"{&quot;slides_to_show&quot;:&quot;1&quot;,&quot;navigation&quot;:&quot;both&quot;,&quot;autoplay&quot;:&quot;yes&quot;,&quot;pause_on_hover&quot;:&quot;yes&quot;,&quot;pause_on_interaction&quot;:&quot;yes&quot;,&quot;autoplay_speed&quot;:5000,&quot;infinite&quot;:&quot;yes&quot;,&quot;effect&quot;:&quot;slide&quot;,&quot;speed&quot;:500}\" data-widget_type=\"image-carousel.default\">\n\t\t\t\t<div class=\"elementor-widget-container\">\n\t\t\t\t\t<div class=\"elementor-image-carousel-wrapper swiper\" dir=\"ltr\">\n\t\t\t<div class=\"elementor-image-carousel swiper-wrapper\" aria-live=\"off\">\n\t\t\t\t\t\t\t\t<div class=\"swiper-slide\" role=\"group\" aria-roledescription=\"slide\" aria-label=\"1 sur 3\"><figure class=\"swiper-slide-inner\"><img decoding=\"async\" class=\"swiper-slide-image\" src=\"https:\/\/www.ifi-id.com\/wp-content\/uploads\/2021\/04\/WEB-NDR_13802-e1619599859960.jpg\" alt=\"WEB-NDR_13802\" \/><\/figure><\/div><div class=\"swiper-slide\" role=\"group\" aria-roledescription=\"slide\" aria-label=\"2 sur 3\"><figure class=\"swiper-slide-inner\"><img decoding=\"async\" class=\"swiper-slide-image\" src=\"https:\/\/www.ifi-id.com\/wp-content\/uploads\/2022\/11\/1-2-scaled-e1668516011454.jpg\" alt=\"1\" \/><\/figure><\/div><div class=\"swiper-slide\" role=\"group\" aria-roledescription=\"slide\" aria-label=\"3 sur 3\"><figure class=\"swiper-slide-inner\"><img decoding=\"async\" class=\"swiper-slide-image\" src=\"https:\/\/www.ifi-id.com\/wp-content\/uploads\/2022\/11\/3-1-scaled-e1668516023283.jpg\" alt=\"3\" \/><\/figure><\/div>\t\t\t<\/div>\n\t\t\t\t\t\t\t\t\t\t\t\t<div class=\"elementor-swiper-button elementor-swiper-button-prev\" role=\"button\" tabindex=\"0\">\n\t\t\t\t\t\t<i aria-hidden=\"true\" class=\"eicon-chevron-left\"><\/i>\t\t\t\t\t<\/div>\n\t\t\t\t\t<div class=\"elementor-swiper-button elementor-swiper-button-next\" role=\"button\" tabindex=\"0\">\n\t\t\t\t\t\t<i aria-hidden=\"true\" class=\"eicon-chevron-right\"><\/i>\t\t\t\t\t<\/div>\n\t\t\t\t\n\t\t\t\t\t\t\t\t\t<div class=\"swiper-pagination\"><\/div>\n\t\t\t\t\t\t\t\t\t<\/div>\n\t\t\t\t<\/div>\n\t\t\t\t<\/div>\n\t\t\t\t\t<\/div>\n\t\t<\/div>\n\t\t\t\t\t<\/div>\n\t\t<\/section>\n\t\t\t\t<section class=\"elementor-section elementor-top-section elementor-element elementor-element-e978212 elementor-section-boxed elementor-section-height-default elementor-section-height-default\" data-id=\"e978212\" data-element_type=\"section\">\n\t\t\t\t\t\t<div class=\"elementor-container elementor-column-gap-default\">\n\t\t\t\t\t<div class=\"elementor-column elementor-col-100 elementor-top-column elementor-element elementor-element-23628c8\" data-id=\"23628c8\" data-element_type=\"column\">\n\t\t\t<div class=\"elementor-widget-wrap elementor-element-populated\">\n\t\t\t\t\t\t<div class=\"elementor-element elementor-element-a85f8fc elementor-widget elementor-widget-text-editor\" data-id=\"a85f8fc\" data-element_type=\"widget\" data-widget_type=\"text-editor.default\">\n\t\t\t\t<div class=\"elementor-widget-container\">\n\t\t\t\t\t\t\t<p>L\u2019Institut fran\u00e7ais d\u2019Indon\u00e9sie (IFI) inscrit sa programmation dans le dialogue culturel entre l\u2019Indon\u00e9sie et la France. \u00c0 travers des r\u00e9sidences de cr\u00e9ation et \u00e9v\u00e8nements pluridisciplinaires tels que le th\u00e9\u00e2tre, la danse, les arts visuels, la musique, et le cin\u00e9ma, l\u2019IFI porte une attention particuli\u00e8re \u00e0 la cr\u00e9ation contemporaine.<\/p>\n<p>De la projection \u00e0 l\u2019exposition, de la performance au d\u00e9bat artistique, l\u2019IFI est un lieu de partage entre acteurs de la vie culturelle indon\u00e9sienne et fran\u00e7aise. Une des missions principales de l\u2019IFI est de promouvoir et diffuser des \u00e9changes de savoirs, expertises et comp\u00e9tences entre les deux pays. Cela passe par des collaborations sur des festivals, des envois d\u2019artistes indon\u00e9siens en France, des projets de coop\u00e9ration et cr\u00e9ation crois\u00e9es.<\/p>\n<p>Le b\u00e2timent de l\u2019IFI, situ\u00e9 \u00e0 Thamrin, est h\u00f4te de nombreuses manifestations, surtout gr\u00e2ce \u00e0 son auditorium. Pouvant accueillir jusqu\u2019\u00e0 180 invit\u00e9s, il offre des s\u00e9ances de cin\u00e9ma th\u00e9matique\u00a0: \u00ab\u00a0Cine-Macet\u00a0\u00bb et organise de mani\u00e8re annuelle le festival du cin\u00e9ma fran\u00e7ais.<\/p>\n<p>L\u2019IFI a \u00e9galement d\u00e9velopp\u00e9 un programme mensuel de musique actuelle\u00a0avec la sc\u00e8ne locale : \u00ab\u00a0Supersonik\u00a0\u00bb o\u00f9 carte blanche est donn\u00e9e \u00e0 un groupe local. Enfin, l\u2019IFI se fait le relais des grands rendez-vous fran\u00e7ais\u00a0: la Francophonie, la Nuit des Id\u00e9es, la F\u00eate de la Musique, les journ\u00e9es du patrimoine\u2026<\/p>\n<p>Dynamique, ouvert, multidisciplinaire, original, et enrichissant, l\u2019IFI organise plus d\u2019une centaine d\u2019\u00e9v\u00e8nements par an, chacun recevant de nombreux visiteurs d\u2019horizons vari\u00e9s\u2026<\/p>\n\t\t\t\t\t\t<\/div>\n\t\t\t\t<\/div>\n\t\t\t\t\t<\/div>\n\t\t<\/div>\n\t\t\t\t\t<\/div>\n\t\t<\/section>\n\t\t\t\t<\/div>\n\t\t","protected":false},"excerpt":{"rendered":"<p>Activit\u00e9s culturelles Previous Next L\u2019Institut fran\u00e7ais d\u2019Indon\u00e9sie (IFI) inscrit sa programmation dans le dialogue culturel entre l\u2019Indon\u00e9sie et la France. \u00c0 travers des r\u00e9sidences de cr\u00e9ation et \u00e9v\u00e8nements pluridisciplinaires tels que le th\u00e9\u00e2tre, la danse, les arts visuels, la musique, et le cin\u00e9ma, l\u2019IFI porte une attention particuli\u00e8re \u00e0 la cr\u00e9ation contemporaine. De la projection &hellip; <\/p>\n<p class=\"link-more\"><a href=\"https:\/\/www.ifi-id.com\/fr\/activites-culturelles\/\" class=\"more-link\">Continuer la lecture<span class=\"screen-reader-text\"> de &laquo;&nbsp;Activit\u00e9s culturelles&nbsp;&raquo;<\/span><\/a><\/p>\n","protected":false},"author":1,"featured_media":0,"parent":0,"menu_order":0,"comment_status":"closed","ping_status":"closed","template":"elementor_header_footer","meta":{"footnotes":""},"class_list":["post-5809","page","type-page","status-publish","hentry"],"yoast_head":"<!-- This site is optimized with the Yoast SEO plugin v23.5 - https:\/\/yoast.com\/wordpress\/plugins\/seo\/ -->\n<title>Activit\u00e9s culturelles - Institut fran\u00e7ais Indon\u00e9sie<\/title>\n<meta name=\"robots\" content=\"index, follow, max-snippet:-1, max-image-preview:large, max-video-preview:-1\" \/>\n<link rel=\"canonical\" href=\"https:\/\/www.ifi-id.com\/fr\/activites-culturelles\/\" \/>\n<meta property=\"og:locale\" content=\"fr_FR\" \/>\n<meta property=\"og:type\" content=\"article\" \/>\n<meta property=\"og:title\" content=\"Activit\u00e9s culturelles - Institut fran\u00e7ais Indon\u00e9sie\" \/>\n<meta property=\"og:description\" content=\"Activit\u00e9s culturelles Previous Next L\u2019Institut fran\u00e7ais d\u2019Indon\u00e9sie (IFI) inscrit sa programmation dans le dialogue culturel entre l\u2019Indon\u00e9sie et la France. \u00c0 travers des r\u00e9sidences de cr\u00e9ation et \u00e9v\u00e8nements pluridisciplinaires tels que le th\u00e9\u00e2tre, la danse, les arts visuels, la musique, et le cin\u00e9ma, l\u2019IFI porte une attention particuli\u00e8re \u00e0 la cr\u00e9ation contemporaine. De la projection &hellip; Continuer la lecture de &laquo;&nbsp;Activit\u00e9s culturelles&nbsp;&raquo;\" \/>\n<meta property=\"og:url\" content=\"https:\/\/www.ifi-id.com\/fr\/activites-culturelles\/\" \/>\n<meta property=\"og:site_name\" content=\"Institut fran\u00e7ais Indon\u00e9sie\" \/>\n<meta property=\"article:modified_time\" content=\"2023-01-04T08:55:27+00:00\" \/>\n<meta property=\"og:image\" content=\"https:\/\/www.ifi-id.com\/wp-content\/uploads\/2021\/04\/WEB-NDR_13802-e1619599859960.jpg\" \/>\n<meta name=\"twitter:card\" content=\"summary_large_image\" \/>\n<meta name=\"twitter:label1\" content=\"Dur\u00e9e de lecture estim\u00e9e\" \/>\n\t<meta name=\"twitter:data1\" content=\"3 minutes\" \/>\n<script type=\"application\/ld+json\" class=\"yoast-schema-graph\">{\"@context\":\"https:\/\/schema.org\",\"@graph\":[{\"@type\":\"WebPage\",\"@id\":\"https:\/\/www.ifi-id.com\/fr\/activites-culturelles\/\",\"url\":\"https:\/\/www.ifi-id.com\/fr\/activites-culturelles\/\",\"name\":\"Activit\u00e9s culturelles - Institut fran\u00e7ais Indon\u00e9sie\",\"isPartOf\":{\"@id\":\"https:\/\/www.ifi-id.com\/#website\"},\"primaryImageOfPage\":{\"@id\":\"https:\/\/www.ifi-id.com\/fr\/activites-culturelles\/#primaryimage\"},\"image\":{\"@id\":\"https:\/\/www.ifi-id.com\/fr\/activites-culturelles\/#primaryimage\"},\"thumbnailUrl\":\"https:\/\/www.ifi-id.com\/wp-content\/uploads\/2021\/04\/WEB-NDR_13802-e1619599859960.jpg\",\"datePublished\":\"2021-01-14T09:03:52+00:00\",\"dateModified\":\"2023-01-04T08:55:27+00:00\",\"breadcrumb\":{\"@id\":\"https:\/\/www.ifi-id.com\/fr\/activites-culturelles\/#breadcrumb\"},\"inLanguage\":\"fr-FR\",\"potentialAction\":[{\"@type\":\"ReadAction\",\"target\":[\"https:\/\/www.ifi-id.com\/fr\/activites-culturelles\/\"]}]},{\"@type\":\"ImageObject\",\"inLanguage\":\"fr-FR\",\"@id\":\"https:\/\/www.ifi-id.com\/fr\/activites-culturelles\/#primaryimage\",\"url\":\"https:\/\/www.ifi-id.com\/wp-content\/uploads\/2021\/04\/WEB-NDR_13802-e1619599859960.jpg\",\"contentUrl\":\"https:\/\/www.ifi-id.com\/wp-content\/uploads\/2021\/04\/WEB-NDR_13802-e1619599859960.jpg\"},{\"@type\":\"BreadcrumbList\",\"@id\":\"https:\/\/www.ifi-id.com\/fr\/activites-culturelles\/#breadcrumb\",\"itemListElement\":[{\"@type\":\"ListItem\",\"position\":1,\"name\":\"Home\",\"item\":\"https:\/\/www.ifi-id.com\/\"},{\"@type\":\"ListItem\",\"position\":2,\"name\":\"Activit\u00e9s culturelles\"}]},{\"@type\":\"WebSite\",\"@id\":\"https:\/\/www.ifi-id.com\/#website\",\"url\":\"https:\/\/www.ifi-id.com\/\",\"name\":\"Institut fran\u00e7ais Indon\u00e9sie\",\"description\":\"\",\"publisher\":{\"@id\":\"https:\/\/www.ifi-id.com\/#organization\"},\"potentialAction\":[{\"@type\":\"SearchAction\",\"target\":{\"@type\":\"EntryPoint\",\"urlTemplate\":\"https:\/\/www.ifi-id.com\/?s={search_term_string}\"},\"query-input\":{\"@type\":\"PropertyValueSpecification\",\"valueRequired\":true,\"valueName\":\"search_term_string\"}}],\"inLanguage\":\"fr-FR\"},{\"@type\":\"Organization\",\"@id\":\"https:\/\/www.ifi-id.com\/#organization\",\"name\":\"Institut fran\u00e7ais Indon\u00e9sie\",\"url\":\"https:\/\/www.ifi-id.com\/\",\"logo\":{\"@type\":\"ImageObject\",\"inLanguage\":\"fr-FR\",\"@id\":\"https:\/\/www.ifi-id.com\/#\/schema\/logo\/image\/\",\"url\":\"https:\/\/www.ifi-id.com\/wp-content\/uploads\/2022\/12\/IFI_New_Logo.jpg\",\"contentUrl\":\"https:\/\/www.ifi-id.com\/wp-content\/uploads\/2022\/12\/IFI_New_Logo.jpg\",\"width\":666,\"height\":444,\"caption\":\"Institut fran\u00e7ais Indon\u00e9sie\"},\"image\":{\"@id\":\"https:\/\/www.ifi-id.com\/#\/schema\/logo\/image\/\"}}]}<\/script>\n<!-- \/ Yoast SEO plugin. -->","yoast_head_json":{"title":"Activit\u00e9s culturelles - Institut fran\u00e7ais Indon\u00e9sie","robots":{"index":"index","follow":"follow","max-snippet":"max-snippet:-1","max-image-preview":"max-image-preview:large","max-video-preview":"max-video-preview:-1"},"canonical":"https:\/\/www.ifi-id.com\/fr\/activites-culturelles\/","og_locale":"fr_FR","og_type":"article","og_title":"Activit\u00e9s culturelles - Institut fran\u00e7ais Indon\u00e9sie","og_description":"Activit\u00e9s culturelles Previous Next L\u2019Institut fran\u00e7ais d\u2019Indon\u00e9sie (IFI) inscrit sa programmation dans le dialogue culturel entre l\u2019Indon\u00e9sie et la France. \u00c0 travers des r\u00e9sidences de cr\u00e9ation et \u00e9v\u00e8nements pluridisciplinaires tels que le th\u00e9\u00e2tre, la danse, les arts visuels, la musique, et le cin\u00e9ma, l\u2019IFI porte une attention particuli\u00e8re \u00e0 la cr\u00e9ation contemporaine. De la projection &hellip; Continuer la lecture de &laquo;&nbsp;Activit\u00e9s culturelles&nbsp;&raquo;","og_url":"https:\/\/www.ifi-id.com\/fr\/activites-culturelles\/","og_site_name":"Institut fran\u00e7ais Indon\u00e9sie","article_modified_time":"2023-01-04T08:55:27+00:00","og_image":[{"url":"https:\/\/www.ifi-id.com\/wp-content\/uploads\/2021\/04\/WEB-NDR_13802-e1619599859960.jpg"}],"twitter_card":"summary_large_image","twitter_misc":{"Dur\u00e9e de lecture estim\u00e9e":"3 minutes"},"schema":{"@context":"https:\/\/schema.org","@graph":[{"@type":"WebPage","@id":"https:\/\/www.ifi-id.com\/fr\/activites-culturelles\/","url":"https:\/\/www.ifi-id.com\/fr\/activites-culturelles\/","name":"Activit\u00e9s culturelles - Institut fran\u00e7ais Indon\u00e9sie","isPartOf":{"@id":"https:\/\/www.ifi-id.com\/#website"},"primaryImageOfPage":{"@id":"https:\/\/www.ifi-id.com\/fr\/activites-culturelles\/#primaryimage"},"image":{"@id":"https:\/\/www.ifi-id.com\/fr\/activites-culturelles\/#primaryimage"},"thumbnailUrl":"https:\/\/www.ifi-id.com\/wp-content\/uploads\/2021\/04\/WEB-NDR_13802-e1619599859960.jpg","datePublished":"2021-01-14T09:03:52+00:00","dateModified":"2023-01-04T08:55:27+00:00","breadcrumb":{"@id":"https:\/\/www.ifi-id.com\/fr\/activites-culturelles\/#breadcrumb"},"inLanguage":"fr-FR","potentialAction":[{"@type":"ReadAction","target":["https:\/\/www.ifi-id.com\/fr\/activites-culturelles\/"]}]},{"@type":"ImageObject","inLanguage":"fr-FR","@id":"https:\/\/www.ifi-id.com\/fr\/activites-culturelles\/#primaryimage","url":"https:\/\/www.ifi-id.com\/wp-content\/uploads\/2021\/04\/WEB-NDR_13802-e1619599859960.jpg","contentUrl":"https:\/\/www.ifi-id.com\/wp-content\/uploads\/2021\/04\/WEB-NDR_13802-e1619599859960.jpg"},{"@type":"BreadcrumbList","@id":"https:\/\/www.ifi-id.com\/fr\/activites-culturelles\/#breadcrumb","itemListElement":[{"@type":"ListItem","position":1,"name":"Home","item":"https:\/\/www.ifi-id.com\/"},{"@type":"ListItem","position":2,"name":"Activit\u00e9s culturelles"}]},{"@type":"WebSite","@id":"https:\/\/www.ifi-id.com\/#website","url":"https:\/\/www.ifi-id.com\/","name":"Institut fran\u00e7ais Indon\u00e9sie","description":"","publisher":{"@id":"https:\/\/www.ifi-id.com\/#organization"},"potentialAction":[{"@type":"SearchAction","target":{"@type":"EntryPoint","urlTemplate":"https:\/\/www.ifi-id.com\/?s={search_term_string}"},"query-input":{"@type":"PropertyValueSpecification","valueRequired":true,"valueName":"search_term_string"}}],"inLanguage":"fr-FR"},{"@type":"Organization","@id":"https:\/\/www.ifi-id.com\/#organization","name":"Institut fran\u00e7ais Indon\u00e9sie","url":"https:\/\/www.ifi-id.com\/","logo":{"@type":"ImageObject","inLanguage":"fr-FR","@id":"https:\/\/www.ifi-id.com\/#\/schema\/logo\/image\/","url":"https:\/\/www.ifi-id.com\/wp-content\/uploads\/2022\/12\/IFI_New_Logo.jpg","contentUrl":"https:\/\/www.ifi-id.com\/wp-content\/uploads\/2022\/12\/IFI_New_Logo.jpg","width":666,"height":444,"caption":"Institut fran\u00e7ais Indon\u00e9sie"},"image":{"@id":"https:\/\/www.ifi-id.com\/#\/schema\/logo\/image\/"}}]}},"post_mailing_queue_ids":[],"_links":{"self":[{"href":"https:\/\/www.ifi-id.com\/fr\/wp-json\/wp\/v2\/pages\/5809"}],"collection":[{"href":"https:\/\/www.ifi-id.com\/fr\/wp-json\/wp\/v2\/pages"}],"about":[{"href":"https:\/\/www.ifi-id.com\/fr\/wp-json\/wp\/v2\/types\/page"}],"author":[{"embeddable":true,"href":"https:\/\/www.ifi-id.com\/fr\/wp-json\/wp\/v2\/users\/1"}],"replies":[{"embeddable":true,"href":"https:\/\/www.ifi-id.com\/fr\/wp-json\/wp\/v2\/comments?post=5809"}],"version-history":[{"count":13,"href":"https:\/\/www.ifi-id.com\/fr\/wp-json\/wp\/v2\/pages\/5809\/revisions"}],"predecessor-version":[{"id":31895,"href":"https:\/\/www.ifi-id.com\/fr\/wp-json\/wp\/v2\/pages\/5809\/revisions\/31895"}],"wp:attachment":[{"href":"https:\/\/www.ifi-id.com\/fr\/wp-json\/wp\/v2\/media?parent=5809"}],"curies":[{"name":"wp","href":"https:\/\/api.w.org\/{rel}","templated":true}]}}