{"id":5787,"date":"2021-01-14T08:51:42","date_gmt":"2021-01-14T08:51:42","guid":{"rendered":"https:\/\/ifi.lab.virus.co.id\/?page_id=5787"},"modified":"2023-03-01T18:37:54","modified_gmt":"2023-03-01T11:37:54","slug":"campus-france","status":"publish","type":"page","link":"https:\/\/www.ifi-id.com\/fr\/campus-france\/","title":{"rendered":"Campus France"},"content":{"rendered":"\t\t<div data-elementor-type=\"wp-page\" data-elementor-id=\"5787\" class=\"elementor elementor-5787 elementor-4143\" data-elementor-post-type=\"page\">\n\t\t\t\t\t\t<section class=\"elementor-section elementor-top-section elementor-element elementor-element-6b7a13a elementor-section-boxed elementor-section-height-default elementor-section-height-default\" data-id=\"6b7a13a\" data-element_type=\"section\">\n\t\t\t\t\t\t<div class=\"elementor-container elementor-column-gap-default\">\n\t\t\t\t\t<div class=\"elementor-column elementor-col-100 elementor-top-column elementor-element elementor-element-0300c84\" data-id=\"0300c84\" data-element_type=\"column\">\n\t\t\t<div class=\"elementor-widget-wrap elementor-element-populated\">\n\t\t\t\t\t\t<div class=\"elementor-element elementor-element-dbe32d6 elementor-widget elementor-widget-heading\" data-id=\"dbe32d6\" data-element_type=\"widget\" data-widget_type=\"heading.default\">\n\t\t\t\t<div class=\"elementor-widget-container\">\n\t\t\t<h2 class=\"elementor-heading-title elementor-size-default\">Campus France<\/h2>\t\t<\/div>\n\t\t\t\t<\/div>\n\t\t\t\t\t<\/div>\n\t\t<\/div>\n\t\t\t\t\t<\/div>\n\t\t<\/section>\n\t\t\t\t<section class=\"elementor-section elementor-top-section elementor-element elementor-element-dd43d00 elementor-section-boxed elementor-section-height-default elementor-section-height-default\" data-id=\"dd43d00\" data-element_type=\"section\">\n\t\t\t\t\t\t<div class=\"elementor-container elementor-column-gap-default\">\n\t\t\t\t\t<div class=\"elementor-column elementor-col-100 elementor-top-column elementor-element elementor-element-20a2fc3\" data-id=\"20a2fc3\" data-element_type=\"column\">\n\t\t\t<div class=\"elementor-widget-wrap elementor-element-populated\">\n\t\t\t\t\t\t<div class=\"elementor-element elementor-element-cf325fc elementor-arrows-position-inside elementor-pagination-position-outside elementor-widget elementor-widget-image-carousel\" data-id=\"cf325fc\" data-element_type=\"widget\" data-settings=\"{&quot;slides_to_show&quot;:&quot;1&quot;,&quot;navigation&quot;:&quot;both&quot;,&quot;autoplay&quot;:&quot;yes&quot;,&quot;pause_on_hover&quot;:&quot;yes&quot;,&quot;pause_on_interaction&quot;:&quot;yes&quot;,&quot;autoplay_speed&quot;:5000,&quot;infinite&quot;:&quot;yes&quot;,&quot;effect&quot;:&quot;slide&quot;,&quot;speed&quot;:500}\" data-widget_type=\"image-carousel.default\">\n\t\t\t\t<div class=\"elementor-widget-container\">\n\t\t\t\t\t<div class=\"elementor-image-carousel-wrapper swiper\" dir=\"ltr\">\n\t\t\t<div class=\"elementor-image-carousel swiper-wrapper\" aria-live=\"off\">\n\t\t\t\t\t\t\t\t<div class=\"swiper-slide\" role=\"group\" aria-roledescription=\"slide\" aria-label=\"1 sur 2\"><figure class=\"swiper-slide-inner\"><img decoding=\"async\" class=\"swiper-slide-image\" src=\"https:\/\/www.ifi-id.com\/wp-content\/uploads\/2021\/01\/Campus-France-2.jpg\" alt=\"Campus France\" \/><\/figure><\/div><div class=\"swiper-slide\" role=\"group\" aria-roledescription=\"slide\" aria-label=\"2 sur 2\"><figure class=\"swiper-slide-inner\"><img decoding=\"async\" class=\"swiper-slide-image\" src=\"https:\/\/www.ifi-id.com\/wp-content\/uploads\/2021\/01\/Campus-France.jpg\" alt=\"Campus France\" \/><\/figure><\/div>\t\t\t<\/div>\n\t\t\t\t\t\t\t\t\t\t\t\t<div class=\"elementor-swiper-button elementor-swiper-button-prev\" role=\"button\" tabindex=\"0\">\n\t\t\t\t\t\t<i aria-hidden=\"true\" class=\"eicon-chevron-left\"><\/i>\t\t\t\t\t<\/div>\n\t\t\t\t\t<div class=\"elementor-swiper-button elementor-swiper-button-next\" role=\"button\" tabindex=\"0\">\n\t\t\t\t\t\t<i aria-hidden=\"true\" class=\"eicon-chevron-right\"><\/i>\t\t\t\t\t<\/div>\n\t\t\t\t\n\t\t\t\t\t\t\t\t\t<div class=\"swiper-pagination\"><\/div>\n\t\t\t\t\t\t\t\t\t<\/div>\n\t\t\t\t<\/div>\n\t\t\t\t<\/div>\n\t\t\t\t\t<\/div>\n\t\t<\/div>\n\t\t\t\t\t<\/div>\n\t\t<\/section>\n\t\t\t\t<section class=\"elementor-section elementor-top-section elementor-element elementor-element-fefd528 elementor-section-boxed elementor-section-height-default elementor-section-height-default\" data-id=\"fefd528\" data-element_type=\"section\">\n\t\t\t\t\t\t<div class=\"elementor-container elementor-column-gap-default\">\n\t\t\t\t\t<div class=\"elementor-column elementor-col-100 elementor-top-column elementor-element elementor-element-f1473dd\" data-id=\"f1473dd\" data-element_type=\"column\">\n\t\t\t<div class=\"elementor-widget-wrap elementor-element-populated\">\n\t\t\t\t\t\t<div class=\"elementor-element elementor-element-49379fab elementor-widget elementor-widget-text-editor\" data-id=\"49379fab\" data-element_type=\"widget\" data-widget_type=\"text-editor.default\">\n\t\t\t\t<div class=\"elementor-widget-container\">\n\t\t\t\t\t\t\t<p>Campus France est l\u2019op\u00e9rateur national fran\u00e7ais charg\u00e9e de la promotion de l\u2019enseignement sup\u00e9rieur, de l\u2019accueil des \u00e9tudiants \u00e9trangers et de la mobilit\u00e9 internationale.<\/p>\n<p>Si vous \u00eates un \u00e9tudiant indon\u00e9sien souhaitant \u00e9tudier en France, Campus France Indon\u00e9sie est \u00e0 votre disposition afin de vous accompagner dans votre projet d\u2019\u00e9tudes : de votre candidature aupr\u00e8s d\u2019un \u00e9tablissement d\u2019enseignement sup\u00e9rieur \u00e0 votre demande de visa et votre pr\u00e9paration au d\u00e9part.<\/p>\n<p>Sous la tutelle de l\u2019Institut Fran\u00e7ais d\u2019Indon\u00e9sie, les \u00e9quipes de Campus France Indon\u00e9sie sont charg\u00e9es des missions suivantes\u00a0:<\/p>\n<p><strong>Promouvoir l\u2019enseignement sup\u00e9rieur fran\u00e7ais <\/strong>: nous r\u00e9alisons toute l\u2019ann\u00e9e des pr\u00e9sentations lors de salons \u00e9tudiants, participons \u00e0 diverses manifestations dans les \u00e9tablissements, assurons la promotion et la mise en place de programmes de bourses, et soutenons les actions des \u00e9tablissements d\u2019enseignement sup\u00e9rieur fran\u00e7ais.<\/p>\n<p><strong>Accompagner les candidats aux \u00e9tudes en France dans l\u2019\u00e9laboration de leur projet d\u2019\u00e9tudes et leur inscription dans les \u00e9tablissements d\u2019enseignement sup\u00e9rieur fran\u00e7ais<\/strong> : Campus France constitue une \u00e9tape obligatoire pour toute personne souhaitant \u00e9tudier en France. En plus de l\u2019\u00e9valuation de votre projet d\u2019\u00e9tudes, n\u00e9cessaire \u00e0 votre demande de visa \u00e9tudiant, nous sommes charg\u00e9s de vous fournir toutes les informations n\u00e9cessaires sur l\u2019offre fran\u00e7aise en mati\u00e8re d\u2019enseignement sup\u00e9rieur et de vous soutenir dans vos candidatures et vos d\u00e9marches administratives pr\u00e9-consulaires.<\/p>\n<p>Gr\u00e2ce \u00e0 notre implantation au c\u0153ur du r\u00e9seau de l\u2019action ext\u00e9rieure de la France, nous pouvons vous<strong> fournir une expertise sur le syst\u00e8me d\u2019enseignement sup\u00e9rieur et la mobilit\u00e9 \u00e9tudiante locale<\/strong>.<\/p>\n<p>Nous disposons de 4 bureaux en Indon\u00e9sie, dans les principales villes universitaires du pays, au sein des locaux des Instituts Fran\u00e7ais \u00e0 Jakarta, Bandung et Surabaya et \u00e0 l\u2019Alliance fran\u00e7aise de Medan.<\/p>\n<p>Trouvez plus d\u2019information sur Campus France Indon\u00e9sie sur notre site internet et nos r\u00e9seaux sociaux !<\/p>\n\t\t\t\t\t\t<\/div>\n\t\t\t\t<\/div>\n\t\t\t\t\t<\/div>\n\t\t<\/div>\n\t\t\t\t\t<\/div>\n\t\t<\/section>\n\t\t\t\t<section class=\"elementor-section elementor-top-section elementor-element elementor-element-059ddf9 elementor-section-boxed elementor-section-height-default elementor-section-height-default\" data-id=\"059ddf9\" data-element_type=\"section\">\n\t\t\t\t\t\t<div class=\"elementor-container elementor-column-gap-default\">\n\t\t\t\t\t<div class=\"elementor-column elementor-col-100 elementor-top-column elementor-element elementor-element-7211182\" data-id=\"7211182\" data-element_type=\"column\">\n\t\t\t<div class=\"elementor-widget-wrap elementor-element-populated\">\n\t\t\t\t\t\t<div class=\"elementor-element elementor-element-5d8eb65 elementor-shape-circle e-grid-align-left e-grid-align-tablet-left e-grid-align-mobile-left elementor-grid-tablet-0 elementor-grid-0 elementor-widget elementor-widget-social-icons\" data-id=\"5d8eb65\" data-element_type=\"widget\" data-widget_type=\"social-icons.default\">\n\t\t\t\t<div class=\"elementor-widget-container\">\n\t\t\t\t\t<div class=\"elementor-social-icons-wrapper elementor-grid\">\n\t\t\t\t\t\t\t<span class=\"elementor-grid-item\">\n\t\t\t\t\t<a class=\"elementor-icon elementor-social-icon elementor-social-icon-instagram elementor-repeater-item-e44b4a8\" href=\"https:\/\/www.instagram.com\/campusfranceina\/\" target=\"_blank\">\n\t\t\t\t\t\t<span class=\"elementor-screen-only\">Instagram<\/span>\n\t\t\t\t\t\t<i class=\"fab fa-instagram\"><\/i>\t\t\t\t\t<\/a>\n\t\t\t\t<\/span>\n\t\t\t\t\t\t\t<span class=\"elementor-grid-item\">\n\t\t\t\t\t<a class=\"elementor-icon elementor-social-icon elementor-social-icon-facebook elementor-repeater-item-b209873\" href=\"https:\/\/www.facebook.com\/CampusFranceIndonesia\" target=\"_blank\">\n\t\t\t\t\t\t<span class=\"elementor-screen-only\">Facebook<\/span>\n\t\t\t\t\t\t<i class=\"fab fa-facebook\"><\/i>\t\t\t\t\t<\/a>\n\t\t\t\t<\/span>\n\t\t\t\t\t\t\t<span class=\"elementor-grid-item\">\n\t\t\t\t\t<a class=\"elementor-icon elementor-social-icon elementor-social-icon-twitter elementor-repeater-item-8a8d62c\" href=\"https:\/\/twitter.com\/campusfranceina\" target=\"_blank\">\n\t\t\t\t\t\t<span class=\"elementor-screen-only\">Twitter<\/span>\n\t\t\t\t\t\t<i class=\"fab fa-twitter\"><\/i>\t\t\t\t\t<\/a>\n\t\t\t\t<\/span>\n\t\t\t\t\t\t\t<span class=\"elementor-grid-item\">\n\t\t\t\t\t<a class=\"elementor-icon elementor-social-icon elementor-social-icon-globe elementor-repeater-item-d52bd6b\" href=\"https:\/\/www.indonesie.campusfrance.org\/id\" target=\"_blank\">\n\t\t\t\t\t\t<span class=\"elementor-screen-only\">Globe<\/span>\n\t\t\t\t\t\t<i class=\"fas fa-globe\"><\/i>\t\t\t\t\t<\/a>\n\t\t\t\t<\/span>\n\t\t\t\t\t<\/div>\n\t\t\t\t<\/div>\n\t\t\t\t<\/div>\n\t\t\t\t\t<\/div>\n\t\t<\/div>\n\t\t\t\t\t<\/div>\n\t\t<\/section>\n\t\t\t\t<\/div>\n\t\t","protected":false},"excerpt":{"rendered":"<p>Campus France Previous Next Campus France est l\u2019op\u00e9rateur national fran\u00e7ais charg\u00e9e de la promotion de l\u2019enseignement sup\u00e9rieur, de l\u2019accueil des \u00e9tudiants \u00e9trangers et de la mobilit\u00e9 internationale. Si vous \u00eates un \u00e9tudiant indon\u00e9sien souhaitant \u00e9tudier en France, Campus France Indon\u00e9sie est \u00e0 votre disposition afin de vous accompagner dans votre projet d\u2019\u00e9tudes : de votre &hellip; <\/p>\n<p class=\"link-more\"><a href=\"https:\/\/www.ifi-id.com\/fr\/campus-france\/\" class=\"more-link\">Continuer la lecture<span class=\"screen-reader-text\"> de &laquo;&nbsp;Campus France&nbsp;&raquo;<\/span><\/a><\/p>\n","protected":false},"author":1,"featured_media":0,"parent":0,"menu_order":0,"comment_status":"closed","ping_status":"closed","template":"elementor_header_footer","meta":{"footnotes":""},"class_list":["post-5787","page","type-page","status-publish","hentry"],"yoast_head":"<!-- This site is optimized with the Yoast SEO plugin v23.5 - https:\/\/yoast.com\/wordpress\/plugins\/seo\/ -->\n<title>Campus France - Institut fran\u00e7ais Indon\u00e9sie<\/title>\n<meta name=\"robots\" content=\"index, follow, max-snippet:-1, max-image-preview:large, max-video-preview:-1\" \/>\n<link rel=\"canonical\" href=\"https:\/\/www.ifi-id.com\/campus-france\/\" \/>\n<meta property=\"og:locale\" content=\"fr_FR\" \/>\n<meta property=\"og:type\" content=\"article\" \/>\n<meta property=\"og:title\" content=\"Campus France - Institut fran\u00e7ais Indon\u00e9sie\" \/>\n<meta property=\"og:description\" content=\"Campus France Previous Next Campus France est l\u2019op\u00e9rateur national fran\u00e7ais charg\u00e9e de la promotion de l\u2019enseignement sup\u00e9rieur, de l\u2019accueil des \u00e9tudiants \u00e9trangers et de la mobilit\u00e9 internationale. Si vous \u00eates un \u00e9tudiant indon\u00e9sien souhaitant \u00e9tudier en France, Campus France Indon\u00e9sie est \u00e0 votre disposition afin de vous accompagner dans votre projet d\u2019\u00e9tudes : de votre &hellip; Continuer la lecture de &laquo;&nbsp;Campus France&nbsp;&raquo;\" \/>\n<meta property=\"og:url\" content=\"https:\/\/www.ifi-id.com\/campus-france\/\" \/>\n<meta property=\"og:site_name\" content=\"Institut fran\u00e7ais Indon\u00e9sie\" \/>\n<meta property=\"article:modified_time\" content=\"2023-03-01T11:37:54+00:00\" \/>\n<meta property=\"og:image\" content=\"https:\/\/www.ifi-id.com\/wp-content\/uploads\/2021\/01\/Campus-France-2.jpg\" \/>\n<meta name=\"twitter:card\" content=\"summary_large_image\" \/>\n<meta name=\"twitter:label1\" content=\"Dur\u00e9e de lecture estim\u00e9e\" \/>\n\t<meta name=\"twitter:data1\" content=\"3 minutes\" \/>\n<script type=\"application\/ld+json\" class=\"yoast-schema-graph\">{\"@context\":\"https:\/\/schema.org\",\"@graph\":[{\"@type\":\"WebPage\",\"@id\":\"https:\/\/www.ifi-id.com\/campus-france\/\",\"url\":\"https:\/\/www.ifi-id.com\/campus-france\/\",\"name\":\"Campus France - Institut fran\u00e7ais Indon\u00e9sie\",\"isPartOf\":{\"@id\":\"https:\/\/www.ifi-id.com\/#website\"},\"primaryImageOfPage\":{\"@id\":\"https:\/\/www.ifi-id.com\/campus-france\/#primaryimage\"},\"image\":{\"@id\":\"https:\/\/www.ifi-id.com\/campus-france\/#primaryimage\"},\"thumbnailUrl\":\"https:\/\/www.ifi-id.com\/wp-content\/uploads\/2021\/01\/Campus-France-2.jpg\",\"datePublished\":\"2021-01-14T08:51:42+00:00\",\"dateModified\":\"2023-03-01T11:37:54+00:00\",\"breadcrumb\":{\"@id\":\"https:\/\/www.ifi-id.com\/campus-france\/#breadcrumb\"},\"inLanguage\":\"fr-FR\",\"potentialAction\":[{\"@type\":\"ReadAction\",\"target\":[\"https:\/\/www.ifi-id.com\/campus-france\/\"]}]},{\"@type\":\"ImageObject\",\"inLanguage\":\"fr-FR\",\"@id\":\"https:\/\/www.ifi-id.com\/campus-france\/#primaryimage\",\"url\":\"https:\/\/www.ifi-id.com\/wp-content\/uploads\/2021\/01\/Campus-France-2.jpg\",\"contentUrl\":\"https:\/\/www.ifi-id.com\/wp-content\/uploads\/2021\/01\/Campus-France-2.jpg\"},{\"@type\":\"BreadcrumbList\",\"@id\":\"https:\/\/www.ifi-id.com\/campus-france\/#breadcrumb\",\"itemListElement\":[{\"@type\":\"ListItem\",\"position\":1,\"name\":\"Home\",\"item\":\"https:\/\/www.ifi-id.com\/\"},{\"@type\":\"ListItem\",\"position\":2,\"name\":\"Campus France\"}]},{\"@type\":\"WebSite\",\"@id\":\"https:\/\/www.ifi-id.com\/#website\",\"url\":\"https:\/\/www.ifi-id.com\/\",\"name\":\"Institut fran\u00e7ais Indon\u00e9sie\",\"description\":\"\",\"publisher\":{\"@id\":\"https:\/\/www.ifi-id.com\/#organization\"},\"potentialAction\":[{\"@type\":\"SearchAction\",\"target\":{\"@type\":\"EntryPoint\",\"urlTemplate\":\"https:\/\/www.ifi-id.com\/?s={search_term_string}\"},\"query-input\":{\"@type\":\"PropertyValueSpecification\",\"valueRequired\":true,\"valueName\":\"search_term_string\"}}],\"inLanguage\":\"fr-FR\"},{\"@type\":\"Organization\",\"@id\":\"https:\/\/www.ifi-id.com\/#organization\",\"name\":\"Institut fran\u00e7ais Indon\u00e9sie\",\"url\":\"https:\/\/www.ifi-id.com\/\",\"logo\":{\"@type\":\"ImageObject\",\"inLanguage\":\"fr-FR\",\"@id\":\"https:\/\/www.ifi-id.com\/#\/schema\/logo\/image\/\",\"url\":\"https:\/\/www.ifi-id.com\/wp-content\/uploads\/2022\/12\/IFI_New_Logo.jpg\",\"contentUrl\":\"https:\/\/www.ifi-id.com\/wp-content\/uploads\/2022\/12\/IFI_New_Logo.jpg\",\"width\":666,\"height\":444,\"caption\":\"Institut fran\u00e7ais Indon\u00e9sie\"},\"image\":{\"@id\":\"https:\/\/www.ifi-id.com\/#\/schema\/logo\/image\/\"}}]}<\/script>\n<!-- \/ Yoast SEO plugin. -->","yoast_head_json":{"title":"Campus France - Institut fran\u00e7ais Indon\u00e9sie","robots":{"index":"index","follow":"follow","max-snippet":"max-snippet:-1","max-image-preview":"max-image-preview:large","max-video-preview":"max-video-preview:-1"},"canonical":"https:\/\/www.ifi-id.com\/campus-france\/","og_locale":"fr_FR","og_type":"article","og_title":"Campus France - Institut fran\u00e7ais Indon\u00e9sie","og_description":"Campus France Previous Next Campus France est l\u2019op\u00e9rateur national fran\u00e7ais charg\u00e9e de la promotion de l\u2019enseignement sup\u00e9rieur, de l\u2019accueil des \u00e9tudiants \u00e9trangers et de la mobilit\u00e9 internationale. Si vous \u00eates un \u00e9tudiant indon\u00e9sien souhaitant \u00e9tudier en France, Campus France Indon\u00e9sie est \u00e0 votre disposition afin de vous accompagner dans votre projet d\u2019\u00e9tudes : de votre &hellip; Continuer la lecture de &laquo;&nbsp;Campus France&nbsp;&raquo;","og_url":"https:\/\/www.ifi-id.com\/campus-france\/","og_site_name":"Institut fran\u00e7ais Indon\u00e9sie","article_modified_time":"2023-03-01T11:37:54+00:00","og_image":[{"url":"https:\/\/www.ifi-id.com\/wp-content\/uploads\/2021\/01\/Campus-France-2.jpg"}],"twitter_card":"summary_large_image","twitter_misc":{"Dur\u00e9e de lecture estim\u00e9e":"3 minutes"},"schema":{"@context":"https:\/\/schema.org","@graph":[{"@type":"WebPage","@id":"https:\/\/www.ifi-id.com\/campus-france\/","url":"https:\/\/www.ifi-id.com\/campus-france\/","name":"Campus France - Institut fran\u00e7ais Indon\u00e9sie","isPartOf":{"@id":"https:\/\/www.ifi-id.com\/#website"},"primaryImageOfPage":{"@id":"https:\/\/www.ifi-id.com\/campus-france\/#primaryimage"},"image":{"@id":"https:\/\/www.ifi-id.com\/campus-france\/#primaryimage"},"thumbnailUrl":"https:\/\/www.ifi-id.com\/wp-content\/uploads\/2021\/01\/Campus-France-2.jpg","datePublished":"2021-01-14T08:51:42+00:00","dateModified":"2023-03-01T11:37:54+00:00","breadcrumb":{"@id":"https:\/\/www.ifi-id.com\/campus-france\/#breadcrumb"},"inLanguage":"fr-FR","potentialAction":[{"@type":"ReadAction","target":["https:\/\/www.ifi-id.com\/campus-france\/"]}]},{"@type":"ImageObject","inLanguage":"fr-FR","@id":"https:\/\/www.ifi-id.com\/campus-france\/#primaryimage","url":"https:\/\/www.ifi-id.com\/wp-content\/uploads\/2021\/01\/Campus-France-2.jpg","contentUrl":"https:\/\/www.ifi-id.com\/wp-content\/uploads\/2021\/01\/Campus-France-2.jpg"},{"@type":"BreadcrumbList","@id":"https:\/\/www.ifi-id.com\/campus-france\/#breadcrumb","itemListElement":[{"@type":"ListItem","position":1,"name":"Home","item":"https:\/\/www.ifi-id.com\/"},{"@type":"ListItem","position":2,"name":"Campus France"}]},{"@type":"WebSite","@id":"https:\/\/www.ifi-id.com\/#website","url":"https:\/\/www.ifi-id.com\/","name":"Institut fran\u00e7ais Indon\u00e9sie","description":"","publisher":{"@id":"https:\/\/www.ifi-id.com\/#organization"},"potentialAction":[{"@type":"SearchAction","target":{"@type":"EntryPoint","urlTemplate":"https:\/\/www.ifi-id.com\/?s={search_term_string}"},"query-input":{"@type":"PropertyValueSpecification","valueRequired":true,"valueName":"search_term_string"}}],"inLanguage":"fr-FR"},{"@type":"Organization","@id":"https:\/\/www.ifi-id.com\/#organization","name":"Institut fran\u00e7ais Indon\u00e9sie","url":"https:\/\/www.ifi-id.com\/","logo":{"@type":"ImageObject","inLanguage":"fr-FR","@id":"https:\/\/www.ifi-id.com\/#\/schema\/logo\/image\/","url":"https:\/\/www.ifi-id.com\/wp-content\/uploads\/2022\/12\/IFI_New_Logo.jpg","contentUrl":"https:\/\/www.ifi-id.com\/wp-content\/uploads\/2022\/12\/IFI_New_Logo.jpg","width":666,"height":444,"caption":"Institut fran\u00e7ais Indon\u00e9sie"},"image":{"@id":"https:\/\/www.ifi-id.com\/#\/schema\/logo\/image\/"}}]}},"post_mailing_queue_ids":[],"_links":{"self":[{"href":"https:\/\/www.ifi-id.com\/fr\/wp-json\/wp\/v2\/pages\/5787"}],"collection":[{"href":"https:\/\/www.ifi-id.com\/fr\/wp-json\/wp\/v2\/pages"}],"about":[{"href":"https:\/\/www.ifi-id.com\/fr\/wp-json\/wp\/v2\/types\/page"}],"author":[{"embeddable":true,"href":"https:\/\/www.ifi-id.com\/fr\/wp-json\/wp\/v2\/users\/1"}],"replies":[{"embeddable":true,"href":"https:\/\/www.ifi-id.com\/fr\/wp-json\/wp\/v2\/comments?post=5787"}],"version-history":[{"count":28,"href":"https:\/\/www.ifi-id.com\/fr\/wp-json\/wp\/v2\/pages\/5787\/revisions"}],"predecessor-version":[{"id":33759,"href":"https:\/\/www.ifi-id.com\/fr\/wp-json\/wp\/v2\/pages\/5787\/revisions\/33759"}],"wp:attachment":[{"href":"https:\/\/www.ifi-id.com\/fr\/wp-json\/wp\/v2\/media?parent=5787"}],"curies":[{"name":"wp","href":"https:\/\/api.w.org\/{rel}","templated":true}]}}