{"id":57535,"date":"2025-08-13T17:41:41","date_gmt":"2025-08-13T10:41:41","guid":{"rendered":"https:\/\/www.ifi-id.com\/carte-membre-ifi\/joelle\/"},"modified":"2025-08-13T17:41:41","modified_gmt":"2025-08-13T10:41:41","slug":"joelle","status":"publish","type":"page","link":"https:\/\/www.ifi-id.com\/fr\/carte-membre-ifi\/joelle\/","title":{"rendered":"Jo\u00eblle"},"content":{"rendered":"\t\t<div data-elementor-type=\"wp-page\" data-elementor-id=\"57535\" class=\"elementor elementor-57535 elementor-57517\" data-elementor-post-type=\"page\">\n\t\t\t\t\t\t<section class=\"elementor-section elementor-top-section elementor-element elementor-element-5a12d12e elementor-section-boxed elementor-section-height-default elementor-section-height-default\" data-id=\"5a12d12e\" data-element_type=\"section\">\n\t\t\t\t\t\t<div class=\"elementor-container elementor-column-gap-default\">\n\t\t\t\t\t<div class=\"elementor-column elementor-col-100 elementor-top-column elementor-element elementor-element-4c193897\" data-id=\"4c193897\" data-element_type=\"column\">\n\t\t\t<div class=\"elementor-widget-wrap elementor-element-populated\">\n\t\t\t\t\t\t<div class=\"elementor-element elementor-element-77950be1 elementor-hidden-mobile elementor-widget elementor-widget-heading\" data-id=\"77950be1\" data-element_type=\"widget\" data-widget_type=\"heading.default\">\n\t\t\t\t<div class=\"elementor-widget-container\">\n\t\t\t<h2 class=\"elementor-heading-title elementor-size-default\">Jo\u00eblle<\/h2>\t\t<\/div>\n\t\t\t\t<\/div>\n\t\t\t\t\t<\/div>\n\t\t<\/div>\n\t\t\t\t\t<\/div>\n\t\t<\/section>\n\t\t\t\t<section class=\"elementor-section elementor-top-section elementor-element elementor-element-145536dc elementor-section-boxed elementor-section-height-default elementor-section-height-default\" data-id=\"145536dc\" data-element_type=\"section\">\n\t\t\t\t\t\t<div class=\"elementor-container elementor-column-gap-default\">\n\t\t\t\t\t<div class=\"elementor-column elementor-col-100 elementor-top-column elementor-element elementor-element-18efd7da\" data-id=\"18efd7da\" data-element_type=\"column\">\n\t\t\t<div class=\"elementor-widget-wrap elementor-element-populated\">\n\t\t\t\t\t\t<div class=\"elementor-element elementor-element-26b6f92 elementor-hidden-desktop elementor-hidden-tablet elementor-widget elementor-widget-heading\" data-id=\"26b6f92\" data-element_type=\"widget\" data-widget_type=\"heading.default\">\n\t\t\t\t<div class=\"elementor-widget-container\">\n\t\t\t<h1 class=\"elementor-heading-title elementor-size-default\">Jo\u00eblle<\/h1>\t\t<\/div>\n\t\t\t\t<\/div>\n\t\t\t\t\t<\/div>\n\t\t<\/div>\n\t\t\t\t\t<\/div>\n\t\t<\/section>\n\t\t\t\t<section class=\"elementor-section elementor-top-section elementor-element elementor-element-1b80883a elementor-section-boxed elementor-section-height-default elementor-section-height-default\" data-id=\"1b80883a\" data-element_type=\"section\">\n\t\t\t\t\t\t<div class=\"elementor-container elementor-column-gap-default\">\n\t\t\t\t\t<div class=\"elementor-column elementor-col-100 elementor-top-column elementor-element elementor-element-7265a7a0\" data-id=\"7265a7a0\" data-element_type=\"column\">\n\t\t\t<div class=\"elementor-widget-wrap elementor-element-populated\">\n\t\t\t\t\t\t<div class=\"elementor-element elementor-element-158b56d elementor-arrows-position-inside elementor-pagination-position-outside elementor-widget elementor-widget-image-carousel\" data-id=\"158b56d\" data-element_type=\"widget\" data-settings=\"{&quot;slides_to_show&quot;:&quot;1&quot;,&quot;navigation&quot;:&quot;both&quot;,&quot;autoplay&quot;:&quot;yes&quot;,&quot;pause_on_hover&quot;:&quot;yes&quot;,&quot;pause_on_interaction&quot;:&quot;yes&quot;,&quot;autoplay_speed&quot;:5000,&quot;infinite&quot;:&quot;yes&quot;,&quot;effect&quot;:&quot;slide&quot;,&quot;speed&quot;:500}\" data-widget_type=\"image-carousel.default\">\n\t\t\t\t<div class=\"elementor-widget-container\">\n\t\t\t\t\t<div class=\"elementor-image-carousel-wrapper swiper\" dir=\"ltr\">\n\t\t\t<div class=\"elementor-image-carousel swiper-wrapper\" aria-live=\"off\">\n\t\t\t\t\t\t\t\t<div class=\"swiper-slide\" role=\"group\" aria-roledescription=\"slide\" aria-label=\"1 sur 5\"><figure class=\"swiper-slide-inner\"><img decoding=\"async\" class=\"swiper-slide-image\" src=\"https:\/\/www.ifi-id.com\/wp-content\/uploads\/2025\/08\/Joelle_0003_Joelle-IFI_16-9_Barrel-aged-opera.jpg\" alt=\"Joelle_0003_Joelle-IFI_16-9_Barrel aged opera\" \/><\/figure><\/div><div class=\"swiper-slide\" role=\"group\" aria-roledescription=\"slide\" aria-label=\"2 sur 5\"><figure class=\"swiper-slide-inner\"><img decoding=\"async\" class=\"swiper-slide-image\" src=\"https:\/\/www.ifi-id.com\/wp-content\/uploads\/2025\/08\/Joelle_0000_Joelle-IFI_16-9_Salade-De-Tomatoes.jpg\" alt=\"Joelle_0000_Joelle-IFI_16-9_Salade De Tomatoes\" \/><\/figure><\/div><div class=\"swiper-slide\" role=\"group\" aria-roledescription=\"slide\" aria-label=\"3 sur 5\"><figure class=\"swiper-slide-inner\"><img decoding=\"async\" class=\"swiper-slide-image\" src=\"https:\/\/www.ifi-id.com\/wp-content\/uploads\/2025\/08\/Joelle_0002_Joelle-IFI_16-9_Glazed-Sirloin.jpg\" alt=\"Joelle_0002_Joelle-IFI_16-9_Glazed Sirloin\" \/><\/figure><\/div><div class=\"swiper-slide\" role=\"group\" aria-roledescription=\"slide\" aria-label=\"4 sur 5\"><figure class=\"swiper-slide-inner\"><img decoding=\"async\" class=\"swiper-slide-image\" src=\"https:\/\/www.ifi-id.com\/wp-content\/uploads\/2025\/08\/Joelle_0001_Joelle-IFI_16-9_Joelle-cheese-cake.jpg\" alt=\"Joelle_0001_Joelle-IFI_16-9_Joelle cheese cake\" \/><\/figure><\/div><div class=\"swiper-slide\" role=\"group\" aria-roledescription=\"slide\" aria-label=\"5 sur 5\"><figure class=\"swiper-slide-inner\"><img decoding=\"async\" class=\"swiper-slide-image\" src=\"https:\/\/www.ifi-id.com\/wp-content\/uploads\/2025\/08\/Joelle_0003_Joelle-IFI_16-9_Barrel-aged-opera.jpg\" alt=\"Joelle_0003_Joelle-IFI_16-9_Barrel aged opera\" \/><\/figure><\/div>\t\t\t<\/div>\n\t\t\t\t\t\t\t\t\t\t\t\t<div class=\"elementor-swiper-button elementor-swiper-button-prev\" role=\"button\" tabindex=\"0\">\n\t\t\t\t\t\t<i aria-hidden=\"true\" class=\"eicon-chevron-left\"><\/i>\t\t\t\t\t<\/div>\n\t\t\t\t\t<div class=\"elementor-swiper-button elementor-swiper-button-next\" role=\"button\" tabindex=\"0\">\n\t\t\t\t\t\t<i aria-hidden=\"true\" class=\"eicon-chevron-right\"><\/i>\t\t\t\t\t<\/div>\n\t\t\t\t\n\t\t\t\t\t\t\t\t\t<div class=\"swiper-pagination\"><\/div>\n\t\t\t\t\t\t\t\t\t<\/div>\n\t\t\t\t<\/div>\n\t\t\t\t<\/div>\n\t\t\t\t\t<\/div>\n\t\t<\/div>\n\t\t\t\t\t<\/div>\n\t\t<\/section>\n\t\t\t\t<section class=\"elementor-section elementor-top-section elementor-element elementor-element-59a7ca04 elementor-section-boxed elementor-section-height-default elementor-section-height-default\" data-id=\"59a7ca04\" data-element_type=\"section\">\n\t\t\t\t\t\t<div class=\"elementor-container elementor-column-gap-default\">\n\t\t\t\t\t<div class=\"elementor-column elementor-col-100 elementor-top-column elementor-element elementor-element-68d5e4b9\" data-id=\"68d5e4b9\" data-element_type=\"column\">\n\t\t\t<div class=\"elementor-widget-wrap elementor-element-populated\">\n\t\t\t\t\t\t<div class=\"elementor-element elementor-element-253285d1 elementor-widget elementor-widget-text-editor\" data-id=\"253285d1\" data-element_type=\"widget\" data-widget_type=\"text-editor.default\">\n\t\t\t\t<div class=\"elementor-widget-container\">\n\t\t\t\t\t\t\t<p><strong>Jo\u00eblle<\/strong> est un restaurant fran\u00e7ais <em>casual dining<\/em> situ\u00e9 \u00e0 Jakarta, cr\u00e9\u00e9 pour ceux qui appr\u00e9cient la saveur, l&rsquo;ambiance chaleureuse et les moments de repas conviviaux. Inspir\u00e9 par l&rsquo;h\u00e9ritage culinaire fran\u00e7ais, Jo\u00eblle allie l&rsquo;\u00e9l\u00e9gance classique \u00e0 une touche moderne dans chaque plat et dans son espace.<\/p>\n<p>Nous avons pour ambition d&rsquo;\u00eatre reconnus comme l&rsquo;un des meilleurs restaurants de Jakarta, offrant des plats d\u00e9licieux, une ambiance confortable et une hospitalit\u00e9 sinc\u00e8re.<\/p>\n<p>Notre mission est de cr\u00e9er une exp\u00e9rience culinaire in\u00e9gal\u00e9e, non seulement pour nos clients, mais aussi pour notre \u00e9quipe et nos partenaires qui marchent ensemble avec Jo\u00eblle.<\/p>\n<p>Plus qu&rsquo;un simple lieu de restauration, Jo\u00eblle est un espace o\u00f9 la tradition rencontre la cr\u00e9ativit\u00e9, et o\u00f9 chaque instant est une histoire qui m\u00e9rite d&rsquo;\u00eatre m\u00e9moris\u00e9e.<\/p>\n<p>En tant que membre, vous b\u00e9n\u00e9ficiez des avantages suivants sur pr\u00e9sentation de votre carte de membre : <strong>10% de r\u00e9duction (pour les plats et les boissons non alcoolis\u00e9es)<\/strong>.<\/p>\n\t\t\t\t\t\t<\/div>\n\t\t\t\t<\/div>\n\t\t\t\t\t<\/div>\n\t\t<\/div>\n\t\t\t\t\t<\/div>\n\t\t<\/section>\n\t\t\t\t<section class=\"elementor-section elementor-top-section elementor-element elementor-element-3a1635a0 elementor-section-boxed elementor-section-height-default elementor-section-height-default\" data-id=\"3a1635a0\" data-element_type=\"section\">\n\t\t\t\t\t\t<div class=\"elementor-container elementor-column-gap-default\">\n\t\t\t\t\t<div class=\"elementor-column elementor-col-100 elementor-top-column elementor-element elementor-element-4aac7a5f\" data-id=\"4aac7a5f\" data-element_type=\"column\">\n\t\t\t<div class=\"elementor-widget-wrap elementor-element-populated\">\n\t\t\t\t\t\t<div class=\"elementor-element elementor-element-59ccd06f elementor-widget elementor-widget-heading\" data-id=\"59ccd06f\" data-element_type=\"widget\" data-widget_type=\"heading.default\">\n\t\t\t\t<div class=\"elementor-widget-container\">\n\t\t\t<h2 class=\"elementor-heading-title elementor-size-default\">Adresse<\/h2>\t\t<\/div>\n\t\t\t\t<\/div>\n\t\t\t\t\t<\/div>\n\t\t<\/div>\n\t\t\t\t\t<\/div>\n\t\t<\/section>\n\t\t\t\t<section class=\"elementor-section elementor-top-section elementor-element elementor-element-4f3c6112 elementor-section-boxed elementor-section-height-default elementor-section-height-default\" data-id=\"4f3c6112\" data-element_type=\"section\">\n\t\t\t\t\t\t<div class=\"elementor-container elementor-column-gap-default\">\n\t\t\t\t\t<div class=\"elementor-column elementor-col-100 elementor-top-column elementor-element elementor-element-381999e4\" data-id=\"381999e4\" data-element_type=\"column\">\n\t\t\t<div class=\"elementor-widget-wrap elementor-element-populated\">\n\t\t\t\t\t\t<div class=\"elementor-element elementor-element-66835919 elementor-widget elementor-widget-html\" data-id=\"66835919\" data-element_type=\"widget\" data-widget_type=\"html.default\">\n\t\t\t\t<div class=\"elementor-widget-container\">\n\t\t\t<iframe src=\"https:\/\/www.google.com\/maps\/embed?pb=!1m18!1m12!1m3!1d3966.20268925873!2d106.80946631129916!3d-6.236993561051537!2m3!1f0!2f0!3f0!3m2!1i1024!2i768!4f13.1!3m3!1m2!1s0x2e69f1002080c3d3%3A0xd1f8fc475702ae8!2sJo%C3%ABlle%20Restaurant!5e0!3m2!1sen!2sid!4v1755081510893!5m2!1sen!2sid\" width=\"400\" height=\"300\" style=\"border:0;\" allowfullscreen=\"\" loading=\"lazy\" referrerpolicy=\"no-referrer-when-downgrade\"><\/iframe>\t\t<\/div>\n\t\t\t\t<\/div>\n\t\t\t\t\t<\/div>\n\t\t<\/div>\n\t\t\t\t\t<\/div>\n\t\t<\/section>\n\t\t\t\t<\/div>\n\t\t","protected":false},"excerpt":{"rendered":"<p>Jo\u00eblle Jo\u00eblle Jo\u00eblle est un restaurant fran\u00e7ais casual dining situ\u00e9 \u00e0 Jakarta, cr\u00e9\u00e9 pour ceux qui appr\u00e9cient la saveur, l&rsquo;ambiance chaleureuse et les moments de repas conviviaux. Inspir\u00e9 par l&rsquo;h\u00e9ritage culinaire fran\u00e7ais, Jo\u00eblle allie l&rsquo;\u00e9l\u00e9gance classique \u00e0 une touche moderne dans chaque plat et dans son espace. Nous avons pour ambition d&rsquo;\u00eatre reconnus comme l&rsquo;un &hellip; <\/p>\n<p class=\"link-more\"><a href=\"https:\/\/www.ifi-id.com\/fr\/carte-membre-ifi\/joelle\/\" class=\"more-link\">Continuer la lecture<span class=\"screen-reader-text\"> de &laquo;&nbsp;Jo\u00eblle&nbsp;&raquo;<\/span><\/a><\/p>\n","protected":false},"author":8,"featured_media":57519,"parent":52305,"menu_order":0,"comment_status":"closed","ping_status":"closed","template":"elementor_header_footer","meta":{"footnotes":""},"class_list":["post-57535","page","type-page","status-publish","has-post-thumbnail","hentry"],"yoast_head":"<!-- This site is optimized with the Yoast SEO plugin v23.5 - https:\/\/yoast.com\/wordpress\/plugins\/seo\/ -->\n<title>Jo\u00eblle - Institut fran\u00e7ais Indon\u00e9sie<\/title>\n<meta name=\"robots\" content=\"index, follow, max-snippet:-1, max-image-preview:large, max-video-preview:-1\" \/>\n<link rel=\"canonical\" href=\"https:\/\/www.ifi-id.com\/kartu-keanggotaan-ifi\/joelle\/\" \/>\n<meta property=\"og:locale\" content=\"fr_FR\" \/>\n<meta property=\"og:type\" content=\"article\" \/>\n<meta property=\"og:title\" content=\"Jo\u00eblle - Institut fran\u00e7ais Indon\u00e9sie\" \/>\n<meta property=\"og:description\" content=\"Jo\u00eblle Jo\u00eblle Jo\u00eblle est un restaurant fran\u00e7ais casual dining situ\u00e9 \u00e0 Jakarta, cr\u00e9\u00e9 pour ceux qui appr\u00e9cient la saveur, l&rsquo;ambiance chaleureuse et les moments de repas conviviaux. Inspir\u00e9 par l&rsquo;h\u00e9ritage culinaire fran\u00e7ais, Jo\u00eblle allie l&rsquo;\u00e9l\u00e9gance classique \u00e0 une touche moderne dans chaque plat et dans son espace. Nous avons pour ambition d&rsquo;\u00eatre reconnus comme l&rsquo;un &hellip; Continuer la lecture de &laquo;&nbsp;Jo\u00eblle&nbsp;&raquo;\" \/>\n<meta property=\"og:url\" content=\"https:\/\/www.ifi-id.com\/kartu-keanggotaan-ifi\/joelle\/\" \/>\n<meta property=\"og:site_name\" content=\"Institut fran\u00e7ais Indon\u00e9sie\" \/>\n<meta property=\"og:image\" content=\"https:\/\/www.ifi-id.com\/wp-content\/uploads\/2025\/08\/Joelle_0005_Joelle_Logo_White-BG.jpg\" \/>\n\t<meta property=\"og:image:width\" content=\"1280\" \/>\n\t<meta property=\"og:image:height\" content=\"720\" \/>\n\t<meta property=\"og:image:type\" content=\"image\/jpeg\" \/>\n<meta name=\"twitter:card\" content=\"summary_large_image\" \/>\n<meta name=\"twitter:label1\" content=\"Dur\u00e9e de lecture estim\u00e9e\" \/>\n\t<meta name=\"twitter:data1\" content=\"1 minute\" \/>\n<script type=\"application\/ld+json\" class=\"yoast-schema-graph\">{\"@context\":\"https:\/\/schema.org\",\"@graph\":[{\"@type\":\"WebPage\",\"@id\":\"https:\/\/www.ifi-id.com\/kartu-keanggotaan-ifi\/joelle\/\",\"url\":\"https:\/\/www.ifi-id.com\/kartu-keanggotaan-ifi\/joelle\/\",\"name\":\"Jo\u00eblle - Institut fran\u00e7ais Indon\u00e9sie\",\"isPartOf\":{\"@id\":\"https:\/\/www.ifi-id.com\/#website\"},\"primaryImageOfPage\":{\"@id\":\"https:\/\/www.ifi-id.com\/kartu-keanggotaan-ifi\/joelle\/#primaryimage\"},\"image\":{\"@id\":\"https:\/\/www.ifi-id.com\/kartu-keanggotaan-ifi\/joelle\/#primaryimage\"},\"thumbnailUrl\":\"https:\/\/www.ifi-id.com\/wp-content\/uploads\/2025\/08\/Joelle_0005_Joelle_Logo_White-BG.jpg\",\"datePublished\":\"2025-08-13T10:41:41+00:00\",\"dateModified\":\"2025-08-13T10:41:41+00:00\",\"breadcrumb\":{\"@id\":\"https:\/\/www.ifi-id.com\/kartu-keanggotaan-ifi\/joelle\/#breadcrumb\"},\"inLanguage\":\"fr-FR\",\"potentialAction\":[{\"@type\":\"ReadAction\",\"target\":[\"https:\/\/www.ifi-id.com\/kartu-keanggotaan-ifi\/joelle\/\"]}]},{\"@type\":\"ImageObject\",\"inLanguage\":\"fr-FR\",\"@id\":\"https:\/\/www.ifi-id.com\/kartu-keanggotaan-ifi\/joelle\/#primaryimage\",\"url\":\"https:\/\/www.ifi-id.com\/wp-content\/uploads\/2025\/08\/Joelle_0005_Joelle_Logo_White-BG.jpg\",\"contentUrl\":\"https:\/\/www.ifi-id.com\/wp-content\/uploads\/2025\/08\/Joelle_0005_Joelle_Logo_White-BG.jpg\",\"width\":1280,\"height\":720},{\"@type\":\"BreadcrumbList\",\"@id\":\"https:\/\/www.ifi-id.com\/kartu-keanggotaan-ifi\/joelle\/#breadcrumb\",\"itemListElement\":[{\"@type\":\"ListItem\",\"position\":1,\"name\":\"Home\",\"item\":\"https:\/\/www.ifi-id.com\/\"},{\"@type\":\"ListItem\",\"position\":2,\"name\":\"Carte membre IFI\",\"item\":\"https:\/\/www.ifi-id.com\/kartu-keanggotaan-ifi\/\"},{\"@type\":\"ListItem\",\"position\":3,\"name\":\"Jo\u00eblle\"}]},{\"@type\":\"WebSite\",\"@id\":\"https:\/\/www.ifi-id.com\/#website\",\"url\":\"https:\/\/www.ifi-id.com\/\",\"name\":\"Institut fran\u00e7ais Indon\u00e9sie\",\"description\":\"\",\"publisher\":{\"@id\":\"https:\/\/www.ifi-id.com\/#organization\"},\"potentialAction\":[{\"@type\":\"SearchAction\",\"target\":{\"@type\":\"EntryPoint\",\"urlTemplate\":\"https:\/\/www.ifi-id.com\/?s={search_term_string}\"},\"query-input\":{\"@type\":\"PropertyValueSpecification\",\"valueRequired\":true,\"valueName\":\"search_term_string\"}}],\"inLanguage\":\"fr-FR\"},{\"@type\":\"Organization\",\"@id\":\"https:\/\/www.ifi-id.com\/#organization\",\"name\":\"Institut fran\u00e7ais Indon\u00e9sie\",\"url\":\"https:\/\/www.ifi-id.com\/\",\"logo\":{\"@type\":\"ImageObject\",\"inLanguage\":\"fr-FR\",\"@id\":\"https:\/\/www.ifi-id.com\/#\/schema\/logo\/image\/\",\"url\":\"https:\/\/www.ifi-id.com\/wp-content\/uploads\/2022\/12\/IFI_New_Logo.jpg\",\"contentUrl\":\"https:\/\/www.ifi-id.com\/wp-content\/uploads\/2022\/12\/IFI_New_Logo.jpg\",\"width\":666,\"height\":444,\"caption\":\"Institut fran\u00e7ais Indon\u00e9sie\"},\"image\":{\"@id\":\"https:\/\/www.ifi-id.com\/#\/schema\/logo\/image\/\"}}]}<\/script>\n<!-- \/ Yoast SEO plugin. -->","yoast_head_json":{"title":"Jo\u00eblle - Institut fran\u00e7ais Indon\u00e9sie","robots":{"index":"index","follow":"follow","max-snippet":"max-snippet:-1","max-image-preview":"max-image-preview:large","max-video-preview":"max-video-preview:-1"},"canonical":"https:\/\/www.ifi-id.com\/kartu-keanggotaan-ifi\/joelle\/","og_locale":"fr_FR","og_type":"article","og_title":"Jo\u00eblle - Institut fran\u00e7ais Indon\u00e9sie","og_description":"Jo\u00eblle Jo\u00eblle Jo\u00eblle est un restaurant fran\u00e7ais casual dining situ\u00e9 \u00e0 Jakarta, cr\u00e9\u00e9 pour ceux qui appr\u00e9cient la saveur, l&rsquo;ambiance chaleureuse et les moments de repas conviviaux. Inspir\u00e9 par l&rsquo;h\u00e9ritage culinaire fran\u00e7ais, Jo\u00eblle allie l&rsquo;\u00e9l\u00e9gance classique \u00e0 une touche moderne dans chaque plat et dans son espace. Nous avons pour ambition d&rsquo;\u00eatre reconnus comme l&rsquo;un &hellip; Continuer la lecture de &laquo;&nbsp;Jo\u00eblle&nbsp;&raquo;","og_url":"https:\/\/www.ifi-id.com\/kartu-keanggotaan-ifi\/joelle\/","og_site_name":"Institut fran\u00e7ais Indon\u00e9sie","og_image":[{"width":1280,"height":720,"url":"https:\/\/www.ifi-id.com\/wp-content\/uploads\/2025\/08\/Joelle_0005_Joelle_Logo_White-BG.jpg","type":"image\/jpeg"}],"twitter_card":"summary_large_image","twitter_misc":{"Dur\u00e9e de lecture estim\u00e9e":"1 minute"},"schema":{"@context":"https:\/\/schema.org","@graph":[{"@type":"WebPage","@id":"https:\/\/www.ifi-id.com\/kartu-keanggotaan-ifi\/joelle\/","url":"https:\/\/www.ifi-id.com\/kartu-keanggotaan-ifi\/joelle\/","name":"Jo\u00eblle - Institut fran\u00e7ais Indon\u00e9sie","isPartOf":{"@id":"https:\/\/www.ifi-id.com\/#website"},"primaryImageOfPage":{"@id":"https:\/\/www.ifi-id.com\/kartu-keanggotaan-ifi\/joelle\/#primaryimage"},"image":{"@id":"https:\/\/www.ifi-id.com\/kartu-keanggotaan-ifi\/joelle\/#primaryimage"},"thumbnailUrl":"https:\/\/www.ifi-id.com\/wp-content\/uploads\/2025\/08\/Joelle_0005_Joelle_Logo_White-BG.jpg","datePublished":"2025-08-13T10:41:41+00:00","dateModified":"2025-08-13T10:41:41+00:00","breadcrumb":{"@id":"https:\/\/www.ifi-id.com\/kartu-keanggotaan-ifi\/joelle\/#breadcrumb"},"inLanguage":"fr-FR","potentialAction":[{"@type":"ReadAction","target":["https:\/\/www.ifi-id.com\/kartu-keanggotaan-ifi\/joelle\/"]}]},{"@type":"ImageObject","inLanguage":"fr-FR","@id":"https:\/\/www.ifi-id.com\/kartu-keanggotaan-ifi\/joelle\/#primaryimage","url":"https:\/\/www.ifi-id.com\/wp-content\/uploads\/2025\/08\/Joelle_0005_Joelle_Logo_White-BG.jpg","contentUrl":"https:\/\/www.ifi-id.com\/wp-content\/uploads\/2025\/08\/Joelle_0005_Joelle_Logo_White-BG.jpg","width":1280,"height":720},{"@type":"BreadcrumbList","@id":"https:\/\/www.ifi-id.com\/kartu-keanggotaan-ifi\/joelle\/#breadcrumb","itemListElement":[{"@type":"ListItem","position":1,"name":"Home","item":"https:\/\/www.ifi-id.com\/"},{"@type":"ListItem","position":2,"name":"Carte membre IFI","item":"https:\/\/www.ifi-id.com\/kartu-keanggotaan-ifi\/"},{"@type":"ListItem","position":3,"name":"Jo\u00eblle"}]},{"@type":"WebSite","@id":"https:\/\/www.ifi-id.com\/#website","url":"https:\/\/www.ifi-id.com\/","name":"Institut fran\u00e7ais Indon\u00e9sie","description":"","publisher":{"@id":"https:\/\/www.ifi-id.com\/#organization"},"potentialAction":[{"@type":"SearchAction","target":{"@type":"EntryPoint","urlTemplate":"https:\/\/www.ifi-id.com\/?s={search_term_string}"},"query-input":{"@type":"PropertyValueSpecification","valueRequired":true,"valueName":"search_term_string"}}],"inLanguage":"fr-FR"},{"@type":"Organization","@id":"https:\/\/www.ifi-id.com\/#organization","name":"Institut fran\u00e7ais Indon\u00e9sie","url":"https:\/\/www.ifi-id.com\/","logo":{"@type":"ImageObject","inLanguage":"fr-FR","@id":"https:\/\/www.ifi-id.com\/#\/schema\/logo\/image\/","url":"https:\/\/www.ifi-id.com\/wp-content\/uploads\/2022\/12\/IFI_New_Logo.jpg","contentUrl":"https:\/\/www.ifi-id.com\/wp-content\/uploads\/2022\/12\/IFI_New_Logo.jpg","width":666,"height":444,"caption":"Institut fran\u00e7ais Indon\u00e9sie"},"image":{"@id":"https:\/\/www.ifi-id.com\/#\/schema\/logo\/image\/"}}]}},"post_mailing_queue_ids":[],"_links":{"self":[{"href":"https:\/\/www.ifi-id.com\/fr\/wp-json\/wp\/v2\/pages\/57535"}],"collection":[{"href":"https:\/\/www.ifi-id.com\/fr\/wp-json\/wp\/v2\/pages"}],"about":[{"href":"https:\/\/www.ifi-id.com\/fr\/wp-json\/wp\/v2\/types\/page"}],"author":[{"embeddable":true,"href":"https:\/\/www.ifi-id.com\/fr\/wp-json\/wp\/v2\/users\/8"}],"replies":[{"embeddable":true,"href":"https:\/\/www.ifi-id.com\/fr\/wp-json\/wp\/v2\/comments?post=57535"}],"version-history":[{"count":1,"href":"https:\/\/www.ifi-id.com\/fr\/wp-json\/wp\/v2\/pages\/57535\/revisions"}],"predecessor-version":[{"id":57536,"href":"https:\/\/www.ifi-id.com\/fr\/wp-json\/wp\/v2\/pages\/57535\/revisions\/57536"}],"up":[{"embeddable":true,"href":"https:\/\/www.ifi-id.com\/fr\/wp-json\/wp\/v2\/pages\/52305"}],"wp:featuredmedia":[{"embeddable":true,"href":"https:\/\/www.ifi-id.com\/fr\/wp-json\/wp\/v2\/media\/57519"}],"wp:attachment":[{"href":"https:\/\/www.ifi-id.com\/fr\/wp-json\/wp\/v2\/media?parent=57535"}],"curies":[{"name":"wp","href":"https:\/\/api.w.org\/{rel}","templated":true}]}}