{"id":57106,"date":"2025-07-09T11:21:39","date_gmt":"2025-07-09T04:21:39","guid":{"rendered":"https:\/\/www.ifi-id.com\/75-tahun-id-fr\/warisan-tak-benda-dan-kerajinan-tangan\/"},"modified":"2025-07-09T11:21:43","modified_gmt":"2025-07-09T04:21:43","slug":"warisan-tak-benda-dan-kerajinan-tangan","status":"publish","type":"page","link":"https:\/\/www.ifi-id.com\/fr\/75-tahun-id-fr\/warisan-tak-benda-dan-kerajinan-tangan\/","title":{"rendered":"Patrimoine immat\u00e9riel et artisanat"},"content":{"rendered":"\t\t<div data-elementor-type=\"wp-page\" data-elementor-id=\"57106\" class=\"elementor elementor-57106 elementor-55144\" data-elementor-post-type=\"page\">\n\t\t\t\t\t\t<section class=\"elementor-section elementor-top-section elementor-element elementor-element-3c2c0061 elementor-section-boxed elementor-section-height-default elementor-section-height-default\" data-id=\"3c2c0061\" data-element_type=\"section\">\n\t\t\t\t\t\t<div class=\"elementor-container elementor-column-gap-default\">\n\t\t\t\t\t<div class=\"elementor-column elementor-col-100 elementor-top-column elementor-element elementor-element-2e9cb77a\" data-id=\"2e9cb77a\" data-element_type=\"column\">\n\t\t\t<div class=\"elementor-widget-wrap elementor-element-populated\">\n\t\t\t\t\t\t<div class=\"elementor-element elementor-element-4beaa8b elementor-hidden-mobile elementor-widget elementor-widget-heading\" data-id=\"4beaa8b\" data-element_type=\"widget\" data-widget_type=\"heading.default\">\n\t\t\t\t<div class=\"elementor-widget-container\">\n\t\t\t<h2 class=\"elementor-heading-title elementor-size-default\">Patrimoine immat\u00e9riel et artisanat<\/h2>\t\t<\/div>\n\t\t\t\t<\/div>\n\t\t\t\t\t<\/div>\n\t\t<\/div>\n\t\t\t\t\t<\/div>\n\t\t<\/section>\n\t\t\t\t<section class=\"elementor-section elementor-top-section elementor-element elementor-element-2545798e elementor-section-boxed elementor-section-height-default elementor-section-height-default\" data-id=\"2545798e\" data-element_type=\"section\">\n\t\t\t\t\t\t<div class=\"elementor-container elementor-column-gap-default\">\n\t\t\t\t\t<div class=\"elementor-column elementor-col-100 elementor-top-column elementor-element elementor-element-3b363250\" data-id=\"3b363250\" data-element_type=\"column\">\n\t\t\t<div class=\"elementor-widget-wrap elementor-element-populated\">\n\t\t\t\t\t\t<div class=\"elementor-element elementor-element-6c2e24b7 elementor-hidden-desktop elementor-hidden-tablet elementor-widget elementor-widget-heading\" data-id=\"6c2e24b7\" data-element_type=\"widget\" data-widget_type=\"heading.default\">\n\t\t\t\t<div class=\"elementor-widget-container\">\n\t\t\t<h1 class=\"elementor-heading-title elementor-size-default\">Patrimoine immat\u00e9riel et artisanat<\/h1>\t\t<\/div>\n\t\t\t\t<\/div>\n\t\t\t\t\t<\/div>\n\t\t<\/div>\n\t\t\t\t\t<\/div>\n\t\t<\/section>\n\t\t\t\t<section class=\"elementor-section elementor-top-section elementor-element elementor-element-600edc96 elementor-section-boxed elementor-section-height-default elementor-section-height-default\" data-id=\"600edc96\" data-element_type=\"section\">\n\t\t\t\t\t\t<div class=\"elementor-container elementor-column-gap-default\">\n\t\t\t\t\t<div class=\"elementor-column elementor-col-100 elementor-top-column elementor-element elementor-element-41f00648\" data-id=\"41f00648\" data-element_type=\"column\">\n\t\t\t<div class=\"elementor-widget-wrap elementor-element-populated\">\n\t\t\t\t\t\t<div class=\"elementor-element elementor-element-525c7f52 elementor-grid-3 elementor-grid-tablet-2 elementor-grid-mobile-1 elementor-posts--thumbnail-top elementor-widget elementor-widget-posts\" data-id=\"525c7f52\" data-element_type=\"widget\" data-settings=\"{&quot;pagination_type&quot;:&quot;numbers_and_prev_next&quot;,&quot;classic_columns&quot;:&quot;3&quot;,&quot;classic_columns_tablet&quot;:&quot;2&quot;,&quot;classic_columns_mobile&quot;:&quot;1&quot;,&quot;classic_row_gap&quot;:{&quot;unit&quot;:&quot;px&quot;,&quot;size&quot;:35,&quot;sizes&quot;:[]},&quot;classic_row_gap_tablet&quot;:{&quot;unit&quot;:&quot;px&quot;,&quot;size&quot;:&quot;&quot;,&quot;sizes&quot;:[]},&quot;classic_row_gap_mobile&quot;:{&quot;unit&quot;:&quot;px&quot;,&quot;size&quot;:&quot;&quot;,&quot;sizes&quot;:[]}}\" data-widget_type=\"posts.classic\">\n\t\t\t\t<div class=\"elementor-widget-container\">\n\t\t\t\t\t<div class=\"elementor-posts-container elementor-posts elementor-posts--skin-classic elementor-grid\">\n\t\t\t\t<article class=\"elementor-post elementor-grid-item post-57059 page type-page status-publish has-post-thumbnail hentry\">\n\t\t\t\t<a class=\"elementor-post__thumbnail__link\" href=\"https:\/\/www.ifi-id.com\/fr\/75-tahun-id-fr\/warisan-tak-benda-dan-kerajinan-tangan\/milou-rattan-french-art-de-vivre\/\" tabindex=\"-1\" target=&quot;_blank&quot;>\n\t\t\t<div class=\"elementor-post__thumbnail\"><img fetchpriority=\"high\" decoding=\"async\" width=\"1280\" height=\"720\" src=\"https:\/\/www.ifi-id.com\/wp-content\/uploads\/2025\/07\/Milou1.png\" class=\"attachment-full size-full wp-image-56921\" alt=\"\" srcset=\"https:\/\/www.ifi-id.com\/wp-content\/uploads\/2025\/07\/Milou1.png 1280w, https:\/\/www.ifi-id.com\/wp-content\/uploads\/2025\/07\/Milou1-300x169.png 300w, https:\/\/www.ifi-id.com\/wp-content\/uploads\/2025\/07\/Milou1-1024x576.png 1024w, https:\/\/www.ifi-id.com\/wp-content\/uploads\/2025\/07\/Milou1-768x432.png 768w\" sizes=\"(max-width: 706px) 89vw, (max-width: 767px) 82vw, 740px\" \/><\/div>\n\t\t<\/a>\n\t\t\t\t<div class=\"elementor-post__text\">\n\t\t\t\t<p class=\"elementor-post__title\">\n\t\t\t<a href=\"https:\/\/www.ifi-id.com\/fr\/75-tahun-id-fr\/warisan-tak-benda-dan-kerajinan-tangan\/milou-rattan-french-art-de-vivre\/\" target=&quot;_blank&quot;>\n\t\t\t\tMilou \u2013 Rattan &amp; French Art de Vivre\t\t\t<\/a>\n\t\t<\/p>\n\t\t\t\t<\/div>\n\t\t\t\t<\/article>\n\t\t\t\t<\/div>\n\t\t\n\t\t\t\t<\/div>\n\t\t\t\t<\/div>\n\t\t\t\t\t<\/div>\n\t\t<\/div>\n\t\t\t\t\t<\/div>\n\t\t<\/section>\n\t\t\t\t<\/div>\n\t\t","protected":false},"excerpt":{"rendered":"<p>Patrimoine immat\u00e9riel et artisanat Patrimoine immat\u00e9riel et artisanat<\/p>\n","protected":false},"author":8,"featured_media":56821,"parent":57102,"menu_order":0,"comment_status":"closed","ping_status":"closed","template":"elementor_header_footer","meta":{"footnotes":""},"class_list":["post-57106","page","type-page","status-publish","has-post-thumbnail","hentry"],"yoast_head":"<!-- This site is optimized with the Yoast SEO plugin v23.5 - https:\/\/yoast.com\/wordpress\/plugins\/seo\/ -->\n<title>Patrimoine immat\u00e9riel et artisanat - Institut fran\u00e7ais Indon\u00e9sie<\/title>\n<meta name=\"robots\" content=\"index, follow, max-snippet:-1, max-image-preview:large, max-video-preview:-1\" \/>\n<link rel=\"canonical\" href=\"https:\/\/www.ifi-id.com\/75-tahun-id-fr\/warisan-tak-benda-dan-kerajinan-tangan\/\" \/>\n<meta property=\"og:locale\" content=\"fr_FR\" \/>\n<meta property=\"og:type\" content=\"article\" \/>\n<meta property=\"og:title\" content=\"Patrimoine immat\u00e9riel et artisanat - Institut fran\u00e7ais Indon\u00e9sie\" \/>\n<meta property=\"og:description\" content=\"Patrimoine immat\u00e9riel et artisanat Patrimoine immat\u00e9riel et artisanat\" \/>\n<meta property=\"og:url\" content=\"https:\/\/www.ifi-id.com\/75-tahun-id-fr\/warisan-tak-benda-dan-kerajinan-tangan\/\" \/>\n<meta property=\"og:site_name\" content=\"Institut fran\u00e7ais Indon\u00e9sie\" \/>\n<meta property=\"article:modified_time\" content=\"2025-07-09T04:21:43+00:00\" \/>\n<meta property=\"og:image\" content=\"https:\/\/www.ifi-id.com\/wp-content\/uploads\/2025\/07\/Warisan-tak-benda-dan-kerajinan-tangan-Intangible-heritage-and-craftsmanship.png\" \/>\n\t<meta property=\"og:image:width\" content=\"4320\" \/>\n\t<meta property=\"og:image:height\" content=\"2880\" \/>\n\t<meta property=\"og:image:type\" content=\"image\/png\" \/>\n<meta name=\"twitter:card\" content=\"summary_large_image\" \/>\n<script type=\"application\/ld+json\" class=\"yoast-schema-graph\">{\"@context\":\"https:\/\/schema.org\",\"@graph\":[{\"@type\":\"WebPage\",\"@id\":\"https:\/\/www.ifi-id.com\/75-tahun-id-fr\/warisan-tak-benda-dan-kerajinan-tangan\/\",\"url\":\"https:\/\/www.ifi-id.com\/75-tahun-id-fr\/warisan-tak-benda-dan-kerajinan-tangan\/\",\"name\":\"Patrimoine immat\u00e9riel et artisanat - Institut fran\u00e7ais Indon\u00e9sie\",\"isPartOf\":{\"@id\":\"https:\/\/www.ifi-id.com\/#website\"},\"primaryImageOfPage\":{\"@id\":\"https:\/\/www.ifi-id.com\/75-tahun-id-fr\/warisan-tak-benda-dan-kerajinan-tangan\/#primaryimage\"},\"image\":{\"@id\":\"https:\/\/www.ifi-id.com\/75-tahun-id-fr\/warisan-tak-benda-dan-kerajinan-tangan\/#primaryimage\"},\"thumbnailUrl\":\"https:\/\/www.ifi-id.com\/wp-content\/uploads\/2025\/07\/Warisan-tak-benda-dan-kerajinan-tangan-Intangible-heritage-and-craftsmanship.png\",\"datePublished\":\"2025-07-09T04:21:39+00:00\",\"dateModified\":\"2025-07-09T04:21:43+00:00\",\"breadcrumb\":{\"@id\":\"https:\/\/www.ifi-id.com\/75-tahun-id-fr\/warisan-tak-benda-dan-kerajinan-tangan\/#breadcrumb\"},\"inLanguage\":\"fr-FR\",\"potentialAction\":[{\"@type\":\"ReadAction\",\"target\":[\"https:\/\/www.ifi-id.com\/75-tahun-id-fr\/warisan-tak-benda-dan-kerajinan-tangan\/\"]}]},{\"@type\":\"ImageObject\",\"inLanguage\":\"fr-FR\",\"@id\":\"https:\/\/www.ifi-id.com\/75-tahun-id-fr\/warisan-tak-benda-dan-kerajinan-tangan\/#primaryimage\",\"url\":\"https:\/\/www.ifi-id.com\/wp-content\/uploads\/2025\/07\/Warisan-tak-benda-dan-kerajinan-tangan-Intangible-heritage-and-craftsmanship.png\",\"contentUrl\":\"https:\/\/www.ifi-id.com\/wp-content\/uploads\/2025\/07\/Warisan-tak-benda-dan-kerajinan-tangan-Intangible-heritage-and-craftsmanship.png\",\"width\":4320,\"height\":2880},{\"@type\":\"BreadcrumbList\",\"@id\":\"https:\/\/www.ifi-id.com\/75-tahun-id-fr\/warisan-tak-benda-dan-kerajinan-tangan\/#breadcrumb\",\"itemListElement\":[{\"@type\":\"ListItem\",\"position\":1,\"name\":\"Home\",\"item\":\"https:\/\/www.ifi-id.com\/\"},{\"@type\":\"ListItem\",\"position\":2,\"name\":\"Proyek Peringatan 75 Tahun Hubungan Diplomatik Prancis dan Indonesia\",\"item\":\"https:\/\/www.ifi-id.com\/75-tahun-id-fr\/\"},{\"@type\":\"ListItem\",\"position\":3,\"name\":\"Patrimoine immat\u00e9riel et artisanat\"}]},{\"@type\":\"WebSite\",\"@id\":\"https:\/\/www.ifi-id.com\/#website\",\"url\":\"https:\/\/www.ifi-id.com\/\",\"name\":\"Institut fran\u00e7ais Indon\u00e9sie\",\"description\":\"\",\"publisher\":{\"@id\":\"https:\/\/www.ifi-id.com\/#organization\"},\"potentialAction\":[{\"@type\":\"SearchAction\",\"target\":{\"@type\":\"EntryPoint\",\"urlTemplate\":\"https:\/\/www.ifi-id.com\/?s={search_term_string}\"},\"query-input\":{\"@type\":\"PropertyValueSpecification\",\"valueRequired\":true,\"valueName\":\"search_term_string\"}}],\"inLanguage\":\"fr-FR\"},{\"@type\":\"Organization\",\"@id\":\"https:\/\/www.ifi-id.com\/#organization\",\"name\":\"Institut fran\u00e7ais Indon\u00e9sie\",\"url\":\"https:\/\/www.ifi-id.com\/\",\"logo\":{\"@type\":\"ImageObject\",\"inLanguage\":\"fr-FR\",\"@id\":\"https:\/\/www.ifi-id.com\/#\/schema\/logo\/image\/\",\"url\":\"https:\/\/www.ifi-id.com\/wp-content\/uploads\/2022\/12\/IFI_New_Logo.jpg\",\"contentUrl\":\"https:\/\/www.ifi-id.com\/wp-content\/uploads\/2022\/12\/IFI_New_Logo.jpg\",\"width\":666,\"height\":444,\"caption\":\"Institut fran\u00e7ais Indon\u00e9sie\"},\"image\":{\"@id\":\"https:\/\/www.ifi-id.com\/#\/schema\/logo\/image\/\"}}]}<\/script>\n<!-- \/ Yoast SEO plugin. -->","yoast_head_json":{"title":"Patrimoine immat\u00e9riel et artisanat - Institut fran\u00e7ais Indon\u00e9sie","robots":{"index":"index","follow":"follow","max-snippet":"max-snippet:-1","max-image-preview":"max-image-preview:large","max-video-preview":"max-video-preview:-1"},"canonical":"https:\/\/www.ifi-id.com\/75-tahun-id-fr\/warisan-tak-benda-dan-kerajinan-tangan\/","og_locale":"fr_FR","og_type":"article","og_title":"Patrimoine immat\u00e9riel et artisanat - Institut fran\u00e7ais Indon\u00e9sie","og_description":"Patrimoine immat\u00e9riel et artisanat Patrimoine immat\u00e9riel et artisanat","og_url":"https:\/\/www.ifi-id.com\/75-tahun-id-fr\/warisan-tak-benda-dan-kerajinan-tangan\/","og_site_name":"Institut fran\u00e7ais Indon\u00e9sie","article_modified_time":"2025-07-09T04:21:43+00:00","og_image":[{"width":4320,"height":2880,"url":"https:\/\/www.ifi-id.com\/wp-content\/uploads\/2025\/07\/Warisan-tak-benda-dan-kerajinan-tangan-Intangible-heritage-and-craftsmanship.png","type":"image\/png"}],"twitter_card":"summary_large_image","schema":{"@context":"https:\/\/schema.org","@graph":[{"@type":"WebPage","@id":"https:\/\/www.ifi-id.com\/75-tahun-id-fr\/warisan-tak-benda-dan-kerajinan-tangan\/","url":"https:\/\/www.ifi-id.com\/75-tahun-id-fr\/warisan-tak-benda-dan-kerajinan-tangan\/","name":"Patrimoine immat\u00e9riel et artisanat - Institut fran\u00e7ais Indon\u00e9sie","isPartOf":{"@id":"https:\/\/www.ifi-id.com\/#website"},"primaryImageOfPage":{"@id":"https:\/\/www.ifi-id.com\/75-tahun-id-fr\/warisan-tak-benda-dan-kerajinan-tangan\/#primaryimage"},"image":{"@id":"https:\/\/www.ifi-id.com\/75-tahun-id-fr\/warisan-tak-benda-dan-kerajinan-tangan\/#primaryimage"},"thumbnailUrl":"https:\/\/www.ifi-id.com\/wp-content\/uploads\/2025\/07\/Warisan-tak-benda-dan-kerajinan-tangan-Intangible-heritage-and-craftsmanship.png","datePublished":"2025-07-09T04:21:39+00:00","dateModified":"2025-07-09T04:21:43+00:00","breadcrumb":{"@id":"https:\/\/www.ifi-id.com\/75-tahun-id-fr\/warisan-tak-benda-dan-kerajinan-tangan\/#breadcrumb"},"inLanguage":"fr-FR","potentialAction":[{"@type":"ReadAction","target":["https:\/\/www.ifi-id.com\/75-tahun-id-fr\/warisan-tak-benda-dan-kerajinan-tangan\/"]}]},{"@type":"ImageObject","inLanguage":"fr-FR","@id":"https:\/\/www.ifi-id.com\/75-tahun-id-fr\/warisan-tak-benda-dan-kerajinan-tangan\/#primaryimage","url":"https:\/\/www.ifi-id.com\/wp-content\/uploads\/2025\/07\/Warisan-tak-benda-dan-kerajinan-tangan-Intangible-heritage-and-craftsmanship.png","contentUrl":"https:\/\/www.ifi-id.com\/wp-content\/uploads\/2025\/07\/Warisan-tak-benda-dan-kerajinan-tangan-Intangible-heritage-and-craftsmanship.png","width":4320,"height":2880},{"@type":"BreadcrumbList","@id":"https:\/\/www.ifi-id.com\/75-tahun-id-fr\/warisan-tak-benda-dan-kerajinan-tangan\/#breadcrumb","itemListElement":[{"@type":"ListItem","position":1,"name":"Home","item":"https:\/\/www.ifi-id.com\/"},{"@type":"ListItem","position":2,"name":"Proyek Peringatan 75 Tahun Hubungan Diplomatik Prancis dan Indonesia","item":"https:\/\/www.ifi-id.com\/75-tahun-id-fr\/"},{"@type":"ListItem","position":3,"name":"Patrimoine immat\u00e9riel et artisanat"}]},{"@type":"WebSite","@id":"https:\/\/www.ifi-id.com\/#website","url":"https:\/\/www.ifi-id.com\/","name":"Institut fran\u00e7ais Indon\u00e9sie","description":"","publisher":{"@id":"https:\/\/www.ifi-id.com\/#organization"},"potentialAction":[{"@type":"SearchAction","target":{"@type":"EntryPoint","urlTemplate":"https:\/\/www.ifi-id.com\/?s={search_term_string}"},"query-input":{"@type":"PropertyValueSpecification","valueRequired":true,"valueName":"search_term_string"}}],"inLanguage":"fr-FR"},{"@type":"Organization","@id":"https:\/\/www.ifi-id.com\/#organization","name":"Institut fran\u00e7ais Indon\u00e9sie","url":"https:\/\/www.ifi-id.com\/","logo":{"@type":"ImageObject","inLanguage":"fr-FR","@id":"https:\/\/www.ifi-id.com\/#\/schema\/logo\/image\/","url":"https:\/\/www.ifi-id.com\/wp-content\/uploads\/2022\/12\/IFI_New_Logo.jpg","contentUrl":"https:\/\/www.ifi-id.com\/wp-content\/uploads\/2022\/12\/IFI_New_Logo.jpg","width":666,"height":444,"caption":"Institut fran\u00e7ais Indon\u00e9sie"},"image":{"@id":"https:\/\/www.ifi-id.com\/#\/schema\/logo\/image\/"}}]}},"post_mailing_queue_ids":[],"_links":{"self":[{"href":"https:\/\/www.ifi-id.com\/fr\/wp-json\/wp\/v2\/pages\/57106"}],"collection":[{"href":"https:\/\/www.ifi-id.com\/fr\/wp-json\/wp\/v2\/pages"}],"about":[{"href":"https:\/\/www.ifi-id.com\/fr\/wp-json\/wp\/v2\/types\/page"}],"author":[{"embeddable":true,"href":"https:\/\/www.ifi-id.com\/fr\/wp-json\/wp\/v2\/users\/8"}],"replies":[{"embeddable":true,"href":"https:\/\/www.ifi-id.com\/fr\/wp-json\/wp\/v2\/comments?post=57106"}],"version-history":[{"count":1,"href":"https:\/\/www.ifi-id.com\/fr\/wp-json\/wp\/v2\/pages\/57106\/revisions"}],"predecessor-version":[{"id":57107,"href":"https:\/\/www.ifi-id.com\/fr\/wp-json\/wp\/v2\/pages\/57106\/revisions\/57107"}],"up":[{"embeddable":true,"href":"https:\/\/www.ifi-id.com\/fr\/wp-json\/wp\/v2\/pages\/57102"}],"wp:featuredmedia":[{"embeddable":true,"href":"https:\/\/www.ifi-id.com\/fr\/wp-json\/wp\/v2\/media\/56821"}],"wp:attachment":[{"href":"https:\/\/www.ifi-id.com\/fr\/wp-json\/wp\/v2\/media?parent=57106"}],"curies":[{"name":"wp","href":"https:\/\/api.w.org\/{rel}","templated":true}]}}