{"id":56691,"date":"2025-07-02T19:19:16","date_gmt":"2025-07-02T12:19:16","guid":{"rendered":"https:\/\/www.ifi-id.com\/ayo-baca\/bimo-la-bibliotheque-mobile-de-lifi\/"},"modified":"2025-10-24T19:08:07","modified_gmt":"2025-10-24T12:08:07","slug":"bimo-la-bibliotheque-mobile-de-lifi","status":"publish","type":"page","link":"https:\/\/www.ifi-id.com\/fr\/ayo-baca\/bimo-la-bibliotheque-mobile-de-lifi\/","title":{"rendered":"BiMo \u2013 La Biblioth\u00e8que Mobile de l\u2019IFI"},"content":{"rendered":"\t\t<div data-elementor-type=\"wp-page\" data-elementor-id=\"56691\" class=\"elementor elementor-56691 elementor-56539\" data-elementor-post-type=\"page\">\n\t\t\t\t\t\t<section class=\"elementor-section elementor-top-section elementor-element elementor-element-779f9391 elementor-section-boxed elementor-section-height-default elementor-section-height-default\" data-id=\"779f9391\" data-element_type=\"section\">\n\t\t\t\t\t\t<div class=\"elementor-container elementor-column-gap-default\">\n\t\t\t\t\t<div class=\"elementor-column elementor-col-100 elementor-top-column elementor-element elementor-element-52dbdeb9\" data-id=\"52dbdeb9\" data-element_type=\"column\">\n\t\t\t<div class=\"elementor-widget-wrap elementor-element-populated\">\n\t\t\t\t\t\t<div class=\"elementor-element elementor-element-3ee55dea elementor-hidden-mobile elementor-invisible elementor-widget elementor-widget-heading\" data-id=\"3ee55dea\" data-element_type=\"widget\" data-settings=\"{&quot;_animation&quot;:&quot;fadeInDown&quot;}\" data-widget_type=\"heading.default\">\n\t\t\t\t<div class=\"elementor-widget-container\">\n\t\t\t<h2 class=\"elementor-heading-title elementor-size-default\">BiMo \u2013 La Biblioth\u00e8que Mobile de l\u2019IFI<\/h2>\t\t<\/div>\n\t\t\t\t<\/div>\n\t\t\t\t\t<\/div>\n\t\t<\/div>\n\t\t\t\t\t<\/div>\n\t\t<\/section>\n\t\t\t\t<section class=\"elementor-section elementor-top-section elementor-element elementor-element-75af6450 elementor-section-boxed elementor-section-height-default elementor-section-height-default\" data-id=\"75af6450\" data-element_type=\"section\">\n\t\t\t\t\t\t<div class=\"elementor-container elementor-column-gap-default\">\n\t\t\t\t\t<div class=\"elementor-column elementor-col-100 elementor-top-column elementor-element elementor-element-623f176f\" data-id=\"623f176f\" data-element_type=\"column\">\n\t\t\t<div class=\"elementor-widget-wrap elementor-element-populated\">\n\t\t\t\t\t\t<div class=\"elementor-element elementor-element-7a724e32 elementor-hidden-desktop elementor-hidden-tablet elementor-invisible elementor-widget elementor-widget-heading\" data-id=\"7a724e32\" data-element_type=\"widget\" data-settings=\"{&quot;_animation&quot;:&quot;fadeInDown&quot;}\" data-widget_type=\"heading.default\">\n\t\t\t\t<div class=\"elementor-widget-container\">\n\t\t\t<h1 class=\"elementor-heading-title elementor-size-default\">BiMo \u2013 La Biblioth\u00e8que Mobile de l\u2019IFI<\/h1>\t\t<\/div>\n\t\t\t\t<\/div>\n\t\t\t\t\t<\/div>\n\t\t<\/div>\n\t\t\t\t\t<\/div>\n\t\t<\/section>\n\t\t\t\t<section class=\"elementor-section elementor-top-section elementor-element elementor-element-6f9ce54 elementor-section-boxed elementor-section-height-default elementor-section-height-default\" data-id=\"6f9ce54\" data-element_type=\"section\">\n\t\t\t\t\t\t<div class=\"elementor-container elementor-column-gap-default\">\n\t\t\t\t\t<div class=\"elementor-column elementor-col-100 elementor-top-column elementor-element elementor-element-d6c4315\" data-id=\"d6c4315\" data-element_type=\"column\">\n\t\t\t<div class=\"elementor-widget-wrap elementor-element-populated\">\n\t\t\t\t\t\t<div class=\"elementor-element elementor-element-c633570 elementor-arrows-position-inside elementor-pagination-position-outside elementor-invisible elementor-widget elementor-widget-image-carousel\" data-id=\"c633570\" data-element_type=\"widget\" data-settings=\"{&quot;slides_to_show&quot;:&quot;1&quot;,&quot;_animation&quot;:&quot;fadeInUp&quot;,&quot;navigation&quot;:&quot;both&quot;,&quot;autoplay&quot;:&quot;yes&quot;,&quot;pause_on_hover&quot;:&quot;yes&quot;,&quot;pause_on_interaction&quot;:&quot;yes&quot;,&quot;autoplay_speed&quot;:5000,&quot;infinite&quot;:&quot;yes&quot;,&quot;effect&quot;:&quot;slide&quot;,&quot;speed&quot;:500}\" data-widget_type=\"image-carousel.default\">\n\t\t\t\t<div class=\"elementor-widget-container\">\n\t\t\t\t\t<div class=\"elementor-image-carousel-wrapper swiper\" dir=\"ltr\">\n\t\t\t<div class=\"elementor-image-carousel swiper-wrapper\" aria-live=\"off\">\n\t\t\t\t\t\t\t\t<div class=\"swiper-slide\" role=\"group\" aria-roledescription=\"slide\" aria-label=\"1 sur 5\"><figure class=\"swiper-slide-inner\"><img decoding=\"async\" class=\"swiper-slide-image\" src=\"https:\/\/www.ifi-id.com\/wp-content\/uploads\/2025\/10\/BiMo_0004_DSC06759.jpg\" alt=\"Peluncuran BiMo di Taman Bungkul, Surabaya pada 23 September 2025\" \/><figcaption class=\"elementor-image-carousel-caption\">Peluncuran BiMo di Taman Bungkul, Surabaya pada 23 September 2025<\/figcaption><\/figure><\/div><div class=\"swiper-slide\" role=\"group\" aria-roledescription=\"slide\" aria-label=\"2 sur 5\"><figure class=\"swiper-slide-inner\"><img decoding=\"async\" class=\"swiper-slide-image\" src=\"https:\/\/www.ifi-id.com\/wp-content\/uploads\/2025\/10\/BiMo_0002_DSC06701.jpg\" alt=\"Peluncuran BiMo di Taman Bungkul, Surabaya pada 23 September 2025\" \/><figcaption class=\"elementor-image-carousel-caption\">Peluncuran BiMo di Taman Bungkul, Surabaya pada 23 September 2025<\/figcaption><\/figure><\/div><div class=\"swiper-slide\" role=\"group\" aria-roledescription=\"slide\" aria-label=\"3 sur 5\"><figure class=\"swiper-slide-inner\"><img decoding=\"async\" class=\"swiper-slide-image\" src=\"https:\/\/www.ifi-id.com\/wp-content\/uploads\/2025\/10\/BiMo_0000_DSC06730.jpg\" alt=\"Peluncuran BiMo di Taman Bungkul, Surabaya pada 23 September 2025\" \/><figcaption class=\"elementor-image-carousel-caption\">Peluncuran BiMo di Taman Bungkul, Surabaya pada 23 September 2025<\/figcaption><\/figure><\/div><div class=\"swiper-slide\" role=\"group\" aria-roledescription=\"slide\" aria-label=\"4 sur 5\"><figure class=\"swiper-slide-inner\"><img decoding=\"async\" class=\"swiper-slide-image\" src=\"https:\/\/www.ifi-id.com\/wp-content\/uploads\/2025\/10\/BiMo_0001_DSC06703.jpg\" alt=\"Peluncuran BiMo di Taman Bungkul, Surabaya pada 23 September 2025\" \/><figcaption class=\"elementor-image-carousel-caption\">Peluncuran BiMo di Taman Bungkul, Surabaya pada 23 September 2025<\/figcaption><\/figure><\/div><div class=\"swiper-slide\" role=\"group\" aria-roledescription=\"slide\" aria-label=\"5 sur 5\"><figure class=\"swiper-slide-inner\"><img decoding=\"async\" class=\"swiper-slide-image\" src=\"https:\/\/www.ifi-id.com\/wp-content\/uploads\/2025\/10\/BiMo_0004_DSC06759.jpg\" alt=\"Peluncuran BiMo di Taman Bungkul, Surabaya pada 23 September 2025\" \/><figcaption class=\"elementor-image-carousel-caption\">Peluncuran BiMo di Taman Bungkul, Surabaya pada 23 September 2025<\/figcaption><\/figure><\/div>\t\t\t<\/div>\n\t\t\t\t\t\t\t\t\t\t\t\t<div class=\"elementor-swiper-button elementor-swiper-button-prev\" role=\"button\" tabindex=\"0\">\n\t\t\t\t\t\t<i aria-hidden=\"true\" class=\"eicon-chevron-left\"><\/i>\t\t\t\t\t<\/div>\n\t\t\t\t\t<div class=\"elementor-swiper-button elementor-swiper-button-next\" role=\"button\" tabindex=\"0\">\n\t\t\t\t\t\t<i aria-hidden=\"true\" class=\"eicon-chevron-right\"><\/i>\t\t\t\t\t<\/div>\n\t\t\t\t\n\t\t\t\t\t\t\t\t\t<div class=\"swiper-pagination\"><\/div>\n\t\t\t\t\t\t\t\t\t<\/div>\n\t\t\t\t<\/div>\n\t\t\t\t<\/div>\n\t\t\t\t\t<\/div>\n\t\t<\/div>\n\t\t\t\t\t<\/div>\n\t\t<\/section>\n\t\t\t\t<section class=\"elementor-section elementor-top-section elementor-element elementor-element-dff1146 elementor-section-boxed elementor-section-height-default elementor-section-height-default\" data-id=\"dff1146\" data-element_type=\"section\">\n\t\t\t\t\t\t<div class=\"elementor-container elementor-column-gap-default\">\n\t\t\t\t\t<div class=\"elementor-column elementor-col-100 elementor-top-column elementor-element elementor-element-1dbb55a\" data-id=\"1dbb55a\" data-element_type=\"column\">\n\t\t\t<div class=\"elementor-widget-wrap elementor-element-populated\">\n\t\t\t\t\t\t<div class=\"elementor-element elementor-element-da8b5bd elementor-invisible elementor-widget elementor-widget-text-editor\" data-id=\"da8b5bd\" data-element_type=\"widget\" data-settings=\"{&quot;_animation&quot;:&quot;fadeInUp&quot;}\" data-widget_type=\"text-editor.default\">\n\t\t\t\t<div class=\"elementor-widget-container\">\n\t\t\t\t\t\t\t<p><span data-contrast=\"auto\">Le volet 2 du projet AYO BACA est officiellement lanc\u00e9 !<\/span><span data-ccp-props=\"{}\">\u00a0<\/span><\/p>\n<p><span data-contrast=\"auto\">Le 23 septembre 2025,\u00a0notre toute premi\u00e8re <strong>Biblioth\u00e8que Mobile<\/strong> a \u00e9t\u00e9 inaugur\u00e9e\u00a0au parc\u00a0Bungkul, \u00e0\u00a0Surabaya\u00a0par les \u00e9quipes de l\u2019Ambassade de France &#8211;\u00a0IFI\u00a0et de\u00a0Penerbit\u00a0Erlangga, pr\u00e9cieux partenaire du projet.<\/span><span data-ccp-props=\"{}\">\u00a0<\/span><\/p>\n<p><span data-contrast=\"auto\">Cette \u201cBiMo\u201d va sillonner l\u2019Est de Java, avec \u00e0 son bord jeux, livres et animations pour petits et grands, afin de (re)donner le go\u00fbt de la lecture, rapprocher les jeunes g\u00e9n\u00e9rations des livres et renforcer les liens culturels entre la France et l\u2019Indon\u00e9sie.<\/span><span data-ccp-props=\"{}\">\u00a0<\/span><\/p>\n<p><span data-contrast=\"auto\">Gr\u00e2ce \u00e0 cette collaboration, l\u2019IFI et\u00a0Erlangga\u00a0travaillent en synergie pour \u00e9largir l\u2019acc\u00e8s \u00e0 la litt\u00e9rature et faire d\u00e9couvrir la litt\u00e9rature fran\u00e7aise contemporaine au public indon\u00e9sien.<\/span><span data-ccp-props=\"{}\">\u00a0<\/span><\/p>\n<p><span data-contrast=\"auto\">D\u2019autres BiMo seront lanc\u00e9es prochainement.\u00a0D\u00e9couvrez l\u2019itin\u00e9raire :<\/span><span data-ccp-props=\"{}\">\u00a0<\/span><\/p>\n\t\t\t\t\t\t<\/div>\n\t\t\t\t<\/div>\n\t\t\t\t\t<\/div>\n\t\t<\/div>\n\t\t\t\t\t<\/div>\n\t\t<\/section>\n\t\t\t\t<section class=\"elementor-section elementor-top-section elementor-element elementor-element-85a0edb elementor-section-boxed elementor-section-height-default elementor-section-height-default\" data-id=\"85a0edb\" data-element_type=\"section\">\n\t\t\t\t\t\t<div class=\"elementor-container elementor-column-gap-default\">\n\t\t\t\t\t<div class=\"elementor-column elementor-col-100 elementor-top-column elementor-element elementor-element-6fd4717\" data-id=\"6fd4717\" data-element_type=\"column\">\n\t\t\t<div class=\"elementor-widget-wrap elementor-element-populated\">\n\t\t\t\t\t\t<div class=\"elementor-element elementor-element-4bf891e elementor-invisible elementor-widget elementor-widget-image\" data-id=\"4bf891e\" data-element_type=\"widget\" data-settings=\"{&quot;_animation&quot;:&quot;fadeInUp&quot;}\" data-widget_type=\"image.default\">\n\t\t\t\t<div class=\"elementor-widget-container\">\n\t\t\t\t\t\t\t\t\t\t\t\t\t<img fetchpriority=\"high\" decoding=\"async\" width=\"1280\" height=\"720\" src=\"https:\/\/www.ifi-id.com\/wp-content\/uploads\/2025\/10\/Carte-Trajet-BiMo-Ayo-Baca.jpg\" class=\"attachment-full size-full wp-image-58698\" alt=\"\" srcset=\"https:\/\/www.ifi-id.com\/wp-content\/uploads\/2025\/10\/Carte-Trajet-BiMo-Ayo-Baca.jpg 1280w, https:\/\/www.ifi-id.com\/wp-content\/uploads\/2025\/10\/Carte-Trajet-BiMo-Ayo-Baca-300x169.jpg 300w, https:\/\/www.ifi-id.com\/wp-content\/uploads\/2025\/10\/Carte-Trajet-BiMo-Ayo-Baca-1024x576.jpg 1024w, https:\/\/www.ifi-id.com\/wp-content\/uploads\/2025\/10\/Carte-Trajet-BiMo-Ayo-Baca-768x432.jpg 768w\" sizes=\"100vw\" \/>\t\t\t\t\t\t\t\t\t\t\t\t\t<\/div>\n\t\t\t\t<\/div>\n\t\t\t\t\t<\/div>\n\t\t<\/div>\n\t\t\t\t\t<\/div>\n\t\t<\/section>\n\t\t\t\t<\/div>\n\t\t","protected":false},"excerpt":{"rendered":"<p>BiMo \u2013 La Biblioth\u00e8que Mobile de l\u2019IFI BiMo \u2013 La Biblioth\u00e8que Mobile de l\u2019IFI Peluncuran BiMo di Taman Bungkul, Surabaya pada 23 September 2025 Peluncuran BiMo di Taman Bungkul, Surabaya pada 23 September 2025 Peluncuran BiMo di Taman Bungkul, Surabaya pada 23 September 2025 Peluncuran BiMo di Taman Bungkul, Surabaya pada 23 September 2025 Peluncuran &hellip; <\/p>\n<p class=\"link-more\"><a href=\"https:\/\/www.ifi-id.com\/fr\/ayo-baca\/bimo-la-bibliotheque-mobile-de-lifi\/\" class=\"more-link\">Continuer la lecture<span class=\"screen-reader-text\"> de &laquo;&nbsp;BiMo \u2013 La Biblioth\u00e8que Mobile de l\u2019IFI&nbsp;&raquo;<\/span><\/a><\/p>\n","protected":false},"author":8,"featured_media":55235,"parent":55233,"menu_order":0,"comment_status":"closed","ping_status":"closed","template":"elementor_header_footer","meta":{"footnotes":""},"class_list":["post-56691","page","type-page","status-publish","has-post-thumbnail","hentry"],"yoast_head":"<!-- This site is optimized with the Yoast SEO plugin v23.5 - https:\/\/yoast.com\/wordpress\/plugins\/seo\/ -->\n<title>BiMo \u2013 La Biblioth\u00e8que Mobile de l\u2019IFI - Institut fran\u00e7ais Indon\u00e9sie<\/title>\n<meta name=\"description\" content=\"Un bibliobus traversera bient\u00f4t Java avec de nombreux livres \u00e0 son bord afin de faire d\u00e9couvrir la litt\u00e9rature \u00e0 travers des activit\u00e9s ludiques aux plus jeunes, des \u00e9coles aux lyc\u00e9es.\" \/>\n<meta name=\"robots\" content=\"index, follow, max-snippet:-1, max-image-preview:large, max-video-preview:-1\" \/>\n<link rel=\"canonical\" href=\"https:\/\/www.ifi-id.com\/ayo-baca\/bimo-perpustakaan-keliling-ifi\/\" \/>\n<meta property=\"og:locale\" content=\"fr_FR\" \/>\n<meta property=\"og:type\" content=\"article\" \/>\n<meta property=\"og:title\" content=\"BiMo \u2013 La Biblioth\u00e8que Mobile de l\u2019IFI\" \/>\n<meta property=\"og:description\" content=\"Un bibliobus traversera bient\u00f4t Java avec de nombreux livres \u00e0 son bord afin de faire d\u00e9couvrir la litt\u00e9rature \u00e0 travers des activit\u00e9s ludiques aux plus jeunes, des \u00e9coles aux lyc\u00e9es.\" \/>\n<meta property=\"og:url\" content=\"https:\/\/www.ifi-id.com\/ayo-baca\/bimo-perpustakaan-keliling-ifi\/\" \/>\n<meta property=\"og:site_name\" content=\"Institut fran\u00e7ais Indon\u00e9sie\" \/>\n<meta property=\"article:modified_time\" content=\"2025-10-24T12:08:07+00:00\" \/>\n<meta property=\"og:image\" content=\"https:\/\/www.ifi-id.com\/wp-content\/uploads\/2025\/06\/WB-Ayo-Baca.jpg\" \/>\n<meta name=\"twitter:card\" content=\"summary_large_image\" \/>\n<meta name=\"twitter:label1\" content=\"Dur\u00e9e de lecture estim\u00e9e\" \/>\n\t<meta name=\"twitter:data1\" content=\"1 minute\" \/>\n<script type=\"application\/ld+json\" class=\"yoast-schema-graph\">{\"@context\":\"https:\/\/schema.org\",\"@graph\":[{\"@type\":\"WebPage\",\"@id\":\"https:\/\/www.ifi-id.com\/ayo-baca\/bimo-perpustakaan-keliling-ifi\/\",\"url\":\"https:\/\/www.ifi-id.com\/ayo-baca\/bimo-perpustakaan-keliling-ifi\/\",\"name\":\"BiMo \u2013 La Biblioth\u00e8que Mobile de l\u2019IFI - Institut fran\u00e7ais Indon\u00e9sie\",\"isPartOf\":{\"@id\":\"https:\/\/www.ifi-id.com\/#website\"},\"primaryImageOfPage\":{\"@id\":\"https:\/\/www.ifi-id.com\/ayo-baca\/bimo-perpustakaan-keliling-ifi\/#primaryimage\"},\"image\":{\"@id\":\"https:\/\/www.ifi-id.com\/ayo-baca\/bimo-perpustakaan-keliling-ifi\/#primaryimage\"},\"thumbnailUrl\":\"https:\/\/www.ifi-id.com\/wp-content\/uploads\/2025\/06\/WB-Ayo-Baca.jpg\",\"datePublished\":\"2025-07-02T12:19:16+00:00\",\"dateModified\":\"2025-10-24T12:08:07+00:00\",\"description\":\"Un bibliobus traversera bient\u00f4t Java avec de nombreux livres \u00e0 son bord afin de faire d\u00e9couvrir la litt\u00e9rature \u00e0 travers des activit\u00e9s ludiques aux plus jeunes, des \u00e9coles aux lyc\u00e9es.\",\"breadcrumb\":{\"@id\":\"https:\/\/www.ifi-id.com\/ayo-baca\/bimo-perpustakaan-keliling-ifi\/#breadcrumb\"},\"inLanguage\":\"fr-FR\",\"potentialAction\":[{\"@type\":\"ReadAction\",\"target\":[\"https:\/\/www.ifi-id.com\/ayo-baca\/bimo-perpustakaan-keliling-ifi\/\"]}]},{\"@type\":\"ImageObject\",\"inLanguage\":\"fr-FR\",\"@id\":\"https:\/\/www.ifi-id.com\/ayo-baca\/bimo-perpustakaan-keliling-ifi\/#primaryimage\",\"url\":\"https:\/\/www.ifi-id.com\/wp-content\/uploads\/2025\/06\/WB-Ayo-Baca.jpg\",\"contentUrl\":\"https:\/\/www.ifi-id.com\/wp-content\/uploads\/2025\/06\/WB-Ayo-Baca.jpg\",\"width\":1280,\"height\":720},{\"@type\":\"BreadcrumbList\",\"@id\":\"https:\/\/www.ifi-id.com\/ayo-baca\/bimo-perpustakaan-keliling-ifi\/#breadcrumb\",\"itemListElement\":[{\"@type\":\"ListItem\",\"position\":1,\"name\":\"Home\",\"item\":\"https:\/\/www.ifi-id.com\/\"},{\"@type\":\"ListItem\",\"position\":2,\"name\":\"AYO BACA!\",\"item\":\"https:\/\/www.ifi-id.com\/ayo-baca\/\"},{\"@type\":\"ListItem\",\"position\":3,\"name\":\"BiMo \u2013 La Biblioth\u00e8que Mobile de l\u2019IFI\"}]},{\"@type\":\"WebSite\",\"@id\":\"https:\/\/www.ifi-id.com\/#website\",\"url\":\"https:\/\/www.ifi-id.com\/\",\"name\":\"Institut fran\u00e7ais Indon\u00e9sie\",\"description\":\"\",\"publisher\":{\"@id\":\"https:\/\/www.ifi-id.com\/#organization\"},\"potentialAction\":[{\"@type\":\"SearchAction\",\"target\":{\"@type\":\"EntryPoint\",\"urlTemplate\":\"https:\/\/www.ifi-id.com\/?s={search_term_string}\"},\"query-input\":{\"@type\":\"PropertyValueSpecification\",\"valueRequired\":true,\"valueName\":\"search_term_string\"}}],\"inLanguage\":\"fr-FR\"},{\"@type\":\"Organization\",\"@id\":\"https:\/\/www.ifi-id.com\/#organization\",\"name\":\"Institut fran\u00e7ais Indon\u00e9sie\",\"url\":\"https:\/\/www.ifi-id.com\/\",\"logo\":{\"@type\":\"ImageObject\",\"inLanguage\":\"fr-FR\",\"@id\":\"https:\/\/www.ifi-id.com\/#\/schema\/logo\/image\/\",\"url\":\"https:\/\/www.ifi-id.com\/wp-content\/uploads\/2022\/12\/IFI_New_Logo.jpg\",\"contentUrl\":\"https:\/\/www.ifi-id.com\/wp-content\/uploads\/2022\/12\/IFI_New_Logo.jpg\",\"width\":666,\"height\":444,\"caption\":\"Institut fran\u00e7ais Indon\u00e9sie\"},\"image\":{\"@id\":\"https:\/\/www.ifi-id.com\/#\/schema\/logo\/image\/\"}}]}<\/script>\n<!-- \/ Yoast SEO plugin. -->","yoast_head_json":{"title":"BiMo \u2013 La Biblioth\u00e8que Mobile de l\u2019IFI - Institut fran\u00e7ais Indon\u00e9sie","description":"Un bibliobus traversera bient\u00f4t Java avec de nombreux livres \u00e0 son bord afin de faire d\u00e9couvrir la litt\u00e9rature \u00e0 travers des activit\u00e9s ludiques aux plus jeunes, des \u00e9coles aux lyc\u00e9es.","robots":{"index":"index","follow":"follow","max-snippet":"max-snippet:-1","max-image-preview":"max-image-preview:large","max-video-preview":"max-video-preview:-1"},"canonical":"https:\/\/www.ifi-id.com\/ayo-baca\/bimo-perpustakaan-keliling-ifi\/","og_locale":"fr_FR","og_type":"article","og_title":"BiMo \u2013 La Biblioth\u00e8que Mobile de l\u2019IFI","og_description":"Un bibliobus traversera bient\u00f4t Java avec de nombreux livres \u00e0 son bord afin de faire d\u00e9couvrir la litt\u00e9rature \u00e0 travers des activit\u00e9s ludiques aux plus jeunes, des \u00e9coles aux lyc\u00e9es.","og_url":"https:\/\/www.ifi-id.com\/ayo-baca\/bimo-perpustakaan-keliling-ifi\/","og_site_name":"Institut fran\u00e7ais Indon\u00e9sie","article_modified_time":"2025-10-24T12:08:07+00:00","og_image":[{"url":"https:\/\/www.ifi-id.com\/wp-content\/uploads\/2025\/06\/WB-Ayo-Baca.jpg"}],"twitter_card":"summary_large_image","twitter_misc":{"Dur\u00e9e de lecture estim\u00e9e":"1 minute"},"schema":{"@context":"https:\/\/schema.org","@graph":[{"@type":"WebPage","@id":"https:\/\/www.ifi-id.com\/ayo-baca\/bimo-perpustakaan-keliling-ifi\/","url":"https:\/\/www.ifi-id.com\/ayo-baca\/bimo-perpustakaan-keliling-ifi\/","name":"BiMo \u2013 La Biblioth\u00e8que Mobile de l\u2019IFI - Institut fran\u00e7ais Indon\u00e9sie","isPartOf":{"@id":"https:\/\/www.ifi-id.com\/#website"},"primaryImageOfPage":{"@id":"https:\/\/www.ifi-id.com\/ayo-baca\/bimo-perpustakaan-keliling-ifi\/#primaryimage"},"image":{"@id":"https:\/\/www.ifi-id.com\/ayo-baca\/bimo-perpustakaan-keliling-ifi\/#primaryimage"},"thumbnailUrl":"https:\/\/www.ifi-id.com\/wp-content\/uploads\/2025\/06\/WB-Ayo-Baca.jpg","datePublished":"2025-07-02T12:19:16+00:00","dateModified":"2025-10-24T12:08:07+00:00","description":"Un bibliobus traversera bient\u00f4t Java avec de nombreux livres \u00e0 son bord afin de faire d\u00e9couvrir la litt\u00e9rature \u00e0 travers des activit\u00e9s ludiques aux plus jeunes, des \u00e9coles aux lyc\u00e9es.","breadcrumb":{"@id":"https:\/\/www.ifi-id.com\/ayo-baca\/bimo-perpustakaan-keliling-ifi\/#breadcrumb"},"inLanguage":"fr-FR","potentialAction":[{"@type":"ReadAction","target":["https:\/\/www.ifi-id.com\/ayo-baca\/bimo-perpustakaan-keliling-ifi\/"]}]},{"@type":"ImageObject","inLanguage":"fr-FR","@id":"https:\/\/www.ifi-id.com\/ayo-baca\/bimo-perpustakaan-keliling-ifi\/#primaryimage","url":"https:\/\/www.ifi-id.com\/wp-content\/uploads\/2025\/06\/WB-Ayo-Baca.jpg","contentUrl":"https:\/\/www.ifi-id.com\/wp-content\/uploads\/2025\/06\/WB-Ayo-Baca.jpg","width":1280,"height":720},{"@type":"BreadcrumbList","@id":"https:\/\/www.ifi-id.com\/ayo-baca\/bimo-perpustakaan-keliling-ifi\/#breadcrumb","itemListElement":[{"@type":"ListItem","position":1,"name":"Home","item":"https:\/\/www.ifi-id.com\/"},{"@type":"ListItem","position":2,"name":"AYO BACA!","item":"https:\/\/www.ifi-id.com\/ayo-baca\/"},{"@type":"ListItem","position":3,"name":"BiMo \u2013 La Biblioth\u00e8que Mobile de l\u2019IFI"}]},{"@type":"WebSite","@id":"https:\/\/www.ifi-id.com\/#website","url":"https:\/\/www.ifi-id.com\/","name":"Institut fran\u00e7ais Indon\u00e9sie","description":"","publisher":{"@id":"https:\/\/www.ifi-id.com\/#organization"},"potentialAction":[{"@type":"SearchAction","target":{"@type":"EntryPoint","urlTemplate":"https:\/\/www.ifi-id.com\/?s={search_term_string}"},"query-input":{"@type":"PropertyValueSpecification","valueRequired":true,"valueName":"search_term_string"}}],"inLanguage":"fr-FR"},{"@type":"Organization","@id":"https:\/\/www.ifi-id.com\/#organization","name":"Institut fran\u00e7ais Indon\u00e9sie","url":"https:\/\/www.ifi-id.com\/","logo":{"@type":"ImageObject","inLanguage":"fr-FR","@id":"https:\/\/www.ifi-id.com\/#\/schema\/logo\/image\/","url":"https:\/\/www.ifi-id.com\/wp-content\/uploads\/2022\/12\/IFI_New_Logo.jpg","contentUrl":"https:\/\/www.ifi-id.com\/wp-content\/uploads\/2022\/12\/IFI_New_Logo.jpg","width":666,"height":444,"caption":"Institut fran\u00e7ais Indon\u00e9sie"},"image":{"@id":"https:\/\/www.ifi-id.com\/#\/schema\/logo\/image\/"}}]}},"post_mailing_queue_ids":[],"_links":{"self":[{"href":"https:\/\/www.ifi-id.com\/fr\/wp-json\/wp\/v2\/pages\/56691"}],"collection":[{"href":"https:\/\/www.ifi-id.com\/fr\/wp-json\/wp\/v2\/pages"}],"about":[{"href":"https:\/\/www.ifi-id.com\/fr\/wp-json\/wp\/v2\/types\/page"}],"author":[{"embeddable":true,"href":"https:\/\/www.ifi-id.com\/fr\/wp-json\/wp\/v2\/users\/8"}],"replies":[{"embeddable":true,"href":"https:\/\/www.ifi-id.com\/fr\/wp-json\/wp\/v2\/comments?post=56691"}],"version-history":[{"count":4,"href":"https:\/\/www.ifi-id.com\/fr\/wp-json\/wp\/v2\/pages\/56691\/revisions"}],"predecessor-version":[{"id":58720,"href":"https:\/\/www.ifi-id.com\/fr\/wp-json\/wp\/v2\/pages\/56691\/revisions\/58720"}],"up":[{"embeddable":true,"href":"https:\/\/www.ifi-id.com\/fr\/wp-json\/wp\/v2\/pages\/55233"}],"wp:featuredmedia":[{"embeddable":true,"href":"https:\/\/www.ifi-id.com\/fr\/wp-json\/wp\/v2\/media\/55235"}],"wp:attachment":[{"href":"https:\/\/www.ifi-id.com\/fr\/wp-json\/wp\/v2\/media?parent=56691"}],"curies":[{"name":"wp","href":"https:\/\/api.w.org\/{rel}","templated":true}]}}