{"id":5664,"date":"2021-01-14T04:55:46","date_gmt":"2021-01-14T04:55:46","guid":{"rendered":"https:\/\/ifi.lab.virus.co.id\/?page_id=5664"},"modified":"2021-01-29T15:40:59","modified_gmt":"2021-01-29T08:40:59","slug":"ifi-jakarta-inscription","status":"publish","type":"page","link":"https:\/\/www.ifi-id.com\/fr\/ifi-jakarta-inscription\/","title":{"rendered":"IFI Jakarta &#8211;  Inscription"},"content":{"rendered":"\t\t<div data-elementor-type=\"wp-page\" data-elementor-id=\"5664\" class=\"elementor elementor-5664 elementor-3905\" data-elementor-post-type=\"page\">\n\t\t\t\t\t\t<section class=\"elementor-section elementor-top-section elementor-element elementor-element-8384090 elementor-section-boxed elementor-section-height-default elementor-section-height-default\" data-id=\"8384090\" data-element_type=\"section\">\n\t\t\t\t\t\t<div class=\"elementor-container elementor-column-gap-default\">\n\t\t\t\t\t<div class=\"elementor-column elementor-col-100 elementor-top-column elementor-element elementor-element-150f77e\" data-id=\"150f77e\" data-element_type=\"column\">\n\t\t\t<div class=\"elementor-widget-wrap elementor-element-populated\">\n\t\t\t\t\t\t<div class=\"elementor-element elementor-element-0fb49d3 elementor-widget elementor-widget-heading\" data-id=\"0fb49d3\" data-element_type=\"widget\" data-widget_type=\"heading.default\">\n\t\t\t\t<div class=\"elementor-widget-container\">\n\t\t\t<h2 class=\"elementor-heading-title elementor-size-default\">INSCRIPTION<\/h2>\t\t<\/div>\n\t\t\t\t<\/div>\n\t\t\t\t\t<\/div>\n\t\t<\/div>\n\t\t\t\t\t<\/div>\n\t\t<\/section>\n\t\t\t\t<section class=\"elementor-section elementor-top-section elementor-element elementor-element-2cfff86 elementor-section-boxed elementor-section-height-default elementor-section-height-default\" data-id=\"2cfff86\" data-element_type=\"section\">\n\t\t\t\t\t\t<div class=\"elementor-container elementor-column-gap-default\">\n\t\t\t\t\t<div class=\"elementor-column elementor-col-100 elementor-top-column elementor-element elementor-element-680a409\" data-id=\"680a409\" data-element_type=\"column\">\n\t\t\t<div class=\"elementor-widget-wrap elementor-element-populated\">\n\t\t\t\t\t\t<div class=\"elementor-element elementor-element-9ea11fb elementor-widget elementor-widget-text-editor\" data-id=\"9ea11fb\" data-element_type=\"widget\" data-widget_type=\"text-editor.default\">\n\t\t\t\t<div class=\"elementor-widget-container\">\n\t\t\t\t\t\t\t<table border=\"0\" width=\"580\" cellspacing=\"0\" cellpadding=\"0\"><tbody><tr><td class=\"xl7917210\" colspan=\"3\" width=\"580\" height=\"33\"><strong>S\u00e9ance 2020<\/strong><\/td><\/tr><tr><td class=\"xl7717210\" width=\"221\" height=\"23\">DATE D&rsquo;INSCRIPTION<\/td><td class=\"xl7617210\" width=\"150\">DEBUT DE COURS<\/td><td class=\"xl7817210\" width=\"209\">TYPE DE COURS<\/td><\/tr><tr><td class=\"xl7317210\" width=\"221\" height=\"22\">12 d\u00e9cembre 2019 &#8211; 4 janvier<\/td><td class=\"xl7417210\" width=\"150\">5 janvier<\/td><td class=\"xl7517210\" width=\"209\">Pr\u00e9paration au DELF-DALF<\/td><\/tr><tr><td class=\"xl6817210\" width=\"221\" height=\"22\">11 &#8211; 24 janvier<\/td><td class=\"xl7017210\" width=\"150\">27 janvier<\/td><td class=\"xl6617210\" width=\"209\">Intensif<\/td><\/tr><tr><td class=\"xl6717210\" width=\"221\" height=\"22\">8 &#8211; 22 f\u00e9vrier<\/td><td class=\"xl6917210\" width=\"150\">24 f\u00e9vrier\u00a0<\/td><td class=\"xl6517210\" width=\"209\">Extensif, Enfants<\/td><\/tr><tr><td class=\"xl6817210\" width=\"221\" height=\"22\">22 f\u00e9vrier &#8211; 7 mars<\/td><td class=\"xl7017210\" width=\"150\">9 mars<\/td><td class=\"xl6617210\" width=\"209\">Semi Intensif<\/td><\/tr><tr><td class=\"xl6717210\" width=\"221\" height=\"22\">7 &#8211; 21 mars<\/td><td class=\"xl6917210\" width=\"150\">23 mars<\/td><td class=\"xl6517210\" width=\"209\">Extensif, Intensif<\/td><\/tr><tr><td class=\"xl6817210\" width=\"221\" height=\"22\">7 &#8211; 21 mars<\/td><td class=\"xl7017210\" width=\"150\">23 mars<\/td><td class=\"xl6617210\" width=\"209\">Pr\u00e9paration au DELF-DALF<\/td><\/tr><tr><td class=\"xl6717210\" width=\"221\" height=\"22\">1 &#8211; 18 avril<\/td><td class=\"xl6917210\" width=\"150\">20 avril<\/td><td class=\"xl6517210\" width=\"209\">Super Intensif<\/td><\/tr><tr><td class=\"xl6817210\" width=\"221\" height=\"22\">25 avril &#8211; 9 mai<\/td><td class=\"xl7117210\" width=\"150\">11 mai<\/td><td class=\"xl6617210\" width=\"209\">Intensif<\/td><\/tr><tr><td class=\"xl6717210\" width=\"221\" height=\"22\">9 &#8211; 20 mai<\/td><td class=\"xl7217210\" width=\"150\">2 juin<\/td><td class=\"xl6517210\" width=\"209\">Enfants<\/td><\/tr><tr><td class=\"xl6817210\" width=\"221\" height=\"22\">13 &#8211; 27 juin<\/td><td class=\"xl7117210\" width=\"150\">29 juin<\/td><td class=\"xl6617210\" width=\"209\">Semi Intensif, Extensif<\/td><\/tr><tr><td class=\"xl6717210\" width=\"221\" height=\"22\">13 &#8211; 27 juin<\/td><td class=\"xl7217210\" width=\"150\">29 juin<\/td><td class=\"xl6517210\" width=\"209\">Intensif Vacances Scolaires<\/td><\/tr><tr><td class=\"xl6817210\" width=\"221\" height=\"22\">27 juin &#8211; 11 juillet<\/td><td class=\"xl7017210\" width=\"150\">13 juillet<\/td><td class=\"xl6617210\" width=\"209\">Intensif<\/td><\/tr><tr><td class=\"xl6717210\" width=\"221\" height=\"22\">11 &#8211; 25 juillet<\/td><td class=\"xl6917210\" width=\"150\">27 juillet<\/td><td class=\"xl6517210\" width=\"209\">Extensif<\/td><\/tr><tr><td class=\"xl6817210\" width=\"221\" height=\"22\">25 juillet- 9 ao\u00fbt<\/td><td class=\"xl7017210\" width=\"150\">10 ao\u00fbt\u00a0<\/td><td class=\"xl6617210\" width=\"209\">Pr\u00e9paration au DELF-DALF<\/td><\/tr><tr><td class=\"xl6717210\" width=\"221\" height=\"22\">15 &#8211; 29 ao\u00fbt<\/td><td class=\"xl6917210\" width=\"150\">31 ao\u00fbt\u00a0<\/td><td class=\"xl6517210\" width=\"209\">Intensif, Enfants<\/td><\/tr><tr><td class=\"xl6817210\" width=\"221\" height=\"22\">12 &#8211; 26 septembre<\/td><td class=\"xl7017210\" width=\"150\">28 septembre<\/td><td class=\"xl6617210\" width=\"209\">Semi Intensif<\/td><\/tr><tr><td class=\"xl6717210\" width=\"221\" height=\"22\">10 &#8211; 24 octobre<\/td><td class=\"xl6917210\" width=\"150\">26 octobre<\/td><td class=\"xl6517210\" width=\"209\">Extensif, Intensif<\/td><\/tr><tr><td class=\"xl6817210\" width=\"221\" height=\"22\">7 &#8211; 21 novembre\u00a0<\/td><td class=\"xl7017210\" width=\"150\">23 novembre<\/td><td class=\"xl6617210\" width=\"209\">Extensif, Enfants<\/td><\/tr><tr><td class=\"xl6717210\" width=\"221\" height=\"22\">7 &#8211; 21 novembre\u00a0<\/td><td class=\"xl6917210\" width=\"150\">23 novembre<\/td><td class=\"xl6517210\" width=\"209\">Pr\u00e9paration au DELF-DALF<\/td><\/tr><tr><td class=\"xl6817210\" width=\"221\" height=\"22\">12 d\u00e9cembre &#8211; 2 janvier 2021<\/td><td class=\"xl7017210\" width=\"150\">4 janvier 2021<\/td><td class=\"xl6617210\" width=\"209\">Intensif, Semi Intensif<\/td><\/tr><\/tbody><\/table><p style=\"text-align: justify;\"><strong>S\u2019INSCRIRE<\/strong><\/p><p style=\"text-align: justify;\"><strong>COMMENT S\u2019INSCRIRE<br \/><\/strong>Les inscriptions sont ouvertes \u00e0 tout moment durant les horaires d\u2019ouverture de la r\u00e9ception, et plus sp\u00e9cifiquement aux dates mentionn\u00e9es dans le calendrier des cours.<\/p><p style=\"text-align: justify;\">Un test de placement, obligatoire pour tout nouvel \u00e9tudiant non d\u00e9butant, permet d\u2019orienter vers la classe la plus appropri\u00e9e pour l\u2019\u00e9tudiant.<\/p><p style=\"text-align: justify;\"><strong>CONSEIL POUR S\u2019INSCRIRE<br \/><\/strong>Les assistants du service des cours sont \u00e0 votre disposition pour tous renseignements. Ils vous conseilleront la meilleure solution pour suivre des cours et passer un examen.<\/p><p style=\"text-align: justify;\"><strong>PERIODES D\u2019INSCRIPTION<br \/><\/strong>Il est recommand\u00e9 de vous inscrire le plus rapidement possible, d\u00e8s l\u2019ouverture des inscriptions, car certains cours peuvent rapidement complets ou inversement annul\u00e9s faute d\u2019inscriptions suffisantes.<\/p><p style=\"text-align: justify;\"><strong>CLUB IFI<br \/><\/strong>Une fois que vous \u00eates inscrit au Club IFI, vous b\u00e9n\u00e9ficierez :<\/p><ul style=\"text-align: justify;\"><li>Un acc\u00e8s illimit\u00e9 \u00e0 la programmation \u00ab L\u2019Ecran \u00bb du nouvel auditorium (18 projections de film par mois) ;<\/li><li>Des r\u00e9ductions sur les concerts et spectacles organis\u00e9s toute l\u2019ann\u00e9e par l\u2019IFI ;<\/li><li>Un acc\u00e8s illimit\u00e9 \u00e0 la salle de karaok\u00e9 de l\u2019IFI Wijaya ;<\/li><li>Une adh\u00e9sion \u00e0 La M\u00e9diath\u00e8que pour emprunter tous types de documents (livres, bandes dessin\u00e9es, journaux, revues, CD et DVD, etc.) ;<\/li><li>Un acc\u00e8s complet \u00e0 \u00ab Cultureth\u00e8que \u00bb, portail multim\u00e9dia en ligne.<\/li><\/ul><p style=\"text-align: justify;\"><strong>ANNULATIONS ET REMBOURSEMENTS<br \/><\/strong>Les cours sont pr\u00e9vus pour un nombre limit\u00e9 d&rsquo;\u00e9l\u00e8ves. Pour cette raison, les montants pay\u00e9s ne sont malheureusement pas remboursables une fois les cours commenc\u00e9s et aucun remboursement ne sera accord\u00e9 pour les cours qui ne sont pas pris. L\u2019Institut fran\u00e7ais d\u2019Indon\u00e9sie ne peut \u00eatre tenu responsable \u00e0 l\u2019\u00e9gard des changements impr\u00e9vus dans la situation des \u00e9tudiants pouvant les emp\u00eacher d\u2019assister aux cours.<\/p><p style=\"text-align: justify;\">Les cours peuvent \u00eatre annul\u00e9s et rembours\u00e9s dans sa totalit\u00e9 pour cause de maladie et de mutation professionnelle. Les demandes d\u2019annulation et de remboursement doivent \u00eatre faites par \u00e9crit accompagn\u00e9es d\u2019un certificat m\u00e9dical ou d\u2019une attestation de mutation professionnelle \u00e9mise par l\u2019employeur, avant le d\u00e9but du cours.<\/p><p style=\"text-align: justify;\">Annulation de la part de l\u2019Institut fran\u00e7ais d\u2019Indon\u00e9sie : la somme que vous avez r\u00e9gl\u00e9 sera rembours\u00e9e si un cours est annul\u00e9 ou ferm\u00e9 en raison d\u2019un nombre insuffisant d\u2019\u00e9tudiants ou pour toute autre raison de notre responsabilit\u00e9.<\/p><p style=\"text-align: justify;\"><strong>CONTACTS<\/strong><\/p><p style=\"text-align: justify;\"><strong>IFI Thamrin<br \/><\/strong>Jl. M.H Thamrin No. 20<br \/>Jakarta Pusat 10350<br \/>T. 2355 7951 \/ 2355 7952<br \/>E. kursus@ifi-id.com<\/p><p style=\"text-align: justify;\"><strong>IFI Wijaya<br \/><\/strong>Jl. Wijaya I No. 48<br \/>Jakarta Selatan 12170<br \/>T. 724 7064 \/ 720 8133<br \/>E. kursus@ifi-id.com<\/p>\t\t\t\t\t\t<\/div>\n\t\t\t\t<\/div>\n\t\t\t\t\t<\/div>\n\t\t<\/div>\n\t\t\t\t\t<\/div>\n\t\t<\/section>\n\t\t\t\t<section class=\"elementor-section elementor-top-section elementor-element elementor-element-6861c368 elementor-section-boxed elementor-section-height-default elementor-section-height-default\" data-id=\"6861c368\" data-element_type=\"section\">\n\t\t\t\t\t\t<div class=\"elementor-container elementor-column-gap-default\">\n\t\t\t\t\t<div class=\"elementor-column elementor-col-100 elementor-top-column elementor-element elementor-element-5b14347b\" data-id=\"5b14347b\" data-element_type=\"column\">\n\t\t\t<div class=\"elementor-widget-wrap elementor-element-populated\">\n\t\t\t\t\t\t<div class=\"elementor-element elementor-element-43b0358e e-grid-align-right wa-button elementor-shape-rounded elementor-grid-0 elementor-widget elementor-widget-social-icons\" data-id=\"43b0358e\" data-element_type=\"widget\" data-widget_type=\"social-icons.default\">\n\t\t\t\t<div class=\"elementor-widget-container\">\n\t\t\t\t\t<div class=\"elementor-social-icons-wrapper elementor-grid\">\n\t\t\t\t\t\t\t<span class=\"elementor-grid-item\">\n\t\t\t\t\t<a class=\"elementor-icon elementor-social-icon elementor-social-icon-whatsapp elementor-repeater-item-e4e369f\" href=\"https:\/\/api.whatsapp.com\/send\/?phone=622123557952&#038;text&#038;app_absent=0\" target=\"_blank\">\n\t\t\t\t\t\t<span class=\"elementor-screen-only\">Whatsapp<\/span>\n\t\t\t\t\t\t<i class=\"fab fa-whatsapp\"><\/i>\t\t\t\t\t<\/a>\n\t\t\t\t<\/span>\n\t\t\t\t\t<\/div>\n\t\t\t\t<\/div>\n\t\t\t\t<\/div>\n\t\t\t\t\t<\/div>\n\t\t<\/div>\n\t\t\t\t\t<\/div>\n\t\t<\/section>\n\t\t\t\t<\/div>\n\t\t","protected":false},"excerpt":{"rendered":"<p>INSCRIPTION S\u00e9ance 2020 DATE D&rsquo;INSCRIPTION DEBUT DE COURS TYPE DE COURS 12 d\u00e9cembre 2019 &#8211; 4 janvier 5 janvier Pr\u00e9paration au DELF-DALF 11 &#8211; 24 janvier 27 janvier Intensif 8 &#8211; 22 f\u00e9vrier 24 f\u00e9vrier\u00a0 Extensif, Enfants 22 f\u00e9vrier &#8211; 7 mars 9 mars Semi Intensif 7 &#8211; 21 mars 23 mars Extensif, Intensif 7 &hellip; <\/p>\n<p class=\"link-more\"><a href=\"https:\/\/www.ifi-id.com\/fr\/ifi-jakarta-inscription\/\" class=\"more-link\">Continuer la lecture<span class=\"screen-reader-text\"> de &laquo;&nbsp;IFI Jakarta &#8211;  Inscription&nbsp;&raquo;<\/span><\/a><\/p>\n","protected":false},"author":1,"featured_media":0,"parent":0,"menu_order":0,"comment_status":"closed","ping_status":"closed","template":"elementor_header_footer","meta":{"footnotes":""},"class_list":["post-5664","page","type-page","status-publish","hentry"],"yoast_head":"<!-- This site is optimized with the Yoast SEO plugin v23.5 - https:\/\/yoast.com\/wordpress\/plugins\/seo\/ -->\n<title>IFI Jakarta - Inscription - Institut fran\u00e7ais Indon\u00e9sie<\/title>\n<meta name=\"robots\" content=\"index, follow, max-snippet:-1, max-image-preview:large, max-video-preview:-1\" \/>\n<link rel=\"canonical\" href=\"https:\/\/www.ifi-id.com\/fr\/ifi-jakarta-inscription\/\" \/>\n<meta property=\"og:locale\" content=\"fr_FR\" \/>\n<meta property=\"og:type\" content=\"article\" \/>\n<meta property=\"og:title\" content=\"IFI Jakarta - Inscription - Institut fran\u00e7ais Indon\u00e9sie\" \/>\n<meta property=\"og:description\" content=\"INSCRIPTION S\u00e9ance 2020 DATE D&rsquo;INSCRIPTION DEBUT DE COURS TYPE DE COURS 12 d\u00e9cembre 2019 &#8211; 4 janvier 5 janvier Pr\u00e9paration au DELF-DALF 11 &#8211; 24 janvier 27 janvier Intensif 8 &#8211; 22 f\u00e9vrier 24 f\u00e9vrier\u00a0 Extensif, Enfants 22 f\u00e9vrier &#8211; 7 mars 9 mars Semi Intensif 7 &#8211; 21 mars 23 mars Extensif, Intensif 7 &hellip; Continuer la lecture de &laquo;&nbsp;IFI Jakarta &#8211; Inscription&nbsp;&raquo;\" \/>\n<meta property=\"og:url\" content=\"https:\/\/www.ifi-id.com\/fr\/ifi-jakarta-inscription\/\" \/>\n<meta property=\"og:site_name\" content=\"Institut fran\u00e7ais Indon\u00e9sie\" \/>\n<meta property=\"article:modified_time\" content=\"2021-01-29T08:40:59+00:00\" \/>\n<meta name=\"twitter:card\" content=\"summary_large_image\" \/>\n<meta name=\"twitter:label1\" content=\"Dur\u00e9e de lecture estim\u00e9e\" \/>\n\t<meta name=\"twitter:data1\" content=\"3 minutes\" \/>\n<script type=\"application\/ld+json\" class=\"yoast-schema-graph\">{\"@context\":\"https:\/\/schema.org\",\"@graph\":[{\"@type\":\"WebPage\",\"@id\":\"https:\/\/www.ifi-id.com\/fr\/ifi-jakarta-inscription\/\",\"url\":\"https:\/\/www.ifi-id.com\/fr\/ifi-jakarta-inscription\/\",\"name\":\"IFI Jakarta - Inscription - Institut fran\u00e7ais Indon\u00e9sie\",\"isPartOf\":{\"@id\":\"https:\/\/www.ifi-id.com\/#website\"},\"datePublished\":\"2021-01-14T04:55:46+00:00\",\"dateModified\":\"2021-01-29T08:40:59+00:00\",\"breadcrumb\":{\"@id\":\"https:\/\/www.ifi-id.com\/fr\/ifi-jakarta-inscription\/#breadcrumb\"},\"inLanguage\":\"fr-FR\",\"potentialAction\":[{\"@type\":\"ReadAction\",\"target\":[\"https:\/\/www.ifi-id.com\/fr\/ifi-jakarta-inscription\/\"]}]},{\"@type\":\"BreadcrumbList\",\"@id\":\"https:\/\/www.ifi-id.com\/fr\/ifi-jakarta-inscription\/#breadcrumb\",\"itemListElement\":[{\"@type\":\"ListItem\",\"position\":1,\"name\":\"Home\",\"item\":\"https:\/\/www.ifi-id.com\/\"},{\"@type\":\"ListItem\",\"position\":2,\"name\":\"IFI Jakarta &#8211; Inscription\"}]},{\"@type\":\"WebSite\",\"@id\":\"https:\/\/www.ifi-id.com\/#website\",\"url\":\"https:\/\/www.ifi-id.com\/\",\"name\":\"Institut fran\u00e7ais Indon\u00e9sie\",\"description\":\"\",\"publisher\":{\"@id\":\"https:\/\/www.ifi-id.com\/#organization\"},\"potentialAction\":[{\"@type\":\"SearchAction\",\"target\":{\"@type\":\"EntryPoint\",\"urlTemplate\":\"https:\/\/www.ifi-id.com\/?s={search_term_string}\"},\"query-input\":{\"@type\":\"PropertyValueSpecification\",\"valueRequired\":true,\"valueName\":\"search_term_string\"}}],\"inLanguage\":\"fr-FR\"},{\"@type\":\"Organization\",\"@id\":\"https:\/\/www.ifi-id.com\/#organization\",\"name\":\"Institut fran\u00e7ais Indon\u00e9sie\",\"url\":\"https:\/\/www.ifi-id.com\/\",\"logo\":{\"@type\":\"ImageObject\",\"inLanguage\":\"fr-FR\",\"@id\":\"https:\/\/www.ifi-id.com\/#\/schema\/logo\/image\/\",\"url\":\"https:\/\/www.ifi-id.com\/wp-content\/uploads\/2022\/12\/IFI_New_Logo.jpg\",\"contentUrl\":\"https:\/\/www.ifi-id.com\/wp-content\/uploads\/2022\/12\/IFI_New_Logo.jpg\",\"width\":666,\"height\":444,\"caption\":\"Institut fran\u00e7ais Indon\u00e9sie\"},\"image\":{\"@id\":\"https:\/\/www.ifi-id.com\/#\/schema\/logo\/image\/\"}}]}<\/script>\n<!-- \/ Yoast SEO plugin. -->","yoast_head_json":{"title":"IFI Jakarta - Inscription - Institut fran\u00e7ais Indon\u00e9sie","robots":{"index":"index","follow":"follow","max-snippet":"max-snippet:-1","max-image-preview":"max-image-preview:large","max-video-preview":"max-video-preview:-1"},"canonical":"https:\/\/www.ifi-id.com\/fr\/ifi-jakarta-inscription\/","og_locale":"fr_FR","og_type":"article","og_title":"IFI Jakarta - Inscription - Institut fran\u00e7ais Indon\u00e9sie","og_description":"INSCRIPTION S\u00e9ance 2020 DATE D&rsquo;INSCRIPTION DEBUT DE COURS TYPE DE COURS 12 d\u00e9cembre 2019 &#8211; 4 janvier 5 janvier Pr\u00e9paration au DELF-DALF 11 &#8211; 24 janvier 27 janvier Intensif 8 &#8211; 22 f\u00e9vrier 24 f\u00e9vrier\u00a0 Extensif, Enfants 22 f\u00e9vrier &#8211; 7 mars 9 mars Semi Intensif 7 &#8211; 21 mars 23 mars Extensif, Intensif 7 &hellip; Continuer la lecture de &laquo;&nbsp;IFI Jakarta &#8211; Inscription&nbsp;&raquo;","og_url":"https:\/\/www.ifi-id.com\/fr\/ifi-jakarta-inscription\/","og_site_name":"Institut fran\u00e7ais Indon\u00e9sie","article_modified_time":"2021-01-29T08:40:59+00:00","twitter_card":"summary_large_image","twitter_misc":{"Dur\u00e9e de lecture estim\u00e9e":"3 minutes"},"schema":{"@context":"https:\/\/schema.org","@graph":[{"@type":"WebPage","@id":"https:\/\/www.ifi-id.com\/fr\/ifi-jakarta-inscription\/","url":"https:\/\/www.ifi-id.com\/fr\/ifi-jakarta-inscription\/","name":"IFI Jakarta - Inscription - Institut fran\u00e7ais Indon\u00e9sie","isPartOf":{"@id":"https:\/\/www.ifi-id.com\/#website"},"datePublished":"2021-01-14T04:55:46+00:00","dateModified":"2021-01-29T08:40:59+00:00","breadcrumb":{"@id":"https:\/\/www.ifi-id.com\/fr\/ifi-jakarta-inscription\/#breadcrumb"},"inLanguage":"fr-FR","potentialAction":[{"@type":"ReadAction","target":["https:\/\/www.ifi-id.com\/fr\/ifi-jakarta-inscription\/"]}]},{"@type":"BreadcrumbList","@id":"https:\/\/www.ifi-id.com\/fr\/ifi-jakarta-inscription\/#breadcrumb","itemListElement":[{"@type":"ListItem","position":1,"name":"Home","item":"https:\/\/www.ifi-id.com\/"},{"@type":"ListItem","position":2,"name":"IFI Jakarta &#8211; Inscription"}]},{"@type":"WebSite","@id":"https:\/\/www.ifi-id.com\/#website","url":"https:\/\/www.ifi-id.com\/","name":"Institut fran\u00e7ais Indon\u00e9sie","description":"","publisher":{"@id":"https:\/\/www.ifi-id.com\/#organization"},"potentialAction":[{"@type":"SearchAction","target":{"@type":"EntryPoint","urlTemplate":"https:\/\/www.ifi-id.com\/?s={search_term_string}"},"query-input":{"@type":"PropertyValueSpecification","valueRequired":true,"valueName":"search_term_string"}}],"inLanguage":"fr-FR"},{"@type":"Organization","@id":"https:\/\/www.ifi-id.com\/#organization","name":"Institut fran\u00e7ais Indon\u00e9sie","url":"https:\/\/www.ifi-id.com\/","logo":{"@type":"ImageObject","inLanguage":"fr-FR","@id":"https:\/\/www.ifi-id.com\/#\/schema\/logo\/image\/","url":"https:\/\/www.ifi-id.com\/wp-content\/uploads\/2022\/12\/IFI_New_Logo.jpg","contentUrl":"https:\/\/www.ifi-id.com\/wp-content\/uploads\/2022\/12\/IFI_New_Logo.jpg","width":666,"height":444,"caption":"Institut fran\u00e7ais Indon\u00e9sie"},"image":{"@id":"https:\/\/www.ifi-id.com\/#\/schema\/logo\/image\/"}}]}},"post_mailing_queue_ids":[],"_links":{"self":[{"href":"https:\/\/www.ifi-id.com\/fr\/wp-json\/wp\/v2\/pages\/5664"}],"collection":[{"href":"https:\/\/www.ifi-id.com\/fr\/wp-json\/wp\/v2\/pages"}],"about":[{"href":"https:\/\/www.ifi-id.com\/fr\/wp-json\/wp\/v2\/types\/page"}],"author":[{"embeddable":true,"href":"https:\/\/www.ifi-id.com\/fr\/wp-json\/wp\/v2\/users\/1"}],"replies":[{"embeddable":true,"href":"https:\/\/www.ifi-id.com\/fr\/wp-json\/wp\/v2\/comments?post=5664"}],"version-history":[{"count":7,"href":"https:\/\/www.ifi-id.com\/fr\/wp-json\/wp\/v2\/pages\/5664\/revisions"}],"predecessor-version":[{"id":8375,"href":"https:\/\/www.ifi-id.com\/fr\/wp-json\/wp\/v2\/pages\/5664\/revisions\/8375"}],"wp:attachment":[{"href":"https:\/\/www.ifi-id.com\/fr\/wp-json\/wp\/v2\/media?parent=5664"}],"curies":[{"name":"wp","href":"https:\/\/api.w.org\/{rel}","templated":true}]}}