{"id":5652,"date":"2021-01-14T04:48:17","date_gmt":"2021-01-14T04:48:17","guid":{"rendered":"https:\/\/ifi.lab.virus.co.id\/?page_id=5652"},"modified":"2021-01-29T15:26:39","modified_gmt":"2021-01-29T08:26:39","slug":"ifi-jakarta-cours-prive","status":"publish","type":"page","link":"https:\/\/www.ifi-id.com\/fr\/ifi-jakarta-cours-prive\/","title":{"rendered":"IFI Jakarta &#8211; Cours Priv\u00e9"},"content":{"rendered":"\t\t<div data-elementor-type=\"wp-page\" data-elementor-id=\"5652\" class=\"elementor elementor-5652 elementor-3901\" data-elementor-post-type=\"page\">\n\t\t\t\t\t\t<section class=\"elementor-section elementor-top-section elementor-element elementor-element-5b92ec6 elementor-section-boxed elementor-section-height-default elementor-section-height-default\" data-id=\"5b92ec6\" data-element_type=\"section\">\n\t\t\t\t\t\t<div class=\"elementor-container elementor-column-gap-default\">\n\t\t\t\t\t<div class=\"elementor-column elementor-col-100 elementor-top-column elementor-element elementor-element-a9939c3\" data-id=\"a9939c3\" data-element_type=\"column\">\n\t\t\t<div class=\"elementor-widget-wrap elementor-element-populated\">\n\t\t\t\t\t\t<div class=\"elementor-element elementor-element-c037aa6 elementor-widget elementor-widget-heading\" data-id=\"c037aa6\" data-element_type=\"widget\" data-widget_type=\"heading.default\">\n\t\t\t\t<div class=\"elementor-widget-container\">\n\t\t\t<h2 class=\"elementor-heading-title elementor-size-default\">Cours Priv\u00e9<\/h2>\t\t<\/div>\n\t\t\t\t<\/div>\n\t\t\t\t\t<\/div>\n\t\t<\/div>\n\t\t\t\t\t<\/div>\n\t\t<\/section>\n\t\t\t\t<section class=\"elementor-section elementor-top-section elementor-element elementor-element-29be6d2 elementor-section-boxed elementor-section-height-default elementor-section-height-default\" data-id=\"29be6d2\" data-element_type=\"section\">\n\t\t\t\t\t\t<div class=\"elementor-container elementor-column-gap-default\">\n\t\t\t\t\t<div class=\"elementor-column elementor-col-100 elementor-top-column elementor-element elementor-element-c689c85\" data-id=\"c689c85\" data-element_type=\"column\">\n\t\t\t<div class=\"elementor-widget-wrap elementor-element-populated\">\n\t\t\t\t\t\t<div class=\"elementor-element elementor-element-79b16b2 elementor-arrows-position-inside elementor-pagination-position-outside elementor-widget elementor-widget-image-carousel\" data-id=\"79b16b2\" data-element_type=\"widget\" data-settings=\"{&quot;slides_to_show&quot;:&quot;1&quot;,&quot;navigation&quot;:&quot;both&quot;,&quot;autoplay&quot;:&quot;yes&quot;,&quot;pause_on_hover&quot;:&quot;yes&quot;,&quot;pause_on_interaction&quot;:&quot;yes&quot;,&quot;autoplay_speed&quot;:5000,&quot;infinite&quot;:&quot;yes&quot;,&quot;effect&quot;:&quot;slide&quot;,&quot;speed&quot;:500}\" data-widget_type=\"image-carousel.default\">\n\t\t\t\t<div class=\"elementor-widget-container\">\n\t\t\t\t\t<div class=\"elementor-image-carousel-wrapper swiper\" dir=\"ltr\">\n\t\t\t<div class=\"elementor-image-carousel swiper-wrapper\" aria-live=\"off\">\n\t\t\t\t\t\t\t\t<div class=\"swiper-slide\" role=\"group\" aria-roledescription=\"slide\" aria-label=\"1 sur 3\"><figure class=\"swiper-slide-inner\"><img decoding=\"async\" class=\"swiper-slide-image\" src=\"https:\/\/www.ifi-id.com\/wp-content\/uploads\/2021\/01\/Slide-1-3.jpg\" alt=\"Slide 1\" \/><\/figure><\/div><div class=\"swiper-slide\" role=\"group\" aria-roledescription=\"slide\" aria-label=\"2 sur 3\"><figure class=\"swiper-slide-inner\"><img decoding=\"async\" class=\"swiper-slide-image\" src=\"https:\/\/www.ifi-id.com\/wp-content\/uploads\/2021\/01\/Slide-2-3.jpg\" alt=\"Slide 2\" \/><\/figure><\/div><div class=\"swiper-slide\" role=\"group\" aria-roledescription=\"slide\" aria-label=\"3 sur 3\"><figure class=\"swiper-slide-inner\"><img decoding=\"async\" class=\"swiper-slide-image\" src=\"https:\/\/www.ifi-id.com\/wp-content\/uploads\/2021\/01\/Slide-3-2.jpg\" alt=\"Slide 3\" \/><\/figure><\/div>\t\t\t<\/div>\n\t\t\t\t\t\t\t\t\t\t\t\t<div class=\"elementor-swiper-button elementor-swiper-button-prev\" role=\"button\" tabindex=\"0\">\n\t\t\t\t\t\t<i aria-hidden=\"true\" class=\"eicon-chevron-left\"><\/i>\t\t\t\t\t<\/div>\n\t\t\t\t\t<div class=\"elementor-swiper-button elementor-swiper-button-next\" role=\"button\" tabindex=\"0\">\n\t\t\t\t\t\t<i aria-hidden=\"true\" class=\"eicon-chevron-right\"><\/i>\t\t\t\t\t<\/div>\n\t\t\t\t\n\t\t\t\t\t\t\t\t\t<div class=\"swiper-pagination\"><\/div>\n\t\t\t\t\t\t\t\t\t<\/div>\n\t\t\t\t<\/div>\n\t\t\t\t<\/div>\n\t\t\t\t\t<\/div>\n\t\t<\/div>\n\t\t\t\t\t<\/div>\n\t\t<\/section>\n\t\t\t\t<section class=\"elementor-section elementor-top-section elementor-element elementor-element-5230bf0 elementor-section-boxed elementor-section-height-default elementor-section-height-default\" data-id=\"5230bf0\" data-element_type=\"section\">\n\t\t\t\t\t\t<div class=\"elementor-container elementor-column-gap-default\">\n\t\t\t\t\t<div class=\"elementor-column elementor-col-100 elementor-top-column elementor-element elementor-element-cfab97b\" data-id=\"cfab97b\" data-element_type=\"column\">\n\t\t\t<div class=\"elementor-widget-wrap elementor-element-populated\">\n\t\t\t\t\t\t<div class=\"elementor-element elementor-element-dc36328 elementor-widget elementor-widget-text-editor\" data-id=\"dc36328\" data-element_type=\"widget\" data-widget_type=\"text-editor.default\">\n\t\t\t\t<div class=\"elementor-widget-container\">\n\t\t\t\t\t\t\t<article><p>Ce cours est con\u00e7u pour un apprentissage efficace et pratique, pour les \u00e9tudes, le travail, et les loisirs. Notre documentation de cours priv\u00e9e sera adapt\u00e9e \u00e0 votre objectif d&rsquo;apprentissage et \u00e0 votre besoin sp\u00e9cifique.<\/p><table class=\"xl645419\" border=\"0\" width=\"540\" cellspacing=\"0\" cellpadding=\"0\"><colgroup><col class=\"xl645419\" span=\"3\" width=\"180\" \/><\/colgroup><tbody><tr><td class=\"xl705419\" colspan=\"3\" width=\"540\" height=\"33\">COURS PRIV\u00c9S<\/td><\/tr><tr><td class=\"xl675419\" height=\"24\">TYPE DE COURS<\/td><td class=\"xl665419\">L&rsquo;HORAIRE<\/td><td class=\"xl665419\">LE LIEU<\/td><\/tr><tr><td class=\"xl655419\" height=\"22\">COURS PRIV\u00c9S<\/td><td class=\"xl685419\" width=\"180\">\u00a0<\/td><td class=\"xl695419\" width=\"180\">\u00a0<\/td><\/tr><tr><td class=\"xl745419\" rowspan=\"3\" width=\"180\" height=\"66\">1 personne, 2 &#8211; 5 personnes, 6 &#8211; 10 personnes,\u00a0<br \/>11 &#8211; 20 personnes<\/td><td class=\"xl725419\" rowspan=\"3\" width=\"180\">L&rsquo;Intensit\u00e9 du cours et les jours en fonction de votre disponibilit\u00e9<\/td><td class=\"xl735419\" rowspan=\"3\" width=\"180\">Chez vous (votre maison) ou chez nous (IFI)<\/td><\/tr><\/tbody><\/table><\/article>\t\t\t\t\t\t<\/div>\n\t\t\t\t<\/div>\n\t\t\t\t\t<\/div>\n\t\t<\/div>\n\t\t\t\t\t<\/div>\n\t\t<\/section>\n\t\t\t\t<section class=\"elementor-section elementor-top-section elementor-element elementor-element-5e16f5b4 elementor-section-boxed elementor-section-height-default elementor-section-height-default\" data-id=\"5e16f5b4\" data-element_type=\"section\">\n\t\t\t\t\t\t<div class=\"elementor-container elementor-column-gap-default\">\n\t\t\t\t\t<div class=\"elementor-column elementor-col-100 elementor-top-column elementor-element elementor-element-7394dd17\" data-id=\"7394dd17\" data-element_type=\"column\">\n\t\t\t<div class=\"elementor-widget-wrap elementor-element-populated\">\n\t\t\t\t\t\t<div class=\"elementor-element elementor-element-444979c4 e-grid-align-right wa-button elementor-shape-rounded elementor-grid-0 elementor-widget elementor-widget-social-icons\" data-id=\"444979c4\" data-element_type=\"widget\" data-widget_type=\"social-icons.default\">\n\t\t\t\t<div class=\"elementor-widget-container\">\n\t\t\t\t\t<div class=\"elementor-social-icons-wrapper elementor-grid\">\n\t\t\t\t\t\t\t<span class=\"elementor-grid-item\">\n\t\t\t\t\t<a class=\"elementor-icon elementor-social-icon elementor-social-icon-whatsapp elementor-repeater-item-e4e369f\" href=\"https:\/\/api.whatsapp.com\/send\/?phone=622123557952&#038;text&#038;app_absent=0\" target=\"_blank\">\n\t\t\t\t\t\t<span class=\"elementor-screen-only\">Whatsapp<\/span>\n\t\t\t\t\t\t<i class=\"fab fa-whatsapp\"><\/i>\t\t\t\t\t<\/a>\n\t\t\t\t<\/span>\n\t\t\t\t\t<\/div>\n\t\t\t\t<\/div>\n\t\t\t\t<\/div>\n\t\t\t\t\t<\/div>\n\t\t<\/div>\n\t\t\t\t\t<\/div>\n\t\t<\/section>\n\t\t\t\t<\/div>\n\t\t","protected":false},"excerpt":{"rendered":"<p>Cours Priv\u00e9 Previous Next Ce cours est con\u00e7u pour un apprentissage efficace et pratique, pour les \u00e9tudes, le travail, et les loisirs. Notre documentation de cours priv\u00e9e sera adapt\u00e9e \u00e0 votre objectif d&rsquo;apprentissage et \u00e0 votre besoin sp\u00e9cifique. COURS PRIV\u00c9S TYPE DE COURS L&rsquo;HORAIRE LE LIEU COURS PRIV\u00c9S \u00a0 \u00a0 1 personne, 2 &#8211; 5 &hellip; <\/p>\n<p class=\"link-more\"><a href=\"https:\/\/www.ifi-id.com\/fr\/ifi-jakarta-cours-prive\/\" class=\"more-link\">Continuer la lecture<span class=\"screen-reader-text\"> de &laquo;&nbsp;IFI Jakarta &#8211; Cours Priv\u00e9&nbsp;&raquo;<\/span><\/a><\/p>\n","protected":false},"author":1,"featured_media":0,"parent":0,"menu_order":0,"comment_status":"closed","ping_status":"closed","template":"elementor_header_footer","meta":{"footnotes":""},"class_list":["post-5652","page","type-page","status-publish","hentry"],"yoast_head":"<!-- This site is optimized with the Yoast SEO plugin v23.5 - https:\/\/yoast.com\/wordpress\/plugins\/seo\/ -->\n<title>IFI Jakarta - Cours Priv\u00e9 - Institut fran\u00e7ais Indon\u00e9sie<\/title>\n<meta name=\"robots\" content=\"index, follow, max-snippet:-1, max-image-preview:large, max-video-preview:-1\" \/>\n<link rel=\"canonical\" href=\"https:\/\/www.ifi-id.com\/fr\/ifi-jakarta-cours-prive\/\" \/>\n<meta property=\"og:locale\" content=\"fr_FR\" \/>\n<meta property=\"og:type\" content=\"article\" \/>\n<meta property=\"og:title\" content=\"IFI Jakarta - Cours Priv\u00e9 - Institut fran\u00e7ais Indon\u00e9sie\" \/>\n<meta property=\"og:description\" content=\"Cours Priv\u00e9 Previous Next Ce cours est con\u00e7u pour un apprentissage efficace et pratique, pour les \u00e9tudes, le travail, et les loisirs. Notre documentation de cours priv\u00e9e sera adapt\u00e9e \u00e0 votre objectif d&rsquo;apprentissage et \u00e0 votre besoin sp\u00e9cifique. COURS PRIV\u00c9S TYPE DE COURS L&rsquo;HORAIRE LE LIEU COURS PRIV\u00c9S \u00a0 \u00a0 1 personne, 2 &#8211; 5 &hellip; Continuer la lecture de &laquo;&nbsp;IFI Jakarta &#8211; Cours Priv\u00e9&nbsp;&raquo;\" \/>\n<meta property=\"og:url\" content=\"https:\/\/www.ifi-id.com\/fr\/ifi-jakarta-cours-prive\/\" \/>\n<meta property=\"og:site_name\" content=\"Institut fran\u00e7ais Indon\u00e9sie\" \/>\n<meta property=\"article:modified_time\" content=\"2021-01-29T08:26:39+00:00\" \/>\n<meta property=\"og:image\" content=\"https:\/\/www.ifi-id.com\/wp-content\/uploads\/2021\/01\/Slide-1-3.jpg\" \/>\n<meta name=\"twitter:card\" content=\"summary_large_image\" \/>\n<script type=\"application\/ld+json\" class=\"yoast-schema-graph\">{\"@context\":\"https:\/\/schema.org\",\"@graph\":[{\"@type\":\"WebPage\",\"@id\":\"https:\/\/www.ifi-id.com\/fr\/ifi-jakarta-cours-prive\/\",\"url\":\"https:\/\/www.ifi-id.com\/fr\/ifi-jakarta-cours-prive\/\",\"name\":\"IFI Jakarta - Cours Priv\u00e9 - Institut fran\u00e7ais Indon\u00e9sie\",\"isPartOf\":{\"@id\":\"https:\/\/www.ifi-id.com\/#website\"},\"primaryImageOfPage\":{\"@id\":\"https:\/\/www.ifi-id.com\/fr\/ifi-jakarta-cours-prive\/#primaryimage\"},\"image\":{\"@id\":\"https:\/\/www.ifi-id.com\/fr\/ifi-jakarta-cours-prive\/#primaryimage\"},\"thumbnailUrl\":\"https:\/\/www.ifi-id.com\/wp-content\/uploads\/2021\/01\/Slide-1-3.jpg\",\"datePublished\":\"2021-01-14T04:48:17+00:00\",\"dateModified\":\"2021-01-29T08:26:39+00:00\",\"breadcrumb\":{\"@id\":\"https:\/\/www.ifi-id.com\/fr\/ifi-jakarta-cours-prive\/#breadcrumb\"},\"inLanguage\":\"fr-FR\",\"potentialAction\":[{\"@type\":\"ReadAction\",\"target\":[\"https:\/\/www.ifi-id.com\/fr\/ifi-jakarta-cours-prive\/\"]}]},{\"@type\":\"ImageObject\",\"inLanguage\":\"fr-FR\",\"@id\":\"https:\/\/www.ifi-id.com\/fr\/ifi-jakarta-cours-prive\/#primaryimage\",\"url\":\"https:\/\/www.ifi-id.com\/wp-content\/uploads\/2021\/01\/Slide-1-3.jpg\",\"contentUrl\":\"https:\/\/www.ifi-id.com\/wp-content\/uploads\/2021\/01\/Slide-1-3.jpg\"},{\"@type\":\"BreadcrumbList\",\"@id\":\"https:\/\/www.ifi-id.com\/fr\/ifi-jakarta-cours-prive\/#breadcrumb\",\"itemListElement\":[{\"@type\":\"ListItem\",\"position\":1,\"name\":\"Home\",\"item\":\"https:\/\/www.ifi-id.com\/\"},{\"@type\":\"ListItem\",\"position\":2,\"name\":\"IFI Jakarta &#8211; Cours Priv\u00e9\"}]},{\"@type\":\"WebSite\",\"@id\":\"https:\/\/www.ifi-id.com\/#website\",\"url\":\"https:\/\/www.ifi-id.com\/\",\"name\":\"Institut fran\u00e7ais Indon\u00e9sie\",\"description\":\"\",\"publisher\":{\"@id\":\"https:\/\/www.ifi-id.com\/#organization\"},\"potentialAction\":[{\"@type\":\"SearchAction\",\"target\":{\"@type\":\"EntryPoint\",\"urlTemplate\":\"https:\/\/www.ifi-id.com\/?s={search_term_string}\"},\"query-input\":{\"@type\":\"PropertyValueSpecification\",\"valueRequired\":true,\"valueName\":\"search_term_string\"}}],\"inLanguage\":\"fr-FR\"},{\"@type\":\"Organization\",\"@id\":\"https:\/\/www.ifi-id.com\/#organization\",\"name\":\"Institut fran\u00e7ais Indon\u00e9sie\",\"url\":\"https:\/\/www.ifi-id.com\/\",\"logo\":{\"@type\":\"ImageObject\",\"inLanguage\":\"fr-FR\",\"@id\":\"https:\/\/www.ifi-id.com\/#\/schema\/logo\/image\/\",\"url\":\"https:\/\/www.ifi-id.com\/wp-content\/uploads\/2022\/12\/IFI_New_Logo.jpg\",\"contentUrl\":\"https:\/\/www.ifi-id.com\/wp-content\/uploads\/2022\/12\/IFI_New_Logo.jpg\",\"width\":666,\"height\":444,\"caption\":\"Institut fran\u00e7ais Indon\u00e9sie\"},\"image\":{\"@id\":\"https:\/\/www.ifi-id.com\/#\/schema\/logo\/image\/\"}}]}<\/script>\n<!-- \/ Yoast SEO plugin. -->","yoast_head_json":{"title":"IFI Jakarta - Cours Priv\u00e9 - Institut fran\u00e7ais Indon\u00e9sie","robots":{"index":"index","follow":"follow","max-snippet":"max-snippet:-1","max-image-preview":"max-image-preview:large","max-video-preview":"max-video-preview:-1"},"canonical":"https:\/\/www.ifi-id.com\/fr\/ifi-jakarta-cours-prive\/","og_locale":"fr_FR","og_type":"article","og_title":"IFI Jakarta - Cours Priv\u00e9 - Institut fran\u00e7ais Indon\u00e9sie","og_description":"Cours Priv\u00e9 Previous Next Ce cours est con\u00e7u pour un apprentissage efficace et pratique, pour les \u00e9tudes, le travail, et les loisirs. Notre documentation de cours priv\u00e9e sera adapt\u00e9e \u00e0 votre objectif d&rsquo;apprentissage et \u00e0 votre besoin sp\u00e9cifique. COURS PRIV\u00c9S TYPE DE COURS L&rsquo;HORAIRE LE LIEU COURS PRIV\u00c9S \u00a0 \u00a0 1 personne, 2 &#8211; 5 &hellip; Continuer la lecture de &laquo;&nbsp;IFI Jakarta &#8211; Cours Priv\u00e9&nbsp;&raquo;","og_url":"https:\/\/www.ifi-id.com\/fr\/ifi-jakarta-cours-prive\/","og_site_name":"Institut fran\u00e7ais Indon\u00e9sie","article_modified_time":"2021-01-29T08:26:39+00:00","og_image":[{"url":"https:\/\/www.ifi-id.com\/wp-content\/uploads\/2021\/01\/Slide-1-3.jpg"}],"twitter_card":"summary_large_image","schema":{"@context":"https:\/\/schema.org","@graph":[{"@type":"WebPage","@id":"https:\/\/www.ifi-id.com\/fr\/ifi-jakarta-cours-prive\/","url":"https:\/\/www.ifi-id.com\/fr\/ifi-jakarta-cours-prive\/","name":"IFI Jakarta - Cours Priv\u00e9 - Institut fran\u00e7ais Indon\u00e9sie","isPartOf":{"@id":"https:\/\/www.ifi-id.com\/#website"},"primaryImageOfPage":{"@id":"https:\/\/www.ifi-id.com\/fr\/ifi-jakarta-cours-prive\/#primaryimage"},"image":{"@id":"https:\/\/www.ifi-id.com\/fr\/ifi-jakarta-cours-prive\/#primaryimage"},"thumbnailUrl":"https:\/\/www.ifi-id.com\/wp-content\/uploads\/2021\/01\/Slide-1-3.jpg","datePublished":"2021-01-14T04:48:17+00:00","dateModified":"2021-01-29T08:26:39+00:00","breadcrumb":{"@id":"https:\/\/www.ifi-id.com\/fr\/ifi-jakarta-cours-prive\/#breadcrumb"},"inLanguage":"fr-FR","potentialAction":[{"@type":"ReadAction","target":["https:\/\/www.ifi-id.com\/fr\/ifi-jakarta-cours-prive\/"]}]},{"@type":"ImageObject","inLanguage":"fr-FR","@id":"https:\/\/www.ifi-id.com\/fr\/ifi-jakarta-cours-prive\/#primaryimage","url":"https:\/\/www.ifi-id.com\/wp-content\/uploads\/2021\/01\/Slide-1-3.jpg","contentUrl":"https:\/\/www.ifi-id.com\/wp-content\/uploads\/2021\/01\/Slide-1-3.jpg"},{"@type":"BreadcrumbList","@id":"https:\/\/www.ifi-id.com\/fr\/ifi-jakarta-cours-prive\/#breadcrumb","itemListElement":[{"@type":"ListItem","position":1,"name":"Home","item":"https:\/\/www.ifi-id.com\/"},{"@type":"ListItem","position":2,"name":"IFI Jakarta &#8211; Cours Priv\u00e9"}]},{"@type":"WebSite","@id":"https:\/\/www.ifi-id.com\/#website","url":"https:\/\/www.ifi-id.com\/","name":"Institut fran\u00e7ais Indon\u00e9sie","description":"","publisher":{"@id":"https:\/\/www.ifi-id.com\/#organization"},"potentialAction":[{"@type":"SearchAction","target":{"@type":"EntryPoint","urlTemplate":"https:\/\/www.ifi-id.com\/?s={search_term_string}"},"query-input":{"@type":"PropertyValueSpecification","valueRequired":true,"valueName":"search_term_string"}}],"inLanguage":"fr-FR"},{"@type":"Organization","@id":"https:\/\/www.ifi-id.com\/#organization","name":"Institut fran\u00e7ais Indon\u00e9sie","url":"https:\/\/www.ifi-id.com\/","logo":{"@type":"ImageObject","inLanguage":"fr-FR","@id":"https:\/\/www.ifi-id.com\/#\/schema\/logo\/image\/","url":"https:\/\/www.ifi-id.com\/wp-content\/uploads\/2022\/12\/IFI_New_Logo.jpg","contentUrl":"https:\/\/www.ifi-id.com\/wp-content\/uploads\/2022\/12\/IFI_New_Logo.jpg","width":666,"height":444,"caption":"Institut fran\u00e7ais Indon\u00e9sie"},"image":{"@id":"https:\/\/www.ifi-id.com\/#\/schema\/logo\/image\/"}}]}},"post_mailing_queue_ids":[],"_links":{"self":[{"href":"https:\/\/www.ifi-id.com\/fr\/wp-json\/wp\/v2\/pages\/5652"}],"collection":[{"href":"https:\/\/www.ifi-id.com\/fr\/wp-json\/wp\/v2\/pages"}],"about":[{"href":"https:\/\/www.ifi-id.com\/fr\/wp-json\/wp\/v2\/types\/page"}],"author":[{"embeddable":true,"href":"https:\/\/www.ifi-id.com\/fr\/wp-json\/wp\/v2\/users\/1"}],"replies":[{"embeddable":true,"href":"https:\/\/www.ifi-id.com\/fr\/wp-json\/wp\/v2\/comments?post=5652"}],"version-history":[{"count":7,"href":"https:\/\/www.ifi-id.com\/fr\/wp-json\/wp\/v2\/pages\/5652\/revisions"}],"predecessor-version":[{"id":8345,"href":"https:\/\/www.ifi-id.com\/fr\/wp-json\/wp\/v2\/pages\/5652\/revisions\/8345"}],"wp:attachment":[{"href":"https:\/\/www.ifi-id.com\/fr\/wp-json\/wp\/v2\/media?parent=5652"}],"curies":[{"name":"wp","href":"https:\/\/api.w.org\/{rel}","templated":true}]}}