{"id":5641,"date":"2021-01-14T04:37:28","date_gmt":"2021-01-14T04:37:28","guid":{"rendered":"https:\/\/ifi.lab.virus.co.id\/?page_id=5641"},"modified":"2021-01-29T15:16:32","modified_gmt":"2021-01-29T08:16:32","slug":"ifi-jakarta-pour-les-professionnels","status":"publish","type":"page","link":"https:\/\/www.ifi-id.com\/fr\/ifi-jakarta-pour-les-professionnels\/","title":{"rendered":"IFI Jakarta &#8211; Pour Les Professionnels"},"content":{"rendered":"\t\t<div data-elementor-type=\"wp-page\" data-elementor-id=\"5641\" class=\"elementor elementor-5641 elementor-3882\" data-elementor-post-type=\"page\">\n\t\t\t\t\t\t<section class=\"elementor-section elementor-top-section elementor-element elementor-element-ecbf8ee elementor-section-boxed elementor-section-height-default elementor-section-height-default\" data-id=\"ecbf8ee\" data-element_type=\"section\">\n\t\t\t\t\t\t<div class=\"elementor-container elementor-column-gap-default\">\n\t\t\t\t\t<div class=\"elementor-column elementor-col-100 elementor-top-column elementor-element elementor-element-278f71b\" data-id=\"278f71b\" data-element_type=\"column\">\n\t\t\t<div class=\"elementor-widget-wrap elementor-element-populated\">\n\t\t\t\t\t\t<div class=\"elementor-element elementor-element-3b1675e elementor-widget elementor-widget-heading\" data-id=\"3b1675e\" data-element_type=\"widget\" data-widget_type=\"heading.default\">\n\t\t\t\t<div class=\"elementor-widget-container\">\n\t\t\t<h2 class=\"elementor-heading-title elementor-size-default\">Pour Les Professionnels<\/h2>\t\t<\/div>\n\t\t\t\t<\/div>\n\t\t\t\t\t<\/div>\n\t\t<\/div>\n\t\t\t\t\t<\/div>\n\t\t<\/section>\n\t\t\t\t<section class=\"elementor-section elementor-top-section elementor-element elementor-element-7cdecd2 elementor-section-boxed elementor-section-height-default elementor-section-height-default\" data-id=\"7cdecd2\" data-element_type=\"section\">\n\t\t\t\t\t\t<div class=\"elementor-container elementor-column-gap-default\">\n\t\t\t\t\t<div class=\"elementor-column elementor-col-100 elementor-top-column elementor-element elementor-element-093d0cc\" data-id=\"093d0cc\" data-element_type=\"column\">\n\t\t\t<div class=\"elementor-widget-wrap elementor-element-populated\">\n\t\t\t\t\t\t<div class=\"elementor-element elementor-element-1a1bccd elementor-arrows-position-inside elementor-pagination-position-outside elementor-widget elementor-widget-image-carousel\" data-id=\"1a1bccd\" data-element_type=\"widget\" data-settings=\"{&quot;slides_to_show&quot;:&quot;1&quot;,&quot;navigation&quot;:&quot;both&quot;,&quot;autoplay&quot;:&quot;yes&quot;,&quot;pause_on_hover&quot;:&quot;yes&quot;,&quot;pause_on_interaction&quot;:&quot;yes&quot;,&quot;autoplay_speed&quot;:5000,&quot;infinite&quot;:&quot;yes&quot;,&quot;effect&quot;:&quot;slide&quot;,&quot;speed&quot;:500}\" data-widget_type=\"image-carousel.default\">\n\t\t\t\t<div class=\"elementor-widget-container\">\n\t\t\t\t\t<div class=\"elementor-image-carousel-wrapper swiper\" dir=\"ltr\">\n\t\t\t<div class=\"elementor-image-carousel swiper-wrapper\" aria-live=\"off\">\n\t\t\t\t\t\t\t\t<div class=\"swiper-slide\" role=\"group\" aria-roledescription=\"slide\" aria-label=\"1 sur 2\"><figure class=\"swiper-slide-inner\"><img decoding=\"async\" class=\"swiper-slide-image\" src=\"https:\/\/www.ifi-id.com\/wp-content\/uploads\/2021\/01\/SLIDE-1-1-e1634032244261.jpg\" alt=\"SLIDE 1\" \/><\/figure><\/div><div class=\"swiper-slide\" role=\"group\" aria-roledescription=\"slide\" aria-label=\"2 sur 2\"><figure class=\"swiper-slide-inner\"><img decoding=\"async\" class=\"swiper-slide-image\" src=\"https:\/\/www.ifi-id.com\/wp-content\/uploads\/2021\/01\/SLIDE-2-1.jpg\" alt=\"SLIDE 2\" \/><\/figure><\/div>\t\t\t<\/div>\n\t\t\t\t\t\t\t\t\t\t\t\t<div class=\"elementor-swiper-button elementor-swiper-button-prev\" role=\"button\" tabindex=\"0\">\n\t\t\t\t\t\t<i aria-hidden=\"true\" class=\"eicon-chevron-left\"><\/i>\t\t\t\t\t<\/div>\n\t\t\t\t\t<div class=\"elementor-swiper-button elementor-swiper-button-next\" role=\"button\" tabindex=\"0\">\n\t\t\t\t\t\t<i aria-hidden=\"true\" class=\"eicon-chevron-right\"><\/i>\t\t\t\t\t<\/div>\n\t\t\t\t\n\t\t\t\t\t\t\t\t\t<div class=\"swiper-pagination\"><\/div>\n\t\t\t\t\t\t\t\t\t<\/div>\n\t\t\t\t<\/div>\n\t\t\t\t<\/div>\n\t\t\t\t\t<\/div>\n\t\t<\/div>\n\t\t\t\t\t<\/div>\n\t\t<\/section>\n\t\t\t\t<section class=\"elementor-section elementor-top-section elementor-element elementor-element-43ea6544 elementor-section-boxed elementor-section-height-default elementor-section-height-default\" data-id=\"43ea6544\" data-element_type=\"section\">\n\t\t\t\t\t\t<div class=\"elementor-container elementor-column-gap-default\">\n\t\t\t\t\t<div class=\"elementor-column elementor-col-100 elementor-top-column elementor-element elementor-element-2cf9bd4e\" data-id=\"2cf9bd4e\" data-element_type=\"column\">\n\t\t\t<div class=\"elementor-widget-wrap elementor-element-populated\">\n\t\t\t\t\t\t<div class=\"elementor-element elementor-element-59a8cef4 elementor-widget elementor-widget-text-editor\" data-id=\"59a8cef4\" data-element_type=\"widget\" data-widget_type=\"text-editor.default\">\n\t\t\t\t<div class=\"elementor-widget-container\">\n\t\t\t\t\t\t\t<article><p style=\"text-align: justify;\">Nous pr\u00e9parons ce cours avec une terminologie et strat\u00e9gie d\u2019apprentissage adapt\u00e9es \u00e0 votre objectif professionnel et \u00e0 votre besoins sp\u00e9cifique. Le cours peut avoir lieu pour 1 personne, 2-5 personnes, 6-10 personnes, \u00e0 11-20 personnes. Chez vous ou chez nous, en fonction du temps et de l&rsquo;intensit\u00e9 du cours que vous \u00eates fix\u00e9.<\/p><table border=\"0\" width=\"563\" cellspacing=\"0\" cellpadding=\"0\"><colgroup> <col width=\"194\" \/> <col width=\"189\" \/> <col width=\"180\" \/><\/colgroup><tbody><tr class=\"xl83\"><td class=\"xl110\" colspan=\"3\" width=\"563\" height=\"33\">POUR LES PROFESSIONNELS<\/td><\/tr><tr class=\"xl83\"><td class=\"xl89\" height=\"24\">TYPE DE COURS<\/td><td class=\"xl86\">L&rsquo;HORAIRE<\/td><td class=\"xl91\">LE LIEU<\/td><\/tr><tr class=\"xl83\"><td class=\"xl87\" height=\"22\">COURS PRIV\u00c9S<\/td><td class=\"xl97\" width=\"189\">\u00a0<\/td><td class=\"xl92\" width=\"180\">\u00a0<\/td><\/tr><tr class=\"xl83\"><td class=\"xl115\" rowspan=\"3\" width=\"194\" height=\"66\">1 personne, 2 &#8211; 5 personnes, 6 &#8211; 10 personnes,<br \/>11 &#8211; 20 personnes<\/td><td class=\"xl113\" rowspan=\"3\" width=\"189\">L&rsquo;Intensit\u00e9 du cours et les jours en fonction de votre disponibilit\u00e9<\/td><td class=\"xl114\" rowspan=\"3\" width=\"180\">Chez vous (maison, bureau, \u00e9cole) ou chez nous (IFI)<\/td><\/tr><\/tbody><\/table><p><strong>Ils nous ont fait confiance<\/strong><\/p><\/article>\t\t\t\t\t\t<\/div>\n\t\t\t\t<\/div>\n\t\t\t\t\t<\/div>\n\t\t<\/div>\n\t\t\t\t\t<\/div>\n\t\t<\/section>\n\t\t\t\t<section class=\"elementor-section elementor-top-section elementor-element elementor-element-52845a0 elementor-section-boxed elementor-section-height-default elementor-section-height-default\" data-id=\"52845a0\" data-element_type=\"section\">\n\t\t\t\t\t\t<div class=\"elementor-container elementor-column-gap-default\">\n\t\t\t\t\t<div class=\"elementor-column elementor-col-100 elementor-top-column elementor-element elementor-element-c3bb3c7\" data-id=\"c3bb3c7\" data-element_type=\"column\">\n\t\t\t<div class=\"elementor-widget-wrap elementor-element-populated\">\n\t\t\t\t\t\t<div class=\"elementor-element elementor-element-1beb451 elementor-widget elementor-widget-image\" data-id=\"1beb451\" data-element_type=\"widget\" data-widget_type=\"image.default\">\n\t\t\t\t<div class=\"elementor-widget-container\">\n\t\t\t\t\t\t\t\t\t\t\t\t\t<img fetchpriority=\"high\" decoding=\"async\" width=\"817\" height=\"700\" src=\"https:\/\/www.ifi-id.com\/wp-content\/uploads\/2021\/01\/Logo.jpg\" class=\"attachment-full size-full wp-image-8300\" alt=\"\" srcset=\"https:\/\/www.ifi-id.com\/wp-content\/uploads\/2021\/01\/Logo.jpg 817w, https:\/\/www.ifi-id.com\/wp-content\/uploads\/2021\/01\/Logo-300x257.jpg 300w, https:\/\/www.ifi-id.com\/wp-content\/uploads\/2021\/01\/Logo-768x658.jpg 768w\" sizes=\"100vw\" \/>\t\t\t\t\t\t\t\t\t\t\t\t\t<\/div>\n\t\t\t\t<\/div>\n\t\t\t\t\t<\/div>\n\t\t<\/div>\n\t\t\t\t\t<\/div>\n\t\t<\/section>\n\t\t\t\t<section class=\"elementor-section elementor-top-section elementor-element elementor-element-3d7681f elementor-section-boxed elementor-section-height-default elementor-section-height-default\" data-id=\"3d7681f\" data-element_type=\"section\">\n\t\t\t\t\t\t<div class=\"elementor-container elementor-column-gap-default\">\n\t\t\t\t\t<div class=\"elementor-column elementor-col-100 elementor-top-column elementor-element elementor-element-40426a7\" data-id=\"40426a7\" data-element_type=\"column\">\n\t\t\t<div class=\"elementor-widget-wrap elementor-element-populated\">\n\t\t\t\t\t\t<div class=\"elementor-element elementor-element-75e0281 elementor-widget elementor-widget-video\" data-id=\"75e0281\" data-element_type=\"widget\" data-settings=\"{&quot;youtube_url&quot;:&quot;https:\\\/\\\/youtu.be\\\/tsbOltCH0Zc&quot;,&quot;video_type&quot;:&quot;youtube&quot;,&quot;controls&quot;:&quot;yes&quot;}\" data-widget_type=\"video.default\">\n\t\t\t\t<div class=\"elementor-widget-container\">\n\t\t\t\t\t<div class=\"elementor-wrapper elementor-open-inline\">\n\t\t\t<div class=\"elementor-video\"><\/div>\t\t<\/div>\n\t\t\t\t<\/div>\n\t\t\t\t<\/div>\n\t\t\t\t\t<\/div>\n\t\t<\/div>\n\t\t\t\t\t<\/div>\n\t\t<\/section>\n\t\t\t\t<section class=\"elementor-section elementor-top-section elementor-element elementor-element-56b310d0 elementor-section-boxed elementor-section-height-default elementor-section-height-default\" data-id=\"56b310d0\" data-element_type=\"section\">\n\t\t\t\t\t\t<div class=\"elementor-container elementor-column-gap-default\">\n\t\t\t\t\t<div class=\"elementor-column elementor-col-100 elementor-top-column elementor-element elementor-element-38c0cb28\" data-id=\"38c0cb28\" data-element_type=\"column\">\n\t\t\t<div class=\"elementor-widget-wrap elementor-element-populated\">\n\t\t\t\t\t\t<div class=\"elementor-element elementor-element-9594b57 e-grid-align-right wa-button elementor-shape-rounded elementor-grid-0 elementor-widget elementor-widget-social-icons\" data-id=\"9594b57\" data-element_type=\"widget\" data-widget_type=\"social-icons.default\">\n\t\t\t\t<div class=\"elementor-widget-container\">\n\t\t\t\t\t<div class=\"elementor-social-icons-wrapper elementor-grid\">\n\t\t\t\t\t\t\t<span class=\"elementor-grid-item\">\n\t\t\t\t\t<a class=\"elementor-icon elementor-social-icon elementor-social-icon-whatsapp elementor-repeater-item-e4e369f\" href=\"https:\/\/api.whatsapp.com\/send\/?phone=622123557952&#038;text&#038;app_absent=0\" target=\"_blank\">\n\t\t\t\t\t\t<span class=\"elementor-screen-only\">Whatsapp<\/span>\n\t\t\t\t\t\t<i class=\"fab fa-whatsapp\"><\/i>\t\t\t\t\t<\/a>\n\t\t\t\t<\/span>\n\t\t\t\t\t<\/div>\n\t\t\t\t<\/div>\n\t\t\t\t<\/div>\n\t\t\t\t\t<\/div>\n\t\t<\/div>\n\t\t\t\t\t<\/div>\n\t\t<\/section>\n\t\t\t\t<\/div>\n\t\t","protected":false},"excerpt":{"rendered":"<p>Pour Les Professionnels Previous Next Nous pr\u00e9parons ce cours avec une terminologie et strat\u00e9gie d\u2019apprentissage adapt\u00e9es \u00e0 votre objectif professionnel et \u00e0 votre besoins sp\u00e9cifique. Le cours peut avoir lieu pour 1 personne, 2-5 personnes, 6-10 personnes, \u00e0 11-20 personnes. Chez vous ou chez nous, en fonction du temps et de l&rsquo;intensit\u00e9 du cours que &hellip; <\/p>\n<p class=\"link-more\"><a href=\"https:\/\/www.ifi-id.com\/fr\/ifi-jakarta-pour-les-professionnels\/\" class=\"more-link\">Continuer la lecture<span class=\"screen-reader-text\"> de &laquo;&nbsp;IFI Jakarta &#8211; Pour Les Professionnels&nbsp;&raquo;<\/span><\/a><\/p>\n","protected":false},"author":1,"featured_media":0,"parent":0,"menu_order":0,"comment_status":"closed","ping_status":"closed","template":"elementor_header_footer","meta":{"footnotes":""},"class_list":["post-5641","page","type-page","status-publish","hentry"],"yoast_head":"<!-- This site is optimized with the Yoast SEO plugin v23.5 - https:\/\/yoast.com\/wordpress\/plugins\/seo\/ -->\n<title>IFI Jakarta - Pour Les Professionnels - Institut fran\u00e7ais Indon\u00e9sie<\/title>\n<meta name=\"robots\" content=\"index, follow, max-snippet:-1, max-image-preview:large, max-video-preview:-1\" \/>\n<link rel=\"canonical\" href=\"https:\/\/www.ifi-id.com\/fr\/ifi-jakarta-pour-les-professionnels\/\" \/>\n<meta property=\"og:locale\" content=\"fr_FR\" \/>\n<meta property=\"og:type\" content=\"article\" \/>\n<meta property=\"og:title\" content=\"IFI Jakarta - Pour Les Professionnels - Institut fran\u00e7ais Indon\u00e9sie\" \/>\n<meta property=\"og:description\" content=\"Pour Les Professionnels Previous Next Nous pr\u00e9parons ce cours avec une terminologie et strat\u00e9gie d\u2019apprentissage adapt\u00e9es \u00e0 votre objectif professionnel et \u00e0 votre besoins sp\u00e9cifique. Le cours peut avoir lieu pour 1 personne, 2-5 personnes, 6-10 personnes, \u00e0 11-20 personnes. Chez vous ou chez nous, en fonction du temps et de l&rsquo;intensit\u00e9 du cours que &hellip; Continuer la lecture de &laquo;&nbsp;IFI Jakarta &#8211; Pour Les Professionnels&nbsp;&raquo;\" \/>\n<meta property=\"og:url\" content=\"https:\/\/www.ifi-id.com\/fr\/ifi-jakarta-pour-les-professionnels\/\" \/>\n<meta property=\"og:site_name\" content=\"Institut fran\u00e7ais Indon\u00e9sie\" \/>\n<meta property=\"article:modified_time\" content=\"2021-01-29T08:16:32+00:00\" \/>\n<meta property=\"og:image\" content=\"https:\/\/www.ifi-id.com\/wp-content\/uploads\/2021\/01\/SLIDE-1-1.jpg\" \/>\n<meta name=\"twitter:card\" content=\"summary_large_image\" \/>\n<meta name=\"twitter:label1\" content=\"Dur\u00e9e de lecture estim\u00e9e\" \/>\n\t<meta name=\"twitter:data1\" content=\"1 minute\" \/>\n<script type=\"application\/ld+json\" class=\"yoast-schema-graph\">{\"@context\":\"https:\/\/schema.org\",\"@graph\":[{\"@type\":\"WebPage\",\"@id\":\"https:\/\/www.ifi-id.com\/fr\/ifi-jakarta-pour-les-professionnels\/\",\"url\":\"https:\/\/www.ifi-id.com\/fr\/ifi-jakarta-pour-les-professionnels\/\",\"name\":\"IFI Jakarta - Pour Les Professionnels - Institut fran\u00e7ais Indon\u00e9sie\",\"isPartOf\":{\"@id\":\"https:\/\/www.ifi-id.com\/#website\"},\"primaryImageOfPage\":{\"@id\":\"https:\/\/www.ifi-id.com\/fr\/ifi-jakarta-pour-les-professionnels\/#primaryimage\"},\"image\":{\"@id\":\"https:\/\/www.ifi-id.com\/fr\/ifi-jakarta-pour-les-professionnels\/#primaryimage\"},\"thumbnailUrl\":\"https:\/\/www.ifi-id.com\/wp-content\/uploads\/2021\/01\/SLIDE-1-1.jpg\",\"datePublished\":\"2021-01-14T04:37:28+00:00\",\"dateModified\":\"2021-01-29T08:16:32+00:00\",\"breadcrumb\":{\"@id\":\"https:\/\/www.ifi-id.com\/fr\/ifi-jakarta-pour-les-professionnels\/#breadcrumb\"},\"inLanguage\":\"fr-FR\",\"potentialAction\":[{\"@type\":\"ReadAction\",\"target\":[\"https:\/\/www.ifi-id.com\/fr\/ifi-jakarta-pour-les-professionnels\/\"]}]},{\"@type\":\"ImageObject\",\"inLanguage\":\"fr-FR\",\"@id\":\"https:\/\/www.ifi-id.com\/fr\/ifi-jakarta-pour-les-professionnels\/#primaryimage\",\"url\":\"https:\/\/www.ifi-id.com\/wp-content\/uploads\/2021\/01\/SLIDE-1-1.jpg\",\"contentUrl\":\"https:\/\/www.ifi-id.com\/wp-content\/uploads\/2021\/01\/SLIDE-1-1.jpg\"},{\"@type\":\"BreadcrumbList\",\"@id\":\"https:\/\/www.ifi-id.com\/fr\/ifi-jakarta-pour-les-professionnels\/#breadcrumb\",\"itemListElement\":[{\"@type\":\"ListItem\",\"position\":1,\"name\":\"Home\",\"item\":\"https:\/\/www.ifi-id.com\/\"},{\"@type\":\"ListItem\",\"position\":2,\"name\":\"IFI Jakarta &#8211; Pour Les Professionnels\"}]},{\"@type\":\"WebSite\",\"@id\":\"https:\/\/www.ifi-id.com\/#website\",\"url\":\"https:\/\/www.ifi-id.com\/\",\"name\":\"Institut fran\u00e7ais Indon\u00e9sie\",\"description\":\"\",\"publisher\":{\"@id\":\"https:\/\/www.ifi-id.com\/#organization\"},\"potentialAction\":[{\"@type\":\"SearchAction\",\"target\":{\"@type\":\"EntryPoint\",\"urlTemplate\":\"https:\/\/www.ifi-id.com\/?s={search_term_string}\"},\"query-input\":{\"@type\":\"PropertyValueSpecification\",\"valueRequired\":true,\"valueName\":\"search_term_string\"}}],\"inLanguage\":\"fr-FR\"},{\"@type\":\"Organization\",\"@id\":\"https:\/\/www.ifi-id.com\/#organization\",\"name\":\"Institut fran\u00e7ais Indon\u00e9sie\",\"url\":\"https:\/\/www.ifi-id.com\/\",\"logo\":{\"@type\":\"ImageObject\",\"inLanguage\":\"fr-FR\",\"@id\":\"https:\/\/www.ifi-id.com\/#\/schema\/logo\/image\/\",\"url\":\"https:\/\/www.ifi-id.com\/wp-content\/uploads\/2022\/12\/IFI_New_Logo.jpg\",\"contentUrl\":\"https:\/\/www.ifi-id.com\/wp-content\/uploads\/2022\/12\/IFI_New_Logo.jpg\",\"width\":666,\"height\":444,\"caption\":\"Institut fran\u00e7ais Indon\u00e9sie\"},\"image\":{\"@id\":\"https:\/\/www.ifi-id.com\/#\/schema\/logo\/image\/\"}}]}<\/script>\n<!-- \/ Yoast SEO plugin. -->","yoast_head_json":{"title":"IFI Jakarta - Pour Les Professionnels - Institut fran\u00e7ais Indon\u00e9sie","robots":{"index":"index","follow":"follow","max-snippet":"max-snippet:-1","max-image-preview":"max-image-preview:large","max-video-preview":"max-video-preview:-1"},"canonical":"https:\/\/www.ifi-id.com\/fr\/ifi-jakarta-pour-les-professionnels\/","og_locale":"fr_FR","og_type":"article","og_title":"IFI Jakarta - Pour Les Professionnels - Institut fran\u00e7ais Indon\u00e9sie","og_description":"Pour Les Professionnels Previous Next Nous pr\u00e9parons ce cours avec une terminologie et strat\u00e9gie d\u2019apprentissage adapt\u00e9es \u00e0 votre objectif professionnel et \u00e0 votre besoins sp\u00e9cifique. Le cours peut avoir lieu pour 1 personne, 2-5 personnes, 6-10 personnes, \u00e0 11-20 personnes. Chez vous ou chez nous, en fonction du temps et de l&rsquo;intensit\u00e9 du cours que &hellip; Continuer la lecture de &laquo;&nbsp;IFI Jakarta &#8211; Pour Les Professionnels&nbsp;&raquo;","og_url":"https:\/\/www.ifi-id.com\/fr\/ifi-jakarta-pour-les-professionnels\/","og_site_name":"Institut fran\u00e7ais Indon\u00e9sie","article_modified_time":"2021-01-29T08:16:32+00:00","og_image":[{"url":"https:\/\/www.ifi-id.com\/wp-content\/uploads\/2021\/01\/SLIDE-1-1.jpg"}],"twitter_card":"summary_large_image","twitter_misc":{"Dur\u00e9e de lecture estim\u00e9e":"1 minute"},"schema":{"@context":"https:\/\/schema.org","@graph":[{"@type":"WebPage","@id":"https:\/\/www.ifi-id.com\/fr\/ifi-jakarta-pour-les-professionnels\/","url":"https:\/\/www.ifi-id.com\/fr\/ifi-jakarta-pour-les-professionnels\/","name":"IFI Jakarta - Pour Les Professionnels - Institut fran\u00e7ais Indon\u00e9sie","isPartOf":{"@id":"https:\/\/www.ifi-id.com\/#website"},"primaryImageOfPage":{"@id":"https:\/\/www.ifi-id.com\/fr\/ifi-jakarta-pour-les-professionnels\/#primaryimage"},"image":{"@id":"https:\/\/www.ifi-id.com\/fr\/ifi-jakarta-pour-les-professionnels\/#primaryimage"},"thumbnailUrl":"https:\/\/www.ifi-id.com\/wp-content\/uploads\/2021\/01\/SLIDE-1-1.jpg","datePublished":"2021-01-14T04:37:28+00:00","dateModified":"2021-01-29T08:16:32+00:00","breadcrumb":{"@id":"https:\/\/www.ifi-id.com\/fr\/ifi-jakarta-pour-les-professionnels\/#breadcrumb"},"inLanguage":"fr-FR","potentialAction":[{"@type":"ReadAction","target":["https:\/\/www.ifi-id.com\/fr\/ifi-jakarta-pour-les-professionnels\/"]}]},{"@type":"ImageObject","inLanguage":"fr-FR","@id":"https:\/\/www.ifi-id.com\/fr\/ifi-jakarta-pour-les-professionnels\/#primaryimage","url":"https:\/\/www.ifi-id.com\/wp-content\/uploads\/2021\/01\/SLIDE-1-1.jpg","contentUrl":"https:\/\/www.ifi-id.com\/wp-content\/uploads\/2021\/01\/SLIDE-1-1.jpg"},{"@type":"BreadcrumbList","@id":"https:\/\/www.ifi-id.com\/fr\/ifi-jakarta-pour-les-professionnels\/#breadcrumb","itemListElement":[{"@type":"ListItem","position":1,"name":"Home","item":"https:\/\/www.ifi-id.com\/"},{"@type":"ListItem","position":2,"name":"IFI Jakarta &#8211; Pour Les Professionnels"}]},{"@type":"WebSite","@id":"https:\/\/www.ifi-id.com\/#website","url":"https:\/\/www.ifi-id.com\/","name":"Institut fran\u00e7ais Indon\u00e9sie","description":"","publisher":{"@id":"https:\/\/www.ifi-id.com\/#organization"},"potentialAction":[{"@type":"SearchAction","target":{"@type":"EntryPoint","urlTemplate":"https:\/\/www.ifi-id.com\/?s={search_term_string}"},"query-input":{"@type":"PropertyValueSpecification","valueRequired":true,"valueName":"search_term_string"}}],"inLanguage":"fr-FR"},{"@type":"Organization","@id":"https:\/\/www.ifi-id.com\/#organization","name":"Institut fran\u00e7ais Indon\u00e9sie","url":"https:\/\/www.ifi-id.com\/","logo":{"@type":"ImageObject","inLanguage":"fr-FR","@id":"https:\/\/www.ifi-id.com\/#\/schema\/logo\/image\/","url":"https:\/\/www.ifi-id.com\/wp-content\/uploads\/2022\/12\/IFI_New_Logo.jpg","contentUrl":"https:\/\/www.ifi-id.com\/wp-content\/uploads\/2022\/12\/IFI_New_Logo.jpg","width":666,"height":444,"caption":"Institut fran\u00e7ais Indon\u00e9sie"},"image":{"@id":"https:\/\/www.ifi-id.com\/#\/schema\/logo\/image\/"}}]}},"post_mailing_queue_ids":[],"_links":{"self":[{"href":"https:\/\/www.ifi-id.com\/fr\/wp-json\/wp\/v2\/pages\/5641"}],"collection":[{"href":"https:\/\/www.ifi-id.com\/fr\/wp-json\/wp\/v2\/pages"}],"about":[{"href":"https:\/\/www.ifi-id.com\/fr\/wp-json\/wp\/v2\/types\/page"}],"author":[{"embeddable":true,"href":"https:\/\/www.ifi-id.com\/fr\/wp-json\/wp\/v2\/users\/1"}],"replies":[{"embeddable":true,"href":"https:\/\/www.ifi-id.com\/fr\/wp-json\/wp\/v2\/comments?post=5641"}],"version-history":[{"count":11,"href":"https:\/\/www.ifi-id.com\/fr\/wp-json\/wp\/v2\/pages\/5641\/revisions"}],"predecessor-version":[{"id":8315,"href":"https:\/\/www.ifi-id.com\/fr\/wp-json\/wp\/v2\/pages\/5641\/revisions\/8315"}],"wp:attachment":[{"href":"https:\/\/www.ifi-id.com\/fr\/wp-json\/wp\/v2\/media?parent=5641"}],"curies":[{"name":"wp","href":"https:\/\/api.w.org\/{rel}","templated":true}]}}