{"id":5636,"date":"2021-01-14T04:33:04","date_gmt":"2021-01-14T04:33:04","guid":{"rendered":"https:\/\/ifi.lab.virus.co.id\/?page_id=5636"},"modified":"2021-01-29T15:04:42","modified_gmt":"2021-01-29T08:04:42","slug":"ifi-jakarta-programme-general","status":"publish","type":"page","link":"https:\/\/www.ifi-id.com\/fr\/ifi-jakarta-programme-general\/","title":{"rendered":"IFI  Jakarta &#8211; Programme G\u00e9n\u00e9ral"},"content":{"rendered":"\t\t<div data-elementor-type=\"wp-page\" data-elementor-id=\"5636\" class=\"elementor elementor-5636 elementor-3835\" data-elementor-post-type=\"page\">\n\t\t\t\t\t\t<section class=\"elementor-section elementor-top-section elementor-element elementor-element-7d76899 elementor-section-boxed elementor-section-height-default elementor-section-height-default\" data-id=\"7d76899\" data-element_type=\"section\">\n\t\t\t\t\t\t<div class=\"elementor-container elementor-column-gap-default\">\n\t\t\t\t\t<div class=\"elementor-column elementor-col-100 elementor-top-column elementor-element elementor-element-12663b1\" data-id=\"12663b1\" data-element_type=\"column\">\n\t\t\t<div class=\"elementor-widget-wrap elementor-element-populated\">\n\t\t\t\t\t\t<div class=\"elementor-element elementor-element-9741dbf elementor-widget elementor-widget-heading\" data-id=\"9741dbf\" data-element_type=\"widget\" data-widget_type=\"heading.default\">\n\t\t\t\t<div class=\"elementor-widget-container\">\n\t\t\t<h2 class=\"elementor-heading-title elementor-size-default\">Programme G\u00e9n\u00e9ral<\/h2>\t\t<\/div>\n\t\t\t\t<\/div>\n\t\t\t\t\t<\/div>\n\t\t<\/div>\n\t\t\t\t\t<\/div>\n\t\t<\/section>\n\t\t\t\t<section class=\"elementor-section elementor-top-section elementor-element elementor-element-869239e elementor-section-boxed elementor-section-height-default elementor-section-height-default\" data-id=\"869239e\" data-element_type=\"section\">\n\t\t\t\t\t\t<div class=\"elementor-container elementor-column-gap-default\">\n\t\t\t\t\t<div class=\"elementor-column elementor-col-100 elementor-top-column elementor-element elementor-element-0926ac6\" data-id=\"0926ac6\" data-element_type=\"column\">\n\t\t\t<div class=\"elementor-widget-wrap elementor-element-populated\">\n\t\t\t\t\t\t<div class=\"elementor-element elementor-element-d5adceb elementor-arrows-position-inside elementor-pagination-position-outside elementor-widget elementor-widget-image-carousel\" data-id=\"d5adceb\" data-element_type=\"widget\" data-settings=\"{&quot;slides_to_show&quot;:&quot;1&quot;,&quot;navigation&quot;:&quot;both&quot;,&quot;autoplay&quot;:&quot;yes&quot;,&quot;pause_on_hover&quot;:&quot;yes&quot;,&quot;pause_on_interaction&quot;:&quot;yes&quot;,&quot;autoplay_speed&quot;:5000,&quot;infinite&quot;:&quot;yes&quot;,&quot;effect&quot;:&quot;slide&quot;,&quot;speed&quot;:500}\" data-widget_type=\"image-carousel.default\">\n\t\t\t\t<div class=\"elementor-widget-container\">\n\t\t\t\t\t<div class=\"elementor-image-carousel-wrapper swiper\" dir=\"ltr\">\n\t\t\t<div class=\"elementor-image-carousel swiper-wrapper\" aria-live=\"off\">\n\t\t\t\t\t\t\t\t<div class=\"swiper-slide\" role=\"group\" aria-roledescription=\"slide\" aria-label=\"1 sur 3\"><figure class=\"swiper-slide-inner\"><img decoding=\"async\" class=\"swiper-slide-image\" src=\"https:\/\/www.ifi-id.com\/wp-content\/uploads\/2021\/01\/Slide-1.jpg\" alt=\"Slide 1\" \/><\/figure><\/div><div class=\"swiper-slide\" role=\"group\" aria-roledescription=\"slide\" aria-label=\"2 sur 3\"><figure class=\"swiper-slide-inner\"><img decoding=\"async\" class=\"swiper-slide-image\" src=\"https:\/\/www.ifi-id.com\/wp-content\/uploads\/2021\/01\/Slide-2.jpg\" alt=\"Slide 2\" \/><\/figure><\/div><div class=\"swiper-slide\" role=\"group\" aria-roledescription=\"slide\" aria-label=\"3 sur 3\"><figure class=\"swiper-slide-inner\"><img decoding=\"async\" class=\"swiper-slide-image\" src=\"https:\/\/www.ifi-id.com\/wp-content\/uploads\/2021\/01\/Slide-3.jpg\" alt=\"Slide 3\" \/><\/figure><\/div>\t\t\t<\/div>\n\t\t\t\t\t\t\t\t\t\t\t\t<div class=\"elementor-swiper-button elementor-swiper-button-prev\" role=\"button\" tabindex=\"0\">\n\t\t\t\t\t\t<i aria-hidden=\"true\" class=\"eicon-chevron-left\"><\/i>\t\t\t\t\t<\/div>\n\t\t\t\t\t<div class=\"elementor-swiper-button elementor-swiper-button-next\" role=\"button\" tabindex=\"0\">\n\t\t\t\t\t\t<i aria-hidden=\"true\" class=\"eicon-chevron-right\"><\/i>\t\t\t\t\t<\/div>\n\t\t\t\t\n\t\t\t\t\t\t\t\t\t<div class=\"swiper-pagination\"><\/div>\n\t\t\t\t\t\t\t\t\t<\/div>\n\t\t\t\t<\/div>\n\t\t\t\t<\/div>\n\t\t\t\t\t<\/div>\n\t\t<\/div>\n\t\t\t\t\t<\/div>\n\t\t<\/section>\n\t\t\t\t<section class=\"elementor-section elementor-top-section elementor-element elementor-element-cbfee3a elementor-section-boxed elementor-section-height-default elementor-section-height-default\" data-id=\"cbfee3a\" data-element_type=\"section\">\n\t\t\t\t\t\t<div class=\"elementor-container elementor-column-gap-default\">\n\t\t\t\t\t<div class=\"elementor-column elementor-col-100 elementor-top-column elementor-element elementor-element-0994bb3\" data-id=\"0994bb3\" data-element_type=\"column\">\n\t\t\t<div class=\"elementor-widget-wrap elementor-element-populated\">\n\t\t\t\t\t\t<div class=\"elementor-element elementor-element-1a9a37b elementor-widget elementor-widget-text-editor\" data-id=\"1a9a37b\" data-element_type=\"widget\" data-widget_type=\"text-editor.default\">\n\t\t\t\t<div class=\"elementor-widget-container\">\n\t\t\t\t\t\t\t<p class=\"title-upper\" style=\"text-align: justify;\"><span style=\"font-size: 1rem;\">Les normes internationales d\u2019enseignement s\u2019apliqu\u00e9es dans plus de 150 succursales de l\u2019Institut fran\u00e7ais dans le monde, les enseignants \u00e0 l&rsquo;IFI sont professionnels (certifi\u00e9s C1-C2) qui ont \u00e9t\u00e9 v\u00e9rifi\u00e9s et pr\u00e9par\u00e9s en France et Indon\u00e9sie. L\u2019enseignement sera adapt\u00e9 \u00e0 vos besoins et \u00e0 vos objectifs avec des m\u00e9thodes efficaces et interactives.<\/span><\/p><article><table class=\"xl6323706\" border=\"0\" width=\"617\" cellspacing=\"0\" cellpadding=\"0\"><colgroup> <col class=\"xl6323706\" width=\"187\" \/> <col class=\"xl6323706\" width=\"227\" \/> <col class=\"xl6323706\" width=\"113\" \/> <col class=\"xl6323706\" width=\"90\" \/><\/colgroup><tbody><tr><td class=\"xl8323706\" colspan=\"4\" width=\"617\" height=\"28\"><strong>PROGRAMME G\u00c9N\u00c9RAL<\/strong><\/td><\/tr><tr><td class=\"xl8023706\" height=\"26\"><strong>TYPE DE COURS<\/strong><\/td><td class=\"xl8123706\"><strong>HORAIRE<\/strong><\/td><td class=\"xl9823706\" colspan=\"2\"><strong>FRAIS<\/strong><\/td><\/tr><tr><td class=\"xl6423706\" height=\"26\">EXTENSIF, CONVERSATION*<\/td><td class=\"xl6423706\">1X\/SEMAINE | 4 HEURES\/SESSION<\/td><td class=\"xl9023706\" rowspan=\"8\" width=\"113\">lundi &#8211; samedi<br \/>dimanche<\/td><td class=\"xl9323706\" rowspan=\"8\" width=\"90\">Rp1.920.000<br \/>Rp2.160.000<\/td><\/tr><tr><td class=\"xl6623706\" height=\"26\">60 heures\/session<\/td><td class=\"xl6623706\">mercredi \/ samedi \/ dimanche<\/td><\/tr><tr><td class=\"xl6623706\" height=\"26\">15 semaines<\/td><td class=\"xl6723706\">08h00 &#8211; 12h00 \/ 13h00 &#8211; 17h00<\/td><\/tr><tr><td class=\"xl6623706\" height=\"26\">\u00a0<\/td><td class=\"xl6723706\">17h00 &#8211; 21h00<\/td><\/tr><tr><td class=\"xl6623706\" rowspan=\"4\" height=\"104\">\u00a0<\/td><td class=\"xl6823706\">2X\/SEMAINE | 2 HEURES\/SESSION<\/td><\/tr><tr><td class=\"xl6723706\" height=\"26\">lundi &amp; jeudi \/ mardi &amp; vendredi<\/td><\/tr><tr><td class=\"xl8223706\" width=\"227\" height=\"26\">13h00 &#8211; 15h00 \/ 15h00 &#8211; 17h00<\/td><\/tr><tr><td class=\"xl7923706\" width=\"227\" height=\"26\">17h00 &#8211; 19h00 \/ 19h00 &#8211; 21h00<\/td><\/tr><tr><td class=\"xl6423706\" height=\"26\">SEMI-INTENSIF*<\/td><td class=\"xl6823706\">5X\/SEMAINE | 2 HEURES\/SESSION<\/td><td class=\"xl9023706\" rowspan=\"4\" width=\"113\">A1, A2, &amp; B2<br \/>B1<\/td><td class=\"xl9323706\" rowspan=\"4\" width=\"90\">Rp4.080.000<br \/>Rp5.040.000<\/td><\/tr><tr><td class=\"xl6623706\" height=\"26\">120 &#8211; 180 heures\/session<\/td><td class=\"xl6723706\">lundi &#8211; vendredi<\/td><\/tr><tr><td class=\"xl6623706\" height=\"26\">12 &#8211; 18 semaines<\/td><td class=\"xl7523706\">15h00 &#8211; 17h00 \/ 17h00 &#8211; 19h00<\/td><\/tr><tr><td class=\"xl6623706\" height=\"26\">\u00a0<\/td><td class=\"xl6923706\">19h00 &#8211; 21h00<\/td><\/tr><tr><td class=\"xl7023706\" height=\"26\">INTENSIF*<\/td><td class=\"xl6823706\">5X\/SEMAINE | 4 HEURES\/SESSION<\/td><td class=\"xl9023706\" rowspan=\"3\" width=\"113\">A1, A2, &amp; B2<br \/>B1<\/td><td class=\"xl9323706\" rowspan=\"3\" width=\"90\">Rp4.080.000<br \/>Rp5.040.000<\/td><\/tr><tr><td class=\"xl6623706\" height=\"26\">120 &#8211; 180 heures\/session<\/td><td class=\"xl6723706\">lundi &#8211; vendredi<\/td><\/tr><tr><td class=\"xl7123706\" height=\"26\">6 semaines<\/td><td class=\"xl7823706\">08h00 &#8211; 12h00 \/ 13h00 &#8211; 17h00\u00a0<\/td><\/tr><tr><td class=\"xl9623706\" rowspan=\"2\" width=\"187\" height=\"52\">PREPARATION AUX<br \/>EXAMENS DELF-DALF<\/td><td class=\"xl6823706\">1X\/SEMAINE | 4 HEURES\/SESSION<\/td><td class=\"xl9023706\" rowspan=\"6\" width=\"113\">30 heures, B1<br \/>40 heures, B2<br \/>50 heures, C1-C2<\/td><td class=\"xl9323706\" rowspan=\"6\" width=\"90\">Rp1.500.000<br \/>Rp2.000.000<br \/>Rp2.600.000<\/td><\/tr><tr><td class=\"xl6723706\" height=\"26\">mercredi \/ samedi \/ dimanche<\/td><\/tr><tr><td class=\"xl6623706\" height=\"26\">30 &#8211; 50 heures\/session<\/td><td class=\"xl6723706\">09h00 &#8211; 12h00 \/ 13h00 &#8211; 17h00<\/td><\/tr><tr><td class=\"xl6623706\" height=\"26\">7 &#8211; 13 semaines<\/td><td class=\"xl6823706\">2X\/SEMAINE | 2 HEURES\/SESSION<\/td><\/tr><tr><td class=\"xl6623706\" height=\"26\">\u00a0<\/td><td class=\"xl6723706\">lundi &amp; jeudi \/ mardi &amp; vendredi<\/td><\/tr><tr><td class=\"xl6623706\" height=\"26\">\u00a0<\/td><td class=\"xl6723706\">15h00 &#8211; 17h00 \/ 17h00 &#8211; 19h00<\/td><\/tr><tr><td class=\"xl7223706\" height=\"26\">FRAIS D&rsquo;INSCRIPTION<\/td><td class=\"xl7323706\">\u00a0<\/td><td class=\"xl8423706\" colspan=\"2\" rowspan=\"5\" width=\"203\">* Les frais sp\u00e9ciaux s&rsquo;appliquent pour les forfaits de cours + DELF<br \/>* Les frais des livres et de l\u2019adh\u00e9sion au Club IFI sont exclus<\/td><\/tr><tr><td class=\"xl7423706\" height=\"26\">Rp200.000<\/td><td class=\"xl6523706\">\u00a0<\/td><\/tr><tr><td class=\"xl7223706\" height=\"26\">FRAIS DE TEST<\/td><td class=\"xl7323706\">\u00a0<\/td><\/tr><tr><td class=\"xl7523706\" height=\"26\">Frais de test de niveau<\/td><td class=\"xl6623706\">Rp150.000<\/td><\/tr><tr><td class=\"xl7623706\" height=\"26\">Frais de rattrapage<\/td><td class=\"xl7723706\">Rp200.000<\/td><\/tr><\/tbody><\/table><\/article>\t\t\t\t\t\t<\/div>\n\t\t\t\t<\/div>\n\t\t\t\t\t<\/div>\n\t\t<\/div>\n\t\t\t\t\t<\/div>\n\t\t<\/section>\n\t\t\t\t<section class=\"elementor-section elementor-top-section elementor-element elementor-element-5a8305e elementor-section-boxed elementor-section-height-default elementor-section-height-default\" data-id=\"5a8305e\" data-element_type=\"section\">\n\t\t\t\t\t\t<div class=\"elementor-container elementor-column-gap-default\">\n\t\t\t\t\t<div class=\"elementor-column elementor-col-100 elementor-top-column elementor-element elementor-element-33f9644a\" data-id=\"33f9644a\" data-element_type=\"column\">\n\t\t\t<div class=\"elementor-widget-wrap elementor-element-populated\">\n\t\t\t\t\t\t<div class=\"elementor-element elementor-element-6c2f34f0 e-grid-align-right wa-button elementor-shape-rounded elementor-grid-0 elementor-widget elementor-widget-social-icons\" data-id=\"6c2f34f0\" data-element_type=\"widget\" data-widget_type=\"social-icons.default\">\n\t\t\t\t<div class=\"elementor-widget-container\">\n\t\t\t\t\t<div class=\"elementor-social-icons-wrapper elementor-grid\">\n\t\t\t\t\t\t\t<span class=\"elementor-grid-item\">\n\t\t\t\t\t<a class=\"elementor-icon elementor-social-icon elementor-social-icon-whatsapp elementor-repeater-item-e4e369f\" href=\"https:\/\/api.whatsapp.com\/send\/?phone=622123557952&#038;text&#038;app_absent=0\" target=\"_blank\">\n\t\t\t\t\t\t<span class=\"elementor-screen-only\">Whatsapp<\/span>\n\t\t\t\t\t\t<i class=\"fab fa-whatsapp\"><\/i>\t\t\t\t\t<\/a>\n\t\t\t\t<\/span>\n\t\t\t\t\t<\/div>\n\t\t\t\t<\/div>\n\t\t\t\t<\/div>\n\t\t\t\t\t<\/div>\n\t\t<\/div>\n\t\t\t\t\t<\/div>\n\t\t<\/section>\n\t\t\t\t<section class=\"elementor-section elementor-top-section elementor-element elementor-element-9079c35 elementor-section-boxed elementor-section-height-default elementor-section-height-default\" data-id=\"9079c35\" data-element_type=\"section\">\n\t\t\t\t\t\t<div class=\"elementor-container elementor-column-gap-default\">\n\t\t\t\t\t<div class=\"elementor-column elementor-col-100 elementor-top-column elementor-element elementor-element-6cdf658\" data-id=\"6cdf658\" data-element_type=\"column\">\n\t\t\t<div class=\"elementor-widget-wrap elementor-element-populated\">\n\t\t\t\t\t\t<div class=\"elementor-element elementor-element-22630bb elementor-widget elementor-widget-video\" data-id=\"22630bb\" data-element_type=\"widget\" data-settings=\"{&quot;youtube_url&quot;:&quot;https:\\\/\\\/youtu.be\\\/lo9SAn9BTdk&quot;,&quot;video_type&quot;:&quot;youtube&quot;,&quot;controls&quot;:&quot;yes&quot;}\" data-widget_type=\"video.default\">\n\t\t\t\t<div class=\"elementor-widget-container\">\n\t\t\t\t\t<div class=\"elementor-wrapper elementor-open-inline\">\n\t\t\t<div class=\"elementor-video\"><\/div>\t\t<\/div>\n\t\t\t\t<\/div>\n\t\t\t\t<\/div>\n\t\t\t\t\t<\/div>\n\t\t<\/div>\n\t\t\t\t\t<\/div>\n\t\t<\/section>\n\t\t\t\t<\/div>\n\t\t","protected":false},"excerpt":{"rendered":"<p>Programme G\u00e9n\u00e9ral Previous Next Les normes internationales d\u2019enseignement s\u2019apliqu\u00e9es dans plus de 150 succursales de l\u2019Institut fran\u00e7ais dans le monde, les enseignants \u00e0 l&rsquo;IFI sont professionnels (certifi\u00e9s C1-C2) qui ont \u00e9t\u00e9 v\u00e9rifi\u00e9s et pr\u00e9par\u00e9s en France et Indon\u00e9sie. L\u2019enseignement sera adapt\u00e9 \u00e0 vos besoins et \u00e0 vos objectifs avec des m\u00e9thodes efficaces et interactives. PROGRAMME &hellip; <\/p>\n<p class=\"link-more\"><a href=\"https:\/\/www.ifi-id.com\/fr\/ifi-jakarta-programme-general\/\" class=\"more-link\">Continuer la lecture<span class=\"screen-reader-text\"> de &laquo;&nbsp;IFI  Jakarta &#8211; Programme G\u00e9n\u00e9ral&nbsp;&raquo;<\/span><\/a><\/p>\n","protected":false},"author":1,"featured_media":0,"parent":0,"menu_order":0,"comment_status":"closed","ping_status":"closed","template":"elementor_header_footer","meta":{"footnotes":""},"class_list":["post-5636","page","type-page","status-publish","hentry"],"yoast_head":"<!-- This site is optimized with the Yoast SEO plugin v23.5 - https:\/\/yoast.com\/wordpress\/plugins\/seo\/ -->\n<title>IFI Jakarta - Programme G\u00e9n\u00e9ral - Institut fran\u00e7ais Indon\u00e9sie<\/title>\n<meta name=\"robots\" content=\"index, follow, max-snippet:-1, max-image-preview:large, max-video-preview:-1\" \/>\n<link rel=\"canonical\" href=\"https:\/\/www.ifi-id.com\/fr\/ifi-jakarta-programme-general\/\" \/>\n<meta property=\"og:locale\" content=\"fr_FR\" \/>\n<meta property=\"og:type\" content=\"article\" \/>\n<meta property=\"og:title\" content=\"IFI Jakarta - Programme G\u00e9n\u00e9ral - Institut fran\u00e7ais Indon\u00e9sie\" \/>\n<meta property=\"og:description\" content=\"Programme G\u00e9n\u00e9ral Previous Next Les normes internationales d\u2019enseignement s\u2019apliqu\u00e9es dans plus de 150 succursales de l\u2019Institut fran\u00e7ais dans le monde, les enseignants \u00e0 l&rsquo;IFI sont professionnels (certifi\u00e9s C1-C2) qui ont \u00e9t\u00e9 v\u00e9rifi\u00e9s et pr\u00e9par\u00e9s en France et Indon\u00e9sie. L\u2019enseignement sera adapt\u00e9 \u00e0 vos besoins et \u00e0 vos objectifs avec des m\u00e9thodes efficaces et interactives. PROGRAMME &hellip; Continuer la lecture de &laquo;&nbsp;IFI Jakarta &#8211; Programme G\u00e9n\u00e9ral&nbsp;&raquo;\" \/>\n<meta property=\"og:url\" content=\"https:\/\/www.ifi-id.com\/fr\/ifi-jakarta-programme-general\/\" \/>\n<meta property=\"og:site_name\" content=\"Institut fran\u00e7ais Indon\u00e9sie\" \/>\n<meta property=\"article:modified_time\" content=\"2021-01-29T08:04:42+00:00\" \/>\n<meta property=\"og:image\" content=\"https:\/\/www.ifi-id.com\/wp-content\/uploads\/2021\/01\/Slide-1.jpg\" \/>\n<meta name=\"twitter:card\" content=\"summary_large_image\" \/>\n<meta name=\"twitter:label1\" content=\"Dur\u00e9e de lecture estim\u00e9e\" \/>\n\t<meta name=\"twitter:data1\" content=\"1 minute\" \/>\n<script type=\"application\/ld+json\" class=\"yoast-schema-graph\">{\"@context\":\"https:\/\/schema.org\",\"@graph\":[{\"@type\":\"WebPage\",\"@id\":\"https:\/\/www.ifi-id.com\/fr\/ifi-jakarta-programme-general\/\",\"url\":\"https:\/\/www.ifi-id.com\/fr\/ifi-jakarta-programme-general\/\",\"name\":\"IFI Jakarta - Programme G\u00e9n\u00e9ral - Institut fran\u00e7ais Indon\u00e9sie\",\"isPartOf\":{\"@id\":\"https:\/\/www.ifi-id.com\/#website\"},\"primaryImageOfPage\":{\"@id\":\"https:\/\/www.ifi-id.com\/fr\/ifi-jakarta-programme-general\/#primaryimage\"},\"image\":{\"@id\":\"https:\/\/www.ifi-id.com\/fr\/ifi-jakarta-programme-general\/#primaryimage\"},\"thumbnailUrl\":\"https:\/\/www.ifi-id.com\/wp-content\/uploads\/2021\/01\/Slide-1.jpg\",\"datePublished\":\"2021-01-14T04:33:04+00:00\",\"dateModified\":\"2021-01-29T08:04:42+00:00\",\"breadcrumb\":{\"@id\":\"https:\/\/www.ifi-id.com\/fr\/ifi-jakarta-programme-general\/#breadcrumb\"},\"inLanguage\":\"fr-FR\",\"potentialAction\":[{\"@type\":\"ReadAction\",\"target\":[\"https:\/\/www.ifi-id.com\/fr\/ifi-jakarta-programme-general\/\"]}]},{\"@type\":\"ImageObject\",\"inLanguage\":\"fr-FR\",\"@id\":\"https:\/\/www.ifi-id.com\/fr\/ifi-jakarta-programme-general\/#primaryimage\",\"url\":\"https:\/\/www.ifi-id.com\/wp-content\/uploads\/2021\/01\/Slide-1.jpg\",\"contentUrl\":\"https:\/\/www.ifi-id.com\/wp-content\/uploads\/2021\/01\/Slide-1.jpg\"},{\"@type\":\"BreadcrumbList\",\"@id\":\"https:\/\/www.ifi-id.com\/fr\/ifi-jakarta-programme-general\/#breadcrumb\",\"itemListElement\":[{\"@type\":\"ListItem\",\"position\":1,\"name\":\"Home\",\"item\":\"https:\/\/www.ifi-id.com\/\"},{\"@type\":\"ListItem\",\"position\":2,\"name\":\"IFI Jakarta &#8211; Programme G\u00e9n\u00e9ral\"}]},{\"@type\":\"WebSite\",\"@id\":\"https:\/\/www.ifi-id.com\/#website\",\"url\":\"https:\/\/www.ifi-id.com\/\",\"name\":\"Institut fran\u00e7ais Indon\u00e9sie\",\"description\":\"\",\"publisher\":{\"@id\":\"https:\/\/www.ifi-id.com\/#organization\"},\"potentialAction\":[{\"@type\":\"SearchAction\",\"target\":{\"@type\":\"EntryPoint\",\"urlTemplate\":\"https:\/\/www.ifi-id.com\/?s={search_term_string}\"},\"query-input\":{\"@type\":\"PropertyValueSpecification\",\"valueRequired\":true,\"valueName\":\"search_term_string\"}}],\"inLanguage\":\"fr-FR\"},{\"@type\":\"Organization\",\"@id\":\"https:\/\/www.ifi-id.com\/#organization\",\"name\":\"Institut fran\u00e7ais Indon\u00e9sie\",\"url\":\"https:\/\/www.ifi-id.com\/\",\"logo\":{\"@type\":\"ImageObject\",\"inLanguage\":\"fr-FR\",\"@id\":\"https:\/\/www.ifi-id.com\/#\/schema\/logo\/image\/\",\"url\":\"https:\/\/www.ifi-id.com\/wp-content\/uploads\/2022\/12\/IFI_New_Logo.jpg\",\"contentUrl\":\"https:\/\/www.ifi-id.com\/wp-content\/uploads\/2022\/12\/IFI_New_Logo.jpg\",\"width\":666,\"height\":444,\"caption\":\"Institut fran\u00e7ais Indon\u00e9sie\"},\"image\":{\"@id\":\"https:\/\/www.ifi-id.com\/#\/schema\/logo\/image\/\"}}]}<\/script>\n<!-- \/ Yoast SEO plugin. -->","yoast_head_json":{"title":"IFI Jakarta - Programme G\u00e9n\u00e9ral - Institut fran\u00e7ais Indon\u00e9sie","robots":{"index":"index","follow":"follow","max-snippet":"max-snippet:-1","max-image-preview":"max-image-preview:large","max-video-preview":"max-video-preview:-1"},"canonical":"https:\/\/www.ifi-id.com\/fr\/ifi-jakarta-programme-general\/","og_locale":"fr_FR","og_type":"article","og_title":"IFI Jakarta - Programme G\u00e9n\u00e9ral - Institut fran\u00e7ais Indon\u00e9sie","og_description":"Programme G\u00e9n\u00e9ral Previous Next Les normes internationales d\u2019enseignement s\u2019apliqu\u00e9es dans plus de 150 succursales de l\u2019Institut fran\u00e7ais dans le monde, les enseignants \u00e0 l&rsquo;IFI sont professionnels (certifi\u00e9s C1-C2) qui ont \u00e9t\u00e9 v\u00e9rifi\u00e9s et pr\u00e9par\u00e9s en France et Indon\u00e9sie. L\u2019enseignement sera adapt\u00e9 \u00e0 vos besoins et \u00e0 vos objectifs avec des m\u00e9thodes efficaces et interactives. PROGRAMME &hellip; Continuer la lecture de &laquo;&nbsp;IFI Jakarta &#8211; Programme G\u00e9n\u00e9ral&nbsp;&raquo;","og_url":"https:\/\/www.ifi-id.com\/fr\/ifi-jakarta-programme-general\/","og_site_name":"Institut fran\u00e7ais Indon\u00e9sie","article_modified_time":"2021-01-29T08:04:42+00:00","og_image":[{"url":"https:\/\/www.ifi-id.com\/wp-content\/uploads\/2021\/01\/Slide-1.jpg"}],"twitter_card":"summary_large_image","twitter_misc":{"Dur\u00e9e de lecture estim\u00e9e":"1 minute"},"schema":{"@context":"https:\/\/schema.org","@graph":[{"@type":"WebPage","@id":"https:\/\/www.ifi-id.com\/fr\/ifi-jakarta-programme-general\/","url":"https:\/\/www.ifi-id.com\/fr\/ifi-jakarta-programme-general\/","name":"IFI Jakarta - Programme G\u00e9n\u00e9ral - Institut fran\u00e7ais Indon\u00e9sie","isPartOf":{"@id":"https:\/\/www.ifi-id.com\/#website"},"primaryImageOfPage":{"@id":"https:\/\/www.ifi-id.com\/fr\/ifi-jakarta-programme-general\/#primaryimage"},"image":{"@id":"https:\/\/www.ifi-id.com\/fr\/ifi-jakarta-programme-general\/#primaryimage"},"thumbnailUrl":"https:\/\/www.ifi-id.com\/wp-content\/uploads\/2021\/01\/Slide-1.jpg","datePublished":"2021-01-14T04:33:04+00:00","dateModified":"2021-01-29T08:04:42+00:00","breadcrumb":{"@id":"https:\/\/www.ifi-id.com\/fr\/ifi-jakarta-programme-general\/#breadcrumb"},"inLanguage":"fr-FR","potentialAction":[{"@type":"ReadAction","target":["https:\/\/www.ifi-id.com\/fr\/ifi-jakarta-programme-general\/"]}]},{"@type":"ImageObject","inLanguage":"fr-FR","@id":"https:\/\/www.ifi-id.com\/fr\/ifi-jakarta-programme-general\/#primaryimage","url":"https:\/\/www.ifi-id.com\/wp-content\/uploads\/2021\/01\/Slide-1.jpg","contentUrl":"https:\/\/www.ifi-id.com\/wp-content\/uploads\/2021\/01\/Slide-1.jpg"},{"@type":"BreadcrumbList","@id":"https:\/\/www.ifi-id.com\/fr\/ifi-jakarta-programme-general\/#breadcrumb","itemListElement":[{"@type":"ListItem","position":1,"name":"Home","item":"https:\/\/www.ifi-id.com\/"},{"@type":"ListItem","position":2,"name":"IFI Jakarta &#8211; Programme G\u00e9n\u00e9ral"}]},{"@type":"WebSite","@id":"https:\/\/www.ifi-id.com\/#website","url":"https:\/\/www.ifi-id.com\/","name":"Institut fran\u00e7ais Indon\u00e9sie","description":"","publisher":{"@id":"https:\/\/www.ifi-id.com\/#organization"},"potentialAction":[{"@type":"SearchAction","target":{"@type":"EntryPoint","urlTemplate":"https:\/\/www.ifi-id.com\/?s={search_term_string}"},"query-input":{"@type":"PropertyValueSpecification","valueRequired":true,"valueName":"search_term_string"}}],"inLanguage":"fr-FR"},{"@type":"Organization","@id":"https:\/\/www.ifi-id.com\/#organization","name":"Institut fran\u00e7ais Indon\u00e9sie","url":"https:\/\/www.ifi-id.com\/","logo":{"@type":"ImageObject","inLanguage":"fr-FR","@id":"https:\/\/www.ifi-id.com\/#\/schema\/logo\/image\/","url":"https:\/\/www.ifi-id.com\/wp-content\/uploads\/2022\/12\/IFI_New_Logo.jpg","contentUrl":"https:\/\/www.ifi-id.com\/wp-content\/uploads\/2022\/12\/IFI_New_Logo.jpg","width":666,"height":444,"caption":"Institut fran\u00e7ais Indon\u00e9sie"},"image":{"@id":"https:\/\/www.ifi-id.com\/#\/schema\/logo\/image\/"}}]}},"post_mailing_queue_ids":[],"_links":{"self":[{"href":"https:\/\/www.ifi-id.com\/fr\/wp-json\/wp\/v2\/pages\/5636"}],"collection":[{"href":"https:\/\/www.ifi-id.com\/fr\/wp-json\/wp\/v2\/pages"}],"about":[{"href":"https:\/\/www.ifi-id.com\/fr\/wp-json\/wp\/v2\/types\/page"}],"author":[{"embeddable":true,"href":"https:\/\/www.ifi-id.com\/fr\/wp-json\/wp\/v2\/users\/1"}],"replies":[{"embeddable":true,"href":"https:\/\/www.ifi-id.com\/fr\/wp-json\/wp\/v2\/comments?post=5636"}],"version-history":[{"count":10,"href":"https:\/\/www.ifi-id.com\/fr\/wp-json\/wp\/v2\/pages\/5636\/revisions"}],"predecessor-version":[{"id":8291,"href":"https:\/\/www.ifi-id.com\/fr\/wp-json\/wp\/v2\/pages\/5636\/revisions\/8291"}],"wp:attachment":[{"href":"https:\/\/www.ifi-id.com\/fr\/wp-json\/wp\/v2\/media?parent=5636"}],"curies":[{"name":"wp","href":"https:\/\/api.w.org\/{rel}","templated":true}]}}