{"id":5634,"date":"2021-01-14T04:55:43","date_gmt":"2021-01-13T21:55:43","guid":{"rendered":"https:\/\/ifi.lab.virus.co.id\/?page_id=5634"},"modified":"2021-04-30T11:41:39","modified_gmt":"2021-04-30T04:41:39","slug":"jakarta-cours","status":"publish","type":"page","link":"https:\/\/www.ifi-id.com\/fr\/jakarta-cours\/","title":{"rendered":"Cours IFI Jakarta"},"content":{"rendered":"\t\t<div data-elementor-type=\"wp-page\" data-elementor-id=\"5634\" class=\"elementor elementor-5634 elementor-3821\" data-elementor-post-type=\"page\">\n\t\t\t\t\t\t<section class=\"elementor-section elementor-top-section elementor-element elementor-element-111875e elementor-section-boxed elementor-section-height-default elementor-section-height-default\" data-id=\"111875e\" data-element_type=\"section\">\n\t\t\t\t\t\t<div class=\"elementor-container elementor-column-gap-default\">\n\t\t\t\t\t<div class=\"elementor-column elementor-col-100 elementor-top-column elementor-element elementor-element-09e2951\" data-id=\"09e2951\" data-element_type=\"column\">\n\t\t\t<div class=\"elementor-widget-wrap elementor-element-populated\">\n\t\t\t\t\t\t<div class=\"elementor-element elementor-element-ed9699e elementor-arrows-position-inside elementor-pagination-position-outside elementor-widget elementor-widget-image-carousel\" data-id=\"ed9699e\" data-element_type=\"widget\" data-settings=\"{&quot;slides_to_show&quot;:&quot;1&quot;,&quot;navigation&quot;:&quot;both&quot;,&quot;autoplay&quot;:&quot;yes&quot;,&quot;pause_on_hover&quot;:&quot;yes&quot;,&quot;pause_on_interaction&quot;:&quot;yes&quot;,&quot;autoplay_speed&quot;:5000,&quot;infinite&quot;:&quot;yes&quot;,&quot;effect&quot;:&quot;slide&quot;,&quot;speed&quot;:500}\" data-widget_type=\"image-carousel.default\">\n\t\t\t\t<div class=\"elementor-widget-container\">\n\t\t\t\t\t<div class=\"elementor-image-carousel-wrapper swiper\" dir=\"ltr\">\n\t\t\t<div class=\"elementor-image-carousel swiper-wrapper\" aria-live=\"off\">\n\t\t\t\t\t\t\t\t<div class=\"swiper-slide\" role=\"group\" aria-roledescription=\"slide\" aria-label=\"1 sur 3\"><figure class=\"swiper-slide-inner\"><img decoding=\"async\" class=\"swiper-slide-image\" src=\"https:\/\/www.ifi-id.com\/wp-content\/uploads\/2020\/12\/web-1.jpg\" alt=\"web 1\" \/><\/figure><\/div><div class=\"swiper-slide\" role=\"group\" aria-roledescription=\"slide\" aria-label=\"2 sur 3\"><figure class=\"swiper-slide-inner\"><img decoding=\"async\" class=\"swiper-slide-image\" src=\"https:\/\/www.ifi-id.com\/wp-content\/uploads\/2020\/12\/web21.jpg\" alt=\"web2(1)\" \/><\/figure><\/div><div class=\"swiper-slide\" role=\"group\" aria-roledescription=\"slide\" aria-label=\"3 sur 3\"><figure class=\"swiper-slide-inner\"><img decoding=\"async\" class=\"swiper-slide-image\" src=\"https:\/\/www.ifi-id.com\/wp-content\/uploads\/2020\/12\/web3.jpg\" alt=\"web3\" \/><\/figure><\/div>\t\t\t<\/div>\n\t\t\t\t\t\t\t\t\t\t\t\t<div class=\"elementor-swiper-button elementor-swiper-button-prev\" role=\"button\" tabindex=\"0\">\n\t\t\t\t\t\t<i aria-hidden=\"true\" class=\"eicon-chevron-left\"><\/i>\t\t\t\t\t<\/div>\n\t\t\t\t\t<div class=\"elementor-swiper-button elementor-swiper-button-next\" role=\"button\" tabindex=\"0\">\n\t\t\t\t\t\t<i aria-hidden=\"true\" class=\"eicon-chevron-right\"><\/i>\t\t\t\t\t<\/div>\n\t\t\t\t\n\t\t\t\t\t\t\t\t\t<div class=\"swiper-pagination\"><\/div>\n\t\t\t\t\t\t\t\t\t<\/div>\n\t\t\t\t<\/div>\n\t\t\t\t<\/div>\n\t\t\t\t\t<\/div>\n\t\t<\/div>\n\t\t\t\t\t<\/div>\n\t\t<\/section>\n\t\t\t\t<section class=\"elementor-section elementor-top-section elementor-element elementor-element-7a028f6d elementor-section-boxed elementor-section-height-default elementor-section-height-default\" data-id=\"7a028f6d\" data-element_type=\"section\" data-settings=\"{&quot;background_background&quot;:&quot;classic&quot;}\">\n\t\t\t\t\t\t<div class=\"elementor-container elementor-column-gap-default\">\n\t\t\t\t\t<div class=\"elementor-column elementor-col-100 elementor-top-column elementor-element elementor-element-2c6e5dbd\" data-id=\"2c6e5dbd\" data-element_type=\"column\">\n\t\t\t<div class=\"elementor-widget-wrap elementor-element-populated\">\n\t\t\t\t\t\t<div class=\"elementor-element elementor-element-79081b92 elementor-widget elementor-widget-text-editor\" data-id=\"79081b92\" data-element_type=\"widget\" data-widget_type=\"text-editor.default\">\n\t\t\t\t<div class=\"elementor-widget-container\">\n\t\t\t\t\t\t\t<div class=\"card\">\n<div class=\"image\"><a href=\"\/fr\/ifi-jakarta-programme-general\/\"><img decoding=\"async\" src=\"\/wp-content\/uploads\/2020\/12\/5aoj1yHwkR119rTnNPWfE43pJATmBfglabY2BmJQ.jpeg\" \/><\/a><\/div>\n<div class=\"card-content\">\n<div class=\"title\"><a href=\"\/fr\/ifi-jakarta-programme-general\/\">PROGRAMME G\u00c9N\u00c9RAL<\/a><\/div>\n<div class=\"next\"><a href=\"\/fr\/ifi-jakarta-programme-general\/\">En savoir plus<\/a><\/div>\n<\/div>\n<\/div>\n<div class=\"card\">\n\n<a href=\"\/fr\/ifi-jakarta-pour-les-professionnels\/\"><img decoding=\"async\" src=\"\/wp-content\/uploads\/2020\/12\/OQiIXN6Olfe19UXgXHX7b5MEgdcp1KE1MA7zZ1sI.jpeg\" \/><\/a>\n<div class=\"card-content\">\n<div class=\"title\"><a href=\"\/fr\/ifi-jakarta-pour-les-professionnels\/\">POUR LES PROFESSIONNELS\u200b<\/a><\/div>\n<div class=\"next\"><a href=\"\/fr\/ifi-jakarta-pour-les-professionnels\/\">En savoir plus<\/a><\/div>\n<\/div>\n<\/div>\n<div class=\"card\">\n\n<a href=\"\/fr\/ifi-jakarta-cours-precoce\/\"><img decoding=\"async\" src=\"\/wp-content\/uploads\/2020\/12\/9nePZhJixGmDeprObzO6Vjh4gUXSYgzJeYcJrKKV.jpeg\" \/><\/a>\n<div class=\"card-content\">\n<div class=\"title\"><a href=\"\/fr\/ifi-jakarta-cours-precoce\/\">COURS PR\u00c8COCE<\/a><\/div>\n<div class=\"next\"><a href=\"\/fr\/ifi-jakarta-cours-precoce\/\">En savoir plus<\/a><\/div>\n<\/div>\n<\/div>\n<div class=\"card\">\n<div class=\"image\"><a href=\"\/fr\/ifi-jakarta-cours-prive\/\"><img decoding=\"async\" src=\"\/wp-content\/uploads\/2020\/12\/bgbX3N2skG6ydl3wythwwZT5jJwunlVHYZk6C1t3.jpeg\" \/><\/a><\/div>\n<div class=\"card-content\">\n<div class=\"title\"><a href=\"\/fr\/ifi-jakarta-cours-prive\/\">COURS Priv\u00e9<\/a><\/div>\n<div class=\"next\"><a href=\"\/fr\/ifi-jakarta-cours-prive\/\">En savoir plus<\/a><\/div>\n<\/div>\n<\/div>\n<div class=\"card\">\n\n<a href=\"\/fr\/ifi-jakarta-super-intensif-fr\/\"><img decoding=\"async\" src=\"\/wp-content\/uploads\/2020\/12\/dYOM8S5O3AdvdWAT6VAGOH6F8EMeLQ8tUJAFEoVu.jpeg\" \/><\/a>\n<div class=\"card-content\">\n<div class=\"title\"><a href=\"\/fr\/ifi-jakarta-super-intensif-fr\/\">SUPER INTENSIF<\/a><\/div>\n<div class=\"next\"><a href=\"\/fr\/ifi-jakarta-super-intensif-fr\/\">En savoir plus<\/a><\/div>\n<\/div>\n<\/div>\n<div class=\"card\">\n<div class=\"image\"><a href=\"\/fr\/ifi-jakarta-inscription\/\"><img decoding=\"async\" src=\"\/wp-content\/uploads\/2020\/12\/h9kQzEMSXqmgDezAtMPsFiUWIjW0eBRsXun8rab1.jpeg\" \/><\/a><\/div>\n<div class=\"card-content\">\n<div class=\"title\"><a href=\"\/fr\/ifi-jakarta-inscription\/\">INSCRIPTION<\/a><\/div>\n<div class=\"next\"><a href=\"\/fr\/ifi-jakarta-inscription\/\">En savoir plus<\/a><\/div>\n<\/div>\n<\/div>\t\t\t\t\t\t<\/div>\n\t\t\t\t<\/div>\n\t\t\t\t\t<\/div>\n\t\t<\/div>\n\t\t\t\t\t<\/div>\n\t\t<\/section>\n\t\t\t\t<section class=\"elementor-section elementor-top-section elementor-element elementor-element-92957bb elementor-section-boxed elementor-section-height-default elementor-section-height-default\" data-id=\"92957bb\" data-element_type=\"section\">\n\t\t\t\t\t\t<div class=\"elementor-container elementor-column-gap-default\">\n\t\t\t\t\t<div class=\"elementor-column elementor-col-100 elementor-top-column elementor-element elementor-element-58c99ac0\" data-id=\"58c99ac0\" data-element_type=\"column\">\n\t\t\t<div class=\"elementor-widget-wrap elementor-element-populated\">\n\t\t\t\t\t\t<div class=\"elementor-element elementor-element-388949cf e-grid-align-right wa-button elementor-shape-rounded elementor-grid-0 elementor-widget elementor-widget-social-icons\" data-id=\"388949cf\" data-element_type=\"widget\" data-widget_type=\"social-icons.default\">\n\t\t\t\t<div class=\"elementor-widget-container\">\n\t\t\t\t\t<div class=\"elementor-social-icons-wrapper elementor-grid\">\n\t\t\t\t\t\t\t<span class=\"elementor-grid-item\">\n\t\t\t\t\t<a class=\"elementor-icon elementor-social-icon elementor-social-icon-whatsapp elementor-repeater-item-e4e369f\" href=\"https:\/\/api.whatsapp.com\/send\/?phone=622123557952&#038;text&#038;app_absent=0\" target=\"_blank\">\n\t\t\t\t\t\t<span class=\"elementor-screen-only\">Whatsapp<\/span>\n\t\t\t\t\t\t<i class=\"fab fa-whatsapp\"><\/i>\t\t\t\t\t<\/a>\n\t\t\t\t<\/span>\n\t\t\t\t\t<\/div>\n\t\t\t\t<\/div>\n\t\t\t\t<\/div>\n\t\t\t\t\t<\/div>\n\t\t<\/div>\n\t\t\t\t\t<\/div>\n\t\t<\/section>\n\t\t\t\t<\/div>\n\t\t","protected":false},"excerpt":{"rendered":"<p>Previous Next PROGRAMME G\u00c9N\u00c9RAL En savoir plus POUR LES PROFESSIONNELS\u200b En savoir plus COURS PR\u00c8COCE En savoir plus COURS Priv\u00e9 En savoir plus SUPER INTENSIF En savoir plus INSCRIPTION En savoir plus Whatsapp<\/p>\n","protected":false},"author":1,"featured_media":0,"parent":0,"menu_order":0,"comment_status":"closed","ping_status":"closed","template":"elementor_header_footer","meta":{"footnotes":""},"class_list":["post-5634","page","type-page","status-publish","hentry"],"yoast_head":"<!-- This site is optimized with the Yoast SEO plugin v23.5 - https:\/\/yoast.com\/wordpress\/plugins\/seo\/ -->\n<title>Cours IFI Jakarta - Institut fran\u00e7ais Indon\u00e9sie<\/title>\n<meta name=\"robots\" content=\"index, follow, max-snippet:-1, max-image-preview:large, max-video-preview:-1\" \/>\n<link rel=\"canonical\" href=\"https:\/\/www.ifi-id.com\/fr\/jakarta-cours\/\" \/>\n<meta property=\"og:locale\" content=\"fr_FR\" \/>\n<meta property=\"og:type\" content=\"article\" \/>\n<meta property=\"og:title\" content=\"Cours IFI Jakarta - Institut fran\u00e7ais Indon\u00e9sie\" \/>\n<meta property=\"og:description\" content=\"Previous Next PROGRAMME G\u00c9N\u00c9RAL En savoir plus POUR LES PROFESSIONNELS\u200b En savoir plus COURS PR\u00c8COCE En savoir plus COURS Priv\u00e9 En savoir plus SUPER INTENSIF En savoir plus INSCRIPTION En savoir plus Whatsapp\" \/>\n<meta property=\"og:url\" content=\"https:\/\/www.ifi-id.com\/fr\/jakarta-cours\/\" \/>\n<meta property=\"og:site_name\" content=\"Institut fran\u00e7ais Indon\u00e9sie\" \/>\n<meta property=\"article:modified_time\" content=\"2021-04-30T04:41:39+00:00\" \/>\n<meta property=\"og:image\" content=\"https:\/\/www.ifi-id.com\/wp-content\/uploads\/2020\/12\/web-1.jpg\" \/>\n<meta name=\"twitter:card\" content=\"summary_large_image\" \/>\n<script type=\"application\/ld+json\" class=\"yoast-schema-graph\">{\"@context\":\"https:\/\/schema.org\",\"@graph\":[{\"@type\":\"WebPage\",\"@id\":\"https:\/\/www.ifi-id.com\/fr\/jakarta-cours\/\",\"url\":\"https:\/\/www.ifi-id.com\/fr\/jakarta-cours\/\",\"name\":\"Cours IFI Jakarta - Institut fran\u00e7ais Indon\u00e9sie\",\"isPartOf\":{\"@id\":\"https:\/\/www.ifi-id.com\/#website\"},\"primaryImageOfPage\":{\"@id\":\"https:\/\/www.ifi-id.com\/fr\/jakarta-cours\/#primaryimage\"},\"image\":{\"@id\":\"https:\/\/www.ifi-id.com\/fr\/jakarta-cours\/#primaryimage\"},\"thumbnailUrl\":\"https:\/\/www.ifi-id.com\/wp-content\/uploads\/2020\/12\/web-1.jpg\",\"datePublished\":\"2021-01-13T21:55:43+00:00\",\"dateModified\":\"2021-04-30T04:41:39+00:00\",\"breadcrumb\":{\"@id\":\"https:\/\/www.ifi-id.com\/fr\/jakarta-cours\/#breadcrumb\"},\"inLanguage\":\"fr-FR\",\"potentialAction\":[{\"@type\":\"ReadAction\",\"target\":[\"https:\/\/www.ifi-id.com\/fr\/jakarta-cours\/\"]}]},{\"@type\":\"ImageObject\",\"inLanguage\":\"fr-FR\",\"@id\":\"https:\/\/www.ifi-id.com\/fr\/jakarta-cours\/#primaryimage\",\"url\":\"https:\/\/www.ifi-id.com\/wp-content\/uploads\/2020\/12\/web-1.jpg\",\"contentUrl\":\"https:\/\/www.ifi-id.com\/wp-content\/uploads\/2020\/12\/web-1.jpg\"},{\"@type\":\"BreadcrumbList\",\"@id\":\"https:\/\/www.ifi-id.com\/fr\/jakarta-cours\/#breadcrumb\",\"itemListElement\":[{\"@type\":\"ListItem\",\"position\":1,\"name\":\"Home\",\"item\":\"https:\/\/www.ifi-id.com\/\"},{\"@type\":\"ListItem\",\"position\":2,\"name\":\"Cours IFI Jakarta\"}]},{\"@type\":\"WebSite\",\"@id\":\"https:\/\/www.ifi-id.com\/#website\",\"url\":\"https:\/\/www.ifi-id.com\/\",\"name\":\"Institut fran\u00e7ais Indon\u00e9sie\",\"description\":\"\",\"publisher\":{\"@id\":\"https:\/\/www.ifi-id.com\/#organization\"},\"potentialAction\":[{\"@type\":\"SearchAction\",\"target\":{\"@type\":\"EntryPoint\",\"urlTemplate\":\"https:\/\/www.ifi-id.com\/?s={search_term_string}\"},\"query-input\":{\"@type\":\"PropertyValueSpecification\",\"valueRequired\":true,\"valueName\":\"search_term_string\"}}],\"inLanguage\":\"fr-FR\"},{\"@type\":\"Organization\",\"@id\":\"https:\/\/www.ifi-id.com\/#organization\",\"name\":\"Institut fran\u00e7ais Indon\u00e9sie\",\"url\":\"https:\/\/www.ifi-id.com\/\",\"logo\":{\"@type\":\"ImageObject\",\"inLanguage\":\"fr-FR\",\"@id\":\"https:\/\/www.ifi-id.com\/#\/schema\/logo\/image\/\",\"url\":\"https:\/\/www.ifi-id.com\/wp-content\/uploads\/2022\/12\/IFI_New_Logo.jpg\",\"contentUrl\":\"https:\/\/www.ifi-id.com\/wp-content\/uploads\/2022\/12\/IFI_New_Logo.jpg\",\"width\":666,\"height\":444,\"caption\":\"Institut fran\u00e7ais Indon\u00e9sie\"},\"image\":{\"@id\":\"https:\/\/www.ifi-id.com\/#\/schema\/logo\/image\/\"}}]}<\/script>\n<!-- \/ Yoast SEO plugin. -->","yoast_head_json":{"title":"Cours IFI Jakarta - Institut fran\u00e7ais Indon\u00e9sie","robots":{"index":"index","follow":"follow","max-snippet":"max-snippet:-1","max-image-preview":"max-image-preview:large","max-video-preview":"max-video-preview:-1"},"canonical":"https:\/\/www.ifi-id.com\/fr\/jakarta-cours\/","og_locale":"fr_FR","og_type":"article","og_title":"Cours IFI Jakarta - Institut fran\u00e7ais Indon\u00e9sie","og_description":"Previous Next PROGRAMME G\u00c9N\u00c9RAL En savoir plus POUR LES PROFESSIONNELS\u200b En savoir plus COURS PR\u00c8COCE En savoir plus COURS Priv\u00e9 En savoir plus SUPER INTENSIF En savoir plus INSCRIPTION En savoir plus Whatsapp","og_url":"https:\/\/www.ifi-id.com\/fr\/jakarta-cours\/","og_site_name":"Institut fran\u00e7ais Indon\u00e9sie","article_modified_time":"2021-04-30T04:41:39+00:00","og_image":[{"url":"https:\/\/www.ifi-id.com\/wp-content\/uploads\/2020\/12\/web-1.jpg"}],"twitter_card":"summary_large_image","schema":{"@context":"https:\/\/schema.org","@graph":[{"@type":"WebPage","@id":"https:\/\/www.ifi-id.com\/fr\/jakarta-cours\/","url":"https:\/\/www.ifi-id.com\/fr\/jakarta-cours\/","name":"Cours IFI Jakarta - Institut fran\u00e7ais Indon\u00e9sie","isPartOf":{"@id":"https:\/\/www.ifi-id.com\/#website"},"primaryImageOfPage":{"@id":"https:\/\/www.ifi-id.com\/fr\/jakarta-cours\/#primaryimage"},"image":{"@id":"https:\/\/www.ifi-id.com\/fr\/jakarta-cours\/#primaryimage"},"thumbnailUrl":"https:\/\/www.ifi-id.com\/wp-content\/uploads\/2020\/12\/web-1.jpg","datePublished":"2021-01-13T21:55:43+00:00","dateModified":"2021-04-30T04:41:39+00:00","breadcrumb":{"@id":"https:\/\/www.ifi-id.com\/fr\/jakarta-cours\/#breadcrumb"},"inLanguage":"fr-FR","potentialAction":[{"@type":"ReadAction","target":["https:\/\/www.ifi-id.com\/fr\/jakarta-cours\/"]}]},{"@type":"ImageObject","inLanguage":"fr-FR","@id":"https:\/\/www.ifi-id.com\/fr\/jakarta-cours\/#primaryimage","url":"https:\/\/www.ifi-id.com\/wp-content\/uploads\/2020\/12\/web-1.jpg","contentUrl":"https:\/\/www.ifi-id.com\/wp-content\/uploads\/2020\/12\/web-1.jpg"},{"@type":"BreadcrumbList","@id":"https:\/\/www.ifi-id.com\/fr\/jakarta-cours\/#breadcrumb","itemListElement":[{"@type":"ListItem","position":1,"name":"Home","item":"https:\/\/www.ifi-id.com\/"},{"@type":"ListItem","position":2,"name":"Cours IFI Jakarta"}]},{"@type":"WebSite","@id":"https:\/\/www.ifi-id.com\/#website","url":"https:\/\/www.ifi-id.com\/","name":"Institut fran\u00e7ais Indon\u00e9sie","description":"","publisher":{"@id":"https:\/\/www.ifi-id.com\/#organization"},"potentialAction":[{"@type":"SearchAction","target":{"@type":"EntryPoint","urlTemplate":"https:\/\/www.ifi-id.com\/?s={search_term_string}"},"query-input":{"@type":"PropertyValueSpecification","valueRequired":true,"valueName":"search_term_string"}}],"inLanguage":"fr-FR"},{"@type":"Organization","@id":"https:\/\/www.ifi-id.com\/#organization","name":"Institut fran\u00e7ais Indon\u00e9sie","url":"https:\/\/www.ifi-id.com\/","logo":{"@type":"ImageObject","inLanguage":"fr-FR","@id":"https:\/\/www.ifi-id.com\/#\/schema\/logo\/image\/","url":"https:\/\/www.ifi-id.com\/wp-content\/uploads\/2022\/12\/IFI_New_Logo.jpg","contentUrl":"https:\/\/www.ifi-id.com\/wp-content\/uploads\/2022\/12\/IFI_New_Logo.jpg","width":666,"height":444,"caption":"Institut fran\u00e7ais Indon\u00e9sie"},"image":{"@id":"https:\/\/www.ifi-id.com\/#\/schema\/logo\/image\/"}}]}},"post_mailing_queue_ids":[],"_links":{"self":[{"href":"https:\/\/www.ifi-id.com\/fr\/wp-json\/wp\/v2\/pages\/5634"}],"collection":[{"href":"https:\/\/www.ifi-id.com\/fr\/wp-json\/wp\/v2\/pages"}],"about":[{"href":"https:\/\/www.ifi-id.com\/fr\/wp-json\/wp\/v2\/types\/page"}],"author":[{"embeddable":true,"href":"https:\/\/www.ifi-id.com\/fr\/wp-json\/wp\/v2\/users\/1"}],"replies":[{"embeddable":true,"href":"https:\/\/www.ifi-id.com\/fr\/wp-json\/wp\/v2\/comments?post=5634"}],"version-history":[{"count":14,"href":"https:\/\/www.ifi-id.com\/fr\/wp-json\/wp\/v2\/pages\/5634\/revisions"}],"predecessor-version":[{"id":12627,"href":"https:\/\/www.ifi-id.com\/fr\/wp-json\/wp\/v2\/pages\/5634\/revisions\/12627"}],"wp:attachment":[{"href":"https:\/\/www.ifi-id.com\/fr\/wp-json\/wp\/v2\/media?parent=5634"}],"curies":[{"name":"wp","href":"https:\/\/api.w.org\/{rel}","templated":true}]}}