{"id":5595,"date":"2021-01-14T03:52:13","date_gmt":"2021-01-14T03:52:13","guid":{"rendered":"https:\/\/ifi.lab.virus.co.id\/?page_id=5595"},"modified":"2023-03-01T18:43:28","modified_gmt":"2023-03-01T11:43:28","slug":"alumni","status":"publish","type":"page","link":"https:\/\/www.ifi-id.com\/fr\/alumni\/","title":{"rendered":"Alumni"},"content":{"rendered":"\t\t<div data-elementor-type=\"wp-page\" data-elementor-id=\"5595\" class=\"elementor elementor-5595 elementor-3888\" data-elementor-post-type=\"page\">\n\t\t\t\t\t\t<section class=\"elementor-section elementor-top-section elementor-element elementor-element-c5c3929 elementor-section-boxed elementor-section-height-default elementor-section-height-default\" data-id=\"c5c3929\" data-element_type=\"section\">\n\t\t\t\t\t\t<div class=\"elementor-container elementor-column-gap-default\">\n\t\t\t\t\t<div class=\"elementor-column elementor-col-100 elementor-top-column elementor-element elementor-element-82a65e4\" data-id=\"82a65e4\" data-element_type=\"column\">\n\t\t\t<div class=\"elementor-widget-wrap elementor-element-populated\">\n\t\t\t\t\t\t<div class=\"elementor-element elementor-element-5ed69e3 elementor-widget elementor-widget-heading\" data-id=\"5ed69e3\" data-element_type=\"widget\" data-widget_type=\"heading.default\">\n\t\t\t\t<div class=\"elementor-widget-container\">\n\t\t\t<h2 class=\"elementor-heading-title elementor-size-default\">France Alumni<\/h2>\t\t<\/div>\n\t\t\t\t<\/div>\n\t\t\t\t\t<\/div>\n\t\t<\/div>\n\t\t\t\t\t<\/div>\n\t\t<\/section>\n\t\t\t\t<section class=\"elementor-section elementor-top-section elementor-element elementor-element-1b0b63f elementor-section-boxed elementor-section-height-default elementor-section-height-default\" data-id=\"1b0b63f\" data-element_type=\"section\">\n\t\t\t\t\t\t<div class=\"elementor-container elementor-column-gap-default\">\n\t\t\t\t\t<div class=\"elementor-column elementor-col-100 elementor-top-column elementor-element elementor-element-8356e92\" data-id=\"8356e92\" data-element_type=\"column\">\n\t\t\t<div class=\"elementor-widget-wrap elementor-element-populated\">\n\t\t\t\t\t\t<div class=\"elementor-element elementor-element-45e6827 elementor-widget elementor-widget-image\" data-id=\"45e6827\" data-element_type=\"widget\" data-widget_type=\"image.default\">\n\t\t\t\t<div class=\"elementor-widget-container\">\n\t\t\t\t\t\t\t\t\t\t\t\t\t<img fetchpriority=\"high\" decoding=\"async\" width=\"525\" height=\"295\" src=\"https:\/\/www.ifi-id.com\/wp-content\/uploads\/2021\/01\/France-Alumni-1-1024x576.jpg\" class=\"attachment-large size-large wp-image-13400\" alt=\"\" srcset=\"https:\/\/www.ifi-id.com\/wp-content\/uploads\/2021\/01\/France-Alumni-1-1024x576.jpg 1024w, https:\/\/www.ifi-id.com\/wp-content\/uploads\/2021\/01\/France-Alumni-1-300x169.jpg 300w, https:\/\/www.ifi-id.com\/wp-content\/uploads\/2021\/01\/France-Alumni-1-768x432.jpg 768w, https:\/\/www.ifi-id.com\/wp-content\/uploads\/2021\/01\/France-Alumni-1.jpg 1280w\" sizes=\"100vw\" \/>\t\t\t\t\t\t\t\t\t\t\t\t\t<\/div>\n\t\t\t\t<\/div>\n\t\t\t\t\t<\/div>\n\t\t<\/div>\n\t\t\t\t\t<\/div>\n\t\t<\/section>\n\t\t\t\t<section class=\"elementor-section elementor-top-section elementor-element elementor-element-12af9037 elementor-section-boxed elementor-section-height-default elementor-section-height-default\" data-id=\"12af9037\" data-element_type=\"section\">\n\t\t\t\t\t\t<div class=\"elementor-container elementor-column-gap-default\">\n\t\t\t\t\t<div class=\"elementor-column elementor-col-100 elementor-top-column elementor-element elementor-element-629b38fd\" data-id=\"629b38fd\" data-element_type=\"column\">\n\t\t\t<div class=\"elementor-widget-wrap elementor-element-populated\">\n\t\t\t\t\t\t<div class=\"elementor-element elementor-element-1064e6f elementor-widget elementor-widget-text-editor\" data-id=\"1064e6f\" data-element_type=\"widget\" data-widget_type=\"text-editor.default\">\n\t\t\t\t<div class=\"elementor-widget-container\">\n\t\t\t\t\t\t\t<p>Fin 2014, le Minist\u00e8re de l\u2019Europe et des Affaires \u00c9trang\u00e8res, en collaboration avec Campus France et les Ambassades de France dans le monde, a lanc\u00e9 officiellement une plateforme en ligne consacr\u00e9e aux anciens \u00e9tudiants ayant effectu\u00e9 leurs \u00e9tudes en France, appel\u00e9e \u00ab France Alumni \u00bb. La version indon\u00e9sienne a \u00e9t\u00e9 lanc\u00e9e en mai 2016.<\/p>\n<p>La communaut\u00e9 France Alumni Indon\u00e9sie regroupe et r\u00e9unit tous les anciens \u00e9tudiants indon\u00e9siens ayant effectu\u00e9 leurs \u00e9tudes en France. Par le biais de la plateforme en ligne France Alumni, ils peuvent rester en contact, et maintenir le lien avec la France gr\u00e2ce aux activit\u00e9s organis\u00e9es et les services propos\u00e9s. L\u2019inscription et l\u2019acc\u00e8s au site sont gratuits.<\/p>\n<p>Apr\u00e8s vos \u00e9tudes en France, rejoignez le r\u00e9seau France Alumni Indon\u00e9sie et profitez des avantages suivants\u00a0:<\/p>\n<p><strong>1. Participation \u00e0 des \u00e9v\u00e9nements<\/strong><br \/>\nNe manquez pas nos \u00e9v\u00e9nements exclusifs\u00a0! Connectez-vous \u00e0 la plateforme France Alumni Indon\u00e9sie et consultez notre agenda regroupant les \u00e9v\u00e9nements li\u00e9s \u00e0 la France : \u00e9v\u00e9nements et activit\u00e9s diverses organis\u00e9s par l\u2019Ambassade de France, l\u2019Institut Fran\u00e7ais d\u2019Indon\u00e9sie, Campus France ou en France Alumni (concerts, conf\u00e9rences, webinaires, etc.)<\/p>\n<p><strong>2. Offres d\u2019emploi<\/strong><br \/>\nConsultez les nombreuses offres d\u2019emploi r\u00e9pertori\u00e9es sur la plateforme France Alumni, la premi\u00e8re source d\u2019information r\u00e9serv\u00e9e aux alumni. Trouvez un emploi en Indon\u00e9sie, ou partout ailleurs dans le monde. Profitez de supports promotionnels r\u00e9serv\u00e9s aux alumni ayant cr\u00e9\u00e9 leur propre entreprise.<\/p>\n<p><strong>3. Forum de discussion et r\u00e9seau professionnel<\/strong><br \/>\n\u00c9changez des id\u00e9es et partagez des informations et vos exp\u00e9riences avec les alumni du monde entier, \u00e0 travers les groupes de discussion de la plateforme France Alumni. Construisez et d\u00e9veloppez un r\u00e9seau professionnel francophone et ouvert sur le monde.<\/p>\n<p><strong>4. Promotion de vos travaux<\/strong><br \/>\nFaites la promotion de vos travaux acad\u00e9miques et professionnels sur la plateforme France Alumni Indon\u00e9sie. Augmentez la visibilit\u00e9 de vos cr\u00e9ations (films, vid\u00e9os, articles, etc.).<\/p>\n<p><strong>5. R\u00e9duction<\/strong><br \/>\nProfitez de r\u00e9duction dans divers domaines gr\u00e2ce \u00e0 nos partenariats exclusifs d\u00e9di\u00e9s \u00e0 notre r\u00e9seau alumni.<\/p>\n\t\t\t\t\t\t<\/div>\n\t\t\t\t<\/div>\n\t\t\t\t\t<\/div>\n\t\t<\/div>\n\t\t\t\t\t<\/div>\n\t\t<\/section>\n\t\t\t\t<\/div>\n\t\t","protected":false},"excerpt":{"rendered":"<p>France Alumni Fin 2014, le Minist\u00e8re de l\u2019Europe et des Affaires \u00c9trang\u00e8res, en collaboration avec Campus France et les Ambassades de France dans le monde, a lanc\u00e9 officiellement une plateforme en ligne consacr\u00e9e aux anciens \u00e9tudiants ayant effectu\u00e9 leurs \u00e9tudes en France, appel\u00e9e \u00ab France Alumni \u00bb. La version indon\u00e9sienne a \u00e9t\u00e9 lanc\u00e9e en mai &hellip; <\/p>\n<p class=\"link-more\"><a href=\"https:\/\/www.ifi-id.com\/fr\/alumni\/\" class=\"more-link\">Continuer la lecture<span class=\"screen-reader-text\"> de &laquo;&nbsp;Alumni&nbsp;&raquo;<\/span><\/a><\/p>\n","protected":false},"author":1,"featured_media":0,"parent":0,"menu_order":0,"comment_status":"closed","ping_status":"closed","template":"elementor_header_footer","meta":{"footnotes":""},"class_list":["post-5595","page","type-page","status-publish","hentry"],"yoast_head":"<!-- This site is optimized with the Yoast SEO plugin v23.5 - https:\/\/yoast.com\/wordpress\/plugins\/seo\/ -->\n<title>Alumni - Institut fran\u00e7ais Indon\u00e9sie<\/title>\n<meta name=\"robots\" content=\"index, follow, max-snippet:-1, max-image-preview:large, max-video-preview:-1\" \/>\n<link rel=\"canonical\" href=\"https:\/\/www.ifi-id.com\/alumni\/\" \/>\n<meta property=\"og:locale\" content=\"fr_FR\" \/>\n<meta property=\"og:type\" content=\"article\" \/>\n<meta property=\"og:title\" content=\"Alumni - Institut fran\u00e7ais Indon\u00e9sie\" \/>\n<meta property=\"og:description\" content=\"France Alumni Fin 2014, le Minist\u00e8re de l\u2019Europe et des Affaires \u00c9trang\u00e8res, en collaboration avec Campus France et les Ambassades de France dans le monde, a lanc\u00e9 officiellement une plateforme en ligne consacr\u00e9e aux anciens \u00e9tudiants ayant effectu\u00e9 leurs \u00e9tudes en France, appel\u00e9e \u00ab France Alumni \u00bb. La version indon\u00e9sienne a \u00e9t\u00e9 lanc\u00e9e en mai &hellip; Continuer la lecture de &laquo;&nbsp;Alumni&nbsp;&raquo;\" \/>\n<meta property=\"og:url\" content=\"https:\/\/www.ifi-id.com\/alumni\/\" \/>\n<meta property=\"og:site_name\" content=\"Institut fran\u00e7ais Indon\u00e9sie\" \/>\n<meta property=\"article:modified_time\" content=\"2023-03-01T11:43:28+00:00\" \/>\n<meta property=\"og:image\" content=\"https:\/\/www.ifi-id.com\/wp-content\/uploads\/2021\/01\/France-Alumni-1-1024x576.jpg\" \/>\n<meta name=\"twitter:card\" content=\"summary_large_image\" \/>\n<meta name=\"twitter:label1\" content=\"Dur\u00e9e de lecture estim\u00e9e\" \/>\n\t<meta name=\"twitter:data1\" content=\"2 minutes\" \/>\n<script type=\"application\/ld+json\" class=\"yoast-schema-graph\">{\"@context\":\"https:\/\/schema.org\",\"@graph\":[{\"@type\":\"WebPage\",\"@id\":\"https:\/\/www.ifi-id.com\/alumni\/\",\"url\":\"https:\/\/www.ifi-id.com\/alumni\/\",\"name\":\"Alumni - Institut fran\u00e7ais Indon\u00e9sie\",\"isPartOf\":{\"@id\":\"https:\/\/www.ifi-id.com\/#website\"},\"primaryImageOfPage\":{\"@id\":\"https:\/\/www.ifi-id.com\/alumni\/#primaryimage\"},\"image\":{\"@id\":\"https:\/\/www.ifi-id.com\/alumni\/#primaryimage\"},\"thumbnailUrl\":\"https:\/\/www.ifi-id.com\/wp-content\/uploads\/2021\/01\/France-Alumni-1-1024x576.jpg\",\"datePublished\":\"2021-01-14T03:52:13+00:00\",\"dateModified\":\"2023-03-01T11:43:28+00:00\",\"breadcrumb\":{\"@id\":\"https:\/\/www.ifi-id.com\/alumni\/#breadcrumb\"},\"inLanguage\":\"fr-FR\",\"potentialAction\":[{\"@type\":\"ReadAction\",\"target\":[\"https:\/\/www.ifi-id.com\/alumni\/\"]}]},{\"@type\":\"ImageObject\",\"inLanguage\":\"fr-FR\",\"@id\":\"https:\/\/www.ifi-id.com\/alumni\/#primaryimage\",\"url\":\"https:\/\/www.ifi-id.com\/wp-content\/uploads\/2021\/01\/France-Alumni-1-1024x576.jpg\",\"contentUrl\":\"https:\/\/www.ifi-id.com\/wp-content\/uploads\/2021\/01\/France-Alumni-1-1024x576.jpg\"},{\"@type\":\"BreadcrumbList\",\"@id\":\"https:\/\/www.ifi-id.com\/alumni\/#breadcrumb\",\"itemListElement\":[{\"@type\":\"ListItem\",\"position\":1,\"name\":\"Home\",\"item\":\"https:\/\/www.ifi-id.com\/\"},{\"@type\":\"ListItem\",\"position\":2,\"name\":\"Alumni\"}]},{\"@type\":\"WebSite\",\"@id\":\"https:\/\/www.ifi-id.com\/#website\",\"url\":\"https:\/\/www.ifi-id.com\/\",\"name\":\"Institut fran\u00e7ais Indon\u00e9sie\",\"description\":\"\",\"publisher\":{\"@id\":\"https:\/\/www.ifi-id.com\/#organization\"},\"potentialAction\":[{\"@type\":\"SearchAction\",\"target\":{\"@type\":\"EntryPoint\",\"urlTemplate\":\"https:\/\/www.ifi-id.com\/?s={search_term_string}\"},\"query-input\":{\"@type\":\"PropertyValueSpecification\",\"valueRequired\":true,\"valueName\":\"search_term_string\"}}],\"inLanguage\":\"fr-FR\"},{\"@type\":\"Organization\",\"@id\":\"https:\/\/www.ifi-id.com\/#organization\",\"name\":\"Institut fran\u00e7ais Indon\u00e9sie\",\"url\":\"https:\/\/www.ifi-id.com\/\",\"logo\":{\"@type\":\"ImageObject\",\"inLanguage\":\"fr-FR\",\"@id\":\"https:\/\/www.ifi-id.com\/#\/schema\/logo\/image\/\",\"url\":\"https:\/\/www.ifi-id.com\/wp-content\/uploads\/2022\/12\/IFI_New_Logo.jpg\",\"contentUrl\":\"https:\/\/www.ifi-id.com\/wp-content\/uploads\/2022\/12\/IFI_New_Logo.jpg\",\"width\":666,\"height\":444,\"caption\":\"Institut fran\u00e7ais Indon\u00e9sie\"},\"image\":{\"@id\":\"https:\/\/www.ifi-id.com\/#\/schema\/logo\/image\/\"}}]}<\/script>\n<!-- \/ Yoast SEO plugin. -->","yoast_head_json":{"title":"Alumni - Institut fran\u00e7ais Indon\u00e9sie","robots":{"index":"index","follow":"follow","max-snippet":"max-snippet:-1","max-image-preview":"max-image-preview:large","max-video-preview":"max-video-preview:-1"},"canonical":"https:\/\/www.ifi-id.com\/alumni\/","og_locale":"fr_FR","og_type":"article","og_title":"Alumni - Institut fran\u00e7ais Indon\u00e9sie","og_description":"France Alumni Fin 2014, le Minist\u00e8re de l\u2019Europe et des Affaires \u00c9trang\u00e8res, en collaboration avec Campus France et les Ambassades de France dans le monde, a lanc\u00e9 officiellement une plateforme en ligne consacr\u00e9e aux anciens \u00e9tudiants ayant effectu\u00e9 leurs \u00e9tudes en France, appel\u00e9e \u00ab France Alumni \u00bb. La version indon\u00e9sienne a \u00e9t\u00e9 lanc\u00e9e en mai &hellip; Continuer la lecture de &laquo;&nbsp;Alumni&nbsp;&raquo;","og_url":"https:\/\/www.ifi-id.com\/alumni\/","og_site_name":"Institut fran\u00e7ais Indon\u00e9sie","article_modified_time":"2023-03-01T11:43:28+00:00","og_image":[{"url":"https:\/\/www.ifi-id.com\/wp-content\/uploads\/2021\/01\/France-Alumni-1-1024x576.jpg"}],"twitter_card":"summary_large_image","twitter_misc":{"Dur\u00e9e de lecture estim\u00e9e":"2 minutes"},"schema":{"@context":"https:\/\/schema.org","@graph":[{"@type":"WebPage","@id":"https:\/\/www.ifi-id.com\/alumni\/","url":"https:\/\/www.ifi-id.com\/alumni\/","name":"Alumni - Institut fran\u00e7ais Indon\u00e9sie","isPartOf":{"@id":"https:\/\/www.ifi-id.com\/#website"},"primaryImageOfPage":{"@id":"https:\/\/www.ifi-id.com\/alumni\/#primaryimage"},"image":{"@id":"https:\/\/www.ifi-id.com\/alumni\/#primaryimage"},"thumbnailUrl":"https:\/\/www.ifi-id.com\/wp-content\/uploads\/2021\/01\/France-Alumni-1-1024x576.jpg","datePublished":"2021-01-14T03:52:13+00:00","dateModified":"2023-03-01T11:43:28+00:00","breadcrumb":{"@id":"https:\/\/www.ifi-id.com\/alumni\/#breadcrumb"},"inLanguage":"fr-FR","potentialAction":[{"@type":"ReadAction","target":["https:\/\/www.ifi-id.com\/alumni\/"]}]},{"@type":"ImageObject","inLanguage":"fr-FR","@id":"https:\/\/www.ifi-id.com\/alumni\/#primaryimage","url":"https:\/\/www.ifi-id.com\/wp-content\/uploads\/2021\/01\/France-Alumni-1-1024x576.jpg","contentUrl":"https:\/\/www.ifi-id.com\/wp-content\/uploads\/2021\/01\/France-Alumni-1-1024x576.jpg"},{"@type":"BreadcrumbList","@id":"https:\/\/www.ifi-id.com\/alumni\/#breadcrumb","itemListElement":[{"@type":"ListItem","position":1,"name":"Home","item":"https:\/\/www.ifi-id.com\/"},{"@type":"ListItem","position":2,"name":"Alumni"}]},{"@type":"WebSite","@id":"https:\/\/www.ifi-id.com\/#website","url":"https:\/\/www.ifi-id.com\/","name":"Institut fran\u00e7ais Indon\u00e9sie","description":"","publisher":{"@id":"https:\/\/www.ifi-id.com\/#organization"},"potentialAction":[{"@type":"SearchAction","target":{"@type":"EntryPoint","urlTemplate":"https:\/\/www.ifi-id.com\/?s={search_term_string}"},"query-input":{"@type":"PropertyValueSpecification","valueRequired":true,"valueName":"search_term_string"}}],"inLanguage":"fr-FR"},{"@type":"Organization","@id":"https:\/\/www.ifi-id.com\/#organization","name":"Institut fran\u00e7ais Indon\u00e9sie","url":"https:\/\/www.ifi-id.com\/","logo":{"@type":"ImageObject","inLanguage":"fr-FR","@id":"https:\/\/www.ifi-id.com\/#\/schema\/logo\/image\/","url":"https:\/\/www.ifi-id.com\/wp-content\/uploads\/2022\/12\/IFI_New_Logo.jpg","contentUrl":"https:\/\/www.ifi-id.com\/wp-content\/uploads\/2022\/12\/IFI_New_Logo.jpg","width":666,"height":444,"caption":"Institut fran\u00e7ais Indon\u00e9sie"},"image":{"@id":"https:\/\/www.ifi-id.com\/#\/schema\/logo\/image\/"}}]}},"post_mailing_queue_ids":[],"_links":{"self":[{"href":"https:\/\/www.ifi-id.com\/fr\/wp-json\/wp\/v2\/pages\/5595"}],"collection":[{"href":"https:\/\/www.ifi-id.com\/fr\/wp-json\/wp\/v2\/pages"}],"about":[{"href":"https:\/\/www.ifi-id.com\/fr\/wp-json\/wp\/v2\/types\/page"}],"author":[{"embeddable":true,"href":"https:\/\/www.ifi-id.com\/fr\/wp-json\/wp\/v2\/users\/1"}],"replies":[{"embeddable":true,"href":"https:\/\/www.ifi-id.com\/fr\/wp-json\/wp\/v2\/comments?post=5595"}],"version-history":[{"count":12,"href":"https:\/\/www.ifi-id.com\/fr\/wp-json\/wp\/v2\/pages\/5595\/revisions"}],"predecessor-version":[{"id":33763,"href":"https:\/\/www.ifi-id.com\/fr\/wp-json\/wp\/v2\/pages\/5595\/revisions\/33763"}],"wp:attachment":[{"href":"https:\/\/www.ifi-id.com\/fr\/wp-json\/wp\/v2\/media?parent=5595"}],"curies":[{"name":"wp","href":"https:\/\/api.w.org\/{rel}","templated":true}]}}