{"id":55740,"date":"2025-06-16T18:40:56","date_gmt":"2025-06-16T11:40:56","guid":{"rendered":"https:\/\/www.ifi-id.com\/carte-membre-ifi\/nomu-cafe-and-bistro\/"},"modified":"2025-06-16T18:40:57","modified_gmt":"2025-06-16T11:40:57","slug":"nomu-cafe-and-bistro","status":"publish","type":"page","link":"https:\/\/www.ifi-id.com\/fr\/carte-membre-ifi\/nomu-cafe-and-bistro\/","title":{"rendered":"Nomu Cafe and Bistro"},"content":{"rendered":"\t\t<div data-elementor-type=\"wp-page\" data-elementor-id=\"55740\" class=\"elementor elementor-55740 elementor-55722\" data-elementor-post-type=\"page\">\n\t\t\t\t\t\t<section class=\"elementor-section elementor-top-section elementor-element elementor-element-4f81a2b9 elementor-section-boxed elementor-section-height-default elementor-section-height-default\" data-id=\"4f81a2b9\" data-element_type=\"section\">\n\t\t\t\t\t\t<div class=\"elementor-container elementor-column-gap-default\">\n\t\t\t\t\t<div class=\"elementor-column elementor-col-100 elementor-top-column elementor-element elementor-element-5648abfd\" data-id=\"5648abfd\" data-element_type=\"column\">\n\t\t\t<div class=\"elementor-widget-wrap elementor-element-populated\">\n\t\t\t\t\t\t<div class=\"elementor-element elementor-element-5bac7dfe elementor-hidden-mobile elementor-widget elementor-widget-heading\" data-id=\"5bac7dfe\" data-element_type=\"widget\" data-widget_type=\"heading.default\">\n\t\t\t\t<div class=\"elementor-widget-container\">\n\t\t\t<h2 class=\"elementor-heading-title elementor-size-default\">Nomu Cafe and Bistro<\/h2>\t\t<\/div>\n\t\t\t\t<\/div>\n\t\t\t\t\t<\/div>\n\t\t<\/div>\n\t\t\t\t\t<\/div>\n\t\t<\/section>\n\t\t\t\t<section class=\"elementor-section elementor-top-section elementor-element elementor-element-400355a3 elementor-section-boxed elementor-section-height-default elementor-section-height-default\" data-id=\"400355a3\" data-element_type=\"section\">\n\t\t\t\t\t\t<div class=\"elementor-container elementor-column-gap-default\">\n\t\t\t\t\t<div class=\"elementor-column elementor-col-100 elementor-top-column elementor-element elementor-element-109fd8f3\" data-id=\"109fd8f3\" data-element_type=\"column\">\n\t\t\t<div class=\"elementor-widget-wrap elementor-element-populated\">\n\t\t\t\t\t\t<div class=\"elementor-element elementor-element-15f3dcaf elementor-hidden-desktop elementor-hidden-tablet elementor-widget elementor-widget-heading\" data-id=\"15f3dcaf\" data-element_type=\"widget\" data-widget_type=\"heading.default\">\n\t\t\t\t<div class=\"elementor-widget-container\">\n\t\t\t<h1 class=\"elementor-heading-title elementor-size-default\">Nomu Cafe and Bistro<\/h1>\t\t<\/div>\n\t\t\t\t<\/div>\n\t\t\t\t\t<\/div>\n\t\t<\/div>\n\t\t\t\t\t<\/div>\n\t\t<\/section>\n\t\t\t\t<section class=\"elementor-section elementor-top-section elementor-element elementor-element-6c14f752 elementor-section-boxed elementor-section-height-default elementor-section-height-default\" data-id=\"6c14f752\" data-element_type=\"section\">\n\t\t\t\t\t\t<div class=\"elementor-container elementor-column-gap-default\">\n\t\t\t\t\t<div class=\"elementor-column elementor-col-100 elementor-top-column elementor-element elementor-element-4423a411\" data-id=\"4423a411\" data-element_type=\"column\">\n\t\t\t<div class=\"elementor-widget-wrap elementor-element-populated\">\n\t\t\t\t\t\t<div class=\"elementor-element elementor-element-70106dff elementor-arrows-position-inside elementor-pagination-position-outside elementor-widget elementor-widget-image-carousel\" data-id=\"70106dff\" data-element_type=\"widget\" data-settings=\"{&quot;slides_to_show&quot;:&quot;1&quot;,&quot;navigation&quot;:&quot;both&quot;,&quot;autoplay&quot;:&quot;yes&quot;,&quot;pause_on_hover&quot;:&quot;yes&quot;,&quot;pause_on_interaction&quot;:&quot;yes&quot;,&quot;autoplay_speed&quot;:5000,&quot;infinite&quot;:&quot;yes&quot;,&quot;effect&quot;:&quot;slide&quot;,&quot;speed&quot;:500}\" data-widget_type=\"image-carousel.default\">\n\t\t\t\t<div class=\"elementor-widget-container\">\n\t\t\t\t\t<div class=\"elementor-image-carousel-wrapper swiper\" dir=\"ltr\">\n\t\t\t<div class=\"elementor-image-carousel swiper-wrapper\" aria-live=\"off\">\n\t\t\t\t\t\t\t\t<div class=\"swiper-slide\" role=\"group\" aria-roledescription=\"slide\" aria-label=\"1 sur 6\"><figure class=\"swiper-slide-inner\"><img decoding=\"async\" class=\"swiper-slide-image\" src=\"https:\/\/www.ifi-id.com\/wp-content\/uploads\/2025\/06\/Nomu_0002_Foto-Nomu-3.jpg\" alt=\"Nomu_0002_Foto Nomu 3\" \/><\/figure><\/div><div class=\"swiper-slide\" role=\"group\" aria-roledescription=\"slide\" aria-label=\"2 sur 6\"><figure class=\"swiper-slide-inner\"><img decoding=\"async\" class=\"swiper-slide-image\" src=\"https:\/\/www.ifi-id.com\/wp-content\/uploads\/2025\/06\/Nomu_0003_Foto-Nomu-2.jpg\" alt=\"Nomu_0003_Foto Nomu 2\" \/><\/figure><\/div><div class=\"swiper-slide\" role=\"group\" aria-roledescription=\"slide\" aria-label=\"3 sur 6\"><figure class=\"swiper-slide-inner\"><img decoding=\"async\" class=\"swiper-slide-image\" src=\"https:\/\/www.ifi-id.com\/wp-content\/uploads\/2025\/06\/Nomu_0001_Foto-Nomu-4.jpg\" alt=\"Nomu_0001_Foto Nomu 4\" \/><\/figure><\/div><div class=\"swiper-slide\" role=\"group\" aria-roledescription=\"slide\" aria-label=\"4 sur 6\"><figure class=\"swiper-slide-inner\"><img decoding=\"async\" class=\"swiper-slide-image\" src=\"https:\/\/www.ifi-id.com\/wp-content\/uploads\/2025\/06\/Nomu_0004_Foto-Nomu-1.jpg\" alt=\"Nomu_0004_Foto Nomu 1\" \/><\/figure><\/div><div class=\"swiper-slide\" role=\"group\" aria-roledescription=\"slide\" aria-label=\"5 sur 6\"><figure class=\"swiper-slide-inner\"><img decoding=\"async\" class=\"swiper-slide-image\" src=\"https:\/\/www.ifi-id.com\/wp-content\/uploads\/2025\/06\/Nomu_0000_Foto-Nomu-5.jpg\" alt=\"Nomu_0000_Foto Nomu 5\" \/><\/figure><\/div><div class=\"swiper-slide\" role=\"group\" aria-roledescription=\"slide\" aria-label=\"6 sur 6\"><figure class=\"swiper-slide-inner\"><img decoding=\"async\" class=\"swiper-slide-image\" src=\"https:\/\/www.ifi-id.com\/wp-content\/uploads\/2025\/06\/Nomu_0002_Foto-Nomu-3.jpg\" alt=\"Nomu_0002_Foto Nomu 3\" \/><\/figure><\/div>\t\t\t<\/div>\n\t\t\t\t\t\t\t\t\t\t\t\t<div class=\"elementor-swiper-button elementor-swiper-button-prev\" role=\"button\" tabindex=\"0\">\n\t\t\t\t\t\t<i aria-hidden=\"true\" class=\"eicon-chevron-left\"><\/i>\t\t\t\t\t<\/div>\n\t\t\t\t\t<div class=\"elementor-swiper-button elementor-swiper-button-next\" role=\"button\" tabindex=\"0\">\n\t\t\t\t\t\t<i aria-hidden=\"true\" class=\"eicon-chevron-right\"><\/i>\t\t\t\t\t<\/div>\n\t\t\t\t\n\t\t\t\t\t\t\t\t\t<div class=\"swiper-pagination\"><\/div>\n\t\t\t\t\t\t\t\t\t<\/div>\n\t\t\t\t<\/div>\n\t\t\t\t<\/div>\n\t\t\t\t\t<\/div>\n\t\t<\/div>\n\t\t\t\t\t<\/div>\n\t\t<\/section>\n\t\t\t\t<section class=\"elementor-section elementor-top-section elementor-element elementor-element-1cc0244c elementor-section-boxed elementor-section-height-default elementor-section-height-default\" data-id=\"1cc0244c\" data-element_type=\"section\">\n\t\t\t\t\t\t<div class=\"elementor-container elementor-column-gap-default\">\n\t\t\t\t\t<div class=\"elementor-column elementor-col-100 elementor-top-column elementor-element elementor-element-de26679\" data-id=\"de26679\" data-element_type=\"column\">\n\t\t\t<div class=\"elementor-widget-wrap elementor-element-populated\">\n\t\t\t\t\t\t<div class=\"elementor-element elementor-element-14bbfc3f elementor-widget elementor-widget-text-editor\" data-id=\"14bbfc3f\" data-element_type=\"widget\" data-widget_type=\"text-editor.default\">\n\t\t\t\t<div class=\"elementor-widget-container\">\n\t\t\t\t\t\t\t<p>Fond\u00e9 en avril 2022, NOMU est n\u00e9 de l\u2019id\u00e9e qu\u2019il est essentiel d\u2019offrir une exp\u00e9rience culinaire confortable et d\u00e9contract\u00e9e.<\/p>\n<p>En collaboration avec LYKE PROJECT, nous avons pour objectif de proposer des plats, des produits de boulangerie et des desserts cr\u00e9atifs, \u00e9quilibr\u00e9s et r\u00e9confortants, inspir\u00e9s de la cuisine japonaise \u2014 une combinaison que nous croyons encore introuvable dans les autres restaurants locaux.<\/p>\n<p>Notre espace est con\u00e7u pour offrir \u00e0 nos clients la chaleur d\u2019un repas partag\u00e9 entre amis proches ou en famille, dans un cadre moderne et \u00e9pur\u00e9, agr\u00e9ment\u00e9 de meubles color\u00e9s symbolisant notre cr\u00e9ativit\u00e9 ainsi que la diversit\u00e9 de notre communaut\u00e9.<\/p>\n<p>Nos produits sont un m\u00e9lange de cuisine japonaise et occidentale : plats, boissons et desserts. Nous utilisons uniquement des ingr\u00e9dients de la meilleure qualit\u00e9, 100 % naturels, sans conservateurs, additifs chimiques ni glutamate (MSG).<br \/>\nParmi les plats que nous proposons, vous trouverez notamment : cabillaud japonais accompagn\u00e9 d\u2019une salsa verde au matcha, Ichigo Prosciutto Ricotta, tarte au matcha et \u00e0 la fraise, p\u00e2tes au beurre shoyu et mentaiko, crabe \u00e0 carapace molle avec salsa \u00e0 la mangue, ou encore ramen au canard s\u00e9ch\u00e9 \u2014 tous pr\u00e9par\u00e9s avec une attention particuli\u00e8re \u00e0 la qualit\u00e9 et au go\u00fbt.<\/p>\n<p>Nous fabriquons nous-m\u00eames nos p\u00e2tes, qu\u2019il s\u2019agisse de p\u00e2tes classiques, de p\u00e2tes v\u00e9ganes, de nouilles ramen ou de p\u00e2tes sp\u00e9ciales comme celles au matcha ou \u00e0 l\u2019encre de seiche. Nous pr\u00e9parons \u00e9galement notre propre pain, tel que ciabatta, focaccia, brioche, shokupan, ainsi que notre best-seller : le pain sal\u00e9 japonais.<\/p>\n<p><strong>B\u00e9n\u00e9ficiez d&rsquo;une r\u00e9duction de 10 % pour un achat minimum de 150 000 IDR et maximum de 1 500 000 IDR* sp\u00e9cialement pour les membres de l\u2019IFI !<br \/>\n<\/strong>*Prix hors taxes. Remise non cumulable avec d&rsquo;autres promotions.<\/p>\n\t\t\t\t\t\t<\/div>\n\t\t\t\t<\/div>\n\t\t\t\t\t<\/div>\n\t\t<\/div>\n\t\t\t\t\t<\/div>\n\t\t<\/section>\n\t\t\t\t<section class=\"elementor-section elementor-top-section elementor-element elementor-element-b95eb2d elementor-section-boxed elementor-section-height-default elementor-section-height-default\" data-id=\"b95eb2d\" data-element_type=\"section\">\n\t\t\t\t\t\t<div class=\"elementor-container elementor-column-gap-default\">\n\t\t\t\t\t<div class=\"elementor-column elementor-col-100 elementor-top-column elementor-element elementor-element-4d939399\" data-id=\"4d939399\" data-element_type=\"column\">\n\t\t\t<div class=\"elementor-widget-wrap elementor-element-populated\">\n\t\t\t\t\t\t<div class=\"elementor-element elementor-element-2829c9a3 elementor-widget elementor-widget-heading\" data-id=\"2829c9a3\" data-element_type=\"widget\" data-widget_type=\"heading.default\">\n\t\t\t\t<div class=\"elementor-widget-container\">\n\t\t\t<h2 class=\"elementor-heading-title elementor-size-default\">Adresse<\/h2>\t\t<\/div>\n\t\t\t\t<\/div>\n\t\t\t\t\t<\/div>\n\t\t<\/div>\n\t\t\t\t\t<\/div>\n\t\t<\/section>\n\t\t\t\t<section class=\"elementor-section elementor-top-section elementor-element elementor-element-2dc280c1 elementor-section-boxed elementor-section-height-default elementor-section-height-default\" data-id=\"2dc280c1\" data-element_type=\"section\">\n\t\t\t\t\t\t<div class=\"elementor-container elementor-column-gap-default\">\n\t\t\t\t\t<div class=\"elementor-column elementor-col-100 elementor-top-column elementor-element elementor-element-28c8de36\" data-id=\"28c8de36\" data-element_type=\"column\">\n\t\t\t<div class=\"elementor-widget-wrap elementor-element-populated\">\n\t\t\t\t\t\t<div class=\"elementor-element elementor-element-5cedcf0 elementor-widget elementor-widget-html\" data-id=\"5cedcf0\" data-element_type=\"widget\" data-widget_type=\"html.default\">\n\t\t\t\t<div class=\"elementor-widget-container\">\n\t\t\t<iframe src=\"https:\/\/www.google.com\/maps\/embed?pb=!1m18!1m12!1m3!1d3957.548789729365!2d112.67410807499995!3d-7.292065192715419!2m3!1f0!2f0!3f0!3m2!1i1024!2i768!4f13.1!3m3!1m2!1s0x2dd7fd78c9f8d83b%3A0x37e1a774fb9eb62d!2sNOMU%20Cafe%20and%20Bistro!5e0!3m2!1sen!2sid!4v1750073721046!5m2!1sen!2sid\" width=\"400\" height=\"300\" style=\"border:0;\" allowfullscreen=\"\" loading=\"lazy\" referrerpolicy=\"no-referrer-when-downgrade\"><\/iframe>\t\t<\/div>\n\t\t\t\t<\/div>\n\t\t\t\t\t<\/div>\n\t\t<\/div>\n\t\t\t\t\t<\/div>\n\t\t<\/section>\n\t\t\t\t<\/div>\n\t\t","protected":false},"excerpt":{"rendered":"<p>Nomu Cafe and Bistro Nomu Cafe and Bistro Fond\u00e9 en avril 2022, NOMU est n\u00e9 de l\u2019id\u00e9e qu\u2019il est essentiel d\u2019offrir une exp\u00e9rience culinaire confortable et d\u00e9contract\u00e9e. En collaboration avec LYKE PROJECT, nous avons pour objectif de proposer des plats, des produits de boulangerie et des desserts cr\u00e9atifs, \u00e9quilibr\u00e9s et r\u00e9confortants, inspir\u00e9s de la cuisine &hellip; <\/p>\n<p class=\"link-more\"><a href=\"https:\/\/www.ifi-id.com\/fr\/carte-membre-ifi\/nomu-cafe-and-bistro\/\" class=\"more-link\">Continuer la lecture<span class=\"screen-reader-text\"> de &laquo;&nbsp;Nomu Cafe and Bistro&nbsp;&raquo;<\/span><\/a><\/p>\n","protected":false},"author":8,"featured_media":55724,"parent":52305,"menu_order":0,"comment_status":"closed","ping_status":"closed","template":"elementor_header_footer","meta":{"footnotes":""},"class_list":["post-55740","page","type-page","status-publish","has-post-thumbnail","hentry"],"yoast_head":"<!-- This site is optimized with the Yoast SEO plugin v23.5 - https:\/\/yoast.com\/wordpress\/plugins\/seo\/ -->\n<title>Nomu Cafe and Bistro - Institut fran\u00e7ais Indon\u00e9sie<\/title>\n<meta name=\"robots\" content=\"index, follow, max-snippet:-1, max-image-preview:large, max-video-preview:-1\" \/>\n<link rel=\"canonical\" href=\"https:\/\/www.ifi-id.com\/kartu-keanggotaan-ifi\/nomu-cafe-and-bistro\/\" \/>\n<meta property=\"og:locale\" content=\"fr_FR\" \/>\n<meta property=\"og:type\" content=\"article\" \/>\n<meta property=\"og:title\" content=\"Nomu Cafe and Bistro - Institut fran\u00e7ais Indon\u00e9sie\" \/>\n<meta property=\"og:description\" content=\"Nomu Cafe and Bistro Nomu Cafe and Bistro Fond\u00e9 en avril 2022, NOMU est n\u00e9 de l\u2019id\u00e9e qu\u2019il est essentiel d\u2019offrir une exp\u00e9rience culinaire confortable et d\u00e9contract\u00e9e. En collaboration avec LYKE PROJECT, nous avons pour objectif de proposer des plats, des produits de boulangerie et des desserts cr\u00e9atifs, \u00e9quilibr\u00e9s et r\u00e9confortants, inspir\u00e9s de la cuisine &hellip; Continuer la lecture de &laquo;&nbsp;Nomu Cafe and Bistro&nbsp;&raquo;\" \/>\n<meta property=\"og:url\" content=\"https:\/\/www.ifi-id.com\/kartu-keanggotaan-ifi\/nomu-cafe-and-bistro\/\" \/>\n<meta property=\"og:site_name\" content=\"Institut fran\u00e7ais Indon\u00e9sie\" \/>\n<meta property=\"article:modified_time\" content=\"2025-06-16T11:40:57+00:00\" \/>\n<meta property=\"og:image\" content=\"https:\/\/www.ifi-id.com\/wp-content\/uploads\/2025\/06\/Nomu_0005_logo-nomu.jpg\" \/>\n\t<meta property=\"og:image:width\" content=\"1280\" \/>\n\t<meta property=\"og:image:height\" content=\"720\" \/>\n\t<meta property=\"og:image:type\" content=\"image\/jpeg\" \/>\n<meta name=\"twitter:card\" content=\"summary_large_image\" \/>\n<meta name=\"twitter:label1\" content=\"Dur\u00e9e de lecture estim\u00e9e\" \/>\n\t<meta name=\"twitter:data1\" content=\"2 minutes\" \/>\n<script type=\"application\/ld+json\" class=\"yoast-schema-graph\">{\"@context\":\"https:\/\/schema.org\",\"@graph\":[{\"@type\":\"WebPage\",\"@id\":\"https:\/\/www.ifi-id.com\/kartu-keanggotaan-ifi\/nomu-cafe-and-bistro\/\",\"url\":\"https:\/\/www.ifi-id.com\/kartu-keanggotaan-ifi\/nomu-cafe-and-bistro\/\",\"name\":\"Nomu Cafe and Bistro - Institut fran\u00e7ais Indon\u00e9sie\",\"isPartOf\":{\"@id\":\"https:\/\/www.ifi-id.com\/#website\"},\"primaryImageOfPage\":{\"@id\":\"https:\/\/www.ifi-id.com\/kartu-keanggotaan-ifi\/nomu-cafe-and-bistro\/#primaryimage\"},\"image\":{\"@id\":\"https:\/\/www.ifi-id.com\/kartu-keanggotaan-ifi\/nomu-cafe-and-bistro\/#primaryimage\"},\"thumbnailUrl\":\"https:\/\/www.ifi-id.com\/wp-content\/uploads\/2025\/06\/Nomu_0005_logo-nomu.jpg\",\"datePublished\":\"2025-06-16T11:40:56+00:00\",\"dateModified\":\"2025-06-16T11:40:57+00:00\",\"breadcrumb\":{\"@id\":\"https:\/\/www.ifi-id.com\/kartu-keanggotaan-ifi\/nomu-cafe-and-bistro\/#breadcrumb\"},\"inLanguage\":\"fr-FR\",\"potentialAction\":[{\"@type\":\"ReadAction\",\"target\":[\"https:\/\/www.ifi-id.com\/kartu-keanggotaan-ifi\/nomu-cafe-and-bistro\/\"]}]},{\"@type\":\"ImageObject\",\"inLanguage\":\"fr-FR\",\"@id\":\"https:\/\/www.ifi-id.com\/kartu-keanggotaan-ifi\/nomu-cafe-and-bistro\/#primaryimage\",\"url\":\"https:\/\/www.ifi-id.com\/wp-content\/uploads\/2025\/06\/Nomu_0005_logo-nomu.jpg\",\"contentUrl\":\"https:\/\/www.ifi-id.com\/wp-content\/uploads\/2025\/06\/Nomu_0005_logo-nomu.jpg\",\"width\":1280,\"height\":720},{\"@type\":\"BreadcrumbList\",\"@id\":\"https:\/\/www.ifi-id.com\/kartu-keanggotaan-ifi\/nomu-cafe-and-bistro\/#breadcrumb\",\"itemListElement\":[{\"@type\":\"ListItem\",\"position\":1,\"name\":\"Home\",\"item\":\"https:\/\/www.ifi-id.com\/\"},{\"@type\":\"ListItem\",\"position\":2,\"name\":\"Carte membre IFI\",\"item\":\"https:\/\/www.ifi-id.com\/kartu-keanggotaan-ifi\/\"},{\"@type\":\"ListItem\",\"position\":3,\"name\":\"Nomu Cafe and Bistro\"}]},{\"@type\":\"WebSite\",\"@id\":\"https:\/\/www.ifi-id.com\/#website\",\"url\":\"https:\/\/www.ifi-id.com\/\",\"name\":\"Institut fran\u00e7ais Indon\u00e9sie\",\"description\":\"\",\"publisher\":{\"@id\":\"https:\/\/www.ifi-id.com\/#organization\"},\"potentialAction\":[{\"@type\":\"SearchAction\",\"target\":{\"@type\":\"EntryPoint\",\"urlTemplate\":\"https:\/\/www.ifi-id.com\/?s={search_term_string}\"},\"query-input\":{\"@type\":\"PropertyValueSpecification\",\"valueRequired\":true,\"valueName\":\"search_term_string\"}}],\"inLanguage\":\"fr-FR\"},{\"@type\":\"Organization\",\"@id\":\"https:\/\/www.ifi-id.com\/#organization\",\"name\":\"Institut fran\u00e7ais Indon\u00e9sie\",\"url\":\"https:\/\/www.ifi-id.com\/\",\"logo\":{\"@type\":\"ImageObject\",\"inLanguage\":\"fr-FR\",\"@id\":\"https:\/\/www.ifi-id.com\/#\/schema\/logo\/image\/\",\"url\":\"https:\/\/www.ifi-id.com\/wp-content\/uploads\/2022\/12\/IFI_New_Logo.jpg\",\"contentUrl\":\"https:\/\/www.ifi-id.com\/wp-content\/uploads\/2022\/12\/IFI_New_Logo.jpg\",\"width\":666,\"height\":444,\"caption\":\"Institut fran\u00e7ais Indon\u00e9sie\"},\"image\":{\"@id\":\"https:\/\/www.ifi-id.com\/#\/schema\/logo\/image\/\"}}]}<\/script>\n<!-- \/ Yoast SEO plugin. -->","yoast_head_json":{"title":"Nomu Cafe and Bistro - Institut fran\u00e7ais Indon\u00e9sie","robots":{"index":"index","follow":"follow","max-snippet":"max-snippet:-1","max-image-preview":"max-image-preview:large","max-video-preview":"max-video-preview:-1"},"canonical":"https:\/\/www.ifi-id.com\/kartu-keanggotaan-ifi\/nomu-cafe-and-bistro\/","og_locale":"fr_FR","og_type":"article","og_title":"Nomu Cafe and Bistro - Institut fran\u00e7ais Indon\u00e9sie","og_description":"Nomu Cafe and Bistro Nomu Cafe and Bistro Fond\u00e9 en avril 2022, NOMU est n\u00e9 de l\u2019id\u00e9e qu\u2019il est essentiel d\u2019offrir une exp\u00e9rience culinaire confortable et d\u00e9contract\u00e9e. En collaboration avec LYKE PROJECT, nous avons pour objectif de proposer des plats, des produits de boulangerie et des desserts cr\u00e9atifs, \u00e9quilibr\u00e9s et r\u00e9confortants, inspir\u00e9s de la cuisine &hellip; Continuer la lecture de &laquo;&nbsp;Nomu Cafe and Bistro&nbsp;&raquo;","og_url":"https:\/\/www.ifi-id.com\/kartu-keanggotaan-ifi\/nomu-cafe-and-bistro\/","og_site_name":"Institut fran\u00e7ais Indon\u00e9sie","article_modified_time":"2025-06-16T11:40:57+00:00","og_image":[{"width":1280,"height":720,"url":"https:\/\/www.ifi-id.com\/wp-content\/uploads\/2025\/06\/Nomu_0005_logo-nomu.jpg","type":"image\/jpeg"}],"twitter_card":"summary_large_image","twitter_misc":{"Dur\u00e9e de lecture estim\u00e9e":"2 minutes"},"schema":{"@context":"https:\/\/schema.org","@graph":[{"@type":"WebPage","@id":"https:\/\/www.ifi-id.com\/kartu-keanggotaan-ifi\/nomu-cafe-and-bistro\/","url":"https:\/\/www.ifi-id.com\/kartu-keanggotaan-ifi\/nomu-cafe-and-bistro\/","name":"Nomu Cafe and Bistro - Institut fran\u00e7ais Indon\u00e9sie","isPartOf":{"@id":"https:\/\/www.ifi-id.com\/#website"},"primaryImageOfPage":{"@id":"https:\/\/www.ifi-id.com\/kartu-keanggotaan-ifi\/nomu-cafe-and-bistro\/#primaryimage"},"image":{"@id":"https:\/\/www.ifi-id.com\/kartu-keanggotaan-ifi\/nomu-cafe-and-bistro\/#primaryimage"},"thumbnailUrl":"https:\/\/www.ifi-id.com\/wp-content\/uploads\/2025\/06\/Nomu_0005_logo-nomu.jpg","datePublished":"2025-06-16T11:40:56+00:00","dateModified":"2025-06-16T11:40:57+00:00","breadcrumb":{"@id":"https:\/\/www.ifi-id.com\/kartu-keanggotaan-ifi\/nomu-cafe-and-bistro\/#breadcrumb"},"inLanguage":"fr-FR","potentialAction":[{"@type":"ReadAction","target":["https:\/\/www.ifi-id.com\/kartu-keanggotaan-ifi\/nomu-cafe-and-bistro\/"]}]},{"@type":"ImageObject","inLanguage":"fr-FR","@id":"https:\/\/www.ifi-id.com\/kartu-keanggotaan-ifi\/nomu-cafe-and-bistro\/#primaryimage","url":"https:\/\/www.ifi-id.com\/wp-content\/uploads\/2025\/06\/Nomu_0005_logo-nomu.jpg","contentUrl":"https:\/\/www.ifi-id.com\/wp-content\/uploads\/2025\/06\/Nomu_0005_logo-nomu.jpg","width":1280,"height":720},{"@type":"BreadcrumbList","@id":"https:\/\/www.ifi-id.com\/kartu-keanggotaan-ifi\/nomu-cafe-and-bistro\/#breadcrumb","itemListElement":[{"@type":"ListItem","position":1,"name":"Home","item":"https:\/\/www.ifi-id.com\/"},{"@type":"ListItem","position":2,"name":"Carte membre IFI","item":"https:\/\/www.ifi-id.com\/kartu-keanggotaan-ifi\/"},{"@type":"ListItem","position":3,"name":"Nomu Cafe and Bistro"}]},{"@type":"WebSite","@id":"https:\/\/www.ifi-id.com\/#website","url":"https:\/\/www.ifi-id.com\/","name":"Institut fran\u00e7ais Indon\u00e9sie","description":"","publisher":{"@id":"https:\/\/www.ifi-id.com\/#organization"},"potentialAction":[{"@type":"SearchAction","target":{"@type":"EntryPoint","urlTemplate":"https:\/\/www.ifi-id.com\/?s={search_term_string}"},"query-input":{"@type":"PropertyValueSpecification","valueRequired":true,"valueName":"search_term_string"}}],"inLanguage":"fr-FR"},{"@type":"Organization","@id":"https:\/\/www.ifi-id.com\/#organization","name":"Institut fran\u00e7ais Indon\u00e9sie","url":"https:\/\/www.ifi-id.com\/","logo":{"@type":"ImageObject","inLanguage":"fr-FR","@id":"https:\/\/www.ifi-id.com\/#\/schema\/logo\/image\/","url":"https:\/\/www.ifi-id.com\/wp-content\/uploads\/2022\/12\/IFI_New_Logo.jpg","contentUrl":"https:\/\/www.ifi-id.com\/wp-content\/uploads\/2022\/12\/IFI_New_Logo.jpg","width":666,"height":444,"caption":"Institut fran\u00e7ais Indon\u00e9sie"},"image":{"@id":"https:\/\/www.ifi-id.com\/#\/schema\/logo\/image\/"}}]}},"post_mailing_queue_ids":[],"_links":{"self":[{"href":"https:\/\/www.ifi-id.com\/fr\/wp-json\/wp\/v2\/pages\/55740"}],"collection":[{"href":"https:\/\/www.ifi-id.com\/fr\/wp-json\/wp\/v2\/pages"}],"about":[{"href":"https:\/\/www.ifi-id.com\/fr\/wp-json\/wp\/v2\/types\/page"}],"author":[{"embeddable":true,"href":"https:\/\/www.ifi-id.com\/fr\/wp-json\/wp\/v2\/users\/8"}],"replies":[{"embeddable":true,"href":"https:\/\/www.ifi-id.com\/fr\/wp-json\/wp\/v2\/comments?post=55740"}],"version-history":[{"count":1,"href":"https:\/\/www.ifi-id.com\/fr\/wp-json\/wp\/v2\/pages\/55740\/revisions"}],"predecessor-version":[{"id":55741,"href":"https:\/\/www.ifi-id.com\/fr\/wp-json\/wp\/v2\/pages\/55740\/revisions\/55741"}],"up":[{"embeddable":true,"href":"https:\/\/www.ifi-id.com\/fr\/wp-json\/wp\/v2\/pages\/52305"}],"wp:featuredmedia":[{"embeddable":true,"href":"https:\/\/www.ifi-id.com\/fr\/wp-json\/wp\/v2\/media\/55724"}],"wp:attachment":[{"href":"https:\/\/www.ifi-id.com\/fr\/wp-json\/wp\/v2\/media?parent=55740"}],"curies":[{"name":"wp","href":"https:\/\/api.w.org\/{rel}","templated":true}]}}