{"id":55720,"date":"2025-06-16T18:00:47","date_gmt":"2025-06-16T11:00:47","guid":{"rendered":"https:\/\/www.ifi-id.com\/carte-membre-ifi\/hotel-majapahit-mgallery-collection\/"},"modified":"2025-06-16T18:00:47","modified_gmt":"2025-06-16T11:00:47","slug":"hotel-majapahit-mgallery-collection","status":"publish","type":"page","link":"https:\/\/www.ifi-id.com\/fr\/carte-membre-ifi\/hotel-majapahit-mgallery-collection\/","title":{"rendered":"Hotel Majapahit \u2013 Mgallery Collection"},"content":{"rendered":"\t\t<div data-elementor-type=\"wp-page\" data-elementor-id=\"55720\" class=\"elementor elementor-55720 elementor-55708\" data-elementor-post-type=\"page\">\n\t\t\t\t\t\t<section class=\"elementor-section elementor-top-section elementor-element elementor-element-425eaa54 elementor-section-boxed elementor-section-height-default elementor-section-height-default\" data-id=\"425eaa54\" data-element_type=\"section\">\n\t\t\t\t\t\t<div class=\"elementor-container elementor-column-gap-default\">\n\t\t\t\t\t<div class=\"elementor-column elementor-col-100 elementor-top-column elementor-element elementor-element-4c4d9f4b\" data-id=\"4c4d9f4b\" data-element_type=\"column\">\n\t\t\t<div class=\"elementor-widget-wrap elementor-element-populated\">\n\t\t\t\t\t\t<div class=\"elementor-element elementor-element-5ed61aee elementor-hidden-mobile elementor-widget elementor-widget-heading\" data-id=\"5ed61aee\" data-element_type=\"widget\" data-widget_type=\"heading.default\">\n\t\t\t\t<div class=\"elementor-widget-container\">\n\t\t\t<h2 class=\"elementor-heading-title elementor-size-default\">Hotel Majapahit \u2013 Mgallery Collection<\/h2>\t\t<\/div>\n\t\t\t\t<\/div>\n\t\t\t\t\t<\/div>\n\t\t<\/div>\n\t\t\t\t\t<\/div>\n\t\t<\/section>\n\t\t\t\t<section class=\"elementor-section elementor-top-section elementor-element elementor-element-16676022 elementor-section-boxed elementor-section-height-default elementor-section-height-default\" data-id=\"16676022\" data-element_type=\"section\">\n\t\t\t\t\t\t<div class=\"elementor-container elementor-column-gap-default\">\n\t\t\t\t\t<div class=\"elementor-column elementor-col-100 elementor-top-column elementor-element elementor-element-15741e61\" data-id=\"15741e61\" data-element_type=\"column\">\n\t\t\t<div class=\"elementor-widget-wrap elementor-element-populated\">\n\t\t\t\t\t\t<div class=\"elementor-element elementor-element-7ca2ec9d elementor-hidden-desktop elementor-hidden-tablet elementor-widget elementor-widget-heading\" data-id=\"7ca2ec9d\" data-element_type=\"widget\" data-widget_type=\"heading.default\">\n\t\t\t\t<div class=\"elementor-widget-container\">\n\t\t\t<h1 class=\"elementor-heading-title elementor-size-default\">Hotel Majapahit \u2013 Mgallery Collection<\/h1>\t\t<\/div>\n\t\t\t\t<\/div>\n\t\t\t\t\t<\/div>\n\t\t<\/div>\n\t\t\t\t\t<\/div>\n\t\t<\/section>\n\t\t\t\t<section class=\"elementor-section elementor-top-section elementor-element elementor-element-37a29674 elementor-section-boxed elementor-section-height-default elementor-section-height-default\" data-id=\"37a29674\" data-element_type=\"section\">\n\t\t\t\t\t\t<div class=\"elementor-container elementor-column-gap-default\">\n\t\t\t\t\t<div class=\"elementor-column elementor-col-100 elementor-top-column elementor-element elementor-element-7e77d77d\" data-id=\"7e77d77d\" data-element_type=\"column\">\n\t\t\t<div class=\"elementor-widget-wrap elementor-element-populated\">\n\t\t\t\t\t\t<div class=\"elementor-element elementor-element-35879859 elementor-arrows-position-inside elementor-pagination-position-outside elementor-widget elementor-widget-image-carousel\" data-id=\"35879859\" data-element_type=\"widget\" data-settings=\"{&quot;slides_to_show&quot;:&quot;1&quot;,&quot;navigation&quot;:&quot;both&quot;,&quot;autoplay&quot;:&quot;yes&quot;,&quot;pause_on_hover&quot;:&quot;yes&quot;,&quot;pause_on_interaction&quot;:&quot;yes&quot;,&quot;autoplay_speed&quot;:5000,&quot;infinite&quot;:&quot;yes&quot;,&quot;effect&quot;:&quot;slide&quot;,&quot;speed&quot;:500}\" data-widget_type=\"image-carousel.default\">\n\t\t\t\t<div class=\"elementor-widget-container\">\n\t\t\t\t\t<div class=\"elementor-image-carousel-wrapper swiper\" dir=\"ltr\">\n\t\t\t<div class=\"elementor-image-carousel swiper-wrapper\" aria-live=\"off\">\n\t\t\t\t\t\t\t\t<div class=\"swiper-slide\" role=\"group\" aria-roledescription=\"slide\" aria-label=\"1 sur 2\"><figure class=\"swiper-slide-inner\"><img decoding=\"async\" class=\"swiper-slide-image\" src=\"https:\/\/www.ifi-id.com\/wp-content\/uploads\/2025\/06\/Hotel-Majapahit_0000_Foto-Majapahit-Eksterior.jpg\" alt=\"Hotel Majapahit_0000_Foto Majapahit - Eksterior\" \/><\/figure><\/div><div class=\"swiper-slide\" role=\"group\" aria-roledescription=\"slide\" aria-label=\"2 sur 2\"><figure class=\"swiper-slide-inner\"><img decoding=\"async\" class=\"swiper-slide-image\" src=\"https:\/\/www.ifi-id.com\/wp-content\/uploads\/2025\/06\/Hotel-Majapahit_0000_Foto-Majapahit-Eksterior.jpg\" alt=\"Hotel Majapahit_0000_Foto Majapahit - Eksterior\" \/><\/figure><\/div>\t\t\t<\/div>\n\t\t\t\t\t\t\t\t\t\t\t\t<div class=\"elementor-swiper-button elementor-swiper-button-prev\" role=\"button\" tabindex=\"0\">\n\t\t\t\t\t\t<i aria-hidden=\"true\" class=\"eicon-chevron-left\"><\/i>\t\t\t\t\t<\/div>\n\t\t\t\t\t<div class=\"elementor-swiper-button elementor-swiper-button-next\" role=\"button\" tabindex=\"0\">\n\t\t\t\t\t\t<i aria-hidden=\"true\" class=\"eicon-chevron-right\"><\/i>\t\t\t\t\t<\/div>\n\t\t\t\t\n\t\t\t\t\t\t\t\t\t<div class=\"swiper-pagination\"><\/div>\n\t\t\t\t\t\t\t\t\t<\/div>\n\t\t\t\t<\/div>\n\t\t\t\t<\/div>\n\t\t\t\t\t<\/div>\n\t\t<\/div>\n\t\t\t\t\t<\/div>\n\t\t<\/section>\n\t\t\t\t<section class=\"elementor-section elementor-top-section elementor-element elementor-element-3f0a74fc elementor-section-boxed elementor-section-height-default elementor-section-height-default\" data-id=\"3f0a74fc\" data-element_type=\"section\">\n\t\t\t\t\t\t<div class=\"elementor-container elementor-column-gap-default\">\n\t\t\t\t\t<div class=\"elementor-column elementor-col-100 elementor-top-column elementor-element elementor-element-52cf688e\" data-id=\"52cf688e\" data-element_type=\"column\">\n\t\t\t<div class=\"elementor-widget-wrap elementor-element-populated\">\n\t\t\t\t\t\t<div class=\"elementor-element elementor-element-2f919b86 elementor-widget elementor-widget-text-editor\" data-id=\"2f919b86\" data-element_type=\"widget\" data-widget_type=\"text-editor.default\">\n\t\t\t\t<div class=\"elementor-widget-container\">\n\t\t\t\t\t\t\t<p>L\u2019H\u00f4tel Majapahit Surabaya \u2013 Collection MGallery a \u00e9t\u00e9 initialement construit par la famille Sarkies en 1910 sous le nom de \u00ab\u202fHotel Oranje\u202f\u00bb. Dot\u00e9 d\u2019une architecture \u00e9l\u00e9gante, cet h\u00f4tel propose des installations de luxe cinq \u00e9toiles et une vue magnifique sur ses jardins. Son atmosph\u00e8re classique, vieille d\u2019un si\u00e8cle, se refl\u00e8te dans ses suites somptueuses et ses chambres spacieuses. Savourez un cocktail signature de l\u2019h\u00f4tel tout en profitant du calme de ses jardins pour une d\u00e9tente absolue. Cet h\u00f4tel-boutique de luxe b\u00e9n\u00e9ficie d\u2019un emplacement strat\u00e9gique, en plein c\u0153ur de la \u00ab\u202fVille des H\u00e9ros\u202f\u00bb.<\/p>\n<p>Surabaya est situ\u00e9e sur l\u2019\u00eele de Java, en Indon\u00e9sie. C\u2019est une grande ville dynamique m\u00ealant gratte-ciels modernes, canaux et b\u00e2timents h\u00e9rit\u00e9s de l\u2019\u00e9poque coloniale n\u00e9erlandaise.<\/p>\n<p><em>\u201cPrepare yourself to a journey into Surabaya&rsquo;s nostalgic of the early 1900&rsquo;s. Discover the unique staycation experience of a Dutch colonial style building where history, romance and elegance are perfectly blend for your Memorable Moments.\u201d<br \/>\n<\/em><strong>Kahar SALAMUN, <\/strong><strong>Direction de l\u2019h\u00f4tel<\/strong><\/p>\n<p><strong>Profitez d\u2019une r\u00e9duction de 10 % sur les chambres de l\u2019h\u00f4tel*, d\u2019un tarif sp\u00e9cial au restaurant Indigo avec une r\u00e9duction de 10 %, ainsi que d\u2019un \u00e9v\u00e9nement sp\u00e9cial \u00ab<\/strong><strong>\u202f<\/strong><strong>Tactical<\/strong><strong>\u202f<\/strong><strong>\u00bb<\/strong><strong> exclusivement r<\/strong><strong>\u00e9<\/strong><strong>serv<\/strong><strong>\u00e9<\/strong><strong> aux membres de l<\/strong><strong>\u2019<\/strong><strong>IFI !<br \/>\n<\/strong>*Offre valable uniquement pour les r\u00e9servations effectu\u00e9es directement sur place.<\/p>\n\t\t\t\t\t\t<\/div>\n\t\t\t\t<\/div>\n\t\t\t\t\t<\/div>\n\t\t<\/div>\n\t\t\t\t\t<\/div>\n\t\t<\/section>\n\t\t\t\t<section class=\"elementor-section elementor-top-section elementor-element elementor-element-42674a86 elementor-section-boxed elementor-section-height-default elementor-section-height-default\" data-id=\"42674a86\" data-element_type=\"section\">\n\t\t\t\t\t\t<div class=\"elementor-container elementor-column-gap-default\">\n\t\t\t\t\t<div class=\"elementor-column elementor-col-100 elementor-top-column elementor-element elementor-element-309fc073\" data-id=\"309fc073\" data-element_type=\"column\">\n\t\t\t<div class=\"elementor-widget-wrap elementor-element-populated\">\n\t\t\t\t\t\t<div class=\"elementor-element elementor-element-4b35bfb5 elementor-widget elementor-widget-heading\" data-id=\"4b35bfb5\" data-element_type=\"widget\" data-widget_type=\"heading.default\">\n\t\t\t\t<div class=\"elementor-widget-container\">\n\t\t\t<h2 class=\"elementor-heading-title elementor-size-default\">Adresse<\/h2>\t\t<\/div>\n\t\t\t\t<\/div>\n\t\t\t\t\t<\/div>\n\t\t<\/div>\n\t\t\t\t\t<\/div>\n\t\t<\/section>\n\t\t\t\t<section class=\"elementor-section elementor-top-section elementor-element elementor-element-8be2399 elementor-section-boxed elementor-section-height-default elementor-section-height-default\" data-id=\"8be2399\" data-element_type=\"section\">\n\t\t\t\t\t\t<div class=\"elementor-container elementor-column-gap-default\">\n\t\t\t\t\t<div class=\"elementor-column elementor-col-100 elementor-top-column elementor-element elementor-element-7c4b9a7b\" data-id=\"7c4b9a7b\" data-element_type=\"column\">\n\t\t\t<div class=\"elementor-widget-wrap elementor-element-populated\">\n\t\t\t\t\t\t<div class=\"elementor-element elementor-element-373b8945 elementor-widget elementor-widget-html\" data-id=\"373b8945\" data-element_type=\"widget\" data-widget_type=\"html.default\">\n\t\t\t\t<div class=\"elementor-widget-container\">\n\t\t\t<iframe src=\"https:\/\/www.google.com\/maps\/embed?pb=!1m18!1m12!1m3!1d3957.830188712345!2d112.73712297499974!3d-7.260158392746605!2m3!1f0!2f0!3f0!3m2!1i1024!2i768!4f13.1!3m3!1m2!1s0x2dd7f9677b35a2c9%3A0x35c42aa40adf3646!2sMajapahit%20Hotel%20Surabaya%20-%20MGallery%20Collection!5e0!3m2!1sid!2sid!4v1750070624363!5m2!1sid!2sid\" width=\"400\" height=\"300\" style=\"border:0;\" allowfullscreen=\"\" loading=\"lazy\" referrerpolicy=\"no-referrer-when-downgrade\"><\/iframe>\t\t<\/div>\n\t\t\t\t<\/div>\n\t\t\t\t\t<\/div>\n\t\t<\/div>\n\t\t\t\t\t<\/div>\n\t\t<\/section>\n\t\t\t\t<\/div>\n\t\t","protected":false},"excerpt":{"rendered":"<p>Hotel Majapahit \u2013 Mgallery Collection Hotel Majapahit \u2013 Mgallery Collection L\u2019H\u00f4tel Majapahit Surabaya \u2013 Collection MGallery a \u00e9t\u00e9 initialement construit par la famille Sarkies en 1910 sous le nom de \u00ab\u202fHotel Oranje\u202f\u00bb. Dot\u00e9 d\u2019une architecture \u00e9l\u00e9gante, cet h\u00f4tel propose des installations de luxe cinq \u00e9toiles et une vue magnifique sur ses jardins. Son atmosph\u00e8re classique, &hellip; <\/p>\n<p class=\"link-more\"><a href=\"https:\/\/www.ifi-id.com\/fr\/carte-membre-ifi\/hotel-majapahit-mgallery-collection\/\" class=\"more-link\">Continuer la lecture<span class=\"screen-reader-text\"> de &laquo;&nbsp;Hotel Majapahit \u2013 Mgallery Collection&nbsp;&raquo;<\/span><\/a><\/p>\n","protected":false},"author":8,"featured_media":55710,"parent":52305,"menu_order":0,"comment_status":"closed","ping_status":"closed","template":"elementor_header_footer","meta":{"footnotes":""},"class_list":["post-55720","page","type-page","status-publish","has-post-thumbnail","hentry"],"yoast_head":"<!-- This site is optimized with the Yoast SEO plugin v23.5 - https:\/\/yoast.com\/wordpress\/plugins\/seo\/ -->\n<title>Hotel Majapahit \u2013 Mgallery Collection - Institut fran\u00e7ais Indon\u00e9sie<\/title>\n<meta name=\"robots\" content=\"index, follow, max-snippet:-1, max-image-preview:large, max-video-preview:-1\" \/>\n<link rel=\"canonical\" href=\"https:\/\/www.ifi-id.com\/kartu-keanggotaan-ifi\/hotel-majapahit-mgallery-collection\/\" \/>\n<meta property=\"og:locale\" content=\"fr_FR\" \/>\n<meta property=\"og:type\" content=\"article\" \/>\n<meta property=\"og:title\" content=\"Hotel Majapahit \u2013 Mgallery Collection - Institut fran\u00e7ais Indon\u00e9sie\" \/>\n<meta property=\"og:description\" content=\"Hotel Majapahit \u2013 Mgallery Collection Hotel Majapahit \u2013 Mgallery Collection L\u2019H\u00f4tel Majapahit Surabaya \u2013 Collection MGallery a \u00e9t\u00e9 initialement construit par la famille Sarkies en 1910 sous le nom de \u00ab\u202fHotel Oranje\u202f\u00bb. Dot\u00e9 d\u2019une architecture \u00e9l\u00e9gante, cet h\u00f4tel propose des installations de luxe cinq \u00e9toiles et une vue magnifique sur ses jardins. Son atmosph\u00e8re classique, &hellip; Continuer la lecture de &laquo;&nbsp;Hotel Majapahit \u2013 Mgallery Collection&nbsp;&raquo;\" \/>\n<meta property=\"og:url\" content=\"https:\/\/www.ifi-id.com\/kartu-keanggotaan-ifi\/hotel-majapahit-mgallery-collection\/\" \/>\n<meta property=\"og:site_name\" content=\"Institut fran\u00e7ais Indon\u00e9sie\" \/>\n<meta property=\"og:image\" content=\"https:\/\/www.ifi-id.com\/wp-content\/uploads\/2025\/06\/Hotel-Majapahit_0001_LOGO-HOTEL-MAJAPAHIT.jpg\" \/>\n\t<meta property=\"og:image:width\" content=\"1280\" \/>\n\t<meta property=\"og:image:height\" content=\"720\" \/>\n\t<meta property=\"og:image:type\" content=\"image\/jpeg\" \/>\n<meta name=\"twitter:card\" content=\"summary_large_image\" \/>\n<meta name=\"twitter:label1\" content=\"Dur\u00e9e de lecture estim\u00e9e\" \/>\n\t<meta name=\"twitter:data1\" content=\"1 minute\" \/>\n<script type=\"application\/ld+json\" class=\"yoast-schema-graph\">{\"@context\":\"https:\/\/schema.org\",\"@graph\":[{\"@type\":\"WebPage\",\"@id\":\"https:\/\/www.ifi-id.com\/kartu-keanggotaan-ifi\/hotel-majapahit-mgallery-collection\/\",\"url\":\"https:\/\/www.ifi-id.com\/kartu-keanggotaan-ifi\/hotel-majapahit-mgallery-collection\/\",\"name\":\"Hotel Majapahit \u2013 Mgallery Collection - Institut fran\u00e7ais Indon\u00e9sie\",\"isPartOf\":{\"@id\":\"https:\/\/www.ifi-id.com\/#website\"},\"primaryImageOfPage\":{\"@id\":\"https:\/\/www.ifi-id.com\/kartu-keanggotaan-ifi\/hotel-majapahit-mgallery-collection\/#primaryimage\"},\"image\":{\"@id\":\"https:\/\/www.ifi-id.com\/kartu-keanggotaan-ifi\/hotel-majapahit-mgallery-collection\/#primaryimage\"},\"thumbnailUrl\":\"https:\/\/www.ifi-id.com\/wp-content\/uploads\/2025\/06\/Hotel-Majapahit_0001_LOGO-HOTEL-MAJAPAHIT.jpg\",\"datePublished\":\"2025-06-16T11:00:47+00:00\",\"dateModified\":\"2025-06-16T11:00:47+00:00\",\"breadcrumb\":{\"@id\":\"https:\/\/www.ifi-id.com\/kartu-keanggotaan-ifi\/hotel-majapahit-mgallery-collection\/#breadcrumb\"},\"inLanguage\":\"fr-FR\",\"potentialAction\":[{\"@type\":\"ReadAction\",\"target\":[\"https:\/\/www.ifi-id.com\/kartu-keanggotaan-ifi\/hotel-majapahit-mgallery-collection\/\"]}]},{\"@type\":\"ImageObject\",\"inLanguage\":\"fr-FR\",\"@id\":\"https:\/\/www.ifi-id.com\/kartu-keanggotaan-ifi\/hotel-majapahit-mgallery-collection\/#primaryimage\",\"url\":\"https:\/\/www.ifi-id.com\/wp-content\/uploads\/2025\/06\/Hotel-Majapahit_0001_LOGO-HOTEL-MAJAPAHIT.jpg\",\"contentUrl\":\"https:\/\/www.ifi-id.com\/wp-content\/uploads\/2025\/06\/Hotel-Majapahit_0001_LOGO-HOTEL-MAJAPAHIT.jpg\",\"width\":1280,\"height\":720},{\"@type\":\"BreadcrumbList\",\"@id\":\"https:\/\/www.ifi-id.com\/kartu-keanggotaan-ifi\/hotel-majapahit-mgallery-collection\/#breadcrumb\",\"itemListElement\":[{\"@type\":\"ListItem\",\"position\":1,\"name\":\"Home\",\"item\":\"https:\/\/www.ifi-id.com\/\"},{\"@type\":\"ListItem\",\"position\":2,\"name\":\"Carte membre IFI\",\"item\":\"https:\/\/www.ifi-id.com\/kartu-keanggotaan-ifi\/\"},{\"@type\":\"ListItem\",\"position\":3,\"name\":\"Hotel Majapahit \u2013 Mgallery Collection\"}]},{\"@type\":\"WebSite\",\"@id\":\"https:\/\/www.ifi-id.com\/#website\",\"url\":\"https:\/\/www.ifi-id.com\/\",\"name\":\"Institut fran\u00e7ais Indon\u00e9sie\",\"description\":\"\",\"publisher\":{\"@id\":\"https:\/\/www.ifi-id.com\/#organization\"},\"potentialAction\":[{\"@type\":\"SearchAction\",\"target\":{\"@type\":\"EntryPoint\",\"urlTemplate\":\"https:\/\/www.ifi-id.com\/?s={search_term_string}\"},\"query-input\":{\"@type\":\"PropertyValueSpecification\",\"valueRequired\":true,\"valueName\":\"search_term_string\"}}],\"inLanguage\":\"fr-FR\"},{\"@type\":\"Organization\",\"@id\":\"https:\/\/www.ifi-id.com\/#organization\",\"name\":\"Institut fran\u00e7ais Indon\u00e9sie\",\"url\":\"https:\/\/www.ifi-id.com\/\",\"logo\":{\"@type\":\"ImageObject\",\"inLanguage\":\"fr-FR\",\"@id\":\"https:\/\/www.ifi-id.com\/#\/schema\/logo\/image\/\",\"url\":\"https:\/\/www.ifi-id.com\/wp-content\/uploads\/2022\/12\/IFI_New_Logo.jpg\",\"contentUrl\":\"https:\/\/www.ifi-id.com\/wp-content\/uploads\/2022\/12\/IFI_New_Logo.jpg\",\"width\":666,\"height\":444,\"caption\":\"Institut fran\u00e7ais Indon\u00e9sie\"},\"image\":{\"@id\":\"https:\/\/www.ifi-id.com\/#\/schema\/logo\/image\/\"}}]}<\/script>\n<!-- \/ Yoast SEO plugin. -->","yoast_head_json":{"title":"Hotel Majapahit \u2013 Mgallery Collection - Institut fran\u00e7ais Indon\u00e9sie","robots":{"index":"index","follow":"follow","max-snippet":"max-snippet:-1","max-image-preview":"max-image-preview:large","max-video-preview":"max-video-preview:-1"},"canonical":"https:\/\/www.ifi-id.com\/kartu-keanggotaan-ifi\/hotel-majapahit-mgallery-collection\/","og_locale":"fr_FR","og_type":"article","og_title":"Hotel Majapahit \u2013 Mgallery Collection - Institut fran\u00e7ais Indon\u00e9sie","og_description":"Hotel Majapahit \u2013 Mgallery Collection Hotel Majapahit \u2013 Mgallery Collection L\u2019H\u00f4tel Majapahit Surabaya \u2013 Collection MGallery a \u00e9t\u00e9 initialement construit par la famille Sarkies en 1910 sous le nom de \u00ab\u202fHotel Oranje\u202f\u00bb. Dot\u00e9 d\u2019une architecture \u00e9l\u00e9gante, cet h\u00f4tel propose des installations de luxe cinq \u00e9toiles et une vue magnifique sur ses jardins. Son atmosph\u00e8re classique, &hellip; Continuer la lecture de &laquo;&nbsp;Hotel Majapahit \u2013 Mgallery Collection&nbsp;&raquo;","og_url":"https:\/\/www.ifi-id.com\/kartu-keanggotaan-ifi\/hotel-majapahit-mgallery-collection\/","og_site_name":"Institut fran\u00e7ais Indon\u00e9sie","og_image":[{"width":1280,"height":720,"url":"https:\/\/www.ifi-id.com\/wp-content\/uploads\/2025\/06\/Hotel-Majapahit_0001_LOGO-HOTEL-MAJAPAHIT.jpg","type":"image\/jpeg"}],"twitter_card":"summary_large_image","twitter_misc":{"Dur\u00e9e de lecture estim\u00e9e":"1 minute"},"schema":{"@context":"https:\/\/schema.org","@graph":[{"@type":"WebPage","@id":"https:\/\/www.ifi-id.com\/kartu-keanggotaan-ifi\/hotel-majapahit-mgallery-collection\/","url":"https:\/\/www.ifi-id.com\/kartu-keanggotaan-ifi\/hotel-majapahit-mgallery-collection\/","name":"Hotel Majapahit \u2013 Mgallery Collection - Institut fran\u00e7ais Indon\u00e9sie","isPartOf":{"@id":"https:\/\/www.ifi-id.com\/#website"},"primaryImageOfPage":{"@id":"https:\/\/www.ifi-id.com\/kartu-keanggotaan-ifi\/hotel-majapahit-mgallery-collection\/#primaryimage"},"image":{"@id":"https:\/\/www.ifi-id.com\/kartu-keanggotaan-ifi\/hotel-majapahit-mgallery-collection\/#primaryimage"},"thumbnailUrl":"https:\/\/www.ifi-id.com\/wp-content\/uploads\/2025\/06\/Hotel-Majapahit_0001_LOGO-HOTEL-MAJAPAHIT.jpg","datePublished":"2025-06-16T11:00:47+00:00","dateModified":"2025-06-16T11:00:47+00:00","breadcrumb":{"@id":"https:\/\/www.ifi-id.com\/kartu-keanggotaan-ifi\/hotel-majapahit-mgallery-collection\/#breadcrumb"},"inLanguage":"fr-FR","potentialAction":[{"@type":"ReadAction","target":["https:\/\/www.ifi-id.com\/kartu-keanggotaan-ifi\/hotel-majapahit-mgallery-collection\/"]}]},{"@type":"ImageObject","inLanguage":"fr-FR","@id":"https:\/\/www.ifi-id.com\/kartu-keanggotaan-ifi\/hotel-majapahit-mgallery-collection\/#primaryimage","url":"https:\/\/www.ifi-id.com\/wp-content\/uploads\/2025\/06\/Hotel-Majapahit_0001_LOGO-HOTEL-MAJAPAHIT.jpg","contentUrl":"https:\/\/www.ifi-id.com\/wp-content\/uploads\/2025\/06\/Hotel-Majapahit_0001_LOGO-HOTEL-MAJAPAHIT.jpg","width":1280,"height":720},{"@type":"BreadcrumbList","@id":"https:\/\/www.ifi-id.com\/kartu-keanggotaan-ifi\/hotel-majapahit-mgallery-collection\/#breadcrumb","itemListElement":[{"@type":"ListItem","position":1,"name":"Home","item":"https:\/\/www.ifi-id.com\/"},{"@type":"ListItem","position":2,"name":"Carte membre IFI","item":"https:\/\/www.ifi-id.com\/kartu-keanggotaan-ifi\/"},{"@type":"ListItem","position":3,"name":"Hotel Majapahit \u2013 Mgallery Collection"}]},{"@type":"WebSite","@id":"https:\/\/www.ifi-id.com\/#website","url":"https:\/\/www.ifi-id.com\/","name":"Institut fran\u00e7ais Indon\u00e9sie","description":"","publisher":{"@id":"https:\/\/www.ifi-id.com\/#organization"},"potentialAction":[{"@type":"SearchAction","target":{"@type":"EntryPoint","urlTemplate":"https:\/\/www.ifi-id.com\/?s={search_term_string}"},"query-input":{"@type":"PropertyValueSpecification","valueRequired":true,"valueName":"search_term_string"}}],"inLanguage":"fr-FR"},{"@type":"Organization","@id":"https:\/\/www.ifi-id.com\/#organization","name":"Institut fran\u00e7ais Indon\u00e9sie","url":"https:\/\/www.ifi-id.com\/","logo":{"@type":"ImageObject","inLanguage":"fr-FR","@id":"https:\/\/www.ifi-id.com\/#\/schema\/logo\/image\/","url":"https:\/\/www.ifi-id.com\/wp-content\/uploads\/2022\/12\/IFI_New_Logo.jpg","contentUrl":"https:\/\/www.ifi-id.com\/wp-content\/uploads\/2022\/12\/IFI_New_Logo.jpg","width":666,"height":444,"caption":"Institut fran\u00e7ais Indon\u00e9sie"},"image":{"@id":"https:\/\/www.ifi-id.com\/#\/schema\/logo\/image\/"}}]}},"post_mailing_queue_ids":[],"_links":{"self":[{"href":"https:\/\/www.ifi-id.com\/fr\/wp-json\/wp\/v2\/pages\/55720"}],"collection":[{"href":"https:\/\/www.ifi-id.com\/fr\/wp-json\/wp\/v2\/pages"}],"about":[{"href":"https:\/\/www.ifi-id.com\/fr\/wp-json\/wp\/v2\/types\/page"}],"author":[{"embeddable":true,"href":"https:\/\/www.ifi-id.com\/fr\/wp-json\/wp\/v2\/users\/8"}],"replies":[{"embeddable":true,"href":"https:\/\/www.ifi-id.com\/fr\/wp-json\/wp\/v2\/comments?post=55720"}],"version-history":[{"count":1,"href":"https:\/\/www.ifi-id.com\/fr\/wp-json\/wp\/v2\/pages\/55720\/revisions"}],"predecessor-version":[{"id":55721,"href":"https:\/\/www.ifi-id.com\/fr\/wp-json\/wp\/v2\/pages\/55720\/revisions\/55721"}],"up":[{"embeddable":true,"href":"https:\/\/www.ifi-id.com\/fr\/wp-json\/wp\/v2\/pages\/52305"}],"wp:featuredmedia":[{"embeddable":true,"href":"https:\/\/www.ifi-id.com\/fr\/wp-json\/wp\/v2\/media\/55710"}],"wp:attachment":[{"href":"https:\/\/www.ifi-id.com\/fr\/wp-json\/wp\/v2\/media?parent=55720"}],"curies":[{"name":"wp","href":"https:\/\/api.w.org\/{rel}","templated":true}]}}