{"id":55703,"date":"2025-06-16T17:41:50","date_gmt":"2025-06-16T10:41:50","guid":{"rendered":"https:\/\/www.ifi-id.com\/carte-membre-ifi\/confit-restaurant\/"},"modified":"2025-06-16T17:41:51","modified_gmt":"2025-06-16T10:41:51","slug":"confit-restaurant","status":"publish","type":"page","link":"https:\/\/www.ifi-id.com\/fr\/carte-membre-ifi\/confit-restaurant\/","title":{"rendered":"Confit Restaurant"},"content":{"rendered":"\t\t<div data-elementor-type=\"wp-page\" data-elementor-id=\"55703\" class=\"elementor elementor-55703 elementor-55669\" data-elementor-post-type=\"page\">\n\t\t\t\t\t\t<section class=\"elementor-section elementor-top-section elementor-element elementor-element-3e4d0b48 elementor-section-boxed elementor-section-height-default elementor-section-height-default\" data-id=\"3e4d0b48\" data-element_type=\"section\">\n\t\t\t\t\t\t<div class=\"elementor-container elementor-column-gap-default\">\n\t\t\t\t\t<div class=\"elementor-column elementor-col-100 elementor-top-column elementor-element elementor-element-452edb82\" data-id=\"452edb82\" data-element_type=\"column\">\n\t\t\t<div class=\"elementor-widget-wrap elementor-element-populated\">\n\t\t\t\t\t\t<div class=\"elementor-element elementor-element-2caab586 elementor-hidden-mobile elementor-widget elementor-widget-heading\" data-id=\"2caab586\" data-element_type=\"widget\" data-widget_type=\"heading.default\">\n\t\t\t\t<div class=\"elementor-widget-container\">\n\t\t\t<h2 class=\"elementor-heading-title elementor-size-default\">Confit Restaurant<\/h2>\t\t<\/div>\n\t\t\t\t<\/div>\n\t\t\t\t\t<\/div>\n\t\t<\/div>\n\t\t\t\t\t<\/div>\n\t\t<\/section>\n\t\t\t\t<section class=\"elementor-section elementor-top-section elementor-element elementor-element-776168b4 elementor-section-boxed elementor-section-height-default elementor-section-height-default\" data-id=\"776168b4\" data-element_type=\"section\">\n\t\t\t\t\t\t<div class=\"elementor-container elementor-column-gap-default\">\n\t\t\t\t\t<div class=\"elementor-column elementor-col-100 elementor-top-column elementor-element elementor-element-30a6d20a\" data-id=\"30a6d20a\" data-element_type=\"column\">\n\t\t\t<div class=\"elementor-widget-wrap elementor-element-populated\">\n\t\t\t\t\t\t<div class=\"elementor-element elementor-element-3e708e52 elementor-hidden-desktop elementor-hidden-tablet elementor-widget elementor-widget-heading\" data-id=\"3e708e52\" data-element_type=\"widget\" data-widget_type=\"heading.default\">\n\t\t\t\t<div class=\"elementor-widget-container\">\n\t\t\t<h1 class=\"elementor-heading-title elementor-size-default\">Confit Restaurant<\/h1>\t\t<\/div>\n\t\t\t\t<\/div>\n\t\t\t\t\t<\/div>\n\t\t<\/div>\n\t\t\t\t\t<\/div>\n\t\t<\/section>\n\t\t\t\t<section class=\"elementor-section elementor-top-section elementor-element elementor-element-12714e8d elementor-section-boxed elementor-section-height-default elementor-section-height-default\" data-id=\"12714e8d\" data-element_type=\"section\">\n\t\t\t\t\t\t<div class=\"elementor-container elementor-column-gap-default\">\n\t\t\t\t\t<div class=\"elementor-column elementor-col-100 elementor-top-column elementor-element elementor-element-1a634b4a\" data-id=\"1a634b4a\" data-element_type=\"column\">\n\t\t\t<div class=\"elementor-widget-wrap elementor-element-populated\">\n\t\t\t\t\t\t<div class=\"elementor-element elementor-element-40ce3563 elementor-arrows-position-inside elementor-pagination-position-outside elementor-widget elementor-widget-image-carousel\" data-id=\"40ce3563\" data-element_type=\"widget\" data-settings=\"{&quot;slides_to_show&quot;:&quot;1&quot;,&quot;navigation&quot;:&quot;both&quot;,&quot;autoplay&quot;:&quot;yes&quot;,&quot;pause_on_hover&quot;:&quot;yes&quot;,&quot;pause_on_interaction&quot;:&quot;yes&quot;,&quot;autoplay_speed&quot;:5000,&quot;infinite&quot;:&quot;yes&quot;,&quot;effect&quot;:&quot;slide&quot;,&quot;speed&quot;:500}\" data-widget_type=\"image-carousel.default\">\n\t\t\t\t<div class=\"elementor-widget-container\">\n\t\t\t\t\t<div class=\"elementor-image-carousel-wrapper swiper\" dir=\"ltr\">\n\t\t\t<div class=\"elementor-image-carousel swiper-wrapper\" aria-live=\"off\">\n\t\t\t\t\t\t\t\t<div class=\"swiper-slide\" role=\"group\" aria-roledescription=\"slide\" aria-label=\"1 sur 7\"><figure class=\"swiper-slide-inner\"><img decoding=\"async\" class=\"swiper-slide-image\" src=\"https:\/\/www.ifi-id.com\/wp-content\/uploads\/2025\/06\/Confit_0006_Foto-menu-1.jpg\" alt=\"Confit_0006_Foto menu 1\" \/><\/figure><\/div><div class=\"swiper-slide\" role=\"group\" aria-roledescription=\"slide\" aria-label=\"2 sur 7\"><figure class=\"swiper-slide-inner\"><img decoding=\"async\" class=\"swiper-slide-image\" src=\"https:\/\/www.ifi-id.com\/wp-content\/uploads\/2025\/06\/Confit_0001_Foto-menu-6.jpg\" alt=\"Confit_0001_Foto menu 6\" \/><\/figure><\/div><div class=\"swiper-slide\" role=\"group\" aria-roledescription=\"slide\" aria-label=\"3 sur 7\"><figure class=\"swiper-slide-inner\"><img decoding=\"async\" class=\"swiper-slide-image\" src=\"https:\/\/www.ifi-id.com\/wp-content\/uploads\/2025\/06\/Confit_0002_Foto-menu-5.jpg\" alt=\"Confit_0002_Foto menu 5\" \/><\/figure><\/div><div class=\"swiper-slide\" role=\"group\" aria-roledescription=\"slide\" aria-label=\"4 sur 7\"><figure class=\"swiper-slide-inner\"><img decoding=\"async\" class=\"swiper-slide-image\" src=\"https:\/\/www.ifi-id.com\/wp-content\/uploads\/2025\/06\/Confit_0003_Foto-menu-4.jpg\" alt=\"Confit_0003_Foto menu 4\" \/><\/figure><\/div><div class=\"swiper-slide\" role=\"group\" aria-roledescription=\"slide\" aria-label=\"5 sur 7\"><figure class=\"swiper-slide-inner\"><img decoding=\"async\" class=\"swiper-slide-image\" src=\"https:\/\/www.ifi-id.com\/wp-content\/uploads\/2025\/06\/Confit_0004_Foto-menu-3.jpg\" alt=\"Confit_0004_Foto menu 3\" \/><\/figure><\/div><div class=\"swiper-slide\" role=\"group\" aria-roledescription=\"slide\" aria-label=\"6 sur 7\"><figure class=\"swiper-slide-inner\"><img decoding=\"async\" class=\"swiper-slide-image\" src=\"https:\/\/www.ifi-id.com\/wp-content\/uploads\/2025\/06\/Confit_0005_Foto-menu-2.jpg\" alt=\"Confit_0005_Foto menu 2\" \/><\/figure><\/div><div class=\"swiper-slide\" role=\"group\" aria-roledescription=\"slide\" aria-label=\"7 sur 7\"><figure class=\"swiper-slide-inner\"><img decoding=\"async\" class=\"swiper-slide-image\" src=\"https:\/\/www.ifi-id.com\/wp-content\/uploads\/2025\/06\/Confit_0006_Foto-menu-1.jpg\" alt=\"Confit_0006_Foto menu 1\" \/><\/figure><\/div>\t\t\t<\/div>\n\t\t\t\t\t\t\t\t\t\t\t\t<div class=\"elementor-swiper-button elementor-swiper-button-prev\" role=\"button\" tabindex=\"0\">\n\t\t\t\t\t\t<i aria-hidden=\"true\" class=\"eicon-chevron-left\"><\/i>\t\t\t\t\t<\/div>\n\t\t\t\t\t<div class=\"elementor-swiper-button elementor-swiper-button-next\" role=\"button\" tabindex=\"0\">\n\t\t\t\t\t\t<i aria-hidden=\"true\" class=\"eicon-chevron-right\"><\/i>\t\t\t\t\t<\/div>\n\t\t\t\t\n\t\t\t\t\t\t\t\t\t<div class=\"swiper-pagination\"><\/div>\n\t\t\t\t\t\t\t\t\t<\/div>\n\t\t\t\t<\/div>\n\t\t\t\t<\/div>\n\t\t\t\t\t<\/div>\n\t\t<\/div>\n\t\t\t\t\t<\/div>\n\t\t<\/section>\n\t\t\t\t<section class=\"elementor-section elementor-top-section elementor-element elementor-element-1c7dbe21 elementor-section-boxed elementor-section-height-default elementor-section-height-default\" data-id=\"1c7dbe21\" data-element_type=\"section\">\n\t\t\t\t\t\t<div class=\"elementor-container elementor-column-gap-default\">\n\t\t\t\t\t<div class=\"elementor-column elementor-col-100 elementor-top-column elementor-element elementor-element-27bfd5b2\" data-id=\"27bfd5b2\" data-element_type=\"column\">\n\t\t\t<div class=\"elementor-widget-wrap elementor-element-populated\">\n\t\t\t\t\t\t<div class=\"elementor-element elementor-element-192232b6 elementor-widget elementor-widget-text-editor\" data-id=\"192232b6\" data-element_type=\"widget\" data-widget_type=\"text-editor.default\">\n\t\t\t\t<div class=\"elementor-widget-container\">\n\t\t\t\t\t\t\t<p>CONFIT Restaurant est le pionnier de la cuisine australienne moderne \u00e0 Surabaya, ouvert en d\u00e9cembre 2014. Dirig\u00e9 par le Chef Adrian Winoto, qui poss\u00e8de plus de 20 ans d\u2019exp\u00e9rience en Australie, \u00e0 Singapour et en Indon\u00e9sie, et qui a remport\u00e9 de nombreux prix. Nous combinons des produits locaux frais avec des techniques modernes et classiques pour cr\u00e9er un menu unique, simple, raffin\u00e9, mais toujours authentique. Afin de garantir la qualit\u00e9 et la fra\u00eecheur, la plupart de nos l\u00e9gumes sont cultiv\u00e9s dans notre potager situ\u00e9 \u00e0 Pandaan. Le Chef Adrian et son \u00e9quipe se rendent r\u00e9guli\u00e8rement au march\u00e9 pour s\u2019assurer que les ingr\u00e9dients utilis\u00e9s sont de saison, frais, et surtout les meilleurs du jour. Comme le souligne toujours le Chef Adrian, la cuisine de CONFIT Restaurant se veut honn\u00eate, sans artifices, sans fioritures, et parfaitement ex\u00e9cut\u00e9e.<\/p>\n<p>B\u00e9n\u00e9ficiez de <strong>10 % de r\u00e9duction les jours ordinaires<\/strong>, <strong>20 % le jour de votre anniversaire<\/strong>, et <strong>5 % sur le menu Wagyu<\/strong> \u2013 exclusivement pour les membres de l\u2019IFI !<\/p>\n\t\t\t\t\t\t<\/div>\n\t\t\t\t<\/div>\n\t\t\t\t\t<\/div>\n\t\t<\/div>\n\t\t\t\t\t<\/div>\n\t\t<\/section>\n\t\t\t\t<section class=\"elementor-section elementor-top-section elementor-element elementor-element-796462f9 elementor-section-boxed elementor-section-height-default elementor-section-height-default\" data-id=\"796462f9\" data-element_type=\"section\">\n\t\t\t\t\t\t<div class=\"elementor-container elementor-column-gap-default\">\n\t\t\t\t\t<div class=\"elementor-column elementor-col-100 elementor-top-column elementor-element elementor-element-41b67e9c\" data-id=\"41b67e9c\" data-element_type=\"column\">\n\t\t\t<div class=\"elementor-widget-wrap elementor-element-populated\">\n\t\t\t\t\t\t<div class=\"elementor-element elementor-element-2651805e elementor-widget elementor-widget-heading\" data-id=\"2651805e\" data-element_type=\"widget\" data-widget_type=\"heading.default\">\n\t\t\t\t<div class=\"elementor-widget-container\">\n\t\t\t<h2 class=\"elementor-heading-title elementor-size-default\">Adresse<\/h2>\t\t<\/div>\n\t\t\t\t<\/div>\n\t\t\t\t\t<\/div>\n\t\t<\/div>\n\t\t\t\t\t<\/div>\n\t\t<\/section>\n\t\t\t\t<section class=\"elementor-section elementor-top-section elementor-element elementor-element-6f5cc4d1 elementor-section-boxed elementor-section-height-default elementor-section-height-default\" data-id=\"6f5cc4d1\" data-element_type=\"section\">\n\t\t\t\t\t\t<div class=\"elementor-container elementor-column-gap-default\">\n\t\t\t\t\t<div class=\"elementor-column elementor-col-100 elementor-top-column elementor-element elementor-element-e0df102\" data-id=\"e0df102\" data-element_type=\"column\">\n\t\t\t<div class=\"elementor-widget-wrap elementor-element-populated\">\n\t\t\t\t\t\t<div class=\"elementor-element elementor-element-3cde9124 elementor-widget elementor-widget-html\" data-id=\"3cde9124\" data-element_type=\"widget\" data-widget_type=\"html.default\">\n\t\t\t\t<div class=\"elementor-widget-container\">\n\t\t\t<iframe src=\"https:\/\/www.google.com\/maps\/embed?pb=!1m18!1m12!1m3!1d3957.6616367154375!2d112.73368207499992!3d-7.279286592727917!2m3!1f0!2f0!3f0!3m2!1i1024!2i768!4f13.1!3m3!1m2!1s0x2dd7fbe857813999%3A0x499e75a5f05e3!2sCONFIT!5e0!3m2!1sen!2sid!4v1750070151244!5m2!1sen!2sid\" width=\"400\" height=\"300\" style=\"border:0;\" allowfullscreen=\"\" loading=\"lazy\" referrerpolicy=\"no-referrer-when-downgrade\"><\/iframe>\t\t<\/div>\n\t\t\t\t<\/div>\n\t\t\t\t\t<\/div>\n\t\t<\/div>\n\t\t\t\t\t<\/div>\n\t\t<\/section>\n\t\t\t\t<\/div>\n\t\t","protected":false},"excerpt":{"rendered":"<p>Confit Restaurant Confit Restaurant CONFIT Restaurant est le pionnier de la cuisine australienne moderne \u00e0 Surabaya, ouvert en d\u00e9cembre 2014. Dirig\u00e9 par le Chef Adrian Winoto, qui poss\u00e8de plus de 20 ans d\u2019exp\u00e9rience en Australie, \u00e0 Singapour et en Indon\u00e9sie, et qui a remport\u00e9 de nombreux prix. Nous combinons des produits locaux frais avec des &hellip; <\/p>\n<p class=\"link-more\"><a href=\"https:\/\/www.ifi-id.com\/fr\/carte-membre-ifi\/confit-restaurant\/\" class=\"more-link\">Continuer la lecture<span class=\"screen-reader-text\"> de &laquo;&nbsp;Confit Restaurant&nbsp;&raquo;<\/span><\/a><\/p>\n","protected":false},"author":8,"featured_media":55679,"parent":52305,"menu_order":0,"comment_status":"closed","ping_status":"closed","template":"elementor_header_footer","meta":{"footnotes":""},"class_list":["post-55703","page","type-page","status-publish","has-post-thumbnail","hentry"],"yoast_head":"<!-- This site is optimized with the Yoast SEO plugin v23.5 - https:\/\/yoast.com\/wordpress\/plugins\/seo\/ -->\n<title>Confit Restaurant - Institut fran\u00e7ais Indon\u00e9sie<\/title>\n<meta name=\"robots\" content=\"index, follow, max-snippet:-1, max-image-preview:large, max-video-preview:-1\" \/>\n<link rel=\"canonical\" href=\"https:\/\/www.ifi-id.com\/kartu-keanggotaan-ifi\/confit-restaurant\/\" \/>\n<meta property=\"og:locale\" content=\"fr_FR\" \/>\n<meta property=\"og:type\" content=\"article\" \/>\n<meta property=\"og:title\" content=\"Confit Restaurant - Institut fran\u00e7ais Indon\u00e9sie\" \/>\n<meta property=\"og:description\" content=\"Confit Restaurant Confit Restaurant CONFIT Restaurant est le pionnier de la cuisine australienne moderne \u00e0 Surabaya, ouvert en d\u00e9cembre 2014. Dirig\u00e9 par le Chef Adrian Winoto, qui poss\u00e8de plus de 20 ans d\u2019exp\u00e9rience en Australie, \u00e0 Singapour et en Indon\u00e9sie, et qui a remport\u00e9 de nombreux prix. Nous combinons des produits locaux frais avec des &hellip; Continuer la lecture de &laquo;&nbsp;Confit Restaurant&nbsp;&raquo;\" \/>\n<meta property=\"og:url\" content=\"https:\/\/www.ifi-id.com\/kartu-keanggotaan-ifi\/confit-restaurant\/\" \/>\n<meta property=\"og:site_name\" content=\"Institut fran\u00e7ais Indon\u00e9sie\" \/>\n<meta property=\"article:modified_time\" content=\"2025-06-16T10:41:51+00:00\" \/>\n<meta property=\"og:image\" content=\"https:\/\/www.ifi-id.com\/wp-content\/uploads\/2025\/06\/Confit_0007_Logo-hitam.jpg\" \/>\n\t<meta property=\"og:image:width\" content=\"1280\" \/>\n\t<meta property=\"og:image:height\" content=\"720\" \/>\n\t<meta property=\"og:image:type\" content=\"image\/jpeg\" \/>\n<meta name=\"twitter:card\" content=\"summary_large_image\" \/>\n<meta name=\"twitter:label1\" content=\"Dur\u00e9e de lecture estim\u00e9e\" \/>\n\t<meta name=\"twitter:data1\" content=\"1 minute\" \/>\n<script type=\"application\/ld+json\" class=\"yoast-schema-graph\">{\"@context\":\"https:\/\/schema.org\",\"@graph\":[{\"@type\":\"WebPage\",\"@id\":\"https:\/\/www.ifi-id.com\/kartu-keanggotaan-ifi\/confit-restaurant\/\",\"url\":\"https:\/\/www.ifi-id.com\/kartu-keanggotaan-ifi\/confit-restaurant\/\",\"name\":\"Confit Restaurant - Institut fran\u00e7ais Indon\u00e9sie\",\"isPartOf\":{\"@id\":\"https:\/\/www.ifi-id.com\/#website\"},\"primaryImageOfPage\":{\"@id\":\"https:\/\/www.ifi-id.com\/kartu-keanggotaan-ifi\/confit-restaurant\/#primaryimage\"},\"image\":{\"@id\":\"https:\/\/www.ifi-id.com\/kartu-keanggotaan-ifi\/confit-restaurant\/#primaryimage\"},\"thumbnailUrl\":\"https:\/\/www.ifi-id.com\/wp-content\/uploads\/2025\/06\/Confit_0007_Logo-hitam.jpg\",\"datePublished\":\"2025-06-16T10:41:50+00:00\",\"dateModified\":\"2025-06-16T10:41:51+00:00\",\"breadcrumb\":{\"@id\":\"https:\/\/www.ifi-id.com\/kartu-keanggotaan-ifi\/confit-restaurant\/#breadcrumb\"},\"inLanguage\":\"fr-FR\",\"potentialAction\":[{\"@type\":\"ReadAction\",\"target\":[\"https:\/\/www.ifi-id.com\/kartu-keanggotaan-ifi\/confit-restaurant\/\"]}]},{\"@type\":\"ImageObject\",\"inLanguage\":\"fr-FR\",\"@id\":\"https:\/\/www.ifi-id.com\/kartu-keanggotaan-ifi\/confit-restaurant\/#primaryimage\",\"url\":\"https:\/\/www.ifi-id.com\/wp-content\/uploads\/2025\/06\/Confit_0007_Logo-hitam.jpg\",\"contentUrl\":\"https:\/\/www.ifi-id.com\/wp-content\/uploads\/2025\/06\/Confit_0007_Logo-hitam.jpg\",\"width\":1280,\"height\":720},{\"@type\":\"BreadcrumbList\",\"@id\":\"https:\/\/www.ifi-id.com\/kartu-keanggotaan-ifi\/confit-restaurant\/#breadcrumb\",\"itemListElement\":[{\"@type\":\"ListItem\",\"position\":1,\"name\":\"Home\",\"item\":\"https:\/\/www.ifi-id.com\/\"},{\"@type\":\"ListItem\",\"position\":2,\"name\":\"Carte membre IFI\",\"item\":\"https:\/\/www.ifi-id.com\/kartu-keanggotaan-ifi\/\"},{\"@type\":\"ListItem\",\"position\":3,\"name\":\"Confit Restaurant\"}]},{\"@type\":\"WebSite\",\"@id\":\"https:\/\/www.ifi-id.com\/#website\",\"url\":\"https:\/\/www.ifi-id.com\/\",\"name\":\"Institut fran\u00e7ais Indon\u00e9sie\",\"description\":\"\",\"publisher\":{\"@id\":\"https:\/\/www.ifi-id.com\/#organization\"},\"potentialAction\":[{\"@type\":\"SearchAction\",\"target\":{\"@type\":\"EntryPoint\",\"urlTemplate\":\"https:\/\/www.ifi-id.com\/?s={search_term_string}\"},\"query-input\":{\"@type\":\"PropertyValueSpecification\",\"valueRequired\":true,\"valueName\":\"search_term_string\"}}],\"inLanguage\":\"fr-FR\"},{\"@type\":\"Organization\",\"@id\":\"https:\/\/www.ifi-id.com\/#organization\",\"name\":\"Institut fran\u00e7ais Indon\u00e9sie\",\"url\":\"https:\/\/www.ifi-id.com\/\",\"logo\":{\"@type\":\"ImageObject\",\"inLanguage\":\"fr-FR\",\"@id\":\"https:\/\/www.ifi-id.com\/#\/schema\/logo\/image\/\",\"url\":\"https:\/\/www.ifi-id.com\/wp-content\/uploads\/2022\/12\/IFI_New_Logo.jpg\",\"contentUrl\":\"https:\/\/www.ifi-id.com\/wp-content\/uploads\/2022\/12\/IFI_New_Logo.jpg\",\"width\":666,\"height\":444,\"caption\":\"Institut fran\u00e7ais Indon\u00e9sie\"},\"image\":{\"@id\":\"https:\/\/www.ifi-id.com\/#\/schema\/logo\/image\/\"}}]}<\/script>\n<!-- \/ Yoast SEO plugin. -->","yoast_head_json":{"title":"Confit Restaurant - Institut fran\u00e7ais Indon\u00e9sie","robots":{"index":"index","follow":"follow","max-snippet":"max-snippet:-1","max-image-preview":"max-image-preview:large","max-video-preview":"max-video-preview:-1"},"canonical":"https:\/\/www.ifi-id.com\/kartu-keanggotaan-ifi\/confit-restaurant\/","og_locale":"fr_FR","og_type":"article","og_title":"Confit Restaurant - Institut fran\u00e7ais Indon\u00e9sie","og_description":"Confit Restaurant Confit Restaurant CONFIT Restaurant est le pionnier de la cuisine australienne moderne \u00e0 Surabaya, ouvert en d\u00e9cembre 2014. Dirig\u00e9 par le Chef Adrian Winoto, qui poss\u00e8de plus de 20 ans d\u2019exp\u00e9rience en Australie, \u00e0 Singapour et en Indon\u00e9sie, et qui a remport\u00e9 de nombreux prix. Nous combinons des produits locaux frais avec des &hellip; Continuer la lecture de &laquo;&nbsp;Confit Restaurant&nbsp;&raquo;","og_url":"https:\/\/www.ifi-id.com\/kartu-keanggotaan-ifi\/confit-restaurant\/","og_site_name":"Institut fran\u00e7ais Indon\u00e9sie","article_modified_time":"2025-06-16T10:41:51+00:00","og_image":[{"width":1280,"height":720,"url":"https:\/\/www.ifi-id.com\/wp-content\/uploads\/2025\/06\/Confit_0007_Logo-hitam.jpg","type":"image\/jpeg"}],"twitter_card":"summary_large_image","twitter_misc":{"Dur\u00e9e de lecture estim\u00e9e":"1 minute"},"schema":{"@context":"https:\/\/schema.org","@graph":[{"@type":"WebPage","@id":"https:\/\/www.ifi-id.com\/kartu-keanggotaan-ifi\/confit-restaurant\/","url":"https:\/\/www.ifi-id.com\/kartu-keanggotaan-ifi\/confit-restaurant\/","name":"Confit Restaurant - Institut fran\u00e7ais Indon\u00e9sie","isPartOf":{"@id":"https:\/\/www.ifi-id.com\/#website"},"primaryImageOfPage":{"@id":"https:\/\/www.ifi-id.com\/kartu-keanggotaan-ifi\/confit-restaurant\/#primaryimage"},"image":{"@id":"https:\/\/www.ifi-id.com\/kartu-keanggotaan-ifi\/confit-restaurant\/#primaryimage"},"thumbnailUrl":"https:\/\/www.ifi-id.com\/wp-content\/uploads\/2025\/06\/Confit_0007_Logo-hitam.jpg","datePublished":"2025-06-16T10:41:50+00:00","dateModified":"2025-06-16T10:41:51+00:00","breadcrumb":{"@id":"https:\/\/www.ifi-id.com\/kartu-keanggotaan-ifi\/confit-restaurant\/#breadcrumb"},"inLanguage":"fr-FR","potentialAction":[{"@type":"ReadAction","target":["https:\/\/www.ifi-id.com\/kartu-keanggotaan-ifi\/confit-restaurant\/"]}]},{"@type":"ImageObject","inLanguage":"fr-FR","@id":"https:\/\/www.ifi-id.com\/kartu-keanggotaan-ifi\/confit-restaurant\/#primaryimage","url":"https:\/\/www.ifi-id.com\/wp-content\/uploads\/2025\/06\/Confit_0007_Logo-hitam.jpg","contentUrl":"https:\/\/www.ifi-id.com\/wp-content\/uploads\/2025\/06\/Confit_0007_Logo-hitam.jpg","width":1280,"height":720},{"@type":"BreadcrumbList","@id":"https:\/\/www.ifi-id.com\/kartu-keanggotaan-ifi\/confit-restaurant\/#breadcrumb","itemListElement":[{"@type":"ListItem","position":1,"name":"Home","item":"https:\/\/www.ifi-id.com\/"},{"@type":"ListItem","position":2,"name":"Carte membre IFI","item":"https:\/\/www.ifi-id.com\/kartu-keanggotaan-ifi\/"},{"@type":"ListItem","position":3,"name":"Confit Restaurant"}]},{"@type":"WebSite","@id":"https:\/\/www.ifi-id.com\/#website","url":"https:\/\/www.ifi-id.com\/","name":"Institut fran\u00e7ais Indon\u00e9sie","description":"","publisher":{"@id":"https:\/\/www.ifi-id.com\/#organization"},"potentialAction":[{"@type":"SearchAction","target":{"@type":"EntryPoint","urlTemplate":"https:\/\/www.ifi-id.com\/?s={search_term_string}"},"query-input":{"@type":"PropertyValueSpecification","valueRequired":true,"valueName":"search_term_string"}}],"inLanguage":"fr-FR"},{"@type":"Organization","@id":"https:\/\/www.ifi-id.com\/#organization","name":"Institut fran\u00e7ais Indon\u00e9sie","url":"https:\/\/www.ifi-id.com\/","logo":{"@type":"ImageObject","inLanguage":"fr-FR","@id":"https:\/\/www.ifi-id.com\/#\/schema\/logo\/image\/","url":"https:\/\/www.ifi-id.com\/wp-content\/uploads\/2022\/12\/IFI_New_Logo.jpg","contentUrl":"https:\/\/www.ifi-id.com\/wp-content\/uploads\/2022\/12\/IFI_New_Logo.jpg","width":666,"height":444,"caption":"Institut fran\u00e7ais Indon\u00e9sie"},"image":{"@id":"https:\/\/www.ifi-id.com\/#\/schema\/logo\/image\/"}}]}},"post_mailing_queue_ids":[],"_links":{"self":[{"href":"https:\/\/www.ifi-id.com\/fr\/wp-json\/wp\/v2\/pages\/55703"}],"collection":[{"href":"https:\/\/www.ifi-id.com\/fr\/wp-json\/wp\/v2\/pages"}],"about":[{"href":"https:\/\/www.ifi-id.com\/fr\/wp-json\/wp\/v2\/types\/page"}],"author":[{"embeddable":true,"href":"https:\/\/www.ifi-id.com\/fr\/wp-json\/wp\/v2\/users\/8"}],"replies":[{"embeddable":true,"href":"https:\/\/www.ifi-id.com\/fr\/wp-json\/wp\/v2\/comments?post=55703"}],"version-history":[{"count":1,"href":"https:\/\/www.ifi-id.com\/fr\/wp-json\/wp\/v2\/pages\/55703\/revisions"}],"predecessor-version":[{"id":55704,"href":"https:\/\/www.ifi-id.com\/fr\/wp-json\/wp\/v2\/pages\/55703\/revisions\/55704"}],"up":[{"embeddable":true,"href":"https:\/\/www.ifi-id.com\/fr\/wp-json\/wp\/v2\/pages\/52305"}],"wp:featuredmedia":[{"embeddable":true,"href":"https:\/\/www.ifi-id.com\/fr\/wp-json\/wp\/v2\/media\/55679"}],"wp:attachment":[{"href":"https:\/\/www.ifi-id.com\/fr\/wp-json\/wp\/v2\/media?parent=55703"}],"curies":[{"name":"wp","href":"https:\/\/api.w.org\/{rel}","templated":true}]}}