{"id":55497,"date":"2025-06-16T14:46:26","date_gmt":"2025-06-16T07:46:26","guid":{"rendered":"https:\/\/www.ifi-id.com\/carte-membre-ifi\/yogyakarta-marriott-hotel\/"},"modified":"2025-06-16T14:46:27","modified_gmt":"2025-06-16T07:46:27","slug":"yogyakarta-marriott-hotel","status":"publish","type":"page","link":"https:\/\/www.ifi-id.com\/fr\/carte-membre-ifi\/yogyakarta-marriott-hotel\/","title":{"rendered":"Yogyakarta Marriott Hotel"},"content":{"rendered":"\t\t<div data-elementor-type=\"wp-page\" data-elementor-id=\"55497\" class=\"elementor elementor-55497 elementor-55480\" data-elementor-post-type=\"page\">\n\t\t\t\t\t\t<section class=\"elementor-section elementor-top-section elementor-element elementor-element-3d9769cd elementor-section-boxed elementor-section-height-default elementor-section-height-default\" data-id=\"3d9769cd\" data-element_type=\"section\">\n\t\t\t\t\t\t<div class=\"elementor-container elementor-column-gap-default\">\n\t\t\t\t\t<div class=\"elementor-column elementor-col-100 elementor-top-column elementor-element elementor-element-2c592d7e\" data-id=\"2c592d7e\" data-element_type=\"column\">\n\t\t\t<div class=\"elementor-widget-wrap elementor-element-populated\">\n\t\t\t\t\t\t<div class=\"elementor-element elementor-element-4b077c0 elementor-hidden-mobile elementor-widget elementor-widget-heading\" data-id=\"4b077c0\" data-element_type=\"widget\" data-widget_type=\"heading.default\">\n\t\t\t\t<div class=\"elementor-widget-container\">\n\t\t\t<h2 class=\"elementor-heading-title elementor-size-default\">Yogyakarta Marriott Hotel<\/h2>\t\t<\/div>\n\t\t\t\t<\/div>\n\t\t\t\t\t<\/div>\n\t\t<\/div>\n\t\t\t\t\t<\/div>\n\t\t<\/section>\n\t\t\t\t<section class=\"elementor-section elementor-top-section elementor-element elementor-element-58be7228 elementor-section-boxed elementor-section-height-default elementor-section-height-default\" data-id=\"58be7228\" data-element_type=\"section\">\n\t\t\t\t\t\t<div class=\"elementor-container elementor-column-gap-default\">\n\t\t\t\t\t<div class=\"elementor-column elementor-col-100 elementor-top-column elementor-element elementor-element-622cb929\" data-id=\"622cb929\" data-element_type=\"column\">\n\t\t\t<div class=\"elementor-widget-wrap elementor-element-populated\">\n\t\t\t\t\t\t<div class=\"elementor-element elementor-element-31bf4079 elementor-hidden-desktop elementor-hidden-tablet elementor-widget elementor-widget-heading\" data-id=\"31bf4079\" data-element_type=\"widget\" data-widget_type=\"heading.default\">\n\t\t\t\t<div class=\"elementor-widget-container\">\n\t\t\t<h1 class=\"elementor-heading-title elementor-size-default\">Yogyakarta Marriott Hotel<\/h1>\t\t<\/div>\n\t\t\t\t<\/div>\n\t\t\t\t\t<\/div>\n\t\t<\/div>\n\t\t\t\t\t<\/div>\n\t\t<\/section>\n\t\t\t\t<section class=\"elementor-section elementor-top-section elementor-element elementor-element-477b5c6e elementor-section-boxed elementor-section-height-default elementor-section-height-default\" data-id=\"477b5c6e\" data-element_type=\"section\">\n\t\t\t\t\t\t<div class=\"elementor-container elementor-column-gap-default\">\n\t\t\t\t\t<div class=\"elementor-column elementor-col-100 elementor-top-column elementor-element elementor-element-3a502a86\" data-id=\"3a502a86\" data-element_type=\"column\">\n\t\t\t<div class=\"elementor-widget-wrap elementor-element-populated\">\n\t\t\t\t\t\t<div class=\"elementor-element elementor-element-2be357ef elementor-widget elementor-widget-image\" data-id=\"2be357ef\" data-element_type=\"widget\" data-widget_type=\"image.default\">\n\t\t\t\t<div class=\"elementor-widget-container\">\n\t\t\t\t\t\t\t\t\t\t\t\t\t<img fetchpriority=\"high\" decoding=\"async\" width=\"1280\" height=\"720\" src=\"https:\/\/www.ifi-id.com\/wp-content\/uploads\/2025\/06\/Marriot-Yogyakarta.jpg\" class=\"attachment-full size-full wp-image-55482\" alt=\"\" srcset=\"https:\/\/www.ifi-id.com\/wp-content\/uploads\/2025\/06\/Marriot-Yogyakarta.jpg 1280w, https:\/\/www.ifi-id.com\/wp-content\/uploads\/2025\/06\/Marriot-Yogyakarta-300x169.jpg 300w, https:\/\/www.ifi-id.com\/wp-content\/uploads\/2025\/06\/Marriot-Yogyakarta-1024x576.jpg 1024w, https:\/\/www.ifi-id.com\/wp-content\/uploads\/2025\/06\/Marriot-Yogyakarta-768x432.jpg 768w\" sizes=\"100vw\" \/>\t\t\t\t\t\t\t\t\t\t\t\t\t<\/div>\n\t\t\t\t<\/div>\n\t\t\t\t\t<\/div>\n\t\t<\/div>\n\t\t\t\t\t<\/div>\n\t\t<\/section>\n\t\t\t\t<section class=\"elementor-section elementor-top-section elementor-element elementor-element-4c3b9dcc elementor-section-boxed elementor-section-height-default elementor-section-height-default\" data-id=\"4c3b9dcc\" data-element_type=\"section\">\n\t\t\t\t\t\t<div class=\"elementor-container elementor-column-gap-default\">\n\t\t\t\t\t<div class=\"elementor-column elementor-col-100 elementor-top-column elementor-element elementor-element-59256102\" data-id=\"59256102\" data-element_type=\"column\">\n\t\t\t<div class=\"elementor-widget-wrap elementor-element-populated\">\n\t\t\t\t\t\t<div class=\"elementor-element elementor-element-6267d645 elementor-widget elementor-widget-text-editor\" data-id=\"6267d645\" data-element_type=\"widget\" data-widget_type=\"text-editor.default\">\n\t\t\t\t<div class=\"elementor-widget-container\">\n\t\t\t\t\t\t\t<p>H\u00f4tel 5 \u00e9toiles \u00e0 Yogyakarta, situ\u00e9 \u00e0 proximit\u00e9 du centre commercial Pakuwon Mall Jogja, offrant un acc\u00e8s facile \u00e0 des destinations touristiques populaires telles que le temple de Prambanan, le temple de Borobudur, la rue Malioboro, le Kraton Yogyakarta et l&rsquo;universit\u00e9 Gadjah Mada. D\u00e9tendez-vous dans notre piscine \u00e0 d\u00e9bordement embl\u00e9matique ou entra\u00eenez-vous dans notre centre de fitness ouvert 24h\/24. Faites-vous plaisir au Soir\u00e9e Lounge &amp; Grill, notre restaurant-grill signature. Organisez une r\u00e9union d&rsquo;affaires ou un \u00e9v\u00e9nement social dans l&rsquo;une de nos 11 salles \u00e9v\u00e9nementielles, dont les plus grandes salles de r\u00e9ception sans pilier de Yogyakarta, \u00e9quip\u00e9es de deux \u00e9crans LED int\u00e9gr\u00e9s. Installez-vous dans des chambres spacieuses et modernes avec vue sur les toits de Yogyakarta.<\/p>\n<p>En tant que membre, profitez des avantages suivants en pr\u00e9sentant votre carte de membre :<\/p>\n<ul>\n<li>15% de r\u00e9duction pour les \u00e9tudiants, les professeurs et le personnel de l\u2019IFI sur les menus \u00e0 la carte propos\u00e9s au \u201cFB Outlet\u201d (bars, restaurants et lounge) de l\u2019h\u00f4tel Marriott Yogyakarta avec un commande minimum de 300.000 IDR. Cette r\u00e9duction ne s&rsquo;applique pas aux boissons alcoolis\u00e9es et au service de restauration en chambre ;<\/li>\n<li>15% de r\u00e9duction pour le programme \u201cAll You Can Eat Chinese Culinary et BBQ by The Pool\u201d;<\/li>\n<li>Tarif pr\u00e9f\u00e9rentiel (150.000 IDR net \/ personne) pour les \u00e9tudiants, les professeurs et le personnel de l\u2019IFI pour un petit d\u00e9jeuner (\u201cbreakfast buffet\u201d);<\/li>\n<li>Offre pr\u00e9f\u00e9rentielle \u201c1 cocktail achet\u00e9 \/ 1 cocktail offert\u201d (avec montant minimum de 120.000 IDR) tous les jours de 15h \u00e0 19h00 et chaque samedi du 21h00 au 23h00 ;<\/li>\n<li>R\u00e9duction jusqu\u2019\u00e0 30% pour les \u00e9v\u00e9nements professionnels ou personnels destin\u00e9s aux \u00e9tudiants, aux professeurs et au personnel de l\u2019IFI avec une r\u00e9servation minimale de 50 personnes au restaurant.<\/li>\n<\/ul>\n<p>Les r\u00e9ductions ci-dessus s&rsquo;appliquent sous r\u00e9serve des conditions suivantes :<\/p>\n<ul>\n<li>Les r\u00e9ductions ne sont valables que pour les repas et boissons ;<\/li>\n<li>Les r\u00e9ductions ne peuvent pas \u00eatre combin\u00e9es avec d\u2019autres r\u00e9ductions ou promotions en cours ;<\/li>\n<li>S&rsquo;il y a plus d&rsquo;un membre de la communaut\u00e9 effectuant une transaction au \u201cFB Outlet\u201d (bars, restaurants et lounge) de l\u2019h\u00f4tel Marriott Yogyakarta, la r\u00e9duction maximale pouvant \u00eatre appliqu\u00e9e est de 15 % par facture.<\/li>\n<\/ul>\n\t\t\t\t\t\t<\/div>\n\t\t\t\t<\/div>\n\t\t\t\t\t<\/div>\n\t\t<\/div>\n\t\t\t\t\t<\/div>\n\t\t<\/section>\n\t\t\t\t<section class=\"elementor-section elementor-top-section elementor-element elementor-element-6eb85f7e elementor-section-boxed elementor-section-height-default elementor-section-height-default\" data-id=\"6eb85f7e\" data-element_type=\"section\">\n\t\t\t\t\t\t<div class=\"elementor-container elementor-column-gap-default\">\n\t\t\t\t\t<div class=\"elementor-column elementor-col-100 elementor-top-column elementor-element elementor-element-47649853\" data-id=\"47649853\" data-element_type=\"column\">\n\t\t\t<div class=\"elementor-widget-wrap elementor-element-populated\">\n\t\t\t\t\t\t<div class=\"elementor-element elementor-element-5281ed33 elementor-widget elementor-widget-heading\" data-id=\"5281ed33\" data-element_type=\"widget\" data-widget_type=\"heading.default\">\n\t\t\t\t<div class=\"elementor-widget-container\">\n\t\t\t<h2 class=\"elementor-heading-title elementor-size-default\">Adresse<\/h2>\t\t<\/div>\n\t\t\t\t<\/div>\n\t\t\t\t\t<\/div>\n\t\t<\/div>\n\t\t\t\t\t<\/div>\n\t\t<\/section>\n\t\t\t\t<section class=\"elementor-section elementor-top-section elementor-element elementor-element-582141a7 elementor-section-boxed elementor-section-height-default elementor-section-height-default\" data-id=\"582141a7\" data-element_type=\"section\">\n\t\t\t\t\t\t<div class=\"elementor-container elementor-column-gap-default\">\n\t\t\t\t\t<div class=\"elementor-column elementor-col-100 elementor-top-column elementor-element elementor-element-11ef97b5\" data-id=\"11ef97b5\" data-element_type=\"column\">\n\t\t\t<div class=\"elementor-widget-wrap elementor-element-populated\">\n\t\t\t\t\t\t<div class=\"elementor-element elementor-element-110df751 elementor-widget elementor-widget-html\" data-id=\"110df751\" data-element_type=\"widget\" data-widget_type=\"html.default\">\n\t\t\t\t<div class=\"elementor-widget-container\">\n\t\t\t<iframe src=\"https:\/\/www.google.com\/maps\/embed?pb=!1m18!1m12!1m3!1d3953.2656808032953!2d110.39589631130917!3d-7.761623376945767!2m3!1f0!2f0!3f0!3m2!1i1024!2i768!4f13.1!3m3!1m2!1s0x2e7a59a31713c041%3A0x1d724184969b4ac8!2sYogyakarta%20Marriott%20Hotel!5e0!3m2!1sen!2sid!4v1750059325826!5m2!1sen!2sid\" width=\"400\" height=\"300\" style=\"border:0;\" allowfullscreen=\"\" loading=\"lazy\" referrerpolicy=\"no-referrer-when-downgrade\"><\/iframe>\t\t<\/div>\n\t\t\t\t<\/div>\n\t\t\t\t\t<\/div>\n\t\t<\/div>\n\t\t\t\t\t<\/div>\n\t\t<\/section>\n\t\t\t\t<\/div>\n\t\t","protected":false},"excerpt":{"rendered":"<p>Yogyakarta Marriott Hotel Yogyakarta Marriott Hotel H\u00f4tel 5 \u00e9toiles \u00e0 Yogyakarta, situ\u00e9 \u00e0 proximit\u00e9 du centre commercial Pakuwon Mall Jogja, offrant un acc\u00e8s facile \u00e0 des destinations touristiques populaires telles que le temple de Prambanan, le temple de Borobudur, la rue Malioboro, le Kraton Yogyakarta et l&rsquo;universit\u00e9 Gadjah Mada. D\u00e9tendez-vous dans notre piscine \u00e0 d\u00e9bordement &hellip; <\/p>\n<p class=\"link-more\"><a href=\"https:\/\/www.ifi-id.com\/fr\/carte-membre-ifi\/yogyakarta-marriott-hotel\/\" class=\"more-link\">Continuer la lecture<span class=\"screen-reader-text\"> de &laquo;&nbsp;Yogyakarta Marriott Hotel&nbsp;&raquo;<\/span><\/a><\/p>\n","protected":false},"author":8,"featured_media":55482,"parent":52305,"menu_order":0,"comment_status":"closed","ping_status":"closed","template":"elementor_header_footer","meta":{"footnotes":""},"class_list":["post-55497","page","type-page","status-publish","has-post-thumbnail","hentry"],"yoast_head":"<!-- This site is optimized with the Yoast SEO plugin v23.5 - https:\/\/yoast.com\/wordpress\/plugins\/seo\/ -->\n<title>Yogyakarta Marriott Hotel - Institut fran\u00e7ais Indon\u00e9sie<\/title>\n<meta name=\"robots\" content=\"index, follow, max-snippet:-1, max-image-preview:large, max-video-preview:-1\" \/>\n<link rel=\"canonical\" href=\"https:\/\/www.ifi-id.com\/kartu-keanggotaan-ifi\/yogyakarta-marriott-hotel\/\" \/>\n<meta property=\"og:locale\" content=\"fr_FR\" \/>\n<meta property=\"og:type\" content=\"article\" \/>\n<meta property=\"og:title\" content=\"Yogyakarta Marriott Hotel - Institut fran\u00e7ais Indon\u00e9sie\" \/>\n<meta property=\"og:description\" content=\"Yogyakarta Marriott Hotel Yogyakarta Marriott Hotel H\u00f4tel 5 \u00e9toiles \u00e0 Yogyakarta, situ\u00e9 \u00e0 proximit\u00e9 du centre commercial Pakuwon Mall Jogja, offrant un acc\u00e8s facile \u00e0 des destinations touristiques populaires telles que le temple de Prambanan, le temple de Borobudur, la rue Malioboro, le Kraton Yogyakarta et l&rsquo;universit\u00e9 Gadjah Mada. D\u00e9tendez-vous dans notre piscine \u00e0 d\u00e9bordement &hellip; Continuer la lecture de &laquo;&nbsp;Yogyakarta Marriott Hotel&nbsp;&raquo;\" \/>\n<meta property=\"og:url\" content=\"https:\/\/www.ifi-id.com\/kartu-keanggotaan-ifi\/yogyakarta-marriott-hotel\/\" \/>\n<meta property=\"og:site_name\" content=\"Institut fran\u00e7ais Indon\u00e9sie\" \/>\n<meta property=\"article:modified_time\" content=\"2025-06-16T07:46:27+00:00\" \/>\n<meta property=\"og:image\" content=\"https:\/\/www.ifi-id.com\/wp-content\/uploads\/2025\/06\/Marriot-Yogyakarta.jpg\" \/>\n\t<meta property=\"og:image:width\" content=\"1280\" \/>\n\t<meta property=\"og:image:height\" content=\"720\" \/>\n\t<meta property=\"og:image:type\" content=\"image\/jpeg\" \/>\n<meta name=\"twitter:card\" content=\"summary_large_image\" \/>\n<meta name=\"twitter:label1\" content=\"Dur\u00e9e de lecture estim\u00e9e\" \/>\n\t<meta name=\"twitter:data1\" content=\"2 minutes\" \/>\n<script type=\"application\/ld+json\" class=\"yoast-schema-graph\">{\"@context\":\"https:\/\/schema.org\",\"@graph\":[{\"@type\":\"WebPage\",\"@id\":\"https:\/\/www.ifi-id.com\/kartu-keanggotaan-ifi\/yogyakarta-marriott-hotel\/\",\"url\":\"https:\/\/www.ifi-id.com\/kartu-keanggotaan-ifi\/yogyakarta-marriott-hotel\/\",\"name\":\"Yogyakarta Marriott Hotel - Institut fran\u00e7ais Indon\u00e9sie\",\"isPartOf\":{\"@id\":\"https:\/\/www.ifi-id.com\/#website\"},\"primaryImageOfPage\":{\"@id\":\"https:\/\/www.ifi-id.com\/kartu-keanggotaan-ifi\/yogyakarta-marriott-hotel\/#primaryimage\"},\"image\":{\"@id\":\"https:\/\/www.ifi-id.com\/kartu-keanggotaan-ifi\/yogyakarta-marriott-hotel\/#primaryimage\"},\"thumbnailUrl\":\"https:\/\/www.ifi-id.com\/wp-content\/uploads\/2025\/06\/Marriot-Yogyakarta.jpg\",\"datePublished\":\"2025-06-16T07:46:26+00:00\",\"dateModified\":\"2025-06-16T07:46:27+00:00\",\"breadcrumb\":{\"@id\":\"https:\/\/www.ifi-id.com\/kartu-keanggotaan-ifi\/yogyakarta-marriott-hotel\/#breadcrumb\"},\"inLanguage\":\"fr-FR\",\"potentialAction\":[{\"@type\":\"ReadAction\",\"target\":[\"https:\/\/www.ifi-id.com\/kartu-keanggotaan-ifi\/yogyakarta-marriott-hotel\/\"]}]},{\"@type\":\"ImageObject\",\"inLanguage\":\"fr-FR\",\"@id\":\"https:\/\/www.ifi-id.com\/kartu-keanggotaan-ifi\/yogyakarta-marriott-hotel\/#primaryimage\",\"url\":\"https:\/\/www.ifi-id.com\/wp-content\/uploads\/2025\/06\/Marriot-Yogyakarta.jpg\",\"contentUrl\":\"https:\/\/www.ifi-id.com\/wp-content\/uploads\/2025\/06\/Marriot-Yogyakarta.jpg\",\"width\":1280,\"height\":720},{\"@type\":\"BreadcrumbList\",\"@id\":\"https:\/\/www.ifi-id.com\/kartu-keanggotaan-ifi\/yogyakarta-marriott-hotel\/#breadcrumb\",\"itemListElement\":[{\"@type\":\"ListItem\",\"position\":1,\"name\":\"Home\",\"item\":\"https:\/\/www.ifi-id.com\/\"},{\"@type\":\"ListItem\",\"position\":2,\"name\":\"Carte membre IFI\",\"item\":\"https:\/\/www.ifi-id.com\/kartu-keanggotaan-ifi\/\"},{\"@type\":\"ListItem\",\"position\":3,\"name\":\"Yogyakarta Marriott Hotel\"}]},{\"@type\":\"WebSite\",\"@id\":\"https:\/\/www.ifi-id.com\/#website\",\"url\":\"https:\/\/www.ifi-id.com\/\",\"name\":\"Institut fran\u00e7ais Indon\u00e9sie\",\"description\":\"\",\"publisher\":{\"@id\":\"https:\/\/www.ifi-id.com\/#organization\"},\"potentialAction\":[{\"@type\":\"SearchAction\",\"target\":{\"@type\":\"EntryPoint\",\"urlTemplate\":\"https:\/\/www.ifi-id.com\/?s={search_term_string}\"},\"query-input\":{\"@type\":\"PropertyValueSpecification\",\"valueRequired\":true,\"valueName\":\"search_term_string\"}}],\"inLanguage\":\"fr-FR\"},{\"@type\":\"Organization\",\"@id\":\"https:\/\/www.ifi-id.com\/#organization\",\"name\":\"Institut fran\u00e7ais Indon\u00e9sie\",\"url\":\"https:\/\/www.ifi-id.com\/\",\"logo\":{\"@type\":\"ImageObject\",\"inLanguage\":\"fr-FR\",\"@id\":\"https:\/\/www.ifi-id.com\/#\/schema\/logo\/image\/\",\"url\":\"https:\/\/www.ifi-id.com\/wp-content\/uploads\/2022\/12\/IFI_New_Logo.jpg\",\"contentUrl\":\"https:\/\/www.ifi-id.com\/wp-content\/uploads\/2022\/12\/IFI_New_Logo.jpg\",\"width\":666,\"height\":444,\"caption\":\"Institut fran\u00e7ais Indon\u00e9sie\"},\"image\":{\"@id\":\"https:\/\/www.ifi-id.com\/#\/schema\/logo\/image\/\"}}]}<\/script>\n<!-- \/ Yoast SEO plugin. -->","yoast_head_json":{"title":"Yogyakarta Marriott Hotel - Institut fran\u00e7ais Indon\u00e9sie","robots":{"index":"index","follow":"follow","max-snippet":"max-snippet:-1","max-image-preview":"max-image-preview:large","max-video-preview":"max-video-preview:-1"},"canonical":"https:\/\/www.ifi-id.com\/kartu-keanggotaan-ifi\/yogyakarta-marriott-hotel\/","og_locale":"fr_FR","og_type":"article","og_title":"Yogyakarta Marriott Hotel - Institut fran\u00e7ais Indon\u00e9sie","og_description":"Yogyakarta Marriott Hotel Yogyakarta Marriott Hotel H\u00f4tel 5 \u00e9toiles \u00e0 Yogyakarta, situ\u00e9 \u00e0 proximit\u00e9 du centre commercial Pakuwon Mall Jogja, offrant un acc\u00e8s facile \u00e0 des destinations touristiques populaires telles que le temple de Prambanan, le temple de Borobudur, la rue Malioboro, le Kraton Yogyakarta et l&rsquo;universit\u00e9 Gadjah Mada. D\u00e9tendez-vous dans notre piscine \u00e0 d\u00e9bordement &hellip; Continuer la lecture de &laquo;&nbsp;Yogyakarta Marriott Hotel&nbsp;&raquo;","og_url":"https:\/\/www.ifi-id.com\/kartu-keanggotaan-ifi\/yogyakarta-marriott-hotel\/","og_site_name":"Institut fran\u00e7ais Indon\u00e9sie","article_modified_time":"2025-06-16T07:46:27+00:00","og_image":[{"width":1280,"height":720,"url":"https:\/\/www.ifi-id.com\/wp-content\/uploads\/2025\/06\/Marriot-Yogyakarta.jpg","type":"image\/jpeg"}],"twitter_card":"summary_large_image","twitter_misc":{"Dur\u00e9e de lecture estim\u00e9e":"2 minutes"},"schema":{"@context":"https:\/\/schema.org","@graph":[{"@type":"WebPage","@id":"https:\/\/www.ifi-id.com\/kartu-keanggotaan-ifi\/yogyakarta-marriott-hotel\/","url":"https:\/\/www.ifi-id.com\/kartu-keanggotaan-ifi\/yogyakarta-marriott-hotel\/","name":"Yogyakarta Marriott Hotel - Institut fran\u00e7ais Indon\u00e9sie","isPartOf":{"@id":"https:\/\/www.ifi-id.com\/#website"},"primaryImageOfPage":{"@id":"https:\/\/www.ifi-id.com\/kartu-keanggotaan-ifi\/yogyakarta-marriott-hotel\/#primaryimage"},"image":{"@id":"https:\/\/www.ifi-id.com\/kartu-keanggotaan-ifi\/yogyakarta-marriott-hotel\/#primaryimage"},"thumbnailUrl":"https:\/\/www.ifi-id.com\/wp-content\/uploads\/2025\/06\/Marriot-Yogyakarta.jpg","datePublished":"2025-06-16T07:46:26+00:00","dateModified":"2025-06-16T07:46:27+00:00","breadcrumb":{"@id":"https:\/\/www.ifi-id.com\/kartu-keanggotaan-ifi\/yogyakarta-marriott-hotel\/#breadcrumb"},"inLanguage":"fr-FR","potentialAction":[{"@type":"ReadAction","target":["https:\/\/www.ifi-id.com\/kartu-keanggotaan-ifi\/yogyakarta-marriott-hotel\/"]}]},{"@type":"ImageObject","inLanguage":"fr-FR","@id":"https:\/\/www.ifi-id.com\/kartu-keanggotaan-ifi\/yogyakarta-marriott-hotel\/#primaryimage","url":"https:\/\/www.ifi-id.com\/wp-content\/uploads\/2025\/06\/Marriot-Yogyakarta.jpg","contentUrl":"https:\/\/www.ifi-id.com\/wp-content\/uploads\/2025\/06\/Marriot-Yogyakarta.jpg","width":1280,"height":720},{"@type":"BreadcrumbList","@id":"https:\/\/www.ifi-id.com\/kartu-keanggotaan-ifi\/yogyakarta-marriott-hotel\/#breadcrumb","itemListElement":[{"@type":"ListItem","position":1,"name":"Home","item":"https:\/\/www.ifi-id.com\/"},{"@type":"ListItem","position":2,"name":"Carte membre IFI","item":"https:\/\/www.ifi-id.com\/kartu-keanggotaan-ifi\/"},{"@type":"ListItem","position":3,"name":"Yogyakarta Marriott Hotel"}]},{"@type":"WebSite","@id":"https:\/\/www.ifi-id.com\/#website","url":"https:\/\/www.ifi-id.com\/","name":"Institut fran\u00e7ais Indon\u00e9sie","description":"","publisher":{"@id":"https:\/\/www.ifi-id.com\/#organization"},"potentialAction":[{"@type":"SearchAction","target":{"@type":"EntryPoint","urlTemplate":"https:\/\/www.ifi-id.com\/?s={search_term_string}"},"query-input":{"@type":"PropertyValueSpecification","valueRequired":true,"valueName":"search_term_string"}}],"inLanguage":"fr-FR"},{"@type":"Organization","@id":"https:\/\/www.ifi-id.com\/#organization","name":"Institut fran\u00e7ais Indon\u00e9sie","url":"https:\/\/www.ifi-id.com\/","logo":{"@type":"ImageObject","inLanguage":"fr-FR","@id":"https:\/\/www.ifi-id.com\/#\/schema\/logo\/image\/","url":"https:\/\/www.ifi-id.com\/wp-content\/uploads\/2022\/12\/IFI_New_Logo.jpg","contentUrl":"https:\/\/www.ifi-id.com\/wp-content\/uploads\/2022\/12\/IFI_New_Logo.jpg","width":666,"height":444,"caption":"Institut fran\u00e7ais Indon\u00e9sie"},"image":{"@id":"https:\/\/www.ifi-id.com\/#\/schema\/logo\/image\/"}}]}},"post_mailing_queue_ids":[],"_links":{"self":[{"href":"https:\/\/www.ifi-id.com\/fr\/wp-json\/wp\/v2\/pages\/55497"}],"collection":[{"href":"https:\/\/www.ifi-id.com\/fr\/wp-json\/wp\/v2\/pages"}],"about":[{"href":"https:\/\/www.ifi-id.com\/fr\/wp-json\/wp\/v2\/types\/page"}],"author":[{"embeddable":true,"href":"https:\/\/www.ifi-id.com\/fr\/wp-json\/wp\/v2\/users\/8"}],"replies":[{"embeddable":true,"href":"https:\/\/www.ifi-id.com\/fr\/wp-json\/wp\/v2\/comments?post=55497"}],"version-history":[{"count":1,"href":"https:\/\/www.ifi-id.com\/fr\/wp-json\/wp\/v2\/pages\/55497\/revisions"}],"predecessor-version":[{"id":55498,"href":"https:\/\/www.ifi-id.com\/fr\/wp-json\/wp\/v2\/pages\/55497\/revisions\/55498"}],"up":[{"embeddable":true,"href":"https:\/\/www.ifi-id.com\/fr\/wp-json\/wp\/v2\/pages\/52305"}],"wp:featuredmedia":[{"embeddable":true,"href":"https:\/\/www.ifi-id.com\/fr\/wp-json\/wp\/v2\/media\/55482"}],"wp:attachment":[{"href":"https:\/\/www.ifi-id.com\/fr\/wp-json\/wp\/v2\/media?parent=55497"}],"curies":[{"name":"wp","href":"https:\/\/api.w.org\/{rel}","templated":true}]}}