{"id":54498,"date":"2025-04-24T16:47:42","date_gmt":"2025-04-24T09:47:42","guid":{"rendered":"https:\/\/www.ifi-id.com\/ayam-bakar-primarasa\/"},"modified":"2025-06-19T20:23:03","modified_gmt":"2025-06-19T13:23:03","slug":"ayam-bakar-primarasa","status":"publish","type":"page","link":"https:\/\/www.ifi-id.com\/fr\/carte-membre-ifi\/ayam-bakar-primarasa\/","title":{"rendered":"Ayam Bakar Primarasa"},"content":{"rendered":"\t\t<div data-elementor-type=\"wp-page\" data-elementor-id=\"54498\" class=\"elementor elementor-54498 elementor-54490\" data-elementor-post-type=\"page\">\n\t\t\t\t\t\t<section class=\"elementor-section elementor-top-section elementor-element elementor-element-3c867dee elementor-section-boxed elementor-section-height-default elementor-section-height-default\" data-id=\"3c867dee\" data-element_type=\"section\">\n\t\t\t\t\t\t<div class=\"elementor-container elementor-column-gap-default\">\n\t\t\t\t\t<div class=\"elementor-column elementor-col-100 elementor-top-column elementor-element elementor-element-5d5ca823\" data-id=\"5d5ca823\" data-element_type=\"column\">\n\t\t\t<div class=\"elementor-widget-wrap elementor-element-populated\">\n\t\t\t\t\t\t<div class=\"elementor-element elementor-element-78a56683 elementor-hidden-mobile elementor-widget elementor-widget-heading\" data-id=\"78a56683\" data-element_type=\"widget\" data-widget_type=\"heading.default\">\n\t\t\t\t<div class=\"elementor-widget-container\">\n\t\t\t<h2 class=\"elementor-heading-title elementor-size-default\">Ayam Bakar Primarasa<\/h2>\t\t<\/div>\n\t\t\t\t<\/div>\n\t\t\t\t\t<\/div>\n\t\t<\/div>\n\t\t\t\t\t<\/div>\n\t\t<\/section>\n\t\t\t\t<section class=\"elementor-section elementor-top-section elementor-element elementor-element-2204f10c elementor-section-boxed elementor-section-height-default elementor-section-height-default\" data-id=\"2204f10c\" data-element_type=\"section\">\n\t\t\t\t\t\t<div class=\"elementor-container elementor-column-gap-default\">\n\t\t\t\t\t<div class=\"elementor-column elementor-col-100 elementor-top-column elementor-element elementor-element-664083d1\" data-id=\"664083d1\" data-element_type=\"column\">\n\t\t\t<div class=\"elementor-widget-wrap elementor-element-populated\">\n\t\t\t\t\t\t<div class=\"elementor-element elementor-element-3d350dda elementor-hidden-desktop elementor-hidden-tablet elementor-widget elementor-widget-heading\" data-id=\"3d350dda\" data-element_type=\"widget\" data-widget_type=\"heading.default\">\n\t\t\t\t<div class=\"elementor-widget-container\">\n\t\t\t<h1 class=\"elementor-heading-title elementor-size-default\">Ayam Bakar Primarasa<\/h1>\t\t<\/div>\n\t\t\t\t<\/div>\n\t\t\t\t\t<\/div>\n\t\t<\/div>\n\t\t\t\t\t<\/div>\n\t\t<\/section>\n\t\t\t\t<section class=\"elementor-section elementor-top-section elementor-element elementor-element-7b7f03e9 elementor-section-boxed elementor-section-height-default elementor-section-height-default\" data-id=\"7b7f03e9\" data-element_type=\"section\">\n\t\t\t\t\t\t<div class=\"elementor-container elementor-column-gap-default\">\n\t\t\t\t\t<div class=\"elementor-column elementor-col-100 elementor-top-column elementor-element elementor-element-7281f1ac\" data-id=\"7281f1ac\" data-element_type=\"column\">\n\t\t\t<div class=\"elementor-widget-wrap elementor-element-populated\">\n\t\t\t\t\t\t<div class=\"elementor-element elementor-element-1ceaaee elementor-arrows-position-inside elementor-pagination-position-outside elementor-widget elementor-widget-image-carousel\" data-id=\"1ceaaee\" data-element_type=\"widget\" data-settings=\"{&quot;slides_to_show&quot;:&quot;1&quot;,&quot;navigation&quot;:&quot;both&quot;,&quot;autoplay&quot;:&quot;yes&quot;,&quot;pause_on_hover&quot;:&quot;yes&quot;,&quot;pause_on_interaction&quot;:&quot;yes&quot;,&quot;autoplay_speed&quot;:5000,&quot;infinite&quot;:&quot;yes&quot;,&quot;effect&quot;:&quot;slide&quot;,&quot;speed&quot;:500}\" data-widget_type=\"image-carousel.default\">\n\t\t\t\t<div class=\"elementor-widget-container\">\n\t\t\t\t\t<div class=\"elementor-image-carousel-wrapper swiper\" dir=\"ltr\">\n\t\t\t<div class=\"elementor-image-carousel swiper-wrapper\" aria-live=\"off\">\n\t\t\t\t\t\t\t\t<div class=\"swiper-slide\" role=\"group\" aria-roledescription=\"slide\" aria-label=\"1 sur 3\"><figure class=\"swiper-slide-inner\"><img decoding=\"async\" class=\"swiper-slide-image\" src=\"https:\/\/www.ifi-id.com\/wp-content\/uploads\/2025\/05\/Primarasa-Makanan_0002_Primarasa-Makanan-3.jpg\" alt=\"Primarasa Makanan_0002_Primarasa Makanan 3\" \/><\/figure><\/div><div class=\"swiper-slide\" role=\"group\" aria-roledescription=\"slide\" aria-label=\"2 sur 3\"><figure class=\"swiper-slide-inner\"><img decoding=\"async\" class=\"swiper-slide-image\" src=\"https:\/\/www.ifi-id.com\/wp-content\/uploads\/2025\/05\/Primarasa-Makanan_0001_Primarasa-Makanan-1.jpg\" alt=\"Primarasa Makanan_0001_Primarasa Makanan 1\" \/><\/figure><\/div><div class=\"swiper-slide\" role=\"group\" aria-roledescription=\"slide\" aria-label=\"3 sur 3\"><figure class=\"swiper-slide-inner\"><img decoding=\"async\" class=\"swiper-slide-image\" src=\"https:\/\/www.ifi-id.com\/wp-content\/uploads\/2025\/05\/Primarasa-Makanan_0002_Primarasa-Makanan-3.jpg\" alt=\"Primarasa Makanan_0002_Primarasa Makanan 3\" \/><\/figure><\/div>\t\t\t<\/div>\n\t\t\t\t\t\t\t\t\t\t\t\t<div class=\"elementor-swiper-button elementor-swiper-button-prev\" role=\"button\" tabindex=\"0\">\n\t\t\t\t\t\t<i aria-hidden=\"true\" class=\"eicon-chevron-left\"><\/i>\t\t\t\t\t<\/div>\n\t\t\t\t\t<div class=\"elementor-swiper-button elementor-swiper-button-next\" role=\"button\" tabindex=\"0\">\n\t\t\t\t\t\t<i aria-hidden=\"true\" class=\"eicon-chevron-right\"><\/i>\t\t\t\t\t<\/div>\n\t\t\t\t\n\t\t\t\t\t\t\t\t\t<div class=\"swiper-pagination\"><\/div>\n\t\t\t\t\t\t\t\t\t<\/div>\n\t\t\t\t<\/div>\n\t\t\t\t<\/div>\n\t\t\t\t\t<\/div>\n\t\t<\/div>\n\t\t\t\t\t<\/div>\n\t\t<\/section>\n\t\t\t\t<section class=\"elementor-section elementor-top-section elementor-element elementor-element-6e060c2b elementor-section-boxed elementor-section-height-default elementor-section-height-default\" data-id=\"6e060c2b\" data-element_type=\"section\">\n\t\t\t\t\t\t<div class=\"elementor-container elementor-column-gap-default\">\n\t\t\t\t\t<div class=\"elementor-column elementor-col-100 elementor-top-column elementor-element elementor-element-32c5b68d\" data-id=\"32c5b68d\" data-element_type=\"column\">\n\t\t\t<div class=\"elementor-widget-wrap elementor-element-populated\">\n\t\t\t\t\t\t<div class=\"elementor-element elementor-element-7810ee45 elementor-widget elementor-widget-text-editor\" data-id=\"7810ee45\" data-element_type=\"widget\" data-widget_type=\"text-editor.default\">\n\t\t\t\t<div class=\"elementor-widget-container\">\n\t\t\t\t\t\t\t<p>Fond\u00e9 en 1993, <strong>Ayam Bakar Primarasa<\/strong> est largement reconnu comme un restaurant qui propose des plats traditionnels indon\u00e9siens avec un go\u00fbt authentique et constant. Cette r\u00e9putation repose sur un engagement envers la qualit\u00e9 des \u00e9pices, un service chaleureux et professionnel, ainsi que des prix abordables.<\/p>\n<p>Avec un r\u00e9seau d\u2019\u00e9tablissements id\u00e9alement situ\u00e9s \u00e0 Jakarta, Surabaya, Sidoarjo, Semarang et Labuan Bajo, <strong>Ayam Bakar Primarasa<\/strong> est devenu une destination culinaire pris\u00e9e par un large public, y compris des c\u00e9l\u00e9brit\u00e9s, des responsables officiels et des dirigeants du monde entier.<\/p>\n<p>Tourn\u00e9 vers l\u2019avenir, <strong>Ayam Bakar Primarasa<\/strong> continuera d\u2019innover pour mettre en valeur la richesse de la cuisine indon\u00e9sienne, avec pour objectif de faire d\u00e9couvrir et pr\u00e9server l\u2019h\u00e9ritage gustatif de l\u2019archipel aupr\u00e8s d\u2019un public toujours plus large.<\/p>\n<p>En tant que membre, vous b\u00e9n\u00e9ficiez des avantages suivants sur pr\u00e9sentation de votre carte de membre : <strong>Promotion sous forme d&rsquo;un achat minimum de 50 000 IDR chez Astaganaga et\/ou Omamamio<\/strong>, les membres de l\u2019IFI b\u00e9n\u00e9ficieront d\u2019un dessert gratuit (cr\u00e8me br\u00fbl\u00e9e, pudding ou biscuit au chocolat).<\/p>\n\t\t\t\t\t\t<\/div>\n\t\t\t\t<\/div>\n\t\t\t\t\t<\/div>\n\t\t<\/div>\n\t\t\t\t\t<\/div>\n\t\t<\/section>\n\t\t\t\t<\/div>\n\t\t","protected":false},"excerpt":{"rendered":"<p>Ayam Bakar Primarasa Ayam Bakar Primarasa Fond\u00e9 en 1993, Ayam Bakar Primarasa est largement reconnu comme un restaurant qui propose des plats traditionnels indon\u00e9siens avec un go\u00fbt authentique et constant. Cette r\u00e9putation repose sur un engagement envers la qualit\u00e9 des \u00e9pices, un service chaleureux et professionnel, ainsi que des prix abordables. Avec un r\u00e9seau d\u2019\u00e9tablissements &hellip; <\/p>\n<p class=\"link-more\"><a href=\"https:\/\/www.ifi-id.com\/fr\/carte-membre-ifi\/ayam-bakar-primarasa\/\" class=\"more-link\">Continuer la lecture<span class=\"screen-reader-text\"> de &laquo;&nbsp;Ayam Bakar Primarasa&nbsp;&raquo;<\/span><\/a><\/p>\n","protected":false},"author":8,"featured_media":54492,"parent":52305,"menu_order":0,"comment_status":"closed","ping_status":"closed","template":"elementor_header_footer","meta":{"footnotes":""},"class_list":["post-54498","page","type-page","status-publish","has-post-thumbnail","hentry"],"yoast_head":"<!-- This site is optimized with the Yoast SEO plugin v23.5 - https:\/\/yoast.com\/wordpress\/plugins\/seo\/ -->\n<title>Ayam Bakar Primarasa - Institut fran\u00e7ais Indon\u00e9sie<\/title>\n<meta name=\"robots\" content=\"index, follow, max-snippet:-1, max-image-preview:large, max-video-preview:-1\" \/>\n<link rel=\"canonical\" href=\"https:\/\/www.ifi-id.com\/kartu-keanggotaan-ifi\/ayam-bakar-primarasa\/\" \/>\n<meta property=\"og:locale\" content=\"fr_FR\" \/>\n<meta property=\"og:type\" content=\"article\" \/>\n<meta property=\"og:title\" content=\"Ayam Bakar Primarasa - Institut fran\u00e7ais Indon\u00e9sie\" \/>\n<meta property=\"og:description\" content=\"Ayam Bakar Primarasa Ayam Bakar Primarasa Fond\u00e9 en 1993, Ayam Bakar Primarasa est largement reconnu comme un restaurant qui propose des plats traditionnels indon\u00e9siens avec un go\u00fbt authentique et constant. Cette r\u00e9putation repose sur un engagement envers la qualit\u00e9 des \u00e9pices, un service chaleureux et professionnel, ainsi que des prix abordables. Avec un r\u00e9seau d\u2019\u00e9tablissements &hellip; Continuer la lecture de &laquo;&nbsp;Ayam Bakar Primarasa&nbsp;&raquo;\" \/>\n<meta property=\"og:url\" content=\"https:\/\/www.ifi-id.com\/kartu-keanggotaan-ifi\/ayam-bakar-primarasa\/\" \/>\n<meta property=\"og:site_name\" content=\"Institut fran\u00e7ais Indon\u00e9sie\" \/>\n<meta property=\"article:modified_time\" content=\"2025-06-19T13:23:03+00:00\" \/>\n<meta property=\"og:image\" content=\"https:\/\/www.ifi-id.com\/wp-content\/uploads\/2025\/04\/Ayam-Bakar-Primarasa.jpg\" \/>\n\t<meta property=\"og:image:width\" content=\"1280\" \/>\n\t<meta property=\"og:image:height\" content=\"720\" \/>\n\t<meta property=\"og:image:type\" content=\"image\/jpeg\" \/>\n<meta name=\"twitter:card\" content=\"summary_large_image\" \/>\n<meta name=\"twitter:label1\" content=\"Dur\u00e9e de lecture estim\u00e9e\" \/>\n\t<meta name=\"twitter:data1\" content=\"1 minute\" \/>\n<script type=\"application\/ld+json\" class=\"yoast-schema-graph\">{\"@context\":\"https:\/\/schema.org\",\"@graph\":[{\"@type\":\"WebPage\",\"@id\":\"https:\/\/www.ifi-id.com\/kartu-keanggotaan-ifi\/ayam-bakar-primarasa\/\",\"url\":\"https:\/\/www.ifi-id.com\/kartu-keanggotaan-ifi\/ayam-bakar-primarasa\/\",\"name\":\"Ayam Bakar Primarasa - Institut fran\u00e7ais Indon\u00e9sie\",\"isPartOf\":{\"@id\":\"https:\/\/www.ifi-id.com\/#website\"},\"primaryImageOfPage\":{\"@id\":\"https:\/\/www.ifi-id.com\/kartu-keanggotaan-ifi\/ayam-bakar-primarasa\/#primaryimage\"},\"image\":{\"@id\":\"https:\/\/www.ifi-id.com\/kartu-keanggotaan-ifi\/ayam-bakar-primarasa\/#primaryimage\"},\"thumbnailUrl\":\"https:\/\/www.ifi-id.com\/wp-content\/uploads\/2025\/04\/Ayam-Bakar-Primarasa.jpg\",\"datePublished\":\"2025-04-24T09:47:42+00:00\",\"dateModified\":\"2025-06-19T13:23:03+00:00\",\"breadcrumb\":{\"@id\":\"https:\/\/www.ifi-id.com\/kartu-keanggotaan-ifi\/ayam-bakar-primarasa\/#breadcrumb\"},\"inLanguage\":\"fr-FR\",\"potentialAction\":[{\"@type\":\"ReadAction\",\"target\":[\"https:\/\/www.ifi-id.com\/kartu-keanggotaan-ifi\/ayam-bakar-primarasa\/\"]}]},{\"@type\":\"ImageObject\",\"inLanguage\":\"fr-FR\",\"@id\":\"https:\/\/www.ifi-id.com\/kartu-keanggotaan-ifi\/ayam-bakar-primarasa\/#primaryimage\",\"url\":\"https:\/\/www.ifi-id.com\/wp-content\/uploads\/2025\/04\/Ayam-Bakar-Primarasa.jpg\",\"contentUrl\":\"https:\/\/www.ifi-id.com\/wp-content\/uploads\/2025\/04\/Ayam-Bakar-Primarasa.jpg\",\"width\":1280,\"height\":720},{\"@type\":\"BreadcrumbList\",\"@id\":\"https:\/\/www.ifi-id.com\/kartu-keanggotaan-ifi\/ayam-bakar-primarasa\/#breadcrumb\",\"itemListElement\":[{\"@type\":\"ListItem\",\"position\":1,\"name\":\"Home\",\"item\":\"https:\/\/www.ifi-id.com\/\"},{\"@type\":\"ListItem\",\"position\":2,\"name\":\"Carte membre IFI\",\"item\":\"https:\/\/www.ifi-id.com\/kartu-keanggotaan-ifi\/\"},{\"@type\":\"ListItem\",\"position\":3,\"name\":\"Ayam Bakar Primarasa\"}]},{\"@type\":\"WebSite\",\"@id\":\"https:\/\/www.ifi-id.com\/#website\",\"url\":\"https:\/\/www.ifi-id.com\/\",\"name\":\"Institut fran\u00e7ais Indon\u00e9sie\",\"description\":\"\",\"publisher\":{\"@id\":\"https:\/\/www.ifi-id.com\/#organization\"},\"potentialAction\":[{\"@type\":\"SearchAction\",\"target\":{\"@type\":\"EntryPoint\",\"urlTemplate\":\"https:\/\/www.ifi-id.com\/?s={search_term_string}\"},\"query-input\":{\"@type\":\"PropertyValueSpecification\",\"valueRequired\":true,\"valueName\":\"search_term_string\"}}],\"inLanguage\":\"fr-FR\"},{\"@type\":\"Organization\",\"@id\":\"https:\/\/www.ifi-id.com\/#organization\",\"name\":\"Institut fran\u00e7ais Indon\u00e9sie\",\"url\":\"https:\/\/www.ifi-id.com\/\",\"logo\":{\"@type\":\"ImageObject\",\"inLanguage\":\"fr-FR\",\"@id\":\"https:\/\/www.ifi-id.com\/#\/schema\/logo\/image\/\",\"url\":\"https:\/\/www.ifi-id.com\/wp-content\/uploads\/2022\/12\/IFI_New_Logo.jpg\",\"contentUrl\":\"https:\/\/www.ifi-id.com\/wp-content\/uploads\/2022\/12\/IFI_New_Logo.jpg\",\"width\":666,\"height\":444,\"caption\":\"Institut fran\u00e7ais Indon\u00e9sie\"},\"image\":{\"@id\":\"https:\/\/www.ifi-id.com\/#\/schema\/logo\/image\/\"}}]}<\/script>\n<!-- \/ Yoast SEO plugin. -->","yoast_head_json":{"title":"Ayam Bakar Primarasa - Institut fran\u00e7ais Indon\u00e9sie","robots":{"index":"index","follow":"follow","max-snippet":"max-snippet:-1","max-image-preview":"max-image-preview:large","max-video-preview":"max-video-preview:-1"},"canonical":"https:\/\/www.ifi-id.com\/kartu-keanggotaan-ifi\/ayam-bakar-primarasa\/","og_locale":"fr_FR","og_type":"article","og_title":"Ayam Bakar Primarasa - Institut fran\u00e7ais Indon\u00e9sie","og_description":"Ayam Bakar Primarasa Ayam Bakar Primarasa Fond\u00e9 en 1993, Ayam Bakar Primarasa est largement reconnu comme un restaurant qui propose des plats traditionnels indon\u00e9siens avec un go\u00fbt authentique et constant. Cette r\u00e9putation repose sur un engagement envers la qualit\u00e9 des \u00e9pices, un service chaleureux et professionnel, ainsi que des prix abordables. Avec un r\u00e9seau d\u2019\u00e9tablissements &hellip; Continuer la lecture de &laquo;&nbsp;Ayam Bakar Primarasa&nbsp;&raquo;","og_url":"https:\/\/www.ifi-id.com\/kartu-keanggotaan-ifi\/ayam-bakar-primarasa\/","og_site_name":"Institut fran\u00e7ais Indon\u00e9sie","article_modified_time":"2025-06-19T13:23:03+00:00","og_image":[{"width":1280,"height":720,"url":"https:\/\/www.ifi-id.com\/wp-content\/uploads\/2025\/04\/Ayam-Bakar-Primarasa.jpg","type":"image\/jpeg"}],"twitter_card":"summary_large_image","twitter_misc":{"Dur\u00e9e de lecture estim\u00e9e":"1 minute"},"schema":{"@context":"https:\/\/schema.org","@graph":[{"@type":"WebPage","@id":"https:\/\/www.ifi-id.com\/kartu-keanggotaan-ifi\/ayam-bakar-primarasa\/","url":"https:\/\/www.ifi-id.com\/kartu-keanggotaan-ifi\/ayam-bakar-primarasa\/","name":"Ayam Bakar Primarasa - Institut fran\u00e7ais Indon\u00e9sie","isPartOf":{"@id":"https:\/\/www.ifi-id.com\/#website"},"primaryImageOfPage":{"@id":"https:\/\/www.ifi-id.com\/kartu-keanggotaan-ifi\/ayam-bakar-primarasa\/#primaryimage"},"image":{"@id":"https:\/\/www.ifi-id.com\/kartu-keanggotaan-ifi\/ayam-bakar-primarasa\/#primaryimage"},"thumbnailUrl":"https:\/\/www.ifi-id.com\/wp-content\/uploads\/2025\/04\/Ayam-Bakar-Primarasa.jpg","datePublished":"2025-04-24T09:47:42+00:00","dateModified":"2025-06-19T13:23:03+00:00","breadcrumb":{"@id":"https:\/\/www.ifi-id.com\/kartu-keanggotaan-ifi\/ayam-bakar-primarasa\/#breadcrumb"},"inLanguage":"fr-FR","potentialAction":[{"@type":"ReadAction","target":["https:\/\/www.ifi-id.com\/kartu-keanggotaan-ifi\/ayam-bakar-primarasa\/"]}]},{"@type":"ImageObject","inLanguage":"fr-FR","@id":"https:\/\/www.ifi-id.com\/kartu-keanggotaan-ifi\/ayam-bakar-primarasa\/#primaryimage","url":"https:\/\/www.ifi-id.com\/wp-content\/uploads\/2025\/04\/Ayam-Bakar-Primarasa.jpg","contentUrl":"https:\/\/www.ifi-id.com\/wp-content\/uploads\/2025\/04\/Ayam-Bakar-Primarasa.jpg","width":1280,"height":720},{"@type":"BreadcrumbList","@id":"https:\/\/www.ifi-id.com\/kartu-keanggotaan-ifi\/ayam-bakar-primarasa\/#breadcrumb","itemListElement":[{"@type":"ListItem","position":1,"name":"Home","item":"https:\/\/www.ifi-id.com\/"},{"@type":"ListItem","position":2,"name":"Carte membre IFI","item":"https:\/\/www.ifi-id.com\/kartu-keanggotaan-ifi\/"},{"@type":"ListItem","position":3,"name":"Ayam Bakar Primarasa"}]},{"@type":"WebSite","@id":"https:\/\/www.ifi-id.com\/#website","url":"https:\/\/www.ifi-id.com\/","name":"Institut fran\u00e7ais Indon\u00e9sie","description":"","publisher":{"@id":"https:\/\/www.ifi-id.com\/#organization"},"potentialAction":[{"@type":"SearchAction","target":{"@type":"EntryPoint","urlTemplate":"https:\/\/www.ifi-id.com\/?s={search_term_string}"},"query-input":{"@type":"PropertyValueSpecification","valueRequired":true,"valueName":"search_term_string"}}],"inLanguage":"fr-FR"},{"@type":"Organization","@id":"https:\/\/www.ifi-id.com\/#organization","name":"Institut fran\u00e7ais Indon\u00e9sie","url":"https:\/\/www.ifi-id.com\/","logo":{"@type":"ImageObject","inLanguage":"fr-FR","@id":"https:\/\/www.ifi-id.com\/#\/schema\/logo\/image\/","url":"https:\/\/www.ifi-id.com\/wp-content\/uploads\/2022\/12\/IFI_New_Logo.jpg","contentUrl":"https:\/\/www.ifi-id.com\/wp-content\/uploads\/2022\/12\/IFI_New_Logo.jpg","width":666,"height":444,"caption":"Institut fran\u00e7ais Indon\u00e9sie"},"image":{"@id":"https:\/\/www.ifi-id.com\/#\/schema\/logo\/image\/"}}]}},"post_mailing_queue_ids":[],"_links":{"self":[{"href":"https:\/\/www.ifi-id.com\/fr\/wp-json\/wp\/v2\/pages\/54498"}],"collection":[{"href":"https:\/\/www.ifi-id.com\/fr\/wp-json\/wp\/v2\/pages"}],"about":[{"href":"https:\/\/www.ifi-id.com\/fr\/wp-json\/wp\/v2\/types\/page"}],"author":[{"embeddable":true,"href":"https:\/\/www.ifi-id.com\/fr\/wp-json\/wp\/v2\/users\/8"}],"replies":[{"embeddable":true,"href":"https:\/\/www.ifi-id.com\/fr\/wp-json\/wp\/v2\/comments?post=54498"}],"version-history":[{"count":2,"href":"https:\/\/www.ifi-id.com\/fr\/wp-json\/wp\/v2\/pages\/54498\/revisions"}],"predecessor-version":[{"id":54740,"href":"https:\/\/www.ifi-id.com\/fr\/wp-json\/wp\/v2\/pages\/54498\/revisions\/54740"}],"up":[{"embeddable":true,"href":"https:\/\/www.ifi-id.com\/fr\/wp-json\/wp\/v2\/pages\/52305"}],"wp:featuredmedia":[{"embeddable":true,"href":"https:\/\/www.ifi-id.com\/fr\/wp-json\/wp\/v2\/media\/54492"}],"wp:attachment":[{"href":"https:\/\/www.ifi-id.com\/fr\/wp-json\/wp\/v2\/media?parent=54498"}],"curies":[{"name":"wp","href":"https:\/\/api.w.org\/{rel}","templated":true}]}}