{"id":53730,"date":"2025-03-27T20:24:04","date_gmt":"2025-03-27T13:24:04","guid":{"rendered":"https:\/\/www.ifi-id.com\/sejours-linguistique\/"},"modified":"2025-10-14T19:34:10","modified_gmt":"2025-10-14T12:34:10","slug":"sejours-linguistique","status":"publish","type":"page","link":"https:\/\/www.ifi-id.com\/fr\/sejours-linguistique\/","title":{"rendered":"S\u00e9jours linguistique"},"content":{"rendered":"\t\t<div data-elementor-type=\"wp-page\" data-elementor-id=\"53730\" class=\"elementor elementor-53730 elementor-53724\" data-elementor-post-type=\"page\">\n\t\t\t\t\t\t<section class=\"elementor-section elementor-top-section elementor-element elementor-element-20a5dc16 elementor-section-boxed elementor-section-height-default elementor-section-height-default\" data-id=\"20a5dc16\" data-element_type=\"section\">\n\t\t\t\t\t\t<div class=\"elementor-container elementor-column-gap-default\">\n\t\t\t\t\t<div class=\"elementor-column elementor-col-100 elementor-top-column elementor-element elementor-element-1c8f1e2d\" data-id=\"1c8f1e2d\" data-element_type=\"column\">\n\t\t\t<div class=\"elementor-widget-wrap elementor-element-populated\">\n\t\t\t\t\t\t<div class=\"elementor-element elementor-element-795d3688 elementor-hidden-mobile elementor-widget elementor-widget-heading\" data-id=\"795d3688\" data-element_type=\"widget\" data-widget_type=\"heading.default\">\n\t\t\t\t<div class=\"elementor-widget-container\">\n\t\t\t<h2 class=\"elementor-heading-title elementor-size-default\">S\u00e9jours linguistique<\/h2>\t\t<\/div>\n\t\t\t\t<\/div>\n\t\t\t\t\t<\/div>\n\t\t<\/div>\n\t\t\t\t\t<\/div>\n\t\t<\/section>\n\t\t\t\t<section class=\"elementor-section elementor-top-section elementor-element elementor-element-2d638a89 elementor-section-boxed elementor-section-height-default elementor-section-height-default\" data-id=\"2d638a89\" data-element_type=\"section\">\n\t\t\t\t\t\t<div class=\"elementor-container elementor-column-gap-default\">\n\t\t\t\t\t<div class=\"elementor-column elementor-col-100 elementor-top-column elementor-element elementor-element-21cc7773\" data-id=\"21cc7773\" data-element_type=\"column\">\n\t\t\t<div class=\"elementor-widget-wrap elementor-element-populated\">\n\t\t\t\t\t\t<div class=\"elementor-element elementor-element-3fb2c295 elementor-hidden-desktop elementor-hidden-tablet elementor-widget elementor-widget-heading\" data-id=\"3fb2c295\" data-element_type=\"widget\" data-widget_type=\"heading.default\">\n\t\t\t\t<div class=\"elementor-widget-container\">\n\t\t\t<h1 class=\"elementor-heading-title elementor-size-default\">S\u00e9jours linguistique<\/h1>\t\t<\/div>\n\t\t\t\t<\/div>\n\t\t\t\t<div class=\"elementor-element elementor-element-6b94f25 elementor-widget elementor-widget-text-editor\" data-id=\"6b94f25\" data-element_type=\"widget\" data-widget_type=\"text-editor.default\">\n\t\t\t\t<div class=\"elementor-widget-container\">\n\t\t\t\t\t\t\t<h3>Vous souhaitez apprendre le fran\u00e7ais tout en d\u00e9couvrant notre culture ?\u00a0\u200b<\/h3>\n<p>Campus France Indon\u00e9sie vous propose de vous accompagner dans votre recherche de s\u00e9jours linguistiques en France. Vous pourrez profiter de cours de fran\u00e7ais dans les centres de formation s\u00e9lectionn\u00e9s par l\u2019ambassade de France et d\u00e9couvrir notre patrimoine historique, participer \u00e0 des activit\u00e9s culturelles et aller \u00e0 la rencontre de familles fran\u00e7aises heureuses de vous accueillir. \u200bCes s\u00e9jours s\u2019adressent \u00e0 tous les \u00e2ges et vous permettent de vous go\u00fbter \u00e0 la vie fran\u00e7aise.<\/p>\n<p>\u200bUn large choix pour un s\u00e9jour \u00e0 votre gout et \u00e0 votre rythme !<\/p>\n\t\t\t\t\t\t<\/div>\n\t\t\t\t<\/div>\n\t\t\t\t\t<\/div>\n\t\t<\/div>\n\t\t\t\t\t<\/div>\n\t\t<\/section>\n\t\t\t\t<section class=\"elementor-section elementor-top-section elementor-element elementor-element-a9a6b4b elementor-section-boxed elementor-section-height-default elementor-section-height-default\" data-id=\"a9a6b4b\" data-element_type=\"section\">\n\t\t\t\t\t\t<div class=\"elementor-container elementor-column-gap-default\">\n\t\t\t\t\t<div class=\"elementor-column elementor-col-100 elementor-top-column elementor-element elementor-element-e6aa422\" data-id=\"e6aa422\" data-element_type=\"column\">\n\t\t\t<div class=\"elementor-widget-wrap elementor-element-populated\">\n\t\t\t\t\t\t<div class=\"elementor-element elementor-element-4b03a6a elementor-widget elementor-widget-heading\" data-id=\"4b03a6a\" data-element_type=\"widget\" data-widget_type=\"heading.default\">\n\t\t\t\t<div class=\"elementor-widget-container\">\n\t\t\t<h2 class=\"elementor-heading-title elementor-size-default\">O\u00f9\u00a0?<\/h2>\t\t<\/div>\n\t\t\t\t<\/div>\n\t\t\t\t<div class=\"elementor-element elementor-element-db9cf73 elementor-widget elementor-widget-text-editor\" data-id=\"db9cf73\" data-element_type=\"widget\" data-widget_type=\"text-editor.default\">\n\t\t\t\t<div class=\"elementor-widget-container\">\n\t\t\t\t\t\t\t<p>La diversit\u00e9 des destinations et des programmes, vous permettra de choisir un s\u00e9jour qui vous ressemble\u00a0!<\/p>\n\t\t\t\t\t\t<\/div>\n\t\t\t\t<\/div>\n\t\t\t\t<div class=\"elementor-element elementor-element-b63d1d3 elementor--h-position-center elementor--v-position-middle elementor-arrows-position-inside elementor-pagination-position-inside elementor-widget elementor-widget-slides\" data-id=\"b63d1d3\" data-element_type=\"widget\" data-settings=\"{&quot;navigation&quot;:&quot;both&quot;,&quot;autoplay&quot;:&quot;yes&quot;,&quot;pause_on_hover&quot;:&quot;yes&quot;,&quot;pause_on_interaction&quot;:&quot;yes&quot;,&quot;autoplay_speed&quot;:5000,&quot;infinite&quot;:&quot;yes&quot;,&quot;transition&quot;:&quot;slide&quot;,&quot;transition_speed&quot;:500}\" data-widget_type=\"slides.default\">\n\t\t\t\t<div class=\"elementor-widget-container\">\n\t\t\t\t\t<div class=\"elementor-swiper\">\n\t\t\t<div class=\"elementor-slides-wrapper elementor-main-swiper swiper\" dir=\"ltr\" data-animation=\"fadeInUp\">\n\t\t\t\t<div class=\"swiper-wrapper elementor-slides\">\n\t\t\t\t\t\t\t\t\t\t<div class=\"elementor-repeater-item-16b3d5d swiper-slide\"><div class=\"swiper-slide-bg elementor-ken-burns elementor-ken-burns--in\" role=\"img\"><\/div><div class=\"elementor-background-overlay\"><\/div><div class=\"swiper-slide-inner\" ><div class=\"swiper-slide-contents\"><div class=\"elementor-slide-heading\">Angers<\/div><div class=\"elementor-slide-description\"><p>Pour son riche patrimoine m\u00e9di\u00e9val<\/p>\n<\/div><\/div><\/div><\/div><div class=\"elementor-repeater-item-af9312e swiper-slide\"><div class=\"swiper-slide-bg elementor-ken-burns elementor-ken-burns--in\" role=\"img\"><\/div><div class=\"elementor-background-overlay\"><\/div><div class=\"swiper-slide-inner\" ><div class=\"swiper-slide-contents\"><div class=\"elementor-slide-heading\">Bordeaux<\/div><div class=\"elementor-slide-description\"><p>La capitale du vin et de la gastronomie<\/p>\n<\/div><\/div><\/div><\/div><div class=\"elementor-repeater-item-ec88249 swiper-slide\"><div class=\"swiper-slide-bg elementor-ken-burns elementor-ken-burns--in\" role=\"img\"><\/div><div class=\"elementor-background-overlay\"><\/div><div class=\"swiper-slide-inner\" ><div class=\"swiper-slide-contents\"><div class=\"elementor-slide-heading\">La Rochelle<\/div><div class=\"elementor-slide-description\"><p>Avec son port historique et son tourisme nautique<\/p>\n<\/div><\/div><\/div><\/div><div class=\"elementor-repeater-item-0daa86e swiper-slide\"><div class=\"swiper-slide-bg elementor-ken-burns elementor-ken-burns--in\" role=\"img\"><\/div><div class=\"elementor-background-overlay\"><\/div><div class=\"swiper-slide-inner\" ><div class=\"swiper-slide-contents\"><div class=\"elementor-slide-heading\">Lille<\/div><div class=\"elementor-slide-description\"><p>Pour son ambiance chaleureuse et son patrimoine historique fascinant<\/p>\n<\/div><\/div><\/div><\/div><div class=\"elementor-repeater-item-e073fc4 swiper-slide\"><div class=\"swiper-slide-bg elementor-ken-burns elementor-ken-burns--in\" role=\"img\"><\/div><div class=\"elementor-background-overlay\"><\/div><div class=\"swiper-slide-inner\" ><div class=\"swiper-slide-contents\"><div class=\"elementor-slide-heading\">Lyon<\/div><div class=\"elementor-slide-description\"><p>Berceau de la cuisine fran\u00e7aise<\/p>\n<\/div><\/div><\/div><\/div><div class=\"elementor-repeater-item-06cee7e swiper-slide\"><div class=\"swiper-slide-bg elementor-ken-burns elementor-ken-burns--in\" role=\"img\"><\/div><div class=\"elementor-background-overlay\"><\/div><div class=\"swiper-slide-inner\" ><div class=\"swiper-slide-contents\"><div class=\"elementor-slide-heading\">Montpellier<\/div><div class=\"elementor-slide-description\"><p>Ville dynamique dans le sud de la France<\/p>\n<\/div><\/div><\/div><\/div><div class=\"elementor-repeater-item-2b14cdb swiper-slide\"><div class=\"swiper-slide-bg elementor-ken-burns elementor-ken-burns--in\" role=\"img\"><\/div><div class=\"elementor-background-overlay\"><\/div><div class=\"swiper-slide-inner\" ><div class=\"swiper-slide-contents\"><div class=\"elementor-slide-heading\">Nancy<\/div><div class=\"elementor-slide-description\"><p>Ville d\u2019art et d\u2019histoire<\/p>\n<\/div><\/div><\/div><\/div><div class=\"elementor-repeater-item-f387a03 swiper-slide\"><div class=\"swiper-slide-bg elementor-ken-burns elementor-ken-burns--in\" role=\"img\"><\/div><div class=\"elementor-background-overlay\"><\/div><div class=\"swiper-slide-inner\" ><div class=\"swiper-slide-contents\"><div class=\"elementor-slide-heading\">Paris<\/div><div class=\"elementor-slide-description\"><p>La ville lumi\u00e8re au c\u0153ur de la France<\/p>\n<\/div><\/div><\/div><\/div><div class=\"elementor-repeater-item-73cf5ff swiper-slide\"><div class=\"swiper-slide-bg elementor-ken-burns elementor-ken-burns--in\" role=\"img\"><\/div><div class=\"elementor-background-overlay\"><\/div><div class=\"swiper-slide-inner\" ><div class=\"swiper-slide-contents\"><div class=\"elementor-slide-heading\">Rouen<\/div><div class=\"elementor-slide-description\"><p>Ville pr\u00e9sentant un grand patrimoine historique<\/p>\n<\/div><\/div><\/div><\/div><div class=\"elementor-repeater-item-076cfa0 swiper-slide\"><div class=\"swiper-slide-bg elementor-ken-burns elementor-ken-burns--in\" role=\"img\"><\/div><div class=\"elementor-background-overlay\"><\/div><div class=\"swiper-slide-inner\" ><div class=\"swiper-slide-contents\"><div class=\"elementor-slide-heading\">Vichy<\/div><div class=\"elementor-slide-description\"><p>Le charme classique de la Belle \u00c9poque<\/p>\n<\/div><\/div><\/div><\/div>\t\t\t\t<\/div>\n\t\t\t\t\t\t\t\t\t\t\t\t\t\t\t<div class=\"swiper-pagination\"><\/div>\n\t\t\t\t\t\t\t\t\t\t\t\t\t\t\t\t<div class=\"elementor-swiper-button elementor-swiper-button-prev\" role=\"button\" tabindex=\"0\">\n\t\t\t\t\t\t\t<i aria-hidden=\"true\" class=\"eicon-chevron-left\"><\/i>\t\t\t\t\t\t\t<span class=\"elementor-screen-only\">Diapositive pr\u00e9c\u00e9dente<\/span>\n\t\t\t\t\t\t<\/div>\n\t\t\t\t\t\t<div class=\"elementor-swiper-button elementor-swiper-button-next\" role=\"button\" tabindex=\"0\">\n\t\t\t\t\t\t\t<i aria-hidden=\"true\" class=\"eicon-chevron-right\"><\/i>\t\t\t\t\t\t\t<span class=\"elementor-screen-only\">Diapositive suivante<\/span>\n\t\t\t\t\t\t<\/div>\n\t\t\t\t\t\t\t\t\t\t\t\t<\/div>\n\t\t<\/div>\n\t\t\t\t<\/div>\n\t\t\t\t<\/div>\n\t\t\t\t\t<\/div>\n\t\t<\/div>\n\t\t\t\t\t<\/div>\n\t\t<\/section>\n\t\t\t\t<section class=\"elementor-section elementor-top-section elementor-element elementor-element-53a4ac1 elementor-section-boxed elementor-section-height-default elementor-section-height-default\" data-id=\"53a4ac1\" data-element_type=\"section\">\n\t\t\t\t\t\t<div class=\"elementor-container elementor-column-gap-default\">\n\t\t\t\t\t<div class=\"elementor-column elementor-col-100 elementor-top-column elementor-element elementor-element-f911340\" data-id=\"f911340\" data-element_type=\"column\">\n\t\t\t<div class=\"elementor-widget-wrap elementor-element-populated\">\n\t\t\t\t\t\t<div class=\"elementor-element elementor-element-fe32e9f elementor-widget elementor-widget-text-editor\" data-id=\"fe32e9f\" data-element_type=\"widget\" data-widget_type=\"text-editor.default\">\n\t\t\t\t<div class=\"elementor-widget-container\">\n\t\t\t\t\t\t\t<h3>Logements disponibles\u00a0?<\/h3>\n<p>Les centres linguistiques proposent plusieurs types de logements aux apprenants\u00a0:<\/p>\n<ul>\n<li><strong>Chez l\u2019habitant<\/strong>, pour une immersion totale chez une famille fran\u00e7aise<\/li>\n<li><strong>En r\u00e9sidence universitaire<\/strong>, pour un peu plus d\u2019ind\u00e9pendance \u00e0 prix r\u00e9duit<\/li>\n<li><strong>Des h\u00f4tels haut de gamme<\/strong>\u200b, pour un confort assur\u00e9 lors de votre s\u00e9jour<\/li>\n<\/ul>\n<h3>\u00a0Pour quels publics\u00a0?<\/h3>\n<p>Pour les juniors, les \u00e9tudiants, les adultes et les seniors \u200b<\/p>\n<h3>Dur\u00e9e\u00a0?<\/h3>\n<p>Les s\u00e9jours peuvent durer <strong>d\u2019une \u00e0 plusieurs semaines<\/strong> selon vos objectifs et vos disponibilit\u00e9s.<\/p>\n<h3>Contenu\u00a0?<\/h3>\n<p>Des programmes vari\u00e9s sont propos\u00e9s afin de r\u00e9pondre au mieux \u00e0 vos attentes.<strong>\u200b<\/strong><\/p>\n<ul>\n<li><strong>Des programmes intensifs <\/strong>pour progresser rapidement (jusqu\u2019\u00e0 50 heures par semaine) et <strong>des programmes plus all\u00e9g\u00e9s<\/strong> pour laisser du temps \u00e0 la d\u00e9couverte\u200b (entre 15h et 20h de cours par semaine)<\/li>\n<li>Des visites de monuments et de mus\u00e9es, des activit\u00e9s sportives, des balades en ville, du shopping, des escapades \u00e0 Paris, des randonn\u00e9es dans la nature, des ateliers de cuisine\u2026\u200bsont \u00e9galement inclus dans les programmes.<\/li>\n<\/ul>\n<p>Alors n\u2019attendez pas plus et contacter Campus France Indon\u00e9sie pour plus d\u2019information\u00a0:<\/p>\n\t\t\t\t\t\t<\/div>\n\t\t\t\t<\/div>\n\t\t\t\t\t<\/div>\n\t\t<\/div>\n\t\t\t\t\t<\/div>\n\t\t<\/section>\n\t\t\t\t<section class=\"elementor-section elementor-top-section elementor-element elementor-element-daccc55 elementor-section-boxed elementor-section-height-default elementor-section-height-default\" data-id=\"daccc55\" data-element_type=\"section\">\n\t\t\t\t\t\t<div class=\"elementor-container elementor-column-gap-default\">\n\t\t\t\t\t<div class=\"elementor-column elementor-col-100 elementor-top-column elementor-element elementor-element-8c45955\" data-id=\"8c45955\" data-element_type=\"column\">\n\t\t\t<div class=\"elementor-widget-wrap elementor-element-populated\">\n\t\t\t\t\t\t<div class=\"elementor-element elementor-element-6488569 elementor-widget elementor-widget-button\" data-id=\"6488569\" data-element_type=\"widget\" data-widget_type=\"button.default\">\n\t\t\t\t<div class=\"elementor-widget-container\">\n\t\t\t\t\t<div class=\"elementor-button-wrapper\">\n\t\t\t<a class=\"elementor-button elementor-button-link elementor-size-sm\" href=\"mailto:osl@ifi-id.com\" target=\"_blank\">\n\t\t\t\t\t\t<span class=\"elementor-button-content-wrapper\">\n\t\t\t\t\t\t<span class=\"elementor-button-icon\">\n\t\t\t\t<i aria-hidden=\"true\" class=\"fas fa-envelope\"><\/i>\t\t\t<\/span>\n\t\t\t\t\t\t\t\t\t<span class=\"elementor-button-text\">osl@ifi-id.com<\/span>\n\t\t\t\t\t<\/span>\n\t\t\t\t\t<\/a>\n\t\t<\/div>\n\t\t\t\t<\/div>\n\t\t\t\t<\/div>\n\t\t\t\t\t<\/div>\n\t\t<\/div>\n\t\t\t\t\t<\/div>\n\t\t<\/section>\n\t\t\t\t<section class=\"elementor-section elementor-top-section elementor-element elementor-element-a3399ca elementor-section-boxed elementor-section-height-default elementor-section-height-default\" data-id=\"a3399ca\" data-element_type=\"section\">\n\t\t\t\t\t\t<div class=\"elementor-container elementor-column-gap-default\">\n\t\t\t\t\t<div class=\"elementor-column elementor-col-100 elementor-top-column elementor-element elementor-element-807a869\" data-id=\"807a869\" data-element_type=\"column\">\n\t\t\t<div class=\"elementor-widget-wrap elementor-element-populated\">\n\t\t\t\t\t\t<div class=\"elementor-element elementor-element-6699cbb elementor-widget elementor-widget-heading\" data-id=\"6699cbb\" data-element_type=\"widget\" data-widget_type=\"heading.default\">\n\t\t\t\t<div class=\"elementor-widget-container\">\n\t\t\t<h2 class=\"elementor-heading-title elementor-size-default\">T\u00e9l\u00e9chargez la brochure du programme ici<\/h2>\t\t<\/div>\n\t\t\t\t<\/div>\n\t\t\t\t\t<\/div>\n\t\t<\/div>\n\t\t\t\t\t<\/div>\n\t\t<\/section>\n\t\t\t\t<section class=\"elementor-section elementor-top-section elementor-element elementor-element-2af3f40 elementor-section-boxed elementor-section-height-default elementor-section-height-default\" data-id=\"2af3f40\" data-element_type=\"section\">\n\t\t\t\t\t\t<div class=\"elementor-container elementor-column-gap-default\">\n\t\t\t\t\t<div class=\"elementor-column elementor-col-100 elementor-top-column elementor-element elementor-element-7b9b5e3\" data-id=\"7b9b5e3\" data-element_type=\"column\">\n\t\t\t<div class=\"elementor-widget-wrap elementor-element-populated\">\n\t\t\t\t\t\t<div class=\"elementor-element elementor-element-3e15a0f elementor-widget elementor-widget-pdfjs_viewer\" data-id=\"3e15a0f\" data-element_type=\"widget\" data-widget_type=\"pdfjs_viewer.default\">\n\t\t\t\t<div class=\"elementor-widget-container\">\n\t\t\t<iframe src=\"https:\/\/www.ifi-id.com\/wp-content\/plugins\/pdf-viewer-for-elementor\/assets\/pdfjs\/web\/viewer.html?file=https:\/\/www.ifi-id.com\/wp-content\/uploads\/2025\/10\/GUIDE-OSL-Compressed_compressed.pdf&amp;embedded=true\" style=\"display: block; margin-left: auto; margin-right: auto; width: 70%; height: 1300px;\" frameborder=\"1\" marginheight=\"0px\" marginwidth=\"0px\" allowfullscreen><\/iframe>\t\t<\/div>\n\t\t\t\t<\/div>\n\t\t\t\t\t<\/div>\n\t\t<\/div>\n\t\t\t\t\t<\/div>\n\t\t<\/section>\n\t\t\t\t<\/div>\n\t\t","protected":false},"excerpt":{"rendered":"<p>S\u00e9jours linguistique S\u00e9jours linguistique Vous souhaitez apprendre le fran\u00e7ais tout en d\u00e9couvrant notre culture ?\u00a0\u200b Campus France Indon\u00e9sie vous propose de vous accompagner dans votre recherche de s\u00e9jours linguistiques en France. Vous pourrez profiter de cours de fran\u00e7ais dans les centres de formation s\u00e9lectionn\u00e9s par l\u2019ambassade de France et d\u00e9couvrir notre patrimoine historique, participer \u00e0 &hellip; <\/p>\n<p class=\"link-more\"><a href=\"https:\/\/www.ifi-id.com\/fr\/sejours-linguistique\/\" class=\"more-link\">Continuer la lecture<span class=\"screen-reader-text\"> de &laquo;&nbsp;S\u00e9jours linguistique&nbsp;&raquo;<\/span><\/a><\/p>\n","protected":false},"author":8,"featured_media":0,"parent":0,"menu_order":0,"comment_status":"closed","ping_status":"closed","template":"elementor_header_footer","meta":{"footnotes":""},"class_list":["post-53730","page","type-page","status-publish","hentry"],"yoast_head":"<!-- This site is optimized with the Yoast SEO plugin v23.5 - https:\/\/yoast.com\/wordpress\/plugins\/seo\/ -->\n<title>S\u00e9jours linguistique - Institut fran\u00e7ais Indon\u00e9sie<\/title>\n<meta name=\"description\" content=\"Campus France Indon\u00e9sie vous propose de vous accompagner dans votre recherche de s\u00e9jours linguistiques en France.\" \/>\n<meta name=\"robots\" content=\"index, follow, max-snippet:-1, max-image-preview:large, max-video-preview:-1\" \/>\n<link rel=\"canonical\" href=\"https:\/\/www.ifi-id.com\/program-imersi-bahasa-di-prancis\/\" \/>\n<meta property=\"og:locale\" content=\"fr_FR\" \/>\n<meta property=\"og:type\" content=\"article\" \/>\n<meta property=\"og:title\" content=\"S\u00e9jours linguistique\" \/>\n<meta property=\"og:description\" content=\"Campus France Indon\u00e9sie vous propose de vous accompagner dans votre recherche de s\u00e9jours linguistiques en France.\" \/>\n<meta property=\"og:url\" content=\"https:\/\/www.ifi-id.com\/program-imersi-bahasa-di-prancis\/\" \/>\n<meta property=\"og:site_name\" content=\"Institut fran\u00e7ais Indon\u00e9sie\" \/>\n<meta property=\"article:modified_time\" content=\"2025-10-14T12:34:10+00:00\" \/>\n<meta name=\"twitter:card\" content=\"summary_large_image\" \/>\n<meta name=\"twitter:title\" content=\"S\u00e9jours linguistique\" \/>\n<meta name=\"twitter:description\" content=\"Campus France Indon\u00e9sie vous propose de vous accompagner dans votre recherche de s\u00e9jours linguistiques en France.\" \/>\n<meta name=\"twitter:label1\" content=\"Dur\u00e9e de lecture estim\u00e9e\" \/>\n\t<meta name=\"twitter:data1\" content=\"2 minutes\" \/>\n<script type=\"application\/ld+json\" class=\"yoast-schema-graph\">{\"@context\":\"https:\/\/schema.org\",\"@graph\":[{\"@type\":\"WebPage\",\"@id\":\"https:\/\/www.ifi-id.com\/program-imersi-bahasa-di-prancis\/\",\"url\":\"https:\/\/www.ifi-id.com\/program-imersi-bahasa-di-prancis\/\",\"name\":\"S\u00e9jours linguistique - Institut fran\u00e7ais Indon\u00e9sie\",\"isPartOf\":{\"@id\":\"https:\/\/www.ifi-id.com\/#website\"},\"datePublished\":\"2025-03-27T13:24:04+00:00\",\"dateModified\":\"2025-10-14T12:34:10+00:00\",\"description\":\"Campus France Indon\u00e9sie vous propose de vous accompagner dans votre recherche de s\u00e9jours linguistiques en France.\",\"breadcrumb\":{\"@id\":\"https:\/\/www.ifi-id.com\/program-imersi-bahasa-di-prancis\/#breadcrumb\"},\"inLanguage\":\"fr-FR\",\"potentialAction\":[{\"@type\":\"ReadAction\",\"target\":[\"https:\/\/www.ifi-id.com\/program-imersi-bahasa-di-prancis\/\"]}]},{\"@type\":\"BreadcrumbList\",\"@id\":\"https:\/\/www.ifi-id.com\/program-imersi-bahasa-di-prancis\/#breadcrumb\",\"itemListElement\":[{\"@type\":\"ListItem\",\"position\":1,\"name\":\"Home\",\"item\":\"https:\/\/www.ifi-id.com\/\"},{\"@type\":\"ListItem\",\"position\":2,\"name\":\"S\u00e9jours linguistique\"}]},{\"@type\":\"WebSite\",\"@id\":\"https:\/\/www.ifi-id.com\/#website\",\"url\":\"https:\/\/www.ifi-id.com\/\",\"name\":\"Institut fran\u00e7ais Indon\u00e9sie\",\"description\":\"\",\"publisher\":{\"@id\":\"https:\/\/www.ifi-id.com\/#organization\"},\"potentialAction\":[{\"@type\":\"SearchAction\",\"target\":{\"@type\":\"EntryPoint\",\"urlTemplate\":\"https:\/\/www.ifi-id.com\/?s={search_term_string}\"},\"query-input\":{\"@type\":\"PropertyValueSpecification\",\"valueRequired\":true,\"valueName\":\"search_term_string\"}}],\"inLanguage\":\"fr-FR\"},{\"@type\":\"Organization\",\"@id\":\"https:\/\/www.ifi-id.com\/#organization\",\"name\":\"Institut fran\u00e7ais Indon\u00e9sie\",\"url\":\"https:\/\/www.ifi-id.com\/\",\"logo\":{\"@type\":\"ImageObject\",\"inLanguage\":\"fr-FR\",\"@id\":\"https:\/\/www.ifi-id.com\/#\/schema\/logo\/image\/\",\"url\":\"https:\/\/www.ifi-id.com\/wp-content\/uploads\/2022\/12\/IFI_New_Logo.jpg\",\"contentUrl\":\"https:\/\/www.ifi-id.com\/wp-content\/uploads\/2022\/12\/IFI_New_Logo.jpg\",\"width\":666,\"height\":444,\"caption\":\"Institut fran\u00e7ais Indon\u00e9sie\"},\"image\":{\"@id\":\"https:\/\/www.ifi-id.com\/#\/schema\/logo\/image\/\"}}]}<\/script>\n<!-- \/ Yoast SEO plugin. -->","yoast_head_json":{"title":"S\u00e9jours linguistique - Institut fran\u00e7ais Indon\u00e9sie","description":"Campus France Indon\u00e9sie vous propose de vous accompagner dans votre recherche de s\u00e9jours linguistiques en France.","robots":{"index":"index","follow":"follow","max-snippet":"max-snippet:-1","max-image-preview":"max-image-preview:large","max-video-preview":"max-video-preview:-1"},"canonical":"https:\/\/www.ifi-id.com\/program-imersi-bahasa-di-prancis\/","og_locale":"fr_FR","og_type":"article","og_title":"S\u00e9jours linguistique","og_description":"Campus France Indon\u00e9sie vous propose de vous accompagner dans votre recherche de s\u00e9jours linguistiques en France.","og_url":"https:\/\/www.ifi-id.com\/program-imersi-bahasa-di-prancis\/","og_site_name":"Institut fran\u00e7ais Indon\u00e9sie","article_modified_time":"2025-10-14T12:34:10+00:00","twitter_card":"summary_large_image","twitter_title":"S\u00e9jours linguistique","twitter_description":"Campus France Indon\u00e9sie vous propose de vous accompagner dans votre recherche de s\u00e9jours linguistiques en France.","twitter_misc":{"Dur\u00e9e de lecture estim\u00e9e":"2 minutes"},"schema":{"@context":"https:\/\/schema.org","@graph":[{"@type":"WebPage","@id":"https:\/\/www.ifi-id.com\/program-imersi-bahasa-di-prancis\/","url":"https:\/\/www.ifi-id.com\/program-imersi-bahasa-di-prancis\/","name":"S\u00e9jours linguistique - Institut fran\u00e7ais Indon\u00e9sie","isPartOf":{"@id":"https:\/\/www.ifi-id.com\/#website"},"datePublished":"2025-03-27T13:24:04+00:00","dateModified":"2025-10-14T12:34:10+00:00","description":"Campus France Indon\u00e9sie vous propose de vous accompagner dans votre recherche de s\u00e9jours linguistiques en France.","breadcrumb":{"@id":"https:\/\/www.ifi-id.com\/program-imersi-bahasa-di-prancis\/#breadcrumb"},"inLanguage":"fr-FR","potentialAction":[{"@type":"ReadAction","target":["https:\/\/www.ifi-id.com\/program-imersi-bahasa-di-prancis\/"]}]},{"@type":"BreadcrumbList","@id":"https:\/\/www.ifi-id.com\/program-imersi-bahasa-di-prancis\/#breadcrumb","itemListElement":[{"@type":"ListItem","position":1,"name":"Home","item":"https:\/\/www.ifi-id.com\/"},{"@type":"ListItem","position":2,"name":"S\u00e9jours linguistique"}]},{"@type":"WebSite","@id":"https:\/\/www.ifi-id.com\/#website","url":"https:\/\/www.ifi-id.com\/","name":"Institut fran\u00e7ais Indon\u00e9sie","description":"","publisher":{"@id":"https:\/\/www.ifi-id.com\/#organization"},"potentialAction":[{"@type":"SearchAction","target":{"@type":"EntryPoint","urlTemplate":"https:\/\/www.ifi-id.com\/?s={search_term_string}"},"query-input":{"@type":"PropertyValueSpecification","valueRequired":true,"valueName":"search_term_string"}}],"inLanguage":"fr-FR"},{"@type":"Organization","@id":"https:\/\/www.ifi-id.com\/#organization","name":"Institut fran\u00e7ais Indon\u00e9sie","url":"https:\/\/www.ifi-id.com\/","logo":{"@type":"ImageObject","inLanguage":"fr-FR","@id":"https:\/\/www.ifi-id.com\/#\/schema\/logo\/image\/","url":"https:\/\/www.ifi-id.com\/wp-content\/uploads\/2022\/12\/IFI_New_Logo.jpg","contentUrl":"https:\/\/www.ifi-id.com\/wp-content\/uploads\/2022\/12\/IFI_New_Logo.jpg","width":666,"height":444,"caption":"Institut fran\u00e7ais Indon\u00e9sie"},"image":{"@id":"https:\/\/www.ifi-id.com\/#\/schema\/logo\/image\/"}}]}},"post_mailing_queue_ids":[],"_links":{"self":[{"href":"https:\/\/www.ifi-id.com\/fr\/wp-json\/wp\/v2\/pages\/53730"}],"collection":[{"href":"https:\/\/www.ifi-id.com\/fr\/wp-json\/wp\/v2\/pages"}],"about":[{"href":"https:\/\/www.ifi-id.com\/fr\/wp-json\/wp\/v2\/types\/page"}],"author":[{"embeddable":true,"href":"https:\/\/www.ifi-id.com\/fr\/wp-json\/wp\/v2\/users\/8"}],"replies":[{"embeddable":true,"href":"https:\/\/www.ifi-id.com\/fr\/wp-json\/wp\/v2\/comments?post=53730"}],"version-history":[{"count":4,"href":"https:\/\/www.ifi-id.com\/fr\/wp-json\/wp\/v2\/pages\/53730\/revisions"}],"predecessor-version":[{"id":58318,"href":"https:\/\/www.ifi-id.com\/fr\/wp-json\/wp\/v2\/pages\/53730\/revisions\/58318"}],"wp:attachment":[{"href":"https:\/\/www.ifi-id.com\/fr\/wp-json\/wp\/v2\/media?parent=53730"}],"curies":[{"name":"wp","href":"https:\/\/api.w.org\/{rel}","templated":true}]}}