{"id":53722,"date":"2025-03-27T19:36:10","date_gmt":"2025-03-27T12:36:10","guid":{"rendered":"https:\/\/www.ifi-id.com\/frello\/"},"modified":"2025-08-06T16:50:44","modified_gmt":"2025-08-06T09:50:44","slug":"frello","status":"publish","type":"page","link":"https:\/\/www.ifi-id.com\/fr\/cours\/frello\/","title":{"rendered":"Frello"},"content":{"rendered":"\t\t<div data-elementor-type=\"wp-page\" data-elementor-id=\"53722\" class=\"elementor elementor-53722 elementor-53714\" data-elementor-post-type=\"page\">\n\t\t\t\t\t\t<section class=\"elementor-section elementor-top-section elementor-element elementor-element-2b483543 elementor-section-boxed elementor-section-height-default elementor-section-height-default\" data-id=\"2b483543\" data-element_type=\"section\">\n\t\t\t\t\t\t<div class=\"elementor-container elementor-column-gap-default\">\n\t\t\t\t\t<div class=\"elementor-column elementor-col-100 elementor-top-column elementor-element elementor-element-6de21b31\" data-id=\"6de21b31\" data-element_type=\"column\">\n\t\t\t<div class=\"elementor-widget-wrap elementor-element-populated\">\n\t\t\t\t\t\t<div class=\"elementor-element elementor-element-6737ec77 elementor-hidden-mobile elementor-widget elementor-widget-heading\" data-id=\"6737ec77\" data-element_type=\"widget\" data-widget_type=\"heading.default\">\n\t\t\t\t<div class=\"elementor-widget-container\">\n\t\t\t<h2 class=\"elementor-heading-title elementor-size-default\">Frello<\/h2>\t\t<\/div>\n\t\t\t\t<\/div>\n\t\t\t\t\t<\/div>\n\t\t<\/div>\n\t\t\t\t\t<\/div>\n\t\t<\/section>\n\t\t\t\t<section class=\"elementor-section elementor-top-section elementor-element elementor-element-73068437 elementor-section-boxed elementor-section-height-default elementor-section-height-default\" data-id=\"73068437\" data-element_type=\"section\">\n\t\t\t\t\t\t<div class=\"elementor-container elementor-column-gap-default\">\n\t\t\t\t\t<div class=\"elementor-column elementor-col-100 elementor-top-column elementor-element elementor-element-5e475ccb\" data-id=\"5e475ccb\" data-element_type=\"column\">\n\t\t\t<div class=\"elementor-widget-wrap elementor-element-populated\">\n\t\t\t\t\t\t<div class=\"elementor-element elementor-element-f3bb558 elementor-hidden-desktop elementor-hidden-tablet elementor-widget elementor-widget-heading\" data-id=\"f3bb558\" data-element_type=\"widget\" data-widget_type=\"heading.default\">\n\t\t\t\t<div class=\"elementor-widget-container\">\n\t\t\t<h1 class=\"elementor-heading-title elementor-size-default\">Frello<\/h1>\t\t<\/div>\n\t\t\t\t<\/div>\n\t\t\t\t\t<\/div>\n\t\t<\/div>\n\t\t\t\t\t<\/div>\n\t\t<\/section>\n\t\t\t\t<section class=\"elementor-section elementor-top-section elementor-element elementor-element-054dec6 elementor-section-boxed elementor-section-height-default elementor-section-height-default\" data-id=\"054dec6\" data-element_type=\"section\">\n\t\t\t\t\t\t<div class=\"elementor-container elementor-column-gap-default\">\n\t\t\t\t\t<div class=\"elementor-column elementor-col-50 elementor-top-column elementor-element elementor-element-6f12110\" data-id=\"6f12110\" data-element_type=\"column\">\n\t\t\t<div class=\"elementor-widget-wrap elementor-element-populated\">\n\t\t\t\t\t\t<div class=\"elementor-element elementor-element-b50791a elementor-widget elementor-widget-image\" data-id=\"b50791a\" data-element_type=\"widget\" data-widget_type=\"image.default\">\n\t\t\t\t<div class=\"elementor-widget-container\">\n\t\t\t\t\t\t\t\t\t\t\t\t\t<img fetchpriority=\"high\" decoding=\"async\" width=\"1280\" height=\"720\" src=\"https:\/\/www.ifi-id.com\/wp-content\/uploads\/2025\/03\/Frello.jpg\" class=\"attachment-full size-full wp-image-53716\" alt=\"\" srcset=\"https:\/\/www.ifi-id.com\/wp-content\/uploads\/2025\/03\/Frello.jpg 1280w, https:\/\/www.ifi-id.com\/wp-content\/uploads\/2025\/03\/Frello-300x169.jpg 300w, https:\/\/www.ifi-id.com\/wp-content\/uploads\/2025\/03\/Frello-1024x576.jpg 1024w, https:\/\/www.ifi-id.com\/wp-content\/uploads\/2025\/03\/Frello-768x432.jpg 768w\" sizes=\"100vw\" \/>\t\t\t\t\t\t\t\t\t\t\t\t\t<\/div>\n\t\t\t\t<\/div>\n\t\t\t\t\t<\/div>\n\t\t<\/div>\n\t\t\t\t<div class=\"elementor-column elementor-col-50 elementor-top-column elementor-element elementor-element-f6d0fbc\" data-id=\"f6d0fbc\" data-element_type=\"column\">\n\t\t\t<div class=\"elementor-widget-wrap elementor-element-populated\">\n\t\t\t\t\t\t<div class=\"elementor-element elementor-element-7008e32 elementor-widget elementor-widget-text-editor\" data-id=\"7008e32\" data-element_type=\"widget\" data-widget_type=\"text-editor.default\">\n\t\t\t\t<div class=\"elementor-widget-container\">\n\t\t\t\t\t\t\t<h3>Plateforme digitale d&rsquo;apprentissage du fran\u00e7ais : la solution id\u00e9ale pour une ma\u00eetrise acc\u00e9l\u00e9r\u00e9e du fran\u00e7ais !<\/h3>\n<p><span style=\"font-weight: 400;\">Vous \u00eates d\u00e9butant complet et souhaitez apprendre le fran\u00e7ais de mani\u00e8re flexible, sans contrainte de temps ni de lieu ? Vous venez de commencer votre apprentissage et souhaitez acc\u00e9l\u00e9rer votre progression ? FRELLO est la solution id\u00e9ale !<\/span><\/p>\n<p><span style=\"font-weight: 400;\">FRELLO est une plateforme d&rsquo;apprentissage d\u2019enseignement du fran\u00e7ais qui utilise l&rsquo;Intelligence Artificielle (IA) pour vous offrir une exp\u00e9rience d&rsquo;apprentissage personnalis\u00e9e, efficace et ludique.<\/span><\/p>\n\t\t\t\t\t\t<\/div>\n\t\t\t\t<\/div>\n\t\t\t\t\t<\/div>\n\t\t<\/div>\n\t\t\t\t\t<\/div>\n\t\t<\/section>\n\t\t\t\t<section class=\"elementor-section elementor-top-section elementor-element elementor-element-5daf2e1 elementor-section-boxed elementor-section-height-default elementor-section-height-default\" data-id=\"5daf2e1\" data-element_type=\"section\">\n\t\t\t\t\t\t<div class=\"elementor-container elementor-column-gap-default\">\n\t\t\t\t\t<div class=\"elementor-column elementor-col-100 elementor-top-column elementor-element elementor-element-3b07b2c\" data-id=\"3b07b2c\" data-element_type=\"column\">\n\t\t\t<div class=\"elementor-widget-wrap elementor-element-populated\">\n\t\t\t\t\t\t<div class=\"elementor-element elementor-element-437d821 elementor-widget elementor-widget-video\" data-id=\"437d821\" data-element_type=\"widget\" data-settings=\"{&quot;youtube_url&quot;:&quot;https:\\\/\\\/youtu.be\\\/nnAgi5Yysp0&quot;,&quot;video_type&quot;:&quot;youtube&quot;,&quot;controls&quot;:&quot;yes&quot;}\" data-widget_type=\"video.default\">\n\t\t\t\t<div class=\"elementor-widget-container\">\n\t\t\t\t\t<div class=\"elementor-wrapper elementor-open-inline\">\n\t\t\t<div class=\"elementor-video\"><\/div>\t\t<\/div>\n\t\t\t\t<\/div>\n\t\t\t\t<\/div>\n\t\t\t\t\t<\/div>\n\t\t<\/div>\n\t\t\t\t\t<\/div>\n\t\t<\/section>\n\t\t\t\t<section class=\"elementor-section elementor-top-section elementor-element elementor-element-fbd7248 elementor-section-boxed elementor-section-height-default elementor-section-height-default\" data-id=\"fbd7248\" data-element_type=\"section\">\n\t\t\t\t\t\t<div class=\"elementor-container elementor-column-gap-default\">\n\t\t\t\t\t<div class=\"elementor-column elementor-col-100 elementor-top-column elementor-element elementor-element-dc3d53b\" data-id=\"dc3d53b\" data-element_type=\"column\">\n\t\t\t<div class=\"elementor-widget-wrap elementor-element-populated\">\n\t\t\t\t\t\t<div class=\"elementor-element elementor-element-df87829 elementor-widget elementor-widget-text-editor\" data-id=\"df87829\" data-element_type=\"widget\" data-widget_type=\"text-editor.default\">\n\t\t\t\t<div class=\"elementor-widget-container\">\n\t\t\t\t\t\t\t<p><span style=\"font-weight: 400;\">Gr\u00e2ce \u00e0 son approche immersive, FRELLO vous plonge dans une pratique directe du fran\u00e7ais, offrant ainsi un apprentissage plus rapide et accessible, m\u00eame pour les d\u00e9butants. Une assistance en anglais vous accompagne \u00e9galement au d\u00e9but de votre apprentissage pour vous assurer un d\u00e9marrage sans difficult\u00e9.<\/span><\/p>\n<p><span style=\"font-weight: 400;\">La plateforme FRELLO peut \u00eatre utilis\u00e9e selon les <\/span><b>trois modalit\u00e9s<\/b><span style=\"font-weight: 400;\"> suivantes :<\/span><\/p>\n<p><span style=\"font-weight: 400;\">1. Pour les apprenants de l\u2019IFI, en compl\u00e9ment d&rsquo;un cours en ligne ou en pr\u00e9sentiel gr\u00e2ce \u00e0 des exercices interactifs.<br \/>\n2. <\/span><span style=\"font-weight: 400;\">Pour tout nouvel apprenant, deux formules avec l\u2019accompagnement d&rsquo;un tuteur:\u00a0<\/span><\/p>\n<ul>\n<li><span style=\"font-weight: 400;\">Pour un apprentissage en groupe (minimum 3 personnes), comprenant 3h de tutorat asynchrone et 12h de tutorat synchrone collectif en classe virtuelle avec un enseignant.<\/span><\/li>\n<li><span style=\"font-weight: 400;\">Pour un apprentissage individuel, comprenant 6h de tutorat asynchrone et 12h de tutorat synchrone individuel en classe virtuelle avec un enseignant. <\/span><\/li>\n<\/ul>\n<h3>Fonctionnalit\u00e9s principales de FRELLO<\/h3>\n<p><span style=\"font-weight: 400;\">FRELLO dispose de nombreuses fonctionnalit\u00e9s performantes pour vous offrir une exp\u00e9rience d&rsquo;apprentissage efficace et compl\u00e8te. Parmi les principales fonctionnalit\u00e9s de la plateforme, vous pourrez trouver :<\/span><\/p>\n<ul>\n<li><strong>Des tests de placement<\/strong><\/li>\n<li><strong>L\u2019apprentissage du fran\u00e7ais g\u00e9n\u00e9ral ou professionnel<\/strong><\/li>\n<li><strong>La pr\u00e9paration aux examens du DELF<\/strong><\/li>\n<\/ul>\n<p><b>N\u2019attendez plus et commencez votre formation avec FRELLO !<\/b><\/p>\n<p><span style=\"font-weight: 400;\">Rejoignez FRELLO d\u00e8s maintenant et choisissez l&rsquo;option qui correspond le mieux \u00e0 vos besoins !<\/span><\/p>\n\t\t\t\t\t\t<\/div>\n\t\t\t\t<\/div>\n\t\t\t\t\t<\/div>\n\t\t<\/div>\n\t\t\t\t\t<\/div>\n\t\t<\/section>\n\t\t\t\t<section class=\"elementor-section elementor-top-section elementor-element elementor-element-2717a35 elementor-section-boxed elementor-section-height-default elementor-section-height-default\" data-id=\"2717a35\" data-element_type=\"section\">\n\t\t\t\t\t\t<div class=\"elementor-container elementor-column-gap-default\">\n\t\t\t\t\t<div class=\"elementor-column elementor-col-33 elementor-top-column elementor-element elementor-element-1410e2f\" data-id=\"1410e2f\" data-element_type=\"column\">\n\t\t\t<div class=\"elementor-widget-wrap elementor-element-populated\">\n\t\t\t\t\t\t<div class=\"elementor-element elementor-element-e11f355 elementor-cta--skin-cover elementor-cta--valign-middle elementor-animated-content elementor-bg-transform elementor-bg-transform-zoom-in elementor-widget elementor-widget-call-to-action\" data-id=\"e11f355\" data-element_type=\"widget\" data-widget_type=\"call-to-action.default\">\n\t\t\t\t<div class=\"elementor-widget-container\">\n\t\t\t\t\t<a class=\"elementor-cta\" href=\"https:\/\/www.ifi-id.com\/fr\/compte-panier\/#\/addProduct\/571\">\n\t\t\t\t\t<div class=\"elementor-cta__bg-wrapper\">\n\t\t\t\t<div class=\"elementor-cta__bg elementor-bg\" style=\"background-image: url(https:\/\/www.ifi-id.com\/wp-content\/uploads\/2024\/10\/Pictogram-scaled.jpg);\" role=\"img\" aria-label=\"Pictogram\"><\/div>\n\t\t\t\t<div class=\"elementor-cta__bg-overlay\"><\/div>\n\t\t\t<\/div>\n\t\t\t\t\t\t\t<div class=\"elementor-cta__content\">\n\t\t\t\t\n\t\t\t\t\t\t\t\t\t<h2 class=\"elementor-cta__title elementor-cta__content-item elementor-content-item elementor-animated-item--grow\">\n\t\t\t\t\t\tFormule en autonomie\t\t\t\t\t<\/h2>\n\t\t\t\t\n\t\t\t\t\t\t\t\t\t<div class=\"elementor-cta__description elementor-cta__content-item elementor-content-item elementor-animated-item--grow\">\n\t\t\t\t\t\t<p><span style=\"font-weight: 400;\">Apprenez en toute libert\u00e9, sans accompagnement.<\/span><\/p>\n\t\t\t\t\t<\/div>\n\t\t\t\t\n\t\t\t\t\t\t\t<\/div>\n\t\t\t\t\t\t<\/a>\n\t\t\t\t<\/div>\n\t\t\t\t<\/div>\n\t\t\t\t\t<\/div>\n\t\t<\/div>\n\t\t\t\t<div class=\"elementor-column elementor-col-33 elementor-top-column elementor-element elementor-element-fd1efc3\" data-id=\"fd1efc3\" data-element_type=\"column\">\n\t\t\t<div class=\"elementor-widget-wrap elementor-element-populated\">\n\t\t\t\t\t\t<div class=\"elementor-element elementor-element-2bc04f4 elementor-cta--skin-cover elementor-cta--valign-middle elementor-animated-content elementor-bg-transform elementor-bg-transform-zoom-in elementor-widget elementor-widget-call-to-action\" data-id=\"2bc04f4\" data-element_type=\"widget\" data-widget_type=\"call-to-action.default\">\n\t\t\t\t<div class=\"elementor-widget-container\">\n\t\t\t\t\t<a class=\"elementor-cta\" href=\"https:\/\/www.ifi-id.com\/fr\/compte-panier\/#\/addClasse\/17112\">\n\t\t\t\t\t<div class=\"elementor-cta__bg-wrapper\">\n\t\t\t\t<div class=\"elementor-cta__bg elementor-bg\" style=\"background-image: url(https:\/\/www.ifi-id.com\/wp-content\/uploads\/2024\/10\/Pictogram-scaled.jpg);\" role=\"img\" aria-label=\"Pictogram\"><\/div>\n\t\t\t\t<div class=\"elementor-cta__bg-overlay\"><\/div>\n\t\t\t<\/div>\n\t\t\t\t\t\t\t<div class=\"elementor-cta__content\">\n\t\t\t\t\n\t\t\t\t\t\t\t\t\t<h2 class=\"elementor-cta__title elementor-cta__content-item elementor-content-item elementor-animated-item--grow\">\n\t\t\t\t\t\tFormule en Groupe\t\t\t\t\t<\/h2>\n\t\t\t\t\n\t\t\t\t\t\t\t\t\t<div class=\"elementor-cta__description elementor-cta__content-item elementor-content-item elementor-animated-item--grow\">\n\t\t\t\t\t\t<p>Apprenez avec d'autres participants et b\u00e9n\u00e9ficiez d'un accompagnement collectif.<\/p>\n\t\t\t\t\t<\/div>\n\t\t\t\t\n\t\t\t\t\t\t\t<\/div>\n\t\t\t\t\t\t<\/a>\n\t\t\t\t<\/div>\n\t\t\t\t<\/div>\n\t\t\t\t\t<\/div>\n\t\t<\/div>\n\t\t\t\t<div class=\"elementor-column elementor-col-33 elementor-top-column elementor-element elementor-element-6b1764f\" data-id=\"6b1764f\" data-element_type=\"column\">\n\t\t\t<div class=\"elementor-widget-wrap elementor-element-populated\">\n\t\t\t\t\t\t<div class=\"elementor-element elementor-element-5120e17 elementor-cta--skin-cover elementor-cta--valign-middle elementor-animated-content elementor-bg-transform elementor-bg-transform-zoom-in elementor-widget elementor-widget-call-to-action\" data-id=\"5120e17\" data-element_type=\"widget\" data-widget_type=\"call-to-action.default\">\n\t\t\t\t<div class=\"elementor-widget-container\">\n\t\t\t\t\t<a class=\"elementor-cta\" href=\"https:\/\/www.ifi-id.com\/fr\/cours\/frello\/formule-individuelle\/\">\n\t\t\t\t\t<div class=\"elementor-cta__bg-wrapper\">\n\t\t\t\t<div class=\"elementor-cta__bg elementor-bg\" style=\"background-image: url(https:\/\/www.ifi-id.com\/wp-content\/uploads\/2024\/10\/Pictogram-scaled.jpg);\" role=\"img\" aria-label=\"Pictogram\"><\/div>\n\t\t\t\t<div class=\"elementor-cta__bg-overlay\"><\/div>\n\t\t\t<\/div>\n\t\t\t\t\t\t\t<div class=\"elementor-cta__content\">\n\t\t\t\t\n\t\t\t\t\t\t\t\t\t<h2 class=\"elementor-cta__title elementor-cta__content-item elementor-content-item elementor-animated-item--grow\">\n\t\t\t\t\t\tFormule\u00a0individuelle\t\t\t\t\t<\/h2>\n\t\t\t\t\n\t\t\t\t\t\t\t\t\t<div class=\"elementor-cta__description elementor-cta__content-item elementor-content-item elementor-animated-item--grow\">\n\t\t\t\t\t\t<p><span style=\"font-weight: 400;\">Profitez d\u2019un accompagnement personnalis\u00e9 pour atteindre vos objectifs plus rapidement.<\/span><\/p>\n\t\t\t\t\t<\/div>\n\t\t\t\t\n\t\t\t\t\t\t\t<\/div>\n\t\t\t\t\t\t<\/a>\n\t\t\t\t<\/div>\n\t\t\t\t<\/div>\n\t\t\t\t\t<\/div>\n\t\t<\/div>\n\t\t\t\t\t<\/div>\n\t\t<\/section>\n\t\t\t\t<\/div>\n\t\t","protected":false},"excerpt":{"rendered":"<p>Frello Frello Plateforme digitale d&rsquo;apprentissage du fran\u00e7ais : la solution id\u00e9ale pour une ma\u00eetrise acc\u00e9l\u00e9r\u00e9e du fran\u00e7ais ! Vous \u00eates d\u00e9butant complet et souhaitez apprendre le fran\u00e7ais de mani\u00e8re flexible, sans contrainte de temps ni de lieu ? Vous venez de commencer votre apprentissage et souhaitez acc\u00e9l\u00e9rer votre progression ? FRELLO est la solution id\u00e9ale &hellip; <\/p>\n<p class=\"link-more\"><a href=\"https:\/\/www.ifi-id.com\/fr\/cours\/frello\/\" class=\"more-link\">Continuer la lecture<span class=\"screen-reader-text\"> de &laquo;&nbsp;Frello&nbsp;&raquo;<\/span><\/a><\/p>\n","protected":false},"author":8,"featured_media":53716,"parent":51113,"menu_order":0,"comment_status":"closed","ping_status":"closed","template":"elementor_header_footer","meta":{"footnotes":""},"class_list":["post-53722","page","type-page","status-publish","has-post-thumbnail","hentry"],"yoast_head":"<!-- This site is optimized with the Yoast SEO plugin v23.5 - https:\/\/yoast.com\/wordpress\/plugins\/seo\/ -->\n<title>Frello - Institut fran\u00e7ais Indon\u00e9sie<\/title>\n<meta name=\"description\" content=\"Plateforme digitale d&#039;apprentissage du fran\u00e7ais : la solution id\u00e9ale pour une ma\u00eetrise acc\u00e9l\u00e9r\u00e9e du fran\u00e7ais !\" \/>\n<meta name=\"robots\" content=\"index, follow, max-snippet:-1, max-image-preview:large, max-video-preview:-1\" \/>\n<link rel=\"canonical\" href=\"https:\/\/www.ifi-id.com\/kursus\/frello\/\" \/>\n<meta property=\"og:locale\" content=\"fr_FR\" \/>\n<meta property=\"og:type\" content=\"article\" \/>\n<meta property=\"og:title\" content=\"Frello\" \/>\n<meta property=\"og:description\" content=\"Plateforme digitale d&#039;apprentissage du fran\u00e7ais : la solution id\u00e9ale pour une ma\u00eetrise acc\u00e9l\u00e9r\u00e9e du fran\u00e7ais !\" \/>\n<meta property=\"og:url\" content=\"https:\/\/www.ifi-id.com\/kursus\/frello\/\" \/>\n<meta property=\"og:site_name\" content=\"Institut fran\u00e7ais Indon\u00e9sie\" \/>\n<meta property=\"article:modified_time\" content=\"2025-08-06T09:50:44+00:00\" \/>\n<meta property=\"og:image\" content=\"https:\/\/www.ifi-id.com\/wp-content\/uploads\/2025\/03\/Frello.jpg\" \/>\n<meta name=\"twitter:card\" content=\"summary_large_image\" \/>\n<meta name=\"twitter:title\" content=\"Frello\" \/>\n<meta name=\"twitter:description\" content=\"Plateforme digitale d&#039;apprentissage du fran\u00e7ais : la solution id\u00e9ale pour une ma\u00eetrise acc\u00e9l\u00e9r\u00e9e du fran\u00e7ais !\" \/>\n<meta name=\"twitter:image\" content=\"https:\/\/www.ifi-id.com\/wp-content\/uploads\/2025\/03\/Frello-1024x576.jpg\" \/>\n<meta name=\"twitter:label1\" content=\"Dur\u00e9e de lecture estim\u00e9e\" \/>\n\t<meta name=\"twitter:data1\" content=\"2 minutes\" \/>\n<script type=\"application\/ld+json\" class=\"yoast-schema-graph\">{\"@context\":\"https:\/\/schema.org\",\"@graph\":[{\"@type\":\"WebPage\",\"@id\":\"https:\/\/www.ifi-id.com\/kursus\/frello\/\",\"url\":\"https:\/\/www.ifi-id.com\/kursus\/frello\/\",\"name\":\"Frello - Institut fran\u00e7ais Indon\u00e9sie\",\"isPartOf\":{\"@id\":\"https:\/\/www.ifi-id.com\/#website\"},\"primaryImageOfPage\":{\"@id\":\"https:\/\/www.ifi-id.com\/kursus\/frello\/#primaryimage\"},\"image\":{\"@id\":\"https:\/\/www.ifi-id.com\/kursus\/frello\/#primaryimage\"},\"thumbnailUrl\":\"https:\/\/www.ifi-id.com\/wp-content\/uploads\/2025\/03\/Frello.jpg\",\"datePublished\":\"2025-03-27T12:36:10+00:00\",\"dateModified\":\"2025-08-06T09:50:44+00:00\",\"description\":\"Plateforme digitale d'apprentissage du fran\u00e7ais : la solution id\u00e9ale pour une ma\u00eetrise acc\u00e9l\u00e9r\u00e9e du fran\u00e7ais !\",\"breadcrumb\":{\"@id\":\"https:\/\/www.ifi-id.com\/kursus\/frello\/#breadcrumb\"},\"inLanguage\":\"fr-FR\",\"potentialAction\":[{\"@type\":\"ReadAction\",\"target\":[\"https:\/\/www.ifi-id.com\/kursus\/frello\/\"]}]},{\"@type\":\"ImageObject\",\"inLanguage\":\"fr-FR\",\"@id\":\"https:\/\/www.ifi-id.com\/kursus\/frello\/#primaryimage\",\"url\":\"https:\/\/www.ifi-id.com\/wp-content\/uploads\/2025\/03\/Frello.jpg\",\"contentUrl\":\"https:\/\/www.ifi-id.com\/wp-content\/uploads\/2025\/03\/Frello.jpg\",\"width\":1280,\"height\":720},{\"@type\":\"BreadcrumbList\",\"@id\":\"https:\/\/www.ifi-id.com\/kursus\/frello\/#breadcrumb\",\"itemListElement\":[{\"@type\":\"ListItem\",\"position\":1,\"name\":\"Home\",\"item\":\"https:\/\/www.ifi-id.com\/\"},{\"@type\":\"ListItem\",\"position\":2,\"name\":\"Cours de fran\u00e7ais\",\"item\":\"https:\/\/www.ifi-id.com\/kursus\/\"},{\"@type\":\"ListItem\",\"position\":3,\"name\":\"Frello\"}]},{\"@type\":\"WebSite\",\"@id\":\"https:\/\/www.ifi-id.com\/#website\",\"url\":\"https:\/\/www.ifi-id.com\/\",\"name\":\"Institut fran\u00e7ais Indon\u00e9sie\",\"description\":\"\",\"publisher\":{\"@id\":\"https:\/\/www.ifi-id.com\/#organization\"},\"potentialAction\":[{\"@type\":\"SearchAction\",\"target\":{\"@type\":\"EntryPoint\",\"urlTemplate\":\"https:\/\/www.ifi-id.com\/?s={search_term_string}\"},\"query-input\":{\"@type\":\"PropertyValueSpecification\",\"valueRequired\":true,\"valueName\":\"search_term_string\"}}],\"inLanguage\":\"fr-FR\"},{\"@type\":\"Organization\",\"@id\":\"https:\/\/www.ifi-id.com\/#organization\",\"name\":\"Institut fran\u00e7ais Indon\u00e9sie\",\"url\":\"https:\/\/www.ifi-id.com\/\",\"logo\":{\"@type\":\"ImageObject\",\"inLanguage\":\"fr-FR\",\"@id\":\"https:\/\/www.ifi-id.com\/#\/schema\/logo\/image\/\",\"url\":\"https:\/\/www.ifi-id.com\/wp-content\/uploads\/2022\/12\/IFI_New_Logo.jpg\",\"contentUrl\":\"https:\/\/www.ifi-id.com\/wp-content\/uploads\/2022\/12\/IFI_New_Logo.jpg\",\"width\":666,\"height\":444,\"caption\":\"Institut fran\u00e7ais Indon\u00e9sie\"},\"image\":{\"@id\":\"https:\/\/www.ifi-id.com\/#\/schema\/logo\/image\/\"}}]}<\/script>\n<!-- \/ Yoast SEO plugin. -->","yoast_head_json":{"title":"Frello - Institut fran\u00e7ais Indon\u00e9sie","description":"Plateforme digitale d'apprentissage du fran\u00e7ais : la solution id\u00e9ale pour une ma\u00eetrise acc\u00e9l\u00e9r\u00e9e du fran\u00e7ais !","robots":{"index":"index","follow":"follow","max-snippet":"max-snippet:-1","max-image-preview":"max-image-preview:large","max-video-preview":"max-video-preview:-1"},"canonical":"https:\/\/www.ifi-id.com\/kursus\/frello\/","og_locale":"fr_FR","og_type":"article","og_title":"Frello","og_description":"Plateforme digitale d'apprentissage du fran\u00e7ais : la solution id\u00e9ale pour une ma\u00eetrise acc\u00e9l\u00e9r\u00e9e du fran\u00e7ais !","og_url":"https:\/\/www.ifi-id.com\/kursus\/frello\/","og_site_name":"Institut fran\u00e7ais Indon\u00e9sie","article_modified_time":"2025-08-06T09:50:44+00:00","og_image":[{"url":"https:\/\/www.ifi-id.com\/wp-content\/uploads\/2025\/03\/Frello.jpg"}],"twitter_card":"summary_large_image","twitter_title":"Frello","twitter_description":"Plateforme digitale d'apprentissage du fran\u00e7ais : la solution id\u00e9ale pour une ma\u00eetrise acc\u00e9l\u00e9r\u00e9e du fran\u00e7ais !","twitter_image":"https:\/\/www.ifi-id.com\/wp-content\/uploads\/2025\/03\/Frello-1024x576.jpg","twitter_misc":{"Dur\u00e9e de lecture estim\u00e9e":"2 minutes"},"schema":{"@context":"https:\/\/schema.org","@graph":[{"@type":"WebPage","@id":"https:\/\/www.ifi-id.com\/kursus\/frello\/","url":"https:\/\/www.ifi-id.com\/kursus\/frello\/","name":"Frello - Institut fran\u00e7ais Indon\u00e9sie","isPartOf":{"@id":"https:\/\/www.ifi-id.com\/#website"},"primaryImageOfPage":{"@id":"https:\/\/www.ifi-id.com\/kursus\/frello\/#primaryimage"},"image":{"@id":"https:\/\/www.ifi-id.com\/kursus\/frello\/#primaryimage"},"thumbnailUrl":"https:\/\/www.ifi-id.com\/wp-content\/uploads\/2025\/03\/Frello.jpg","datePublished":"2025-03-27T12:36:10+00:00","dateModified":"2025-08-06T09:50:44+00:00","description":"Plateforme digitale d'apprentissage du fran\u00e7ais : la solution id\u00e9ale pour une ma\u00eetrise acc\u00e9l\u00e9r\u00e9e du fran\u00e7ais !","breadcrumb":{"@id":"https:\/\/www.ifi-id.com\/kursus\/frello\/#breadcrumb"},"inLanguage":"fr-FR","potentialAction":[{"@type":"ReadAction","target":["https:\/\/www.ifi-id.com\/kursus\/frello\/"]}]},{"@type":"ImageObject","inLanguage":"fr-FR","@id":"https:\/\/www.ifi-id.com\/kursus\/frello\/#primaryimage","url":"https:\/\/www.ifi-id.com\/wp-content\/uploads\/2025\/03\/Frello.jpg","contentUrl":"https:\/\/www.ifi-id.com\/wp-content\/uploads\/2025\/03\/Frello.jpg","width":1280,"height":720},{"@type":"BreadcrumbList","@id":"https:\/\/www.ifi-id.com\/kursus\/frello\/#breadcrumb","itemListElement":[{"@type":"ListItem","position":1,"name":"Home","item":"https:\/\/www.ifi-id.com\/"},{"@type":"ListItem","position":2,"name":"Cours de fran\u00e7ais","item":"https:\/\/www.ifi-id.com\/kursus\/"},{"@type":"ListItem","position":3,"name":"Frello"}]},{"@type":"WebSite","@id":"https:\/\/www.ifi-id.com\/#website","url":"https:\/\/www.ifi-id.com\/","name":"Institut fran\u00e7ais Indon\u00e9sie","description":"","publisher":{"@id":"https:\/\/www.ifi-id.com\/#organization"},"potentialAction":[{"@type":"SearchAction","target":{"@type":"EntryPoint","urlTemplate":"https:\/\/www.ifi-id.com\/?s={search_term_string}"},"query-input":{"@type":"PropertyValueSpecification","valueRequired":true,"valueName":"search_term_string"}}],"inLanguage":"fr-FR"},{"@type":"Organization","@id":"https:\/\/www.ifi-id.com\/#organization","name":"Institut fran\u00e7ais Indon\u00e9sie","url":"https:\/\/www.ifi-id.com\/","logo":{"@type":"ImageObject","inLanguage":"fr-FR","@id":"https:\/\/www.ifi-id.com\/#\/schema\/logo\/image\/","url":"https:\/\/www.ifi-id.com\/wp-content\/uploads\/2022\/12\/IFI_New_Logo.jpg","contentUrl":"https:\/\/www.ifi-id.com\/wp-content\/uploads\/2022\/12\/IFI_New_Logo.jpg","width":666,"height":444,"caption":"Institut fran\u00e7ais Indon\u00e9sie"},"image":{"@id":"https:\/\/www.ifi-id.com\/#\/schema\/logo\/image\/"}}]}},"post_mailing_queue_ids":[],"_links":{"self":[{"href":"https:\/\/www.ifi-id.com\/fr\/wp-json\/wp\/v2\/pages\/53722"}],"collection":[{"href":"https:\/\/www.ifi-id.com\/fr\/wp-json\/wp\/v2\/pages"}],"about":[{"href":"https:\/\/www.ifi-id.com\/fr\/wp-json\/wp\/v2\/types\/page"}],"author":[{"embeddable":true,"href":"https:\/\/www.ifi-id.com\/fr\/wp-json\/wp\/v2\/users\/8"}],"replies":[{"embeddable":true,"href":"https:\/\/www.ifi-id.com\/fr\/wp-json\/wp\/v2\/comments?post=53722"}],"version-history":[{"count":8,"href":"https:\/\/www.ifi-id.com\/fr\/wp-json\/wp\/v2\/pages\/53722\/revisions"}],"predecessor-version":[{"id":57350,"href":"https:\/\/www.ifi-id.com\/fr\/wp-json\/wp\/v2\/pages\/53722\/revisions\/57350"}],"up":[{"embeddable":true,"href":"https:\/\/www.ifi-id.com\/fr\/wp-json\/wp\/v2\/pages\/51113"}],"wp:featuredmedia":[{"embeddable":true,"href":"https:\/\/www.ifi-id.com\/fr\/wp-json\/wp\/v2\/media\/53716"}],"wp:attachment":[{"href":"https:\/\/www.ifi-id.com\/fr\/wp-json\/wp\/v2\/media?parent=53722"}],"curies":[{"name":"wp","href":"https:\/\/api.w.org\/{rel}","templated":true}]}}