{"id":53712,"date":"2025-03-27T12:45:25","date_gmt":"2025-03-27T05:45:25","guid":{"rendered":"https:\/\/www.ifi-id.com\/etudes-en-france\/"},"modified":"2025-05-15T17:19:51","modified_gmt":"2025-05-15T10:19:51","slug":"etudes-en-france","status":"publish","type":"page","link":"https:\/\/www.ifi-id.com\/fr\/etudes-en-france\/","title":{"rendered":"\u00c9tudes en France"},"content":{"rendered":"\t\t<div data-elementor-type=\"wp-page\" data-elementor-id=\"53712\" class=\"elementor elementor-53712 elementor-53704\" data-elementor-post-type=\"page\">\n\t\t\t\t\t\t<section class=\"elementor-section elementor-top-section elementor-element elementor-element-5ae9ecba elementor-section-boxed elementor-section-height-default elementor-section-height-default\" data-id=\"5ae9ecba\" data-element_type=\"section\">\n\t\t\t\t\t\t<div class=\"elementor-container elementor-column-gap-default\">\n\t\t\t\t\t<div class=\"elementor-column elementor-col-100 elementor-top-column elementor-element elementor-element-1bcf3449\" data-id=\"1bcf3449\" data-element_type=\"column\">\n\t\t\t<div class=\"elementor-widget-wrap elementor-element-populated\">\n\t\t\t\t\t\t<div class=\"elementor-element elementor-element-23b27124 elementor-hidden-mobile elementor-widget elementor-widget-heading\" data-id=\"23b27124\" data-element_type=\"widget\" data-widget_type=\"heading.default\">\n\t\t\t\t<div class=\"elementor-widget-container\">\n\t\t\t<h2 class=\"elementor-heading-title elementor-size-default\">\u00c9tudes en France<\/h2>\t\t<\/div>\n\t\t\t\t<\/div>\n\t\t\t\t\t<\/div>\n\t\t<\/div>\n\t\t\t\t\t<\/div>\n\t\t<\/section>\n\t\t\t\t<section class=\"elementor-section elementor-top-section elementor-element elementor-element-2a828191 elementor-section-boxed elementor-section-height-default elementor-section-height-default\" data-id=\"2a828191\" data-element_type=\"section\">\n\t\t\t\t\t\t<div class=\"elementor-container elementor-column-gap-default\">\n\t\t\t\t\t<div class=\"elementor-column elementor-col-100 elementor-top-column elementor-element elementor-element-7bfeb796\" data-id=\"7bfeb796\" data-element_type=\"column\">\n\t\t\t<div class=\"elementor-widget-wrap elementor-element-populated\">\n\t\t\t\t\t\t<div class=\"elementor-element elementor-element-364d9fff elementor-hidden-desktop elementor-hidden-tablet elementor-widget elementor-widget-heading\" data-id=\"364d9fff\" data-element_type=\"widget\" data-widget_type=\"heading.default\">\n\t\t\t\t<div class=\"elementor-widget-container\">\n\t\t\t<h1 class=\"elementor-heading-title elementor-size-default\">\u00c9tudes en France<\/h1>\t\t<\/div>\n\t\t\t\t<\/div>\n\t\t\t\t\t<\/div>\n\t\t<\/div>\n\t\t\t\t\t<\/div>\n\t\t<\/section>\n\t\t\t\t<section class=\"elementor-section elementor-top-section elementor-element elementor-element-d06455d elementor-section-boxed elementor-section-height-default elementor-section-height-default\" data-id=\"d06455d\" data-element_type=\"section\">\n\t\t\t\t\t\t<div class=\"elementor-container elementor-column-gap-default\">\n\t\t\t\t\t<div class=\"elementor-column elementor-col-50 elementor-top-column elementor-element elementor-element-0f058da\" data-id=\"0f058da\" data-element_type=\"column\">\n\t\t\t<div class=\"elementor-widget-wrap elementor-element-populated\">\n\t\t\t\t\t\t<div class=\"elementor-element elementor-element-dce7e49 elementor-widget elementor-widget-image\" data-id=\"dce7e49\" data-element_type=\"widget\" data-widget_type=\"image.default\">\n\t\t\t\t<div class=\"elementor-widget-container\">\n\t\t\t\t\t\t\t\t\t\t\t\t\t<img fetchpriority=\"high\" decoding=\"async\" width=\"1280\" height=\"720\" src=\"https:\/\/www.ifi-id.com\/wp-content\/uploads\/2025\/03\/Etudes-en-France-logo.jpg\" class=\"attachment-full size-full wp-image-53706\" alt=\"\" srcset=\"https:\/\/www.ifi-id.com\/wp-content\/uploads\/2025\/03\/Etudes-en-France-logo.jpg 1280w, https:\/\/www.ifi-id.com\/wp-content\/uploads\/2025\/03\/Etudes-en-France-logo-300x169.jpg 300w, https:\/\/www.ifi-id.com\/wp-content\/uploads\/2025\/03\/Etudes-en-France-logo-1024x576.jpg 1024w, https:\/\/www.ifi-id.com\/wp-content\/uploads\/2025\/03\/Etudes-en-France-logo-768x432.jpg 768w\" sizes=\"100vw\" \/>\t\t\t\t\t\t\t\t\t\t\t\t\t<\/div>\n\t\t\t\t<\/div>\n\t\t\t\t\t<\/div>\n\t\t<\/div>\n\t\t\t\t<div class=\"elementor-column elementor-col-50 elementor-top-column elementor-element elementor-element-756db4f\" data-id=\"756db4f\" data-element_type=\"column\">\n\t\t\t<div class=\"elementor-widget-wrap elementor-element-populated\">\n\t\t\t\t\t\t<div class=\"elementor-element elementor-element-1882706 elementor-widget elementor-widget-text-editor\" data-id=\"1882706\" data-element_type=\"widget\" data-widget_type=\"text-editor.default\">\n\t\t\t\t<div class=\"elementor-widget-container\">\n\t\t\t\t\t\t\t<p><strong>Cette page de paiement est uniquement destin\u00e9e aux \u00e9tudiants ayant d\u00e9j\u00e0 re\u00e7u l&rsquo;instruction de proc\u00e9der au paiement EEF de la part du responsable de Campus France Indon\u00e9sie.<\/strong><\/p>\n<p>Si vous n&rsquo;avez pas encore \u00e9t\u00e9 en contact avec Campus France Indon\u00e9sie, veuillez <strong><a href=\"https:\/\/www.indonesie.campusfrance.org\/id\/hubungi-campus-france-indonesia\" target=\"_blank\" rel=\"noopener\">nous contacter ici<\/a><\/strong>.<\/p>\n<p>\u00c9tudes en France\u00a0est une plateforme officielle du gouvernement fran\u00e7ais destin\u00e9e aux \u00e9tudiants internationaux. Gr\u00e2ce \u00e0 ce syst\u00e8me en ligne int\u00e9gr\u00e9, vous pouvez postuler facilement et efficacement aupr\u00e8s de nombreuses universit\u00e9s et \u00e9tablissements d\u2019enseignement sup\u00e9rieur en France. De plus, la plateforme est \u00e9galement utilis\u00e9e comme premi\u00e8re \u00e9tape (pr\u00e9-consulaire) dans la demande de visa \u00e9tudiant long s\u00e9jour.<\/p>\n\t\t\t\t\t\t<\/div>\n\t\t\t\t<\/div>\n\t\t\t\t\t<\/div>\n\t\t<\/div>\n\t\t\t\t\t<\/div>\n\t\t<\/section>\n\t\t\t\t<section class=\"elementor-section elementor-top-section elementor-element elementor-element-6a03167 elementor-section-boxed elementor-section-height-default elementor-section-height-default\" data-id=\"6a03167\" data-element_type=\"section\">\n\t\t\t\t\t\t<div class=\"elementor-container elementor-column-gap-default\">\n\t\t\t\t\t<div class=\"elementor-column elementor-col-100 elementor-top-column elementor-element elementor-element-fcc108c\" data-id=\"fcc108c\" data-element_type=\"column\">\n\t\t\t<div class=\"elementor-widget-wrap elementor-element-populated\">\n\t\t\t\t\t\t<div class=\"elementor-element elementor-element-c25a764 elementor-widget elementor-widget-shortcode\" data-id=\"c25a764\" data-element_type=\"widget\" data-widget_type=\"shortcode.default\">\n\t\t\t\t<div class=\"elementor-widget-container\">\n\t\t\t\t\t<div class=\"elementor-shortcode\"><div class='kiosque-aec'><div\n data-module='products'\n data-action='show-products'\n data-param-product-type='20'\n data-param-etablishment-branch-id='0'\n data-param-show-category-title=''\n data-param-lang='fr_FR'><\/div><\/div><\/div>\n\t\t\t\t<\/div>\n\t\t\t\t<\/div>\n\t\t\t\t\t<\/div>\n\t\t<\/div>\n\t\t\t\t\t<\/div>\n\t\t<\/section>\n\t\t\t\t<\/div>\n\t\t","protected":false},"excerpt":{"rendered":"<p>\u00c9tudes en France \u00c9tudes en France Cette page de paiement est uniquement destin\u00e9e aux \u00e9tudiants ayant d\u00e9j\u00e0 re\u00e7u l&rsquo;instruction de proc\u00e9der au paiement EEF de la part du responsable de Campus France Indon\u00e9sie. Si vous n&rsquo;avez pas encore \u00e9t\u00e9 en contact avec Campus France Indon\u00e9sie, veuillez nous contacter ici. \u00c9tudes en France\u00a0est une plateforme officielle &hellip; <\/p>\n<p class=\"link-more\"><a href=\"https:\/\/www.ifi-id.com\/fr\/etudes-en-france\/\" class=\"more-link\">Continuer la lecture<span class=\"screen-reader-text\"> de &laquo;&nbsp;\u00c9tudes en France&nbsp;&raquo;<\/span><\/a><\/p>\n","protected":false},"author":8,"featured_media":53706,"parent":0,"menu_order":0,"comment_status":"closed","ping_status":"closed","template":"elementor_header_footer","meta":{"footnotes":""},"class_list":["post-53712","page","type-page","status-publish","has-post-thumbnail","hentry"],"yoast_head":"<!-- This site is optimized with the Yoast SEO plugin v23.5 - https:\/\/yoast.com\/wordpress\/plugins\/seo\/ -->\n<title>\u00c9tudes en France - Institut fran\u00e7ais Indon\u00e9sie<\/title>\n<meta name=\"description\" content=\"\u00c9tudes en France est la plateforme officielle de candidature pour les \u00e9tudiants internationaux souhaitant poursuivre leurs \u00e9tudes en France.\" \/>\n<meta name=\"robots\" content=\"index, follow, max-snippet:-1, max-image-preview:large, max-video-preview:-1\" \/>\n<link rel=\"canonical\" href=\"https:\/\/www.ifi-id.com\/etudes-en-france\/\" \/>\n<meta property=\"og:locale\" content=\"fr_FR\" \/>\n<meta property=\"og:type\" content=\"article\" \/>\n<meta property=\"og:title\" content=\"\u00c9tudes en France\" \/>\n<meta property=\"og:description\" content=\"\u00c9tudes en France est la plateforme officielle de candidature pour les \u00e9tudiants internationaux souhaitant poursuivre leurs \u00e9tudes en France.\" \/>\n<meta property=\"og:url\" content=\"https:\/\/www.ifi-id.com\/etudes-en-france\/\" \/>\n<meta property=\"og:site_name\" content=\"Institut fran\u00e7ais Indon\u00e9sie\" \/>\n<meta property=\"article:modified_time\" content=\"2025-05-15T10:19:51+00:00\" \/>\n<meta property=\"og:image\" content=\"https:\/\/www.ifi-id.com\/wp-content\/uploads\/2025\/03\/Etudes-en-France-logo.jpg\" \/>\n<meta name=\"twitter:card\" content=\"summary_large_image\" \/>\n<meta name=\"twitter:title\" content=\"\u00c9tudes en France\" \/>\n<meta name=\"twitter:description\" content=\"\u00c9tudes en France est la plateforme officielle de candidature pour les \u00e9tudiants internationaux souhaitant poursuivre leurs \u00e9tudes en France.\" \/>\n<meta name=\"twitter:image\" content=\"https:\/\/www.ifi-id.com\/wp-content\/uploads\/2025\/03\/Etudes-en-France-logo-1024x576.jpg\" \/>\n<meta name=\"twitter:label1\" content=\"Dur\u00e9e de lecture estim\u00e9e\" \/>\n\t<meta name=\"twitter:data1\" content=\"1 minute\" \/>\n<script type=\"application\/ld+json\" class=\"yoast-schema-graph\">{\"@context\":\"https:\/\/schema.org\",\"@graph\":[{\"@type\":\"WebPage\",\"@id\":\"https:\/\/www.ifi-id.com\/etudes-en-france\/\",\"url\":\"https:\/\/www.ifi-id.com\/etudes-en-france\/\",\"name\":\"\u00c9tudes en France - Institut fran\u00e7ais Indon\u00e9sie\",\"isPartOf\":{\"@id\":\"https:\/\/www.ifi-id.com\/#website\"},\"primaryImageOfPage\":{\"@id\":\"https:\/\/www.ifi-id.com\/etudes-en-france\/#primaryimage\"},\"image\":{\"@id\":\"https:\/\/www.ifi-id.com\/etudes-en-france\/#primaryimage\"},\"thumbnailUrl\":\"https:\/\/www.ifi-id.com\/wp-content\/uploads\/2025\/03\/Etudes-en-France-logo.jpg\",\"datePublished\":\"2025-03-27T05:45:25+00:00\",\"dateModified\":\"2025-05-15T10:19:51+00:00\",\"description\":\"\u00c9tudes en France est la plateforme officielle de candidature pour les \u00e9tudiants internationaux souhaitant poursuivre leurs \u00e9tudes en France.\",\"breadcrumb\":{\"@id\":\"https:\/\/www.ifi-id.com\/etudes-en-france\/#breadcrumb\"},\"inLanguage\":\"fr-FR\",\"potentialAction\":[{\"@type\":\"ReadAction\",\"target\":[\"https:\/\/www.ifi-id.com\/etudes-en-france\/\"]}]},{\"@type\":\"ImageObject\",\"inLanguage\":\"fr-FR\",\"@id\":\"https:\/\/www.ifi-id.com\/etudes-en-france\/#primaryimage\",\"url\":\"https:\/\/www.ifi-id.com\/wp-content\/uploads\/2025\/03\/Etudes-en-France-logo.jpg\",\"contentUrl\":\"https:\/\/www.ifi-id.com\/wp-content\/uploads\/2025\/03\/Etudes-en-France-logo.jpg\",\"width\":1280,\"height\":720},{\"@type\":\"BreadcrumbList\",\"@id\":\"https:\/\/www.ifi-id.com\/etudes-en-france\/#breadcrumb\",\"itemListElement\":[{\"@type\":\"ListItem\",\"position\":1,\"name\":\"Home\",\"item\":\"https:\/\/www.ifi-id.com\/\"},{\"@type\":\"ListItem\",\"position\":2,\"name\":\"\u00c9tudes en France\"}]},{\"@type\":\"WebSite\",\"@id\":\"https:\/\/www.ifi-id.com\/#website\",\"url\":\"https:\/\/www.ifi-id.com\/\",\"name\":\"Institut fran\u00e7ais Indon\u00e9sie\",\"description\":\"\",\"publisher\":{\"@id\":\"https:\/\/www.ifi-id.com\/#organization\"},\"potentialAction\":[{\"@type\":\"SearchAction\",\"target\":{\"@type\":\"EntryPoint\",\"urlTemplate\":\"https:\/\/www.ifi-id.com\/?s={search_term_string}\"},\"query-input\":{\"@type\":\"PropertyValueSpecification\",\"valueRequired\":true,\"valueName\":\"search_term_string\"}}],\"inLanguage\":\"fr-FR\"},{\"@type\":\"Organization\",\"@id\":\"https:\/\/www.ifi-id.com\/#organization\",\"name\":\"Institut fran\u00e7ais Indon\u00e9sie\",\"url\":\"https:\/\/www.ifi-id.com\/\",\"logo\":{\"@type\":\"ImageObject\",\"inLanguage\":\"fr-FR\",\"@id\":\"https:\/\/www.ifi-id.com\/#\/schema\/logo\/image\/\",\"url\":\"https:\/\/www.ifi-id.com\/wp-content\/uploads\/2022\/12\/IFI_New_Logo.jpg\",\"contentUrl\":\"https:\/\/www.ifi-id.com\/wp-content\/uploads\/2022\/12\/IFI_New_Logo.jpg\",\"width\":666,\"height\":444,\"caption\":\"Institut fran\u00e7ais Indon\u00e9sie\"},\"image\":{\"@id\":\"https:\/\/www.ifi-id.com\/#\/schema\/logo\/image\/\"}}]}<\/script>\n<!-- \/ Yoast SEO plugin. -->","yoast_head_json":{"title":"\u00c9tudes en France - Institut fran\u00e7ais Indon\u00e9sie","description":"\u00c9tudes en France est la plateforme officielle de candidature pour les \u00e9tudiants internationaux souhaitant poursuivre leurs \u00e9tudes en France.","robots":{"index":"index","follow":"follow","max-snippet":"max-snippet:-1","max-image-preview":"max-image-preview:large","max-video-preview":"max-video-preview:-1"},"canonical":"https:\/\/www.ifi-id.com\/etudes-en-france\/","og_locale":"fr_FR","og_type":"article","og_title":"\u00c9tudes en France","og_description":"\u00c9tudes en France est la plateforme officielle de candidature pour les \u00e9tudiants internationaux souhaitant poursuivre leurs \u00e9tudes en France.","og_url":"https:\/\/www.ifi-id.com\/etudes-en-france\/","og_site_name":"Institut fran\u00e7ais Indon\u00e9sie","article_modified_time":"2025-05-15T10:19:51+00:00","og_image":[{"url":"https:\/\/www.ifi-id.com\/wp-content\/uploads\/2025\/03\/Etudes-en-France-logo.jpg"}],"twitter_card":"summary_large_image","twitter_title":"\u00c9tudes en France","twitter_description":"\u00c9tudes en France est la plateforme officielle de candidature pour les \u00e9tudiants internationaux souhaitant poursuivre leurs \u00e9tudes en France.","twitter_image":"https:\/\/www.ifi-id.com\/wp-content\/uploads\/2025\/03\/Etudes-en-France-logo-1024x576.jpg","twitter_misc":{"Dur\u00e9e de lecture estim\u00e9e":"1 minute"},"schema":{"@context":"https:\/\/schema.org","@graph":[{"@type":"WebPage","@id":"https:\/\/www.ifi-id.com\/etudes-en-france\/","url":"https:\/\/www.ifi-id.com\/etudes-en-france\/","name":"\u00c9tudes en France - Institut fran\u00e7ais Indon\u00e9sie","isPartOf":{"@id":"https:\/\/www.ifi-id.com\/#website"},"primaryImageOfPage":{"@id":"https:\/\/www.ifi-id.com\/etudes-en-france\/#primaryimage"},"image":{"@id":"https:\/\/www.ifi-id.com\/etudes-en-france\/#primaryimage"},"thumbnailUrl":"https:\/\/www.ifi-id.com\/wp-content\/uploads\/2025\/03\/Etudes-en-France-logo.jpg","datePublished":"2025-03-27T05:45:25+00:00","dateModified":"2025-05-15T10:19:51+00:00","description":"\u00c9tudes en France est la plateforme officielle de candidature pour les \u00e9tudiants internationaux souhaitant poursuivre leurs \u00e9tudes en France.","breadcrumb":{"@id":"https:\/\/www.ifi-id.com\/etudes-en-france\/#breadcrumb"},"inLanguage":"fr-FR","potentialAction":[{"@type":"ReadAction","target":["https:\/\/www.ifi-id.com\/etudes-en-france\/"]}]},{"@type":"ImageObject","inLanguage":"fr-FR","@id":"https:\/\/www.ifi-id.com\/etudes-en-france\/#primaryimage","url":"https:\/\/www.ifi-id.com\/wp-content\/uploads\/2025\/03\/Etudes-en-France-logo.jpg","contentUrl":"https:\/\/www.ifi-id.com\/wp-content\/uploads\/2025\/03\/Etudes-en-France-logo.jpg","width":1280,"height":720},{"@type":"BreadcrumbList","@id":"https:\/\/www.ifi-id.com\/etudes-en-france\/#breadcrumb","itemListElement":[{"@type":"ListItem","position":1,"name":"Home","item":"https:\/\/www.ifi-id.com\/"},{"@type":"ListItem","position":2,"name":"\u00c9tudes en France"}]},{"@type":"WebSite","@id":"https:\/\/www.ifi-id.com\/#website","url":"https:\/\/www.ifi-id.com\/","name":"Institut fran\u00e7ais Indon\u00e9sie","description":"","publisher":{"@id":"https:\/\/www.ifi-id.com\/#organization"},"potentialAction":[{"@type":"SearchAction","target":{"@type":"EntryPoint","urlTemplate":"https:\/\/www.ifi-id.com\/?s={search_term_string}"},"query-input":{"@type":"PropertyValueSpecification","valueRequired":true,"valueName":"search_term_string"}}],"inLanguage":"fr-FR"},{"@type":"Organization","@id":"https:\/\/www.ifi-id.com\/#organization","name":"Institut fran\u00e7ais Indon\u00e9sie","url":"https:\/\/www.ifi-id.com\/","logo":{"@type":"ImageObject","inLanguage":"fr-FR","@id":"https:\/\/www.ifi-id.com\/#\/schema\/logo\/image\/","url":"https:\/\/www.ifi-id.com\/wp-content\/uploads\/2022\/12\/IFI_New_Logo.jpg","contentUrl":"https:\/\/www.ifi-id.com\/wp-content\/uploads\/2022\/12\/IFI_New_Logo.jpg","width":666,"height":444,"caption":"Institut fran\u00e7ais Indon\u00e9sie"},"image":{"@id":"https:\/\/www.ifi-id.com\/#\/schema\/logo\/image\/"}}]}},"post_mailing_queue_ids":[],"_links":{"self":[{"href":"https:\/\/www.ifi-id.com\/fr\/wp-json\/wp\/v2\/pages\/53712"}],"collection":[{"href":"https:\/\/www.ifi-id.com\/fr\/wp-json\/wp\/v2\/pages"}],"about":[{"href":"https:\/\/www.ifi-id.com\/fr\/wp-json\/wp\/v2\/types\/page"}],"author":[{"embeddable":true,"href":"https:\/\/www.ifi-id.com\/fr\/wp-json\/wp\/v2\/users\/8"}],"replies":[{"embeddable":true,"href":"https:\/\/www.ifi-id.com\/fr\/wp-json\/wp\/v2\/comments?post=53712"}],"version-history":[{"count":2,"href":"https:\/\/www.ifi-id.com\/fr\/wp-json\/wp\/v2\/pages\/53712\/revisions"}],"predecessor-version":[{"id":54976,"href":"https:\/\/www.ifi-id.com\/fr\/wp-json\/wp\/v2\/pages\/53712\/revisions\/54976"}],"wp:featuredmedia":[{"embeddable":true,"href":"https:\/\/www.ifi-id.com\/fr\/wp-json\/wp\/v2\/media\/53706"}],"wp:attachment":[{"href":"https:\/\/www.ifi-id.com\/fr\/wp-json\/wp\/v2\/media?parent=53712"}],"curies":[{"name":"wp","href":"https:\/\/api.w.org\/{rel}","templated":true}]}}