{"id":53534,"date":"2025-03-21T11:42:32","date_gmt":"2025-03-21T04:42:32","guid":{"rendered":"https:\/\/www.ifi-id.com\/evalang\/"},"modified":"2025-04-13T21:15:58","modified_gmt":"2025-04-13T14:15:58","slug":"evalang","status":"publish","type":"page","link":"https:\/\/www.ifi-id.com\/fr\/evalang\/","title":{"rendered":"Ev@lang"},"content":{"rendered":"\t\t<div data-elementor-type=\"wp-page\" data-elementor-id=\"53534\" class=\"elementor elementor-53534 elementor-53528\" data-elementor-post-type=\"page\">\n\t\t\t\t\t\t<section class=\"elementor-section elementor-top-section elementor-element elementor-element-1bfa01af elementor-section-boxed elementor-section-height-default elementor-section-height-default\" data-id=\"1bfa01af\" data-element_type=\"section\">\n\t\t\t\t\t\t<div class=\"elementor-container elementor-column-gap-default\">\n\t\t\t\t\t<div class=\"elementor-column elementor-col-100 elementor-top-column elementor-element elementor-element-468dd49f\" data-id=\"468dd49f\" data-element_type=\"column\">\n\t\t\t<div class=\"elementor-widget-wrap elementor-element-populated\">\n\t\t\t\t\t\t<div class=\"elementor-element elementor-element-3afba562 elementor-hidden-mobile elementor-widget elementor-widget-heading\" data-id=\"3afba562\" data-element_type=\"widget\" data-widget_type=\"heading.default\">\n\t\t\t\t<div class=\"elementor-widget-container\">\n\t\t\t<h2 class=\"elementor-heading-title elementor-size-default\">Ev@lang<\/h2>\t\t<\/div>\n\t\t\t\t<\/div>\n\t\t\t\t\t<\/div>\n\t\t<\/div>\n\t\t\t\t\t<\/div>\n\t\t<\/section>\n\t\t\t\t<section class=\"elementor-section elementor-top-section elementor-element elementor-element-266d149b elementor-section-boxed elementor-section-height-default elementor-section-height-default\" data-id=\"266d149b\" data-element_type=\"section\">\n\t\t\t\t\t\t<div class=\"elementor-container elementor-column-gap-default\">\n\t\t\t\t\t<div class=\"elementor-column elementor-col-100 elementor-top-column elementor-element elementor-element-e9f118\" data-id=\"e9f118\" data-element_type=\"column\">\n\t\t\t<div class=\"elementor-widget-wrap elementor-element-populated\">\n\t\t\t\t\t\t<div class=\"elementor-element elementor-element-126458ed elementor-hidden-desktop elementor-hidden-tablet elementor-widget elementor-widget-heading\" data-id=\"126458ed\" data-element_type=\"widget\" data-widget_type=\"heading.default\">\n\t\t\t\t<div class=\"elementor-widget-container\">\n\t\t\t<h1 class=\"elementor-heading-title elementor-size-default\">Ev@lang<\/h1>\t\t<\/div>\n\t\t\t\t<\/div>\n\t\t\t\t\t<\/div>\n\t\t<\/div>\n\t\t\t\t\t<\/div>\n\t\t<\/section>\n\t\t\t\t<section class=\"elementor-section elementor-top-section elementor-element elementor-element-248b2e7 elementor-section-boxed elementor-section-height-default elementor-section-height-default\" data-id=\"248b2e7\" data-element_type=\"section\">\n\t\t\t\t\t\t<div class=\"elementor-container elementor-column-gap-default\">\n\t\t\t\t\t<div class=\"elementor-column elementor-col-50 elementor-top-column elementor-element elementor-element-88f31b6\" data-id=\"88f31b6\" data-element_type=\"column\">\n\t\t\t<div class=\"elementor-widget-wrap elementor-element-populated\">\n\t\t\t\t\t\t<div class=\"elementor-element elementor-element-bfe8920 elementor-widget elementor-widget-image\" data-id=\"bfe8920\" data-element_type=\"widget\" data-widget_type=\"image.default\">\n\t\t\t\t<div class=\"elementor-widget-container\">\n\t\t\t\t\t\t\t\t\t\t\t\t\t<img fetchpriority=\"high\" decoding=\"async\" width=\"1280\" height=\"720\" src=\"https:\/\/www.ifi-id.com\/wp-content\/uploads\/2025\/03\/Ev@lang.jpg\" class=\"attachment-full size-full wp-image-53526\" alt=\"\" srcset=\"https:\/\/www.ifi-id.com\/wp-content\/uploads\/2025\/03\/Ev@lang.jpg 1280w, https:\/\/www.ifi-id.com\/wp-content\/uploads\/2025\/03\/Ev@lang-300x169.jpg 300w, https:\/\/www.ifi-id.com\/wp-content\/uploads\/2025\/03\/Ev@lang-1024x576.jpg 1024w, https:\/\/www.ifi-id.com\/wp-content\/uploads\/2025\/03\/Ev@lang-768x432.jpg 768w\" sizes=\"100vw\" \/>\t\t\t\t\t\t\t\t\t\t\t\t\t<\/div>\n\t\t\t\t<\/div>\n\t\t\t\t\t<\/div>\n\t\t<\/div>\n\t\t\t\t<div class=\"elementor-column elementor-col-50 elementor-top-column elementor-element elementor-element-8a2bd9d\" data-id=\"8a2bd9d\" data-element_type=\"column\">\n\t\t\t<div class=\"elementor-widget-wrap elementor-element-populated\">\n\t\t\t\t\t\t<div class=\"elementor-element elementor-element-7776df0 elementor-widget elementor-widget-text-editor\" data-id=\"7776df0\" data-element_type=\"widget\" data-widget_type=\"text-editor.default\">\n\t\t\t\t<div class=\"elementor-widget-container\">\n\t\t\t\t\t\t\t<p><span style=\"font-weight: 400;\">Ev@lang est un test de positionnement en ligne rapide et pr\u00e9cis permettant d\u2019\u00e9valuer votre niveau de comp\u00e9tence en fran\u00e7ais selon le Cadre europ\u00e9en commun de r\u00e9f\u00e9rence pour les langues (CECRL). Ce test vous fournit un r\u00e9sultat en quelques minutes et vous aide \u00e0 conna\u00eetre votre niveau, de A1 \u00e0 C2.<\/span><\/p>\n<p><span style=\"font-weight: 400;\">D\u00e9velopp\u00e9 par France \u00c9ducation international, Ev@lang est adapt\u00e9 \u00e0 diff\u00e9rents objectifs : acad\u00e9miques, professionnels ou personnels.<\/span><\/p>\n\t\t\t\t\t\t<\/div>\n\t\t\t\t<\/div>\n\t\t\t\t\t<\/div>\n\t\t<\/div>\n\t\t\t\t\t<\/div>\n\t\t<\/section>\n\t\t\t\t<section class=\"elementor-section elementor-top-section elementor-element elementor-element-ccf9ff4 elementor-section-boxed elementor-section-height-default elementor-section-height-default\" data-id=\"ccf9ff4\" data-element_type=\"section\">\n\t\t\t\t\t\t<div class=\"elementor-container elementor-column-gap-default\">\n\t\t\t\t\t<div class=\"elementor-column elementor-col-100 elementor-top-column elementor-element elementor-element-80fce43\" data-id=\"80fce43\" data-element_type=\"column\">\n\t\t\t<div class=\"elementor-widget-wrap elementor-element-populated\">\n\t\t\t\t\t\t<div class=\"elementor-element elementor-element-680e4b5 elementor-widget elementor-widget-text-editor\" data-id=\"680e4b5\" data-element_type=\"widget\" data-widget_type=\"text-editor.default\">\n\t\t\t\t<div class=\"elementor-widget-container\">\n\t\t\t\t\t\t\t<p><b>Pourquoi choisir Ev@lang ?<\/b><\/p>\n<ul>\n<li style=\"font-weight: 400;\" aria-level=\"1\"><b>100% en ligne &amp; flexible <\/b><span style=\"font-weight: 400;\">: <\/span><span style=\"font-weight: 400;\">Disponible \u00e0 tout moment et accessible sur tous les appareils.<\/span><\/li>\n<li style=\"font-weight: 400;\" aria-level=\"1\"><b>Rapide <\/b><span style=\"font-weight: 400;\">: Un test qui peut \u00eatre compl\u00e9t\u00e9 en 35 minutes maximum.<\/span><\/li>\n<li style=\"font-weight: 400;\" aria-level=\"1\"><b>R\u00e9sultat instantan\u00e9 <\/b><span style=\"font-weight: 400;\">: Un certificat est disponible imm\u00e9diatement apr\u00e8s le test.<\/span><\/li>\n<li style=\"font-weight: 400;\" aria-level=\"1\"><b style=\"font-size: 1rem;\">Pr\u00e9cis <\/b><span style=\"font-weight: 400;\">:\u00a0 <\/span><span style=\"font-weight: 400;\">Ev@lang mesure vos comp\u00e9tences linguistiques avec pr\u00e9cision selon les six niveaux de comp\u00e9tence (A1, A2, B1, B2, C1, C2) du Cadre Europ\u00e9en Commun de R\u00e9f\u00e9rence pour les Langues (CECRL).<\/span><\/li>\n<\/ul>\n\t\t\t\t\t\t<\/div>\n\t\t\t\t<\/div>\n\t\t\t\t\t<\/div>\n\t\t<\/div>\n\t\t\t\t\t<\/div>\n\t\t<\/section>\n\t\t\t\t<section class=\"elementor-section elementor-top-section elementor-element elementor-element-b2bfeed elementor-section-boxed elementor-section-height-default elementor-section-height-default\" data-id=\"b2bfeed\" data-element_type=\"section\">\n\t\t\t\t\t\t<div class=\"elementor-container elementor-column-gap-default\">\n\t\t\t\t\t<div class=\"elementor-column elementor-col-100 elementor-top-column elementor-element elementor-element-35551f3\" data-id=\"35551f3\" data-element_type=\"column\">\n\t\t\t<div class=\"elementor-widget-wrap elementor-element-populated\">\n\t\t\t\t\t\t<div class=\"elementor-element elementor-element-aa9c00f elementor-widget elementor-widget-toggle\" data-id=\"aa9c00f\" data-element_type=\"widget\" data-widget_type=\"toggle.default\">\n\t\t\t\t<div class=\"elementor-widget-container\">\n\t\t\t\t\t<div class=\"elementor-toggle\">\n\t\t\t\t\t\t\t<div class=\"elementor-toggle-item\">\n\t\t\t\t\t<div id=\"elementor-tab-title-1781\" class=\"elementor-tab-title\" data-tab=\"1\" role=\"button\" aria-controls=\"elementor-tab-content-1781\" aria-expanded=\"false\">\n\t\t\t\t\t\t\t\t\t\t\t\t<span class=\"elementor-toggle-icon elementor-toggle-icon-left\" aria-hidden=\"true\">\n\t\t\t\t\t\t\t\t\t\t\t\t\t\t\t<span class=\"elementor-toggle-icon-closed\"><i class=\"fas fa-caret-right\"><\/i><\/span>\n\t\t\t\t\t\t\t\t<span class=\"elementor-toggle-icon-opened\"><i class=\"elementor-toggle-icon-opened fas fa-caret-up\"><\/i><\/span>\n\t\t\t\t\t\t\t\t\t\t\t\t\t<\/span>\n\t\t\t\t\t\t\t\t\t\t\t\t<a class=\"elementor-toggle-title\" tabindex=\"0\">Structure du test<\/a>\n\t\t\t\t\t<\/div>\n\n\t\t\t\t\t<div id=\"elementor-tab-content-1781\" class=\"elementor-tab-content elementor-clearfix\" data-tab=\"1\" role=\"region\" aria-labelledby=\"elementor-tab-title-1781\"><p><span style=\"font-weight: 400;\">Ev@lang \u00e9value trois comp\u00e9tences linguistiques principales :<\/span><\/p>\n<ul>\n<li style=\"font-weight: 400;\" aria-level=\"1\"><span style=\"font-weight: 400;\">Compr\u00e9hension orale (max. 14 minutes)<\/span><\/li>\n<li style=\"font-weight: 400;\" aria-level=\"1\"><span style=\"font-weight: 400;\">Compr\u00e9hension \u00e9crite (max. 14 minutes)<\/span><\/li>\n<li style=\"font-weight: 400;\" aria-level=\"1\"><span style=\"font-weight: 400;\">Grammaire et lexique (max. 7 minutes)<\/span><\/li>\n<\/ul>\n<p><span style=\"font-weight: 400;\">Pour une \u00e9valuation plus pr\u00e9cise, il est recommand\u00e9 de passer les trois modules.<\/span><span style=\"font-weight: 400;\"><br \/>\n<\/span><span style=\"font-weight: 400;\"> Chaque section est compos\u00e9e de questions adaptatives qui s\u2019ajustent \u00e0 votre niveau.<\/span><\/p>\n<\/div>\n\t\t\t\t<\/div>\n\t\t\t\t\t\t\t<div class=\"elementor-toggle-item\">\n\t\t\t\t\t<div id=\"elementor-tab-title-1782\" class=\"elementor-tab-title\" data-tab=\"2\" role=\"button\" aria-controls=\"elementor-tab-content-1782\" aria-expanded=\"false\">\n\t\t\t\t\t\t\t\t\t\t\t\t<span class=\"elementor-toggle-icon elementor-toggle-icon-left\" aria-hidden=\"true\">\n\t\t\t\t\t\t\t\t\t\t\t\t\t\t\t<span class=\"elementor-toggle-icon-closed\"><i class=\"fas fa-caret-right\"><\/i><\/span>\n\t\t\t\t\t\t\t\t<span class=\"elementor-toggle-icon-opened\"><i class=\"elementor-toggle-icon-opened fas fa-caret-up\"><\/i><\/span>\n\t\t\t\t\t\t\t\t\t\t\t\t\t<\/span>\n\t\t\t\t\t\t\t\t\t\t\t\t<a class=\"elementor-toggle-title\" tabindex=\"0\">Tarif du test<\/a>\n\t\t\t\t\t<\/div>\n\n\t\t\t\t\t<div id=\"elementor-tab-content-1782\" class=\"elementor-tab-content elementor-clearfix\" data-tab=\"2\" role=\"region\" aria-labelledby=\"elementor-tab-title-1782\"><p><strong>Tarif Ev@lang 2025<\/strong><br \/>\n<span style=\"font-weight: 400;\">Rp500.000 par code d\u2019acc\u00e8s<\/span><\/p>\n<\/div>\n\t\t\t\t<\/div>\n\t\t\t\t\t\t\t<div class=\"elementor-toggle-item\">\n\t\t\t\t\t<div id=\"elementor-tab-title-1783\" class=\"elementor-tab-title\" data-tab=\"3\" role=\"button\" aria-controls=\"elementor-tab-content-1783\" aria-expanded=\"false\">\n\t\t\t\t\t\t\t\t\t\t\t\t<span class=\"elementor-toggle-icon elementor-toggle-icon-left\" aria-hidden=\"true\">\n\t\t\t\t\t\t\t\t\t\t\t\t\t\t\t<span class=\"elementor-toggle-icon-closed\"><i class=\"fas fa-caret-right\"><\/i><\/span>\n\t\t\t\t\t\t\t\t<span class=\"elementor-toggle-icon-opened\"><i class=\"elementor-toggle-icon-opened fas fa-caret-up\"><\/i><\/span>\n\t\t\t\t\t\t\t\t\t\t\t\t\t<\/span>\n\t\t\t\t\t\t\t\t\t\t\t\t<a class=\"elementor-toggle-title\" tabindex=\"0\">Inscription<\/a>\n\t\t\t\t\t<\/div>\n\n\t\t\t\t\t<div id=\"elementor-tab-content-1783\" class=\"elementor-tab-content elementor-clearfix\" data-tab=\"3\" role=\"region\" aria-labelledby=\"elementor-tab-title-1783\"><p><span style=\"font-weight: 400;\">Vous recevrez sur la bo\u00eete mail renseign\u00e9e vos code d\u2019acc\u00e8s individuels sous <\/span><b>48 heures <\/b><span style=\"font-weight: 400;\">(hors samedis, dimanches et jours f\u00e9ri\u00e9s nationaux).<\/span><\/p>\n<p><span style=\"font-weight: 400;\">Ce code sera <\/span><b>valable pendant une dur\u00e9e de 7 jours<\/b><span style=\"font-weight: 400;\"> calendaires \u00e0 compter de sa date de r\u00e9ception. Au-del\u00e0 de ce d\u00e9lai, le code expirera automatiquement, ne pourra plus \u00eatre utilis\u00e9 et devra \u00eatre renouvel\u00e9 par l\u2019achat d\u2019un nouveau code.<\/span><\/p>\n<p><div class='kiosque-aec'><div\n data-module='products'\n data-action='show-products'\n data-param-product-type='11'\n data-param-etablishment-branch-id=''\n data-param-show-category-title=''\n data-param-lang='fr_FR'><\/div><\/div><\/p>\n<\/div>\n\t\t\t\t<\/div>\n\t\t\t\t\t\t\t\t<\/div>\n\t\t\t\t<\/div>\n\t\t\t\t<\/div>\n\t\t\t\t\t<\/div>\n\t\t<\/div>\n\t\t\t\t\t<\/div>\n\t\t<\/section>\n\t\t\t\t<section class=\"elementor-section elementor-top-section elementor-element elementor-element-57d2df1 elementor-section-boxed elementor-section-height-default elementor-section-height-default\" data-id=\"57d2df1\" data-element_type=\"section\">\n\t\t\t\t\t\t<div class=\"elementor-container elementor-column-gap-default\">\n\t\t\t\t\t<div class=\"elementor-column elementor-col-100 elementor-top-column elementor-element elementor-element-6921d59\" data-id=\"6921d59\" data-element_type=\"column\">\n\t\t\t<div class=\"elementor-widget-wrap elementor-element-populated\">\n\t\t\t\t\t\t<div class=\"elementor-element elementor-element-943cab1 elementor-widget elementor-widget-text-editor\" data-id=\"943cab1\" data-element_type=\"widget\" data-widget_type=\"text-editor.default\">\n\t\t\t\t<div class=\"elementor-widget-container\">\n\t\t\t\t\t\t\t<p><span style=\"font-weight: 400;\">ATTENTION : le test Ev@lang ne remplace pas une attestation de r\u00e9sultat du TCF ni un dipl\u00f4me du DELF ou du DALF<\/span><\/p>\n<p><span style=\"font-weight: 400;\">Vous avez des questions ou besoin d\u2019une assistance technique pendant l\u2019examen ? Contactez-nous \u00e0 <\/span><b>sertifikasi@ifi-id.com<\/b><span style=\"font-weight: 400;\"> pour plus d\u2019informations du lundi au vendredi, de 10h00 \u00e0 17h00 WIB (sauf les jours f\u00e9ri\u00e9s nationaux). <\/span><\/p>\n\t\t\t\t\t\t<\/div>\n\t\t\t\t<\/div>\n\t\t\t\t\t<\/div>\n\t\t<\/div>\n\t\t\t\t\t<\/div>\n\t\t<\/section>\n\t\t\t\t<section class=\"elementor-section elementor-top-section elementor-element elementor-element-9a22396 elementor-section-boxed elementor-section-height-default elementor-section-height-default\" data-id=\"9a22396\" data-element_type=\"section\">\n\t\t\t\t\t\t<div class=\"elementor-container elementor-column-gap-default\">\n\t\t\t\t\t<div class=\"elementor-column elementor-col-100 elementor-top-column elementor-element elementor-element-c9446bd\" data-id=\"c9446bd\" data-element_type=\"column\">\n\t\t\t<div class=\"elementor-widget-wrap elementor-element-populated\">\n\t\t\t\t\t\t<div class=\"elementor-element elementor-element-ee69df8 elementor-widget elementor-widget-video\" data-id=\"ee69df8\" data-element_type=\"widget\" data-settings=\"{&quot;youtube_url&quot;:&quot;https:\\\/\\\/www.youtube.com\\\/watch?time_continue=90&amp;v=jF5ZzYFuoIY&amp;embeds_referring_euri=https%3A%2F%2Fwww.institutfrancais.de%2F&amp;source_ve_path=MjM4NTE&quot;,&quot;video_type&quot;:&quot;youtube&quot;,&quot;controls&quot;:&quot;yes&quot;}\" data-widget_type=\"video.default\">\n\t\t\t\t<div class=\"elementor-widget-container\">\n\t\t\t\t\t<div class=\"elementor-wrapper elementor-open-inline\">\n\t\t\t<div class=\"elementor-video\"><\/div>\t\t<\/div>\n\t\t\t\t<\/div>\n\t\t\t\t<\/div>\n\t\t\t\t\t<\/div>\n\t\t<\/div>\n\t\t\t\t\t<\/div>\n\t\t<\/section>\n\t\t\t\t<\/div>\n\t\t","protected":false},"excerpt":{"rendered":"<p>Ev@lang Ev@lang Ev@lang est un test de positionnement en ligne rapide et pr\u00e9cis permettant d\u2019\u00e9valuer votre niveau de comp\u00e9tence en fran\u00e7ais selon le Cadre europ\u00e9en commun de r\u00e9f\u00e9rence pour les langues (CECRL). Ce test vous fournit un r\u00e9sultat en quelques minutes et vous aide \u00e0 conna\u00eetre votre niveau, de A1 \u00e0 C2. D\u00e9velopp\u00e9 par France &hellip; <\/p>\n<p class=\"link-more\"><a href=\"https:\/\/www.ifi-id.com\/fr\/evalang\/\" class=\"more-link\">Continuer la lecture<span class=\"screen-reader-text\"> de &laquo;&nbsp;Ev@lang&nbsp;&raquo;<\/span><\/a><\/p>\n","protected":false},"author":8,"featured_media":53526,"parent":0,"menu_order":0,"comment_status":"closed","ping_status":"closed","template":"elementor_header_footer","meta":{"footnotes":""},"class_list":["post-53534","page","type-page","status-publish","has-post-thumbnail","hentry"],"yoast_head":"<!-- This site is optimized with the Yoast SEO plugin v23.5 - https:\/\/yoast.com\/wordpress\/plugins\/seo\/ -->\n<title>Ev@lang - Institut fran\u00e7ais Indon\u00e9sie<\/title>\n<meta name=\"description\" content=\"Ev@lang est un test de positionnement en ligne rapide et pr\u00e9cis permettant d\u2019\u00e9valuer votre niveau de comp\u00e9tence en fran\u00e7ais selon le Cadre europ\u00e9en commun de r\u00e9f\u00e9rence pour les langues (CECRL).\" \/>\n<meta name=\"robots\" content=\"index, follow, max-snippet:-1, max-image-preview:large, max-video-preview:-1\" \/>\n<link rel=\"canonical\" href=\"https:\/\/www.ifi-id.com\/evalang\/\" \/>\n<meta property=\"og:locale\" content=\"fr_FR\" \/>\n<meta property=\"og:type\" content=\"article\" \/>\n<meta property=\"og:title\" content=\"Ev@lang\" \/>\n<meta property=\"og:description\" content=\"Ev@lang est un test de positionnement en ligne rapide et pr\u00e9cis permettant d\u2019\u00e9valuer votre niveau de comp\u00e9tence en fran\u00e7ais selon le Cadre europ\u00e9en commun de r\u00e9f\u00e9rence pour les langues (CECRL).\" \/>\n<meta property=\"og:url\" content=\"https:\/\/www.ifi-id.com\/evalang\/\" \/>\n<meta property=\"og:site_name\" content=\"Institut fran\u00e7ais Indon\u00e9sie\" \/>\n<meta property=\"article:modified_time\" content=\"2025-04-13T14:15:58+00:00\" \/>\n<meta property=\"og:image\" content=\"https:\/\/www.ifi-id.com\/wp-content\/uploads\/2025\/03\/Ev@lang.jpg\" \/>\n<meta name=\"twitter:card\" content=\"summary_large_image\" \/>\n<meta name=\"twitter:title\" content=\"Ev@lang\" \/>\n<meta name=\"twitter:description\" content=\"Ev@lang est un test de positionnement en ligne rapide et pr\u00e9cis permettant d\u2019\u00e9valuer votre niveau de comp\u00e9tence en fran\u00e7ais selon le Cadre europ\u00e9en commun de r\u00e9f\u00e9rence pour les langues (CECRL).\" \/>\n<meta name=\"twitter:image\" content=\"https:\/\/www.ifi-id.com\/wp-content\/uploads\/2025\/03\/Ev@lang-1024x576.jpg\" \/>\n<meta name=\"twitter:label1\" content=\"Dur\u00e9e de lecture estim\u00e9e\" \/>\n\t<meta name=\"twitter:data1\" content=\"2 minutes\" \/>\n<script type=\"application\/ld+json\" class=\"yoast-schema-graph\">{\"@context\":\"https:\/\/schema.org\",\"@graph\":[{\"@type\":\"WebPage\",\"@id\":\"https:\/\/www.ifi-id.com\/evalang\/\",\"url\":\"https:\/\/www.ifi-id.com\/evalang\/\",\"name\":\"Ev@lang - Institut fran\u00e7ais Indon\u00e9sie\",\"isPartOf\":{\"@id\":\"https:\/\/www.ifi-id.com\/#website\"},\"primaryImageOfPage\":{\"@id\":\"https:\/\/www.ifi-id.com\/evalang\/#primaryimage\"},\"image\":{\"@id\":\"https:\/\/www.ifi-id.com\/evalang\/#primaryimage\"},\"thumbnailUrl\":\"https:\/\/www.ifi-id.com\/wp-content\/uploads\/2025\/03\/Ev@lang.jpg\",\"datePublished\":\"2025-03-21T04:42:32+00:00\",\"dateModified\":\"2025-04-13T14:15:58+00:00\",\"description\":\"Ev@lang est un test de positionnement en ligne rapide et pr\u00e9cis permettant d\u2019\u00e9valuer votre niveau de comp\u00e9tence en fran\u00e7ais selon le Cadre europ\u00e9en commun de r\u00e9f\u00e9rence pour les langues (CECRL).\",\"breadcrumb\":{\"@id\":\"https:\/\/www.ifi-id.com\/evalang\/#breadcrumb\"},\"inLanguage\":\"fr-FR\",\"potentialAction\":[{\"@type\":\"ReadAction\",\"target\":[\"https:\/\/www.ifi-id.com\/evalang\/\"]}]},{\"@type\":\"ImageObject\",\"inLanguage\":\"fr-FR\",\"@id\":\"https:\/\/www.ifi-id.com\/evalang\/#primaryimage\",\"url\":\"https:\/\/www.ifi-id.com\/wp-content\/uploads\/2025\/03\/Ev@lang.jpg\",\"contentUrl\":\"https:\/\/www.ifi-id.com\/wp-content\/uploads\/2025\/03\/Ev@lang.jpg\",\"width\":1280,\"height\":720},{\"@type\":\"BreadcrumbList\",\"@id\":\"https:\/\/www.ifi-id.com\/evalang\/#breadcrumb\",\"itemListElement\":[{\"@type\":\"ListItem\",\"position\":1,\"name\":\"Home\",\"item\":\"https:\/\/www.ifi-id.com\/\"},{\"@type\":\"ListItem\",\"position\":2,\"name\":\"Ev@lang\"}]},{\"@type\":\"WebSite\",\"@id\":\"https:\/\/www.ifi-id.com\/#website\",\"url\":\"https:\/\/www.ifi-id.com\/\",\"name\":\"Institut fran\u00e7ais Indon\u00e9sie\",\"description\":\"\",\"publisher\":{\"@id\":\"https:\/\/www.ifi-id.com\/#organization\"},\"potentialAction\":[{\"@type\":\"SearchAction\",\"target\":{\"@type\":\"EntryPoint\",\"urlTemplate\":\"https:\/\/www.ifi-id.com\/?s={search_term_string}\"},\"query-input\":{\"@type\":\"PropertyValueSpecification\",\"valueRequired\":true,\"valueName\":\"search_term_string\"}}],\"inLanguage\":\"fr-FR\"},{\"@type\":\"Organization\",\"@id\":\"https:\/\/www.ifi-id.com\/#organization\",\"name\":\"Institut fran\u00e7ais Indon\u00e9sie\",\"url\":\"https:\/\/www.ifi-id.com\/\",\"logo\":{\"@type\":\"ImageObject\",\"inLanguage\":\"fr-FR\",\"@id\":\"https:\/\/www.ifi-id.com\/#\/schema\/logo\/image\/\",\"url\":\"https:\/\/www.ifi-id.com\/wp-content\/uploads\/2022\/12\/IFI_New_Logo.jpg\",\"contentUrl\":\"https:\/\/www.ifi-id.com\/wp-content\/uploads\/2022\/12\/IFI_New_Logo.jpg\",\"width\":666,\"height\":444,\"caption\":\"Institut fran\u00e7ais Indon\u00e9sie\"},\"image\":{\"@id\":\"https:\/\/www.ifi-id.com\/#\/schema\/logo\/image\/\"}}]}<\/script>\n<!-- \/ Yoast SEO plugin. -->","yoast_head_json":{"title":"Ev@lang - Institut fran\u00e7ais Indon\u00e9sie","description":"Ev@lang est un test de positionnement en ligne rapide et pr\u00e9cis permettant d\u2019\u00e9valuer votre niveau de comp\u00e9tence en fran\u00e7ais selon le Cadre europ\u00e9en commun de r\u00e9f\u00e9rence pour les langues (CECRL).","robots":{"index":"index","follow":"follow","max-snippet":"max-snippet:-1","max-image-preview":"max-image-preview:large","max-video-preview":"max-video-preview:-1"},"canonical":"https:\/\/www.ifi-id.com\/evalang\/","og_locale":"fr_FR","og_type":"article","og_title":"Ev@lang","og_description":"Ev@lang est un test de positionnement en ligne rapide et pr\u00e9cis permettant d\u2019\u00e9valuer votre niveau de comp\u00e9tence en fran\u00e7ais selon le Cadre europ\u00e9en commun de r\u00e9f\u00e9rence pour les langues (CECRL).","og_url":"https:\/\/www.ifi-id.com\/evalang\/","og_site_name":"Institut fran\u00e7ais Indon\u00e9sie","article_modified_time":"2025-04-13T14:15:58+00:00","og_image":[{"url":"https:\/\/www.ifi-id.com\/wp-content\/uploads\/2025\/03\/Ev@lang.jpg"}],"twitter_card":"summary_large_image","twitter_title":"Ev@lang","twitter_description":"Ev@lang est un test de positionnement en ligne rapide et pr\u00e9cis permettant d\u2019\u00e9valuer votre niveau de comp\u00e9tence en fran\u00e7ais selon le Cadre europ\u00e9en commun de r\u00e9f\u00e9rence pour les langues (CECRL).","twitter_image":"https:\/\/www.ifi-id.com\/wp-content\/uploads\/2025\/03\/Ev@lang-1024x576.jpg","twitter_misc":{"Dur\u00e9e de lecture estim\u00e9e":"2 minutes"},"schema":{"@context":"https:\/\/schema.org","@graph":[{"@type":"WebPage","@id":"https:\/\/www.ifi-id.com\/evalang\/","url":"https:\/\/www.ifi-id.com\/evalang\/","name":"Ev@lang - Institut fran\u00e7ais Indon\u00e9sie","isPartOf":{"@id":"https:\/\/www.ifi-id.com\/#website"},"primaryImageOfPage":{"@id":"https:\/\/www.ifi-id.com\/evalang\/#primaryimage"},"image":{"@id":"https:\/\/www.ifi-id.com\/evalang\/#primaryimage"},"thumbnailUrl":"https:\/\/www.ifi-id.com\/wp-content\/uploads\/2025\/03\/Ev@lang.jpg","datePublished":"2025-03-21T04:42:32+00:00","dateModified":"2025-04-13T14:15:58+00:00","description":"Ev@lang est un test de positionnement en ligne rapide et pr\u00e9cis permettant d\u2019\u00e9valuer votre niveau de comp\u00e9tence en fran\u00e7ais selon le Cadre europ\u00e9en commun de r\u00e9f\u00e9rence pour les langues (CECRL).","breadcrumb":{"@id":"https:\/\/www.ifi-id.com\/evalang\/#breadcrumb"},"inLanguage":"fr-FR","potentialAction":[{"@type":"ReadAction","target":["https:\/\/www.ifi-id.com\/evalang\/"]}]},{"@type":"ImageObject","inLanguage":"fr-FR","@id":"https:\/\/www.ifi-id.com\/evalang\/#primaryimage","url":"https:\/\/www.ifi-id.com\/wp-content\/uploads\/2025\/03\/Ev@lang.jpg","contentUrl":"https:\/\/www.ifi-id.com\/wp-content\/uploads\/2025\/03\/Ev@lang.jpg","width":1280,"height":720},{"@type":"BreadcrumbList","@id":"https:\/\/www.ifi-id.com\/evalang\/#breadcrumb","itemListElement":[{"@type":"ListItem","position":1,"name":"Home","item":"https:\/\/www.ifi-id.com\/"},{"@type":"ListItem","position":2,"name":"Ev@lang"}]},{"@type":"WebSite","@id":"https:\/\/www.ifi-id.com\/#website","url":"https:\/\/www.ifi-id.com\/","name":"Institut fran\u00e7ais Indon\u00e9sie","description":"","publisher":{"@id":"https:\/\/www.ifi-id.com\/#organization"},"potentialAction":[{"@type":"SearchAction","target":{"@type":"EntryPoint","urlTemplate":"https:\/\/www.ifi-id.com\/?s={search_term_string}"},"query-input":{"@type":"PropertyValueSpecification","valueRequired":true,"valueName":"search_term_string"}}],"inLanguage":"fr-FR"},{"@type":"Organization","@id":"https:\/\/www.ifi-id.com\/#organization","name":"Institut fran\u00e7ais Indon\u00e9sie","url":"https:\/\/www.ifi-id.com\/","logo":{"@type":"ImageObject","inLanguage":"fr-FR","@id":"https:\/\/www.ifi-id.com\/#\/schema\/logo\/image\/","url":"https:\/\/www.ifi-id.com\/wp-content\/uploads\/2022\/12\/IFI_New_Logo.jpg","contentUrl":"https:\/\/www.ifi-id.com\/wp-content\/uploads\/2022\/12\/IFI_New_Logo.jpg","width":666,"height":444,"caption":"Institut fran\u00e7ais Indon\u00e9sie"},"image":{"@id":"https:\/\/www.ifi-id.com\/#\/schema\/logo\/image\/"}}]}},"post_mailing_queue_ids":[],"_links":{"self":[{"href":"https:\/\/www.ifi-id.com\/fr\/wp-json\/wp\/v2\/pages\/53534"}],"collection":[{"href":"https:\/\/www.ifi-id.com\/fr\/wp-json\/wp\/v2\/pages"}],"about":[{"href":"https:\/\/www.ifi-id.com\/fr\/wp-json\/wp\/v2\/types\/page"}],"author":[{"embeddable":true,"href":"https:\/\/www.ifi-id.com\/fr\/wp-json\/wp\/v2\/users\/8"}],"replies":[{"embeddable":true,"href":"https:\/\/www.ifi-id.com\/fr\/wp-json\/wp\/v2\/comments?post=53534"}],"version-history":[{"count":2,"href":"https:\/\/www.ifi-id.com\/fr\/wp-json\/wp\/v2\/pages\/53534\/revisions"}],"predecessor-version":[{"id":54259,"href":"https:\/\/www.ifi-id.com\/fr\/wp-json\/wp\/v2\/pages\/53534\/revisions\/54259"}],"wp:featuredmedia":[{"embeddable":true,"href":"https:\/\/www.ifi-id.com\/fr\/wp-json\/wp\/v2\/media\/53526"}],"wp:attachment":[{"href":"https:\/\/www.ifi-id.com\/fr\/wp-json\/wp\/v2\/media?parent=53534"}],"curies":[{"name":"wp","href":"https:\/\/api.w.org\/{rel}","templated":true}]}}