{"id":52912,"date":"2025-03-05T13:56:32","date_gmt":"2025-03-05T06:56:32","guid":{"rendered":"https:\/\/www.ifi-id.com\/carte-membre-ifi\/levant-boulangerie\/"},"modified":"2025-03-05T14:22:24","modified_gmt":"2025-03-05T07:22:24","slug":"levant-boulangerie","status":"publish","type":"page","link":"https:\/\/www.ifi-id.com\/fr\/carte-membre-ifi\/levant-boulangerie\/","title":{"rendered":"Levant Boulangerie"},"content":{"rendered":"\t\t<div data-elementor-type=\"wp-page\" data-elementor-id=\"52912\" class=\"elementor elementor-52912 elementor-52898\" data-elementor-post-type=\"page\">\n\t\t\t\t\t\t<section class=\"elementor-section elementor-top-section elementor-element elementor-element-12258bfb elementor-section-boxed elementor-section-height-default elementor-section-height-default\" data-id=\"12258bfb\" data-element_type=\"section\">\n\t\t\t\t\t\t<div class=\"elementor-container elementor-column-gap-default\">\n\t\t\t\t\t<div class=\"elementor-column elementor-col-100 elementor-top-column elementor-element elementor-element-518035c6\" data-id=\"518035c6\" data-element_type=\"column\">\n\t\t\t<div class=\"elementor-widget-wrap elementor-element-populated\">\n\t\t\t\t\t\t<div class=\"elementor-element elementor-element-772fcb4f elementor-hidden-mobile elementor-widget elementor-widget-heading\" data-id=\"772fcb4f\" data-element_type=\"widget\" data-widget_type=\"heading.default\">\n\t\t\t\t<div class=\"elementor-widget-container\">\n\t\t\t<h2 class=\"elementor-heading-title elementor-size-default\">Levant Boulangerie<\/h2>\t\t<\/div>\n\t\t\t\t<\/div>\n\t\t\t\t\t<\/div>\n\t\t<\/div>\n\t\t\t\t\t<\/div>\n\t\t<\/section>\n\t\t\t\t<section class=\"elementor-section elementor-top-section elementor-element elementor-element-6fdad3a4 elementor-section-boxed elementor-section-height-default elementor-section-height-default\" data-id=\"6fdad3a4\" data-element_type=\"section\">\n\t\t\t\t\t\t<div class=\"elementor-container elementor-column-gap-default\">\n\t\t\t\t\t<div class=\"elementor-column elementor-col-100 elementor-top-column elementor-element elementor-element-4fb87795\" data-id=\"4fb87795\" data-element_type=\"column\">\n\t\t\t<div class=\"elementor-widget-wrap elementor-element-populated\">\n\t\t\t\t\t\t<div class=\"elementor-element elementor-element-4fc98cb5 elementor-hidden-desktop elementor-hidden-tablet elementor-widget elementor-widget-heading\" data-id=\"4fc98cb5\" data-element_type=\"widget\" data-widget_type=\"heading.default\">\n\t\t\t\t<div class=\"elementor-widget-container\">\n\t\t\t<h1 class=\"elementor-heading-title elementor-size-default\">Levant Boulangerie<\/h1>\t\t<\/div>\n\t\t\t\t<\/div>\n\t\t\t\t\t<\/div>\n\t\t<\/div>\n\t\t\t\t\t<\/div>\n\t\t<\/section>\n\t\t\t\t<section class=\"elementor-section elementor-top-section elementor-element elementor-element-aa92073 elementor-section-boxed elementor-section-height-default elementor-section-height-default\" data-id=\"aa92073\" data-element_type=\"section\">\n\t\t\t\t\t\t<div class=\"elementor-container elementor-column-gap-default\">\n\t\t\t\t\t<div class=\"elementor-column elementor-col-100 elementor-top-column elementor-element elementor-element-fc782ce\" data-id=\"fc782ce\" data-element_type=\"column\">\n\t\t\t<div class=\"elementor-widget-wrap elementor-element-populated\">\n\t\t\t\t\t\t<div class=\"elementor-element elementor-element-89b5879 elementor-arrows-position-inside elementor-pagination-position-outside elementor-widget elementor-widget-image-carousel\" data-id=\"89b5879\" data-element_type=\"widget\" data-settings=\"{&quot;slides_to_show&quot;:&quot;1&quot;,&quot;navigation&quot;:&quot;both&quot;,&quot;autoplay&quot;:&quot;yes&quot;,&quot;pause_on_hover&quot;:&quot;yes&quot;,&quot;pause_on_interaction&quot;:&quot;yes&quot;,&quot;autoplay_speed&quot;:5000,&quot;infinite&quot;:&quot;yes&quot;,&quot;effect&quot;:&quot;slide&quot;,&quot;speed&quot;:500}\" data-widget_type=\"image-carousel.default\">\n\t\t\t\t<div class=\"elementor-widget-container\">\n\t\t\t\t\t<div class=\"elementor-image-carousel-wrapper swiper\" dir=\"ltr\">\n\t\t\t<div class=\"elementor-image-carousel swiper-wrapper\" aria-live=\"off\">\n\t\t\t\t\t\t\t\t<div class=\"swiper-slide\" role=\"group\" aria-roledescription=\"slide\" aria-label=\"1 sur 4\"><figure class=\"swiper-slide-inner\"><img decoding=\"async\" class=\"swiper-slide-image\" src=\"https:\/\/www.ifi-id.com\/wp-content\/uploads\/2025\/03\/LevantArtboard-1.jpg\" alt=\"LevantArtboard 1\" \/><\/figure><\/div><div class=\"swiper-slide\" role=\"group\" aria-roledescription=\"slide\" aria-label=\"2 sur 4\"><figure class=\"swiper-slide-inner\"><img decoding=\"async\" class=\"swiper-slide-image\" src=\"https:\/\/www.ifi-id.com\/wp-content\/uploads\/2025\/03\/LevantArtboard-3.jpg\" alt=\"LevantArtboard 3\" \/><\/figure><\/div><div class=\"swiper-slide\" role=\"group\" aria-roledescription=\"slide\" aria-label=\"3 sur 4\"><figure class=\"swiper-slide-inner\"><img decoding=\"async\" class=\"swiper-slide-image\" src=\"https:\/\/www.ifi-id.com\/wp-content\/uploads\/2025\/03\/LevantArtboard-2.jpg\" alt=\"LevantArtboard 2\" \/><\/figure><\/div><div class=\"swiper-slide\" role=\"group\" aria-roledescription=\"slide\" aria-label=\"4 sur 4\"><figure class=\"swiper-slide-inner\"><img decoding=\"async\" class=\"swiper-slide-image\" src=\"https:\/\/www.ifi-id.com\/wp-content\/uploads\/2025\/03\/LevantArtboard-4.jpg\" alt=\"LevantArtboard 4\" \/><\/figure><\/div>\t\t\t<\/div>\n\t\t\t\t\t\t\t\t\t\t\t\t<div class=\"elementor-swiper-button elementor-swiper-button-prev\" role=\"button\" tabindex=\"0\">\n\t\t\t\t\t\t<i aria-hidden=\"true\" class=\"eicon-chevron-left\"><\/i>\t\t\t\t\t<\/div>\n\t\t\t\t\t<div class=\"elementor-swiper-button elementor-swiper-button-next\" role=\"button\" tabindex=\"0\">\n\t\t\t\t\t\t<i aria-hidden=\"true\" class=\"eicon-chevron-right\"><\/i>\t\t\t\t\t<\/div>\n\t\t\t\t\n\t\t\t\t\t\t\t\t\t<div class=\"swiper-pagination\"><\/div>\n\t\t\t\t\t\t\t\t\t<\/div>\n\t\t\t\t<\/div>\n\t\t\t\t<\/div>\n\t\t\t\t\t<\/div>\n\t\t<\/div>\n\t\t\t\t\t<\/div>\n\t\t<\/section>\n\t\t\t\t<section class=\"elementor-section elementor-top-section elementor-element elementor-element-427e9a1 elementor-section-boxed elementor-section-height-default elementor-section-height-default\" data-id=\"427e9a1\" data-element_type=\"section\">\n\t\t\t\t\t\t<div class=\"elementor-container elementor-column-gap-default\">\n\t\t\t\t\t<div class=\"elementor-column elementor-col-100 elementor-top-column elementor-element elementor-element-8854ff6\" data-id=\"8854ff6\" data-element_type=\"column\">\n\t\t\t<div class=\"elementor-widget-wrap elementor-element-populated\">\n\t\t\t\t\t\t<div class=\"elementor-element elementor-element-e1ea92f elementor-widget elementor-widget-text-editor\" data-id=\"e1ea92f\" data-element_type=\"widget\" data-widget_type=\"text-editor.default\">\n\t\t\t\t<div class=\"elementor-widget-container\">\n\t\t\t\t\t\t\t<p>Utilisant des m\u00e9thodes europ\u00e9ennes traditionnelles, nos pains au levain sont fabriqu\u00e9s avec des ingr\u00e9dients simples : de la farine, de l&rsquo;eau, du sel et&#8230; du temps et de la patience ! C&rsquo;est un long processus de fermentation (24 heures minimum) qui donne \u00e0 nos pains leur qualit\u00e9 et leur saveur distinctes, ainsi que l&rsquo;utilisation de levains naturels, d\u00e9riv\u00e9s d&rsquo;une \u00ab p\u00e2te-m\u00e8re \u00bb apport\u00e9e de France et que nous nourrissons chaque jour.<\/p>\n<p>Notre best-seller est la baguette fran\u00e7aise traditionnelle, fabriqu\u00e9e selon un processus de fermentation lente. Nous avons quatre sortes de baguettes diff\u00e9rentes, et vous ne trouverez pas d&rsquo;autres baguettes aussi authentiques que les n\u00f4tres \u00e0 Jakarta !\u00a0 Nous sommes sp\u00e9cialis\u00e9s dans les pains au levain pur, notamment les pains de seigle, les pains multigrains et les pains de bl\u00e9, ainsi que dans une collection de pains de grains anciens issus de l&rsquo;agriculture durable. En outre, nous vendons une large gamme de brioches, de pains de mie, de fougasses, de pains \u00e0 hamburger, de bretzels et bien plus encore.<\/p>\n<p>Si vous mangez sans gluten, contactez-nous pour commander des pains sans gluten.<\/p>\n<p>Ces farines de grains anciens sont les plus saines, les plus denses en nutriments, non blanchies, exemptes de produits chimiques et dont la tra\u00e7abilit\u00e9 jusqu&rsquo;\u00e0 la ferme o\u00f9 elles ont \u00e9t\u00e9 cultiv\u00e9es est assur\u00e9e. Les farines proviennent uniquement d&rsquo;agriculteurs certifi\u00e9s qui utilisent des m\u00e9thodes d&rsquo;agriculture r\u00e9g\u00e9n\u00e9ratrice afin de promouvoir des sols sains et d&rsquo;am\u00e9liorer l&rsquo;environnement pour une durabilit\u00e9 \u00e0 long terme.<\/p>\n<p><strong><em>Kamut Khorasan<\/em><\/strong> a une riche saveur de noisette. Ce grain ancien a une teneur \u00e9lev\u00e9e en prot\u00e9ines, en fibres et en min\u00e9raux et est sup\u00e9rieur au bl\u00e9 commercial sur le plan nutritionnel. Pur levain<\/p>\n<p><strong><em>Spelt &#8211; Pain d\u2019\u00e9peautre.<\/em><\/strong> L&rsquo;\u00e9peautre est une c\u00e9r\u00e9ale ancienne qui serait cultiv\u00e9e depuis des milliers d&rsquo;ann\u00e9es. Cette farine non blanchie est une bonne source de fibres alimentaires, elle contient plus de prot\u00e9ines que le bl\u00e9 ordinaire, de vitamines et de min\u00e9raux. Ce grain est \u00e9galement plus soluble dans l&rsquo;eau que le bl\u00e9, ce qui le rend plus facile \u00e0 dig\u00e9rer pour l&rsquo;organisme. Pur levain<\/p>\n<p><strong><em>Emmer<\/em><\/strong> l&rsquo;une des c\u00e9r\u00e9ales les plus anciennes jamais cultiv\u00e9es par l&rsquo;homme, \u00e0 forte teneur en prot\u00e9ines et \u00e0 faible teneur en gluten par rapport \u00e0 la farine moderne<\/p>\n<p><strong>Viennoiserie &amp; P\u00e2tisserie<\/strong><\/p>\n<p>Toutes nos p\u00e2tisseries, \u00e9galement appel\u00e9es viennoiseries, sont faites \u00e0 la main chaque jour avec du beurre de premi\u00e8re qualit\u00e9 import\u00e9 de Belgique.\u00a0 Notre viennoiserie embl\u00e9matique est le croissant du Levant.\u00a0 Mais nous fabriquons quotidiennement \u00e0 la main tous les classiques fran\u00e7ais, tels que le pain brioch\u00e9, le pain au chocolat, les croissants aux amandes, la p\u00e9pite de feuillette, ainsi que le pain au raisin et bien d&rsquo;autres encore.<\/p>\n<p><strong>Notre histoire<\/strong><\/p>\n<p>Le Fran\u00e7ais se l\u00e8ve encore tous les matins avant l&rsquo;aube pour cuire et superviser la fabrication des pains et des p\u00e2tisseries du Levant.<\/p>\n<p>D\u00e9sireux de trouver du vrai pain \u00e0 Jakarta, il a commenc\u00e9 par une simple machine \u00e0 pain, ce qui l&rsquo;a amen\u00e9 \u00e0 exp\u00e9rimenter le levain dans sa propre cuisine. Il a ensuite investi dans un four plus grand et a commenc\u00e9 \u00e0 faire du pain pour ses amis et ses voisins, puis dans un four encore plus grand, et c&rsquo;est ainsi que Levant est n\u00e9. L&rsquo;amour de Ramon pour le pain artisanal authentique fabriqu\u00e9 selon des m\u00e9thodes traditionnelles est au c\u0153ur de chacune de ses boulangeries.<\/p>\n<p><strong>Notre promesse<\/strong><\/p>\n<p>Notre boulangerie, notre viennoiserie et notre p\u00e2tisserie sont qualifi\u00e9es d&rsquo;\u00ab artisanales \u00bb parce que nous fabriquons tous nos produits sur place, \u00e0 la main, en utilisant des recettes et des techniques traditionnelles. Au Levant, nous utilisons des ingr\u00e9dients naturels, sans ar\u00f4mes artificiels ni conservateurs. Nos pains sont fabriqu\u00e9s avec du levain pur, sauf indication contraire, en utilisant de longs processus de fermentation, ce que m\u00eame en Europe la plupart des boulangers ne font plus. Tous nos produits de viennoiserie et de p\u00e2tisserie sont fabriqu\u00e9s avec du beurre belge import\u00e9 de premi\u00e8re qualit\u00e9 \u00e0 teneur maximale. Nous utilisons de vrais fruits, du chocolat de qualit\u00e9 sup\u00e9rieure, de la cr\u00e8me fra\u00eeche et des noix import\u00e9es afin de garantir une exp\u00e9rience authentique.<\/p>\n<p><strong>Nos valeurs<\/strong><\/p>\n<p>Nous croyons en l&rsquo;authenticit\u00e9, la sinc\u00e9rit\u00e9 et l&rsquo;honn\u00eatet\u00e9 des ingr\u00e9dients pour c\u00e9l\u00e9brer notre culture, tout en nous laissant inspirer par la richesse de l&rsquo;environnement local. Tous nos produits sont fabriqu\u00e9s \u00e0 la main chaque jour.\u00a0 Nous croyons en l&rsquo;utilisation d&rsquo;ingr\u00e9dients de haute qualit\u00e9, frais et enti\u00e8rement naturels dans nos produits. Nous n&rsquo;utilisons pas de conservateurs, d&rsquo;additifs ou de colorants artificiels.<\/p>\n<p><strong>Notre restaurant<\/strong><\/p>\n<p>En plus d&rsquo;\u00eatre une boulangerie, Levant sert \u00e9galement le petit-d\u00e9jeuner, le d\u00e9jeuner et le d\u00eener toute la journ\u00e9e dans un environnement familial et d\u00e9contract\u00e9.<\/p>\n<p>Nous servons une cuisine simple, saine et r\u00e9confortante inspir\u00e9e des classiques fran\u00e7ais et m\u00e9diterran\u00e9ens, tels que le classique Steak Frites, la salade ni\u00e7oise, les sandwichs \u00e0 la baguette, et notre c\u00e9l\u00e8bre Omelette Mont Saint-Michel, le viral Pain perdu brioch\u00e9, ainsi que nos g\u00e2teaux et p\u00e2tisseries raffin\u00e9s faits maison.<\/p>\n<p>Ne manquez pas de go\u00fbter notre Macchiato Noisette ou notre Affogato ! Nous recommandons \u00e9galement notre smoothie Fruit de Bois et nos jus de fruits fra\u00eechement press\u00e9s, ainsi que le vin et les bi\u00e8res de sp\u00e9cialit\u00e9.<\/p>\n<p>En tant que membre, vous b\u00e9n\u00e9ficiez des avantages suivants sur pr\u00e9sentation de votre carte de membre : <strong><u>15% de r\u00e9duction<\/u><\/strong> (sauf alcool, fromage, charcuterie, conserves, produits en bocaux, caf\u00e9 en grains)<\/p>\n\t\t\t\t\t\t<\/div>\n\t\t\t\t<\/div>\n\t\t\t\t\t<\/div>\n\t\t<\/div>\n\t\t\t\t\t<\/div>\n\t\t<\/section>\n\t\t\t\t<section class=\"elementor-section elementor-top-section elementor-element elementor-element-77af405 elementor-section-boxed elementor-section-height-default elementor-section-height-default\" data-id=\"77af405\" data-element_type=\"section\">\n\t\t\t\t\t\t<div class=\"elementor-container elementor-column-gap-default\">\n\t\t\t\t\t<div class=\"elementor-column elementor-col-100 elementor-top-column elementor-element elementor-element-3940b3a\" data-id=\"3940b3a\" data-element_type=\"column\">\n\t\t\t<div class=\"elementor-widget-wrap elementor-element-populated\">\n\t\t\t\t\t\t<div class=\"elementor-element elementor-element-409d0f9 elementor-widget elementor-widget-heading\" data-id=\"409d0f9\" data-element_type=\"widget\" data-widget_type=\"heading.default\">\n\t\t\t\t<div class=\"elementor-widget-container\">\n\t\t\t<h2 class=\"elementor-heading-title elementor-size-default\">Adresse<\/h2>\t\t<\/div>\n\t\t\t\t<\/div>\n\t\t\t\t\t<\/div>\n\t\t<\/div>\n\t\t\t\t\t<\/div>\n\t\t<\/section>\n\t\t\t\t<section class=\"elementor-section elementor-top-section elementor-element elementor-element-e3ede71 elementor-section-boxed elementor-section-height-default elementor-section-height-default\" data-id=\"e3ede71\" data-element_type=\"section\">\n\t\t\t\t\t\t<div class=\"elementor-container elementor-column-gap-default\">\n\t\t\t\t\t<div class=\"elementor-column elementor-col-100 elementor-top-column elementor-element elementor-element-cf654d8\" data-id=\"cf654d8\" data-element_type=\"column\">\n\t\t\t<div class=\"elementor-widget-wrap elementor-element-populated\">\n\t\t\t\t\t\t<div class=\"elementor-element elementor-element-29b8301 elementor-widget elementor-widget-html\" data-id=\"29b8301\" data-element_type=\"widget\" data-widget_type=\"html.default\">\n\t\t\t\t<div class=\"elementor-widget-container\">\n\t\t\t<iframe src=\"https:\/\/www.google.com\/maps\/embed?pb=!1m18!1m12!1m3!1d3965.9157303731554!2d106.7977950757347!3d-6.274810393713979!2m3!1f0!2f0!3f0!3m2!1i1024!2i768!4f13.1!3m3!1m2!1s0x2e69f194f152399d%3A0x9d3146eece369b0a!2sLevant%20Boulangerie%20%26%20Restaurant!5e0!3m2!1sen!2sid!4v1741158559383!5m2!1sen!2sid\" width=\"400\" height=\"300\" style=\"border:0;\" allowfullscreen=\"\" loading=\"lazy\" referrerpolicy=\"no-referrer-when-downgrade\"><\/iframe>\t\t<\/div>\n\t\t\t\t<\/div>\n\t\t\t\t\t<\/div>\n\t\t<\/div>\n\t\t\t\t\t<\/div>\n\t\t<\/section>\n\t\t\t\t<\/div>\n\t\t","protected":false},"excerpt":{"rendered":"<p>Levant Boulangerie Levant Boulangerie Utilisant des m\u00e9thodes europ\u00e9ennes traditionnelles, nos pains au levain sont fabriqu\u00e9s avec des ingr\u00e9dients simples : de la farine, de l&rsquo;eau, du sel et&#8230; du temps et de la patience ! C&rsquo;est un long processus de fermentation (24 heures minimum) qui donne \u00e0 nos pains leur qualit\u00e9 et leur saveur distinctes, &hellip; <\/p>\n<p class=\"link-more\"><a href=\"https:\/\/www.ifi-id.com\/fr\/carte-membre-ifi\/levant-boulangerie\/\" class=\"more-link\">Continuer la lecture<span class=\"screen-reader-text\"> de &laquo;&nbsp;Levant Boulangerie&nbsp;&raquo;<\/span><\/a><\/p>\n","protected":false},"author":8,"featured_media":52900,"parent":52305,"menu_order":0,"comment_status":"closed","ping_status":"closed","template":"elementor_header_footer","meta":{"footnotes":""},"class_list":["post-52912","page","type-page","status-publish","has-post-thumbnail","hentry"],"yoast_head":"<!-- This site is optimized with the Yoast SEO plugin v23.5 - https:\/\/yoast.com\/wordpress\/plugins\/seo\/ -->\n<title>Levant Boulangerie - Institut fran\u00e7ais Indon\u00e9sie<\/title>\n<meta name=\"robots\" content=\"index, follow, max-snippet:-1, max-image-preview:large, max-video-preview:-1\" \/>\n<link rel=\"canonical\" href=\"https:\/\/www.ifi-id.com\/kartu-keanggotaan-ifi\/levant-boulangerie\/\" \/>\n<meta property=\"og:locale\" content=\"fr_FR\" \/>\n<meta property=\"og:type\" content=\"article\" \/>\n<meta property=\"og:title\" content=\"Levant Boulangerie - Institut fran\u00e7ais Indon\u00e9sie\" \/>\n<meta property=\"og:description\" content=\"Levant Boulangerie Levant Boulangerie Utilisant des m\u00e9thodes europ\u00e9ennes traditionnelles, nos pains au levain sont fabriqu\u00e9s avec des ingr\u00e9dients simples : de la farine, de l&rsquo;eau, du sel et&#8230; du temps et de la patience ! C&rsquo;est un long processus de fermentation (24 heures minimum) qui donne \u00e0 nos pains leur qualit\u00e9 et leur saveur distinctes, &hellip; Continuer la lecture de &laquo;&nbsp;Levant Boulangerie&nbsp;&raquo;\" \/>\n<meta property=\"og:url\" content=\"https:\/\/www.ifi-id.com\/kartu-keanggotaan-ifi\/levant-boulangerie\/\" \/>\n<meta property=\"og:site_name\" content=\"Institut fran\u00e7ais Indon\u00e9sie\" \/>\n<meta property=\"article:modified_time\" content=\"2025-03-05T07:22:24+00:00\" \/>\n<meta property=\"og:image\" content=\"https:\/\/www.ifi-id.com\/wp-content\/uploads\/2025\/03\/LevantArtboard-1.jpg\" \/>\n\t<meta property=\"og:image:width\" content=\"1280\" \/>\n\t<meta property=\"og:image:height\" content=\"720\" \/>\n\t<meta property=\"og:image:type\" content=\"image\/jpeg\" \/>\n<meta name=\"twitter:card\" content=\"summary_large_image\" \/>\n<meta name=\"twitter:label1\" content=\"Dur\u00e9e de lecture estim\u00e9e\" \/>\n\t<meta name=\"twitter:data1\" content=\"5 minutes\" \/>\n<script type=\"application\/ld+json\" class=\"yoast-schema-graph\">{\"@context\":\"https:\/\/schema.org\",\"@graph\":[{\"@type\":\"WebPage\",\"@id\":\"https:\/\/www.ifi-id.com\/kartu-keanggotaan-ifi\/levant-boulangerie\/\",\"url\":\"https:\/\/www.ifi-id.com\/kartu-keanggotaan-ifi\/levant-boulangerie\/\",\"name\":\"Levant Boulangerie - Institut fran\u00e7ais Indon\u00e9sie\",\"isPartOf\":{\"@id\":\"https:\/\/www.ifi-id.com\/#website\"},\"primaryImageOfPage\":{\"@id\":\"https:\/\/www.ifi-id.com\/kartu-keanggotaan-ifi\/levant-boulangerie\/#primaryimage\"},\"image\":{\"@id\":\"https:\/\/www.ifi-id.com\/kartu-keanggotaan-ifi\/levant-boulangerie\/#primaryimage\"},\"thumbnailUrl\":\"https:\/\/www.ifi-id.com\/wp-content\/uploads\/2025\/03\/LevantArtboard-1.jpg\",\"datePublished\":\"2025-03-05T06:56:32+00:00\",\"dateModified\":\"2025-03-05T07:22:24+00:00\",\"breadcrumb\":{\"@id\":\"https:\/\/www.ifi-id.com\/kartu-keanggotaan-ifi\/levant-boulangerie\/#breadcrumb\"},\"inLanguage\":\"fr-FR\",\"potentialAction\":[{\"@type\":\"ReadAction\",\"target\":[\"https:\/\/www.ifi-id.com\/kartu-keanggotaan-ifi\/levant-boulangerie\/\"]}]},{\"@type\":\"ImageObject\",\"inLanguage\":\"fr-FR\",\"@id\":\"https:\/\/www.ifi-id.com\/kartu-keanggotaan-ifi\/levant-boulangerie\/#primaryimage\",\"url\":\"https:\/\/www.ifi-id.com\/wp-content\/uploads\/2025\/03\/LevantArtboard-1.jpg\",\"contentUrl\":\"https:\/\/www.ifi-id.com\/wp-content\/uploads\/2025\/03\/LevantArtboard-1.jpg\",\"width\":1280,\"height\":720},{\"@type\":\"BreadcrumbList\",\"@id\":\"https:\/\/www.ifi-id.com\/kartu-keanggotaan-ifi\/levant-boulangerie\/#breadcrumb\",\"itemListElement\":[{\"@type\":\"ListItem\",\"position\":1,\"name\":\"Home\",\"item\":\"https:\/\/www.ifi-id.com\/\"},{\"@type\":\"ListItem\",\"position\":2,\"name\":\"Carte membre IFI\",\"item\":\"https:\/\/www.ifi-id.com\/kartu-keanggotaan-ifi\/\"},{\"@type\":\"ListItem\",\"position\":3,\"name\":\"Levant Boulangerie\"}]},{\"@type\":\"WebSite\",\"@id\":\"https:\/\/www.ifi-id.com\/#website\",\"url\":\"https:\/\/www.ifi-id.com\/\",\"name\":\"Institut fran\u00e7ais Indon\u00e9sie\",\"description\":\"\",\"publisher\":{\"@id\":\"https:\/\/www.ifi-id.com\/#organization\"},\"potentialAction\":[{\"@type\":\"SearchAction\",\"target\":{\"@type\":\"EntryPoint\",\"urlTemplate\":\"https:\/\/www.ifi-id.com\/?s={search_term_string}\"},\"query-input\":{\"@type\":\"PropertyValueSpecification\",\"valueRequired\":true,\"valueName\":\"search_term_string\"}}],\"inLanguage\":\"fr-FR\"},{\"@type\":\"Organization\",\"@id\":\"https:\/\/www.ifi-id.com\/#organization\",\"name\":\"Institut fran\u00e7ais Indon\u00e9sie\",\"url\":\"https:\/\/www.ifi-id.com\/\",\"logo\":{\"@type\":\"ImageObject\",\"inLanguage\":\"fr-FR\",\"@id\":\"https:\/\/www.ifi-id.com\/#\/schema\/logo\/image\/\",\"url\":\"https:\/\/www.ifi-id.com\/wp-content\/uploads\/2022\/12\/IFI_New_Logo.jpg\",\"contentUrl\":\"https:\/\/www.ifi-id.com\/wp-content\/uploads\/2022\/12\/IFI_New_Logo.jpg\",\"width\":666,\"height\":444,\"caption\":\"Institut fran\u00e7ais Indon\u00e9sie\"},\"image\":{\"@id\":\"https:\/\/www.ifi-id.com\/#\/schema\/logo\/image\/\"}}]}<\/script>\n<!-- \/ Yoast SEO plugin. -->","yoast_head_json":{"title":"Levant Boulangerie - Institut fran\u00e7ais Indon\u00e9sie","robots":{"index":"index","follow":"follow","max-snippet":"max-snippet:-1","max-image-preview":"max-image-preview:large","max-video-preview":"max-video-preview:-1"},"canonical":"https:\/\/www.ifi-id.com\/kartu-keanggotaan-ifi\/levant-boulangerie\/","og_locale":"fr_FR","og_type":"article","og_title":"Levant Boulangerie - Institut fran\u00e7ais Indon\u00e9sie","og_description":"Levant Boulangerie Levant Boulangerie Utilisant des m\u00e9thodes europ\u00e9ennes traditionnelles, nos pains au levain sont fabriqu\u00e9s avec des ingr\u00e9dients simples : de la farine, de l&rsquo;eau, du sel et&#8230; du temps et de la patience ! C&rsquo;est un long processus de fermentation (24 heures minimum) qui donne \u00e0 nos pains leur qualit\u00e9 et leur saveur distinctes, &hellip; Continuer la lecture de &laquo;&nbsp;Levant Boulangerie&nbsp;&raquo;","og_url":"https:\/\/www.ifi-id.com\/kartu-keanggotaan-ifi\/levant-boulangerie\/","og_site_name":"Institut fran\u00e7ais Indon\u00e9sie","article_modified_time":"2025-03-05T07:22:24+00:00","og_image":[{"width":1280,"height":720,"url":"https:\/\/www.ifi-id.com\/wp-content\/uploads\/2025\/03\/LevantArtboard-1.jpg","type":"image\/jpeg"}],"twitter_card":"summary_large_image","twitter_misc":{"Dur\u00e9e de lecture estim\u00e9e":"5 minutes"},"schema":{"@context":"https:\/\/schema.org","@graph":[{"@type":"WebPage","@id":"https:\/\/www.ifi-id.com\/kartu-keanggotaan-ifi\/levant-boulangerie\/","url":"https:\/\/www.ifi-id.com\/kartu-keanggotaan-ifi\/levant-boulangerie\/","name":"Levant Boulangerie - Institut fran\u00e7ais Indon\u00e9sie","isPartOf":{"@id":"https:\/\/www.ifi-id.com\/#website"},"primaryImageOfPage":{"@id":"https:\/\/www.ifi-id.com\/kartu-keanggotaan-ifi\/levant-boulangerie\/#primaryimage"},"image":{"@id":"https:\/\/www.ifi-id.com\/kartu-keanggotaan-ifi\/levant-boulangerie\/#primaryimage"},"thumbnailUrl":"https:\/\/www.ifi-id.com\/wp-content\/uploads\/2025\/03\/LevantArtboard-1.jpg","datePublished":"2025-03-05T06:56:32+00:00","dateModified":"2025-03-05T07:22:24+00:00","breadcrumb":{"@id":"https:\/\/www.ifi-id.com\/kartu-keanggotaan-ifi\/levant-boulangerie\/#breadcrumb"},"inLanguage":"fr-FR","potentialAction":[{"@type":"ReadAction","target":["https:\/\/www.ifi-id.com\/kartu-keanggotaan-ifi\/levant-boulangerie\/"]}]},{"@type":"ImageObject","inLanguage":"fr-FR","@id":"https:\/\/www.ifi-id.com\/kartu-keanggotaan-ifi\/levant-boulangerie\/#primaryimage","url":"https:\/\/www.ifi-id.com\/wp-content\/uploads\/2025\/03\/LevantArtboard-1.jpg","contentUrl":"https:\/\/www.ifi-id.com\/wp-content\/uploads\/2025\/03\/LevantArtboard-1.jpg","width":1280,"height":720},{"@type":"BreadcrumbList","@id":"https:\/\/www.ifi-id.com\/kartu-keanggotaan-ifi\/levant-boulangerie\/#breadcrumb","itemListElement":[{"@type":"ListItem","position":1,"name":"Home","item":"https:\/\/www.ifi-id.com\/"},{"@type":"ListItem","position":2,"name":"Carte membre IFI","item":"https:\/\/www.ifi-id.com\/kartu-keanggotaan-ifi\/"},{"@type":"ListItem","position":3,"name":"Levant Boulangerie"}]},{"@type":"WebSite","@id":"https:\/\/www.ifi-id.com\/#website","url":"https:\/\/www.ifi-id.com\/","name":"Institut fran\u00e7ais Indon\u00e9sie","description":"","publisher":{"@id":"https:\/\/www.ifi-id.com\/#organization"},"potentialAction":[{"@type":"SearchAction","target":{"@type":"EntryPoint","urlTemplate":"https:\/\/www.ifi-id.com\/?s={search_term_string}"},"query-input":{"@type":"PropertyValueSpecification","valueRequired":true,"valueName":"search_term_string"}}],"inLanguage":"fr-FR"},{"@type":"Organization","@id":"https:\/\/www.ifi-id.com\/#organization","name":"Institut fran\u00e7ais Indon\u00e9sie","url":"https:\/\/www.ifi-id.com\/","logo":{"@type":"ImageObject","inLanguage":"fr-FR","@id":"https:\/\/www.ifi-id.com\/#\/schema\/logo\/image\/","url":"https:\/\/www.ifi-id.com\/wp-content\/uploads\/2022\/12\/IFI_New_Logo.jpg","contentUrl":"https:\/\/www.ifi-id.com\/wp-content\/uploads\/2022\/12\/IFI_New_Logo.jpg","width":666,"height":444,"caption":"Institut fran\u00e7ais Indon\u00e9sie"},"image":{"@id":"https:\/\/www.ifi-id.com\/#\/schema\/logo\/image\/"}}]}},"post_mailing_queue_ids":[],"_links":{"self":[{"href":"https:\/\/www.ifi-id.com\/fr\/wp-json\/wp\/v2\/pages\/52912"}],"collection":[{"href":"https:\/\/www.ifi-id.com\/fr\/wp-json\/wp\/v2\/pages"}],"about":[{"href":"https:\/\/www.ifi-id.com\/fr\/wp-json\/wp\/v2\/types\/page"}],"author":[{"embeddable":true,"href":"https:\/\/www.ifi-id.com\/fr\/wp-json\/wp\/v2\/users\/8"}],"replies":[{"embeddable":true,"href":"https:\/\/www.ifi-id.com\/fr\/wp-json\/wp\/v2\/comments?post=52912"}],"version-history":[{"count":2,"href":"https:\/\/www.ifi-id.com\/fr\/wp-json\/wp\/v2\/pages\/52912\/revisions"}],"predecessor-version":[{"id":52918,"href":"https:\/\/www.ifi-id.com\/fr\/wp-json\/wp\/v2\/pages\/52912\/revisions\/52918"}],"up":[{"embeddable":true,"href":"https:\/\/www.ifi-id.com\/fr\/wp-json\/wp\/v2\/pages\/52305"}],"wp:featuredmedia":[{"embeddable":true,"href":"https:\/\/www.ifi-id.com\/fr\/wp-json\/wp\/v2\/media\/52900"}],"wp:attachment":[{"href":"https:\/\/www.ifi-id.com\/fr\/wp-json\/wp\/v2\/media?parent=52912"}],"curies":[{"name":"wp","href":"https:\/\/api.w.org\/{rel}","templated":true}]}}