{"id":52896,"date":"2025-03-05T13:25:00","date_gmt":"2025-03-05T06:25:00","guid":{"rendered":"https:\/\/www.ifi-id.com\/carte-membre-ifi\/cafe-daurelie\/"},"modified":"2025-03-05T14:51:01","modified_gmt":"2025-03-05T07:51:01","slug":"cafe-daurelie","status":"publish","type":"page","link":"https:\/\/www.ifi-id.com\/fr\/carte-membre-ifi\/cafe-daurelie\/","title":{"rendered":"Caf\u00e9 D&rsquo;Aur\u00e9lie"},"content":{"rendered":"\t\t<div data-elementor-type=\"wp-page\" data-elementor-id=\"52896\" class=\"elementor elementor-52896 elementor-52855\" data-elementor-post-type=\"page\">\n\t\t\t\t\t\t<section class=\"elementor-section elementor-top-section elementor-element elementor-element-5bb66fc elementor-section-boxed elementor-section-height-default elementor-section-height-default\" data-id=\"5bb66fc\" data-element_type=\"section\">\n\t\t\t\t\t\t<div class=\"elementor-container elementor-column-gap-default\">\n\t\t\t\t\t<div class=\"elementor-column elementor-col-100 elementor-top-column elementor-element elementor-element-76f6848f\" data-id=\"76f6848f\" data-element_type=\"column\">\n\t\t\t<div class=\"elementor-widget-wrap elementor-element-populated\">\n\t\t\t\t\t\t<div class=\"elementor-element elementor-element-65f48f7d elementor-hidden-mobile elementor-widget elementor-widget-heading\" data-id=\"65f48f7d\" data-element_type=\"widget\" data-widget_type=\"heading.default\">\n\t\t\t\t<div class=\"elementor-widget-container\">\n\t\t\t<h2 class=\"elementor-heading-title elementor-size-default\">Caf\u00e9 D'Aur\u00e9lie<\/h2>\t\t<\/div>\n\t\t\t\t<\/div>\n\t\t\t\t\t<\/div>\n\t\t<\/div>\n\t\t\t\t\t<\/div>\n\t\t<\/section>\n\t\t\t\t<section class=\"elementor-section elementor-top-section elementor-element elementor-element-7f2c0f68 elementor-section-boxed elementor-section-height-default elementor-section-height-default\" data-id=\"7f2c0f68\" data-element_type=\"section\">\n\t\t\t\t\t\t<div class=\"elementor-container elementor-column-gap-default\">\n\t\t\t\t\t<div class=\"elementor-column elementor-col-100 elementor-top-column elementor-element elementor-element-34ee357\" data-id=\"34ee357\" data-element_type=\"column\">\n\t\t\t<div class=\"elementor-widget-wrap elementor-element-populated\">\n\t\t\t\t\t\t<div class=\"elementor-element elementor-element-ed3fbf0 elementor-hidden-desktop elementor-hidden-tablet elementor-widget elementor-widget-heading\" data-id=\"ed3fbf0\" data-element_type=\"widget\" data-widget_type=\"heading.default\">\n\t\t\t\t<div class=\"elementor-widget-container\">\n\t\t\t<h1 class=\"elementor-heading-title elementor-size-default\">Caf\u00e9 D'Aur\u00e9lie<\/h1>\t\t<\/div>\n\t\t\t\t<\/div>\n\t\t\t\t\t<\/div>\n\t\t<\/div>\n\t\t\t\t\t<\/div>\n\t\t<\/section>\n\t\t\t\t<section class=\"elementor-section elementor-top-section elementor-element elementor-element-96de2b7 elementor-section-boxed elementor-section-height-default elementor-section-height-default\" data-id=\"96de2b7\" data-element_type=\"section\">\n\t\t\t\t\t\t<div class=\"elementor-container elementor-column-gap-default\">\n\t\t\t\t\t<div class=\"elementor-column elementor-col-100 elementor-top-column elementor-element elementor-element-4831d8c\" data-id=\"4831d8c\" data-element_type=\"column\">\n\t\t\t<div class=\"elementor-widget-wrap elementor-element-populated\">\n\t\t\t\t\t\t<div class=\"elementor-element elementor-element-5d459a8 elementor-arrows-position-inside elementor-pagination-position-outside elementor-widget elementor-widget-image-carousel\" data-id=\"5d459a8\" data-element_type=\"widget\" data-settings=\"{&quot;slides_to_show&quot;:&quot;1&quot;,&quot;navigation&quot;:&quot;both&quot;,&quot;autoplay&quot;:&quot;yes&quot;,&quot;pause_on_hover&quot;:&quot;yes&quot;,&quot;pause_on_interaction&quot;:&quot;yes&quot;,&quot;autoplay_speed&quot;:5000,&quot;infinite&quot;:&quot;yes&quot;,&quot;effect&quot;:&quot;slide&quot;,&quot;speed&quot;:500}\" data-widget_type=\"image-carousel.default\">\n\t\t\t\t<div class=\"elementor-widget-container\">\n\t\t\t\t\t<div class=\"elementor-image-carousel-wrapper swiper\" dir=\"ltr\">\n\t\t\t<div class=\"elementor-image-carousel swiper-wrapper\" aria-live=\"off\">\n\t\t\t\t\t\t\t\t<div class=\"swiper-slide\" role=\"group\" aria-roledescription=\"slide\" aria-label=\"1 sur 3\"><figure class=\"swiper-slide-inner\"><img decoding=\"async\" class=\"swiper-slide-image\" src=\"https:\/\/www.ifi-id.com\/wp-content\/uploads\/2025\/03\/Cafe-daurelie-Logo.jpg\" alt=\"Cafe d&#039;aurelie Logo\" \/><\/figure><\/div><div class=\"swiper-slide\" role=\"group\" aria-roledescription=\"slide\" aria-label=\"2 sur 3\"><figure class=\"swiper-slide-inner\"><img decoding=\"async\" class=\"swiper-slide-image\" src=\"https:\/\/www.ifi-id.com\/wp-content\/uploads\/2025\/03\/Cafe-daurelie-2.png\" alt=\"Cafe d&#039;aurelie 2\" \/><\/figure><\/div><div class=\"swiper-slide\" role=\"group\" aria-roledescription=\"slide\" aria-label=\"3 sur 3\"><figure class=\"swiper-slide-inner\"><img decoding=\"async\" class=\"swiper-slide-image\" src=\"https:\/\/www.ifi-id.com\/wp-content\/uploads\/2025\/03\/Cafe-daurelie-1.png\" alt=\"Cafe d&#039;aurelie 1\" \/><\/figure><\/div>\t\t\t<\/div>\n\t\t\t\t\t\t\t\t\t\t\t\t<div class=\"elementor-swiper-button elementor-swiper-button-prev\" role=\"button\" tabindex=\"0\">\n\t\t\t\t\t\t<i aria-hidden=\"true\" class=\"eicon-chevron-left\"><\/i>\t\t\t\t\t<\/div>\n\t\t\t\t\t<div class=\"elementor-swiper-button elementor-swiper-button-next\" role=\"button\" tabindex=\"0\">\n\t\t\t\t\t\t<i aria-hidden=\"true\" class=\"eicon-chevron-right\"><\/i>\t\t\t\t\t<\/div>\n\t\t\t\t\n\t\t\t\t\t\t\t\t\t<div class=\"swiper-pagination\"><\/div>\n\t\t\t\t\t\t\t\t\t<\/div>\n\t\t\t\t<\/div>\n\t\t\t\t<\/div>\n\t\t\t\t\t<\/div>\n\t\t<\/div>\n\t\t\t\t\t<\/div>\n\t\t<\/section>\n\t\t\t\t<section class=\"elementor-section elementor-top-section elementor-element elementor-element-a6e4b87 elementor-section-boxed elementor-section-height-default elementor-section-height-default\" data-id=\"a6e4b87\" data-element_type=\"section\">\n\t\t\t\t\t\t<div class=\"elementor-container elementor-column-gap-default\">\n\t\t\t\t\t<div class=\"elementor-column elementor-col-100 elementor-top-column elementor-element elementor-element-ad6c890\" data-id=\"ad6c890\" data-element_type=\"column\">\n\t\t\t<div class=\"elementor-widget-wrap elementor-element-populated\">\n\t\t\t\t\t\t<div class=\"elementor-element elementor-element-ad57bc1 elementor-widget elementor-widget-text-editor\" data-id=\"ad57bc1\" data-element_type=\"widget\" data-widget_type=\"text-editor.default\">\n\t\t\t\t<div class=\"elementor-widget-container\">\n\t\t\t\t\t\t\t<p>Le Caf\u00e9 D&rsquo;Aur\u00e9lie a \u00e9t\u00e9 fond\u00e9 en juin 2021 \u00e0 Bintaro, au sud de Tangerang, suite \u00e0 la croissance et au d\u00e9veloppement d&rsquo;une entreprise de p\u00e2tisserie et de cuisine \u00e0 domicile par la fondatrice et cheffe autodidacte qui ressent le besoin de partager et de pr\u00e9senter ses produits de p\u00e2tisserie et de cuisine \u00e0 un public plus large et de fournir des opportunit\u00e9s d&#8217;emploi aux personnes de son entourage pendant la p\u00e9riode de pand\u00e9mie. Le menu du Caf\u00e9 D&rsquo;Aur\u00e9lie a \u00e9t\u00e9 \u00e9labor\u00e9 \u00e0 partir des plats qu&rsquo;elle pr\u00e9pare pour sa fille, Aur\u00e9lie, et son mari pour les repas quotidien \u00e0 la maison. En tant que fan de l&rsquo;alimentation saine, elle cuisine toujours en utilisant des produits frais et biologiques provenant de la r\u00e9gion.<\/p>\n<p>Notre mission est d&rsquo;introduire une version plus saine de la cuisine fran\u00e7aise dans la communaut\u00e9 locale et d&rsquo;\u00e9duquer les gens \u00e0 manger des aliments frais et entiers qui sont plus sains et fournissent une nutrition plus \u00e9quilibr\u00e9e et un mode de vie sain pendant la pand\u00e9mie.<\/p>\n<p>Notre objectif est de cr\u00e9er et de produire davantage de vari\u00e9t\u00e9s de cuisine fran\u00e7aise saine et de desserts, de d\u00e9velopper et d&rsquo;\u00e9tendre l&rsquo;entreprise \u00e0 la r\u00e9gion du Grand Jakarta et de rendre service \u00e0 la communaut\u00e9 en utilisant autant que possible des produits locaux et en employant des personnes de la r\u00e9gion autour de l&rsquo;\u00e9tablissement.<\/p>\n<p>Notre concept est de cr\u00e9er des versions d\u00e9licieuses et saines de la cuisine fran\u00e7aise en utilisant des produits biologiques et des produits frais.<\/p>\n<p>Toutes les ressources culinaires telles que les sauces, les bouillons, les vinaigrettes et les accompagnements sont pr\u00e9par\u00e9es \u00e0 partir de z\u00e9ro.<\/p>\n<p>Les plats d&rsquo;accompagnement sont pr\u00e9par\u00e9s \u00e0 partir d&rsquo;ingr\u00e9dients biologiques et de la meilleure qualit\u00e9, cuisin\u00e9s selon des m\u00e9thodes saines.<\/p>\n<p>60 % de nos ingr\u00e9dients, tels que les l\u00e9gumes et les herbes bios, les \u0153ufs bios, les poulets bios, les \u00e9pices, les grains de caf\u00e9, les chocolats, les gousses de vanille et certains produits laitiers, proviennent de sources locales en Indon\u00e9sie.<\/p>\n<p>Notre principal fournisseur de l\u00e9gumes biologiques est YUM Organic Farm, une ferme bio qui cr\u00e9e un impact social durable en favorisant la durabilit\u00e9, en garantissant des produits de haute qualit\u00e9 et en apportant des avantages significatifs \u00e0 la fois aux clients et \u00e0 la communaut\u00e9.<\/p>\n<p>40 % de nos ingr\u00e9dients, qui sont les ingr\u00e9dients cl\u00e9s de la cuisine fran\u00e7aise, sont import\u00e9s de France et d&rsquo;autres pays.<\/p>\n<p>Adresse :<\/p>\n<ul>\n<li><strong>Institut fran\u00e7ais Indon\u00e9sie (IFI)<\/strong>, Jl MH Thamrin No 20, Jakarta Pusat<\/li>\n<li>FM Emerald Bintaro, Tangerang Selatan<\/li>\n<\/ul>\n<p>En tant que membre, vous b\u00e9n\u00e9ficiez des avantages suivants sur pr\u00e9sentation de votre carte de membre : <strong><u>15% de r\u00e9duction<\/u><\/strong><strong> pour tous les produits<\/strong><\/p>\n\t\t\t\t\t\t<\/div>\n\t\t\t\t<\/div>\n\t\t\t\t\t<\/div>\n\t\t<\/div>\n\t\t\t\t\t<\/div>\n\t\t<\/section>\n\t\t\t\t<section class=\"elementor-section elementor-top-section elementor-element elementor-element-85e59bf elementor-section-boxed elementor-section-height-default elementor-section-height-default\" data-id=\"85e59bf\" data-element_type=\"section\">\n\t\t\t\t\t\t<div class=\"elementor-container elementor-column-gap-default\">\n\t\t\t\t\t<div class=\"elementor-column elementor-col-100 elementor-top-column elementor-element elementor-element-3748065\" data-id=\"3748065\" data-element_type=\"column\">\n\t\t\t<div class=\"elementor-widget-wrap elementor-element-populated\">\n\t\t\t\t\t\t<div class=\"elementor-element elementor-element-6e7c8b8 elementor-widget elementor-widget-heading\" data-id=\"6e7c8b8\" data-element_type=\"widget\" data-widget_type=\"heading.default\">\n\t\t\t\t<div class=\"elementor-widget-container\">\n\t\t\t<h2 class=\"elementor-heading-title elementor-size-default\">Adresse<\/h2>\t\t<\/div>\n\t\t\t\t<\/div>\n\t\t\t\t\t<\/div>\n\t\t<\/div>\n\t\t\t\t\t<\/div>\n\t\t<\/section>\n\t\t\t\t<section class=\"elementor-section elementor-top-section elementor-element elementor-element-c571f7f elementor-section-boxed elementor-section-height-default elementor-section-height-default\" data-id=\"c571f7f\" data-element_type=\"section\">\n\t\t\t\t\t\t<div class=\"elementor-container elementor-column-gap-default\">\n\t\t\t\t\t<div class=\"elementor-column elementor-col-50 elementor-top-column elementor-element elementor-element-b5ffa5c\" data-id=\"b5ffa5c\" data-element_type=\"column\">\n\t\t\t<div class=\"elementor-widget-wrap elementor-element-populated\">\n\t\t\t\t\t\t<div class=\"elementor-element elementor-element-12c21ed elementor-widget elementor-widget-html\" data-id=\"12c21ed\" data-element_type=\"widget\" data-widget_type=\"html.default\">\n\t\t\t\t<div class=\"elementor-widget-container\">\n\t\t\t<iframe src=\"https:\/\/www.google.com\/maps\/embed?pb=!1m18!1m12!1m3!1d3966.5639396977986!2d106.82077077573406!3d-6.189058993798556!2m3!1f0!2f0!3f0!3m2!1i1024!2i768!4f13.1!3m3!1m2!1s0x2e69f500251f0de7%3A0x1751817a21ae96f!2sCafe%20d'Aurelie!5e0!3m2!1sen!2sid!4v1741159921963!5m2!1sen!2sid\" width=\"400\" height=\"300\" style=\"border:0;\" allowfullscreen=\"\" loading=\"lazy\" referrerpolicy=\"no-referrer-when-downgrade\"><\/iframe>\t\t<\/div>\n\t\t\t\t<\/div>\n\t\t\t\t\t<\/div>\n\t\t<\/div>\n\t\t\t\t<div class=\"elementor-column elementor-col-50 elementor-top-column elementor-element elementor-element-59b11be\" data-id=\"59b11be\" data-element_type=\"column\">\n\t\t\t<div class=\"elementor-widget-wrap elementor-element-populated\">\n\t\t\t\t\t\t<div class=\"elementor-element elementor-element-6af539c elementor-widget elementor-widget-html\" data-id=\"6af539c\" data-element_type=\"widget\" data-widget_type=\"html.default\">\n\t\t\t\t<div class=\"elementor-widget-container\">\n\t\t\t<iframe src=\"https:\/\/www.google.com\/maps\/embed?pb=!1m18!1m12!1m3!1d3965.9077724443773!2d106.69775697573483!3d-6.275855893712982!2m3!1f0!2f0!3f0!3m2!1i1024!2i768!4f13.1!3m3!1m2!1s0x2e69fb6b2a451a77%3A0x1fd50ccab458e087!2sCafe%20d%E2%80%99Aurelie!5e0!3m2!1sen!2sid!4v1741159957681!5m2!1sen!2sid\" width=\"400\" height=\"300\" style=\"border:0;\" allowfullscreen=\"\" loading=\"lazy\" referrerpolicy=\"no-referrer-when-downgrade\"><\/iframe>\t\t<\/div>\n\t\t\t\t<\/div>\n\t\t\t\t\t<\/div>\n\t\t<\/div>\n\t\t\t\t\t<\/div>\n\t\t<\/section>\n\t\t\t\t<\/div>\n\t\t","protected":false},"excerpt":{"rendered":"<p>Caf\u00e9 D&rsquo;Aur\u00e9lie Caf\u00e9 D&rsquo;Aur\u00e9lie Le Caf\u00e9 D&rsquo;Aur\u00e9lie a \u00e9t\u00e9 fond\u00e9 en juin 2021 \u00e0 Bintaro, au sud de Tangerang, suite \u00e0 la croissance et au d\u00e9veloppement d&rsquo;une entreprise de p\u00e2tisserie et de cuisine \u00e0 domicile par la fondatrice et cheffe autodidacte qui ressent le besoin de partager et de pr\u00e9senter ses produits de p\u00e2tisserie et &hellip; <\/p>\n<p class=\"link-more\"><a href=\"https:\/\/www.ifi-id.com\/fr\/carte-membre-ifi\/cafe-daurelie\/\" class=\"more-link\">Continuer la lecture<span class=\"screen-reader-text\"> de &laquo;&nbsp;Caf\u00e9 D&rsquo;Aur\u00e9lie&nbsp;&raquo;<\/span><\/a><\/p>\n","protected":false},"author":8,"featured_media":0,"parent":52305,"menu_order":0,"comment_status":"closed","ping_status":"closed","template":"elementor_header_footer","meta":{"footnotes":""},"class_list":["post-52896","page","type-page","status-publish","hentry"],"yoast_head":"<!-- This site is optimized with the Yoast SEO plugin v23.5 - https:\/\/yoast.com\/wordpress\/plugins\/seo\/ -->\n<title>Caf\u00e9 D&#039;Aur\u00e9lie - Institut fran\u00e7ais Indon\u00e9sie<\/title>\n<meta name=\"robots\" content=\"index, follow, max-snippet:-1, max-image-preview:large, max-video-preview:-1\" \/>\n<link rel=\"canonical\" href=\"https:\/\/www.ifi-id.com\/kartu-keanggotaan-ifi\/cafe-daurelie\/\" \/>\n<meta property=\"og:locale\" content=\"fr_FR\" \/>\n<meta property=\"og:type\" content=\"article\" \/>\n<meta property=\"og:title\" content=\"Caf\u00e9 D&#039;Aur\u00e9lie - Institut fran\u00e7ais Indon\u00e9sie\" \/>\n<meta property=\"og:description\" content=\"Caf\u00e9 D&rsquo;Aur\u00e9lie Caf\u00e9 D&rsquo;Aur\u00e9lie Le Caf\u00e9 D&rsquo;Aur\u00e9lie a \u00e9t\u00e9 fond\u00e9 en juin 2021 \u00e0 Bintaro, au sud de Tangerang, suite \u00e0 la croissance et au d\u00e9veloppement d&rsquo;une entreprise de p\u00e2tisserie et de cuisine \u00e0 domicile par la fondatrice et cheffe autodidacte qui ressent le besoin de partager et de pr\u00e9senter ses produits de p\u00e2tisserie et &hellip; Continuer la lecture de &laquo;&nbsp;Caf\u00e9 D&rsquo;Aur\u00e9lie&nbsp;&raquo;\" \/>\n<meta property=\"og:url\" content=\"https:\/\/www.ifi-id.com\/kartu-keanggotaan-ifi\/cafe-daurelie\/\" \/>\n<meta property=\"og:site_name\" content=\"Institut fran\u00e7ais Indon\u00e9sie\" \/>\n<meta property=\"article:modified_time\" content=\"2025-03-05T07:51:01+00:00\" \/>\n<meta property=\"og:image\" content=\"https:\/\/www.ifi-id.com\/wp-content\/uploads\/2025\/03\/Cafe-daurelie-Logo.jpg\" \/>\n<meta name=\"twitter:card\" content=\"summary_large_image\" \/>\n<meta name=\"twitter:label1\" content=\"Dur\u00e9e de lecture estim\u00e9e\" \/>\n\t<meta name=\"twitter:data1\" content=\"2 minutes\" \/>\n<script type=\"application\/ld+json\" class=\"yoast-schema-graph\">{\"@context\":\"https:\/\/schema.org\",\"@graph\":[{\"@type\":\"WebPage\",\"@id\":\"https:\/\/www.ifi-id.com\/kartu-keanggotaan-ifi\/cafe-daurelie\/\",\"url\":\"https:\/\/www.ifi-id.com\/kartu-keanggotaan-ifi\/cafe-daurelie\/\",\"name\":\"Caf\u00e9 D'Aur\u00e9lie - Institut fran\u00e7ais Indon\u00e9sie\",\"isPartOf\":{\"@id\":\"https:\/\/www.ifi-id.com\/#website\"},\"primaryImageOfPage\":{\"@id\":\"https:\/\/www.ifi-id.com\/kartu-keanggotaan-ifi\/cafe-daurelie\/#primaryimage\"},\"image\":{\"@id\":\"https:\/\/www.ifi-id.com\/kartu-keanggotaan-ifi\/cafe-daurelie\/#primaryimage\"},\"thumbnailUrl\":\"https:\/\/www.ifi-id.com\/wp-content\/uploads\/2025\/03\/Cafe-daurelie-Logo.jpg\",\"datePublished\":\"2025-03-05T06:25:00+00:00\",\"dateModified\":\"2025-03-05T07:51:01+00:00\",\"breadcrumb\":{\"@id\":\"https:\/\/www.ifi-id.com\/kartu-keanggotaan-ifi\/cafe-daurelie\/#breadcrumb\"},\"inLanguage\":\"fr-FR\",\"potentialAction\":[{\"@type\":\"ReadAction\",\"target\":[\"https:\/\/www.ifi-id.com\/kartu-keanggotaan-ifi\/cafe-daurelie\/\"]}]},{\"@type\":\"ImageObject\",\"inLanguage\":\"fr-FR\",\"@id\":\"https:\/\/www.ifi-id.com\/kartu-keanggotaan-ifi\/cafe-daurelie\/#primaryimage\",\"url\":\"https:\/\/www.ifi-id.com\/wp-content\/uploads\/2025\/03\/Cafe-daurelie-Logo.jpg\",\"contentUrl\":\"https:\/\/www.ifi-id.com\/wp-content\/uploads\/2025\/03\/Cafe-daurelie-Logo.jpg\"},{\"@type\":\"BreadcrumbList\",\"@id\":\"https:\/\/www.ifi-id.com\/kartu-keanggotaan-ifi\/cafe-daurelie\/#breadcrumb\",\"itemListElement\":[{\"@type\":\"ListItem\",\"position\":1,\"name\":\"Home\",\"item\":\"https:\/\/www.ifi-id.com\/\"},{\"@type\":\"ListItem\",\"position\":2,\"name\":\"Carte membre IFI\",\"item\":\"https:\/\/www.ifi-id.com\/kartu-keanggotaan-ifi\/\"},{\"@type\":\"ListItem\",\"position\":3,\"name\":\"Caf\u00e9 D&rsquo;Aur\u00e9lie\"}]},{\"@type\":\"WebSite\",\"@id\":\"https:\/\/www.ifi-id.com\/#website\",\"url\":\"https:\/\/www.ifi-id.com\/\",\"name\":\"Institut fran\u00e7ais Indon\u00e9sie\",\"description\":\"\",\"publisher\":{\"@id\":\"https:\/\/www.ifi-id.com\/#organization\"},\"potentialAction\":[{\"@type\":\"SearchAction\",\"target\":{\"@type\":\"EntryPoint\",\"urlTemplate\":\"https:\/\/www.ifi-id.com\/?s={search_term_string}\"},\"query-input\":{\"@type\":\"PropertyValueSpecification\",\"valueRequired\":true,\"valueName\":\"search_term_string\"}}],\"inLanguage\":\"fr-FR\"},{\"@type\":\"Organization\",\"@id\":\"https:\/\/www.ifi-id.com\/#organization\",\"name\":\"Institut fran\u00e7ais Indon\u00e9sie\",\"url\":\"https:\/\/www.ifi-id.com\/\",\"logo\":{\"@type\":\"ImageObject\",\"inLanguage\":\"fr-FR\",\"@id\":\"https:\/\/www.ifi-id.com\/#\/schema\/logo\/image\/\",\"url\":\"https:\/\/www.ifi-id.com\/wp-content\/uploads\/2022\/12\/IFI_New_Logo.jpg\",\"contentUrl\":\"https:\/\/www.ifi-id.com\/wp-content\/uploads\/2022\/12\/IFI_New_Logo.jpg\",\"width\":666,\"height\":444,\"caption\":\"Institut fran\u00e7ais Indon\u00e9sie\"},\"image\":{\"@id\":\"https:\/\/www.ifi-id.com\/#\/schema\/logo\/image\/\"}}]}<\/script>\n<!-- \/ Yoast SEO plugin. -->","yoast_head_json":{"title":"Caf\u00e9 D'Aur\u00e9lie - Institut fran\u00e7ais Indon\u00e9sie","robots":{"index":"index","follow":"follow","max-snippet":"max-snippet:-1","max-image-preview":"max-image-preview:large","max-video-preview":"max-video-preview:-1"},"canonical":"https:\/\/www.ifi-id.com\/kartu-keanggotaan-ifi\/cafe-daurelie\/","og_locale":"fr_FR","og_type":"article","og_title":"Caf\u00e9 D'Aur\u00e9lie - Institut fran\u00e7ais Indon\u00e9sie","og_description":"Caf\u00e9 D&rsquo;Aur\u00e9lie Caf\u00e9 D&rsquo;Aur\u00e9lie Le Caf\u00e9 D&rsquo;Aur\u00e9lie a \u00e9t\u00e9 fond\u00e9 en juin 2021 \u00e0 Bintaro, au sud de Tangerang, suite \u00e0 la croissance et au d\u00e9veloppement d&rsquo;une entreprise de p\u00e2tisserie et de cuisine \u00e0 domicile par la fondatrice et cheffe autodidacte qui ressent le besoin de partager et de pr\u00e9senter ses produits de p\u00e2tisserie et &hellip; Continuer la lecture de &laquo;&nbsp;Caf\u00e9 D&rsquo;Aur\u00e9lie&nbsp;&raquo;","og_url":"https:\/\/www.ifi-id.com\/kartu-keanggotaan-ifi\/cafe-daurelie\/","og_site_name":"Institut fran\u00e7ais Indon\u00e9sie","article_modified_time":"2025-03-05T07:51:01+00:00","og_image":[{"url":"https:\/\/www.ifi-id.com\/wp-content\/uploads\/2025\/03\/Cafe-daurelie-Logo.jpg"}],"twitter_card":"summary_large_image","twitter_misc":{"Dur\u00e9e de lecture estim\u00e9e":"2 minutes"},"schema":{"@context":"https:\/\/schema.org","@graph":[{"@type":"WebPage","@id":"https:\/\/www.ifi-id.com\/kartu-keanggotaan-ifi\/cafe-daurelie\/","url":"https:\/\/www.ifi-id.com\/kartu-keanggotaan-ifi\/cafe-daurelie\/","name":"Caf\u00e9 D'Aur\u00e9lie - Institut fran\u00e7ais Indon\u00e9sie","isPartOf":{"@id":"https:\/\/www.ifi-id.com\/#website"},"primaryImageOfPage":{"@id":"https:\/\/www.ifi-id.com\/kartu-keanggotaan-ifi\/cafe-daurelie\/#primaryimage"},"image":{"@id":"https:\/\/www.ifi-id.com\/kartu-keanggotaan-ifi\/cafe-daurelie\/#primaryimage"},"thumbnailUrl":"https:\/\/www.ifi-id.com\/wp-content\/uploads\/2025\/03\/Cafe-daurelie-Logo.jpg","datePublished":"2025-03-05T06:25:00+00:00","dateModified":"2025-03-05T07:51:01+00:00","breadcrumb":{"@id":"https:\/\/www.ifi-id.com\/kartu-keanggotaan-ifi\/cafe-daurelie\/#breadcrumb"},"inLanguage":"fr-FR","potentialAction":[{"@type":"ReadAction","target":["https:\/\/www.ifi-id.com\/kartu-keanggotaan-ifi\/cafe-daurelie\/"]}]},{"@type":"ImageObject","inLanguage":"fr-FR","@id":"https:\/\/www.ifi-id.com\/kartu-keanggotaan-ifi\/cafe-daurelie\/#primaryimage","url":"https:\/\/www.ifi-id.com\/wp-content\/uploads\/2025\/03\/Cafe-daurelie-Logo.jpg","contentUrl":"https:\/\/www.ifi-id.com\/wp-content\/uploads\/2025\/03\/Cafe-daurelie-Logo.jpg"},{"@type":"BreadcrumbList","@id":"https:\/\/www.ifi-id.com\/kartu-keanggotaan-ifi\/cafe-daurelie\/#breadcrumb","itemListElement":[{"@type":"ListItem","position":1,"name":"Home","item":"https:\/\/www.ifi-id.com\/"},{"@type":"ListItem","position":2,"name":"Carte membre IFI","item":"https:\/\/www.ifi-id.com\/kartu-keanggotaan-ifi\/"},{"@type":"ListItem","position":3,"name":"Caf\u00e9 D&rsquo;Aur\u00e9lie"}]},{"@type":"WebSite","@id":"https:\/\/www.ifi-id.com\/#website","url":"https:\/\/www.ifi-id.com\/","name":"Institut fran\u00e7ais Indon\u00e9sie","description":"","publisher":{"@id":"https:\/\/www.ifi-id.com\/#organization"},"potentialAction":[{"@type":"SearchAction","target":{"@type":"EntryPoint","urlTemplate":"https:\/\/www.ifi-id.com\/?s={search_term_string}"},"query-input":{"@type":"PropertyValueSpecification","valueRequired":true,"valueName":"search_term_string"}}],"inLanguage":"fr-FR"},{"@type":"Organization","@id":"https:\/\/www.ifi-id.com\/#organization","name":"Institut fran\u00e7ais Indon\u00e9sie","url":"https:\/\/www.ifi-id.com\/","logo":{"@type":"ImageObject","inLanguage":"fr-FR","@id":"https:\/\/www.ifi-id.com\/#\/schema\/logo\/image\/","url":"https:\/\/www.ifi-id.com\/wp-content\/uploads\/2022\/12\/IFI_New_Logo.jpg","contentUrl":"https:\/\/www.ifi-id.com\/wp-content\/uploads\/2022\/12\/IFI_New_Logo.jpg","width":666,"height":444,"caption":"Institut fran\u00e7ais Indon\u00e9sie"},"image":{"@id":"https:\/\/www.ifi-id.com\/#\/schema\/logo\/image\/"}}]}},"post_mailing_queue_ids":[],"_links":{"self":[{"href":"https:\/\/www.ifi-id.com\/fr\/wp-json\/wp\/v2\/pages\/52896"}],"collection":[{"href":"https:\/\/www.ifi-id.com\/fr\/wp-json\/wp\/v2\/pages"}],"about":[{"href":"https:\/\/www.ifi-id.com\/fr\/wp-json\/wp\/v2\/types\/page"}],"author":[{"embeddable":true,"href":"https:\/\/www.ifi-id.com\/fr\/wp-json\/wp\/v2\/users\/8"}],"replies":[{"embeddable":true,"href":"https:\/\/www.ifi-id.com\/fr\/wp-json\/wp\/v2\/comments?post=52896"}],"version-history":[{"count":2,"href":"https:\/\/www.ifi-id.com\/fr\/wp-json\/wp\/v2\/pages\/52896\/revisions"}],"predecessor-version":[{"id":52923,"href":"https:\/\/www.ifi-id.com\/fr\/wp-json\/wp\/v2\/pages\/52896\/revisions\/52923"}],"up":[{"embeddable":true,"href":"https:\/\/www.ifi-id.com\/fr\/wp-json\/wp\/v2\/pages\/52305"}],"wp:attachment":[{"href":"https:\/\/www.ifi-id.com\/fr\/wp-json\/wp\/v2\/media?parent=52896"}],"curies":[{"name":"wp","href":"https:\/\/api.w.org\/{rel}","templated":true}]}}