{"id":52879,"date":"2025-03-05T12:45:52","date_gmt":"2025-03-05T05:45:52","guid":{"rendered":"https:\/\/www.ifi-id.com\/sponsor-astaganaga-mie-dan-nasi\/"},"modified":"2025-03-05T12:45:56","modified_gmt":"2025-03-05T05:45:56","slug":"sponsor-astaganaga-mie-dan-nasi","status":"publish","type":"page","link":"https:\/\/www.ifi-id.com\/fr\/sponsor-astaganaga-mie-dan-nasi\/","title":{"rendered":"Sponsor &#8211; Astaganaga Mie dan Nasi"},"content":{"rendered":"\t\t<div data-elementor-type=\"wp-page\" data-elementor-id=\"52879\" class=\"elementor elementor-52879 elementor-52858\" data-elementor-post-type=\"page\">\n\t\t\t\t\t\t<section class=\"elementor-section elementor-top-section elementor-element elementor-element-9a0ac23 elementor-section-boxed elementor-section-height-default elementor-section-height-default\" data-id=\"9a0ac23\" data-element_type=\"section\">\n\t\t\t\t\t\t<div class=\"elementor-container elementor-column-gap-default\">\n\t\t\t\t\t<div class=\"elementor-column elementor-col-100 elementor-top-column elementor-element elementor-element-814de98\" data-id=\"814de98\" data-element_type=\"column\">\n\t\t\t<div class=\"elementor-widget-wrap elementor-element-populated\">\n\t\t\t\t\t\t<div class=\"elementor-element elementor-element-77f1f5f elementor-widget elementor-widget-heading\" data-id=\"77f1f5f\" data-element_type=\"widget\" data-widget_type=\"heading.default\">\n\t\t\t\t<div class=\"elementor-widget-container\">\n\t\t\t<h2 class=\"elementor-heading-title elementor-size-default\">Astaganaga Mie dan Nasi<\/h2>\t\t<\/div>\n\t\t\t\t<\/div>\n\t\t\t\t\t<\/div>\n\t\t<\/div>\n\t\t\t\t\t<\/div>\n\t\t<\/section>\n\t\t\t\t<section class=\"elementor-section elementor-top-section elementor-element elementor-element-e9596f7 elementor-section-boxed elementor-section-height-default elementor-section-height-default\" data-id=\"e9596f7\" data-element_type=\"section\">\n\t\t\t\t\t\t<div class=\"elementor-container elementor-column-gap-default\">\n\t\t\t\t\t<div class=\"elementor-column elementor-col-100 elementor-top-column elementor-element elementor-element-5594735\" data-id=\"5594735\" data-element_type=\"column\">\n\t\t\t<div class=\"elementor-widget-wrap elementor-element-populated\">\n\t\t\t\t\t\t<div class=\"elementor-element elementor-element-fa3b103 elementor--h-position-center elementor--v-position-middle elementor-arrows-position-inside elementor-pagination-position-inside elementor-widget elementor-widget-slides\" data-id=\"fa3b103\" data-element_type=\"widget\" data-settings=\"{&quot;navigation&quot;:&quot;both&quot;,&quot;autoplay&quot;:&quot;yes&quot;,&quot;pause_on_hover&quot;:&quot;yes&quot;,&quot;pause_on_interaction&quot;:&quot;yes&quot;,&quot;autoplay_speed&quot;:5000,&quot;infinite&quot;:&quot;yes&quot;,&quot;transition&quot;:&quot;slide&quot;,&quot;transition_speed&quot;:500}\" data-widget_type=\"slides.default\">\n\t\t\t\t<div class=\"elementor-widget-container\">\n\t\t\t\t\t<div class=\"elementor-swiper\">\n\t\t\t<div class=\"elementor-slides-wrapper elementor-main-swiper swiper\" dir=\"ltr\" data-animation=\"fadeInUp\">\n\t\t\t\t<div class=\"swiper-wrapper elementor-slides\">\n\t\t\t\t\t\t\t\t\t\t<div class=\"elementor-repeater-item-f92bc16 swiper-slide\"><div class=\"swiper-slide-bg\" role=\"img\"><\/div><div class=\"swiper-slide-inner\" ><div class=\"swiper-slide-contents\"><div class=\"elementor-slide-heading\">Gado-Gado Multilingue<\/div><div class=\"elementor-slide-description\"><p>\u00e0 Astagana Mie dan Nasi<\/p>\n<\/div><\/div><\/div><\/div><div class=\"elementor-repeater-item-e0e8c04 swiper-slide\"><div class=\"swiper-slide-bg\" role=\"img\"><\/div><div class=\"swiper-slide-inner\" ><div class=\"swiper-slide-contents\"><div class=\"elementor-slide-heading\">Gado-Gado Multilingue<\/div><div class=\"elementor-slide-description\"><p>\u00e0 Astagana Mie dan Nasi<\/p>\n<\/div><\/div><\/div><\/div><div class=\"elementor-repeater-item-635f2bd swiper-slide\"><div class=\"swiper-slide-bg\" role=\"img\"><\/div><div class=\"swiper-slide-inner\" ><div class=\"swiper-slide-contents\"><div class=\"elementor-slide-heading\">Gado-Gado Multilingue<\/div><div class=\"elementor-slide-description\"><p>\u00e0 Astagana Mie dan Nasi<\/p>\n<\/div><\/div><\/div><\/div><div class=\"elementor-repeater-item-11f35eb swiper-slide\"><div class=\"swiper-slide-bg\" role=\"img\"><\/div><div class=\"swiper-slide-inner\" ><div class=\"swiper-slide-contents\"><div class=\"elementor-slide-heading\">Gado-Gado Multilingue<\/div><div class=\"elementor-slide-description\"><p>\u00e0 Astagana Mie dan Nasi<\/p>\n<\/div><\/div><\/div><\/div><div class=\"elementor-repeater-item-8701609 swiper-slide\"><div class=\"swiper-slide-bg\" role=\"img\"><\/div><div class=\"swiper-slide-inner\" ><div class=\"swiper-slide-contents\"><div class=\"elementor-slide-heading\">Gado-Gado Multilingue<\/div><div class=\"elementor-slide-description\"><p>\u00e0 Astagana Mie dan Nasi<\/p>\n<\/div><\/div><\/div><\/div>\t\t\t\t<\/div>\n\t\t\t\t\t\t\t\t\t\t\t\t\t\t\t<div class=\"swiper-pagination\"><\/div>\n\t\t\t\t\t\t\t\t\t\t\t\t\t\t\t\t<div class=\"elementor-swiper-button elementor-swiper-button-prev\" role=\"button\" tabindex=\"0\">\n\t\t\t\t\t\t\t<i aria-hidden=\"true\" class=\"eicon-chevron-left\"><\/i>\t\t\t\t\t\t\t<span class=\"elementor-screen-only\">Diapositive pr\u00e9c\u00e9dente<\/span>\n\t\t\t\t\t\t<\/div>\n\t\t\t\t\t\t<div class=\"elementor-swiper-button elementor-swiper-button-next\" role=\"button\" tabindex=\"0\">\n\t\t\t\t\t\t\t<i aria-hidden=\"true\" class=\"eicon-chevron-right\"><\/i>\t\t\t\t\t\t\t<span class=\"elementor-screen-only\">Diapositive suivante<\/span>\n\t\t\t\t\t\t<\/div>\n\t\t\t\t\t\t\t\t\t\t\t\t<\/div>\n\t\t<\/div>\n\t\t\t\t<\/div>\n\t\t\t\t<\/div>\n\t\t\t\t\t<\/div>\n\t\t<\/div>\n\t\t\t\t\t<\/div>\n\t\t<\/section>\n\t\t\t\t<section class=\"elementor-section elementor-top-section elementor-element elementor-element-bd9c650 elementor-section-boxed elementor-section-height-default elementor-section-height-default\" data-id=\"bd9c650\" data-element_type=\"section\">\n\t\t\t\t\t\t<div class=\"elementor-container elementor-column-gap-default\">\n\t\t\t\t\t<div class=\"elementor-column elementor-col-100 elementor-top-column elementor-element elementor-element-17ebd39\" data-id=\"17ebd39\" data-element_type=\"column\">\n\t\t\t<div class=\"elementor-widget-wrap elementor-element-populated\">\n\t\t\t\t\t\t<div class=\"elementor-element elementor-element-3e56ea0 elementor-widget elementor-widget-text-editor\" data-id=\"3e56ea0\" data-element_type=\"widget\" data-widget_type=\"text-editor.default\">\n\t\t\t\t<div class=\"elementor-widget-container\">\n\t\t\t\t\t\t\t<p><strong>Le plaisir de combiner les langues \u00e0 Astaganaga !<\/strong><\/p>\n<p>Surabaya ne manque jamais d&rsquo;\u00e9v\u00e9nements passionnants\u00a0! Le 6 f\u00e9vrier 2025, il y a eu un \u00e9v\u00e9nement vraiment cool appel\u00e9 \u00ab Gado-Gado Bahasa Dunia \u200b\u200b\u00bb qui a \u00e9t\u00e9 organis\u00e9 par Wisma Jerman et IFI Surabaya \u00e0 Astaganaga Mie et Nasi, Jalan Manyar Kertoarjo. Imaginez, des gens de diff\u00e9rents pays se r\u00e9unissent pour s&rsquo;amuser en apprenant des langues ensemble ! Cet \u00e9v\u00e9nement ne serait pas aussi excitant sans le soutien d&rsquo;Astaganaga et d&rsquo;Omamamio Gelato. Ils contribuent vraiment \u00e0 rendre l\u2019ambiance plus festive en proposant des lieux privil\u00e9gi\u00e9s et des friandises. Lors de notre inscription, nous avons m\u00eame re\u00e7u une glace gratuite d&rsquo;Omamamio Gelato ! C&rsquo;est vraiment rafra\u00eechissant d&rsquo;accompagner des s\u00e9ances de chat et de discussion. L&rsquo;endroit est \u00e9galement tr\u00e8s amusant, Astaganaga dispose d&rsquo;installations compl\u00e8tes et d&rsquo;une carte vari\u00e9e de plats et de boissons. \u00c0 partir des nouilles \u00e9pic\u00e9es, du riz frit, du riz au poulet Geprek, du Dimsum, jusqu&rsquo;au Gelato d&rsquo;Omamamio. Cet endroit est vraiment adapt\u00e9 pour faire les devoirs ou sortie entre amis. Il y a de nombreuses prises de courant et une connexion Wi-Fi gratuite, ainsi que des crackers gratuits pour ceux qui ach\u00e8tent de la nourriture ou des boissons.<\/p>\n<p>Le soutien de Wisma Jerman, IFI Surabaya, Astaganaga et Omamamio Gelato prouve que la collaboration peut cr\u00e9er des \u00e9v\u00e9nements de qualit\u00e9 utiles \u00e0 de nombreuses personnes. Esp\u00e9rons que cet \u00e9v\u00e9nement puisse continuer \u00e0 prendre de l\u2019ampleur et devenir un agenda annuel tr\u00e8s attendu !<\/p>\n<p><b>Astaganaga Mie dan Nasi<\/b><br \/>\nJl. Manyar Kertoarjo No. 53, Surabaya<br \/>\nWA : <a href=\"http:\/\/wa.me\/62817897000\" target=\"_blank\" rel=\"noopener\">+62 817 897 000<\/a><br \/>\nInstagram : <a href=\"https:\/\/www.instagram.com\/astaganaga.mie.nasi\/\" target=\"_blank\" rel=\"noopener\">@astaganaga.mie.nasi<\/a><\/p>\n\t\t\t\t\t\t<\/div>\n\t\t\t\t<\/div>\n\t\t\t\t\t<\/div>\n\t\t<\/div>\n\t\t\t\t\t<\/div>\n\t\t<\/section>\n\t\t\t\t<\/div>\n\t\t","protected":false},"excerpt":{"rendered":"<p>Astaganaga Mie dan Nasi Gado-Gado Multilingue \u00e0 Astagana Mie dan Nasi Gado-Gado Multilingue \u00e0 Astagana Mie dan Nasi Gado-Gado Multilingue \u00e0 Astagana Mie dan Nasi Gado-Gado Multilingue \u00e0 Astagana Mie dan Nasi Gado-Gado Multilingue \u00e0 Astagana Mie dan Nasi Previous slide Next slide Le plaisir de combiner les langues \u00e0 Astaganaga ! Surabaya ne manque &hellip; <\/p>\n<p class=\"link-more\"><a href=\"https:\/\/www.ifi-id.com\/fr\/sponsor-astaganaga-mie-dan-nasi\/\" class=\"more-link\">Continuer la lecture<span class=\"screen-reader-text\"> de &laquo;&nbsp;Sponsor &#8211; Astaganaga Mie dan Nasi&nbsp;&raquo;<\/span><\/a><\/p>\n","protected":false},"author":5,"featured_media":0,"parent":0,"menu_order":0,"comment_status":"closed","ping_status":"closed","template":"","meta":{"footnotes":""},"class_list":["post-52879","page","type-page","status-publish","hentry"],"yoast_head":"<!-- This site is optimized with the Yoast SEO plugin v23.5 - https:\/\/yoast.com\/wordpress\/plugins\/seo\/ -->\n<title>Sponsor - Astaganaga Mie dan Nasi - Institut fran\u00e7ais Indon\u00e9sie<\/title>\n<meta name=\"description\" content=\"Surabaya ne manque jamais d&#039;\u00e9v\u00e9nements passionnants ! Le 6 f\u00e9vrier 2025, il y a eu un \u00e9v\u00e9nement vraiment cool appel\u00e9 \u00ab Gado-Gado Bahasa Dunia \u00bb qui a \u00e9t\u00e9 organis\u00e9 par Wisma Jerman et IFI Surabaya \u00e0 Astaganaga Mie et Nasi, Jalan Manyar Kertoarjo\" \/>\n<meta name=\"robots\" content=\"index, follow, max-snippet:-1, max-image-preview:large, max-video-preview:-1\" \/>\n<link rel=\"canonical\" href=\"https:\/\/www.ifi-id.com\/sponsor-astaganaga-mie-dan-nasi\/\" \/>\n<meta property=\"og:locale\" content=\"fr_FR\" \/>\n<meta property=\"og:type\" content=\"article\" \/>\n<meta property=\"og:title\" content=\"Sponsor - Astaganaga Mie dan Nasi - Institut fran\u00e7ais Indon\u00e9sie\" \/>\n<meta property=\"og:description\" content=\"Surabaya ne manque jamais d&#039;\u00e9v\u00e9nements passionnants ! Le 6 f\u00e9vrier 2025, il y a eu un \u00e9v\u00e9nement vraiment cool appel\u00e9 \u00ab Gado-Gado Bahasa Dunia \u00bb qui a \u00e9t\u00e9 organis\u00e9 par Wisma Jerman et IFI Surabaya \u00e0 Astaganaga Mie et Nasi, Jalan Manyar Kertoarjo\" \/>\n<meta property=\"og:url\" content=\"https:\/\/www.ifi-id.com\/sponsor-astaganaga-mie-dan-nasi\/\" \/>\n<meta property=\"og:site_name\" content=\"Institut fran\u00e7ais Indon\u00e9sie\" \/>\n<meta property=\"article:modified_time\" content=\"2025-03-05T05:45:56+00:00\" \/>\n<meta name=\"twitter:card\" content=\"summary_large_image\" \/>\n<meta name=\"twitter:label1\" content=\"Dur\u00e9e de lecture estim\u00e9e\" \/>\n\t<meta name=\"twitter:data1\" content=\"2 minutes\" \/>\n<script type=\"application\/ld+json\" class=\"yoast-schema-graph\">{\"@context\":\"https:\/\/schema.org\",\"@graph\":[{\"@type\":\"WebPage\",\"@id\":\"https:\/\/www.ifi-id.com\/sponsor-astaganaga-mie-dan-nasi\/\",\"url\":\"https:\/\/www.ifi-id.com\/sponsor-astaganaga-mie-dan-nasi\/\",\"name\":\"Sponsor - Astaganaga Mie dan Nasi - Institut fran\u00e7ais Indon\u00e9sie\",\"isPartOf\":{\"@id\":\"https:\/\/www.ifi-id.com\/#website\"},\"datePublished\":\"2025-03-05T05:45:52+00:00\",\"dateModified\":\"2025-03-05T05:45:56+00:00\",\"description\":\"Surabaya ne manque jamais d'\u00e9v\u00e9nements passionnants ! Le 6 f\u00e9vrier 2025, il y a eu un \u00e9v\u00e9nement vraiment cool appel\u00e9 \u00ab Gado-Gado Bahasa Dunia \u00bb qui a \u00e9t\u00e9 organis\u00e9 par Wisma Jerman et IFI Surabaya \u00e0 Astaganaga Mie et Nasi, Jalan Manyar Kertoarjo\",\"breadcrumb\":{\"@id\":\"https:\/\/www.ifi-id.com\/sponsor-astaganaga-mie-dan-nasi\/#breadcrumb\"},\"inLanguage\":\"fr-FR\",\"potentialAction\":[{\"@type\":\"ReadAction\",\"target\":[\"https:\/\/www.ifi-id.com\/sponsor-astaganaga-mie-dan-nasi\/\"]}]},{\"@type\":\"BreadcrumbList\",\"@id\":\"https:\/\/www.ifi-id.com\/sponsor-astaganaga-mie-dan-nasi\/#breadcrumb\",\"itemListElement\":[{\"@type\":\"ListItem\",\"position\":1,\"name\":\"Home\",\"item\":\"https:\/\/www.ifi-id.com\/\"},{\"@type\":\"ListItem\",\"position\":2,\"name\":\"Sponsor &#8211; Astaganaga Mie dan Nasi\"}]},{\"@type\":\"WebSite\",\"@id\":\"https:\/\/www.ifi-id.com\/#website\",\"url\":\"https:\/\/www.ifi-id.com\/\",\"name\":\"Institut fran\u00e7ais Indon\u00e9sie\",\"description\":\"\",\"publisher\":{\"@id\":\"https:\/\/www.ifi-id.com\/#organization\"},\"potentialAction\":[{\"@type\":\"SearchAction\",\"target\":{\"@type\":\"EntryPoint\",\"urlTemplate\":\"https:\/\/www.ifi-id.com\/?s={search_term_string}\"},\"query-input\":{\"@type\":\"PropertyValueSpecification\",\"valueRequired\":true,\"valueName\":\"search_term_string\"}}],\"inLanguage\":\"fr-FR\"},{\"@type\":\"Organization\",\"@id\":\"https:\/\/www.ifi-id.com\/#organization\",\"name\":\"Institut fran\u00e7ais Indon\u00e9sie\",\"url\":\"https:\/\/www.ifi-id.com\/\",\"logo\":{\"@type\":\"ImageObject\",\"inLanguage\":\"fr-FR\",\"@id\":\"https:\/\/www.ifi-id.com\/#\/schema\/logo\/image\/\",\"url\":\"https:\/\/www.ifi-id.com\/wp-content\/uploads\/2022\/12\/IFI_New_Logo.jpg\",\"contentUrl\":\"https:\/\/www.ifi-id.com\/wp-content\/uploads\/2022\/12\/IFI_New_Logo.jpg\",\"width\":666,\"height\":444,\"caption\":\"Institut fran\u00e7ais Indon\u00e9sie\"},\"image\":{\"@id\":\"https:\/\/www.ifi-id.com\/#\/schema\/logo\/image\/\"}}]}<\/script>\n<!-- \/ Yoast SEO plugin. -->","yoast_head_json":{"title":"Sponsor - Astaganaga Mie dan Nasi - Institut fran\u00e7ais Indon\u00e9sie","description":"Surabaya ne manque jamais d'\u00e9v\u00e9nements passionnants ! Le 6 f\u00e9vrier 2025, il y a eu un \u00e9v\u00e9nement vraiment cool appel\u00e9 \u00ab Gado-Gado Bahasa Dunia \u00bb qui a \u00e9t\u00e9 organis\u00e9 par Wisma Jerman et IFI Surabaya \u00e0 Astaganaga Mie et Nasi, Jalan Manyar Kertoarjo","robots":{"index":"index","follow":"follow","max-snippet":"max-snippet:-1","max-image-preview":"max-image-preview:large","max-video-preview":"max-video-preview:-1"},"canonical":"https:\/\/www.ifi-id.com\/sponsor-astaganaga-mie-dan-nasi\/","og_locale":"fr_FR","og_type":"article","og_title":"Sponsor - Astaganaga Mie dan Nasi - Institut fran\u00e7ais Indon\u00e9sie","og_description":"Surabaya ne manque jamais d'\u00e9v\u00e9nements passionnants ! Le 6 f\u00e9vrier 2025, il y a eu un \u00e9v\u00e9nement vraiment cool appel\u00e9 \u00ab Gado-Gado Bahasa Dunia \u00bb qui a \u00e9t\u00e9 organis\u00e9 par Wisma Jerman et IFI Surabaya \u00e0 Astaganaga Mie et Nasi, Jalan Manyar Kertoarjo","og_url":"https:\/\/www.ifi-id.com\/sponsor-astaganaga-mie-dan-nasi\/","og_site_name":"Institut fran\u00e7ais Indon\u00e9sie","article_modified_time":"2025-03-05T05:45:56+00:00","twitter_card":"summary_large_image","twitter_misc":{"Dur\u00e9e de lecture estim\u00e9e":"2 minutes"},"schema":{"@context":"https:\/\/schema.org","@graph":[{"@type":"WebPage","@id":"https:\/\/www.ifi-id.com\/sponsor-astaganaga-mie-dan-nasi\/","url":"https:\/\/www.ifi-id.com\/sponsor-astaganaga-mie-dan-nasi\/","name":"Sponsor - Astaganaga Mie dan Nasi - Institut fran\u00e7ais Indon\u00e9sie","isPartOf":{"@id":"https:\/\/www.ifi-id.com\/#website"},"datePublished":"2025-03-05T05:45:52+00:00","dateModified":"2025-03-05T05:45:56+00:00","description":"Surabaya ne manque jamais d'\u00e9v\u00e9nements passionnants ! Le 6 f\u00e9vrier 2025, il y a eu un \u00e9v\u00e9nement vraiment cool appel\u00e9 \u00ab Gado-Gado Bahasa Dunia \u00bb qui a \u00e9t\u00e9 organis\u00e9 par Wisma Jerman et IFI Surabaya \u00e0 Astaganaga Mie et Nasi, Jalan Manyar Kertoarjo","breadcrumb":{"@id":"https:\/\/www.ifi-id.com\/sponsor-astaganaga-mie-dan-nasi\/#breadcrumb"},"inLanguage":"fr-FR","potentialAction":[{"@type":"ReadAction","target":["https:\/\/www.ifi-id.com\/sponsor-astaganaga-mie-dan-nasi\/"]}]},{"@type":"BreadcrumbList","@id":"https:\/\/www.ifi-id.com\/sponsor-astaganaga-mie-dan-nasi\/#breadcrumb","itemListElement":[{"@type":"ListItem","position":1,"name":"Home","item":"https:\/\/www.ifi-id.com\/"},{"@type":"ListItem","position":2,"name":"Sponsor &#8211; Astaganaga Mie dan Nasi"}]},{"@type":"WebSite","@id":"https:\/\/www.ifi-id.com\/#website","url":"https:\/\/www.ifi-id.com\/","name":"Institut fran\u00e7ais Indon\u00e9sie","description":"","publisher":{"@id":"https:\/\/www.ifi-id.com\/#organization"},"potentialAction":[{"@type":"SearchAction","target":{"@type":"EntryPoint","urlTemplate":"https:\/\/www.ifi-id.com\/?s={search_term_string}"},"query-input":{"@type":"PropertyValueSpecification","valueRequired":true,"valueName":"search_term_string"}}],"inLanguage":"fr-FR"},{"@type":"Organization","@id":"https:\/\/www.ifi-id.com\/#organization","name":"Institut fran\u00e7ais Indon\u00e9sie","url":"https:\/\/www.ifi-id.com\/","logo":{"@type":"ImageObject","inLanguage":"fr-FR","@id":"https:\/\/www.ifi-id.com\/#\/schema\/logo\/image\/","url":"https:\/\/www.ifi-id.com\/wp-content\/uploads\/2022\/12\/IFI_New_Logo.jpg","contentUrl":"https:\/\/www.ifi-id.com\/wp-content\/uploads\/2022\/12\/IFI_New_Logo.jpg","width":666,"height":444,"caption":"Institut fran\u00e7ais Indon\u00e9sie"},"image":{"@id":"https:\/\/www.ifi-id.com\/#\/schema\/logo\/image\/"}}]}},"post_mailing_queue_ids":[],"_links":{"self":[{"href":"https:\/\/www.ifi-id.com\/fr\/wp-json\/wp\/v2\/pages\/52879"}],"collection":[{"href":"https:\/\/www.ifi-id.com\/fr\/wp-json\/wp\/v2\/pages"}],"about":[{"href":"https:\/\/www.ifi-id.com\/fr\/wp-json\/wp\/v2\/types\/page"}],"author":[{"embeddable":true,"href":"https:\/\/www.ifi-id.com\/fr\/wp-json\/wp\/v2\/users\/5"}],"replies":[{"embeddable":true,"href":"https:\/\/www.ifi-id.com\/fr\/wp-json\/wp\/v2\/comments?post=52879"}],"version-history":[{"count":1,"href":"https:\/\/www.ifi-id.com\/fr\/wp-json\/wp\/v2\/pages\/52879\/revisions"}],"predecessor-version":[{"id":52880,"href":"https:\/\/www.ifi-id.com\/fr\/wp-json\/wp\/v2\/pages\/52879\/revisions\/52880"}],"wp:attachment":[{"href":"https:\/\/www.ifi-id.com\/fr\/wp-json\/wp\/v2\/media?parent=52879"}],"curies":[{"name":"wp","href":"https:\/\/api.w.org\/{rel}","templated":true}]}}