{"id":51167,"date":"2024-12-16T18:20:27","date_gmt":"2024-12-16T11:20:27","guid":{"rendered":"https:\/\/www.ifi-id.com\/cours-de-francais\/cours-en-presentiel\/cours-en-presentiel-enfants-adolescents\/"},"modified":"2026-01-14T19:12:50","modified_gmt":"2026-01-14T12:12:50","slug":"enfants-adolescents","status":"publish","type":"page","link":"https:\/\/www.ifi-id.com\/fr\/cours\/en-presentiel\/enfants-adolescents\/","title":{"rendered":"Cours en pr\u00e9sentiel \u2013 Enfants &#038; Adolescents"},"content":{"rendered":"\t\t<div data-elementor-type=\"wp-page\" data-elementor-id=\"51167\" class=\"elementor elementor-51167 elementor-50535\" data-elementor-post-type=\"page\">\n\t\t\t\t\t\t<section class=\"elementor-section elementor-top-section elementor-element elementor-element-2450b90 elementor-section-boxed elementor-section-height-default elementor-section-height-default\" data-id=\"2450b90\" data-element_type=\"section\">\n\t\t\t\t\t\t<div class=\"elementor-container elementor-column-gap-default\">\n\t\t\t\t\t<div class=\"elementor-column elementor-col-100 elementor-top-column elementor-element elementor-element-840da4f\" data-id=\"840da4f\" data-element_type=\"column\">\n\t\t\t<div class=\"elementor-widget-wrap elementor-element-populated\">\n\t\t\t\t\t\t<div class=\"elementor-element elementor-element-b8c4963 elementor-hidden-mobile elementor-widget elementor-widget-heading\" data-id=\"b8c4963\" data-element_type=\"widget\" data-widget_type=\"heading.default\">\n\t\t\t\t<div class=\"elementor-widget-container\">\n\t\t\t<h2 class=\"elementor-heading-title elementor-size-default\">Cours en pr\u00e9sentiel \u2013 Enfants &amp; Adolescents<\/h2>\t\t<\/div>\n\t\t\t\t<\/div>\n\t\t\t\t\t<\/div>\n\t\t<\/div>\n\t\t\t\t\t<\/div>\n\t\t<\/section>\n\t\t\t\t<section class=\"elementor-section elementor-top-section elementor-element elementor-element-09dff68 elementor-section-boxed elementor-section-height-default elementor-section-height-default\" data-id=\"09dff68\" data-element_type=\"section\">\n\t\t\t\t\t\t<div class=\"elementor-container elementor-column-gap-default\">\n\t\t\t\t\t<div class=\"elementor-column elementor-col-100 elementor-top-column elementor-element elementor-element-c0c8ca7\" data-id=\"c0c8ca7\" data-element_type=\"column\">\n\t\t\t<div class=\"elementor-widget-wrap elementor-element-populated\">\n\t\t\t\t\t\t<div class=\"elementor-element elementor-element-46ab971 elementor-hidden-desktop elementor-hidden-tablet elementor-widget elementor-widget-heading\" data-id=\"46ab971\" data-element_type=\"widget\" data-widget_type=\"heading.default\">\n\t\t\t\t<div class=\"elementor-widget-container\">\n\t\t\t<h1 class=\"elementor-heading-title elementor-size-default\">Cours en pr\u00e9sentiel \u2013 Enfants &amp; Adolescents<\/h1>\t\t<\/div>\n\t\t\t\t<\/div>\n\t\t\t\t\t<\/div>\n\t\t<\/div>\n\t\t\t\t\t<\/div>\n\t\t<\/section>\n\t\t\t\t<section class=\"elementor-section elementor-top-section elementor-element elementor-element-afd3bbf elementor-section-boxed elementor-section-height-default elementor-section-height-default\" data-id=\"afd3bbf\" data-element_type=\"section\">\n\t\t\t\t\t\t<div class=\"elementor-container elementor-column-gap-default\">\n\t\t\t\t\t<div class=\"elementor-column elementor-col-100 elementor-top-column elementor-element elementor-element-a3c1883\" data-id=\"a3c1883\" data-element_type=\"column\">\n\t\t\t<div class=\"elementor-widget-wrap elementor-element-populated\">\n\t\t\t\t\t\t<div class=\"elementor-element elementor-element-c090d59 elementor-widget elementor-widget-text-editor\" data-id=\"c090d59\" data-element_type=\"widget\" data-widget_type=\"text-editor.default\">\n\t\t\t\t<div class=\"elementor-widget-container\">\n\t\t\t\t\t\t\t<p>L\u2019IFI propose des cours de fran\u00e7ais ouverts aux publics \u00e2g\u00e9s de 3 \u00e0 16 ans, disponibles pour diff\u00e9rents niveaux et horaires. Assurez-vous de choisir le lieu de cours le plus proche de votre domicile et v\u00e9rifiez bien les d\u00e9tails de la classe avant de passer \u00e0 l&rsquo;\u00e9tape suivante.<\/p>\n<p>Inscrivez votre enfant d\u00e8s maintenant pour lui de meilleures opportunit\u00e9s d\u2019avenir.<\/p>\n\t\t\t\t\t\t<\/div>\n\t\t\t\t<\/div>\n\t\t\t\t\t<\/div>\n\t\t<\/div>\n\t\t\t\t\t<\/div>\n\t\t<\/section>\n\t\t\t\t<section class=\"elementor-section elementor-top-section elementor-element elementor-element-25eaa8b elementor-section-boxed elementor-section-height-default elementor-section-height-default\" data-id=\"25eaa8b\" data-element_type=\"section\">\n\t\t\t\t\t\t<div class=\"elementor-container elementor-column-gap-default\">\n\t\t\t\t\t<div class=\"elementor-column elementor-col-100 elementor-top-column elementor-element elementor-element-c5be5cb\" data-id=\"c5be5cb\" data-element_type=\"column\">\n\t\t\t<div class=\"elementor-widget-wrap elementor-element-populated\">\n\t\t\t\t\t\t<div class=\"elementor-element elementor-element-d76a706 elementor-widget elementor-widget-shortcode\" data-id=\"d76a706\" data-element_type=\"widget\" data-widget_type=\"shortcode.default\">\n\t\t\t\t<div class=\"elementor-widget-container\">\n\t\t\t\t\t<div class=\"elementor-shortcode\"><div class='kiosque-aec'><div\n data-module='classes'\n data-action='courses-catalog'\n data-param-etablishment-branch-id=''\n data-param-period-id=''\n data-param-classification-id='1|3|9'\n data-param-subject-id='1'\n data-param-class-type-id='29'\n data-param-level-id=''\n data-param-learning-pace=''\n data-param-sidebar=''\n data-param-class-format-id='2'\n data-param-localization=''\n data-param-show-filter-choices=''\n data-param-lang='fr_FR'><\/div><\/div><\/div>\n\t\t\t\t<\/div>\n\t\t\t\t<\/div>\n\t\t\t\t\t<\/div>\n\t\t<\/div>\n\t\t\t\t\t<\/div>\n\t\t<\/section>\n\t\t\t\t<section class=\"elementor-section elementor-top-section elementor-element elementor-element-cd3c3c2 elementor-section-boxed elementor-section-height-default elementor-section-height-default\" data-id=\"cd3c3c2\" data-element_type=\"section\">\n\t\t\t\t\t\t<div class=\"elementor-container elementor-column-gap-default\">\n\t\t\t\t\t<div class=\"elementor-column elementor-col-100 elementor-top-column elementor-element elementor-element-25758ca\" data-id=\"25758ca\" data-element_type=\"column\">\n\t\t\t<div class=\"elementor-widget-wrap elementor-element-populated\">\n\t\t\t\t\t\t<div class=\"elementor-element elementor-element-6191757 elementor-widget elementor-widget-heading\" data-id=\"6191757\" data-element_type=\"widget\" data-widget_type=\"heading.default\">\n\t\t\t\t<div class=\"elementor-widget-container\">\n\t\t\t<h2 class=\"elementor-heading-title elementor-size-default\">Plus d'information<\/h2>\t\t<\/div>\n\t\t\t\t<\/div>\n\t\t\t\t\t<\/div>\n\t\t<\/div>\n\t\t\t\t\t<\/div>\n\t\t<\/section>\n\t\t\t\t<section class=\"elementor-section elementor-top-section elementor-element elementor-element-6e4832f elementor-section-boxed elementor-section-height-default elementor-section-height-default\" data-id=\"6e4832f\" data-element_type=\"section\">\n\t\t\t\t\t\t<div class=\"elementor-container elementor-column-gap-default\">\n\t\t\t\t\t<div class=\"elementor-column elementor-col-100 elementor-top-column elementor-element elementor-element-2d19dbc\" data-id=\"2d19dbc\" data-element_type=\"column\">\n\t\t\t<div class=\"elementor-widget-wrap elementor-element-populated\">\n\t\t\t\t\t\t<div class=\"elementor-element elementor-element-dcb0233 elementor-widget elementor-widget-button\" data-id=\"dcb0233\" data-element_type=\"widget\" data-widget_type=\"button.default\">\n\t\t\t\t<div class=\"elementor-widget-container\">\n\t\t\t\t\t<div class=\"elementor-button-wrapper\">\n\t\t\t<a class=\"elementor-button elementor-button-link elementor-size-sm\" href=\"https:\/\/wa.me\/6282123359911\">\n\t\t\t\t\t\t<span class=\"elementor-button-content-wrapper\">\n\t\t\t\t\t\t<span class=\"elementor-button-icon\">\n\t\t\t\t<i aria-hidden=\"true\" class=\"fab fa-whatsapp\"><\/i>\t\t\t<\/span>\n\t\t\t\t\t\t\t\t\t<span class=\"elementor-button-text\">WhatsApp<\/span>\n\t\t\t\t\t<\/span>\n\t\t\t\t\t<\/a>\n\t\t<\/div>\n\t\t\t\t<\/div>\n\t\t\t\t<\/div>\n\t\t\t\t<div class=\"elementor-element elementor-element-ed16763 elementor-widget elementor-widget-button\" data-id=\"ed16763\" data-element_type=\"widget\" data-widget_type=\"button.default\">\n\t\t\t\t<div class=\"elementor-widget-container\">\n\t\t\t\t\t<div class=\"elementor-button-wrapper\">\n\t\t\t<a class=\"elementor-button elementor-button-link elementor-size-sm\" href=\"mailto:kursus@ifi-id.com\">\n\t\t\t\t\t\t<span class=\"elementor-button-content-wrapper\">\n\t\t\t\t\t\t<span class=\"elementor-button-icon\">\n\t\t\t\t<i aria-hidden=\"true\" class=\"far fa-envelope\"><\/i>\t\t\t<\/span>\n\t\t\t\t\t\t\t\t\t<span class=\"elementor-button-text\">E-mail<\/span>\n\t\t\t\t\t<\/span>\n\t\t\t\t\t<\/a>\n\t\t<\/div>\n\t\t\t\t<\/div>\n\t\t\t\t<\/div>\n\t\t\t\t\t<\/div>\n\t\t<\/div>\n\t\t\t\t\t<\/div>\n\t\t<\/section>\n\t\t\t\t<\/div>\n\t\t","protected":false},"excerpt":{"rendered":"<p>Cours en pr\u00e9sentiel \u2013 Enfants &amp; Adolescents Cours en pr\u00e9sentiel \u2013 Enfants &amp; Adolescents L\u2019IFI propose des cours de fran\u00e7ais ouverts aux publics \u00e2g\u00e9s de 3 \u00e0 16 ans, disponibles pour diff\u00e9rents niveaux et horaires. Assurez-vous de choisir le lieu de cours le plus proche de votre domicile et v\u00e9rifiez bien les d\u00e9tails de la &hellip; <\/p>\n<p class=\"link-more\"><a href=\"https:\/\/www.ifi-id.com\/fr\/cours\/en-presentiel\/enfants-adolescents\/\" class=\"more-link\">Continuer la lecture<span class=\"screen-reader-text\"> de &laquo;&nbsp;Cours en pr\u00e9sentiel \u2013 Enfants &#038; Adolescents&nbsp;&raquo;<\/span><\/a><\/p>\n","protected":false},"author":8,"featured_media":0,"parent":51161,"menu_order":0,"comment_status":"closed","ping_status":"closed","template":"elementor_header_footer","meta":{"footnotes":""},"class_list":["post-51167","page","type-page","status-publish","hentry"],"yoast_head":"<!-- This site is optimized with the Yoast SEO plugin v23.5 - https:\/\/yoast.com\/wordpress\/plugins\/seo\/ -->\n<title>Cours en pr\u00e9sentiel \u2013 Enfants &amp; Adolescents - Institut fran\u00e7ais Indon\u00e9sie<\/title>\n<meta name=\"robots\" content=\"index, follow, max-snippet:-1, max-image-preview:large, max-video-preview:-1\" \/>\n<link rel=\"canonical\" href=\"https:\/\/www.ifi-id.com\/kursus\/tatap-muka\/anak-remaja\/\" \/>\n<meta property=\"og:locale\" content=\"fr_FR\" \/>\n<meta property=\"og:type\" content=\"article\" \/>\n<meta property=\"og:title\" content=\"Cours en pr\u00e9sentiel \u2013 Enfants &amp; Adolescents - Institut fran\u00e7ais Indon\u00e9sie\" \/>\n<meta property=\"og:description\" content=\"Cours en pr\u00e9sentiel \u2013 Enfants &amp; Adolescents Cours en pr\u00e9sentiel \u2013 Enfants &amp; Adolescents L\u2019IFI propose des cours de fran\u00e7ais ouverts aux publics \u00e2g\u00e9s de 3 \u00e0 16 ans, disponibles pour diff\u00e9rents niveaux et horaires. Assurez-vous de choisir le lieu de cours le plus proche de votre domicile et v\u00e9rifiez bien les d\u00e9tails de la &hellip; Continuer la lecture de &laquo;&nbsp;Cours en pr\u00e9sentiel \u2013 Enfants &#038; Adolescents&nbsp;&raquo;\" \/>\n<meta property=\"og:url\" content=\"https:\/\/www.ifi-id.com\/kursus\/tatap-muka\/anak-remaja\/\" \/>\n<meta property=\"og:site_name\" content=\"Institut fran\u00e7ais Indon\u00e9sie\" \/>\n<meta property=\"article:modified_time\" content=\"2026-01-14T12:12:50+00:00\" \/>\n<meta name=\"twitter:card\" content=\"summary_large_image\" \/>\n<script type=\"application\/ld+json\" class=\"yoast-schema-graph\">{\"@context\":\"https:\/\/schema.org\",\"@graph\":[{\"@type\":\"WebPage\",\"@id\":\"https:\/\/www.ifi-id.com\/kursus\/tatap-muka\/anak-remaja\/\",\"url\":\"https:\/\/www.ifi-id.com\/kursus\/tatap-muka\/anak-remaja\/\",\"name\":\"Cours en pr\u00e9sentiel \u2013 Enfants & Adolescents - Institut fran\u00e7ais Indon\u00e9sie\",\"isPartOf\":{\"@id\":\"https:\/\/www.ifi-id.com\/#website\"},\"datePublished\":\"2024-12-16T11:20:27+00:00\",\"dateModified\":\"2026-01-14T12:12:50+00:00\",\"breadcrumb\":{\"@id\":\"https:\/\/www.ifi-id.com\/kursus\/tatap-muka\/anak-remaja\/#breadcrumb\"},\"inLanguage\":\"fr-FR\",\"potentialAction\":[{\"@type\":\"ReadAction\",\"target\":[\"https:\/\/www.ifi-id.com\/kursus\/tatap-muka\/anak-remaja\/\"]}]},{\"@type\":\"BreadcrumbList\",\"@id\":\"https:\/\/www.ifi-id.com\/kursus\/tatap-muka\/anak-remaja\/#breadcrumb\",\"itemListElement\":[{\"@type\":\"ListItem\",\"position\":1,\"name\":\"Home\",\"item\":\"https:\/\/www.ifi-id.com\/\"},{\"@type\":\"ListItem\",\"position\":2,\"name\":\"Cours de fran\u00e7ais\",\"item\":\"https:\/\/www.ifi-id.com\/kursus\/\"},{\"@type\":\"ListItem\",\"position\":3,\"name\":\"Cours en pr\u00e9sentiel\",\"item\":\"https:\/\/www.ifi-id.com\/kursus\/tatap-muka\/\"},{\"@type\":\"ListItem\",\"position\":4,\"name\":\"Cours en pr\u00e9sentiel \u2013 Enfants &#038; Adolescents\"}]},{\"@type\":\"WebSite\",\"@id\":\"https:\/\/www.ifi-id.com\/#website\",\"url\":\"https:\/\/www.ifi-id.com\/\",\"name\":\"Institut fran\u00e7ais Indon\u00e9sie\",\"description\":\"\",\"publisher\":{\"@id\":\"https:\/\/www.ifi-id.com\/#organization\"},\"potentialAction\":[{\"@type\":\"SearchAction\",\"target\":{\"@type\":\"EntryPoint\",\"urlTemplate\":\"https:\/\/www.ifi-id.com\/?s={search_term_string}\"},\"query-input\":{\"@type\":\"PropertyValueSpecification\",\"valueRequired\":true,\"valueName\":\"search_term_string\"}}],\"inLanguage\":\"fr-FR\"},{\"@type\":\"Organization\",\"@id\":\"https:\/\/www.ifi-id.com\/#organization\",\"name\":\"Institut fran\u00e7ais Indon\u00e9sie\",\"url\":\"https:\/\/www.ifi-id.com\/\",\"logo\":{\"@type\":\"ImageObject\",\"inLanguage\":\"fr-FR\",\"@id\":\"https:\/\/www.ifi-id.com\/#\/schema\/logo\/image\/\",\"url\":\"https:\/\/www.ifi-id.com\/wp-content\/uploads\/2022\/12\/IFI_New_Logo.jpg\",\"contentUrl\":\"https:\/\/www.ifi-id.com\/wp-content\/uploads\/2022\/12\/IFI_New_Logo.jpg\",\"width\":666,\"height\":444,\"caption\":\"Institut fran\u00e7ais Indon\u00e9sie\"},\"image\":{\"@id\":\"https:\/\/www.ifi-id.com\/#\/schema\/logo\/image\/\"}}]}<\/script>\n<!-- \/ Yoast SEO plugin. -->","yoast_head_json":{"title":"Cours en pr\u00e9sentiel \u2013 Enfants & Adolescents - Institut fran\u00e7ais Indon\u00e9sie","robots":{"index":"index","follow":"follow","max-snippet":"max-snippet:-1","max-image-preview":"max-image-preview:large","max-video-preview":"max-video-preview:-1"},"canonical":"https:\/\/www.ifi-id.com\/kursus\/tatap-muka\/anak-remaja\/","og_locale":"fr_FR","og_type":"article","og_title":"Cours en pr\u00e9sentiel \u2013 Enfants & Adolescents - Institut fran\u00e7ais Indon\u00e9sie","og_description":"Cours en pr\u00e9sentiel \u2013 Enfants &amp; Adolescents Cours en pr\u00e9sentiel \u2013 Enfants &amp; Adolescents L\u2019IFI propose des cours de fran\u00e7ais ouverts aux publics \u00e2g\u00e9s de 3 \u00e0 16 ans, disponibles pour diff\u00e9rents niveaux et horaires. Assurez-vous de choisir le lieu de cours le plus proche de votre domicile et v\u00e9rifiez bien les d\u00e9tails de la &hellip; Continuer la lecture de &laquo;&nbsp;Cours en pr\u00e9sentiel \u2013 Enfants &#038; Adolescents&nbsp;&raquo;","og_url":"https:\/\/www.ifi-id.com\/kursus\/tatap-muka\/anak-remaja\/","og_site_name":"Institut fran\u00e7ais Indon\u00e9sie","article_modified_time":"2026-01-14T12:12:50+00:00","twitter_card":"summary_large_image","schema":{"@context":"https:\/\/schema.org","@graph":[{"@type":"WebPage","@id":"https:\/\/www.ifi-id.com\/kursus\/tatap-muka\/anak-remaja\/","url":"https:\/\/www.ifi-id.com\/kursus\/tatap-muka\/anak-remaja\/","name":"Cours en pr\u00e9sentiel \u2013 Enfants & Adolescents - Institut fran\u00e7ais Indon\u00e9sie","isPartOf":{"@id":"https:\/\/www.ifi-id.com\/#website"},"datePublished":"2024-12-16T11:20:27+00:00","dateModified":"2026-01-14T12:12:50+00:00","breadcrumb":{"@id":"https:\/\/www.ifi-id.com\/kursus\/tatap-muka\/anak-remaja\/#breadcrumb"},"inLanguage":"fr-FR","potentialAction":[{"@type":"ReadAction","target":["https:\/\/www.ifi-id.com\/kursus\/tatap-muka\/anak-remaja\/"]}]},{"@type":"BreadcrumbList","@id":"https:\/\/www.ifi-id.com\/kursus\/tatap-muka\/anak-remaja\/#breadcrumb","itemListElement":[{"@type":"ListItem","position":1,"name":"Home","item":"https:\/\/www.ifi-id.com\/"},{"@type":"ListItem","position":2,"name":"Cours de fran\u00e7ais","item":"https:\/\/www.ifi-id.com\/kursus\/"},{"@type":"ListItem","position":3,"name":"Cours en pr\u00e9sentiel","item":"https:\/\/www.ifi-id.com\/kursus\/tatap-muka\/"},{"@type":"ListItem","position":4,"name":"Cours en pr\u00e9sentiel \u2013 Enfants &#038; Adolescents"}]},{"@type":"WebSite","@id":"https:\/\/www.ifi-id.com\/#website","url":"https:\/\/www.ifi-id.com\/","name":"Institut fran\u00e7ais Indon\u00e9sie","description":"","publisher":{"@id":"https:\/\/www.ifi-id.com\/#organization"},"potentialAction":[{"@type":"SearchAction","target":{"@type":"EntryPoint","urlTemplate":"https:\/\/www.ifi-id.com\/?s={search_term_string}"},"query-input":{"@type":"PropertyValueSpecification","valueRequired":true,"valueName":"search_term_string"}}],"inLanguage":"fr-FR"},{"@type":"Organization","@id":"https:\/\/www.ifi-id.com\/#organization","name":"Institut fran\u00e7ais Indon\u00e9sie","url":"https:\/\/www.ifi-id.com\/","logo":{"@type":"ImageObject","inLanguage":"fr-FR","@id":"https:\/\/www.ifi-id.com\/#\/schema\/logo\/image\/","url":"https:\/\/www.ifi-id.com\/wp-content\/uploads\/2022\/12\/IFI_New_Logo.jpg","contentUrl":"https:\/\/www.ifi-id.com\/wp-content\/uploads\/2022\/12\/IFI_New_Logo.jpg","width":666,"height":444,"caption":"Institut fran\u00e7ais Indon\u00e9sie"},"image":{"@id":"https:\/\/www.ifi-id.com\/#\/schema\/logo\/image\/"}}]}},"post_mailing_queue_ids":[],"_links":{"self":[{"href":"https:\/\/www.ifi-id.com\/fr\/wp-json\/wp\/v2\/pages\/51167"}],"collection":[{"href":"https:\/\/www.ifi-id.com\/fr\/wp-json\/wp\/v2\/pages"}],"about":[{"href":"https:\/\/www.ifi-id.com\/fr\/wp-json\/wp\/v2\/types\/page"}],"author":[{"embeddable":true,"href":"https:\/\/www.ifi-id.com\/fr\/wp-json\/wp\/v2\/users\/8"}],"replies":[{"embeddable":true,"href":"https:\/\/www.ifi-id.com\/fr\/wp-json\/wp\/v2\/comments?post=51167"}],"version-history":[{"count":8,"href":"https:\/\/www.ifi-id.com\/fr\/wp-json\/wp\/v2\/pages\/51167\/revisions"}],"predecessor-version":[{"id":60436,"href":"https:\/\/www.ifi-id.com\/fr\/wp-json\/wp\/v2\/pages\/51167\/revisions\/60436"}],"up":[{"embeddable":true,"href":"https:\/\/www.ifi-id.com\/fr\/wp-json\/wp\/v2\/pages\/51161"}],"wp:attachment":[{"href":"https:\/\/www.ifi-id.com\/fr\/wp-json\/wp\/v2\/media?parent=51167"}],"curies":[{"name":"wp","href":"https:\/\/api.w.org\/{rel}","templated":true}]}}