{"id":50755,"date":"2024-12-02T17:46:59","date_gmt":"2024-12-02T10:46:59","guid":{"rendered":"https:\/\/www.ifi-id.com\/soleh-fajar-junjunan\/"},"modified":"2024-12-16T18:34:56","modified_gmt":"2024-12-16T11:34:56","slug":"soleh-fajar-junjunan","status":"publish","type":"page","link":"https:\/\/www.ifi-id.com\/fr\/soleh-fajar-junjunan\/","title":{"rendered":"Soleh Fajar Junjunan"},"content":{"rendered":"\t\t<div data-elementor-type=\"wp-page\" data-elementor-id=\"50755\" class=\"elementor elementor-50755 elementor-50714\" data-elementor-post-type=\"page\">\n\t\t\t\t\t\t<section class=\"elementor-section elementor-top-section elementor-element elementor-element-68492e8b elementor-section-boxed elementor-section-height-default elementor-section-height-default\" data-id=\"68492e8b\" data-element_type=\"section\">\n\t\t\t\t\t\t<div class=\"elementor-container elementor-column-gap-default\">\n\t\t\t\t\t<div class=\"elementor-column elementor-col-100 elementor-top-column elementor-element elementor-element-44daeb0d\" data-id=\"44daeb0d\" data-element_type=\"column\">\n\t\t\t<div class=\"elementor-widget-wrap elementor-element-populated\">\n\t\t\t\t\t\t<div class=\"elementor-element elementor-element-22bbc507 elementor-hidden-mobile elementor-widget elementor-widget-heading\" data-id=\"22bbc507\" data-element_type=\"widget\" data-widget_type=\"heading.default\">\n\t\t\t\t<div class=\"elementor-widget-container\">\n\t\t\t<h2 class=\"elementor-heading-title elementor-size-default\">T\u00e9moignage : Soleh Fajar Junjunan<\/h2>\t\t<\/div>\n\t\t\t\t<\/div>\n\t\t\t\t\t<\/div>\n\t\t<\/div>\n\t\t\t\t\t<\/div>\n\t\t<\/section>\n\t\t\t\t<section class=\"elementor-section elementor-top-section elementor-element elementor-element-17e6c9d5 elementor-section-boxed elementor-section-height-default elementor-section-height-default\" data-id=\"17e6c9d5\" data-element_type=\"section\">\n\t\t\t\t\t\t<div class=\"elementor-container elementor-column-gap-default\">\n\t\t\t\t\t<div class=\"elementor-column elementor-col-100 elementor-top-column elementor-element elementor-element-46399af5\" data-id=\"46399af5\" data-element_type=\"column\">\n\t\t\t<div class=\"elementor-widget-wrap elementor-element-populated\">\n\t\t\t\t\t\t<div class=\"elementor-element elementor-element-514bfed elementor-hidden-desktop elementor-hidden-tablet elementor-widget elementor-widget-heading\" data-id=\"514bfed\" data-element_type=\"widget\" data-widget_type=\"heading.default\">\n\t\t\t\t<div class=\"elementor-widget-container\">\n\t\t\t<h1 class=\"elementor-heading-title elementor-size-default\">T\u00e9moignage : Soleh Fajar Junjunan<\/h1>\t\t<\/div>\n\t\t\t\t<\/div>\n\t\t\t\t\t<\/div>\n\t\t<\/div>\n\t\t\t\t\t<\/div>\n\t\t<\/section>\n\t\t\t\t<section class=\"elementor-section elementor-top-section elementor-element elementor-element-04f140b elementor-section-boxed elementor-section-height-default elementor-section-height-default\" data-id=\"04f140b\" data-element_type=\"section\">\n\t\t\t\t\t\t<div class=\"elementor-container elementor-column-gap-default\">\n\t\t\t\t\t<div class=\"elementor-column elementor-col-100 elementor-top-column elementor-element elementor-element-d41b386\" data-id=\"d41b386\" data-element_type=\"column\">\n\t\t\t<div class=\"elementor-widget-wrap elementor-element-populated\">\n\t\t\t\t\t\t<div class=\"elementor-element elementor-element-f26a609 elementor-widget elementor-widget-image\" data-id=\"f26a609\" data-element_type=\"widget\" data-widget_type=\"image.default\">\n\t\t\t\t<div class=\"elementor-widget-container\">\n\t\t\t\t\t\t\t\t\t\t\t\t\t<img fetchpriority=\"high\" decoding=\"async\" width=\"525\" height=\"295\" src=\"https:\/\/www.ifi-id.com\/wp-content\/uploads\/2024\/12\/France-Excellence-S3-1024x576.png\" class=\"attachment-large size-large wp-image-50997\" alt=\"\" srcset=\"https:\/\/www.ifi-id.com\/wp-content\/uploads\/2024\/12\/France-Excellence-S3-1024x576.png 1024w, https:\/\/www.ifi-id.com\/wp-content\/uploads\/2024\/12\/France-Excellence-S3-300x169.png 300w, https:\/\/www.ifi-id.com\/wp-content\/uploads\/2024\/12\/France-Excellence-S3-768x432.png 768w, https:\/\/www.ifi-id.com\/wp-content\/uploads\/2024\/12\/France-Excellence-S3.png 1280w\" sizes=\"100vw\" \/>\t\t\t\t\t\t\t\t\t\t\t\t\t<\/div>\n\t\t\t\t<\/div>\n\t\t\t\t<div class=\"elementor-element elementor-element-b91a393 elementor-widget elementor-widget-text-editor\" data-id=\"b91a393\" data-element_type=\"widget\" data-widget_type=\"text-editor.default\">\n\t\t\t\t<div class=\"elementor-widget-container\">\n\t\t\t\t\t\t\t<p><strong>Qu\u2019avez-vous \u00e9tudi\u00e9 lors de votre th\u00e8se\u00a0?<\/strong><br \/>\nMa th\u00e8se, intitul\u00e9e \u00ab\u00a0Experimental Investigation of Fire Behavior and Fire Suppression by Water-Mist in a Ground Vehicle Engine Compartment\u00a0\u00bb explore des alternatives \u00e0 l\u2019halon pour la protection contre l\u2019incendie. \u00c0 l\u2019aide de tests \u00e0 l\u2019\u00e9chelle-1, j\u2019ai \u00e9tudi\u00e9 l\u2019efficacit\u00e9 du brouillard d\u2019eau pour \u00e9teindre les feux de nappe dans le compartiment moteur d\u2019un v\u00e9hicule militaire, en identifiant les conditions optimales et les additifs pour am\u00e9liorer les performances.<\/p>\n<p><strong>Que faites-vous \u00e0 l\u2019heure actuelle, et comment votre th\u00e8se a-t-elle contribu\u00e9 \u00e0 cela ?<\/strong><strong><br \/>\n<\/strong>Actuellement, mes recherches portent sur les technologies de protection contre les incendies. Les enseignements tir\u00e9s de ma th\u00e8se contribuent aux efforts continus d\u2019optimisation des syst\u00e8mes d\u2019extinction d\u2019incendie, en particulier dans des sc\u00e9narios difficiles tels que les perturbations atmosph\u00e9riques.<\/p>\n<p><strong>Pourquoi avez-vous fait appel \u00e0 France Excellence ?<\/strong><br \/>\nAu-del\u00e0 de son engagement envers l\u2019excellence scientifique, le programme a rationalis\u00e9 les processus administratifs, offrant un avantage suppl\u00e9mentaire. Par exemple, au sujet des frais de scolarit\u00e9, l\u2019administration est plus simple parce que je n\u2019ai pas besoin de faire un transfert pour le payer.<\/p>\n<p><strong>Comment avez-vous trouv\u00e9 votre sujet de th\u00e8se et votre directeur de th\u00e8se ?<\/strong><br \/>\nDans mon cas, mon superviseur a d\u00e9termin\u00e9 mon sujet de recherche et j\u2019ai trouv\u00e9 mon directeur de th\u00e8se par l\u2019interm\u00e9diaire de mon ancien mentor \u00e0 ITB.<\/p>\n<p><strong>Comment avez-vous v\u00e9cu votre exp\u00e9rience en France et au laboratoire ? Qu\u2019est-ce qui vous a le plus marqu\u00e9 ?<\/strong><br \/>\nL\u2019exp\u00e9rience en laboratoire a \u00e9t\u00e9 enrichissante. La collaboration avec l\u2019\u00e9quipe a fourni une atmosph\u00e8re propice \u00e0 la recherche, laissant une impression durable.<\/p>\n<p><strong>Quelle a \u00e9t\u00e9 votre exp\u00e9rience avec France Excellence et comment FE a pu aider votre recherche en elle-m\u00eame ?<\/strong><br \/>\nLe processus de la gestion de la bourse a \u00e9t\u00e9 simplifi\u00e9, \u00e9liminant certains processus administratifs et me permettant de me concentrer pleinement sur ma recherche. Le soutien de l\u2019organisation a am\u00e9lior\u00e9 l\u2019ex\u00e9cution et l\u2019impact de mon \u00e9tude.<\/p>\n<p><strong>Qu\u2019est-ce que France Excellence vous a apport\u00e9 comme comp\u00e9tences techniques ?<\/strong><br \/>\nJ\u2019ai perfectionn\u00e9 mes comp\u00e9tences techniques li\u00e9es aux installations exp\u00e9rimentales, \u00e0 l\u2019analyse des donn\u00e9es et aux techniques d\u2019optimisation. Le soutien re\u00e7u a contribu\u00e9 \u00e0 l\u2019acquisition de solides comp\u00e9tences en recherche sur la protection contre les incendies.<\/p>\n<p><strong>Qu\u2019est-ce que France Excellence vous a apport\u00e9 en termes de soft skills ?<\/strong><br \/>\nJe pense que mes comp\u00e9tences g\u00e9n\u00e9rales, y compris une communication efficace, la gestion de projet et la collaboration avec diverses \u00e9quipes, se sont am\u00e9lior\u00e9es.<\/p>\n<p><strong>Quelles perspectives d\u2019avenir s\u2019offrent \u00e0 vous et comment France Excellence a-t-elle pu y contribuer ?<\/strong><br \/>\nDans mon r\u00f4le actuel de chercheur \u00e0 la BRIN (Badan Riset dan Inovasi Nasional), les connaissances et les comp\u00e9tences acquises gr\u00e2ce \u00e0 cette bourse ont fait progresser ma carri\u00e8re et m\u2019ont positionn\u00e9 pour contribuer de mani\u00e8re significative au d\u00e9veloppement du de ressources humaines au sein de la BRIN.<\/p>\n<p><strong>Comment avez-vous contribu\u00e9 \u00e0 faire progresser la science ?<br \/>\n<\/strong>Mon travail peut contribuer en fournissant des informations sur les technologies d\u2019extinction d\u2019incendie respectueuses de l\u2019environnement, en abordant un aspect essentiel de la survie et de la s\u00e9curit\u00e9 des v\u00e9hicules.<\/p>\n<p><strong>Recommanderiez-vous France Excellence et \u00e0 quel type de candidat exactement ?<br \/>\n<\/strong>Je recommanderai France Excellence aux futurs chercheurs engag\u00e9s \u00e0 repousser les limites de la connaissance scientifique. Pour moi, \u00eatre travailleur et capable de s\u2019adapter \u00e0 des \u00e9quipes diff\u00e9rentes constitue un candidat id\u00e9al.<\/p>\n<p><strong>Votre conclusion<\/strong><br \/>\nJ\u2019exprime ma gratitude \u00e0 France Excellence pour le soutien ind\u00e9fectible dans mon parcours de recherche.<\/p>\n\t\t\t\t\t\t<\/div>\n\t\t\t\t<\/div>\n\t\t\t\t\t<\/div>\n\t\t<\/div>\n\t\t\t\t\t<\/div>\n\t\t<\/section>\n\t\t\t\t<\/div>\n\t\t","protected":false},"excerpt":{"rendered":"<p>T\u00e9moignage : Soleh Fajar Junjunan T\u00e9moignage : Soleh Fajar Junjunan Qu\u2019avez-vous \u00e9tudi\u00e9 lors de votre th\u00e8se\u00a0? Ma th\u00e8se, intitul\u00e9e \u00ab\u00a0Experimental Investigation of Fire Behavior and Fire Suppression by Water-Mist in a Ground Vehicle Engine Compartment\u00a0\u00bb explore des alternatives \u00e0 l\u2019halon pour la protection contre l\u2019incendie. \u00c0 l\u2019aide de tests \u00e0 l\u2019\u00e9chelle-1, j\u2019ai \u00e9tudi\u00e9 l\u2019efficacit\u00e9 du &hellip; <\/p>\n<p class=\"link-more\"><a href=\"https:\/\/www.ifi-id.com\/fr\/soleh-fajar-junjunan\/\" class=\"more-link\">Continuer la lecture<span class=\"screen-reader-text\"> de &laquo;&nbsp;Soleh Fajar Junjunan&nbsp;&raquo;<\/span><\/a><\/p>\n","protected":false},"author":17,"featured_media":0,"parent":0,"menu_order":0,"comment_status":"closed","ping_status":"closed","template":"elementor_header_footer","meta":{"footnotes":""},"class_list":["post-50755","page","type-page","status-publish","hentry"],"yoast_head":"<!-- This site is optimized with the Yoast SEO plugin v23.5 - https:\/\/yoast.com\/wordpress\/plugins\/seo\/ -->\n<title>Soleh Fajar Junjunan - Institut fran\u00e7ais Indon\u00e9sie<\/title>\n<meta name=\"robots\" content=\"index, follow, max-snippet:-1, max-image-preview:large, max-video-preview:-1\" \/>\n<link rel=\"canonical\" href=\"https:\/\/www.ifi-id.com\/soleh-fajar-junjunan\/\" \/>\n<meta property=\"og:locale\" content=\"fr_FR\" \/>\n<meta property=\"og:type\" content=\"article\" \/>\n<meta property=\"og:title\" content=\"Soleh Fajar Junjunan - Institut fran\u00e7ais Indon\u00e9sie\" \/>\n<meta property=\"og:description\" content=\"T\u00e9moignage : Soleh Fajar Junjunan T\u00e9moignage : Soleh Fajar Junjunan Qu\u2019avez-vous \u00e9tudi\u00e9 lors de votre th\u00e8se\u00a0? Ma th\u00e8se, intitul\u00e9e \u00ab\u00a0Experimental Investigation of Fire Behavior and Fire Suppression by Water-Mist in a Ground Vehicle Engine Compartment\u00a0\u00bb explore des alternatives \u00e0 l\u2019halon pour la protection contre l\u2019incendie. \u00c0 l\u2019aide de tests \u00e0 l\u2019\u00e9chelle-1, j\u2019ai \u00e9tudi\u00e9 l\u2019efficacit\u00e9 du &hellip; Continuer la lecture de &laquo;&nbsp;Soleh Fajar Junjunan&nbsp;&raquo;\" \/>\n<meta property=\"og:url\" content=\"https:\/\/www.ifi-id.com\/soleh-fajar-junjunan\/\" \/>\n<meta property=\"og:site_name\" content=\"Institut fran\u00e7ais Indon\u00e9sie\" \/>\n<meta property=\"article:modified_time\" content=\"2024-12-16T11:34:56+00:00\" \/>\n<meta property=\"og:image\" content=\"https:\/\/www.ifi-id.com\/wp-content\/uploads\/2024\/12\/France-Excellence-S3-1024x576.png\" \/>\n<meta name=\"twitter:card\" content=\"summary_large_image\" \/>\n<meta name=\"twitter:label1\" content=\"Dur\u00e9e de lecture estim\u00e9e\" \/>\n\t<meta name=\"twitter:data1\" content=\"3 minutes\" \/>\n<script type=\"application\/ld+json\" class=\"yoast-schema-graph\">{\"@context\":\"https:\/\/schema.org\",\"@graph\":[{\"@type\":\"WebPage\",\"@id\":\"https:\/\/www.ifi-id.com\/soleh-fajar-junjunan\/\",\"url\":\"https:\/\/www.ifi-id.com\/soleh-fajar-junjunan\/\",\"name\":\"Soleh Fajar Junjunan - Institut fran\u00e7ais Indon\u00e9sie\",\"isPartOf\":{\"@id\":\"https:\/\/www.ifi-id.com\/#website\"},\"primaryImageOfPage\":{\"@id\":\"https:\/\/www.ifi-id.com\/soleh-fajar-junjunan\/#primaryimage\"},\"image\":{\"@id\":\"https:\/\/www.ifi-id.com\/soleh-fajar-junjunan\/#primaryimage\"},\"thumbnailUrl\":\"https:\/\/www.ifi-id.com\/wp-content\/uploads\/2024\/12\/France-Excellence-S3-1024x576.png\",\"datePublished\":\"2024-12-02T10:46:59+00:00\",\"dateModified\":\"2024-12-16T11:34:56+00:00\",\"breadcrumb\":{\"@id\":\"https:\/\/www.ifi-id.com\/soleh-fajar-junjunan\/#breadcrumb\"},\"inLanguage\":\"fr-FR\",\"potentialAction\":[{\"@type\":\"ReadAction\",\"target\":[\"https:\/\/www.ifi-id.com\/soleh-fajar-junjunan\/\"]}]},{\"@type\":\"ImageObject\",\"inLanguage\":\"fr-FR\",\"@id\":\"https:\/\/www.ifi-id.com\/soleh-fajar-junjunan\/#primaryimage\",\"url\":\"https:\/\/www.ifi-id.com\/wp-content\/uploads\/2024\/12\/France-Excellence-S3-1024x576.png\",\"contentUrl\":\"https:\/\/www.ifi-id.com\/wp-content\/uploads\/2024\/12\/France-Excellence-S3-1024x576.png\"},{\"@type\":\"BreadcrumbList\",\"@id\":\"https:\/\/www.ifi-id.com\/soleh-fajar-junjunan\/#breadcrumb\",\"itemListElement\":[{\"@type\":\"ListItem\",\"position\":1,\"name\":\"Home\",\"item\":\"https:\/\/www.ifi-id.com\/\"},{\"@type\":\"ListItem\",\"position\":2,\"name\":\"Soleh Fajar Junjunan\"}]},{\"@type\":\"WebSite\",\"@id\":\"https:\/\/www.ifi-id.com\/#website\",\"url\":\"https:\/\/www.ifi-id.com\/\",\"name\":\"Institut fran\u00e7ais Indon\u00e9sie\",\"description\":\"\",\"publisher\":{\"@id\":\"https:\/\/www.ifi-id.com\/#organization\"},\"potentialAction\":[{\"@type\":\"SearchAction\",\"target\":{\"@type\":\"EntryPoint\",\"urlTemplate\":\"https:\/\/www.ifi-id.com\/?s={search_term_string}\"},\"query-input\":{\"@type\":\"PropertyValueSpecification\",\"valueRequired\":true,\"valueName\":\"search_term_string\"}}],\"inLanguage\":\"fr-FR\"},{\"@type\":\"Organization\",\"@id\":\"https:\/\/www.ifi-id.com\/#organization\",\"name\":\"Institut fran\u00e7ais Indon\u00e9sie\",\"url\":\"https:\/\/www.ifi-id.com\/\",\"logo\":{\"@type\":\"ImageObject\",\"inLanguage\":\"fr-FR\",\"@id\":\"https:\/\/www.ifi-id.com\/#\/schema\/logo\/image\/\",\"url\":\"https:\/\/www.ifi-id.com\/wp-content\/uploads\/2022\/12\/IFI_New_Logo.jpg\",\"contentUrl\":\"https:\/\/www.ifi-id.com\/wp-content\/uploads\/2022\/12\/IFI_New_Logo.jpg\",\"width\":666,\"height\":444,\"caption\":\"Institut fran\u00e7ais Indon\u00e9sie\"},\"image\":{\"@id\":\"https:\/\/www.ifi-id.com\/#\/schema\/logo\/image\/\"}}]}<\/script>\n<!-- \/ Yoast SEO plugin. -->","yoast_head_json":{"title":"Soleh Fajar Junjunan - Institut fran\u00e7ais Indon\u00e9sie","robots":{"index":"index","follow":"follow","max-snippet":"max-snippet:-1","max-image-preview":"max-image-preview:large","max-video-preview":"max-video-preview:-1"},"canonical":"https:\/\/www.ifi-id.com\/soleh-fajar-junjunan\/","og_locale":"fr_FR","og_type":"article","og_title":"Soleh Fajar Junjunan - Institut fran\u00e7ais Indon\u00e9sie","og_description":"T\u00e9moignage : Soleh Fajar Junjunan T\u00e9moignage : Soleh Fajar Junjunan Qu\u2019avez-vous \u00e9tudi\u00e9 lors de votre th\u00e8se\u00a0? Ma th\u00e8se, intitul\u00e9e \u00ab\u00a0Experimental Investigation of Fire Behavior and Fire Suppression by Water-Mist in a Ground Vehicle Engine Compartment\u00a0\u00bb explore des alternatives \u00e0 l\u2019halon pour la protection contre l\u2019incendie. \u00c0 l\u2019aide de tests \u00e0 l\u2019\u00e9chelle-1, j\u2019ai \u00e9tudi\u00e9 l\u2019efficacit\u00e9 du &hellip; Continuer la lecture de &laquo;&nbsp;Soleh Fajar Junjunan&nbsp;&raquo;","og_url":"https:\/\/www.ifi-id.com\/soleh-fajar-junjunan\/","og_site_name":"Institut fran\u00e7ais Indon\u00e9sie","article_modified_time":"2024-12-16T11:34:56+00:00","og_image":[{"url":"https:\/\/www.ifi-id.com\/wp-content\/uploads\/2024\/12\/France-Excellence-S3-1024x576.png"}],"twitter_card":"summary_large_image","twitter_misc":{"Dur\u00e9e de lecture estim\u00e9e":"3 minutes"},"schema":{"@context":"https:\/\/schema.org","@graph":[{"@type":"WebPage","@id":"https:\/\/www.ifi-id.com\/soleh-fajar-junjunan\/","url":"https:\/\/www.ifi-id.com\/soleh-fajar-junjunan\/","name":"Soleh Fajar Junjunan - Institut fran\u00e7ais Indon\u00e9sie","isPartOf":{"@id":"https:\/\/www.ifi-id.com\/#website"},"primaryImageOfPage":{"@id":"https:\/\/www.ifi-id.com\/soleh-fajar-junjunan\/#primaryimage"},"image":{"@id":"https:\/\/www.ifi-id.com\/soleh-fajar-junjunan\/#primaryimage"},"thumbnailUrl":"https:\/\/www.ifi-id.com\/wp-content\/uploads\/2024\/12\/France-Excellence-S3-1024x576.png","datePublished":"2024-12-02T10:46:59+00:00","dateModified":"2024-12-16T11:34:56+00:00","breadcrumb":{"@id":"https:\/\/www.ifi-id.com\/soleh-fajar-junjunan\/#breadcrumb"},"inLanguage":"fr-FR","potentialAction":[{"@type":"ReadAction","target":["https:\/\/www.ifi-id.com\/soleh-fajar-junjunan\/"]}]},{"@type":"ImageObject","inLanguage":"fr-FR","@id":"https:\/\/www.ifi-id.com\/soleh-fajar-junjunan\/#primaryimage","url":"https:\/\/www.ifi-id.com\/wp-content\/uploads\/2024\/12\/France-Excellence-S3-1024x576.png","contentUrl":"https:\/\/www.ifi-id.com\/wp-content\/uploads\/2024\/12\/France-Excellence-S3-1024x576.png"},{"@type":"BreadcrumbList","@id":"https:\/\/www.ifi-id.com\/soleh-fajar-junjunan\/#breadcrumb","itemListElement":[{"@type":"ListItem","position":1,"name":"Home","item":"https:\/\/www.ifi-id.com\/"},{"@type":"ListItem","position":2,"name":"Soleh Fajar Junjunan"}]},{"@type":"WebSite","@id":"https:\/\/www.ifi-id.com\/#website","url":"https:\/\/www.ifi-id.com\/","name":"Institut fran\u00e7ais Indon\u00e9sie","description":"","publisher":{"@id":"https:\/\/www.ifi-id.com\/#organization"},"potentialAction":[{"@type":"SearchAction","target":{"@type":"EntryPoint","urlTemplate":"https:\/\/www.ifi-id.com\/?s={search_term_string}"},"query-input":{"@type":"PropertyValueSpecification","valueRequired":true,"valueName":"search_term_string"}}],"inLanguage":"fr-FR"},{"@type":"Organization","@id":"https:\/\/www.ifi-id.com\/#organization","name":"Institut fran\u00e7ais Indon\u00e9sie","url":"https:\/\/www.ifi-id.com\/","logo":{"@type":"ImageObject","inLanguage":"fr-FR","@id":"https:\/\/www.ifi-id.com\/#\/schema\/logo\/image\/","url":"https:\/\/www.ifi-id.com\/wp-content\/uploads\/2022\/12\/IFI_New_Logo.jpg","contentUrl":"https:\/\/www.ifi-id.com\/wp-content\/uploads\/2022\/12\/IFI_New_Logo.jpg","width":666,"height":444,"caption":"Institut fran\u00e7ais Indon\u00e9sie"},"image":{"@id":"https:\/\/www.ifi-id.com\/#\/schema\/logo\/image\/"}}]}},"post_mailing_queue_ids":[],"_links":{"self":[{"href":"https:\/\/www.ifi-id.com\/fr\/wp-json\/wp\/v2\/pages\/50755"}],"collection":[{"href":"https:\/\/www.ifi-id.com\/fr\/wp-json\/wp\/v2\/pages"}],"about":[{"href":"https:\/\/www.ifi-id.com\/fr\/wp-json\/wp\/v2\/types\/page"}],"author":[{"embeddable":true,"href":"https:\/\/www.ifi-id.com\/fr\/wp-json\/wp\/v2\/users\/17"}],"replies":[{"embeddable":true,"href":"https:\/\/www.ifi-id.com\/fr\/wp-json\/wp\/v2\/comments?post=50755"}],"version-history":[{"count":2,"href":"https:\/\/www.ifi-id.com\/fr\/wp-json\/wp\/v2\/pages\/50755\/revisions"}],"predecessor-version":[{"id":51001,"href":"https:\/\/www.ifi-id.com\/fr\/wp-json\/wp\/v2\/pages\/50755\/revisions\/51001"}],"wp:attachment":[{"href":"https:\/\/www.ifi-id.com\/fr\/wp-json\/wp\/v2\/media?parent=50755"}],"curies":[{"name":"wp","href":"https:\/\/api.w.org\/{rel}","templated":true}]}}