{"id":49952,"date":"2024-11-14T15:19:50","date_gmt":"2024-11-14T08:19:50","guid":{"rendered":"https:\/\/www.ifi-id.com\/festival-sinema-prancis-2024\/comment-voir-les-films\/"},"modified":"2024-11-14T15:31:57","modified_gmt":"2024-11-14T08:31:57","slug":"comment-voir-les-films","status":"publish","type":"page","link":"https:\/\/www.ifi-id.com\/fr\/festival-sinema-prancis-2024\/comment-voir-les-films\/","title":{"rendered":"Festival Sinema Prancis 2024 &#8211; Comment voir les films"},"content":{"rendered":"\t\t<div data-elementor-type=\"wp-page\" data-elementor-id=\"49952\" class=\"elementor elementor-49952 elementor-49933\" data-elementor-post-type=\"page\">\n\t\t\t\t\t\t<section class=\"elementor-section elementor-top-section elementor-element elementor-element-47cdfe84 elementor-section-boxed elementor-section-height-default elementor-section-height-default\" data-id=\"47cdfe84\" data-element_type=\"section\">\n\t\t\t\t\t\t<div class=\"elementor-container elementor-column-gap-default\">\n\t\t\t\t\t<div class=\"elementor-column elementor-col-100 elementor-top-column elementor-element elementor-element-5b2a6bc8\" data-id=\"5b2a6bc8\" data-element_type=\"column\">\n\t\t\t<div class=\"elementor-widget-wrap elementor-element-populated\">\n\t\t\t\t\t\t<div class=\"elementor-element elementor-element-31822b03 elementor-hidden-mobile elementor-widget elementor-widget-heading\" data-id=\"31822b03\" data-element_type=\"widget\" data-widget_type=\"heading.default\">\n\t\t\t\t<div class=\"elementor-widget-container\">\n\t\t\t<h2 class=\"elementor-heading-title elementor-size-default\">Festival Sinema Prancis 2024 - Comment voir les films<\/h2>\t\t<\/div>\n\t\t\t\t<\/div>\n\t\t\t\t\t<\/div>\n\t\t<\/div>\n\t\t\t\t\t<\/div>\n\t\t<\/section>\n\t\t\t\t<section class=\"elementor-section elementor-top-section elementor-element elementor-element-bac0a0b elementor-section-boxed elementor-section-height-default elementor-section-height-default\" data-id=\"bac0a0b\" data-element_type=\"section\">\n\t\t\t\t\t\t<div class=\"elementor-container elementor-column-gap-default\">\n\t\t\t\t\t<div class=\"elementor-column elementor-col-100 elementor-top-column elementor-element elementor-element-f328778\" data-id=\"f328778\" data-element_type=\"column\">\n\t\t\t<div class=\"elementor-widget-wrap elementor-element-populated\">\n\t\t\t\t\t\t<div class=\"elementor-element elementor-element-f0abe94 elementor-hidden-desktop elementor-hidden-tablet elementor-widget elementor-widget-heading\" data-id=\"f0abe94\" data-element_type=\"widget\" data-widget_type=\"heading.default\">\n\t\t\t\t<div class=\"elementor-widget-container\">\n\t\t\t<h2 class=\"elementor-heading-title elementor-size-default\">Festival Sinema Prancis 2024 - Comment voir les films<\/h2>\t\t<\/div>\n\t\t\t\t<\/div>\n\t\t\t\t\t<\/div>\n\t\t<\/div>\n\t\t\t\t\t<\/div>\n\t\t<\/section>\n\t\t\t\t<section class=\"elementor-section elementor-top-section elementor-element elementor-element-5daa4ed elementor-section-boxed elementor-section-height-default elementor-section-height-default\" data-id=\"5daa4ed\" data-element_type=\"section\">\n\t\t\t\t\t\t<div class=\"elementor-container elementor-column-gap-default\">\n\t\t\t\t\t<div class=\"elementor-column elementor-col-100 elementor-top-column elementor-element elementor-element-cf8a26a\" data-id=\"cf8a26a\" data-element_type=\"column\">\n\t\t\t<div class=\"elementor-widget-wrap elementor-element-populated\">\n\t\t\t\t\t\t<div class=\"elementor-element elementor-element-42356ba elementor-widget elementor-widget-heading\" data-id=\"42356ba\" data-element_type=\"widget\" data-widget_type=\"heading.default\">\n\t\t\t\t<div class=\"elementor-widget-container\">\n\t\t\t<h3 class=\"elementor-heading-title elementor-size-default\">Comment voir les films en salles<\/h3>\t\t<\/div>\n\t\t\t\t<\/div>\n\t\t\t\t\t<\/div>\n\t\t<\/div>\n\t\t\t\t\t<\/div>\n\t\t<\/section>\n\t\t\t\t<section class=\"elementor-section elementor-top-section elementor-element elementor-element-fafddf1 elementor-section-boxed elementor-section-height-default elementor-section-height-default\" data-id=\"fafddf1\" data-element_type=\"section\">\n\t\t\t\t\t\t<div class=\"elementor-container elementor-column-gap-default\">\n\t\t\t\t\t<div class=\"elementor-column elementor-col-100 elementor-top-column elementor-element elementor-element-4263c97\" data-id=\"4263c97\" data-element_type=\"column\">\n\t\t\t<div class=\"elementor-widget-wrap elementor-element-populated\">\n\t\t\t\t\t\t<div class=\"elementor-element elementor-element-e20b2f4 elementor-widget elementor-widget-text-editor\" data-id=\"e20b2f4\" data-element_type=\"widget\" data-widget_type=\"text-editor.default\">\n\t\t\t\t<div class=\"elementor-widget-container\">\n\t\t\t\t\t\t\t<ul>\n<li>Entr\u00e9e <strong>GRATUITE<\/strong> pour toutes les projections de<br \/>\nfilms<\/li>\n<li>Les billets sont disponibles sur les lieux <strong>1 heure<\/strong><br \/>\navant la projection<\/li>\n<li>Fermeture des portes <strong>15 minutes apr\u00e8s le d\u00e9but<\/strong><br \/>\n<strong>du film<\/strong> ou d\u00e8s que tous les si\u00e8ges sont occup\u00e9s<\/li>\n<li><strong>Toute captation<\/strong> des films, m\u00eame partielle, <strong>est<\/strong><br \/>\n<strong>interdite<\/strong><\/li>\n<li>Veuillez <strong>\u00e9teindre vos t\u00e9l\u00e9phones portables<\/strong> durant<br \/>\nles s\u00e9ances<\/li>\n<\/ul>\n\t\t\t\t\t\t<\/div>\n\t\t\t\t<\/div>\n\t\t\t\t\t<\/div>\n\t\t<\/div>\n\t\t\t\t\t<\/div>\n\t\t<\/section>\n\t\t\t\t<section class=\"elementor-section elementor-top-section elementor-element elementor-element-f5d0aa6 elementor-section-boxed elementor-section-height-default elementor-section-height-default\" data-id=\"f5d0aa6\" data-element_type=\"section\">\n\t\t\t\t\t\t<div class=\"elementor-container elementor-column-gap-default\">\n\t\t\t\t\t<div class=\"elementor-column elementor-col-100 elementor-top-column elementor-element elementor-element-5478ef9\" data-id=\"5478ef9\" data-element_type=\"column\">\n\t\t\t<div class=\"elementor-widget-wrap elementor-element-populated\">\n\t\t\t\t\t\t<div class=\"elementor-element elementor-element-050c014 elementor-widget elementor-widget-heading\" data-id=\"050c014\" data-element_type=\"widget\" data-widget_type=\"heading.default\">\n\t\t\t\t<div class=\"elementor-widget-container\">\n\t\t\t<h3 class=\"elementor-heading-title elementor-size-default\">Comment voir les films en ligne<\/h3>\t\t<\/div>\n\t\t\t\t<\/div>\n\t\t\t\t\t<\/div>\n\t\t<\/div>\n\t\t\t\t\t<\/div>\n\t\t<\/section>\n\t\t\t\t<section class=\"elementor-section elementor-top-section elementor-element elementor-element-4d33044 elementor-section-boxed elementor-section-height-default elementor-section-height-default\" data-id=\"4d33044\" data-element_type=\"section\">\n\t\t\t\t\t\t<div class=\"elementor-container elementor-column-gap-default\">\n\t\t\t\t\t<div class=\"elementor-column elementor-col-25 elementor-top-column elementor-element elementor-element-cfd8b7d\" data-id=\"cfd8b7d\" data-element_type=\"column\">\n\t\t\t<div class=\"elementor-widget-wrap elementor-element-populated\">\n\t\t\t\t\t\t<div class=\"elementor-element elementor-element-a1d8024 elementor-widget elementor-widget-image\" data-id=\"a1d8024\" data-element_type=\"widget\" data-widget_type=\"image.default\">\n\t\t\t\t<div class=\"elementor-widget-container\">\n\t\t\t\t\t\t\t\t\t\t\t\t\t<img fetchpriority=\"high\" decoding=\"async\" width=\"2509\" height=\"5266\" src=\"https:\/\/www.ifi-id.com\/wp-content\/uploads\/2024\/11\/1.png\" class=\"attachment-full size-full wp-image-49938\" alt=\"\" srcset=\"https:\/\/www.ifi-id.com\/wp-content\/uploads\/2024\/11\/1.png 2509w, https:\/\/www.ifi-id.com\/wp-content\/uploads\/2024\/11\/1-143x300.png 143w, https:\/\/www.ifi-id.com\/wp-content\/uploads\/2024\/11\/1-488x1024.png 488w, https:\/\/www.ifi-id.com\/wp-content\/uploads\/2024\/11\/1-768x1612.png 768w, https:\/\/www.ifi-id.com\/wp-content\/uploads\/2024\/11\/1-732x1536.png 732w, https:\/\/www.ifi-id.com\/wp-content\/uploads\/2024\/11\/1-976x2048.png 976w\" sizes=\"100vw\" \/>\t\t\t\t\t\t\t\t\t\t\t\t\t<\/div>\n\t\t\t\t<\/div>\n\t\t\t\t<div class=\"elementor-element elementor-element-9b796de elementor-widget elementor-widget-text-editor\" data-id=\"9b796de\" data-element_type=\"widget\" data-widget_type=\"text-editor.default\">\n\t\t\t\t<div class=\"elementor-widget-container\">\n\t\t\t\t\t\t\t<p>1. Se rendre sur <b>klikfilm.<\/b><b>com <\/b>ou sur l\u2019application mobile <b>KlikFilm<\/b>, cliquer sur un film de la section <b>Festival Sinema <\/b><b>Prancis<\/b>, cliquer sur le bouton de <b>lecture.<\/b><\/p>\n\t\t\t\t\t\t<\/div>\n\t\t\t\t<\/div>\n\t\t\t\t\t<\/div>\n\t\t<\/div>\n\t\t\t\t<div class=\"elementor-column elementor-col-25 elementor-top-column elementor-element elementor-element-331c361\" data-id=\"331c361\" data-element_type=\"column\">\n\t\t\t<div class=\"elementor-widget-wrap elementor-element-populated\">\n\t\t\t\t\t\t<div class=\"elementor-element elementor-element-19af936 elementor-widget elementor-widget-image\" data-id=\"19af936\" data-element_type=\"widget\" data-widget_type=\"image.default\">\n\t\t\t\t<div class=\"elementor-widget-container\">\n\t\t\t\t\t\t\t\t\t\t\t\t\t<img decoding=\"async\" width=\"2509\" height=\"5266\" src=\"https:\/\/www.ifi-id.com\/wp-content\/uploads\/2024\/11\/2-1.png\" class=\"attachment-full size-full wp-image-49940\" alt=\"\" srcset=\"https:\/\/www.ifi-id.com\/wp-content\/uploads\/2024\/11\/2-1.png 2509w, https:\/\/www.ifi-id.com\/wp-content\/uploads\/2024\/11\/2-1-143x300.png 143w, https:\/\/www.ifi-id.com\/wp-content\/uploads\/2024\/11\/2-1-488x1024.png 488w, https:\/\/www.ifi-id.com\/wp-content\/uploads\/2024\/11\/2-1-768x1612.png 768w, https:\/\/www.ifi-id.com\/wp-content\/uploads\/2024\/11\/2-1-732x1536.png 732w, https:\/\/www.ifi-id.com\/wp-content\/uploads\/2024\/11\/2-1-976x2048.png 976w\" sizes=\"100vw\" \/>\t\t\t\t\t\t\t\t\t\t\t\t\t<\/div>\n\t\t\t\t<\/div>\n\t\t\t\t<div class=\"elementor-element elementor-element-d64611f elementor-widget elementor-widget-text-editor\" data-id=\"d64611f\" data-element_type=\"widget\" data-widget_type=\"text-editor.default\">\n\t\t\t\t<div class=\"elementor-widget-container\">\n\t\t\t\t\t\t\t<p>2. Cliquer sur <b>Sign in with <\/b><b>Google <\/b>ou <b>Sign in with <\/b><b>Email <\/b>ou <b>Sign in with <\/b><b>Phone number.<\/b><\/p>\n\t\t\t\t\t\t<\/div>\n\t\t\t\t<\/div>\n\t\t\t\t\t<\/div>\n\t\t<\/div>\n\t\t\t\t<div class=\"elementor-column elementor-col-25 elementor-top-column elementor-element elementor-element-a7264cd\" data-id=\"a7264cd\" data-element_type=\"column\">\n\t\t\t<div class=\"elementor-widget-wrap elementor-element-populated\">\n\t\t\t\t\t\t<div class=\"elementor-element elementor-element-7b4fc81 elementor-widget elementor-widget-image\" data-id=\"7b4fc81\" data-element_type=\"widget\" data-widget_type=\"image.default\">\n\t\t\t\t<div class=\"elementor-widget-container\">\n\t\t\t\t\t\t\t\t\t\t\t\t\t<img decoding=\"async\" width=\"2509\" height=\"5266\" src=\"https:\/\/www.ifi-id.com\/wp-content\/uploads\/2024\/11\/3-1.png\" class=\"attachment-full size-full wp-image-49942\" alt=\"\" srcset=\"https:\/\/www.ifi-id.com\/wp-content\/uploads\/2024\/11\/3-1.png 2509w, https:\/\/www.ifi-id.com\/wp-content\/uploads\/2024\/11\/3-1-143x300.png 143w, https:\/\/www.ifi-id.com\/wp-content\/uploads\/2024\/11\/3-1-488x1024.png 488w, https:\/\/www.ifi-id.com\/wp-content\/uploads\/2024\/11\/3-1-768x1612.png 768w, https:\/\/www.ifi-id.com\/wp-content\/uploads\/2024\/11\/3-1-732x1536.png 732w, https:\/\/www.ifi-id.com\/wp-content\/uploads\/2024\/11\/3-1-976x2048.png 976w\" sizes=\"100vw\" \/>\t\t\t\t\t\t\t\t\t\t\t\t\t<\/div>\n\t\t\t\t<\/div>\n\t\t\t\t<div class=\"elementor-element elementor-element-c1a7ec3 elementor-widget elementor-widget-text-editor\" data-id=\"c1a7ec3\" data-element_type=\"widget\" data-widget_type=\"text-editor.default\">\n\t\t\t\t<div class=\"elementor-widget-container\">\n\t\t\t\t\t\t\t<p>3. Dans le menu, cliquer sur <b>Redeem Voucher<\/b><\/p>\n\t\t\t\t\t\t<\/div>\n\t\t\t\t<\/div>\n\t\t\t\t\t<\/div>\n\t\t<\/div>\n\t\t\t\t<div class=\"elementor-column elementor-col-25 elementor-top-column elementor-element elementor-element-068cf57\" data-id=\"068cf57\" data-element_type=\"column\">\n\t\t\t<div class=\"elementor-widget-wrap elementor-element-populated\">\n\t\t\t\t\t\t<div class=\"elementor-element elementor-element-71f8db6 elementor-widget elementor-widget-image\" data-id=\"71f8db6\" data-element_type=\"widget\" data-widget_type=\"image.default\">\n\t\t\t\t<div class=\"elementor-widget-container\">\n\t\t\t\t\t\t\t\t\t\t\t\t\t<img loading=\"lazy\" decoding=\"async\" width=\"2509\" height=\"5266\" src=\"https:\/\/www.ifi-id.com\/wp-content\/uploads\/2024\/11\/4-1.png\" class=\"attachment-full size-full wp-image-49944\" alt=\"\" srcset=\"https:\/\/www.ifi-id.com\/wp-content\/uploads\/2024\/11\/4-1.png 2509w, https:\/\/www.ifi-id.com\/wp-content\/uploads\/2024\/11\/4-1-143x300.png 143w, https:\/\/www.ifi-id.com\/wp-content\/uploads\/2024\/11\/4-1-488x1024.png 488w, https:\/\/www.ifi-id.com\/wp-content\/uploads\/2024\/11\/4-1-768x1612.png 768w, https:\/\/www.ifi-id.com\/wp-content\/uploads\/2024\/11\/4-1-732x1536.png 732w, https:\/\/www.ifi-id.com\/wp-content\/uploads\/2024\/11\/4-1-976x2048.png 976w\" sizes=\"100vw\" \/>\t\t\t\t\t\t\t\t\t\t\t\t\t<\/div>\n\t\t\t\t<\/div>\n\t\t\t\t<div class=\"elementor-element elementor-element-afac0fb elementor-widget elementor-widget-text-editor\" data-id=\"afac0fb\" data-element_type=\"widget\" data-widget_type=\"text-editor.default\">\n\t\t\t\t<div class=\"elementor-widget-container\">\n\t\t\t\t\t\t\t<p>4. Ins\u00e9rer le code promotionnel\u00a0<strong>festivalsinemaprancis2024.<\/strong><\/p>\n\t\t\t\t\t\t<\/div>\n\t\t\t\t<\/div>\n\t\t\t\t\t<\/div>\n\t\t<\/div>\n\t\t\t\t\t<\/div>\n\t\t<\/section>\n\t\t\t\t<\/div>\n\t\t","protected":false},"excerpt":{"rendered":"<p>Festival Sinema Prancis 2024 &#8211; Comment voir les films Festival Sinema Prancis 2024 &#8211; Comment voir les films Comment voir les films en salles Entr\u00e9e GRATUITE pour toutes les projections de films Les billets sont disponibles sur les lieux 1 heure avant la projection Fermeture des portes 15 minutes apr\u00e8s le d\u00e9but du film ou &hellip; <\/p>\n<p class=\"link-more\"><a href=\"https:\/\/www.ifi-id.com\/fr\/festival-sinema-prancis-2024\/comment-voir-les-films\/\" class=\"more-link\">Continuer la lecture<span class=\"screen-reader-text\"> de &laquo;&nbsp;Festival Sinema Prancis 2024 &#8211; Comment voir les films&nbsp;&raquo;<\/span><\/a><\/p>\n","protected":false},"author":8,"featured_media":0,"parent":49054,"menu_order":0,"comment_status":"closed","ping_status":"closed","template":"elementor_header_footer","meta":{"footnotes":""},"class_list":["post-49952","page","type-page","status-publish","hentry"],"yoast_head":"<!-- This site is optimized with the Yoast SEO plugin v23.5 - https:\/\/yoast.com\/wordpress\/plugins\/seo\/ -->\n<title>Festival Sinema Prancis 2024 - Comment voir les films - Institut fran\u00e7ais Indon\u00e9sie<\/title>\n<meta name=\"robots\" content=\"index, follow, max-snippet:-1, max-image-preview:large, max-video-preview:-1\" \/>\n<link rel=\"canonical\" href=\"https:\/\/www.ifi-id.com\/festival-sinema-prancis-2024\/cara-menonton\/\" \/>\n<meta property=\"og:locale\" content=\"fr_FR\" \/>\n<meta property=\"og:type\" content=\"article\" \/>\n<meta property=\"og:title\" content=\"Festival Sinema Prancis 2024 - Comment voir les films - Institut fran\u00e7ais Indon\u00e9sie\" \/>\n<meta property=\"og:description\" content=\"Festival Sinema Prancis 2024 &#8211; Comment voir les films Festival Sinema Prancis 2024 &#8211; Comment voir les films Comment voir les films en salles Entr\u00e9e GRATUITE pour toutes les projections de films Les billets sont disponibles sur les lieux 1 heure avant la projection Fermeture des portes 15 minutes apr\u00e8s le d\u00e9but du film ou &hellip; Continuer la lecture de &laquo;&nbsp;Festival Sinema Prancis 2024 &#8211; Comment voir les films&nbsp;&raquo;\" \/>\n<meta property=\"og:url\" content=\"https:\/\/www.ifi-id.com\/festival-sinema-prancis-2024\/cara-menonton\/\" \/>\n<meta property=\"og:site_name\" content=\"Institut fran\u00e7ais Indon\u00e9sie\" \/>\n<meta property=\"article:modified_time\" content=\"2024-11-14T08:31:57+00:00\" \/>\n<meta property=\"og:image\" content=\"https:\/\/www.ifi-id.com\/wp-content\/uploads\/2024\/11\/1.png\" \/>\n<meta name=\"twitter:card\" content=\"summary_large_image\" \/>\n<meta name=\"twitter:label1\" content=\"Dur\u00e9e de lecture estim\u00e9e\" \/>\n\t<meta name=\"twitter:data1\" content=\"1 minute\" \/>\n<script type=\"application\/ld+json\" class=\"yoast-schema-graph\">{\"@context\":\"https:\/\/schema.org\",\"@graph\":[{\"@type\":\"WebPage\",\"@id\":\"https:\/\/www.ifi-id.com\/festival-sinema-prancis-2024\/cara-menonton\/\",\"url\":\"https:\/\/www.ifi-id.com\/festival-sinema-prancis-2024\/cara-menonton\/\",\"name\":\"Festival Sinema Prancis 2024 - Comment voir les films - Institut fran\u00e7ais Indon\u00e9sie\",\"isPartOf\":{\"@id\":\"https:\/\/www.ifi-id.com\/#website\"},\"primaryImageOfPage\":{\"@id\":\"https:\/\/www.ifi-id.com\/festival-sinema-prancis-2024\/cara-menonton\/#primaryimage\"},\"image\":{\"@id\":\"https:\/\/www.ifi-id.com\/festival-sinema-prancis-2024\/cara-menonton\/#primaryimage\"},\"thumbnailUrl\":\"https:\/\/www.ifi-id.com\/wp-content\/uploads\/2024\/11\/1.png\",\"datePublished\":\"2024-11-14T08:19:50+00:00\",\"dateModified\":\"2024-11-14T08:31:57+00:00\",\"breadcrumb\":{\"@id\":\"https:\/\/www.ifi-id.com\/festival-sinema-prancis-2024\/cara-menonton\/#breadcrumb\"},\"inLanguage\":\"fr-FR\",\"potentialAction\":[{\"@type\":\"ReadAction\",\"target\":[\"https:\/\/www.ifi-id.com\/festival-sinema-prancis-2024\/cara-menonton\/\"]}]},{\"@type\":\"ImageObject\",\"inLanguage\":\"fr-FR\",\"@id\":\"https:\/\/www.ifi-id.com\/festival-sinema-prancis-2024\/cara-menonton\/#primaryimage\",\"url\":\"https:\/\/www.ifi-id.com\/wp-content\/uploads\/2024\/11\/1.png\",\"contentUrl\":\"https:\/\/www.ifi-id.com\/wp-content\/uploads\/2024\/11\/1.png\"},{\"@type\":\"BreadcrumbList\",\"@id\":\"https:\/\/www.ifi-id.com\/festival-sinema-prancis-2024\/cara-menonton\/#breadcrumb\",\"itemListElement\":[{\"@type\":\"ListItem\",\"position\":1,\"name\":\"Home\",\"item\":\"https:\/\/www.ifi-id.com\/\"},{\"@type\":\"ListItem\",\"position\":2,\"name\":\"Festival Sinema Prancis 2024\",\"item\":\"https:\/\/www.ifi-id.com\/festival-sinema-prancis-2024\/\"},{\"@type\":\"ListItem\",\"position\":3,\"name\":\"Festival Sinema Prancis 2024 &#8211; Comment voir les films\"}]},{\"@type\":\"WebSite\",\"@id\":\"https:\/\/www.ifi-id.com\/#website\",\"url\":\"https:\/\/www.ifi-id.com\/\",\"name\":\"Institut fran\u00e7ais Indon\u00e9sie\",\"description\":\"\",\"publisher\":{\"@id\":\"https:\/\/www.ifi-id.com\/#organization\"},\"potentialAction\":[{\"@type\":\"SearchAction\",\"target\":{\"@type\":\"EntryPoint\",\"urlTemplate\":\"https:\/\/www.ifi-id.com\/?s={search_term_string}\"},\"query-input\":{\"@type\":\"PropertyValueSpecification\",\"valueRequired\":true,\"valueName\":\"search_term_string\"}}],\"inLanguage\":\"fr-FR\"},{\"@type\":\"Organization\",\"@id\":\"https:\/\/www.ifi-id.com\/#organization\",\"name\":\"Institut fran\u00e7ais Indon\u00e9sie\",\"url\":\"https:\/\/www.ifi-id.com\/\",\"logo\":{\"@type\":\"ImageObject\",\"inLanguage\":\"fr-FR\",\"@id\":\"https:\/\/www.ifi-id.com\/#\/schema\/logo\/image\/\",\"url\":\"https:\/\/www.ifi-id.com\/wp-content\/uploads\/2022\/12\/IFI_New_Logo.jpg\",\"contentUrl\":\"https:\/\/www.ifi-id.com\/wp-content\/uploads\/2022\/12\/IFI_New_Logo.jpg\",\"width\":666,\"height\":444,\"caption\":\"Institut fran\u00e7ais Indon\u00e9sie\"},\"image\":{\"@id\":\"https:\/\/www.ifi-id.com\/#\/schema\/logo\/image\/\"}}]}<\/script>\n<!-- \/ Yoast SEO plugin. -->","yoast_head_json":{"title":"Festival Sinema Prancis 2024 - Comment voir les films - Institut fran\u00e7ais Indon\u00e9sie","robots":{"index":"index","follow":"follow","max-snippet":"max-snippet:-1","max-image-preview":"max-image-preview:large","max-video-preview":"max-video-preview:-1"},"canonical":"https:\/\/www.ifi-id.com\/festival-sinema-prancis-2024\/cara-menonton\/","og_locale":"fr_FR","og_type":"article","og_title":"Festival Sinema Prancis 2024 - Comment voir les films - Institut fran\u00e7ais Indon\u00e9sie","og_description":"Festival Sinema Prancis 2024 &#8211; Comment voir les films Festival Sinema Prancis 2024 &#8211; Comment voir les films Comment voir les films en salles Entr\u00e9e GRATUITE pour toutes les projections de films Les billets sont disponibles sur les lieux 1 heure avant la projection Fermeture des portes 15 minutes apr\u00e8s le d\u00e9but du film ou &hellip; Continuer la lecture de &laquo;&nbsp;Festival Sinema Prancis 2024 &#8211; Comment voir les films&nbsp;&raquo;","og_url":"https:\/\/www.ifi-id.com\/festival-sinema-prancis-2024\/cara-menonton\/","og_site_name":"Institut fran\u00e7ais Indon\u00e9sie","article_modified_time":"2024-11-14T08:31:57+00:00","og_image":[{"url":"https:\/\/www.ifi-id.com\/wp-content\/uploads\/2024\/11\/1.png"}],"twitter_card":"summary_large_image","twitter_misc":{"Dur\u00e9e de lecture estim\u00e9e":"1 minute"},"schema":{"@context":"https:\/\/schema.org","@graph":[{"@type":"WebPage","@id":"https:\/\/www.ifi-id.com\/festival-sinema-prancis-2024\/cara-menonton\/","url":"https:\/\/www.ifi-id.com\/festival-sinema-prancis-2024\/cara-menonton\/","name":"Festival Sinema Prancis 2024 - Comment voir les films - Institut fran\u00e7ais Indon\u00e9sie","isPartOf":{"@id":"https:\/\/www.ifi-id.com\/#website"},"primaryImageOfPage":{"@id":"https:\/\/www.ifi-id.com\/festival-sinema-prancis-2024\/cara-menonton\/#primaryimage"},"image":{"@id":"https:\/\/www.ifi-id.com\/festival-sinema-prancis-2024\/cara-menonton\/#primaryimage"},"thumbnailUrl":"https:\/\/www.ifi-id.com\/wp-content\/uploads\/2024\/11\/1.png","datePublished":"2024-11-14T08:19:50+00:00","dateModified":"2024-11-14T08:31:57+00:00","breadcrumb":{"@id":"https:\/\/www.ifi-id.com\/festival-sinema-prancis-2024\/cara-menonton\/#breadcrumb"},"inLanguage":"fr-FR","potentialAction":[{"@type":"ReadAction","target":["https:\/\/www.ifi-id.com\/festival-sinema-prancis-2024\/cara-menonton\/"]}]},{"@type":"ImageObject","inLanguage":"fr-FR","@id":"https:\/\/www.ifi-id.com\/festival-sinema-prancis-2024\/cara-menonton\/#primaryimage","url":"https:\/\/www.ifi-id.com\/wp-content\/uploads\/2024\/11\/1.png","contentUrl":"https:\/\/www.ifi-id.com\/wp-content\/uploads\/2024\/11\/1.png"},{"@type":"BreadcrumbList","@id":"https:\/\/www.ifi-id.com\/festival-sinema-prancis-2024\/cara-menonton\/#breadcrumb","itemListElement":[{"@type":"ListItem","position":1,"name":"Home","item":"https:\/\/www.ifi-id.com\/"},{"@type":"ListItem","position":2,"name":"Festival Sinema Prancis 2024","item":"https:\/\/www.ifi-id.com\/festival-sinema-prancis-2024\/"},{"@type":"ListItem","position":3,"name":"Festival Sinema Prancis 2024 &#8211; Comment voir les films"}]},{"@type":"WebSite","@id":"https:\/\/www.ifi-id.com\/#website","url":"https:\/\/www.ifi-id.com\/","name":"Institut fran\u00e7ais Indon\u00e9sie","description":"","publisher":{"@id":"https:\/\/www.ifi-id.com\/#organization"},"potentialAction":[{"@type":"SearchAction","target":{"@type":"EntryPoint","urlTemplate":"https:\/\/www.ifi-id.com\/?s={search_term_string}"},"query-input":{"@type":"PropertyValueSpecification","valueRequired":true,"valueName":"search_term_string"}}],"inLanguage":"fr-FR"},{"@type":"Organization","@id":"https:\/\/www.ifi-id.com\/#organization","name":"Institut fran\u00e7ais Indon\u00e9sie","url":"https:\/\/www.ifi-id.com\/","logo":{"@type":"ImageObject","inLanguage":"fr-FR","@id":"https:\/\/www.ifi-id.com\/#\/schema\/logo\/image\/","url":"https:\/\/www.ifi-id.com\/wp-content\/uploads\/2022\/12\/IFI_New_Logo.jpg","contentUrl":"https:\/\/www.ifi-id.com\/wp-content\/uploads\/2022\/12\/IFI_New_Logo.jpg","width":666,"height":444,"caption":"Institut fran\u00e7ais Indon\u00e9sie"},"image":{"@id":"https:\/\/www.ifi-id.com\/#\/schema\/logo\/image\/"}}]}},"post_mailing_queue_ids":[],"_links":{"self":[{"href":"https:\/\/www.ifi-id.com\/fr\/wp-json\/wp\/v2\/pages\/49952"}],"collection":[{"href":"https:\/\/www.ifi-id.com\/fr\/wp-json\/wp\/v2\/pages"}],"about":[{"href":"https:\/\/www.ifi-id.com\/fr\/wp-json\/wp\/v2\/types\/page"}],"author":[{"embeddable":true,"href":"https:\/\/www.ifi-id.com\/fr\/wp-json\/wp\/v2\/users\/8"}],"replies":[{"embeddable":true,"href":"https:\/\/www.ifi-id.com\/fr\/wp-json\/wp\/v2\/comments?post=49952"}],"version-history":[{"count":3,"href":"https:\/\/www.ifi-id.com\/fr\/wp-json\/wp\/v2\/pages\/49952\/revisions"}],"predecessor-version":[{"id":49961,"href":"https:\/\/www.ifi-id.com\/fr\/wp-json\/wp\/v2\/pages\/49952\/revisions\/49961"}],"up":[{"embeddable":true,"href":"https:\/\/www.ifi-id.com\/fr\/wp-json\/wp\/v2\/pages\/49054"}],"wp:attachment":[{"href":"https:\/\/www.ifi-id.com\/fr\/wp-json\/wp\/v2\/media?parent=49952"}],"curies":[{"name":"wp","href":"https:\/\/api.w.org\/{rel}","templated":true}]}}