{"id":49897,"date":"2024-11-14T11:59:50","date_gmt":"2024-11-14T04:59:50","guid":{"rendered":"https:\/\/www.ifi-id.com\/festival-sinema-prancis-2024\/discussion\/"},"modified":"2024-11-14T14:02:14","modified_gmt":"2024-11-14T07:02:14","slug":"discussion","status":"publish","type":"page","link":"https:\/\/www.ifi-id.com\/fr\/festival-sinema-prancis-2024\/discussion\/","title":{"rendered":"Festival Sinema Prancis 2024 &#8211; Discussion"},"content":{"rendered":"\t\t<div data-elementor-type=\"wp-page\" data-elementor-id=\"49897\" class=\"elementor elementor-49897 elementor-49865\" data-elementor-post-type=\"page\">\n\t\t\t\t\t\t<section class=\"elementor-section elementor-top-section elementor-element elementor-element-21f92bd1 elementor-section-boxed elementor-section-height-default elementor-section-height-default\" data-id=\"21f92bd1\" data-element_type=\"section\">\n\t\t\t\t\t\t<div class=\"elementor-container elementor-column-gap-default\">\n\t\t\t\t\t<div class=\"elementor-column elementor-col-100 elementor-top-column elementor-element elementor-element-255395bf\" data-id=\"255395bf\" data-element_type=\"column\">\n\t\t\t<div class=\"elementor-widget-wrap elementor-element-populated\">\n\t\t\t\t\t\t<div class=\"elementor-element elementor-element-2786759d elementor-hidden-mobile elementor-widget elementor-widget-heading\" data-id=\"2786759d\" data-element_type=\"widget\" data-widget_type=\"heading.default\">\n\t\t\t\t<div class=\"elementor-widget-container\">\n\t\t\t<h2 class=\"elementor-heading-title elementor-size-default\">Festival Sinema Prancis 2024 - Discussion<\/h2>\t\t<\/div>\n\t\t\t\t<\/div>\n\t\t\t\t\t<\/div>\n\t\t<\/div>\n\t\t\t\t\t<\/div>\n\t\t<\/section>\n\t\t\t\t<section class=\"elementor-section elementor-top-section elementor-element elementor-element-123b494 elementor-section-boxed elementor-section-height-default elementor-section-height-default\" data-id=\"123b494\" data-element_type=\"section\">\n\t\t\t\t\t\t<div class=\"elementor-container elementor-column-gap-default\">\n\t\t\t\t\t<div class=\"elementor-column elementor-col-100 elementor-top-column elementor-element elementor-element-3b773ca\" data-id=\"3b773ca\" data-element_type=\"column\">\n\t\t\t<div class=\"elementor-widget-wrap elementor-element-populated\">\n\t\t\t\t\t\t<div class=\"elementor-element elementor-element-16aa00f elementor-hidden-desktop elementor-hidden-tablet elementor-widget elementor-widget-heading\" data-id=\"16aa00f\" data-element_type=\"widget\" data-widget_type=\"heading.default\">\n\t\t\t\t<div class=\"elementor-widget-container\">\n\t\t\t<h2 class=\"elementor-heading-title elementor-size-default\">Festival Sinema Prancis 2024 - Discussion<\/h2>\t\t<\/div>\n\t\t\t\t<\/div>\n\t\t\t\t\t<\/div>\n\t\t<\/div>\n\t\t\t\t\t<\/div>\n\t\t<\/section>\n\t\t\t\t<section class=\"elementor-section elementor-top-section elementor-element elementor-element-56bd845 elementor-section-boxed elementor-section-height-default elementor-section-height-default\" data-id=\"56bd845\" data-element_type=\"section\">\n\t\t\t\t\t\t<div class=\"elementor-container elementor-column-gap-default\">\n\t\t\t\t\t<div class=\"elementor-column elementor-col-100 elementor-top-column elementor-element elementor-element-84dbbfe\" data-id=\"84dbbfe\" data-element_type=\"column\">\n\t\t\t<div class=\"elementor-widget-wrap elementor-element-populated\">\n\t\t\t\t\t\t<div class=\"elementor-element elementor-element-656d868 elementor-tabs-view-horizontal elementor-widget elementor-widget-tabs\" data-id=\"656d868\" data-element_type=\"widget\" data-widget_type=\"tabs.default\">\n\t\t\t\t<div class=\"elementor-widget-container\">\n\t\t\t\t\t<div class=\"elementor-tabs\">\n\t\t\t<div class=\"elementor-tabs-wrapper\" role=\"tablist\" >\n\t\t\t\t\t\t\t\t\t<div id=\"elementor-tab-title-1061\" class=\"elementor-tab-title elementor-tab-desktop-title\" aria-selected=\"true\" data-tab=\"1\" role=\"tab\" tabindex=\"0\" aria-controls=\"elementor-tab-content-1061\" aria-expanded=\"false\">Discussion sur \u00ab Les regards f\u00e9minins au cin\u00e9ma \u00bb avec Hannah Al Rashid<\/div>\n\t\t\t\t\t\t\t\t\t<div id=\"elementor-tab-title-1062\" class=\"elementor-tab-title elementor-tab-desktop-title\" aria-selected=\"false\" data-tab=\"2\" role=\"tab\" tabindex=\"-1\" aria-controls=\"elementor-tab-content-1062\" aria-expanded=\"false\">Discussion \u00ab Centenaire de Claude Sautet \u00bb Avec Asmara Abigail et le Jakarta Cinema Club<\/div>\n\t\t\t\t\t\t\t\t\t<div id=\"elementor-tab-title-1063\" class=\"elementor-tab-title elementor-tab-desktop-title\" aria-selected=\"false\" data-tab=\"3\" role=\"tab\" tabindex=\"-1\" aria-controls=\"elementor-tab-content-1063\" aria-expanded=\"false\">Discussion et Projection \u00ab Pour la France \u00bb Avec Rachid Hami<\/div>\n\t\t\t\t\t\t\t<\/div>\n\t\t\t<div class=\"elementor-tabs-content-wrapper\" role=\"tablist\" aria-orientation=\"vertical\">\n\t\t\t\t\t\t\t\t\t<div class=\"elementor-tab-title elementor-tab-mobile-title\" aria-selected=\"true\" data-tab=\"1\" role=\"tab\" tabindex=\"0\" aria-controls=\"elementor-tab-content-1061\" aria-expanded=\"false\">Discussion sur \u00ab Les regards f\u00e9minins au cin\u00e9ma \u00bb avec Hannah Al Rashid<\/div>\n\t\t\t\t\t<div id=\"elementor-tab-content-1061\" class=\"elementor-tab-content elementor-clearfix\" data-tab=\"1\" role=\"tabpanel\" aria-labelledby=\"elementor-tab-title-1061\" tabindex=\"0\" hidden=\"false\"><p><span style=\"font-weight: 400;\"><img fetchpriority=\"high\" decoding=\"async\" class=\"alignleft wp-image-49873 size-medium\" src=\"https:\/\/www.ifi-id.com\/wp-content\/uploads\/2024\/11\/Hannah-Al-Rashid-300x300.jpg\" alt=\"\" width=\"300\" height=\"300\" srcset=\"https:\/\/www.ifi-id.com\/wp-content\/uploads\/2024\/11\/Hannah-Al-Rashid-300x300.jpg 300w, https:\/\/www.ifi-id.com\/wp-content\/uploads\/2024\/11\/Hannah-Al-Rashid-150x150.jpg 150w, https:\/\/www.ifi-id.com\/wp-content\/uploads\/2024\/11\/Hannah-Al-Rashid-768x768.jpg 768w, https:\/\/www.ifi-id.com\/wp-content\/uploads\/2024\/11\/Hannah-Al-Rashid-100x100.jpg 100w, https:\/\/www.ifi-id.com\/wp-content\/uploads\/2024\/11\/Hannah-Al-Rashid.jpg 831w\" sizes=\"(max-width: 300px) 100vw, 300px\" \/><strong>23 novembre 2024 | 17h00 | IFI Thamrin<\/strong><\/span><\/p>\n<p><span style=\"font-weight: 400;\">Dans le monde du cin\u00e9ma, les concepts de \u00ab Male Gaze \u00bb et de \u00ab Female Gaze \u00bb refl\u00e8tent diff\u00e9rentes fa\u00e7ons de voir les femmes \u00e0 l&rsquo;\u00e9cran. La th\u00e9orie du \u00ab Male Gaze \u00bb de Laura Mulvey d\u00e9crit comment le cin\u00e9ma traditionnel place souvent les femmes comme des objets visuels qui satisfont le regard masculin. \u00c0 l&rsquo;inverse, \u00ab Female Gaze \u00bb pr\u00e9sente une approche qui d\u00e9peint les femmes comme des individus dot\u00e9s d&rsquo;une profondeur et d&rsquo;une complexit\u00e9 \u00e9motionnelles, invitant le public \u00e0 faire preuve d&#8217;empathie.<\/span><\/p>\n<p><span style=\"font-weight: 400;\">Cette ann\u00e9e, Festival Sinema Prancis pr\u00e9sente un programme sp\u00e9cial mettant en lumi\u00e8re les films fran\u00e7ais et francophones de 2023-2024 r\u00e9alis\u00e9s par des femmes. Le programme comprend une discussion sur le point de vue des femmes dans l&rsquo;industrie cin\u00e9matographique, y compris les questions de la sous-repr\u00e9sentation des femmes dans les postes de direction et l&rsquo;existence de deux poids deux mesures dans le jugement professionnel.<\/span><\/p>\n<p><span style=\"font-weight: 400;\">Participez \u00e0 la discussion \u00ab Les regards f\u00e9minins au cin\u00e9ma \u00bb avec Hannah Al Rashid, ambassadrice du Festival Sinema Prancis 2024, et des invit\u00e9s sp\u00e9ciaux, suivie d&rsquo;une projection de Being Maria (2024) de la r\u00e9alisatrice Jessica Palud.<\/span><\/p>\n<\/div>\n\t\t\t\t\t\t\t\t\t<div class=\"elementor-tab-title elementor-tab-mobile-title\" aria-selected=\"false\" data-tab=\"2\" role=\"tab\" tabindex=\"-1\" aria-controls=\"elementor-tab-content-1062\" aria-expanded=\"false\">Discussion \u00ab Centenaire de Claude Sautet \u00bb Avec Asmara Abigail et le Jakarta Cinema Club<\/div>\n\t\t\t\t\t<div id=\"elementor-tab-content-1062\" class=\"elementor-tab-content elementor-clearfix\" data-tab=\"2\" role=\"tabpanel\" aria-labelledby=\"elementor-tab-title-1062\" tabindex=\"0\" hidden=\"hidden\"><p><strong><img decoding=\"async\" class=\"alignleft wp-image-49880 size-medium\" src=\"https:\/\/www.ifi-id.com\/wp-content\/uploads\/2024\/11\/Asmara-Abigail-_-Snake-Height-_-Headshot-_-Color--scaled-e1731558071303-300x300.jpg\" alt=\"\" width=\"300\" height=\"300\" srcset=\"https:\/\/www.ifi-id.com\/wp-content\/uploads\/2024\/11\/Asmara-Abigail-_-Snake-Height-_-Headshot-_-Color--scaled-e1731558071303-300x300.jpg 300w, https:\/\/www.ifi-id.com\/wp-content\/uploads\/2024\/11\/Asmara-Abigail-_-Snake-Height-_-Headshot-_-Color--scaled-e1731558071303-1024x1024.jpg 1024w, https:\/\/www.ifi-id.com\/wp-content\/uploads\/2024\/11\/Asmara-Abigail-_-Snake-Height-_-Headshot-_-Color--scaled-e1731558071303-150x150.jpg 150w, https:\/\/www.ifi-id.com\/wp-content\/uploads\/2024\/11\/Asmara-Abigail-_-Snake-Height-_-Headshot-_-Color--scaled-e1731558071303-768x768.jpg 768w, https:\/\/www.ifi-id.com\/wp-content\/uploads\/2024\/11\/Asmara-Abigail-_-Snake-Height-_-Headshot-_-Color--scaled-e1731558071303-1536x1536.jpg 1536w, https:\/\/www.ifi-id.com\/wp-content\/uploads\/2024\/11\/Asmara-Abigail-_-Snake-Height-_-Headshot-_-Color--scaled-e1731558071303-100x100.jpg 100w, https:\/\/www.ifi-id.com\/wp-content\/uploads\/2024\/11\/Asmara-Abigail-_-Snake-Height-_-Headshot-_-Color--scaled-e1731558071303.jpg 1706w\" sizes=\"(max-width: 300px) 100vw, 300px\" \/>26 novembre | 19h00 | IFI Thamrin<\/strong><\/p><p><span style=\"font-weight: 400;\">\u00c0 l&rsquo;occasion du centenaire de la naissance de Claude Sautet, Festival Sinema Prancis 2024 rend hommage \u00e0 une grande ic\u00f4ne du cin\u00e9ma fran\u00e7ais r\u00e9put\u00e9e pour sa capacit\u00e9 \u00e0 explorer le d\u00e9sir humain et la complexit\u00e9 des relations humaines. La collaboration de Sautet avec Romy Schneider, qu&rsquo;il voyait comme une actrice radieuse et fragile, a donn\u00e9 lieu \u00e0 une performance m\u00e9morable.<\/span><\/p><p><span style=\"font-weight: 400;\">Cette ann\u00e9e, Festival Sinema Prancis pr\u00e9sente un programme r\u00e9trospectif pour remonter le temps et red\u00e9couvrir leurs \u0153uvres intemporelles. Une discussion avec Asmara Abigail et le Jakarta Cinema Club qui \u00e9voqueront l&rsquo;\u0153uvre fantastique de Claude Sautet, en particulier sa collaboration avec Romy Schneider, suivie d&rsquo;une projection de C\u00e9sar et Rosalie (1972).<\/span><\/p><\/div>\n\t\t\t\t\t\t\t\t\t<div class=\"elementor-tab-title elementor-tab-mobile-title\" aria-selected=\"false\" data-tab=\"3\" role=\"tab\" tabindex=\"-1\" aria-controls=\"elementor-tab-content-1063\" aria-expanded=\"false\">Discussion et Projection \u00ab Pour la France \u00bb Avec Rachid Hami<\/div>\n\t\t\t\t\t<div id=\"elementor-tab-content-1063\" class=\"elementor-tab-content elementor-clearfix\" data-tab=\"3\" role=\"tabpanel\" aria-labelledby=\"elementor-tab-title-1063\" tabindex=\"0\" hidden=\"hidden\"><p><strong><img decoding=\"async\" class=\"size-medium wp-image-49875 alignleft\" src=\"https:\/\/www.ifi-id.com\/wp-content\/uploads\/2024\/11\/Rachid-Hami-e1731557766906-300x300.jpg\" alt=\"\" width=\"300\" height=\"300\" srcset=\"https:\/\/www.ifi-id.com\/wp-content\/uploads\/2024\/11\/Rachid-Hami-e1731557766906-300x300.jpg 300w, https:\/\/www.ifi-id.com\/wp-content\/uploads\/2024\/11\/Rachid-Hami-e1731557766906-150x150.jpg 150w, https:\/\/www.ifi-id.com\/wp-content\/uploads\/2024\/11\/Rachid-Hami-e1731557766906-100x100.jpg 100w, https:\/\/www.ifi-id.com\/wp-content\/uploads\/2024\/11\/Rachid-Hami-e1731557766906.jpg 536w\" sizes=\"(max-width: 300px) 100vw, 300px\" \/>Projection \u00ab\u00a0Pour la France\u00a0\u00bb &amp; Discussion<br \/><\/strong><strong>30 novembre | 19h00 | IFI Thamrin<br \/><\/strong><strong>5 Desember | 19h00 | IFI Yogyakarta<\/strong><\/p><p><span style=\"font-weight: 400;\">Le Indonesia-France Film Lab est une initiative collaborative entre l&rsquo;Institut fran\u00e7ais Indon\u00e9sie, le Festival du film asiatique de Jogja-NETPAC (JAFF), l&rsquo;Association des producteurs de films indon\u00e9siens (APROFI) et le minist\u00e8re indon\u00e9sien de la Culture. Le programme, qui se d\u00e9roulera du 1er au 4 d\u00e9cembre 2024 \u00e0 Yogyakarta, vise \u00e0 am\u00e9liorer la qualit\u00e9 des projets de longs m\u00e9trages des jeunes talents indon\u00e9siens en vue de r\u00e9aliser des coproductions internationales.<\/span><\/p><p><span style=\"font-weight: 400;\">Dans le cadre de cet \u00e9v\u00e9nement, l&rsquo;Institut fran\u00e7ais Indon\u00e9sie \u00e0 Yogyakarta projettera Pour la France (2022), la derni\u00e8re \u0153uvre de Rachid Hami, qui r\u00e9unit le cin\u00e9ma fran\u00e7ais et le cin\u00e9ma ta\u00efwanais. Rachid Hami a commenc\u00e9 sa carri\u00e8re en tant qu&rsquo;acteur dans L&rsquo;Esquive (2003) d&rsquo;Abdellatif Kechiche qui a obtenu le C\u00e9sar du meilleur film. Il se tourne ensuite vers la r\u00e9alisation et sort La M\u00e9lodie qui figure dans la s\u00e9lection officielle de la Mostra de Venise 2017.<\/span><\/p><p><span style=\"font-weight: 400;\">En 2022, il revient avec Pour la France, une histoire personnelle sur la mort tragique de son fr\u00e8re suite \u00e0 un bizutage \u00e0 l&rsquo;\u00e9cole militaire. Assistez \u00e0 la projection de Pour la France et participez \u00e0 une discussion avec Rachid Hami, o\u00f9 il \u00e9voquera l&rsquo;histoire personnelle qui se cache derri\u00e8re le film et son parcours cr\u00e9atif.<\/span><\/p><\/div>\n\t\t\t\t\t\t\t<\/div>\n\t\t<\/div>\n\t\t\t\t<\/div>\n\t\t\t\t<\/div>\n\t\t\t\t\t<\/div>\n\t\t<\/div>\n\t\t\t\t\t<\/div>\n\t\t<\/section>\n\t\t\t\t<section class=\"elementor-section elementor-top-section elementor-element elementor-element-d3300fa elementor-section-boxed elementor-section-height-default elementor-section-height-default\" data-id=\"d3300fa\" data-element_type=\"section\">\n\t\t\t\t\t\t<div class=\"elementor-container elementor-column-gap-default\">\n\t\t\t\t\t<div class=\"elementor-column elementor-col-100 elementor-top-column elementor-element elementor-element-0eba481\" data-id=\"0eba481\" data-element_type=\"column\">\n\t\t\t<div class=\"elementor-widget-wrap elementor-element-populated\">\n\t\t\t\t\t\t<div class=\"elementor-element elementor-element-0df8230 elementor-align-center elementor-widget elementor-widget-button\" data-id=\"0df8230\" data-element_type=\"widget\" data-widget_type=\"button.default\">\n\t\t\t\t<div class=\"elementor-widget-container\">\n\t\t\t\t\t<div class=\"elementor-button-wrapper\">\n\t\t\t<a class=\"elementor-button elementor-button-link elementor-size-sm\" href=\"https:\/\/www.ifi-id.com\/fr\/festival-sinema-prancis-2024\/#\/\">\n\t\t\t\t\t\t<span class=\"elementor-button-content-wrapper\">\n\t\t\t\t\t\t<span class=\"elementor-button-icon\">\n\t\t\t\t<i aria-hidden=\"true\" class=\"fas fa-backward\"><\/i>\t\t\t<\/span>\n\t\t\t\t\t\t\t\t\t<span class=\"elementor-button-text\">Retour \u00e0 la page pr\u00e9c\u00e9dente<\/span>\n\t\t\t\t\t<\/span>\n\t\t\t\t\t<\/a>\n\t\t<\/div>\n\t\t\t\t<\/div>\n\t\t\t\t<\/div>\n\t\t\t\t\t<\/div>\n\t\t<\/div>\n\t\t\t\t\t<\/div>\n\t\t<\/section>\n\t\t\t\t<\/div>\n\t\t","protected":false},"excerpt":{"rendered":"<p>Festival Sinema Prancis 2024 &#8211; Discussion Festival Sinema Prancis 2024 &#8211; Discussion Discussion sur \u00ab Les regards f\u00e9minins au cin\u00e9ma \u00bb avec Hannah Al Rashid Discussion \u00ab Centenaire de Claude Sautet \u00bb Avec Asmara Abigail et le Jakarta Cinema Club Discussion et Projection \u00ab Pour la France \u00bb Avec Rachid Hami Discussion sur \u00ab Les &hellip; <\/p>\n<p class=\"link-more\"><a href=\"https:\/\/www.ifi-id.com\/fr\/festival-sinema-prancis-2024\/discussion\/\" class=\"more-link\">Continuer la lecture<span class=\"screen-reader-text\"> de &laquo;&nbsp;Festival Sinema Prancis 2024 &#8211; Discussion&nbsp;&raquo;<\/span><\/a><\/p>\n","protected":false},"author":8,"featured_media":0,"parent":49054,"menu_order":0,"comment_status":"closed","ping_status":"closed","template":"elementor_header_footer","meta":{"footnotes":""},"class_list":["post-49897","page","type-page","status-publish","hentry"],"yoast_head":"<!-- This site is optimized with the Yoast SEO plugin v23.5 - https:\/\/yoast.com\/wordpress\/plugins\/seo\/ -->\n<title>Festival Sinema Prancis 2024 - Discussion - Institut fran\u00e7ais Indon\u00e9sie<\/title>\n<meta name=\"robots\" content=\"index, follow, max-snippet:-1, max-image-preview:large, max-video-preview:-1\" \/>\n<link rel=\"canonical\" href=\"https:\/\/www.ifi-id.com\/festival-sinema-prancis-2024\/diskusi\/\" \/>\n<meta property=\"og:locale\" content=\"fr_FR\" \/>\n<meta property=\"og:type\" content=\"article\" \/>\n<meta property=\"og:title\" content=\"Festival Sinema Prancis 2024 - Discussion - Institut fran\u00e7ais Indon\u00e9sie\" \/>\n<meta property=\"og:description\" content=\"Festival Sinema Prancis 2024 &#8211; Discussion Festival Sinema Prancis 2024 &#8211; Discussion Discussion sur \u00ab Les regards f\u00e9minins au cin\u00e9ma \u00bb avec Hannah Al Rashid Discussion \u00ab Centenaire de Claude Sautet \u00bb Avec Asmara Abigail et le Jakarta Cinema Club Discussion et Projection \u00ab Pour la France \u00bb Avec Rachid Hami Discussion sur \u00ab Les &hellip; Continuer la lecture de &laquo;&nbsp;Festival Sinema Prancis 2024 &#8211; Discussion&nbsp;&raquo;\" \/>\n<meta property=\"og:url\" content=\"https:\/\/www.ifi-id.com\/festival-sinema-prancis-2024\/diskusi\/\" \/>\n<meta property=\"og:site_name\" content=\"Institut fran\u00e7ais Indon\u00e9sie\" \/>\n<meta property=\"article:modified_time\" content=\"2024-11-14T07:02:14+00:00\" \/>\n<meta property=\"og:image\" content=\"https:\/\/www.ifi-id.com\/wp-content\/uploads\/2024\/11\/Hannah-Al-Rashid-300x300.jpg\" \/>\n<meta name=\"twitter:card\" content=\"summary_large_image\" \/>\n<meta name=\"twitter:label1\" content=\"Dur\u00e9e de lecture estim\u00e9e\" \/>\n\t<meta name=\"twitter:data1\" content=\"4 minutes\" \/>\n<script type=\"application\/ld+json\" class=\"yoast-schema-graph\">{\"@context\":\"https:\/\/schema.org\",\"@graph\":[{\"@type\":\"WebPage\",\"@id\":\"https:\/\/www.ifi-id.com\/festival-sinema-prancis-2024\/diskusi\/\",\"url\":\"https:\/\/www.ifi-id.com\/festival-sinema-prancis-2024\/diskusi\/\",\"name\":\"Festival Sinema Prancis 2024 - Discussion - Institut fran\u00e7ais Indon\u00e9sie\",\"isPartOf\":{\"@id\":\"https:\/\/www.ifi-id.com\/#website\"},\"primaryImageOfPage\":{\"@id\":\"https:\/\/www.ifi-id.com\/festival-sinema-prancis-2024\/diskusi\/#primaryimage\"},\"image\":{\"@id\":\"https:\/\/www.ifi-id.com\/festival-sinema-prancis-2024\/diskusi\/#primaryimage\"},\"thumbnailUrl\":\"https:\/\/www.ifi-id.com\/wp-content\/uploads\/2024\/11\/Hannah-Al-Rashid-300x300.jpg\",\"datePublished\":\"2024-11-14T04:59:50+00:00\",\"dateModified\":\"2024-11-14T07:02:14+00:00\",\"breadcrumb\":{\"@id\":\"https:\/\/www.ifi-id.com\/festival-sinema-prancis-2024\/diskusi\/#breadcrumb\"},\"inLanguage\":\"fr-FR\",\"potentialAction\":[{\"@type\":\"ReadAction\",\"target\":[\"https:\/\/www.ifi-id.com\/festival-sinema-prancis-2024\/diskusi\/\"]}]},{\"@type\":\"ImageObject\",\"inLanguage\":\"fr-FR\",\"@id\":\"https:\/\/www.ifi-id.com\/festival-sinema-prancis-2024\/diskusi\/#primaryimage\",\"url\":\"https:\/\/www.ifi-id.com\/wp-content\/uploads\/2024\/11\/Hannah-Al-Rashid-300x300.jpg\",\"contentUrl\":\"https:\/\/www.ifi-id.com\/wp-content\/uploads\/2024\/11\/Hannah-Al-Rashid-300x300.jpg\"},{\"@type\":\"BreadcrumbList\",\"@id\":\"https:\/\/www.ifi-id.com\/festival-sinema-prancis-2024\/diskusi\/#breadcrumb\",\"itemListElement\":[{\"@type\":\"ListItem\",\"position\":1,\"name\":\"Home\",\"item\":\"https:\/\/www.ifi-id.com\/\"},{\"@type\":\"ListItem\",\"position\":2,\"name\":\"Festival Sinema Prancis 2024\",\"item\":\"https:\/\/www.ifi-id.com\/festival-sinema-prancis-2024\/\"},{\"@type\":\"ListItem\",\"position\":3,\"name\":\"Festival Sinema Prancis 2024 &#8211; Discussion\"}]},{\"@type\":\"WebSite\",\"@id\":\"https:\/\/www.ifi-id.com\/#website\",\"url\":\"https:\/\/www.ifi-id.com\/\",\"name\":\"Institut fran\u00e7ais Indon\u00e9sie\",\"description\":\"\",\"publisher\":{\"@id\":\"https:\/\/www.ifi-id.com\/#organization\"},\"potentialAction\":[{\"@type\":\"SearchAction\",\"target\":{\"@type\":\"EntryPoint\",\"urlTemplate\":\"https:\/\/www.ifi-id.com\/?s={search_term_string}\"},\"query-input\":{\"@type\":\"PropertyValueSpecification\",\"valueRequired\":true,\"valueName\":\"search_term_string\"}}],\"inLanguage\":\"fr-FR\"},{\"@type\":\"Organization\",\"@id\":\"https:\/\/www.ifi-id.com\/#organization\",\"name\":\"Institut fran\u00e7ais Indon\u00e9sie\",\"url\":\"https:\/\/www.ifi-id.com\/\",\"logo\":{\"@type\":\"ImageObject\",\"inLanguage\":\"fr-FR\",\"@id\":\"https:\/\/www.ifi-id.com\/#\/schema\/logo\/image\/\",\"url\":\"https:\/\/www.ifi-id.com\/wp-content\/uploads\/2022\/12\/IFI_New_Logo.jpg\",\"contentUrl\":\"https:\/\/www.ifi-id.com\/wp-content\/uploads\/2022\/12\/IFI_New_Logo.jpg\",\"width\":666,\"height\":444,\"caption\":\"Institut fran\u00e7ais Indon\u00e9sie\"},\"image\":{\"@id\":\"https:\/\/www.ifi-id.com\/#\/schema\/logo\/image\/\"}}]}<\/script>\n<!-- \/ Yoast SEO plugin. -->","yoast_head_json":{"title":"Festival Sinema Prancis 2024 - Discussion - Institut fran\u00e7ais Indon\u00e9sie","robots":{"index":"index","follow":"follow","max-snippet":"max-snippet:-1","max-image-preview":"max-image-preview:large","max-video-preview":"max-video-preview:-1"},"canonical":"https:\/\/www.ifi-id.com\/festival-sinema-prancis-2024\/diskusi\/","og_locale":"fr_FR","og_type":"article","og_title":"Festival Sinema Prancis 2024 - Discussion - Institut fran\u00e7ais Indon\u00e9sie","og_description":"Festival Sinema Prancis 2024 &#8211; Discussion Festival Sinema Prancis 2024 &#8211; Discussion Discussion sur \u00ab Les regards f\u00e9minins au cin\u00e9ma \u00bb avec Hannah Al Rashid Discussion \u00ab Centenaire de Claude Sautet \u00bb Avec Asmara Abigail et le Jakarta Cinema Club Discussion et Projection \u00ab Pour la France \u00bb Avec Rachid Hami Discussion sur \u00ab Les &hellip; Continuer la lecture de &laquo;&nbsp;Festival Sinema Prancis 2024 &#8211; Discussion&nbsp;&raquo;","og_url":"https:\/\/www.ifi-id.com\/festival-sinema-prancis-2024\/diskusi\/","og_site_name":"Institut fran\u00e7ais Indon\u00e9sie","article_modified_time":"2024-11-14T07:02:14+00:00","og_image":[{"url":"https:\/\/www.ifi-id.com\/wp-content\/uploads\/2024\/11\/Hannah-Al-Rashid-300x300.jpg"}],"twitter_card":"summary_large_image","twitter_misc":{"Dur\u00e9e de lecture estim\u00e9e":"4 minutes"},"schema":{"@context":"https:\/\/schema.org","@graph":[{"@type":"WebPage","@id":"https:\/\/www.ifi-id.com\/festival-sinema-prancis-2024\/diskusi\/","url":"https:\/\/www.ifi-id.com\/festival-sinema-prancis-2024\/diskusi\/","name":"Festival Sinema Prancis 2024 - Discussion - Institut fran\u00e7ais Indon\u00e9sie","isPartOf":{"@id":"https:\/\/www.ifi-id.com\/#website"},"primaryImageOfPage":{"@id":"https:\/\/www.ifi-id.com\/festival-sinema-prancis-2024\/diskusi\/#primaryimage"},"image":{"@id":"https:\/\/www.ifi-id.com\/festival-sinema-prancis-2024\/diskusi\/#primaryimage"},"thumbnailUrl":"https:\/\/www.ifi-id.com\/wp-content\/uploads\/2024\/11\/Hannah-Al-Rashid-300x300.jpg","datePublished":"2024-11-14T04:59:50+00:00","dateModified":"2024-11-14T07:02:14+00:00","breadcrumb":{"@id":"https:\/\/www.ifi-id.com\/festival-sinema-prancis-2024\/diskusi\/#breadcrumb"},"inLanguage":"fr-FR","potentialAction":[{"@type":"ReadAction","target":["https:\/\/www.ifi-id.com\/festival-sinema-prancis-2024\/diskusi\/"]}]},{"@type":"ImageObject","inLanguage":"fr-FR","@id":"https:\/\/www.ifi-id.com\/festival-sinema-prancis-2024\/diskusi\/#primaryimage","url":"https:\/\/www.ifi-id.com\/wp-content\/uploads\/2024\/11\/Hannah-Al-Rashid-300x300.jpg","contentUrl":"https:\/\/www.ifi-id.com\/wp-content\/uploads\/2024\/11\/Hannah-Al-Rashid-300x300.jpg"},{"@type":"BreadcrumbList","@id":"https:\/\/www.ifi-id.com\/festival-sinema-prancis-2024\/diskusi\/#breadcrumb","itemListElement":[{"@type":"ListItem","position":1,"name":"Home","item":"https:\/\/www.ifi-id.com\/"},{"@type":"ListItem","position":2,"name":"Festival Sinema Prancis 2024","item":"https:\/\/www.ifi-id.com\/festival-sinema-prancis-2024\/"},{"@type":"ListItem","position":3,"name":"Festival Sinema Prancis 2024 &#8211; Discussion"}]},{"@type":"WebSite","@id":"https:\/\/www.ifi-id.com\/#website","url":"https:\/\/www.ifi-id.com\/","name":"Institut fran\u00e7ais Indon\u00e9sie","description":"","publisher":{"@id":"https:\/\/www.ifi-id.com\/#organization"},"potentialAction":[{"@type":"SearchAction","target":{"@type":"EntryPoint","urlTemplate":"https:\/\/www.ifi-id.com\/?s={search_term_string}"},"query-input":{"@type":"PropertyValueSpecification","valueRequired":true,"valueName":"search_term_string"}}],"inLanguage":"fr-FR"},{"@type":"Organization","@id":"https:\/\/www.ifi-id.com\/#organization","name":"Institut fran\u00e7ais Indon\u00e9sie","url":"https:\/\/www.ifi-id.com\/","logo":{"@type":"ImageObject","inLanguage":"fr-FR","@id":"https:\/\/www.ifi-id.com\/#\/schema\/logo\/image\/","url":"https:\/\/www.ifi-id.com\/wp-content\/uploads\/2022\/12\/IFI_New_Logo.jpg","contentUrl":"https:\/\/www.ifi-id.com\/wp-content\/uploads\/2022\/12\/IFI_New_Logo.jpg","width":666,"height":444,"caption":"Institut fran\u00e7ais Indon\u00e9sie"},"image":{"@id":"https:\/\/www.ifi-id.com\/#\/schema\/logo\/image\/"}}]}},"post_mailing_queue_ids":[],"_links":{"self":[{"href":"https:\/\/www.ifi-id.com\/fr\/wp-json\/wp\/v2\/pages\/49897"}],"collection":[{"href":"https:\/\/www.ifi-id.com\/fr\/wp-json\/wp\/v2\/pages"}],"about":[{"href":"https:\/\/www.ifi-id.com\/fr\/wp-json\/wp\/v2\/types\/page"}],"author":[{"embeddable":true,"href":"https:\/\/www.ifi-id.com\/fr\/wp-json\/wp\/v2\/users\/8"}],"replies":[{"embeddable":true,"href":"https:\/\/www.ifi-id.com\/fr\/wp-json\/wp\/v2\/comments?post=49897"}],"version-history":[{"count":14,"href":"https:\/\/www.ifi-id.com\/fr\/wp-json\/wp\/v2\/pages\/49897\/revisions"}],"predecessor-version":[{"id":49932,"href":"https:\/\/www.ifi-id.com\/fr\/wp-json\/wp\/v2\/pages\/49897\/revisions\/49932"}],"up":[{"embeddable":true,"href":"https:\/\/www.ifi-id.com\/fr\/wp-json\/wp\/v2\/pages\/49054"}],"wp:attachment":[{"href":"https:\/\/www.ifi-id.com\/fr\/wp-json\/wp\/v2\/media?parent=49897"}],"curies":[{"name":"wp","href":"https:\/\/api.w.org\/{rel}","templated":true}]}}