{"id":49404,"date":"2024-11-11T15:43:13","date_gmt":"2024-11-11T08:43:13","guid":{"rendered":"https:\/\/www.ifi-id.com\/festival-sinema-prancis-2024\/films\/films-en-ligne\/plus-que-jamais\/"},"modified":"2024-11-15T17:06:57","modified_gmt":"2024-11-15T10:06:57","slug":"plus-que-jamais","status":"publish","type":"page","link":"https:\/\/www.ifi-id.com\/fr\/festival-sinema-prancis-2024\/films\/films-en-ligne\/plus-que-jamais\/","title":{"rendered":"Plus que jamais"},"content":{"rendered":"\t\t<div data-elementor-type=\"wp-page\" data-elementor-id=\"49404\" class=\"elementor elementor-49404 elementor-49398\" data-elementor-post-type=\"page\">\n\t\t\t\t\t\t<section class=\"elementor-section elementor-top-section elementor-element elementor-element-78605e2 elementor-section-boxed elementor-section-height-default elementor-section-height-default\" data-id=\"78605e2\" data-element_type=\"section\">\n\t\t\t\t\t\t<div class=\"elementor-container elementor-column-gap-default\">\n\t\t\t\t\t<div class=\"elementor-column elementor-col-100 elementor-top-column elementor-element elementor-element-739261ef\" data-id=\"739261ef\" data-element_type=\"column\">\n\t\t\t<div class=\"elementor-widget-wrap elementor-element-populated\">\n\t\t\t\t\t\t<div class=\"elementor-element elementor-element-221a7c25 elementor-hidden-phone elementor-widget elementor-widget-heading\" data-id=\"221a7c25\" data-element_type=\"widget\" data-widget_type=\"heading.default\">\n\t\t\t\t<div class=\"elementor-widget-container\">\n\t\t\t<h2 class=\"elementor-heading-title elementor-size-default\">Plus que jamais<\/h2>\t\t<\/div>\n\t\t\t\t<\/div>\n\t\t\t\t\t<\/div>\n\t\t<\/div>\n\t\t\t\t\t<\/div>\n\t\t<\/section>\n\t\t\t\t<section class=\"elementor-section elementor-top-section elementor-element elementor-element-3a5e238d elementor-section-boxed elementor-section-height-default elementor-section-height-default\" data-id=\"3a5e238d\" data-element_type=\"section\">\n\t\t\t\t\t\t<div class=\"elementor-container elementor-column-gap-default\">\n\t\t\t\t\t<div class=\"elementor-column elementor-col-100 elementor-top-column elementor-element elementor-element-21748558\" data-id=\"21748558\" data-element_type=\"column\">\n\t\t\t<div class=\"elementor-widget-wrap elementor-element-populated\">\n\t\t\t\t\t\t<div class=\"elementor-element elementor-element-3f4026a8 elementor-hidden-desktop elementor-hidden-tablet elementor-widget elementor-widget-heading\" data-id=\"3f4026a8\" data-element_type=\"widget\" data-widget_type=\"heading.default\">\n\t\t\t\t<div class=\"elementor-widget-container\">\n\t\t\t<h1 class=\"elementor-heading-title elementor-size-default\">Plus que jamais<\/h1>\t\t<\/div>\n\t\t\t\t<\/div>\n\t\t\t\t\t<\/div>\n\t\t<\/div>\n\t\t\t\t\t<\/div>\n\t\t<\/section>\n\t\t\t\t<section class=\"elementor-section elementor-top-section elementor-element elementor-element-6ed112b7 elementor-section-boxed elementor-section-height-default elementor-section-height-default\" data-id=\"6ed112b7\" data-element_type=\"section\" data-settings=\"{&quot;background_background&quot;:&quot;classic&quot;}\">\n\t\t\t\t\t\t<div class=\"elementor-container elementor-column-gap-default\">\n\t\t\t\t\t<div class=\"elementor-column elementor-col-100 elementor-top-column elementor-element elementor-element-3e222a5d\" data-id=\"3e222a5d\" data-element_type=\"column\">\n\t\t\t<div class=\"elementor-widget-wrap elementor-element-populated\">\n\t\t\t\t\t\t<div class=\"elementor-element elementor-element-2ba8479c elementor-arrows-position-inside elementor-pagination-position-outside elementor-widget elementor-widget-image-carousel\" data-id=\"2ba8479c\" data-element_type=\"widget\" data-settings=\"{&quot;slides_to_show&quot;:&quot;1&quot;,&quot;autoplay_speed&quot;:3000,&quot;navigation&quot;:&quot;both&quot;,&quot;autoplay&quot;:&quot;yes&quot;,&quot;pause_on_hover&quot;:&quot;yes&quot;,&quot;pause_on_interaction&quot;:&quot;yes&quot;,&quot;infinite&quot;:&quot;yes&quot;,&quot;effect&quot;:&quot;slide&quot;,&quot;speed&quot;:500}\" data-widget_type=\"image-carousel.default\">\n\t\t\t\t<div class=\"elementor-widget-container\">\n\t\t\t\t\t<div class=\"elementor-image-carousel-wrapper swiper\" dir=\"ltr\">\n\t\t\t<div class=\"elementor-image-carousel swiper-wrapper swiper-image-stretch\" aria-live=\"off\">\n\t\t\t\t\t\t\t\t<div class=\"swiper-slide\" role=\"group\" aria-roledescription=\"slide\" aria-label=\"1 sur 3\"><figure class=\"swiper-slide-inner\"><img decoding=\"async\" class=\"swiper-slide-image\" src=\"https:\/\/www.ifi-id.com\/wp-content\/uploads\/2024\/11\/FSP24-Still_0014_Plus-que-jamais-1.jpg\" alt=\"FSP24 Still_0014_Plus que jamais 1\" \/><\/figure><\/div><div class=\"swiper-slide\" role=\"group\" aria-roledescription=\"slide\" aria-label=\"2 sur 3\"><figure class=\"swiper-slide-inner\"><img decoding=\"async\" class=\"swiper-slide-image\" src=\"https:\/\/www.ifi-id.com\/wp-content\/uploads\/2024\/11\/FSP24-Still_0013_Plus-que-jamais-2.jpg\" alt=\"FSP24 Still_0013_Plus que jamais 2\" \/><\/figure><\/div><div class=\"swiper-slide\" role=\"group\" aria-roledescription=\"slide\" aria-label=\"3 sur 3\"><figure class=\"swiper-slide-inner\"><img decoding=\"async\" class=\"swiper-slide-image\" src=\"https:\/\/www.ifi-id.com\/wp-content\/uploads\/2024\/11\/FSP24-Still_0012_Plus-que-jamais-3.jpg\" alt=\"FSP24 Still_0012_Plus que jamais 3\" \/><\/figure><\/div>\t\t\t<\/div>\n\t\t\t\t\t\t\t\t\t\t\t\t<div class=\"elementor-swiper-button elementor-swiper-button-prev\" role=\"button\" tabindex=\"0\">\n\t\t\t\t\t\t<i aria-hidden=\"true\" class=\"eicon-chevron-left\"><\/i>\t\t\t\t\t<\/div>\n\t\t\t\t\t<div class=\"elementor-swiper-button elementor-swiper-button-next\" role=\"button\" tabindex=\"0\">\n\t\t\t\t\t\t<i aria-hidden=\"true\" class=\"eicon-chevron-right\"><\/i>\t\t\t\t\t<\/div>\n\t\t\t\t\n\t\t\t\t\t\t\t\t\t<div class=\"swiper-pagination\"><\/div>\n\t\t\t\t\t\t\t\t\t<\/div>\n\t\t\t\t<\/div>\n\t\t\t\t<\/div>\n\t\t\t\t\t<\/div>\n\t\t<\/div>\n\t\t\t\t\t<\/div>\n\t\t<\/section>\n\t\t\t\t<section class=\"elementor-section elementor-top-section elementor-element elementor-element-73b71f7f elementor-section-boxed elementor-section-height-default elementor-section-height-default\" data-id=\"73b71f7f\" data-element_type=\"section\">\n\t\t\t\t\t\t<div class=\"elementor-container elementor-column-gap-default\">\n\t\t\t\t\t<div class=\"elementor-column elementor-col-100 elementor-top-column elementor-element elementor-element-54194b80\" data-id=\"54194b80\" data-element_type=\"column\">\n\t\t\t<div class=\"elementor-widget-wrap elementor-element-populated\">\n\t\t\t\t\t\t<div class=\"elementor-element elementor-element-3e9b446f elementor-widget elementor-widget-text-editor\" data-id=\"3e9b446f\" data-element_type=\"widget\" data-widget_type=\"text-editor.default\">\n\t\t\t\t<div class=\"elementor-widget-container\">\n\t\t\t\t\t\t\t<h4>Emily Atef | 2022 | 123\u2019 | Drame | Fran\u00e7ais avec sous-titres indon\u00e9sien | 17+<br \/>\nVicky Krieps, Gaspard Ulliel, Bjorn Floberg<\/h4>\n<p>H\u00e9l\u00e8ne et Mathieu sont heureux ensemble depuis de nombreuses ann\u00e9es. Le lien qui les unit est profond. Confront\u00e9e \u00e0 une d\u00e9cision existentielle, H\u00e9l\u00e8ne part seule en Norv\u00e8ge pour chercher la paix et \u00e9prouver la force de leur amour.<\/p>\n<p><strong>R\u00e9compenses<br \/>\n<\/strong><span style=\"font-weight: 400;\">Selectionn\u00e9, Official Selection &#8211; Un Certain Regard, 2022 Cannes Film Festival<\/span><strong><br \/>\n<\/strong><\/p>\n\t\t\t\t\t\t<\/div>\n\t\t\t\t<\/div>\n\t\t\t\t\t<\/div>\n\t\t<\/div>\n\t\t\t\t\t<\/div>\n\t\t<\/section>\n\t\t\t\t<section class=\"elementor-section elementor-top-section elementor-element elementor-element-34b22b32 elementor-section-boxed elementor-section-height-default elementor-section-height-default\" data-id=\"34b22b32\" data-element_type=\"section\">\n\t\t\t\t\t\t<div class=\"elementor-container elementor-column-gap-default\">\n\t\t\t\t\t<div class=\"elementor-column elementor-col-100 elementor-top-column elementor-element elementor-element-65c4097c\" data-id=\"65c4097c\" data-element_type=\"column\">\n\t\t\t<div class=\"elementor-widget-wrap elementor-element-populated\">\n\t\t\t\t\t\t<div class=\"elementor-element elementor-element-56932fde elementor-widget elementor-widget-video\" data-id=\"56932fde\" data-element_type=\"widget\" data-settings=\"{&quot;youtube_url&quot;:&quot;https:\\\/\\\/www.youtube.com\\\/watch?v=yOokx3KEmVg&amp;pp=ygUPcGx1cyBxdWUgamFtYWlz&quot;,&quot;video_type&quot;:&quot;youtube&quot;,&quot;controls&quot;:&quot;yes&quot;}\" data-widget_type=\"video.default\">\n\t\t\t\t<div class=\"elementor-widget-container\">\n\t\t\t\t\t<div class=\"elementor-wrapper elementor-open-inline\">\n\t\t\t<div class=\"elementor-video\"><\/div>\t\t<\/div>\n\t\t\t\t<\/div>\n\t\t\t\t<\/div>\n\t\t\t\t\t<\/div>\n\t\t<\/div>\n\t\t\t\t\t<\/div>\n\t\t<\/section>\n\t\t\t\t<section class=\"elementor-section elementor-top-section elementor-element elementor-element-5762e6b9 elementor-section-boxed elementor-section-height-default elementor-section-height-default\" data-id=\"5762e6b9\" data-element_type=\"section\">\n\t\t\t\t\t\t<div class=\"elementor-container elementor-column-gap-default\">\n\t\t\t\t\t<div class=\"elementor-column elementor-col-50 elementor-top-column elementor-element elementor-element-26775e56\" data-id=\"26775e56\" data-element_type=\"column\">\n\t\t\t<div class=\"elementor-widget-wrap elementor-element-populated\">\n\t\t\t\t\t\t<div class=\"elementor-element elementor-element-281a8598 elementor-align-center elementor-widget elementor-widget-button\" data-id=\"281a8598\" data-element_type=\"widget\" data-widget_type=\"button.default\">\n\t\t\t\t<div class=\"elementor-widget-container\">\n\t\t\t\t\t<div class=\"elementor-button-wrapper\">\n\t\t\t<a class=\"elementor-button elementor-button-link elementor-size-sm\" href=\"https:\/\/www.ifi-id.com\/fr\/festival-sinema-prancis-2024\/films\/films-en-ligne\/#\/\">\n\t\t\t\t\t\t<span class=\"elementor-button-content-wrapper\">\n\t\t\t\t\t\t<span class=\"elementor-button-icon\">\n\t\t\t\t<i aria-hidden=\"true\" class=\"fas fa-backward\"><\/i>\t\t\t<\/span>\n\t\t\t\t\t\t\t\t\t<span class=\"elementor-button-text\">Retour \u00e0 la page pr\u00e9c\u00e9dente<\/span>\n\t\t\t\t\t<\/span>\n\t\t\t\t\t<\/a>\n\t\t<\/div>\n\t\t\t\t<\/div>\n\t\t\t\t<\/div>\n\t\t\t\t\t<\/div>\n\t\t<\/div>\n\t\t\t\t<div class=\"elementor-column elementor-col-50 elementor-top-column elementor-element elementor-element-2693139f\" data-id=\"2693139f\" data-element_type=\"column\">\n\t\t\t<div class=\"elementor-widget-wrap elementor-element-populated\">\n\t\t\t\t\t\t<div class=\"elementor-element elementor-element-76d08765 elementor-align-center elementor-widget elementor-widget-button\" data-id=\"76d08765\" data-element_type=\"widget\" data-widget_type=\"button.default\">\n\t\t\t\t<div class=\"elementor-widget-container\">\n\t\t\t\t\t<div class=\"elementor-button-wrapper\">\n\t\t\t<a class=\"elementor-button elementor-button-link elementor-size-sm\" href=\"https:\/\/klikfilm.com\/\" target=\"_blank\">\n\t\t\t\t\t\t<span class=\"elementor-button-content-wrapper\">\n\t\t\t\t\t\t<span class=\"elementor-button-icon\">\n\t\t\t\t<i aria-hidden=\"true\" class=\"fas fa-tv\"><\/i>\t\t\t<\/span>\n\t\t\t\t\t\t\t\t\t<span class=\"elementor-button-text\">Regarder sur KlikFilm<\/span>\n\t\t\t\t\t<\/span>\n\t\t\t\t\t<\/a>\n\t\t<\/div>\n\t\t\t\t<\/div>\n\t\t\t\t<\/div>\n\t\t\t\t\t<\/div>\n\t\t<\/div>\n\t\t\t\t\t<\/div>\n\t\t<\/section>\n\t\t\t\t<\/div>\n\t\t","protected":false},"excerpt":{"rendered":"<p>Plus que jamais Plus que jamais Emily Atef | 2022 | 123\u2019 | Drame | Fran\u00e7ais avec sous-titres indon\u00e9sien | 17+ Vicky Krieps, Gaspard Ulliel, Bjorn Floberg H\u00e9l\u00e8ne et Mathieu sont heureux ensemble depuis de nombreuses ann\u00e9es. Le lien qui les unit est profond. Confront\u00e9e \u00e0 une d\u00e9cision existentielle, H\u00e9l\u00e8ne part seule en Norv\u00e8ge pour &hellip; <\/p>\n<p class=\"link-more\"><a href=\"https:\/\/www.ifi-id.com\/fr\/festival-sinema-prancis-2024\/films\/films-en-ligne\/plus-que-jamais\/\" class=\"more-link\">Continuer la lecture<span class=\"screen-reader-text\"> de &laquo;&nbsp;Plus que jamais&nbsp;&raquo;<\/span><\/a><\/p>\n","protected":false},"author":8,"featured_media":48848,"parent":49245,"menu_order":0,"comment_status":"closed","ping_status":"closed","template":"elementor_header_footer","meta":{"footnotes":""},"class_list":["post-49404","page","type-page","status-publish","has-post-thumbnail","hentry"],"yoast_head":"<!-- This site is optimized with the Yoast SEO plugin v23.5 - https:\/\/yoast.com\/wordpress\/plugins\/seo\/ -->\n<title>Plus que jamais - Institut fran\u00e7ais Indon\u00e9sie<\/title>\n<meta name=\"robots\" content=\"index, follow, max-snippet:-1, max-image-preview:large, max-video-preview:-1\" \/>\n<link rel=\"canonical\" href=\"https:\/\/www.ifi-id.com\/festival-sinema-prancis-2024\/film\/film-daring\/more-than-ever\/\" \/>\n<meta property=\"og:locale\" content=\"fr_FR\" \/>\n<meta property=\"og:type\" content=\"article\" \/>\n<meta property=\"og:title\" content=\"Plus que jamais - Institut fran\u00e7ais Indon\u00e9sie\" \/>\n<meta property=\"og:description\" content=\"Plus que jamais Plus que jamais Emily Atef | 2022 | 123\u2019 | Drame | Fran\u00e7ais avec sous-titres indon\u00e9sien | 17+ Vicky Krieps, Gaspard Ulliel, Bjorn Floberg H\u00e9l\u00e8ne et Mathieu sont heureux ensemble depuis de nombreuses ann\u00e9es. Le lien qui les unit est profond. Confront\u00e9e \u00e0 une d\u00e9cision existentielle, H\u00e9l\u00e8ne part seule en Norv\u00e8ge pour &hellip; Continuer la lecture de &laquo;&nbsp;Plus que jamais&nbsp;&raquo;\" \/>\n<meta property=\"og:url\" content=\"https:\/\/www.ifi-id.com\/festival-sinema-prancis-2024\/film\/film-daring\/more-than-ever\/\" \/>\n<meta property=\"og:site_name\" content=\"Institut fran\u00e7ais Indon\u00e9sie\" \/>\n<meta property=\"article:modified_time\" content=\"2024-11-15T10:06:57+00:00\" \/>\n<meta property=\"og:image\" content=\"https:\/\/www.ifi-id.com\/wp-content\/uploads\/2024\/11\/FSP24-Still_0012_Plus-que-jamais-3.jpg\" \/>\n\t<meta property=\"og:image:width\" content=\"1280\" \/>\n\t<meta property=\"og:image:height\" content=\"720\" \/>\n\t<meta property=\"og:image:type\" content=\"image\/jpeg\" \/>\n<meta name=\"twitter:card\" content=\"summary_large_image\" \/>\n<script type=\"application\/ld+json\" class=\"yoast-schema-graph\">{\"@context\":\"https:\/\/schema.org\",\"@graph\":[{\"@type\":\"WebPage\",\"@id\":\"https:\/\/www.ifi-id.com\/festival-sinema-prancis-2024\/film\/film-daring\/more-than-ever\/\",\"url\":\"https:\/\/www.ifi-id.com\/festival-sinema-prancis-2024\/film\/film-daring\/more-than-ever\/\",\"name\":\"Plus que jamais - Institut fran\u00e7ais Indon\u00e9sie\",\"isPartOf\":{\"@id\":\"https:\/\/www.ifi-id.com\/#website\"},\"primaryImageOfPage\":{\"@id\":\"https:\/\/www.ifi-id.com\/festival-sinema-prancis-2024\/film\/film-daring\/more-than-ever\/#primaryimage\"},\"image\":{\"@id\":\"https:\/\/www.ifi-id.com\/festival-sinema-prancis-2024\/film\/film-daring\/more-than-ever\/#primaryimage\"},\"thumbnailUrl\":\"https:\/\/www.ifi-id.com\/wp-content\/uploads\/2024\/11\/FSP24-Still_0012_Plus-que-jamais-3.jpg\",\"datePublished\":\"2024-11-11T08:43:13+00:00\",\"dateModified\":\"2024-11-15T10:06:57+00:00\",\"breadcrumb\":{\"@id\":\"https:\/\/www.ifi-id.com\/festival-sinema-prancis-2024\/film\/film-daring\/more-than-ever\/#breadcrumb\"},\"inLanguage\":\"fr-FR\",\"potentialAction\":[{\"@type\":\"ReadAction\",\"target\":[\"https:\/\/www.ifi-id.com\/festival-sinema-prancis-2024\/film\/film-daring\/more-than-ever\/\"]}]},{\"@type\":\"ImageObject\",\"inLanguage\":\"fr-FR\",\"@id\":\"https:\/\/www.ifi-id.com\/festival-sinema-prancis-2024\/film\/film-daring\/more-than-ever\/#primaryimage\",\"url\":\"https:\/\/www.ifi-id.com\/wp-content\/uploads\/2024\/11\/FSP24-Still_0012_Plus-que-jamais-3.jpg\",\"contentUrl\":\"https:\/\/www.ifi-id.com\/wp-content\/uploads\/2024\/11\/FSP24-Still_0012_Plus-que-jamais-3.jpg\",\"width\":1280,\"height\":720},{\"@type\":\"BreadcrumbList\",\"@id\":\"https:\/\/www.ifi-id.com\/festival-sinema-prancis-2024\/film\/film-daring\/more-than-ever\/#breadcrumb\",\"itemListElement\":[{\"@type\":\"ListItem\",\"position\":1,\"name\":\"Home\",\"item\":\"https:\/\/www.ifi-id.com\/\"},{\"@type\":\"ListItem\",\"position\":2,\"name\":\"Festival Sinema Prancis 2024\",\"item\":\"https:\/\/www.ifi-id.com\/festival-sinema-prancis-2024\/\"},{\"@type\":\"ListItem\",\"position\":3,\"name\":\"Festival Sinema Prancis 2024 &#8211; Films\",\"item\":\"https:\/\/www.ifi-id.com\/festival-sinema-prancis-2024\/film\/\"},{\"@type\":\"ListItem\",\"position\":4,\"name\":\"Festival Sinema Prancis 2024 &#8211; Films en ligne\",\"item\":\"https:\/\/www.ifi-id.com\/festival-sinema-prancis-2024\/film\/film-daring\/\"},{\"@type\":\"ListItem\",\"position\":5,\"name\":\"Plus que jamais\"}]},{\"@type\":\"WebSite\",\"@id\":\"https:\/\/www.ifi-id.com\/#website\",\"url\":\"https:\/\/www.ifi-id.com\/\",\"name\":\"Institut fran\u00e7ais Indon\u00e9sie\",\"description\":\"\",\"publisher\":{\"@id\":\"https:\/\/www.ifi-id.com\/#organization\"},\"potentialAction\":[{\"@type\":\"SearchAction\",\"target\":{\"@type\":\"EntryPoint\",\"urlTemplate\":\"https:\/\/www.ifi-id.com\/?s={search_term_string}\"},\"query-input\":{\"@type\":\"PropertyValueSpecification\",\"valueRequired\":true,\"valueName\":\"search_term_string\"}}],\"inLanguage\":\"fr-FR\"},{\"@type\":\"Organization\",\"@id\":\"https:\/\/www.ifi-id.com\/#organization\",\"name\":\"Institut fran\u00e7ais Indon\u00e9sie\",\"url\":\"https:\/\/www.ifi-id.com\/\",\"logo\":{\"@type\":\"ImageObject\",\"inLanguage\":\"fr-FR\",\"@id\":\"https:\/\/www.ifi-id.com\/#\/schema\/logo\/image\/\",\"url\":\"https:\/\/www.ifi-id.com\/wp-content\/uploads\/2022\/12\/IFI_New_Logo.jpg\",\"contentUrl\":\"https:\/\/www.ifi-id.com\/wp-content\/uploads\/2022\/12\/IFI_New_Logo.jpg\",\"width\":666,\"height\":444,\"caption\":\"Institut fran\u00e7ais Indon\u00e9sie\"},\"image\":{\"@id\":\"https:\/\/www.ifi-id.com\/#\/schema\/logo\/image\/\"}}]}<\/script>\n<!-- \/ Yoast SEO plugin. -->","yoast_head_json":{"title":"Plus que jamais - Institut fran\u00e7ais Indon\u00e9sie","robots":{"index":"index","follow":"follow","max-snippet":"max-snippet:-1","max-image-preview":"max-image-preview:large","max-video-preview":"max-video-preview:-1"},"canonical":"https:\/\/www.ifi-id.com\/festival-sinema-prancis-2024\/film\/film-daring\/more-than-ever\/","og_locale":"fr_FR","og_type":"article","og_title":"Plus que jamais - Institut fran\u00e7ais Indon\u00e9sie","og_description":"Plus que jamais Plus que jamais Emily Atef | 2022 | 123\u2019 | Drame | Fran\u00e7ais avec sous-titres indon\u00e9sien | 17+ Vicky Krieps, Gaspard Ulliel, Bjorn Floberg H\u00e9l\u00e8ne et Mathieu sont heureux ensemble depuis de nombreuses ann\u00e9es. Le lien qui les unit est profond. Confront\u00e9e \u00e0 une d\u00e9cision existentielle, H\u00e9l\u00e8ne part seule en Norv\u00e8ge pour &hellip; Continuer la lecture de &laquo;&nbsp;Plus que jamais&nbsp;&raquo;","og_url":"https:\/\/www.ifi-id.com\/festival-sinema-prancis-2024\/film\/film-daring\/more-than-ever\/","og_site_name":"Institut fran\u00e7ais Indon\u00e9sie","article_modified_time":"2024-11-15T10:06:57+00:00","og_image":[{"width":1280,"height":720,"url":"https:\/\/www.ifi-id.com\/wp-content\/uploads\/2024\/11\/FSP24-Still_0012_Plus-que-jamais-3.jpg","type":"image\/jpeg"}],"twitter_card":"summary_large_image","schema":{"@context":"https:\/\/schema.org","@graph":[{"@type":"WebPage","@id":"https:\/\/www.ifi-id.com\/festival-sinema-prancis-2024\/film\/film-daring\/more-than-ever\/","url":"https:\/\/www.ifi-id.com\/festival-sinema-prancis-2024\/film\/film-daring\/more-than-ever\/","name":"Plus que jamais - Institut fran\u00e7ais Indon\u00e9sie","isPartOf":{"@id":"https:\/\/www.ifi-id.com\/#website"},"primaryImageOfPage":{"@id":"https:\/\/www.ifi-id.com\/festival-sinema-prancis-2024\/film\/film-daring\/more-than-ever\/#primaryimage"},"image":{"@id":"https:\/\/www.ifi-id.com\/festival-sinema-prancis-2024\/film\/film-daring\/more-than-ever\/#primaryimage"},"thumbnailUrl":"https:\/\/www.ifi-id.com\/wp-content\/uploads\/2024\/11\/FSP24-Still_0012_Plus-que-jamais-3.jpg","datePublished":"2024-11-11T08:43:13+00:00","dateModified":"2024-11-15T10:06:57+00:00","breadcrumb":{"@id":"https:\/\/www.ifi-id.com\/festival-sinema-prancis-2024\/film\/film-daring\/more-than-ever\/#breadcrumb"},"inLanguage":"fr-FR","potentialAction":[{"@type":"ReadAction","target":["https:\/\/www.ifi-id.com\/festival-sinema-prancis-2024\/film\/film-daring\/more-than-ever\/"]}]},{"@type":"ImageObject","inLanguage":"fr-FR","@id":"https:\/\/www.ifi-id.com\/festival-sinema-prancis-2024\/film\/film-daring\/more-than-ever\/#primaryimage","url":"https:\/\/www.ifi-id.com\/wp-content\/uploads\/2024\/11\/FSP24-Still_0012_Plus-que-jamais-3.jpg","contentUrl":"https:\/\/www.ifi-id.com\/wp-content\/uploads\/2024\/11\/FSP24-Still_0012_Plus-que-jamais-3.jpg","width":1280,"height":720},{"@type":"BreadcrumbList","@id":"https:\/\/www.ifi-id.com\/festival-sinema-prancis-2024\/film\/film-daring\/more-than-ever\/#breadcrumb","itemListElement":[{"@type":"ListItem","position":1,"name":"Home","item":"https:\/\/www.ifi-id.com\/"},{"@type":"ListItem","position":2,"name":"Festival Sinema Prancis 2024","item":"https:\/\/www.ifi-id.com\/festival-sinema-prancis-2024\/"},{"@type":"ListItem","position":3,"name":"Festival Sinema Prancis 2024 &#8211; Films","item":"https:\/\/www.ifi-id.com\/festival-sinema-prancis-2024\/film\/"},{"@type":"ListItem","position":4,"name":"Festival Sinema Prancis 2024 &#8211; Films en ligne","item":"https:\/\/www.ifi-id.com\/festival-sinema-prancis-2024\/film\/film-daring\/"},{"@type":"ListItem","position":5,"name":"Plus que jamais"}]},{"@type":"WebSite","@id":"https:\/\/www.ifi-id.com\/#website","url":"https:\/\/www.ifi-id.com\/","name":"Institut fran\u00e7ais Indon\u00e9sie","description":"","publisher":{"@id":"https:\/\/www.ifi-id.com\/#organization"},"potentialAction":[{"@type":"SearchAction","target":{"@type":"EntryPoint","urlTemplate":"https:\/\/www.ifi-id.com\/?s={search_term_string}"},"query-input":{"@type":"PropertyValueSpecification","valueRequired":true,"valueName":"search_term_string"}}],"inLanguage":"fr-FR"},{"@type":"Organization","@id":"https:\/\/www.ifi-id.com\/#organization","name":"Institut fran\u00e7ais Indon\u00e9sie","url":"https:\/\/www.ifi-id.com\/","logo":{"@type":"ImageObject","inLanguage":"fr-FR","@id":"https:\/\/www.ifi-id.com\/#\/schema\/logo\/image\/","url":"https:\/\/www.ifi-id.com\/wp-content\/uploads\/2022\/12\/IFI_New_Logo.jpg","contentUrl":"https:\/\/www.ifi-id.com\/wp-content\/uploads\/2022\/12\/IFI_New_Logo.jpg","width":666,"height":444,"caption":"Institut fran\u00e7ais Indon\u00e9sie"},"image":{"@id":"https:\/\/www.ifi-id.com\/#\/schema\/logo\/image\/"}}]}},"post_mailing_queue_ids":[],"_links":{"self":[{"href":"https:\/\/www.ifi-id.com\/fr\/wp-json\/wp\/v2\/pages\/49404"}],"collection":[{"href":"https:\/\/www.ifi-id.com\/fr\/wp-json\/wp\/v2\/pages"}],"about":[{"href":"https:\/\/www.ifi-id.com\/fr\/wp-json\/wp\/v2\/types\/page"}],"author":[{"embeddable":true,"href":"https:\/\/www.ifi-id.com\/fr\/wp-json\/wp\/v2\/users\/8"}],"replies":[{"embeddable":true,"href":"https:\/\/www.ifi-id.com\/fr\/wp-json\/wp\/v2\/comments?post=49404"}],"version-history":[{"count":2,"href":"https:\/\/www.ifi-id.com\/fr\/wp-json\/wp\/v2\/pages\/49404\/revisions"}],"predecessor-version":[{"id":50169,"href":"https:\/\/www.ifi-id.com\/fr\/wp-json\/wp\/v2\/pages\/49404\/revisions\/50169"}],"up":[{"embeddable":true,"href":"https:\/\/www.ifi-id.com\/fr\/wp-json\/wp\/v2\/pages\/49245"}],"wp:featuredmedia":[{"embeddable":true,"href":"https:\/\/www.ifi-id.com\/fr\/wp-json\/wp\/v2\/media\/48848"}],"wp:attachment":[{"href":"https:\/\/www.ifi-id.com\/fr\/wp-json\/wp\/v2\/media?parent=49404"}],"curies":[{"name":"wp","href":"https:\/\/api.w.org\/{rel}","templated":true}]}}