{"id":49237,"date":"2024-11-08T19:37:54","date_gmt":"2024-11-08T12:37:54","guid":{"rendered":"https:\/\/www.ifi-id.com\/festival-sinema-prancis-2024\/films\/films-en-salle\/pour-la-france\/"},"modified":"2024-11-15T16:04:10","modified_gmt":"2024-11-15T09:04:10","slug":"pour-la-france","status":"publish","type":"page","link":"https:\/\/www.ifi-id.com\/fr\/festival-sinema-prancis-2024\/films\/films-en-salle\/pour-la-france\/","title":{"rendered":"Pour la France"},"content":{"rendered":"\t\t<div data-elementor-type=\"wp-page\" data-elementor-id=\"49237\" class=\"elementor elementor-49237 elementor-49231\" data-elementor-post-type=\"page\">\n\t\t\t\t\t\t<section class=\"elementor-section elementor-top-section elementor-element elementor-element-4f46d332 elementor-section-boxed elementor-section-height-default elementor-section-height-default\" data-id=\"4f46d332\" data-element_type=\"section\">\n\t\t\t\t\t\t<div class=\"elementor-container elementor-column-gap-default\">\n\t\t\t\t\t<div class=\"elementor-column elementor-col-100 elementor-top-column elementor-element elementor-element-38c28ec0\" data-id=\"38c28ec0\" data-element_type=\"column\">\n\t\t\t<div class=\"elementor-widget-wrap elementor-element-populated\">\n\t\t\t\t\t\t<div class=\"elementor-element elementor-element-36698471 elementor-hidden-phone elementor-widget elementor-widget-heading\" data-id=\"36698471\" data-element_type=\"widget\" data-widget_type=\"heading.default\">\n\t\t\t\t<div class=\"elementor-widget-container\">\n\t\t\t<h2 class=\"elementor-heading-title elementor-size-default\">Pour la France<\/h2>\t\t<\/div>\n\t\t\t\t<\/div>\n\t\t\t\t\t<\/div>\n\t\t<\/div>\n\t\t\t\t\t<\/div>\n\t\t<\/section>\n\t\t\t\t<section class=\"elementor-section elementor-top-section elementor-element elementor-element-6409c774 elementor-section-boxed elementor-section-height-default elementor-section-height-default\" data-id=\"6409c774\" data-element_type=\"section\">\n\t\t\t\t\t\t<div class=\"elementor-container elementor-column-gap-default\">\n\t\t\t\t\t<div class=\"elementor-column elementor-col-100 elementor-top-column elementor-element elementor-element-6a81a869\" data-id=\"6a81a869\" data-element_type=\"column\">\n\t\t\t<div class=\"elementor-widget-wrap elementor-element-populated\">\n\t\t\t\t\t\t<div class=\"elementor-element elementor-element-3c48ee19 elementor-hidden-desktop elementor-hidden-tablet elementor-widget elementor-widget-heading\" data-id=\"3c48ee19\" data-element_type=\"widget\" data-widget_type=\"heading.default\">\n\t\t\t\t<div class=\"elementor-widget-container\">\n\t\t\t<h1 class=\"elementor-heading-title elementor-size-default\">Pour la France<\/h1>\t\t<\/div>\n\t\t\t\t<\/div>\n\t\t\t\t\t<\/div>\n\t\t<\/div>\n\t\t\t\t\t<\/div>\n\t\t<\/section>\n\t\t\t\t<section class=\"elementor-section elementor-top-section elementor-element elementor-element-4228b2b9 elementor-section-boxed elementor-section-height-default elementor-section-height-default\" data-id=\"4228b2b9\" data-element_type=\"section\" data-settings=\"{&quot;background_background&quot;:&quot;classic&quot;}\">\n\t\t\t\t\t\t<div class=\"elementor-container elementor-column-gap-default\">\n\t\t\t\t\t<div class=\"elementor-column elementor-col-100 elementor-top-column elementor-element elementor-element-4a548cdb\" data-id=\"4a548cdb\" data-element_type=\"column\">\n\t\t\t<div class=\"elementor-widget-wrap elementor-element-populated\">\n\t\t\t\t\t\t<div class=\"elementor-element elementor-element-28b5f15a elementor-arrows-position-inside elementor-pagination-position-outside elementor-widget elementor-widget-image-carousel\" data-id=\"28b5f15a\" data-element_type=\"widget\" data-settings=\"{&quot;slides_to_show&quot;:&quot;1&quot;,&quot;autoplay_speed&quot;:3000,&quot;navigation&quot;:&quot;both&quot;,&quot;autoplay&quot;:&quot;yes&quot;,&quot;pause_on_hover&quot;:&quot;yes&quot;,&quot;pause_on_interaction&quot;:&quot;yes&quot;,&quot;infinite&quot;:&quot;yes&quot;,&quot;effect&quot;:&quot;slide&quot;,&quot;speed&quot;:500}\" data-widget_type=\"image-carousel.default\">\n\t\t\t\t<div class=\"elementor-widget-container\">\n\t\t\t\t\t<div class=\"elementor-image-carousel-wrapper swiper\" dir=\"ltr\">\n\t\t\t<div class=\"elementor-image-carousel swiper-wrapper swiper-image-stretch\" aria-live=\"off\">\n\t\t\t\t\t\t\t\t<div class=\"swiper-slide\" role=\"group\" aria-roledescription=\"slide\" aria-label=\"1 sur 3\"><figure class=\"swiper-slide-inner\"><img decoding=\"async\" class=\"swiper-slide-image\" src=\"https:\/\/www.ifi-id.com\/wp-content\/uploads\/2024\/11\/FSP24-Still_0011_Pour-la-France-1.jpg\" alt=\"FSP24 Still_0011_Pour la France 1\" \/><\/figure><\/div><div class=\"swiper-slide\" role=\"group\" aria-roledescription=\"slide\" aria-label=\"2 sur 3\"><figure class=\"swiper-slide-inner\"><img decoding=\"async\" class=\"swiper-slide-image\" src=\"https:\/\/www.ifi-id.com\/wp-content\/uploads\/2024\/11\/FSP24-Still_0010_Pour-la-France-2.jpg\" alt=\"FSP24 Still_0010_Pour la France 2\" \/><\/figure><\/div><div class=\"swiper-slide\" role=\"group\" aria-roledescription=\"slide\" aria-label=\"3 sur 3\"><figure class=\"swiper-slide-inner\"><img decoding=\"async\" class=\"swiper-slide-image\" src=\"https:\/\/www.ifi-id.com\/wp-content\/uploads\/2024\/11\/FSP24-Still_0009_Pour-la-France-3.jpg\" alt=\"FSP24 Still_0009_Pour la France 3\" \/><\/figure><\/div>\t\t\t<\/div>\n\t\t\t\t\t\t\t\t\t\t\t\t<div class=\"elementor-swiper-button elementor-swiper-button-prev\" role=\"button\" tabindex=\"0\">\n\t\t\t\t\t\t<i aria-hidden=\"true\" class=\"eicon-chevron-left\"><\/i>\t\t\t\t\t<\/div>\n\t\t\t\t\t<div class=\"elementor-swiper-button elementor-swiper-button-next\" role=\"button\" tabindex=\"0\">\n\t\t\t\t\t\t<i aria-hidden=\"true\" class=\"eicon-chevron-right\"><\/i>\t\t\t\t\t<\/div>\n\t\t\t\t\n\t\t\t\t\t\t\t\t\t<div class=\"swiper-pagination\"><\/div>\n\t\t\t\t\t\t\t\t\t<\/div>\n\t\t\t\t<\/div>\n\t\t\t\t<\/div>\n\t\t\t\t\t<\/div>\n\t\t<\/div>\n\t\t\t\t\t<\/div>\n\t\t<\/section>\n\t\t\t\t<section class=\"elementor-section elementor-top-section elementor-element elementor-element-6ee324fd elementor-section-boxed elementor-section-height-default elementor-section-height-default\" data-id=\"6ee324fd\" data-element_type=\"section\">\n\t\t\t\t\t\t<div class=\"elementor-container elementor-column-gap-default\">\n\t\t\t\t\t<div class=\"elementor-column elementor-col-100 elementor-top-column elementor-element elementor-element-264a9dc5\" data-id=\"264a9dc5\" data-element_type=\"column\">\n\t\t\t<div class=\"elementor-widget-wrap elementor-element-populated\">\n\t\t\t\t\t\t<div class=\"elementor-element elementor-element-3234c3d9 elementor-widget elementor-widget-text-editor\" data-id=\"3234c3d9\" data-element_type=\"widget\" data-widget_type=\"text-editor.default\">\n\t\t\t\t<div class=\"elementor-widget-container\">\n\t\t\t\t\t\t\t<h4>Rachid Hami | 2022 | 113\u2019 | Drame | Fran\u00e7ais avec sous-titres indon\u00e9sien | 13+<br \/>\nKarim Leklou, Sha\u00efn Boumedine, Lubna Azabal<\/h4>\n<p>Lors d\u2019un rituel d\u2019int\u00e9gration dans la prestigieuse \u00c9cole Militaire de Saint-Cyr, A\u00efssa, 23 ans, perd la vie. Face \u00e0 une Arm\u00e9e qui peine \u00e0 reconna\u00eetre ses responsabilit\u00e9s, Isma\u00ebl, son grand fr\u00e8re, se lance dans une bataille pour la v\u00e9rit\u00e9. Son enqu\u00eate sur le parcours de son cadet va faire ressurgir ses souvenirs, de leur enfance \u00e0 Alger aux derniers moments ensemble \u00e0 Taipei. D\u2019apr\u00e8s une histoire vraie.<\/p>\n<p><strong>R\u00e9compenses<br \/>\n<\/strong><span style=\"font-weight: 400;\">Selectionn\u00e9, Official Selection, 2022 Venice International Film Festival<\/span><\/p>\n<p><strong>Programme<br \/>\nlundi, 25 novembre<br \/>\n<\/strong>Warung Prancis IIB Darmajaya Lampung | 9h00<\/p>\n<p><span style=\"font-weight: 400;\"><strong>mardi, 26 novembre<\/strong><br \/>\nMovie Resto Medan | 19h00<br \/>\n<\/span><\/p>\n<p><strong>jeudi, 28 novembre<br \/>\n<\/strong>Warung Prancis UNPATTI Ambon | 16h00<\/p>\n<p><strong>samedi, 30 novembre<\/strong><br \/>\nIFI Thamrin | 19h00<br \/>\nWarung Prancis UHO Kendari | 14h00<\/p>\n<p><strong>jeudi, 5 d\u00e9cembre<\/strong><br \/>\nSPECIAL SCREENING: IFI Yogyakarta | 19h00<strong><br \/>\n<\/strong><\/p>\n\t\t\t\t\t\t<\/div>\n\t\t\t\t<\/div>\n\t\t\t\t\t<\/div>\n\t\t<\/div>\n\t\t\t\t\t<\/div>\n\t\t<\/section>\n\t\t\t\t<section class=\"elementor-section elementor-top-section elementor-element elementor-element-74fa2708 elementor-section-boxed elementor-section-height-default elementor-section-height-default\" data-id=\"74fa2708\" data-element_type=\"section\">\n\t\t\t\t\t\t<div class=\"elementor-container elementor-column-gap-default\">\n\t\t\t\t\t<div class=\"elementor-column elementor-col-100 elementor-top-column elementor-element elementor-element-10c61f1b\" data-id=\"10c61f1b\" data-element_type=\"column\">\n\t\t\t<div class=\"elementor-widget-wrap elementor-element-populated\">\n\t\t\t\t\t\t<div class=\"elementor-element elementor-element-765675df elementor-widget elementor-widget-video\" data-id=\"765675df\" data-element_type=\"widget\" data-settings=\"{&quot;youtube_url&quot;:&quot;https:\\\/\\\/www.youtube.com\\\/watch?v=by0VG1fRqFc&amp;pp=ygUOcG91ciBsYSBmcmFuY2U%3D&quot;,&quot;video_type&quot;:&quot;youtube&quot;,&quot;controls&quot;:&quot;yes&quot;}\" data-widget_type=\"video.default\">\n\t\t\t\t<div class=\"elementor-widget-container\">\n\t\t\t\t\t<div class=\"elementor-wrapper elementor-open-inline\">\n\t\t\t<div class=\"elementor-video\"><\/div>\t\t<\/div>\n\t\t\t\t<\/div>\n\t\t\t\t<\/div>\n\t\t\t\t\t<\/div>\n\t\t<\/div>\n\t\t\t\t\t<\/div>\n\t\t<\/section>\n\t\t\t\t<section class=\"elementor-section elementor-top-section elementor-element elementor-element-39ea35ab elementor-section-boxed elementor-section-height-default elementor-section-height-default\" data-id=\"39ea35ab\" data-element_type=\"section\">\n\t\t\t\t\t\t<div class=\"elementor-container elementor-column-gap-default\">\n\t\t\t\t\t<div class=\"elementor-column elementor-col-100 elementor-top-column elementor-element elementor-element-47cc0742\" data-id=\"47cc0742\" data-element_type=\"column\">\n\t\t\t<div class=\"elementor-widget-wrap elementor-element-populated\">\n\t\t\t\t\t\t<div class=\"elementor-element elementor-element-755d8bc0 elementor-align-center elementor-widget elementor-widget-button\" data-id=\"755d8bc0\" data-element_type=\"widget\" data-widget_type=\"button.default\">\n\t\t\t\t<div class=\"elementor-widget-container\">\n\t\t\t\t\t<div class=\"elementor-button-wrapper\">\n\t\t\t<a class=\"elementor-button elementor-button-link elementor-size-sm\" href=\"https:\/\/www.ifi-id.com\/fr\/festival-sinema-prancis-2024\/films\/films-en-salle\/#\/\">\n\t\t\t\t\t\t<span class=\"elementor-button-content-wrapper\">\n\t\t\t\t\t\t<span class=\"elementor-button-icon\">\n\t\t\t\t<i aria-hidden=\"true\" class=\"fas fa-backward\"><\/i>\t\t\t<\/span>\n\t\t\t\t\t\t\t\t\t<span class=\"elementor-button-text\">Retour \u00e0 la page pr\u00e9c\u00e9dente<\/span>\n\t\t\t\t\t<\/span>\n\t\t\t\t\t<\/a>\n\t\t<\/div>\n\t\t\t\t<\/div>\n\t\t\t\t<\/div>\n\t\t\t\t\t<\/div>\n\t\t<\/div>\n\t\t\t\t\t<\/div>\n\t\t<\/section>\n\t\t\t\t<\/div>\n\t\t","protected":false},"excerpt":{"rendered":"<p>Pour la France Pour la France Rachid Hami | 2022 | 113\u2019 | Drame | Fran\u00e7ais avec sous-titres indon\u00e9sien | 13+ Karim Leklou, Sha\u00efn Boumedine, Lubna Azabal Lors d\u2019un rituel d\u2019int\u00e9gration dans la prestigieuse \u00c9cole Militaire de Saint-Cyr, A\u00efssa, 23 ans, perd la vie. Face \u00e0 une Arm\u00e9e qui peine \u00e0 reconna\u00eetre ses responsabilit\u00e9s, Isma\u00ebl, &hellip; <\/p>\n<p class=\"link-more\"><a href=\"https:\/\/www.ifi-id.com\/fr\/festival-sinema-prancis-2024\/films\/films-en-salle\/pour-la-france\/\" class=\"more-link\">Continuer la lecture<span class=\"screen-reader-text\"> de &laquo;&nbsp;Pour la France&nbsp;&raquo;<\/span><\/a><\/p>\n","protected":false},"author":8,"featured_media":48846,"parent":49070,"menu_order":0,"comment_status":"closed","ping_status":"closed","template":"elementor_header_footer","meta":{"footnotes":""},"class_list":["post-49237","page","type-page","status-publish","has-post-thumbnail","hentry"],"yoast_head":"<!-- This site is optimized with the Yoast SEO plugin v23.5 - https:\/\/yoast.com\/wordpress\/plugins\/seo\/ -->\n<title>Pour la France - Institut fran\u00e7ais Indon\u00e9sie<\/title>\n<meta name=\"robots\" content=\"index, follow, max-snippet:-1, max-image-preview:large, max-video-preview:-1\" \/>\n<link rel=\"canonical\" href=\"https:\/\/www.ifi-id.com\/festival-sinema-prancis-2024\/film\/film-luring\/pour-la-france\/\" \/>\n<meta property=\"og:locale\" content=\"fr_FR\" \/>\n<meta property=\"og:type\" content=\"article\" \/>\n<meta property=\"og:title\" content=\"Pour la France - Institut fran\u00e7ais Indon\u00e9sie\" \/>\n<meta property=\"og:description\" content=\"Pour la France Pour la France Rachid Hami | 2022 | 113\u2019 | Drame | Fran\u00e7ais avec sous-titres indon\u00e9sien | 13+ Karim Leklou, Sha\u00efn Boumedine, Lubna Azabal Lors d\u2019un rituel d\u2019int\u00e9gration dans la prestigieuse \u00c9cole Militaire de Saint-Cyr, A\u00efssa, 23 ans, perd la vie. Face \u00e0 une Arm\u00e9e qui peine \u00e0 reconna\u00eetre ses responsabilit\u00e9s, Isma\u00ebl, &hellip; Continuer la lecture de &laquo;&nbsp;Pour la France&nbsp;&raquo;\" \/>\n<meta property=\"og:url\" content=\"https:\/\/www.ifi-id.com\/festival-sinema-prancis-2024\/film\/film-luring\/pour-la-france\/\" \/>\n<meta property=\"og:site_name\" content=\"Institut fran\u00e7ais Indon\u00e9sie\" \/>\n<meta property=\"article:modified_time\" content=\"2024-11-15T09:04:10+00:00\" \/>\n<meta property=\"og:image\" content=\"https:\/\/www.ifi-id.com\/wp-content\/uploads\/2024\/11\/FSP24-Still_0011_Pour-la-France-1.jpg\" \/>\n\t<meta property=\"og:image:width\" content=\"1280\" \/>\n\t<meta property=\"og:image:height\" content=\"720\" \/>\n\t<meta property=\"og:image:type\" content=\"image\/jpeg\" \/>\n<meta name=\"twitter:card\" content=\"summary_large_image\" \/>\n<meta name=\"twitter:label1\" content=\"Dur\u00e9e de lecture estim\u00e9e\" \/>\n\t<meta name=\"twitter:data1\" content=\"1 minute\" \/>\n<script type=\"application\/ld+json\" class=\"yoast-schema-graph\">{\"@context\":\"https:\/\/schema.org\",\"@graph\":[{\"@type\":\"WebPage\",\"@id\":\"https:\/\/www.ifi-id.com\/festival-sinema-prancis-2024\/film\/film-luring\/pour-la-france\/\",\"url\":\"https:\/\/www.ifi-id.com\/festival-sinema-prancis-2024\/film\/film-luring\/pour-la-france\/\",\"name\":\"Pour la France - Institut fran\u00e7ais Indon\u00e9sie\",\"isPartOf\":{\"@id\":\"https:\/\/www.ifi-id.com\/#website\"},\"primaryImageOfPage\":{\"@id\":\"https:\/\/www.ifi-id.com\/festival-sinema-prancis-2024\/film\/film-luring\/pour-la-france\/#primaryimage\"},\"image\":{\"@id\":\"https:\/\/www.ifi-id.com\/festival-sinema-prancis-2024\/film\/film-luring\/pour-la-france\/#primaryimage\"},\"thumbnailUrl\":\"https:\/\/www.ifi-id.com\/wp-content\/uploads\/2024\/11\/FSP24-Still_0011_Pour-la-France-1.jpg\",\"datePublished\":\"2024-11-08T12:37:54+00:00\",\"dateModified\":\"2024-11-15T09:04:10+00:00\",\"breadcrumb\":{\"@id\":\"https:\/\/www.ifi-id.com\/festival-sinema-prancis-2024\/film\/film-luring\/pour-la-france\/#breadcrumb\"},\"inLanguage\":\"fr-FR\",\"potentialAction\":[{\"@type\":\"ReadAction\",\"target\":[\"https:\/\/www.ifi-id.com\/festival-sinema-prancis-2024\/film\/film-luring\/pour-la-france\/\"]}]},{\"@type\":\"ImageObject\",\"inLanguage\":\"fr-FR\",\"@id\":\"https:\/\/www.ifi-id.com\/festival-sinema-prancis-2024\/film\/film-luring\/pour-la-france\/#primaryimage\",\"url\":\"https:\/\/www.ifi-id.com\/wp-content\/uploads\/2024\/11\/FSP24-Still_0011_Pour-la-France-1.jpg\",\"contentUrl\":\"https:\/\/www.ifi-id.com\/wp-content\/uploads\/2024\/11\/FSP24-Still_0011_Pour-la-France-1.jpg\",\"width\":1280,\"height\":720},{\"@type\":\"BreadcrumbList\",\"@id\":\"https:\/\/www.ifi-id.com\/festival-sinema-prancis-2024\/film\/film-luring\/pour-la-france\/#breadcrumb\",\"itemListElement\":[{\"@type\":\"ListItem\",\"position\":1,\"name\":\"Home\",\"item\":\"https:\/\/www.ifi-id.com\/\"},{\"@type\":\"ListItem\",\"position\":2,\"name\":\"Festival Sinema Prancis 2024\",\"item\":\"https:\/\/www.ifi-id.com\/festival-sinema-prancis-2024\/\"},{\"@type\":\"ListItem\",\"position\":3,\"name\":\"Festival Sinema Prancis 2024 &#8211; Films\",\"item\":\"https:\/\/www.ifi-id.com\/festival-sinema-prancis-2024\/film\/\"},{\"@type\":\"ListItem\",\"position\":4,\"name\":\"Festival Sinema Prancis 2024 &#8211; Films en salle\",\"item\":\"https:\/\/www.ifi-id.com\/festival-sinema-prancis-2024\/film\/film-luring\/\"},{\"@type\":\"ListItem\",\"position\":5,\"name\":\"Pour la France\"}]},{\"@type\":\"WebSite\",\"@id\":\"https:\/\/www.ifi-id.com\/#website\",\"url\":\"https:\/\/www.ifi-id.com\/\",\"name\":\"Institut fran\u00e7ais Indon\u00e9sie\",\"description\":\"\",\"publisher\":{\"@id\":\"https:\/\/www.ifi-id.com\/#organization\"},\"potentialAction\":[{\"@type\":\"SearchAction\",\"target\":{\"@type\":\"EntryPoint\",\"urlTemplate\":\"https:\/\/www.ifi-id.com\/?s={search_term_string}\"},\"query-input\":{\"@type\":\"PropertyValueSpecification\",\"valueRequired\":true,\"valueName\":\"search_term_string\"}}],\"inLanguage\":\"fr-FR\"},{\"@type\":\"Organization\",\"@id\":\"https:\/\/www.ifi-id.com\/#organization\",\"name\":\"Institut fran\u00e7ais Indon\u00e9sie\",\"url\":\"https:\/\/www.ifi-id.com\/\",\"logo\":{\"@type\":\"ImageObject\",\"inLanguage\":\"fr-FR\",\"@id\":\"https:\/\/www.ifi-id.com\/#\/schema\/logo\/image\/\",\"url\":\"https:\/\/www.ifi-id.com\/wp-content\/uploads\/2022\/12\/IFI_New_Logo.jpg\",\"contentUrl\":\"https:\/\/www.ifi-id.com\/wp-content\/uploads\/2022\/12\/IFI_New_Logo.jpg\",\"width\":666,\"height\":444,\"caption\":\"Institut fran\u00e7ais Indon\u00e9sie\"},\"image\":{\"@id\":\"https:\/\/www.ifi-id.com\/#\/schema\/logo\/image\/\"}}]}<\/script>\n<!-- \/ Yoast SEO plugin. -->","yoast_head_json":{"title":"Pour la France - Institut fran\u00e7ais Indon\u00e9sie","robots":{"index":"index","follow":"follow","max-snippet":"max-snippet:-1","max-image-preview":"max-image-preview:large","max-video-preview":"max-video-preview:-1"},"canonical":"https:\/\/www.ifi-id.com\/festival-sinema-prancis-2024\/film\/film-luring\/pour-la-france\/","og_locale":"fr_FR","og_type":"article","og_title":"Pour la France - Institut fran\u00e7ais Indon\u00e9sie","og_description":"Pour la France Pour la France Rachid Hami | 2022 | 113\u2019 | Drame | Fran\u00e7ais avec sous-titres indon\u00e9sien | 13+ Karim Leklou, Sha\u00efn Boumedine, Lubna Azabal Lors d\u2019un rituel d\u2019int\u00e9gration dans la prestigieuse \u00c9cole Militaire de Saint-Cyr, A\u00efssa, 23 ans, perd la vie. Face \u00e0 une Arm\u00e9e qui peine \u00e0 reconna\u00eetre ses responsabilit\u00e9s, Isma\u00ebl, &hellip; Continuer la lecture de &laquo;&nbsp;Pour la France&nbsp;&raquo;","og_url":"https:\/\/www.ifi-id.com\/festival-sinema-prancis-2024\/film\/film-luring\/pour-la-france\/","og_site_name":"Institut fran\u00e7ais Indon\u00e9sie","article_modified_time":"2024-11-15T09:04:10+00:00","og_image":[{"width":1280,"height":720,"url":"https:\/\/www.ifi-id.com\/wp-content\/uploads\/2024\/11\/FSP24-Still_0011_Pour-la-France-1.jpg","type":"image\/jpeg"}],"twitter_card":"summary_large_image","twitter_misc":{"Dur\u00e9e de lecture estim\u00e9e":"1 minute"},"schema":{"@context":"https:\/\/schema.org","@graph":[{"@type":"WebPage","@id":"https:\/\/www.ifi-id.com\/festival-sinema-prancis-2024\/film\/film-luring\/pour-la-france\/","url":"https:\/\/www.ifi-id.com\/festival-sinema-prancis-2024\/film\/film-luring\/pour-la-france\/","name":"Pour la France - Institut fran\u00e7ais Indon\u00e9sie","isPartOf":{"@id":"https:\/\/www.ifi-id.com\/#website"},"primaryImageOfPage":{"@id":"https:\/\/www.ifi-id.com\/festival-sinema-prancis-2024\/film\/film-luring\/pour-la-france\/#primaryimage"},"image":{"@id":"https:\/\/www.ifi-id.com\/festival-sinema-prancis-2024\/film\/film-luring\/pour-la-france\/#primaryimage"},"thumbnailUrl":"https:\/\/www.ifi-id.com\/wp-content\/uploads\/2024\/11\/FSP24-Still_0011_Pour-la-France-1.jpg","datePublished":"2024-11-08T12:37:54+00:00","dateModified":"2024-11-15T09:04:10+00:00","breadcrumb":{"@id":"https:\/\/www.ifi-id.com\/festival-sinema-prancis-2024\/film\/film-luring\/pour-la-france\/#breadcrumb"},"inLanguage":"fr-FR","potentialAction":[{"@type":"ReadAction","target":["https:\/\/www.ifi-id.com\/festival-sinema-prancis-2024\/film\/film-luring\/pour-la-france\/"]}]},{"@type":"ImageObject","inLanguage":"fr-FR","@id":"https:\/\/www.ifi-id.com\/festival-sinema-prancis-2024\/film\/film-luring\/pour-la-france\/#primaryimage","url":"https:\/\/www.ifi-id.com\/wp-content\/uploads\/2024\/11\/FSP24-Still_0011_Pour-la-France-1.jpg","contentUrl":"https:\/\/www.ifi-id.com\/wp-content\/uploads\/2024\/11\/FSP24-Still_0011_Pour-la-France-1.jpg","width":1280,"height":720},{"@type":"BreadcrumbList","@id":"https:\/\/www.ifi-id.com\/festival-sinema-prancis-2024\/film\/film-luring\/pour-la-france\/#breadcrumb","itemListElement":[{"@type":"ListItem","position":1,"name":"Home","item":"https:\/\/www.ifi-id.com\/"},{"@type":"ListItem","position":2,"name":"Festival Sinema Prancis 2024","item":"https:\/\/www.ifi-id.com\/festival-sinema-prancis-2024\/"},{"@type":"ListItem","position":3,"name":"Festival Sinema Prancis 2024 &#8211; Films","item":"https:\/\/www.ifi-id.com\/festival-sinema-prancis-2024\/film\/"},{"@type":"ListItem","position":4,"name":"Festival Sinema Prancis 2024 &#8211; Films en salle","item":"https:\/\/www.ifi-id.com\/festival-sinema-prancis-2024\/film\/film-luring\/"},{"@type":"ListItem","position":5,"name":"Pour la France"}]},{"@type":"WebSite","@id":"https:\/\/www.ifi-id.com\/#website","url":"https:\/\/www.ifi-id.com\/","name":"Institut fran\u00e7ais Indon\u00e9sie","description":"","publisher":{"@id":"https:\/\/www.ifi-id.com\/#organization"},"potentialAction":[{"@type":"SearchAction","target":{"@type":"EntryPoint","urlTemplate":"https:\/\/www.ifi-id.com\/?s={search_term_string}"},"query-input":{"@type":"PropertyValueSpecification","valueRequired":true,"valueName":"search_term_string"}}],"inLanguage":"fr-FR"},{"@type":"Organization","@id":"https:\/\/www.ifi-id.com\/#organization","name":"Institut fran\u00e7ais Indon\u00e9sie","url":"https:\/\/www.ifi-id.com\/","logo":{"@type":"ImageObject","inLanguage":"fr-FR","@id":"https:\/\/www.ifi-id.com\/#\/schema\/logo\/image\/","url":"https:\/\/www.ifi-id.com\/wp-content\/uploads\/2022\/12\/IFI_New_Logo.jpg","contentUrl":"https:\/\/www.ifi-id.com\/wp-content\/uploads\/2022\/12\/IFI_New_Logo.jpg","width":666,"height":444,"caption":"Institut fran\u00e7ais Indon\u00e9sie"},"image":{"@id":"https:\/\/www.ifi-id.com\/#\/schema\/logo\/image\/"}}]}},"post_mailing_queue_ids":[],"_links":{"self":[{"href":"https:\/\/www.ifi-id.com\/fr\/wp-json\/wp\/v2\/pages\/49237"}],"collection":[{"href":"https:\/\/www.ifi-id.com\/fr\/wp-json\/wp\/v2\/pages"}],"about":[{"href":"https:\/\/www.ifi-id.com\/fr\/wp-json\/wp\/v2\/types\/page"}],"author":[{"embeddable":true,"href":"https:\/\/www.ifi-id.com\/fr\/wp-json\/wp\/v2\/users\/8"}],"replies":[{"embeddable":true,"href":"https:\/\/www.ifi-id.com\/fr\/wp-json\/wp\/v2\/comments?post=49237"}],"version-history":[{"count":4,"href":"https:\/\/www.ifi-id.com\/fr\/wp-json\/wp\/v2\/pages\/49237\/revisions"}],"predecessor-version":[{"id":50087,"href":"https:\/\/www.ifi-id.com\/fr\/wp-json\/wp\/v2\/pages\/49237\/revisions\/50087"}],"up":[{"embeddable":true,"href":"https:\/\/www.ifi-id.com\/fr\/wp-json\/wp\/v2\/pages\/49070"}],"wp:featuredmedia":[{"embeddable":true,"href":"https:\/\/www.ifi-id.com\/fr\/wp-json\/wp\/v2\/media\/48846"}],"wp:attachment":[{"href":"https:\/\/www.ifi-id.com\/fr\/wp-json\/wp\/v2\/media?parent=49237"}],"curies":[{"name":"wp","href":"https:\/\/api.w.org\/{rel}","templated":true}]}}