{"id":49134,"date":"2024-11-08T14:39:02","date_gmt":"2024-11-08T07:39:02","guid":{"rendered":"https:\/\/www.ifi-id.com\/festival-sinema-prancis-2024\/films\/films-en-salle\/les-femmes-au-balcon\/"},"modified":"2024-11-15T16:09:46","modified_gmt":"2024-11-15T09:09:46","slug":"les-femmes-au-balcon","status":"publish","type":"page","link":"https:\/\/www.ifi-id.com\/fr\/festival-sinema-prancis-2024\/films\/films-en-salle\/les-femmes-au-balcon\/","title":{"rendered":"Les Femmes au balcon"},"content":{"rendered":"\t\t<div data-elementor-type=\"wp-page\" data-elementor-id=\"49134\" class=\"elementor elementor-49134 elementor-49114\" data-elementor-post-type=\"page\">\n\t\t\t\t\t\t<section class=\"elementor-section elementor-top-section elementor-element elementor-element-606aec03 elementor-section-boxed elementor-section-height-default elementor-section-height-default\" data-id=\"606aec03\" data-element_type=\"section\">\n\t\t\t\t\t\t<div class=\"elementor-container elementor-column-gap-default\">\n\t\t\t\t\t<div class=\"elementor-column elementor-col-100 elementor-top-column elementor-element elementor-element-6bbfe77\" data-id=\"6bbfe77\" data-element_type=\"column\">\n\t\t\t<div class=\"elementor-widget-wrap elementor-element-populated\">\n\t\t\t\t\t\t<div class=\"elementor-element elementor-element-6d81b0c4 elementor-hidden-phone elementor-widget elementor-widget-heading\" data-id=\"6d81b0c4\" data-element_type=\"widget\" data-widget_type=\"heading.default\">\n\t\t\t\t<div class=\"elementor-widget-container\">\n\t\t\t<h2 class=\"elementor-heading-title elementor-size-default\">Les Femmes au balcon<\/h2>\t\t<\/div>\n\t\t\t\t<\/div>\n\t\t\t\t\t<\/div>\n\t\t<\/div>\n\t\t\t\t\t<\/div>\n\t\t<\/section>\n\t\t\t\t<section class=\"elementor-section elementor-top-section elementor-element elementor-element-2d736532 elementor-section-boxed elementor-section-height-default elementor-section-height-default\" data-id=\"2d736532\" data-element_type=\"section\">\n\t\t\t\t\t\t<div class=\"elementor-container elementor-column-gap-default\">\n\t\t\t\t\t<div class=\"elementor-column elementor-col-100 elementor-top-column elementor-element elementor-element-39339e1a\" data-id=\"39339e1a\" data-element_type=\"column\">\n\t\t\t<div class=\"elementor-widget-wrap elementor-element-populated\">\n\t\t\t\t\t\t<div class=\"elementor-element elementor-element-1b3bbccc elementor-hidden-desktop elementor-hidden-tablet elementor-widget elementor-widget-heading\" data-id=\"1b3bbccc\" data-element_type=\"widget\" data-widget_type=\"heading.default\">\n\t\t\t\t<div class=\"elementor-widget-container\">\n\t\t\t<h1 class=\"elementor-heading-title elementor-size-default\">Les Femmes au balcon<\/h1>\t\t<\/div>\n\t\t\t\t<\/div>\n\t\t\t\t\t<\/div>\n\t\t<\/div>\n\t\t\t\t\t<\/div>\n\t\t<\/section>\n\t\t\t\t<section class=\"elementor-section elementor-top-section elementor-element elementor-element-3497305f elementor-section-boxed elementor-section-height-default elementor-section-height-default\" data-id=\"3497305f\" data-element_type=\"section\" data-settings=\"{&quot;background_background&quot;:&quot;classic&quot;}\">\n\t\t\t\t\t\t<div class=\"elementor-container elementor-column-gap-default\">\n\t\t\t\t\t<div class=\"elementor-column elementor-col-100 elementor-top-column elementor-element elementor-element-5424687f\" data-id=\"5424687f\" data-element_type=\"column\">\n\t\t\t<div class=\"elementor-widget-wrap elementor-element-populated\">\n\t\t\t\t\t\t<div class=\"elementor-element elementor-element-6058b5e0 elementor-arrows-position-inside elementor-pagination-position-outside elementor-widget elementor-widget-image-carousel\" data-id=\"6058b5e0\" data-element_type=\"widget\" data-settings=\"{&quot;slides_to_show&quot;:&quot;1&quot;,&quot;autoplay_speed&quot;:3000,&quot;navigation&quot;:&quot;both&quot;,&quot;autoplay&quot;:&quot;yes&quot;,&quot;pause_on_hover&quot;:&quot;yes&quot;,&quot;pause_on_interaction&quot;:&quot;yes&quot;,&quot;infinite&quot;:&quot;yes&quot;,&quot;effect&quot;:&quot;slide&quot;,&quot;speed&quot;:500}\" data-widget_type=\"image-carousel.default\">\n\t\t\t\t<div class=\"elementor-widget-container\">\n\t\t\t\t\t<div class=\"elementor-image-carousel-wrapper swiper\" dir=\"ltr\">\n\t\t\t<div class=\"elementor-image-carousel swiper-wrapper swiper-image-stretch\" aria-live=\"off\">\n\t\t\t\t\t\t\t\t<div class=\"swiper-slide\" role=\"group\" aria-roledescription=\"slide\" aria-label=\"1 sur 3\"><figure class=\"swiper-slide-inner\"><img decoding=\"async\" class=\"swiper-slide-image\" src=\"https:\/\/www.ifi-id.com\/wp-content\/uploads\/2024\/11\/FSP24-Still_0046_Les-Femmes-au-balcon-1.jpg\" alt=\"FSP24 Still_0046_Les Femmes au balcon 1\" \/><\/figure><\/div><div class=\"swiper-slide\" role=\"group\" aria-roledescription=\"slide\" aria-label=\"2 sur 3\"><figure class=\"swiper-slide-inner\"><img decoding=\"async\" class=\"swiper-slide-image\" src=\"https:\/\/www.ifi-id.com\/wp-content\/uploads\/2024\/11\/FSP24-Still_0045_Les-Femmes-au-balcon-2.jpg\" alt=\"FSP24 Still_0045_Les Femmes au balcon 2\" \/><\/figure><\/div><div class=\"swiper-slide\" role=\"group\" aria-roledescription=\"slide\" aria-label=\"3 sur 3\"><figure class=\"swiper-slide-inner\"><img decoding=\"async\" class=\"swiper-slide-image\" src=\"https:\/\/www.ifi-id.com\/wp-content\/uploads\/2024\/11\/FSP24-Still_0044_Les-Femmes-au-balcon-3.jpg\" alt=\"FSP24 Still_0044_Les Femmes au balcon 3\" \/><\/figure><\/div>\t\t\t<\/div>\n\t\t\t\t\t\t\t\t\t\t\t\t<div class=\"elementor-swiper-button elementor-swiper-button-prev\" role=\"button\" tabindex=\"0\">\n\t\t\t\t\t\t<i aria-hidden=\"true\" class=\"eicon-chevron-left\"><\/i>\t\t\t\t\t<\/div>\n\t\t\t\t\t<div class=\"elementor-swiper-button elementor-swiper-button-next\" role=\"button\" tabindex=\"0\">\n\t\t\t\t\t\t<i aria-hidden=\"true\" class=\"eicon-chevron-right\"><\/i>\t\t\t\t\t<\/div>\n\t\t\t\t\n\t\t\t\t\t\t\t\t\t<div class=\"swiper-pagination\"><\/div>\n\t\t\t\t\t\t\t\t\t<\/div>\n\t\t\t\t<\/div>\n\t\t\t\t<\/div>\n\t\t\t\t\t<\/div>\n\t\t<\/div>\n\t\t\t\t\t<\/div>\n\t\t<\/section>\n\t\t\t\t<section class=\"elementor-section elementor-top-section elementor-element elementor-element-2d1422fc elementor-section-boxed elementor-section-height-default elementor-section-height-default\" data-id=\"2d1422fc\" data-element_type=\"section\">\n\t\t\t\t\t\t<div class=\"elementor-container elementor-column-gap-default\">\n\t\t\t\t\t<div class=\"elementor-column elementor-col-100 elementor-top-column elementor-element elementor-element-7128680e\" data-id=\"7128680e\" data-element_type=\"column\">\n\t\t\t<div class=\"elementor-widget-wrap elementor-element-populated\">\n\t\t\t\t\t\t<div class=\"elementor-element elementor-element-2353a44b elementor-widget elementor-widget-text-editor\" data-id=\"2353a44b\" data-element_type=\"widget\" data-widget_type=\"text-editor.default\">\n\t\t\t\t<div class=\"elementor-widget-container\">\n\t\t\t\t\t\t\t<h4>No\u00e9mie Merlant | 2024 | 103\u2019 | Com\u00e9die, Fantastique | Fran\u00e7ais avec sous-titres indon\u00e9sien | 17+<br \/>\nSouheila Yacoub, Sanda Codreanu, No\u00e9mie Merlant<\/h4>\n<p>Trois femmes, dans un appartement \u00e0 Marseille en pleine canicule. En face, leur myst\u00e9rieux voisin, objet de tous les fantasmes. Elles se retrouvent coinc\u00e9es dans une affaire terrifiante et d\u00e9lirante avec comme seule qu\u00eate, leur libert\u00e9.<\/p>\n<p><strong>R\u00e9compenses<br \/>\n<\/strong><span style=\"font-weight: 400;\">Nomm\u00e9, Queer Palm, 2024 Cannes Film Festival<\/span><\/p>\n<p><strong>Jadwal<br \/>\nlundi, 25 novembre<br \/>\n<\/strong>IFI Yogyakarta | 19h00<\/p>\n<p><span style=\"font-weight: 400;\"><strong>mardi, 26 novembre<\/strong><br \/>\nIFI Surabaya | 18h30<br \/>\n<\/span><\/p>\n<p><strong>vendredi, 29 novembre<\/strong><br \/>\nIFI Bandung | 16h00<br \/>\nMASH Denpasar | 19h30<\/p>\n<p><strong>dimanche, 1 d\u00e9cembre<br \/>\n<\/strong>IFI Thamrin | 19h00<br \/>\nAF Medan | 14h00<strong><br \/>\n<\/strong><\/p>\n\t\t\t\t\t\t<\/div>\n\t\t\t\t<\/div>\n\t\t\t\t\t<\/div>\n\t\t<\/div>\n\t\t\t\t\t<\/div>\n\t\t<\/section>\n\t\t\t\t<section class=\"elementor-section elementor-top-section elementor-element elementor-element-6d3aa68b elementor-section-boxed elementor-section-height-default elementor-section-height-default\" data-id=\"6d3aa68b\" data-element_type=\"section\">\n\t\t\t\t\t\t<div class=\"elementor-container elementor-column-gap-default\">\n\t\t\t\t\t<div class=\"elementor-column elementor-col-100 elementor-top-column elementor-element elementor-element-69243925\" data-id=\"69243925\" data-element_type=\"column\">\n\t\t\t<div class=\"elementor-widget-wrap elementor-element-populated\">\n\t\t\t\t\t\t<div class=\"elementor-element elementor-element-4188bc92 elementor-widget elementor-widget-video\" data-id=\"4188bc92\" data-element_type=\"widget\" data-settings=\"{&quot;youtube_url&quot;:&quot;https:\\\/\\\/www.youtube.com\\\/watch?v=K9I5443NczM&amp;pp=ygUUTGVzIEZlbW1lcyBhdSBiYWxjb24%3D&quot;,&quot;video_type&quot;:&quot;youtube&quot;,&quot;controls&quot;:&quot;yes&quot;}\" data-widget_type=\"video.default\">\n\t\t\t\t<div class=\"elementor-widget-container\">\n\t\t\t\t\t<div class=\"elementor-wrapper elementor-open-inline\">\n\t\t\t<div class=\"elementor-video\"><\/div>\t\t<\/div>\n\t\t\t\t<\/div>\n\t\t\t\t<\/div>\n\t\t\t\t\t<\/div>\n\t\t<\/div>\n\t\t\t\t\t<\/div>\n\t\t<\/section>\n\t\t\t\t<section class=\"elementor-section elementor-top-section elementor-element elementor-element-371deada elementor-section-boxed elementor-section-height-default elementor-section-height-default\" data-id=\"371deada\" data-element_type=\"section\">\n\t\t\t\t\t\t<div class=\"elementor-container elementor-column-gap-default\">\n\t\t\t\t\t<div class=\"elementor-column elementor-col-100 elementor-top-column elementor-element elementor-element-dab98c7\" data-id=\"dab98c7\" data-element_type=\"column\">\n\t\t\t<div class=\"elementor-widget-wrap elementor-element-populated\">\n\t\t\t\t\t\t<div class=\"elementor-element elementor-element-2a9fdb44 elementor-align-center elementor-widget elementor-widget-button\" data-id=\"2a9fdb44\" data-element_type=\"widget\" data-widget_type=\"button.default\">\n\t\t\t\t<div class=\"elementor-widget-container\">\n\t\t\t\t\t<div class=\"elementor-button-wrapper\">\n\t\t\t<a class=\"elementor-button elementor-button-link elementor-size-sm\" href=\"https:\/\/www.ifi-id.com\/fr\/festival-sinema-prancis-2024\/films\/films-en-salle\/#\/\">\n\t\t\t\t\t\t<span class=\"elementor-button-content-wrapper\">\n\t\t\t\t\t\t<span class=\"elementor-button-icon\">\n\t\t\t\t<i aria-hidden=\"true\" class=\"fas fa-backward\"><\/i>\t\t\t<\/span>\n\t\t\t\t\t\t\t\t\t<span class=\"elementor-button-text\">Retour \u00e0 la page pr\u00e9c\u00e9dente<\/span>\n\t\t\t\t\t<\/span>\n\t\t\t\t\t<\/a>\n\t\t<\/div>\n\t\t\t\t<\/div>\n\t\t\t\t<\/div>\n\t\t\t\t\t<\/div>\n\t\t<\/div>\n\t\t\t\t\t<\/div>\n\t\t<\/section>\n\t\t\t\t<\/div>\n\t\t","protected":false},"excerpt":{"rendered":"<p>Les Femmes au balcon Les Femmes au balcon No\u00e9mie Merlant | 2024 | 103\u2019 | Com\u00e9die, Fantastique | Fran\u00e7ais avec sous-titres indon\u00e9sien | 17+ Souheila Yacoub, Sanda Codreanu, No\u00e9mie Merlant Trois femmes, dans un appartement \u00e0 Marseille en pleine canicule. En face, leur myst\u00e9rieux voisin, objet de tous les fantasmes. Elles se retrouvent coinc\u00e9es dans &hellip; <\/p>\n<p class=\"link-more\"><a href=\"https:\/\/www.ifi-id.com\/fr\/festival-sinema-prancis-2024\/films\/films-en-salle\/les-femmes-au-balcon\/\" class=\"more-link\">Continuer la lecture<span class=\"screen-reader-text\"> de &laquo;&nbsp;Les Femmes au balcon&nbsp;&raquo;<\/span><\/a><\/p>\n","protected":false},"author":8,"featured_media":48916,"parent":49070,"menu_order":0,"comment_status":"closed","ping_status":"closed","template":"elementor_header_footer","meta":{"footnotes":""},"class_list":["post-49134","page","type-page","status-publish","has-post-thumbnail","hentry"],"yoast_head":"<!-- This site is optimized with the Yoast SEO plugin v23.5 - https:\/\/yoast.com\/wordpress\/plugins\/seo\/ -->\n<title>Les Femmes au balcon - Institut fran\u00e7ais Indon\u00e9sie<\/title>\n<meta name=\"robots\" content=\"index, follow, max-snippet:-1, max-image-preview:large, max-video-preview:-1\" \/>\n<link rel=\"canonical\" href=\"https:\/\/www.ifi-id.com\/festival-sinema-prancis-2024\/film\/film-luring\/the-balconettes\/\" \/>\n<meta property=\"og:locale\" content=\"fr_FR\" \/>\n<meta property=\"og:type\" content=\"article\" \/>\n<meta property=\"og:title\" content=\"Les Femmes au balcon - Institut fran\u00e7ais Indon\u00e9sie\" \/>\n<meta property=\"og:description\" content=\"Les Femmes au balcon Les Femmes au balcon No\u00e9mie Merlant | 2024 | 103\u2019 | Com\u00e9die, Fantastique | Fran\u00e7ais avec sous-titres indon\u00e9sien | 17+ Souheila Yacoub, Sanda Codreanu, No\u00e9mie Merlant Trois femmes, dans un appartement \u00e0 Marseille en pleine canicule. En face, leur myst\u00e9rieux voisin, objet de tous les fantasmes. Elles se retrouvent coinc\u00e9es dans &hellip; Continuer la lecture de &laquo;&nbsp;Les Femmes au balcon&nbsp;&raquo;\" \/>\n<meta property=\"og:url\" content=\"https:\/\/www.ifi-id.com\/festival-sinema-prancis-2024\/film\/film-luring\/the-balconettes\/\" \/>\n<meta property=\"og:site_name\" content=\"Institut fran\u00e7ais Indon\u00e9sie\" \/>\n<meta property=\"article:modified_time\" content=\"2024-11-15T09:09:46+00:00\" \/>\n<meta property=\"og:image\" content=\"https:\/\/www.ifi-id.com\/wp-content\/uploads\/2024\/11\/FSP24-Still_0046_Les-Femmes-au-balcon-1.jpg\" \/>\n\t<meta property=\"og:image:width\" content=\"1280\" \/>\n\t<meta property=\"og:image:height\" content=\"720\" \/>\n\t<meta property=\"og:image:type\" content=\"image\/jpeg\" \/>\n<meta name=\"twitter:card\" content=\"summary_large_image\" \/>\n<meta name=\"twitter:label1\" content=\"Dur\u00e9e de lecture estim\u00e9e\" \/>\n\t<meta name=\"twitter:data1\" content=\"1 minute\" \/>\n<script type=\"application\/ld+json\" class=\"yoast-schema-graph\">{\"@context\":\"https:\/\/schema.org\",\"@graph\":[{\"@type\":\"WebPage\",\"@id\":\"https:\/\/www.ifi-id.com\/festival-sinema-prancis-2024\/film\/film-luring\/the-balconettes\/\",\"url\":\"https:\/\/www.ifi-id.com\/festival-sinema-prancis-2024\/film\/film-luring\/the-balconettes\/\",\"name\":\"Les Femmes au balcon - Institut fran\u00e7ais Indon\u00e9sie\",\"isPartOf\":{\"@id\":\"https:\/\/www.ifi-id.com\/#website\"},\"primaryImageOfPage\":{\"@id\":\"https:\/\/www.ifi-id.com\/festival-sinema-prancis-2024\/film\/film-luring\/the-balconettes\/#primaryimage\"},\"image\":{\"@id\":\"https:\/\/www.ifi-id.com\/festival-sinema-prancis-2024\/film\/film-luring\/the-balconettes\/#primaryimage\"},\"thumbnailUrl\":\"https:\/\/www.ifi-id.com\/wp-content\/uploads\/2024\/11\/FSP24-Still_0046_Les-Femmes-au-balcon-1.jpg\",\"datePublished\":\"2024-11-08T07:39:02+00:00\",\"dateModified\":\"2024-11-15T09:09:46+00:00\",\"breadcrumb\":{\"@id\":\"https:\/\/www.ifi-id.com\/festival-sinema-prancis-2024\/film\/film-luring\/the-balconettes\/#breadcrumb\"},\"inLanguage\":\"fr-FR\",\"potentialAction\":[{\"@type\":\"ReadAction\",\"target\":[\"https:\/\/www.ifi-id.com\/festival-sinema-prancis-2024\/film\/film-luring\/the-balconettes\/\"]}]},{\"@type\":\"ImageObject\",\"inLanguage\":\"fr-FR\",\"@id\":\"https:\/\/www.ifi-id.com\/festival-sinema-prancis-2024\/film\/film-luring\/the-balconettes\/#primaryimage\",\"url\":\"https:\/\/www.ifi-id.com\/wp-content\/uploads\/2024\/11\/FSP24-Still_0046_Les-Femmes-au-balcon-1.jpg\",\"contentUrl\":\"https:\/\/www.ifi-id.com\/wp-content\/uploads\/2024\/11\/FSP24-Still_0046_Les-Femmes-au-balcon-1.jpg\",\"width\":1280,\"height\":720},{\"@type\":\"BreadcrumbList\",\"@id\":\"https:\/\/www.ifi-id.com\/festival-sinema-prancis-2024\/film\/film-luring\/the-balconettes\/#breadcrumb\",\"itemListElement\":[{\"@type\":\"ListItem\",\"position\":1,\"name\":\"Home\",\"item\":\"https:\/\/www.ifi-id.com\/\"},{\"@type\":\"ListItem\",\"position\":2,\"name\":\"Festival Sinema Prancis 2024\",\"item\":\"https:\/\/www.ifi-id.com\/festival-sinema-prancis-2024\/\"},{\"@type\":\"ListItem\",\"position\":3,\"name\":\"Festival Sinema Prancis 2024 &#8211; Films\",\"item\":\"https:\/\/www.ifi-id.com\/festival-sinema-prancis-2024\/film\/\"},{\"@type\":\"ListItem\",\"position\":4,\"name\":\"Festival Sinema Prancis 2024 &#8211; Films en salle\",\"item\":\"https:\/\/www.ifi-id.com\/festival-sinema-prancis-2024\/film\/film-luring\/\"},{\"@type\":\"ListItem\",\"position\":5,\"name\":\"Les Femmes au balcon\"}]},{\"@type\":\"WebSite\",\"@id\":\"https:\/\/www.ifi-id.com\/#website\",\"url\":\"https:\/\/www.ifi-id.com\/\",\"name\":\"Institut fran\u00e7ais Indon\u00e9sie\",\"description\":\"\",\"publisher\":{\"@id\":\"https:\/\/www.ifi-id.com\/#organization\"},\"potentialAction\":[{\"@type\":\"SearchAction\",\"target\":{\"@type\":\"EntryPoint\",\"urlTemplate\":\"https:\/\/www.ifi-id.com\/?s={search_term_string}\"},\"query-input\":{\"@type\":\"PropertyValueSpecification\",\"valueRequired\":true,\"valueName\":\"search_term_string\"}}],\"inLanguage\":\"fr-FR\"},{\"@type\":\"Organization\",\"@id\":\"https:\/\/www.ifi-id.com\/#organization\",\"name\":\"Institut fran\u00e7ais Indon\u00e9sie\",\"url\":\"https:\/\/www.ifi-id.com\/\",\"logo\":{\"@type\":\"ImageObject\",\"inLanguage\":\"fr-FR\",\"@id\":\"https:\/\/www.ifi-id.com\/#\/schema\/logo\/image\/\",\"url\":\"https:\/\/www.ifi-id.com\/wp-content\/uploads\/2022\/12\/IFI_New_Logo.jpg\",\"contentUrl\":\"https:\/\/www.ifi-id.com\/wp-content\/uploads\/2022\/12\/IFI_New_Logo.jpg\",\"width\":666,\"height\":444,\"caption\":\"Institut fran\u00e7ais Indon\u00e9sie\"},\"image\":{\"@id\":\"https:\/\/www.ifi-id.com\/#\/schema\/logo\/image\/\"}}]}<\/script>\n<!-- \/ Yoast SEO plugin. -->","yoast_head_json":{"title":"Les Femmes au balcon - Institut fran\u00e7ais Indon\u00e9sie","robots":{"index":"index","follow":"follow","max-snippet":"max-snippet:-1","max-image-preview":"max-image-preview:large","max-video-preview":"max-video-preview:-1"},"canonical":"https:\/\/www.ifi-id.com\/festival-sinema-prancis-2024\/film\/film-luring\/the-balconettes\/","og_locale":"fr_FR","og_type":"article","og_title":"Les Femmes au balcon - Institut fran\u00e7ais Indon\u00e9sie","og_description":"Les Femmes au balcon Les Femmes au balcon No\u00e9mie Merlant | 2024 | 103\u2019 | Com\u00e9die, Fantastique | Fran\u00e7ais avec sous-titres indon\u00e9sien | 17+ Souheila Yacoub, Sanda Codreanu, No\u00e9mie Merlant Trois femmes, dans un appartement \u00e0 Marseille en pleine canicule. En face, leur myst\u00e9rieux voisin, objet de tous les fantasmes. Elles se retrouvent coinc\u00e9es dans &hellip; Continuer la lecture de &laquo;&nbsp;Les Femmes au balcon&nbsp;&raquo;","og_url":"https:\/\/www.ifi-id.com\/festival-sinema-prancis-2024\/film\/film-luring\/the-balconettes\/","og_site_name":"Institut fran\u00e7ais Indon\u00e9sie","article_modified_time":"2024-11-15T09:09:46+00:00","og_image":[{"width":1280,"height":720,"url":"https:\/\/www.ifi-id.com\/wp-content\/uploads\/2024\/11\/FSP24-Still_0046_Les-Femmes-au-balcon-1.jpg","type":"image\/jpeg"}],"twitter_card":"summary_large_image","twitter_misc":{"Dur\u00e9e de lecture estim\u00e9e":"1 minute"},"schema":{"@context":"https:\/\/schema.org","@graph":[{"@type":"WebPage","@id":"https:\/\/www.ifi-id.com\/festival-sinema-prancis-2024\/film\/film-luring\/the-balconettes\/","url":"https:\/\/www.ifi-id.com\/festival-sinema-prancis-2024\/film\/film-luring\/the-balconettes\/","name":"Les Femmes au balcon - Institut fran\u00e7ais Indon\u00e9sie","isPartOf":{"@id":"https:\/\/www.ifi-id.com\/#website"},"primaryImageOfPage":{"@id":"https:\/\/www.ifi-id.com\/festival-sinema-prancis-2024\/film\/film-luring\/the-balconettes\/#primaryimage"},"image":{"@id":"https:\/\/www.ifi-id.com\/festival-sinema-prancis-2024\/film\/film-luring\/the-balconettes\/#primaryimage"},"thumbnailUrl":"https:\/\/www.ifi-id.com\/wp-content\/uploads\/2024\/11\/FSP24-Still_0046_Les-Femmes-au-balcon-1.jpg","datePublished":"2024-11-08T07:39:02+00:00","dateModified":"2024-11-15T09:09:46+00:00","breadcrumb":{"@id":"https:\/\/www.ifi-id.com\/festival-sinema-prancis-2024\/film\/film-luring\/the-balconettes\/#breadcrumb"},"inLanguage":"fr-FR","potentialAction":[{"@type":"ReadAction","target":["https:\/\/www.ifi-id.com\/festival-sinema-prancis-2024\/film\/film-luring\/the-balconettes\/"]}]},{"@type":"ImageObject","inLanguage":"fr-FR","@id":"https:\/\/www.ifi-id.com\/festival-sinema-prancis-2024\/film\/film-luring\/the-balconettes\/#primaryimage","url":"https:\/\/www.ifi-id.com\/wp-content\/uploads\/2024\/11\/FSP24-Still_0046_Les-Femmes-au-balcon-1.jpg","contentUrl":"https:\/\/www.ifi-id.com\/wp-content\/uploads\/2024\/11\/FSP24-Still_0046_Les-Femmes-au-balcon-1.jpg","width":1280,"height":720},{"@type":"BreadcrumbList","@id":"https:\/\/www.ifi-id.com\/festival-sinema-prancis-2024\/film\/film-luring\/the-balconettes\/#breadcrumb","itemListElement":[{"@type":"ListItem","position":1,"name":"Home","item":"https:\/\/www.ifi-id.com\/"},{"@type":"ListItem","position":2,"name":"Festival Sinema Prancis 2024","item":"https:\/\/www.ifi-id.com\/festival-sinema-prancis-2024\/"},{"@type":"ListItem","position":3,"name":"Festival Sinema Prancis 2024 &#8211; Films","item":"https:\/\/www.ifi-id.com\/festival-sinema-prancis-2024\/film\/"},{"@type":"ListItem","position":4,"name":"Festival Sinema Prancis 2024 &#8211; Films en salle","item":"https:\/\/www.ifi-id.com\/festival-sinema-prancis-2024\/film\/film-luring\/"},{"@type":"ListItem","position":5,"name":"Les Femmes au balcon"}]},{"@type":"WebSite","@id":"https:\/\/www.ifi-id.com\/#website","url":"https:\/\/www.ifi-id.com\/","name":"Institut fran\u00e7ais Indon\u00e9sie","description":"","publisher":{"@id":"https:\/\/www.ifi-id.com\/#organization"},"potentialAction":[{"@type":"SearchAction","target":{"@type":"EntryPoint","urlTemplate":"https:\/\/www.ifi-id.com\/?s={search_term_string}"},"query-input":{"@type":"PropertyValueSpecification","valueRequired":true,"valueName":"search_term_string"}}],"inLanguage":"fr-FR"},{"@type":"Organization","@id":"https:\/\/www.ifi-id.com\/#organization","name":"Institut fran\u00e7ais Indon\u00e9sie","url":"https:\/\/www.ifi-id.com\/","logo":{"@type":"ImageObject","inLanguage":"fr-FR","@id":"https:\/\/www.ifi-id.com\/#\/schema\/logo\/image\/","url":"https:\/\/www.ifi-id.com\/wp-content\/uploads\/2022\/12\/IFI_New_Logo.jpg","contentUrl":"https:\/\/www.ifi-id.com\/wp-content\/uploads\/2022\/12\/IFI_New_Logo.jpg","width":666,"height":444,"caption":"Institut fran\u00e7ais Indon\u00e9sie"},"image":{"@id":"https:\/\/www.ifi-id.com\/#\/schema\/logo\/image\/"}}]}},"post_mailing_queue_ids":[],"_links":{"self":[{"href":"https:\/\/www.ifi-id.com\/fr\/wp-json\/wp\/v2\/pages\/49134"}],"collection":[{"href":"https:\/\/www.ifi-id.com\/fr\/wp-json\/wp\/v2\/pages"}],"about":[{"href":"https:\/\/www.ifi-id.com\/fr\/wp-json\/wp\/v2\/types\/page"}],"author":[{"embeddable":true,"href":"https:\/\/www.ifi-id.com\/fr\/wp-json\/wp\/v2\/users\/8"}],"replies":[{"embeddable":true,"href":"https:\/\/www.ifi-id.com\/fr\/wp-json\/wp\/v2\/comments?post=49134"}],"version-history":[{"count":2,"href":"https:\/\/www.ifi-id.com\/fr\/wp-json\/wp\/v2\/pages\/49134\/revisions"}],"predecessor-version":[{"id":50095,"href":"https:\/\/www.ifi-id.com\/fr\/wp-json\/wp\/v2\/pages\/49134\/revisions\/50095"}],"up":[{"embeddable":true,"href":"https:\/\/www.ifi-id.com\/fr\/wp-json\/wp\/v2\/pages\/49070"}],"wp:featuredmedia":[{"embeddable":true,"href":"https:\/\/www.ifi-id.com\/fr\/wp-json\/wp\/v2\/media\/48916"}],"wp:attachment":[{"href":"https:\/\/www.ifi-id.com\/fr\/wp-json\/wp\/v2\/media?parent=49134"}],"curies":[{"name":"wp","href":"https:\/\/api.w.org\/{rel}","templated":true}]}}